{"id":145,"date":"2018-05-01T07:20:40","date_gmt":"2018-05-01T07:20:40","guid":{"rendered":"https:\/\/tajkertesz.com\/?page_id=145"},"modified":"2024-03-07T13:03:49","modified_gmt":"2024-03-07T13:03:49","slug":"kerttervezes","status":"publish","type":"page","link":"https:\/\/tajkertesz.com\/en_US\/kerttervezes\/","title":{"rendered":"Kerttervez\u00e9s"},"content":{"rendered":"<p>[et_pb_section fb_built=&#8221;1&#8243; admin_label=&#8221;Header&#8221; _builder_version=&#8221;4.16&#8243; _module_preset=&#8221;default&#8221; background_color=&#8221;#fdc732&#8243; background_image=&#8221;https:\/\/tajkertesz.com\/wp-content\/uploads\/2024\/03\/pet-shop-37.png&#8221; background_size=&#8221;contain&#8221; background_position=&#8221;bottom_center&#8221; custom_padding=&#8221;||8vw||false|false&#8221; locked=&#8221;off&#8221; global_colors_info=&#8221;{}&#8221;][et_pb_row _builder_version=&#8221;4.16&#8243; _module_preset=&#8221;default&#8221; global_colors_info=&#8221;{}&#8221;][et_pb_column type=&#8221;4_4&#8243; _builder_version=&#8221;4.16&#8243; _module_preset=&#8221;default&#8221; global_colors_info=&#8221;{}&#8221;][et_pb_text _builder_version=&#8221;4.24.2&#8243; _module_preset=&#8221;default&#8221; header_font=&#8221;Autour One|700|||||||&#8221; header_text_color=&#8221;#000000&#8243; header_font_size=&#8221;52px&#8221; header_line_height=&#8221;1.2em&#8221; max_width=&#8221;650px&#8221; module_alignment=&#8221;left&#8221; custom_margin=&#8221;||10px||false|false&#8221; header_font_size_tablet=&#8221;42px&#8221; header_font_size_phone=&#8221;36px&#8221; header_font_size_last_edited=&#8221;on|phone&#8221; locked=&#8221;off&#8221; global_colors_info=&#8221;{}&#8221;]<\/p>\n<h1>Kerttervez\u00e9s<\/h1>\n<p>[\/et_pb_text][et_pb_text _builder_version=&#8221;4.24.2&#8243; _module_preset=&#8221;default&#8221; text_font=&#8221;Josefin Sans||||||||&#8221; text_font_size=&#8221;16px&#8221; global_colors_info=&#8221;{}&#8221;]<\/p>\n<p><span style=\"color: #000000;\">A kerttervez\u00e9s alapja a pontos helysz\u00edni felm\u00e9r\u00e9s, illetve az a fontos p\u00e1rbesz\u00e9d, melyben a megrendel\u0151 megosztja vel\u00fcnk elk\u00e9pzel\u00e9seit. Ha m\u00e1r elhat\u00e1rozta, hogy kertet szeretne, de nincs pontos elk\u00e9pzel\u00e9se a kert kialak\u00edt\u00e1s\u00e1ban, mi seg\u00edt\u00fcnk a fant\u00e1zi\u00e1j\u00e1t beind\u00edtani \u00f6tletekkel, referenci\u00e1kkal.<\/span><\/p>\n<p><span style=\"color: #000000;\"><\/span><\/p>\n<p>[\/et_pb_text][et_pb_button button_url=&#8221;https:\/\/tajkertesz.com\/kapcsolat\/&#8221; button_text=&#8221;Aj\u00e1nlatk\u00e9r\u00e9s&#8221; _builder_version=&#8221;4.24.2&#8243; _module_preset=&#8221;default&#8221; custom_button=&#8221;on&#8221; button_text_size=&#8221;18px&#8221; button_bg_color=&#8221;#134c5f&#8221; button_border_color=&#8221;rgba(0,0,0,0)&#8221; button_border_radius=&#8221;10px&#8221; button_font=&#8221;Josefin Sans||||||||&#8221; background_layout=&#8221;dark&#8221; custom_padding=&#8221;12px|40px|12px|40px|true|true&#8221; locked=&#8221;off&#8221; global_colors_info=&#8221;{}&#8221;][\/et_pb_button][et_pb_image src=&#8221;https:\/\/tajkertesz.com\/wp-content\/uploads\/2018\/05\/1.jpg&#8221; alt=&#8221;kerttervez\u00e9s 2&#8243; title_text=&#8221;1&#8243; _builder_version=&#8221;4.24.2&#8243; _module_preset=&#8221;default&#8221; custom_margin=&#8221;80px||||false|false&#8221; animation_style=&#8221;slide&#8221; border_radii=&#8221;on|20px|20px|20px|20px&#8221; global_colors_info=&#8221;{}&#8221;][\/et_pb_image][\/et_pb_column][\/et_pb_row][et_pb_row column_structure=&#8221;1_2,1_2&#8243; _builder_version=&#8221;4.24.2&#8243; _module_preset=&#8221;default&#8221; global_colors_info=&#8221;{}&#8221;][et_pb_column type=&#8221;1_2&#8243; _builder_version=&#8221;4.24.2&#8243; _module_preset=&#8221;default&#8221; global_colors_info=&#8221;{}&#8221;][et_pb_text _builder_version=&#8221;4.24.2&#8243; _module_preset=&#8221;default&#8221; text_font=&#8221;Josefin Sans||||||||&#8221; text_font_size=&#8221;16px&#8221; custom_margin=&#8221;-60px||||false|false&#8221; custom_padding=&#8221;40px||0px||false|false&#8221; hover_enabled=&#8221;0&#8243; global_colors_info=&#8221;{}&#8221; sticky_enabled=&#8221;0&#8243;]<\/p>\n<h2><span style=\"color: #333333;\"><\/span><\/h2>\n<h2><span style=\"color: #333333;\"><\/span><\/h2>\n<h2><span style=\"color: #333333;\"><\/span><\/h2>\n<h2><span style=\"color: #333333;\">Kiviteli tervek r\u00e9szletes kidolgoz\u00e1sa:<\/span><\/h2>\n<ul>\n<li><span style=\"color: #333333;\">\u00d6nt\u00f6z\u0151rendszer telep\u00edt\u00e9si terve<\/span><\/li>\n<li><span style=\"color: #333333;\">Fel\u00fcln\u00e9zeti kertterv<\/span><\/li>\n<li><span style=\"color: #333333;\">L\u00e1tv\u00e1nyterv k\u00e9sz\u00edt\u00e9se ig\u00e9ny szerint<\/span><\/li>\n<li><span style=\"color: #333333;\">Tereprendez\u00e9si terv<\/span><\/li>\n<li><span style=\"color: #333333;\">Kit\u0171z\u00e9si terv<\/span><\/li>\n<li><span style=\"color: #333333;\">N\u00f6v\u00e9nyki\u00fcltet\u00e9si terv (el\u0151zetes n\u00f6v\u00e9nyegyeztet\u00e9s alapj\u00e1n)<\/span><\/li>\n<li><span style=\"color: #333333;\">Latin-magyar nyelv\u0171 n\u00f6v\u00e9nyjegyz\u00e9k k\u00e9sz\u00edt\u00e9se<\/span><\/li>\n<li><span style=\"color: #333333;\">Mennyis\u00e9gi kimutat\u00e1s<\/span><\/li>\n<li><span style=\"color: #333333;\">\u00c1razatlan k\u00f6lts\u00e9gvet\u00e9si ki\u00edr\u00e1s<\/span><\/li>\n<li><span style=\"color: #333333;\">M\u0171szaki le\u00edr\u00e1s<\/span><\/li>\n<li><span style=\"color: #333333;\">Egy\u00e9b r\u00e9szlettervek (burkolat, t\u00e1mfal, grillez\u0151, t\u00e9rr\u00e1cs, kerti t\u00f3)<\/span><\/li>\n<\/ul>\n<h4>Ig\u00e9ny szerint l\u00e1tv\u00e1nytervet is rajzolunk.<\/h4>\n<p><span style=\"color: #333333;\"><\/span><\/p>\n<p>[\/et_pb_text][et_pb_image src=&#8221;https:\/\/tajkertesz.com\/wp-content\/uploads\/2018\/05\/images.jpeg&#8221; alt=&#8221;kerttervez\u00e9s 2&#8243; title_text=&#8221;images&#8221; _builder_version=&#8221;4.24.2&#8243; _module_preset=&#8221;default&#8221; custom_margin=&#8221;||||false|false&#8221; animation_style=&#8221;slide&#8221; border_radii=&#8221;on|20px|20px|20px|20px&#8221; global_colors_info=&#8221;{}&#8221;][\/et_pb_image][\/et_pb_column][et_pb_column type=&#8221;1_2&#8243; _builder_version=&#8221;4.24.2&#8243; _module_preset=&#8221;default&#8221; global_colors_info=&#8221;{}&#8221;][et_pb_image src=&#8221;https:\/\/tajkertesz.com\/wp-content\/uploads\/2018\/05\/terv.jpg&#8221; alt=&#8221;kerttervez\u00e9s 2&#8243; title_text=&#8221;terv&#8221; _builder_version=&#8221;4.24.2&#8243; _module_preset=&#8221;default&#8221; animation_style=&#8221;slide&#8221; border_radii=&#8221;on|20px|20px|20px|20px&#8221; global_colors_info=&#8221;{}&#8221;][\/et_pb_image][et_pb_image src=&#8221;https:\/\/tajkertesz.com\/wp-content\/uploads\/2018\/05\/Pergola.jpg&#8221; alt=&#8221;kerttervez\u00e9s 2&#8243; title_text=&#8221;Pergola&#8221; _builder_version=&#8221;4.24.2&#8243; _module_preset=&#8221;default&#8221; custom_margin=&#8221;||||false|false&#8221; custom_padding=&#8221;||60px||false|false&#8221; animation_style=&#8221;slide&#8221; border_radii=&#8221;on|20px|20px|20px|20px&#8221; global_colors_info=&#8221;{}&#8221;][\/et_pb_image][\/et_pb_column][\/et_pb_row][\/et_pb_section]<\/p>\n","protected":false},"excerpt":{"rendered":"<p>Kerttervez\u00e9sA kerttervez\u00e9s alapja a pontos helysz\u00edni felm\u00e9r\u00e9s, illetve az a fontos p\u00e1rbesz\u00e9d, melyben a megrendel\u0151 megosztja vel\u00fcnk elk\u00e9pzel\u00e9seit. Ha m\u00e1r elhat\u00e1rozta, hogy kertet szeretne, de nincs pontos elk\u00e9pzel\u00e9se a kert kialak\u00edt\u00e1s\u00e1ban, mi seg\u00edt\u00fcnk a fant\u00e1zi\u00e1j\u00e1t beind\u00edtani \u00f6tletekkel, referenci\u00e1kkal. Kiviteli tervek r\u00e9szletes kidolgoz\u00e1sa: \u00d6nt\u00f6z\u0151rendszer telep\u00edt\u00e9si terve Fel\u00fcln\u00e9zeti kertterv L\u00e1tv\u00e1nyterv k\u00e9sz\u00edt\u00e9se ig\u00e9ny szerint Tereprendez\u00e9si terv Kit\u0171z\u00e9si terv [&hellip;]<\/p>\n","protected":false},"author":1,"featured_media":0,"parent":0,"menu_order":0,"comment_status":"closed","ping_status":"closed","template":"","meta":{"_et_pb_use_builder":"on","_et_pb_old_content":"<div id=\"pl-145\"  class=\"panel-layout\" ><div id=\"pg-145-0\"  class=\"panel-grid panel-no-style\"  data-style=\"{&quot;background_image_attachment&quot;:false,&quot;background_display&quot;:&quot;tile&quot;,&quot;cell_alignment&quot;:&quot;flex-start&quot;}\"  data-ratio=\"1\"  data-ratio-direction=\"right\" ><div id=\"pgc-145-0-0\"  class=\"panel-grid-cell\"  data-weight=\"0.35640319071791\" ><div id=\"panel-145-0-0-0\" class=\"so-panel widget widget_sow-image panel-first-child\" data-index=\"0\" data-style=\"{&quot;background_image_attachment&quot;:false,&quot;background_display&quot;:&quot;tile&quot;}\" >[siteorigin_widget class=\"SiteOrigin_Widget_Image_Widget\"]<input type=\"hidden\" value=\"{&quot;instance&quot;:{&quot;image&quot;:148,&quot;image_fallback&quot;:&quot;&quot;,&quot;size&quot;:&quot;full&quot;,&quot;align&quot;:&quot;left&quot;,&quot;title_align&quot;:&quot;default&quot;,&quot;title&quot;:&quot;&quot;,&quot;title_position&quot;:&quot;hidden&quot;,&quot;alt&quot;:&quot;kerttervezu00e9s&quot;,&quot;url&quot;:&quot;&quot;,&quot;bound&quot;:true,&quot;_sow_form_id&quot;:&quot;10980302725ae81698ba664817635846&quot;,&quot;_sow_form_timestamp&quot;:&quot;1525159677472&quot;,&quot;new_window&quot;:false,&quot;full_width&quot;:false},&quot;args&quot;:{&quot;before_widget&quot;:&quot;&lt;div id=&quot;panel-145-0-0-0&quot; class=&quot;so-panel widget widget_sow-image panel-first-child&quot; data-index=&quot;0&quot; data-style=&quot;{&amp;quot;background_image_attachment&amp;quot;:false,&amp;quot;background_display&amp;quot;:&amp;quot;tile&amp;quot;}&quot; &gt;&quot;,&quot;after_widget&quot;:&quot;&lt;\/div&gt;&quot;,&quot;before_title&quot;:&quot;&lt;h3 class=&quot;widget-title&quot;&gt;&quot;,&quot;after_title&quot;:&quot;&lt;\/h3&gt;&quot;,&quot;widget_id&quot;:&quot;widget-0-0-0&quot;}}\" \/>[\/siteorigin_widget]<\/div><div id=\"panel-145-0-0-1\" class=\"so-panel widget widget_sow-image panel-last-child\" data-index=\"1\" data-style=\"{&quot;background_image_attachment&quot;:false,&quot;background_display&quot;:&quot;tile&quot;}\" >[siteorigin_widget class=\"SiteOrigin_Widget_Image_Widget\"]<input type=\"hidden\" value=\"{&quot;instance&quot;:{&quot;image&quot;:155,&quot;image_fallback&quot;:&quot;&quot;,&quot;size&quot;:&quot;full&quot;,&quot;align&quot;:&quot;default&quot;,&quot;title_align&quot;:&quot;default&quot;,&quot;title&quot;:&quot;&quot;,&quot;title_position&quot;:&quot;hidden&quot;,&quot;alt&quot;:&quot;terv&quot;,&quot;url&quot;:&quot;&quot;,&quot;bound&quot;:true,&quot;_sow_form_id&quot;:&quot;7990316225ae819eef137c873640325&quot;,&quot;_sow_form_timestamp&quot;:&quot;1525160453896&quot;,&quot;new_window&quot;:false,&quot;full_width&quot;:false},&quot;args&quot;:{&quot;before_widget&quot;:&quot;&lt;div id=&quot;panel-145-0-0-1&quot; class=&quot;so-panel widget widget_sow-image panel-last-child&quot; data-index=&quot;1&quot; data-style=&quot;{&amp;quot;background_image_attachment&amp;quot;:false,&amp;quot;background_display&amp;quot;:&amp;quot;tile&amp;quot;}&quot; &gt;&quot;,&quot;after_widget&quot;:&quot;&lt;\/div&gt;&quot;,&quot;before_title&quot;:&quot;&lt;h3 class=&quot;widget-title&quot;&gt;&quot;,&quot;after_title&quot;:&quot;&lt;\/h3&gt;&quot;,&quot;widget_id&quot;:&quot;widget-0-0-1&quot;}}\" \/>[\/siteorigin_widget]<\/div><\/div><div id=\"pgc-145-0-1\"  class=\"panel-grid-cell\"  data-weight=\"0.64359680928209\" ><div id=\"panel-145-0-1-0\" class=\"so-panel widget widget_sow-editor panel-first-child panel-last-child\" data-index=\"2\" data-style=\"{&quot;background_image_attachment&quot;:false,&quot;background_display&quot;:&quot;tile&quot;}\" ><div class=\"so-widget-sow-editor so-widget-sow-editor-base\">\n<div class=\"siteorigin-widget-tinymce textwidget\">\n\t<p style=\"text-align: justify;\">A kerttervez\u00e9s alapja a pontos helysz\u00edni felm\u00e9r\u00e9s, illetve az a fontos p\u00e1rbesz\u00e9d, melyben a megrendel\u0151 megosztja vel\u00fcnk elk\u00e9pzel\u00e9seit. Ha m\u00e1r elhat\u00e1rozta, hogy kertet szeretne, de nincs pontos elk\u00e9pzel\u00e9se a kert kialak\u00edt\u00e1s\u00e1ban, mi seg\u00edt\u00fcnk a fant\u00e1zi\u00e1j\u00e1t beind\u00edtani \u00f6tletekkel, referenci\u00e1kkal.<\/p>\n<p><strong>Kiviteli tervek r\u00e9szletes kidolgoz\u00e1sa:<\/strong><\/p>\n<ul>\n<li>\u00d6nt\u00f6z\u0151rendszer telep\u00edt\u00e9si terve<\/li>\n<li>Fel\u00fcln\u00e9zeti kertterv<\/li>\n<li>L\u00e1tv\u00e1nyterv k\u00e9sz\u00edt\u00e9se ig\u00e9ny szerint<\/li>\n<li>Tereprendez\u00e9si terv<\/li>\n<li>Kit\u0171z\u00e9si terv<\/li>\n<li>N\u00f6v\u00e9nyki\u00fcltet\u00e9si terv (el\u0151zetes n\u00f6v\u00e9nyegyeztet\u00e9s alapj\u00e1n)<\/li>\n<li>Latin-magyar nyelv\u0171 n\u00f6v\u00e9nyjegyz\u00e9k k\u00e9sz\u00edt\u00e9se<\/li>\n<li>Mennyis\u00e9gi kimutat\u00e1s<\/li>\n<li>\u00c1razatlan k\u00f6lts\u00e9gvet\u00e9si ki\u00edr\u00e1s<\/li>\n<li>M\u0171szaki le\u00edr\u00e1s<\/li>\n<li>Egy\u00e9b r\u00e9szlettervek (burkolat, t\u00e1mfal, grillez\u0151, t\u00e9rr\u00e1cs, kerti t\u00f3)<\/li>\n<\/ul>\n<\/div>\n<\/div><\/div><\/div><\/div><div id=\"pg-145-1\"  class=\"panel-grid panel-no-style\"  data-style=\"{&quot;background_image_attachment&quot;:false,&quot;background_display&quot;:&quot;tile&quot;,&quot;cell_alignment&quot;:&quot;flex-start&quot;}\"  data-ratio=\"1\"  data-ratio-direction=\"right\" ><div id=\"pgc-145-1-0\"  class=\"panel-grid-cell\"  data-weight=\"0.35640319071791\" ><div id=\"panel-145-1-0-0\" class=\"so-panel widget widget_sow-image panel-first-child panel-last-child\" data-index=\"3\" data-style=\"{&quot;background_image_attachment&quot;:false,&quot;background_image_attachment_fallback&quot;:false,&quot;background_display&quot;:&quot;tile&quot;}\" >[siteorigin_widget class=\"SiteOrigin_Widget_Image_Widget\"]<input type=\"hidden\" value=\"{&quot;instance&quot;:{&quot;image&quot;:158,&quot;image_fallback&quot;:&quot;&quot;,&quot;size&quot;:&quot;full&quot;,&quot;align&quot;:&quot;default&quot;,&quot;title_align&quot;:&quot;default&quot;,&quot;title&quot;:&quot;&quot;,&quot;title_position&quot;:&quot;hidden&quot;,&quot;alt&quot;:&quot;pergola&quot;,&quot;url&quot;:&quot;&quot;,&quot;bound&quot;:true,&quot;_sow_form_id&quot;:&quot;10859470525ae81a53eeca0544835153&quot;,&quot;_sow_form_timestamp&quot;:&quot;1525160587300&quot;,&quot;new_window&quot;:false,&quot;full_width&quot;:false},&quot;args&quot;:{&quot;before_widget&quot;:&quot;&lt;div id=&quot;panel-145-1-0-0&quot; class=&quot;so-panel widget widget_sow-image panel-first-child panel-last-child&quot; data-index=&quot;3&quot; data-style=&quot;{&amp;quot;background_image_attachment&amp;quot;:false,&amp;quot;background_image_attachment_fallback&amp;quot;:false,&amp;quot;background_display&amp;quot;:&amp;quot;tile&amp;quot;}&quot; &gt;&quot;,&quot;after_widget&quot;:&quot;&lt;\/div&gt;&quot;,&quot;before_title&quot;:&quot;&lt;h3 class=&quot;widget-title&quot;&gt;&quot;,&quot;after_title&quot;:&quot;&lt;\/h3&gt;&quot;,&quot;widget_id&quot;:&quot;widget-1-0-0&quot;}}\" \/>[\/siteorigin_widget]<\/div><\/div><div id=\"pgc-145-1-1\"  class=\"panel-grid-cell\"  data-weight=\"0.64359680928209\" ><div id=\"panel-145-1-1-0\" class=\"so-panel widget widget_sow-editor panel-first-child panel-last-child\" data-index=\"4\" data-style=\"{&quot;background_image_attachment&quot;:false,&quot;background_image_attachment_fallback&quot;:false,&quot;background_display&quot;:&quot;tile&quot;}\" ><div class=\"so-widget-sow-editor so-widget-sow-editor-base\">\n<div class=\"siteorigin-widget-tinymce textwidget\">\n\t<h4>Ig\u00e9ny szerint l\u00e1tv\u00e1nytervet\u00a0is rajzolunk.<\/h4><\/div>\n<\/div><\/div><\/div><\/div><div id=\"pg-145-2\"  class=\"panel-grid panel-no-style\"  data-style=\"{&quot;background_image_attachment&quot;:false,&quot;background_image_attachment_fallback&quot;:false,&quot;background_display&quot;:&quot;tile&quot;,&quot;cell_alignment&quot;:&quot;flex-start&quot;}\"  data-ratio=\"1\"  data-ratio-direction=\"right\" ><div id=\"pgc-145-2-0\"  class=\"panel-grid-cell\"  data-weight=\"1\" ><div id=\"panel-145-2-0-0\" class=\"so-panel widget widget_sow-image panel-first-child panel-last-child\" data-index=\"5\" data-style=\"{&quot;background_image_attachment&quot;:false,&quot;background_image_attachment_fallback&quot;:false,&quot;background_display&quot;:&quot;tile&quot;}\" >[siteorigin_widget class=\"SiteOrigin_Widget_Image_Widget\"]<input type=\"hidden\" value=\"{&quot;instance&quot;:{&quot;image&quot;:159,&quot;image_fallback&quot;:&quot;&quot;,&quot;size&quot;:&quot;full&quot;,&quot;align&quot;:&quot;default&quot;,&quot;title_align&quot;:&quot;default&quot;,&quot;title&quot;:&quot;&quot;,&quot;title_position&quot;:&quot;hidden&quot;,&quot;alt&quot;:&quot;kerttevezu00e9s 2&quot;,&quot;url&quot;:&quot;&quot;,&quot;bound&quot;:true,&quot;_sow_form_id&quot;:&quot;4660317865ae81a99d705b204105985&quot;,&quot;_sow_form_timestamp&quot;:&quot;1525160633230&quot;,&quot;new_window&quot;:false,&quot;full_width&quot;:false},&quot;args&quot;:{&quot;before_widget&quot;:&quot;&lt;div id=&quot;panel-145-2-0-0&quot; class=&quot;so-panel widget widget_sow-image panel-first-child panel-last-child&quot; data-index=&quot;5&quot; data-style=&quot;{&amp;quot;background_image_attachment&amp;quot;:false,&amp;quot;background_image_attachment_fallback&amp;quot;:false,&amp;quot;background_display&amp;quot;:&amp;quot;tile&amp;quot;}&quot; &gt;&quot;,&quot;after_widget&quot;:&quot;&lt;\/div&gt;&quot;,&quot;before_title&quot;:&quot;&lt;h3 class=&quot;widget-title&quot;&gt;&quot;,&quot;after_title&quot;:&quot;&lt;\/h3&gt;&quot;,&quot;widget_id&quot;:&quot;widget-2-0-0&quot;}}\" \/>[\/siteorigin_widget]<\/div><\/div><\/div><\/div>","_et_gb_content_width":"","footnotes":""},"class_list":["post-145","page","type-page","status-publish","hentry"],"yoast_head":"<!-- This site is optimized with the Yoast SEO plugin v27.5 - https:\/\/yoast.com\/product\/yoast-seo-wordpress\/ -->\n<title>Kerttervez\u00e9s - T\u00e1jkert\u00e9sz<\/title>\n<meta name=\"robots\" content=\"index, follow, max-snippet:-1, max-image-preview:large, max-video-preview:-1\" \/>\n<link rel=\"canonical\" href=\"https:\/\/tajkertesz.com\/en_US\/kerttervezes\/\" \/>\n<meta property=\"og:locale\" content=\"en_US\" \/>\n<meta property=\"og:type\" content=\"article\" \/>\n<meta property=\"og:title\" content=\"Kerttervez\u00e9s - T\u00e1jkert\u00e9sz\" \/>\n<meta property=\"og:description\" content=\"Kerttervez\u00e9sA kerttervez\u00e9s alapja a pontos helysz\u00edni felm\u00e9r\u00e9s, illetve az a fontos p\u00e1rbesz\u00e9d, melyben a megrendel\u0151 megosztja vel\u00fcnk elk\u00e9pzel\u00e9seit. Ha m\u00e1r elhat\u00e1rozta, hogy kertet szeretne, de nincs pontos elk\u00e9pzel\u00e9se a kert kialak\u00edt\u00e1s\u00e1ban, mi seg\u00edt\u00fcnk a fant\u00e1zi\u00e1j\u00e1t beind\u00edtani \u00f6tletekkel, referenci\u00e1kkal. Kiviteli tervek r\u00e9szletes kidolgoz\u00e1sa: \u00d6nt\u00f6z\u0151rendszer telep\u00edt\u00e9si terve Fel\u00fcln\u00e9zeti kertterv L\u00e1tv\u00e1nyterv k\u00e9sz\u00edt\u00e9se ig\u00e9ny szerint Tereprendez\u00e9si terv Kit\u0171z\u00e9si terv [&hellip;]\" \/>\n<meta property=\"og:url\" content=\"https:\/\/tajkertesz.com\/en_US\/kerttervezes\/\" \/>\n<meta property=\"og:site_name\" content=\"T\u00e1jkert\u00e9sz\" \/>\n<meta property=\"article:publisher\" content=\"https:\/\/www.facebook.com\/Tajkertesz\/\" \/>\n<meta property=\"article:modified_time\" content=\"2024-03-07T13:03:49+00:00\" \/>\n<meta name=\"twitter:card\" content=\"summary_large_image\" \/>\n<meta name=\"twitter:label1\" content=\"Est. reading time\" \/>\n\t<meta name=\"twitter:data1\" content=\"3 minutes\" \/>\n<script type=\"application\/ld+json\" class=\"yoast-schema-graph\">{\"@context\":\"https:\\\/\\\/schema.org\",\"@graph\":[{\"@type\":\"WebPage\",\"@id\":\"https:\\\/\\\/tajkertesz.com\\\/kerttervezes\\\/\",\"url\":\"https:\\\/\\\/tajkertesz.com\\\/kerttervezes\\\/\",\"name\":\"Kerttervez\u00e9s - T\u00e1jkert\u00e9sz\",\"isPartOf\":{\"@id\":\"https:\\\/\\\/tajkertesz.com\\\/#website\"},\"datePublished\":\"2018-05-01T07:20:40+00:00\",\"dateModified\":\"2024-03-07T13:03:49+00:00\",\"breadcrumb\":{\"@id\":\"https:\\\/\\\/tajkertesz.com\\\/kerttervezes\\\/#breadcrumb\"},\"inLanguage\":\"en-US\",\"potentialAction\":[{\"@type\":\"ReadAction\",\"target\":[\"https:\\\/\\\/tajkertesz.com\\\/kerttervezes\\\/\"]}]},{\"@type\":\"BreadcrumbList\",\"@id\":\"https:\\\/\\\/tajkertesz.com\\\/kerttervezes\\\/#breadcrumb\",\"itemListElement\":[{\"@type\":\"ListItem\",\"position\":1,\"name\":\"Home\",\"item\":\"https:\\\/\\\/tajkertesz.com\\\/\"},{\"@type\":\"ListItem\",\"position\":2,\"name\":\"Kerttervez\u00e9s\"}]},{\"@type\":\"WebSite\",\"@id\":\"https:\\\/\\\/tajkertesz.com\\\/#website\",\"url\":\"https:\\\/\\\/tajkertesz.com\\\/\",\"name\":\"T\u00e1j-Kert\u00e9sz 84 Kft.\",\"description\":\"Kert\u00e9szeti kis- \u00e9s nagykeresked\u00e9s, D\u00edszn\u00f6v\u00e9ny web\u00e1ruh\u00e1z orsz\u00e1gos h\u00e1zhozsz\u00e1ll\u00edt\u00e1ssal!\",\"publisher\":{\"@id\":\"https:\\\/\\\/tajkertesz.com\\\/#organization\"},\"potentialAction\":[{\"@type\":\"SearchAction\",\"target\":{\"@type\":\"EntryPoint\",\"urlTemplate\":\"https:\\\/\\\/tajkertesz.com\\\/?s={search_term_string}\"},\"query-input\":{\"@type\":\"PropertyValueSpecification\",\"valueRequired\":true,\"valueName\":\"search_term_string\"}}],\"inLanguage\":\"en-US\"},{\"@type\":\"Organization\",\"@id\":\"https:\\\/\\\/tajkertesz.com\\\/#organization\",\"name\":\"T\u00e1j-Kert\u00e9sz 84 Kft.\",\"url\":\"https:\\\/\\\/tajkertesz.com\\\/\",\"logo\":{\"@type\":\"ImageObject\",\"inLanguage\":\"en-US\",\"@id\":\"https:\\\/\\\/tajkertesz.com\\\/#\\\/schema\\\/logo\\\/image\\\/\",\"url\":\"https:\\\/\\\/tajkertesz.com\\\/wp-content\\\/uploads\\\/2018\\\/02\\\/logo-2-e1518678052539.png\",\"contentUrl\":\"https:\\\/\\\/tajkertesz.com\\\/wp-content\\\/uploads\\\/2018\\\/02\\\/logo-2-e1518678052539.png\",\"width\":81,\"height\":140,\"caption\":\"T\u00e1j-Kert\u00e9sz 84 Kft.\"},\"image\":{\"@id\":\"https:\\\/\\\/tajkertesz.com\\\/#\\\/schema\\\/logo\\\/image\\\/\"},\"sameAs\":[\"https:\\\/\\\/www.facebook.com\\\/Tajkertesz\\\/\"]}]}<\/script>\n<!-- \/ Yoast SEO plugin. -->","yoast_head_json":{"title":"Kerttervez\u00e9s - T\u00e1jkert\u00e9sz","robots":{"index":"index","follow":"follow","max-snippet":"max-snippet:-1","max-image-preview":"max-image-preview:large","max-video-preview":"max-video-preview:-1"},"canonical":"https:\/\/tajkertesz.com\/en_US\/kerttervezes\/","og_locale":"en_US","og_type":"article","og_title":"Kerttervez\u00e9s - T\u00e1jkert\u00e9sz","og_description":"Kerttervez\u00e9sA kerttervez\u00e9s alapja a pontos helysz\u00edni felm\u00e9r\u00e9s, illetve az a fontos p\u00e1rbesz\u00e9d, melyben a megrendel\u0151 megosztja vel\u00fcnk elk\u00e9pzel\u00e9seit. Ha m\u00e1r elhat\u00e1rozta, hogy kertet szeretne, de nincs pontos elk\u00e9pzel\u00e9se a kert kialak\u00edt\u00e1s\u00e1ban, mi seg\u00edt\u00fcnk a fant\u00e1zi\u00e1j\u00e1t beind\u00edtani \u00f6tletekkel, referenci\u00e1kkal. Kiviteli tervek r\u00e9szletes kidolgoz\u00e1sa: \u00d6nt\u00f6z\u0151rendszer telep\u00edt\u00e9si terve Fel\u00fcln\u00e9zeti kertterv L\u00e1tv\u00e1nyterv k\u00e9sz\u00edt\u00e9se ig\u00e9ny szerint Tereprendez\u00e9si terv Kit\u0171z\u00e9si terv [&hellip;]","og_url":"https:\/\/tajkertesz.com\/en_US\/kerttervezes\/","og_site_name":"T\u00e1jkert\u00e9sz","article_publisher":"https:\/\/www.facebook.com\/Tajkertesz\/","article_modified_time":"2024-03-07T13:03:49+00:00","twitter_card":"summary_large_image","twitter_misc":{"Est. reading time":"3 minutes"},"schema":{"@context":"https:\/\/schema.org","@graph":[{"@type":"WebPage","@id":"https:\/\/tajkertesz.com\/kerttervezes\/","url":"https:\/\/tajkertesz.com\/kerttervezes\/","name":"Kerttervez\u00e9s - T\u00e1jkert\u00e9sz","isPartOf":{"@id":"https:\/\/tajkertesz.com\/#website"},"datePublished":"2018-05-01T07:20:40+00:00","dateModified":"2024-03-07T13:03:49+00:00","breadcrumb":{"@id":"https:\/\/tajkertesz.com\/kerttervezes\/#breadcrumb"},"inLanguage":"en-US","potentialAction":[{"@type":"ReadAction","target":["https:\/\/tajkertesz.com\/kerttervezes\/"]}]},{"@type":"BreadcrumbList","@id":"https:\/\/tajkertesz.com\/kerttervezes\/#breadcrumb","itemListElement":[{"@type":"ListItem","position":1,"name":"Home","item":"https:\/\/tajkertesz.com\/"},{"@type":"ListItem","position":2,"name":"Kerttervez\u00e9s"}]},{"@type":"WebSite","@id":"https:\/\/tajkertesz.com\/#website","url":"https:\/\/tajkertesz.com\/","name":"T\u00e1j-Kert\u00e9sz 84 Kft.","description":"Kert\u00e9szeti kis- \u00e9s nagykeresked\u00e9s, D\u00edszn\u00f6v\u00e9ny web\u00e1ruh\u00e1z orsz\u00e1gos h\u00e1zhozsz\u00e1ll\u00edt\u00e1ssal!","publisher":{"@id":"https:\/\/tajkertesz.com\/#organization"},"potentialAction":[{"@type":"SearchAction","target":{"@type":"EntryPoint","urlTemplate":"https:\/\/tajkertesz.com\/?s={search_term_string}"},"query-input":{"@type":"PropertyValueSpecification","valueRequired":true,"valueName":"search_term_string"}}],"inLanguage":"en-US"},{"@type":"Organization","@id":"https:\/\/tajkertesz.com\/#organization","name":"T\u00e1j-Kert\u00e9sz 84 Kft.","url":"https:\/\/tajkertesz.com\/","logo":{"@type":"ImageObject","inLanguage":"en-US","@id":"https:\/\/tajkertesz.com\/#\/schema\/logo\/image\/","url":"https:\/\/tajkertesz.com\/wp-content\/uploads\/2018\/02\/logo-2-e1518678052539.png","contentUrl":"https:\/\/tajkertesz.com\/wp-content\/uploads\/2018\/02\/logo-2-e1518678052539.png","width":81,"height":140,"caption":"T\u00e1j-Kert\u00e9sz 84 Kft."},"image":{"@id":"https:\/\/tajkertesz.com\/#\/schema\/logo\/image\/"},"sameAs":["https:\/\/www.facebook.com\/Tajkertesz\/"]}]}},"_links":{"self":[{"href":"https:\/\/tajkertesz.com\/en_US\/wp-json\/wp\/v2\/pages\/145","targetHints":{"allow":["GET"]}}],"collection":[{"href":"https:\/\/tajkertesz.com\/en_US\/wp-json\/wp\/v2\/pages"}],"about":[{"href":"https:\/\/tajkertesz.com\/en_US\/wp-json\/wp\/v2\/types\/page"}],"author":[{"embeddable":true,"href":"https:\/\/tajkertesz.com\/en_US\/wp-json\/wp\/v2\/users\/1"}],"replies":[{"embeddable":true,"href":"https:\/\/tajkertesz.com\/en_US\/wp-json\/wp\/v2\/comments?post=145"}],"version-history":[{"count":29,"href":"https:\/\/tajkertesz.com\/en_US\/wp-json\/wp\/v2\/pages\/145\/revisions"}],"predecessor-version":[{"id":19631,"href":"https:\/\/tajkertesz.com\/en_US\/wp-json\/wp\/v2\/pages\/145\/revisions\/19631"}],"wp:attachment":[{"href":"https:\/\/tajkertesz.com\/en_US\/wp-json\/wp\/v2\/media?parent=145"}],"curies":[{"name":"wp","href":"https:\/\/api.w.org\/{rel}","templated":true}]}}