{"id":19579,"date":"2024-03-07T11:19:47","date_gmt":"2024-03-07T11:19:47","guid":{"rendered":"https:\/\/tajkertesz.com\/?page_id=19579"},"modified":"2024-03-07T12:00:34","modified_gmt":"2024-03-07T12:00:34","slug":"kertepites","status":"publish","type":"page","link":"https:\/\/tajkertesz.com\/en_US\/kertepites\/","title":{"rendered":"Kert\u00e9p\u00edt\u00e9s"},"content":{"rendered":"<p>[et_pb_section fb_built=&#8221;1&#8243; admin_label=&#8221;Header&#8221; _builder_version=&#8221;4.16&#8243; _module_preset=&#8221;default&#8221; background_color=&#8221;#fdc732&#8243; background_image=&#8221;https:\/\/tajkertesz.com\/wp-content\/uploads\/2024\/03\/pet-shop-37.png&#8221; background_size=&#8221;contain&#8221; background_position=&#8221;bottom_center&#8221; custom_padding=&#8221;||8vw||false|false&#8221; locked=&#8221;off&#8221; global_colors_info=&#8221;{}&#8221; min_height=&#8221;472.1px&#8221; custom_margin=&#8221;-67px|||||&#8221;][et_pb_row _builder_version=&#8221;4.16&#8243; _module_preset=&#8221;default&#8221; global_colors_info=&#8221;{}&#8221;][et_pb_column type=&#8221;4_4&#8243; _builder_version=&#8221;4.16&#8243; _module_preset=&#8221;default&#8221; global_colors_info=&#8221;{}&#8221;][et_pb_text _builder_version=&#8221;4.24.2&#8243; _module_preset=&#8221;default&#8221; header_font=&#8221;Autour One|700|||||||&#8221; header_text_color=&#8221;#000000&#8243; header_font_size=&#8221;52px&#8221; header_line_height=&#8221;1.2em&#8221; max_width=&#8221;650px&#8221; module_alignment=&#8221;left&#8221; custom_margin=&#8221;41px||10px||false|false&#8221; hover_enabled=&#8221;0&#8243; header_font_size_tablet=&#8221;42px&#8221; header_font_size_phone=&#8221;36px&#8221; header_font_size_last_edited=&#8221;on|phone&#8221; locked=&#8221;off&#8221; global_colors_info=&#8221;{}&#8221; sticky_enabled=&#8221;0&#8243;]<\/p>\n<h1>Kert\u00e9p\u00edt\u00e9s<\/h1>\n<p>[\/et_pb_text][et_pb_text _builder_version=&#8221;4.24.2&#8243; _module_preset=&#8221;default&#8221; hover_enabled=&#8221;0&#8243; sticky_enabled=&#8221;0&#8243; text_font=&#8221;Josefin Sans||||||||&#8221; text_font_size=&#8221;16px&#8221;]<\/p>\n<p>Ha igaz\u00e1n sz\u00e9p kertet szeretne, akkor j\u00f3 helyen \u00e9rdekl\u0151dik!<\/p>\n<p>[\/et_pb_text][et_pb_button button_text=&#8221;Aj\u00e1nlatk\u00e9r\u00e9s&#8221; _builder_version=&#8221;4.24.2&#8243; _module_preset=&#8221;default&#8221; custom_button=&#8221;on&#8221; button_text_size=&#8221;18px&#8221; button_bg_color=&#8221;#134c5f&#8221; button_border_color=&#8221;rgba(0,0,0,0)&#8221; button_border_radius=&#8221;10px&#8221; button_font=&#8221;Josefin Sans||||||||&#8221; background_layout=&#8221;dark&#8221; custom_padding=&#8221;12px|40px|12px|40px|true|true&#8221; hover_enabled=&#8221;0&#8243; locked=&#8221;off&#8221; global_colors_info=&#8221;{}&#8221; button_url=&#8221;https:\/\/tajkertesz.com\/kapcsolat\/&#8221; sticky_enabled=&#8221;0&#8243;][\/et_pb_button][\/et_pb_column][\/et_pb_row][\/et_pb_section][et_pb_section fb_built=&#8221;1&#8243; admin_label=&#8221;How it Works&#8221; _builder_version=&#8221;4.16&#8243; _module_preset=&#8221;default&#8221; overflow-x=&#8221;hidden&#8221; global_colors_info=&#8221;{}&#8221; min_height=&#8221;1190.9px&#8221; custom_padding=&#8221;9px|||||&#8221; custom_margin=&#8221;-112px|||||&#8221;][et_pb_row _builder_version=&#8221;4.24.2&#8243; _module_preset=&#8221;default&#8221;][et_pb_column _builder_version=&#8221;4.24.2&#8243; _module_preset=&#8221;default&#8221; type=&#8221;4_4&#8243;][et_pb_text _builder_version=&#8221;4.24.2&#8243; _module_preset=&#8221;default&#8221; text_font=&#8221;Josefin Sans||||||||&#8221; hover_enabled=&#8221;0&#8243; sticky_enabled=&#8221;0&#8243;]<\/p>\n<h1 style=\"text-align: center;\">A kert\u00e9p\u00edt\u00e9s menete<\/h1>\n<p>[\/et_pb_text][\/et_pb_column][\/et_pb_row][et_pb_row column_structure=&#8221;1_3,1_3,1_3&#8243; _builder_version=&#8221;4.16&#8243; _module_preset=&#8221;default&#8221; locked=&#8221;off&#8221; global_colors_info=&#8221;{}&#8221;][et_pb_column type=&#8221;1_3&#8243; _builder_version=&#8221;4.16&#8243; _module_preset=&#8221;default&#8221; global_colors_info=&#8221;{}&#8221;][et_pb_icon _builder_version=&#8221;4.24.2&#8243; _module_preset=&#8221;default&#8221; font_icon=&#8221;&#x62;||divi||400&#8243; hover_enabled=&#8221;0&#8243; sticky_enabled=&#8221;0&#8243;][\/et_pb_icon][et_pb_text _builder_version=&#8221;4.24.2&#8243; _module_preset=&#8221;default&#8221; text_font=&#8221;Josefin Sans||||||||&#8221; text_font_size=&#8221;16px&#8221; hover_enabled=&#8221;0&#8243; sticky_enabled=&#8221;0&#8243;]<\/p>\n<h2><strong>A ter\u00fclet felm\u00e9r\u00e9se<\/strong><\/h2>\n<p><span>Egy kert kivitelez\u00e9s\u00e9hez elengedhetetlen a ter\u00fclet bej\u00e1r\u00e1sa, felm\u00e9r\u00e9se. Ilyenkor egyeztetj\u00fck az \u00d6n ig\u00e9nyeit a kert \u00e9s a k\u00f6rnyezete \u00e1ltal dikt\u00e1lt lehet\u0151s\u00e9gekkel. K\u00e9sz\u00edt\u00fcnk egy helysz\u00ednrajzot, amin felt\u00fcntetj\u00fck a kert legfontosabb adatait. <br \/><\/span><\/p>\n<p><span>A megl\u00e9v\u0151 n\u00f6v\u00e9nyeket, a talaj szerkezet\u00e9t, a kert t\u00e1jol\u00e1s\u00e1t \u00e9s m\u00e9reteit. Itt t\u00fcntetj\u00fck fel az \u00d6n \u00e1ltal k\u00edv\u00e1nt n\u00f6v\u00e9nyek, kertberendez\u00e9sek, terept\u00e1rgyak hely\u00e9t is.<\/span><\/p>\n<p>[\/et_pb_text][et_pb_divider _builder_version=&#8221;4.24.2&#8243; _module_preset=&#8221;default&#8221; hover_enabled=&#8221;0&#8243; sticky_enabled=&#8221;0&#8243;][\/et_pb_divider][et_pb_icon _builder_version=&#8221;4.24.2&#8243; _module_preset=&#8221;default&#8221; font_icon=&#8221;&#xf61f;||fa||900&#8243; hover_enabled=&#8221;0&#8243; sticky_enabled=&#8221;0&#8243;][\/et_pb_icon][et_pb_text _builder_version=&#8221;4.24.2&#8243; _module_preset=&#8221;default&#8221; text_font=&#8221;Josefin Sans||||||||&#8221; text_font_size=&#8221;16px&#8221; hover_enabled=&#8221;0&#8243; sticky_enabled=&#8221;0&#8243;]<\/p>\n<h2><strong>Tereprendez\u00e9s<\/strong><\/h2>\n<p><span>Els\u0151 munkafolyamat a vegyszeres gyomirt\u00e1s, ez t\u00f6bb menetben is t\u00f6rt\u00e9nhet.<\/span><br \/><span>Miut\u00e1n a gyomirt\u00f3 kifejtette hat\u00e1s\u00e1t neki\u00e1llhatunk a durva tereprendez\u00e9snek. Ezzel egyidej\u0171leg lehet telep\u00edteni az \u00f6nt\u00f6z\u0151rendszert \u00e9s az egy\u00e9b esetleges kerti berendez\u00e9seket.<\/span><\/p>\n<p>[\/et_pb_text][\/et_pb_column][et_pb_column type=&#8221;1_3&#8243; _builder_version=&#8221;4.16&#8243; _module_preset=&#8221;default&#8221; global_colors_info=&#8221;{}&#8221;][et_pb_icon _builder_version=&#8221;4.24.2&#8243; _module_preset=&#8221;default&#8221; font_icon=&#8221;&#x6c;||divi||400&#8243; hover_enabled=&#8221;0&#8243; sticky_enabled=&#8221;0&#8243;][\/et_pb_icon][et_pb_text _builder_version=&#8221;4.24.2&#8243; _module_preset=&#8221;default&#8221; text_font=&#8221;Josefin Sans||||||||&#8221; text_font_size=&#8221;16px&#8221; hover_enabled=&#8221;0&#8243; sticky_enabled=&#8221;0&#8243;]<\/p>\n<h2><strong>Tervez\u00e9s<\/strong><\/h2>\n<p><span>A felm\u00e9r\u00e9s \u00e9s egyeztet\u00e9s ut\u00e1n kert\u00e9p\u00edt\u00e9szeti, n\u00f6v\u00e9ny\u00fcltet\u00e9si \u00e9s \u00f6nt\u00f6z\u00e9si tervet k\u00e9sz\u00edt\u00fcnk, ig\u00e9ny szerint l\u00e1tv\u00e1nytervet is rajzolunk<\/span><\/p>\n<p>[\/et_pb_text][et_pb_divider _builder_version=&#8221;4.24.2&#8243; _module_preset=&#8221;default&#8221; hover_enabled=&#8221;0&#8243; sticky_enabled=&#8221;0&#8243;][\/et_pb_divider][et_pb_icon _builder_version=&#8221;4.24.2&#8243; _module_preset=&#8221;default&#8221; font_icon=&#8221;&#xf5bb;||fa||900&#8243; hover_enabled=&#8221;0&#8243; sticky_enabled=&#8221;0&#8243;][\/et_pb_icon][et_pb_text _builder_version=&#8221;4.24.2&#8243; _module_preset=&#8221;default&#8221; text_font=&#8221;Josefin Sans||||||||&#8221; text_font_size=&#8221;16px&#8221; hover_enabled=&#8221;0&#8243; sticky_enabled=&#8221;0&#8243;]<\/p>\n<h2><strong>N\u00f6v\u00e9nyek telep\u00edt\u00e9se<\/strong><\/h2>\n<p><span>Ez ut\u00e1n ker\u00fcl sor a n\u00f6v\u00e9nyek, f\u00e1k, \u00f6r\u00f6kz\u00f6ldek be\u00fcltet\u00e9s\u00e9re \u00e9s a finom tereprendez\u00e9sre.<\/span><br \/><span>17. ker\u00fcleti kert\u00e9szeteinkben kiv\u00e1laszthatja az \u00d6nnek legmegfelel\u0151bb fajt\u00e1j\u00fa \u00e9s m\u00e9ret\u0171 n\u00f6v\u00e9nyeket.<\/span><br \/><span>Ha mindezekkel k\u00e9szen vagyunk, j\u00f6het az utols\u00f3 munkaf\u00e1zis, vagyis a gyep telep\u00edt\u00e9se.<\/span><\/p>\n<p>[\/et_pb_text][\/et_pb_column][et_pb_column type=&#8221;1_3&#8243; _builder_version=&#8221;4.16&#8243; _module_preset=&#8221;default&#8221; global_colors_info=&#8221;{}&#8221;][et_pb_icon _builder_version=&#8221;4.24.2&#8243; _module_preset=&#8221;default&#8221; font_icon=&#8221;&#xe107;||divi||400&#8243; hover_enabled=&#8221;0&#8243; sticky_enabled=&#8221;0&#8243;][\/et_pb_icon][et_pb_text _builder_version=&#8221;4.24.2&#8243; _module_preset=&#8221;default&#8221; text_font=&#8221;Josefin Sans||||||||&#8221; text_font_size=&#8221;16px&#8221; hover_enabled=&#8221;0&#8243; sticky_enabled=&#8221;0&#8243;]<\/p>\n<h2><strong>\u00c1raj\u00e1nlat k\u00e9sz\u00edt\u00e9s<\/strong><\/h2>\n<p><span>A felm\u00e9r\u00e9s \u00e9s tervez\u00e9s ut\u00e1n r\u00e9szletes \u00e1raj\u00e1nlatot k\u00fcld\u00fcnk, ami tartalmazza az elv\u00e9gzend\u0151 munk\u00e1latok, a be\u00e9p\u00edtett anyagok \u00e9s a n\u00f6v\u00e9nyek \u00e1rait. Az elfogadott \u00e1raj\u00e1nlat ut\u00e1n elkezd\u0151dhetnek a munk\u00e1latok.<\/span><\/p>\n<p>[\/et_pb_text][et_pb_divider _builder_version=&#8221;4.24.2&#8243; _module_preset=&#8221;default&#8221; hover_enabled=&#8221;0&#8243; sticky_enabled=&#8221;0&#8243;][\/et_pb_divider][et_pb_icon _builder_version=&#8221;4.24.2&#8243; _module_preset=&#8221;default&#8221; font_icon=&#8221;&#xe005;||divi||400&#8243; hover_enabled=&#8221;0&#8243; sticky_enabled=&#8221;0&#8243;][\/et_pb_icon][et_pb_text _builder_version=&#8221;4.24.2&#8243; _module_preset=&#8221;default&#8221; text_font=&#8221;Josefin Sans||||||||&#8221; text_font_size=&#8221;16px&#8221; hover_enabled=&#8221;0&#8243; sticky_enabled=&#8221;0&#8243;]<\/p>\n<h2><strong>A kert \u00e1tad\u00e1sa<\/strong><\/h2>\n<p>Miut\u00e1n elk\u00e9sz\u00fclt a kert, j\u00f6het az \u00e1tad\u00e1sa, ahol elmondjuk a tov\u00e1bbiakban elv\u00e9gzend\u0151 \u00e1pol\u00e1si \u00e9s karbantart\u00e1si munk\u00e1latokat, hogy a kert ne csak most legyen sz\u00e9p, hanem k\u00e9s\u0151bb is \u00f6r\u00f6met okozzon \u00d6nnek \u00e9s csal\u00e1dj\u00e1nak.<\/p>\n<p>V\u00e1llaljuk a kertek folyamatos karbantart\u00e1s\u00e1t!\u00a0K\u00e9rjen aj\u00e1nlatot m\u00e9g ma!<\/p>\n<p>[\/et_pb_text][\/et_pb_column][\/et_pb_row][\/et_pb_section]<\/p>\n","protected":false},"excerpt":{"rendered":"<p>Kert\u00e9p\u00edt\u00e9sHa igaz\u00e1n sz\u00e9p kertet szeretne, akkor j\u00f3 helyen \u00e9rdekl\u0151dik!A kert\u00e9p\u00edt\u00e9s meneteA ter\u00fclet felm\u00e9r\u00e9se Egy kert kivitelez\u00e9s\u00e9hez elengedhetetlen a ter\u00fclet bej\u00e1r\u00e1sa, felm\u00e9r\u00e9se. Ilyenkor egyeztetj\u00fck az \u00d6n ig\u00e9nyeit a kert \u00e9s a k\u00f6rnyezete \u00e1ltal dikt\u00e1lt lehet\u0151s\u00e9gekkel. K\u00e9sz\u00edt\u00fcnk egy helysz\u00ednrajzot, amin felt\u00fcntetj\u00fck a kert legfontosabb adatait. A megl\u00e9v\u0151 n\u00f6v\u00e9nyeket, a talaj szerkezet\u00e9t, a kert t\u00e1jol\u00e1s\u00e1t \u00e9s m\u00e9reteit. Itt [&hellip;]<\/p>\n","protected":false},"author":176,"featured_media":0,"parent":0,"menu_order":0,"comment_status":"closed","ping_status":"closed","template":"","meta":{"_et_pb_use_builder":"on","_et_pb_old_content":"","_et_gb_content_width":"","footnotes":""},"class_list":["post-19579","page","type-page","status-publish","hentry"],"yoast_head":"<!-- This site is optimized with the Yoast SEO plugin v27.5 - https:\/\/yoast.com\/product\/yoast-seo-wordpress\/ -->\n<title>Kert\u00e9p\u00edt\u00e9s - T\u00e1jkert\u00e9sz<\/title>\n<meta name=\"robots\" content=\"index, follow, max-snippet:-1, max-image-preview:large, max-video-preview:-1\" \/>\n<link rel=\"canonical\" href=\"https:\/\/tajkertesz.com\/en_US\/kertepites\/\" \/>\n<meta property=\"og:locale\" content=\"en_US\" \/>\n<meta property=\"og:type\" content=\"article\" \/>\n<meta property=\"og:title\" content=\"Kert\u00e9p\u00edt\u00e9s - T\u00e1jkert\u00e9sz\" \/>\n<meta property=\"og:description\" content=\"Kert\u00e9p\u00edt\u00e9sHa igaz\u00e1n sz\u00e9p kertet szeretne, akkor j\u00f3 helyen \u00e9rdekl\u0151dik!A kert\u00e9p\u00edt\u00e9s meneteA ter\u00fclet felm\u00e9r\u00e9se Egy kert kivitelez\u00e9s\u00e9hez elengedhetetlen a ter\u00fclet bej\u00e1r\u00e1sa, felm\u00e9r\u00e9se. Ilyenkor egyeztetj\u00fck az \u00d6n ig\u00e9nyeit a kert \u00e9s a k\u00f6rnyezete \u00e1ltal dikt\u00e1lt lehet\u0151s\u00e9gekkel. K\u00e9sz\u00edt\u00fcnk egy helysz\u00ednrajzot, amin felt\u00fcntetj\u00fck a kert legfontosabb adatait. A megl\u00e9v\u0151 n\u00f6v\u00e9nyeket, a talaj szerkezet\u00e9t, a kert t\u00e1jol\u00e1s\u00e1t \u00e9s m\u00e9reteit. Itt [&hellip;]\" \/>\n<meta property=\"og:url\" content=\"https:\/\/tajkertesz.com\/en_US\/kertepites\/\" \/>\n<meta property=\"og:site_name\" content=\"T\u00e1jkert\u00e9sz\" \/>\n<meta property=\"article:publisher\" content=\"https:\/\/www.facebook.com\/Tajkertesz\/\" \/>\n<meta property=\"article:modified_time\" content=\"2024-03-07T12:00:34+00:00\" \/>\n<meta name=\"twitter:card\" content=\"summary_large_image\" \/>\n<meta name=\"twitter:label1\" content=\"Est. reading time\" \/>\n\t<meta name=\"twitter:data1\" content=\"4 minutes\" \/>\n<script type=\"application\/ld+json\" class=\"yoast-schema-graph\">{\"@context\":\"https:\\\/\\\/schema.org\",\"@graph\":[{\"@type\":\"WebPage\",\"@id\":\"https:\\\/\\\/tajkertesz.com\\\/kertepites\\\/\",\"url\":\"https:\\\/\\\/tajkertesz.com\\\/kertepites\\\/\",\"name\":\"Kert\u00e9p\u00edt\u00e9s - T\u00e1jkert\u00e9sz\",\"isPartOf\":{\"@id\":\"https:\\\/\\\/tajkertesz.com\\\/#website\"},\"datePublished\":\"2024-03-07T11:19:47+00:00\",\"dateModified\":\"2024-03-07T12:00:34+00:00\",\"breadcrumb\":{\"@id\":\"https:\\\/\\\/tajkertesz.com\\\/kertepites\\\/#breadcrumb\"},\"inLanguage\":\"en-US\",\"potentialAction\":[{\"@type\":\"ReadAction\",\"target\":[\"https:\\\/\\\/tajkertesz.com\\\/kertepites\\\/\"]}]},{\"@type\":\"BreadcrumbList\",\"@id\":\"https:\\\/\\\/tajkertesz.com\\\/kertepites\\\/#breadcrumb\",\"itemListElement\":[{\"@type\":\"ListItem\",\"position\":1,\"name\":\"Home\",\"item\":\"https:\\\/\\\/tajkertesz.com\\\/\"},{\"@type\":\"ListItem\",\"position\":2,\"name\":\"Kert\u00e9p\u00edt\u00e9s\"}]},{\"@type\":\"WebSite\",\"@id\":\"https:\\\/\\\/tajkertesz.com\\\/#website\",\"url\":\"https:\\\/\\\/tajkertesz.com\\\/\",\"name\":\"T\u00e1j-Kert\u00e9sz 84 Kft.\",\"description\":\"Kert\u00e9szeti kis- \u00e9s nagykeresked\u00e9s, D\u00edszn\u00f6v\u00e9ny web\u00e1ruh\u00e1z orsz\u00e1gos h\u00e1zhozsz\u00e1ll\u00edt\u00e1ssal!\",\"publisher\":{\"@id\":\"https:\\\/\\\/tajkertesz.com\\\/#organization\"},\"potentialAction\":[{\"@type\":\"SearchAction\",\"target\":{\"@type\":\"EntryPoint\",\"urlTemplate\":\"https:\\\/\\\/tajkertesz.com\\\/?s={search_term_string}\"},\"query-input\":{\"@type\":\"PropertyValueSpecification\",\"valueRequired\":true,\"valueName\":\"search_term_string\"}}],\"inLanguage\":\"en-US\"},{\"@type\":\"Organization\",\"@id\":\"https:\\\/\\\/tajkertesz.com\\\/#organization\",\"name\":\"T\u00e1j-Kert\u00e9sz 84 Kft.\",\"url\":\"https:\\\/\\\/tajkertesz.com\\\/\",\"logo\":{\"@type\":\"ImageObject\",\"inLanguage\":\"en-US\",\"@id\":\"https:\\\/\\\/tajkertesz.com\\\/#\\\/schema\\\/logo\\\/image\\\/\",\"url\":\"https:\\\/\\\/tajkertesz.com\\\/wp-content\\\/uploads\\\/2018\\\/02\\\/logo-2-e1518678052539.png\",\"contentUrl\":\"https:\\\/\\\/tajkertesz.com\\\/wp-content\\\/uploads\\\/2018\\\/02\\\/logo-2-e1518678052539.png\",\"width\":81,\"height\":140,\"caption\":\"T\u00e1j-Kert\u00e9sz 84 Kft.\"},\"image\":{\"@id\":\"https:\\\/\\\/tajkertesz.com\\\/#\\\/schema\\\/logo\\\/image\\\/\"},\"sameAs\":[\"https:\\\/\\\/www.facebook.com\\\/Tajkertesz\\\/\"]}]}<\/script>\n<!-- \/ Yoast SEO plugin. -->","yoast_head_json":{"title":"Kert\u00e9p\u00edt\u00e9s - T\u00e1jkert\u00e9sz","robots":{"index":"index","follow":"follow","max-snippet":"max-snippet:-1","max-image-preview":"max-image-preview:large","max-video-preview":"max-video-preview:-1"},"canonical":"https:\/\/tajkertesz.com\/en_US\/kertepites\/","og_locale":"en_US","og_type":"article","og_title":"Kert\u00e9p\u00edt\u00e9s - T\u00e1jkert\u00e9sz","og_description":"Kert\u00e9p\u00edt\u00e9sHa igaz\u00e1n sz\u00e9p kertet szeretne, akkor j\u00f3 helyen \u00e9rdekl\u0151dik!A kert\u00e9p\u00edt\u00e9s meneteA ter\u00fclet felm\u00e9r\u00e9se Egy kert kivitelez\u00e9s\u00e9hez elengedhetetlen a ter\u00fclet bej\u00e1r\u00e1sa, felm\u00e9r\u00e9se. Ilyenkor egyeztetj\u00fck az \u00d6n ig\u00e9nyeit a kert \u00e9s a k\u00f6rnyezete \u00e1ltal dikt\u00e1lt lehet\u0151s\u00e9gekkel. K\u00e9sz\u00edt\u00fcnk egy helysz\u00ednrajzot, amin felt\u00fcntetj\u00fck a kert legfontosabb adatait. A megl\u00e9v\u0151 n\u00f6v\u00e9nyeket, a talaj szerkezet\u00e9t, a kert t\u00e1jol\u00e1s\u00e1t \u00e9s m\u00e9reteit. Itt [&hellip;]","og_url":"https:\/\/tajkertesz.com\/en_US\/kertepites\/","og_site_name":"T\u00e1jkert\u00e9sz","article_publisher":"https:\/\/www.facebook.com\/Tajkertesz\/","article_modified_time":"2024-03-07T12:00:34+00:00","twitter_card":"summary_large_image","twitter_misc":{"Est. reading time":"4 minutes"},"schema":{"@context":"https:\/\/schema.org","@graph":[{"@type":"WebPage","@id":"https:\/\/tajkertesz.com\/kertepites\/","url":"https:\/\/tajkertesz.com\/kertepites\/","name":"Kert\u00e9p\u00edt\u00e9s - T\u00e1jkert\u00e9sz","isPartOf":{"@id":"https:\/\/tajkertesz.com\/#website"},"datePublished":"2024-03-07T11:19:47+00:00","dateModified":"2024-03-07T12:00:34+00:00","breadcrumb":{"@id":"https:\/\/tajkertesz.com\/kertepites\/#breadcrumb"},"inLanguage":"en-US","potentialAction":[{"@type":"ReadAction","target":["https:\/\/tajkertesz.com\/kertepites\/"]}]},{"@type":"BreadcrumbList","@id":"https:\/\/tajkertesz.com\/kertepites\/#breadcrumb","itemListElement":[{"@type":"ListItem","position":1,"name":"Home","item":"https:\/\/tajkertesz.com\/"},{"@type":"ListItem","position":2,"name":"Kert\u00e9p\u00edt\u00e9s"}]},{"@type":"WebSite","@id":"https:\/\/tajkertesz.com\/#website","url":"https:\/\/tajkertesz.com\/","name":"T\u00e1j-Kert\u00e9sz 84 Kft.","description":"Kert\u00e9szeti kis- \u00e9s nagykeresked\u00e9s, D\u00edszn\u00f6v\u00e9ny web\u00e1ruh\u00e1z orsz\u00e1gos h\u00e1zhozsz\u00e1ll\u00edt\u00e1ssal!","publisher":{"@id":"https:\/\/tajkertesz.com\/#organization"},"potentialAction":[{"@type":"SearchAction","target":{"@type":"EntryPoint","urlTemplate":"https:\/\/tajkertesz.com\/?s={search_term_string}"},"query-input":{"@type":"PropertyValueSpecification","valueRequired":true,"valueName":"search_term_string"}}],"inLanguage":"en-US"},{"@type":"Organization","@id":"https:\/\/tajkertesz.com\/#organization","name":"T\u00e1j-Kert\u00e9sz 84 Kft.","url":"https:\/\/tajkertesz.com\/","logo":{"@type":"ImageObject","inLanguage":"en-US","@id":"https:\/\/tajkertesz.com\/#\/schema\/logo\/image\/","url":"https:\/\/tajkertesz.com\/wp-content\/uploads\/2018\/02\/logo-2-e1518678052539.png","contentUrl":"https:\/\/tajkertesz.com\/wp-content\/uploads\/2018\/02\/logo-2-e1518678052539.png","width":81,"height":140,"caption":"T\u00e1j-Kert\u00e9sz 84 Kft."},"image":{"@id":"https:\/\/tajkertesz.com\/#\/schema\/logo\/image\/"},"sameAs":["https:\/\/www.facebook.com\/Tajkertesz\/"]}]}},"_links":{"self":[{"href":"https:\/\/tajkertesz.com\/en_US\/wp-json\/wp\/v2\/pages\/19579","targetHints":{"allow":["GET"]}}],"collection":[{"href":"https:\/\/tajkertesz.com\/en_US\/wp-json\/wp\/v2\/pages"}],"about":[{"href":"https:\/\/tajkertesz.com\/en_US\/wp-json\/wp\/v2\/types\/page"}],"author":[{"embeddable":true,"href":"https:\/\/tajkertesz.com\/en_US\/wp-json\/wp\/v2\/users\/176"}],"replies":[{"embeddable":true,"href":"https:\/\/tajkertesz.com\/en_US\/wp-json\/wp\/v2\/comments?post=19579"}],"version-history":[{"count":12,"href":"https:\/\/tajkertesz.com\/en_US\/wp-json\/wp\/v2\/pages\/19579\/revisions"}],"predecessor-version":[{"id":19603,"href":"https:\/\/tajkertesz.com\/en_US\/wp-json\/wp\/v2\/pages\/19579\/revisions\/19603"}],"wp:attachment":[{"href":"https:\/\/tajkertesz.com\/en_US\/wp-json\/wp\/v2\/media?parent=19579"}],"curies":[{"name":"wp","href":"https:\/\/api.w.org\/{rel}","templated":true}]}}