{"id":26132,"date":"2026-02-11T13:18:35","date_gmt":"2026-02-11T13:18:35","guid":{"rendered":"https:\/\/tajkertesz.com\/?page_id=26132"},"modified":"2026-02-13T16:12:17","modified_gmt":"2026-02-13T16:12:17","slug":"allasajanlatok","status":"publish","type":"page","link":"https:\/\/tajkertesz.com\/en_US\/allasajanlatok\/","title":{"rendered":"\u00c1ll\u00e1saj\u00e1nlatok"},"content":{"rendered":"<p>[et_pb_section fb_built=&#8221;1&#8243; admin_label=&#8221;Header&#8221; _builder_version=&#8221;4.16&#8243; _module_preset=&#8221;default&#8221; background_color=&#8221;#fdc732&#8243; background_image=&#8221;https:\/\/tajkertesz.com\/wp-content\/uploads\/2024\/03\/pet-shop-37.png&#8221; background_size=&#8221;contain&#8221; background_position=&#8221;bottom_center&#8221; custom_margin=&#8221;||-126px|||&#8221; custom_padding=&#8221;||8vw||false|false&#8221; locked=&#8221;off&#8221; global_colors_info=&#8221;{}&#8221;][et_pb_row _builder_version=&#8221;4.16&#8243; _module_preset=&#8221;default&#8221; global_colors_info=&#8221;{}&#8221;][et_pb_column type=&#8221;4_4&#8243; _builder_version=&#8221;4.16&#8243; _module_preset=&#8221;default&#8221; global_colors_info=&#8221;{}&#8221;][et_pb_text _builder_version=&#8221;4.27.5&#8243; _module_preset=&#8221;default&#8221; header_font=&#8221;Autour One|700|||||||&#8221; header_text_color=&#8221;#000000&#8243; header_font_size=&#8221;52px&#8221; header_line_height=&#8221;1.2em&#8221; max_width=&#8221;650px&#8221; module_alignment=&#8221;left&#8221; custom_margin=&#8221;||10px||false|false&#8221; header_font_size_tablet=&#8221;42px&#8221; header_font_size_phone=&#8221;36px&#8221; header_font_size_last_edited=&#8221;on|phone&#8221; locked=&#8221;off&#8221; global_colors_info=&#8221;{}&#8221;]<\/p>\n<h1>\u00c1ll\u00e1saj\u00e1nlatok<\/h1>\n<p>&nbsp;<\/p>\n<p>&nbsp;<\/p>\n<p>&nbsp;<\/p>\n<p>&nbsp;<\/p>\n<p>[\/et_pb_text][et_pb_button button_url=&#8221;https:\/\/tajkertesz.com\/kapcsolat\/&#8221; button_text=&#8221;Kapcsolat&#8221; _builder_version=&#8221;4.27.5&#8243; _module_preset=&#8221;default&#8221; custom_button=&#8221;on&#8221; button_text_size=&#8221;18px&#8221; button_bg_color=&#8221;#134c5f&#8221; button_border_color=&#8221;rgba(0,0,0,0)&#8221; button_border_radius=&#8221;10px&#8221; button_font=&#8221;Josefin Sans||||||||&#8221; background_layout=&#8221;dark&#8221; custom_padding=&#8221;12px|40px|12px|40px|true|true&#8221; hover_enabled=&#8221;0&#8243; locked=&#8221;off&#8221; global_colors_info=&#8221;{}&#8221; custom_padding_last_edited=&#8221;on|phone&#8221; sticky_enabled=&#8221;0&#8243; transform_translate=&#8221;94px|-86px&#8221; custom_padding_tablet=&#8221;12px|40px|12px|40px|true|true&#8221; custom_padding_phone=&#8221;12px|40px|12px|40px|true|true&#8221;][\/et_pb_button][\/et_pb_column][\/et_pb_row][\/et_pb_section][et_pb_section fb_built=&#8221;1&#8243; admin_label=&#8221;How it Works&#8221; _builder_version=&#8221;4.16&#8243; _module_preset=&#8221;default&#8221; overflow-x=&#8221;hidden&#8221; global_colors_info=&#8221;{}&#8221;][et_pb_row _builder_version=&#8221;4.16&#8243; _module_preset=&#8221;default&#8221; z_index=&#8221;10&#8243; global_colors_info=&#8221;{}&#8221;][et_pb_column type=&#8221;4_4&#8243; _builder_version=&#8221;4.16&#8243; _module_preset=&#8221;default&#8221; global_colors_info=&#8221;{}&#8221;][et_pb_text _builder_version=&#8221;4.27.5&#8243; _module_preset=&#8221;default&#8221; header_2_font=&#8221;Autour One|700|||||||&#8221; header_2_text_color=&#8221;#000000&#8243; header_2_font_size=&#8221;42px&#8221; header_2_line_height=&#8221;1.3em&#8221; header_2_font_size_tablet=&#8221;24px&#8221; header_2_font_size_phone=&#8221;18px&#8221; header_2_font_size_last_edited=&#8221;on|phone&#8221; header_2_line_height_tablet=&#8221;1.5em&#8221; header_2_line_height_phone=&#8221;1.6em&#8221; header_2_line_height_last_edited=&#8221;on|desktop&#8221; locked=&#8221;off&#8221; global_colors_info=&#8221;{}&#8221;]<\/p>\n<h2 style=\"text-align: center;\">Csatlakozz fiatalos csapatunkhoz!<\/h2>\n<p>[\/et_pb_text][et_pb_blurb _builder_version=&#8221;4.27.5&#8243; _module_preset=&#8221;default&#8221; header_font=&#8221;Autour One|700|||||||&#8221; header_text_color=&#8221;#000000&#8243; header_line_height=&#8221;1.4em&#8221; body_font=&#8221;Josefin Sans||||||||&#8221; body_text_color=&#8221;#000000&#8243; body_font_size=&#8221;16px&#8221; body_line_height=&#8221;1.6em&#8221; text_orientation=&#8221;center&#8221; animation=&#8221;off&#8221; header_font_size_tablet=&#8221;16px&#8221; header_font_size_phone=&#8221;14px&#8221; header_font_size_last_edited=&#8221;on|phone&#8221; header_line_height_tablet=&#8221;1.6em&#8221; header_line_height_phone=&#8221;1.4em&#8221; header_line_height_last_edited=&#8221;on|tablet&#8221; body_font_size_tablet=&#8221;&#8221; body_font_size_phone=&#8221;14px&#8221; body_font_size_last_edited=&#8221;on|phone&#8221; body_line_height_tablet=&#8221;&#8221; body_line_height_phone=&#8221;1.8em&#8221; body_line_height_last_edited=&#8221;on|desktop&#8221; global_colors_info=&#8221;{}&#8221;]<\/p>\n<p><span>10 \u00e9ve m\u0171k\u00f6d\u0151 kert\u00e9szet\u00fcnkbe\u00a0<\/span><strong>\u00faj munkat\u00e1rsakat<\/strong><span>\u00a0keres\u00fcnk, akik sz\u00edvesen dolgozn\u00e1nak egy dinamikus, fiatalos, k\u00f6nnyen megk\u00f6zel\u00edthet\u0151 helyen.<\/span><\/p>\n<p>[\/et_pb_blurb][\/et_pb_column][\/et_pb_row][et_pb_row _builder_version=&#8221;4.16&#8243; _module_preset=&#8221;default&#8221; locked=&#8221;off&#8221; global_colors_info=&#8221;{}&#8221;][et_pb_column type=&#8221;4_4&#8243; _builder_version=&#8221;4.16&#8243; _module_preset=&#8221;default&#8221; global_colors_info=&#8221;{}&#8221;][et_pb_blurb title=&#8221;Bet\u00f6lthet\u0151 poz\u00edci\u00f3k:&#8221; use_icon=&#8221;on&#8221; font_icon=&#8221;&#xf18c;||fa||400&#8243; _builder_version=&#8221;4.27.5&#8243; _module_preset=&#8221;default&#8221; header_font=&#8221;Autour One|700|||||||&#8221; header_text_color=&#8221;#000000&#8243; header_line_height=&#8221;1.4em&#8221; body_font=&#8221;Josefin Sans||||||||&#8221; body_text_color=&#8221;#000000&#8243; body_font_size=&#8221;16px&#8221; body_line_height=&#8221;1.4em&#8221; text_orientation=&#8221;center&#8221; animation=&#8221;off&#8221; header_font_size_tablet=&#8221;16px&#8221; header_font_size_phone=&#8221;14px&#8221; header_font_size_last_edited=&#8221;on|phone&#8221; header_line_height_tablet=&#8221;1.6em&#8221; header_line_height_phone=&#8221;1.4em&#8221; header_line_height_last_edited=&#8221;on|tablet&#8221; locked=&#8221;off&#8221; global_colors_info=&#8221;{}&#8221;]<\/p>\n<p><strong>Kert\u00e9szeti elad\u00f3<\/strong>\u00a0\u2013 n\u00f6v\u00e9nyismeret, vev\u0151k kiszolg\u00e1l\u00e1sa.<\/p>\n<p><strong>Szakmai tud\u00e1ssal rendelkez\u0151 p\u00e9nzt\u00e1ros<\/strong>\u00a0\u2013 n\u00f6v\u00e9nyv\u00e9delem ismerete sz\u00fcks\u00e9ges<\/p>\n<p><b>Webshop kezel\u00e9s<span>\u00a0<\/span><\/b>-rendel\u00e9sek lebonyol\u00edt\u00e1sa, csomagol\u00e1s<\/p>\n<p>[\/et_pb_blurb][et_pb_blurb title=&#8221;Amit k\u00edn\u00e1lunk:&#8221; use_icon=&#8221;on&#8221; font_icon=&#8221;&#xf4b9;||fa||900&#8243; _builder_version=&#8221;4.27.5&#8243; _module_preset=&#8221;default&#8221; header_font=&#8221;Autour One|700|||||||&#8221; header_text_color=&#8221;#000000&#8243; header_line_height=&#8221;1.4em&#8221; body_font=&#8221;Josefin Sans||||||||&#8221; body_text_color=&#8221;#000000&#8243; body_font_size=&#8221;16px&#8221; body_line_height=&#8221;1.4em&#8221; text_orientation=&#8221;center&#8221; custom_margin=&#8221;100px||||false|false&#8221; animation=&#8221;off&#8221; header_font_size_tablet=&#8221;16px&#8221; header_font_size_phone=&#8221;14px&#8221; header_font_size_last_edited=&#8221;on|phone&#8221; header_line_height_tablet=&#8221;1.6em&#8221; header_line_height_phone=&#8221;1.4em&#8221; header_line_height_last_edited=&#8221;on|tablet&#8221; locked=&#8221;off&#8221; global_colors_info=&#8221;{}&#8221;]<\/p>\n<p>Fiatalos, t\u00e1mogat\u00f3 csapat<\/p>\n<p>H\u00e9tv\u00e9gi pr\u00e9mium<\/p>\n<p>\u00c9rdekes, v\u00e1ltozatos feladatok a kert\u00e9szet minden ter\u00fclet\u00e9n<\/p>\n<p>Fizetett \u00fcnnep<\/p>\n<p>Fizetett szabads\u00e1g<\/p>\n<p>[\/et_pb_blurb][et_pb_blurb _builder_version=&#8221;4.27.5&#8243; _module_preset=&#8221;default&#8221; header_font=&#8221;Autour One|700|||||||&#8221; header_text_color=&#8221;#000000&#8243; header_line_height=&#8221;1.4em&#8221; body_font=&#8221;Josefin Sans||||||||&#8221; body_text_color=&#8221;#000000&#8243; body_font_size=&#8221;16px&#8221; body_line_height=&#8221;1.4em&#8221; text_orientation=&#8221;center&#8221; custom_margin=&#8221;100px||||false|false&#8221; animation=&#8221;off&#8221; header_font_size_tablet=&#8221;16px&#8221; header_font_size_phone=&#8221;14px&#8221; header_font_size_last_edited=&#8221;on|phone&#8221; header_line_height_tablet=&#8221;1.6em&#8221; header_line_height_phone=&#8221;1.4em&#8221; header_line_height_last_edited=&#8221;on|tablet&#8221; locked=&#8221;off&#8221; global_colors_info=&#8221;{}&#8221;]<\/p>\n<p style=\"text-align: center;\">Ha szeretsz n\u00f6v\u00e9nyekkel foglalkozni, \u00e9s sz\u00edvesen dolgozn\u00e1l egy olyan helyen, ahol \u00e9rt\u00e9kelik a szak\u00e9rtelmed,\u00a0<strong>jelentkezz most!<\/strong><\/p>\n<p style=\"text-align: center;\"><strong>F\u00e9nyk\u00e9pes \u00f6n\u00e9letrajzokat az al\u00e1bbi email c\u00edmre k\u00fcld!<\/strong><\/p>\n<p style=\"text-align: center;\"><strong><a href=\"mailto:tajkertesz@gmail.com\" target=\"_blank\" rel=\"noopener\">tajkertesz@gmail.com<\/a><\/strong><\/p>\n<p>[\/et_pb_blurb][\/et_pb_column][\/et_pb_row][\/et_pb_section]<\/p>\n","protected":false},"excerpt":{"rendered":"<p>\u00c1ll\u00e1saj\u00e1nlatok &nbsp; &nbsp; &nbsp; &nbsp;Csatlakozz fiatalos csapatunkhoz!10 \u00e9ve m\u0171k\u00f6d\u0151 kert\u00e9szet\u00fcnkbe\u00a0\u00faj munkat\u00e1rsakat\u00a0keres\u00fcnk, akik sz\u00edvesen dolgozn\u00e1nak egy dinamikus, fiatalos, k\u00f6nnyen megk\u00f6zel\u00edthet\u0151 helyen.Kert\u00e9szeti elad\u00f3\u00a0\u2013 n\u00f6v\u00e9nyismeret, vev\u0151k kiszolg\u00e1l\u00e1sa. Szakmai tud\u00e1ssal rendelkez\u0151 p\u00e9nzt\u00e1ros\u00a0\u2013 n\u00f6v\u00e9nyv\u00e9delem ismerete sz\u00fcks\u00e9ges Webshop kezel\u00e9s\u00a0-rendel\u00e9sek lebonyol\u00edt\u00e1sa, csomagol\u00e1sFiatalos, t\u00e1mogat\u00f3 csapat H\u00e9tv\u00e9gi pr\u00e9mium \u00c9rdekes, v\u00e1ltozatos feladatok a kert\u00e9szet minden ter\u00fclet\u00e9n Fizetett \u00fcnnep Fizetett szabads\u00e1gHa szeretsz n\u00f6v\u00e9nyekkel foglalkozni, \u00e9s sz\u00edvesen [&hellip;]<\/p>\n","protected":false},"author":176,"featured_media":0,"parent":0,"menu_order":0,"comment_status":"closed","ping_status":"closed","template":"","meta":{"_et_pb_use_builder":"on","_et_pb_old_content":"","_et_gb_content_width":"","footnotes":""},"class_list":["post-26132","page","type-page","status-publish","hentry"],"yoast_head":"<!-- This site is optimized with the Yoast SEO plugin v27.3 - https:\/\/yoast.com\/product\/yoast-seo-wordpress\/ -->\n<title>\u00c1ll\u00e1saj\u00e1nlatok - T\u00e1jkert\u00e9sz<\/title>\n<meta name=\"robots\" content=\"index, follow, max-snippet:-1, max-image-preview:large, max-video-preview:-1\" \/>\n<link rel=\"canonical\" href=\"https:\/\/tajkertesz.com\/en_US\/allasajanlatok\/\" \/>\n<meta property=\"og:locale\" content=\"en_US\" \/>\n<meta property=\"og:type\" content=\"article\" \/>\n<meta property=\"og:title\" content=\"\u00c1ll\u00e1saj\u00e1nlatok - T\u00e1jkert\u00e9sz\" \/>\n<meta property=\"og:description\" content=\"\u00c1ll\u00e1saj\u00e1nlatok &nbsp; &nbsp; &nbsp; &nbsp;Csatlakozz fiatalos csapatunkhoz!10 \u00e9ve m\u0171k\u00f6d\u0151 kert\u00e9szet\u00fcnkbe\u00a0\u00faj munkat\u00e1rsakat\u00a0keres\u00fcnk, akik sz\u00edvesen dolgozn\u00e1nak egy dinamikus, fiatalos, k\u00f6nnyen megk\u00f6zel\u00edthet\u0151 helyen.Kert\u00e9szeti elad\u00f3\u00a0\u2013 n\u00f6v\u00e9nyismeret, vev\u0151k kiszolg\u00e1l\u00e1sa. Szakmai tud\u00e1ssal rendelkez\u0151 p\u00e9nzt\u00e1ros\u00a0\u2013 n\u00f6v\u00e9nyv\u00e9delem ismerete sz\u00fcks\u00e9ges Webshop kezel\u00e9s\u00a0-rendel\u00e9sek lebonyol\u00edt\u00e1sa, csomagol\u00e1sFiatalos, t\u00e1mogat\u00f3 csapat H\u00e9tv\u00e9gi pr\u00e9mium \u00c9rdekes, v\u00e1ltozatos feladatok a kert\u00e9szet minden ter\u00fclet\u00e9n Fizetett \u00fcnnep Fizetett szabads\u00e1gHa szeretsz n\u00f6v\u00e9nyekkel foglalkozni, \u00e9s sz\u00edvesen [&hellip;]\" \/>\n<meta property=\"og:url\" content=\"https:\/\/tajkertesz.com\/en_US\/allasajanlatok\/\" \/>\n<meta property=\"og:site_name\" content=\"T\u00e1jkert\u00e9sz\" \/>\n<meta property=\"article:publisher\" content=\"https:\/\/www.facebook.com\/Tajkertesz\/\" \/>\n<meta property=\"article:modified_time\" content=\"2026-02-13T16:12:17+00:00\" \/>\n<meta name=\"twitter:card\" content=\"summary_large_image\" \/>\n<meta name=\"twitter:label1\" content=\"Est. reading time\" \/>\n\t<meta name=\"twitter:data1\" content=\"4 minutes\" \/>\n<script type=\"application\/ld+json\" class=\"yoast-schema-graph\">{\"@context\":\"https:\\\/\\\/schema.org\",\"@graph\":[{\"@type\":\"WebPage\",\"@id\":\"https:\\\/\\\/tajkertesz.com\\\/allasajanlatok\\\/\",\"url\":\"https:\\\/\\\/tajkertesz.com\\\/allasajanlatok\\\/\",\"name\":\"\u00c1ll\u00e1saj\u00e1nlatok - T\u00e1jkert\u00e9sz\",\"isPartOf\":{\"@id\":\"https:\\\/\\\/tajkertesz.com\\\/#website\"},\"datePublished\":\"2026-02-11T13:18:35+00:00\",\"dateModified\":\"2026-02-13T16:12:17+00:00\",\"breadcrumb\":{\"@id\":\"https:\\\/\\\/tajkertesz.com\\\/allasajanlatok\\\/#breadcrumb\"},\"inLanguage\":\"en-US\",\"potentialAction\":[{\"@type\":\"ReadAction\",\"target\":[\"https:\\\/\\\/tajkertesz.com\\\/allasajanlatok\\\/\"]}]},{\"@type\":\"BreadcrumbList\",\"@id\":\"https:\\\/\\\/tajkertesz.com\\\/allasajanlatok\\\/#breadcrumb\",\"itemListElement\":[{\"@type\":\"ListItem\",\"position\":1,\"name\":\"Home\",\"item\":\"https:\\\/\\\/tajkertesz.com\\\/\"},{\"@type\":\"ListItem\",\"position\":2,\"name\":\"\u00c1ll\u00e1saj\u00e1nlatok\"}]},{\"@type\":\"WebSite\",\"@id\":\"https:\\\/\\\/tajkertesz.com\\\/#website\",\"url\":\"https:\\\/\\\/tajkertesz.com\\\/\",\"name\":\"T\u00e1j-Kert\u00e9sz 84 Kft.\",\"description\":\"Kert\u00e9szeti kis- \u00e9s nagykeresked\u00e9s, D\u00edszn\u00f6v\u00e9ny web\u00e1ruh\u00e1z orsz\u00e1gos h\u00e1zhozsz\u00e1ll\u00edt\u00e1ssal!\",\"publisher\":{\"@id\":\"https:\\\/\\\/tajkertesz.com\\\/#organization\"},\"potentialAction\":[{\"@type\":\"SearchAction\",\"target\":{\"@type\":\"EntryPoint\",\"urlTemplate\":\"https:\\\/\\\/tajkertesz.com\\\/?s={search_term_string}\"},\"query-input\":{\"@type\":\"PropertyValueSpecification\",\"valueRequired\":true,\"valueName\":\"search_term_string\"}}],\"inLanguage\":\"en-US\"},{\"@type\":\"Organization\",\"@id\":\"https:\\\/\\\/tajkertesz.com\\\/#organization\",\"name\":\"T\u00e1j-Kert\u00e9sz 84 Kft.\",\"url\":\"https:\\\/\\\/tajkertesz.com\\\/\",\"logo\":{\"@type\":\"ImageObject\",\"inLanguage\":\"en-US\",\"@id\":\"https:\\\/\\\/tajkertesz.com\\\/#\\\/schema\\\/logo\\\/image\\\/\",\"url\":\"https:\\\/\\\/tajkertesz.com\\\/wp-content\\\/uploads\\\/2018\\\/02\\\/logo-2-e1518678052539.png\",\"contentUrl\":\"https:\\\/\\\/tajkertesz.com\\\/wp-content\\\/uploads\\\/2018\\\/02\\\/logo-2-e1518678052539.png\",\"width\":81,\"height\":140,\"caption\":\"T\u00e1j-Kert\u00e9sz 84 Kft.\"},\"image\":{\"@id\":\"https:\\\/\\\/tajkertesz.com\\\/#\\\/schema\\\/logo\\\/image\\\/\"},\"sameAs\":[\"https:\\\/\\\/www.facebook.com\\\/Tajkertesz\\\/\"]}]}<\/script>\n<!-- \/ Yoast SEO plugin. -->","yoast_head_json":{"title":"\u00c1ll\u00e1saj\u00e1nlatok - T\u00e1jkert\u00e9sz","robots":{"index":"index","follow":"follow","max-snippet":"max-snippet:-1","max-image-preview":"max-image-preview:large","max-video-preview":"max-video-preview:-1"},"canonical":"https:\/\/tajkertesz.com\/en_US\/allasajanlatok\/","og_locale":"en_US","og_type":"article","og_title":"\u00c1ll\u00e1saj\u00e1nlatok - T\u00e1jkert\u00e9sz","og_description":"\u00c1ll\u00e1saj\u00e1nlatok &nbsp; &nbsp; &nbsp; &nbsp;Csatlakozz fiatalos csapatunkhoz!10 \u00e9ve m\u0171k\u00f6d\u0151 kert\u00e9szet\u00fcnkbe\u00a0\u00faj munkat\u00e1rsakat\u00a0keres\u00fcnk, akik sz\u00edvesen dolgozn\u00e1nak egy dinamikus, fiatalos, k\u00f6nnyen megk\u00f6zel\u00edthet\u0151 helyen.Kert\u00e9szeti elad\u00f3\u00a0\u2013 n\u00f6v\u00e9nyismeret, vev\u0151k kiszolg\u00e1l\u00e1sa. Szakmai tud\u00e1ssal rendelkez\u0151 p\u00e9nzt\u00e1ros\u00a0\u2013 n\u00f6v\u00e9nyv\u00e9delem ismerete sz\u00fcks\u00e9ges Webshop kezel\u00e9s\u00a0-rendel\u00e9sek lebonyol\u00edt\u00e1sa, csomagol\u00e1sFiatalos, t\u00e1mogat\u00f3 csapat H\u00e9tv\u00e9gi pr\u00e9mium \u00c9rdekes, v\u00e1ltozatos feladatok a kert\u00e9szet minden ter\u00fclet\u00e9n Fizetett \u00fcnnep Fizetett szabads\u00e1gHa szeretsz n\u00f6v\u00e9nyekkel foglalkozni, \u00e9s sz\u00edvesen [&hellip;]","og_url":"https:\/\/tajkertesz.com\/en_US\/allasajanlatok\/","og_site_name":"T\u00e1jkert\u00e9sz","article_publisher":"https:\/\/www.facebook.com\/Tajkertesz\/","article_modified_time":"2026-02-13T16:12:17+00:00","twitter_card":"summary_large_image","twitter_misc":{"Est. reading time":"4 minutes"},"schema":{"@context":"https:\/\/schema.org","@graph":[{"@type":"WebPage","@id":"https:\/\/tajkertesz.com\/allasajanlatok\/","url":"https:\/\/tajkertesz.com\/allasajanlatok\/","name":"\u00c1ll\u00e1saj\u00e1nlatok - T\u00e1jkert\u00e9sz","isPartOf":{"@id":"https:\/\/tajkertesz.com\/#website"},"datePublished":"2026-02-11T13:18:35+00:00","dateModified":"2026-02-13T16:12:17+00:00","breadcrumb":{"@id":"https:\/\/tajkertesz.com\/allasajanlatok\/#breadcrumb"},"inLanguage":"en-US","potentialAction":[{"@type":"ReadAction","target":["https:\/\/tajkertesz.com\/allasajanlatok\/"]}]},{"@type":"BreadcrumbList","@id":"https:\/\/tajkertesz.com\/allasajanlatok\/#breadcrumb","itemListElement":[{"@type":"ListItem","position":1,"name":"Home","item":"https:\/\/tajkertesz.com\/"},{"@type":"ListItem","position":2,"name":"\u00c1ll\u00e1saj\u00e1nlatok"}]},{"@type":"WebSite","@id":"https:\/\/tajkertesz.com\/#website","url":"https:\/\/tajkertesz.com\/","name":"T\u00e1j-Kert\u00e9sz 84 Kft.","description":"Kert\u00e9szeti kis- \u00e9s nagykeresked\u00e9s, D\u00edszn\u00f6v\u00e9ny web\u00e1ruh\u00e1z orsz\u00e1gos h\u00e1zhozsz\u00e1ll\u00edt\u00e1ssal!","publisher":{"@id":"https:\/\/tajkertesz.com\/#organization"},"potentialAction":[{"@type":"SearchAction","target":{"@type":"EntryPoint","urlTemplate":"https:\/\/tajkertesz.com\/?s={search_term_string}"},"query-input":{"@type":"PropertyValueSpecification","valueRequired":true,"valueName":"search_term_string"}}],"inLanguage":"en-US"},{"@type":"Organization","@id":"https:\/\/tajkertesz.com\/#organization","name":"T\u00e1j-Kert\u00e9sz 84 Kft.","url":"https:\/\/tajkertesz.com\/","logo":{"@type":"ImageObject","inLanguage":"en-US","@id":"https:\/\/tajkertesz.com\/#\/schema\/logo\/image\/","url":"https:\/\/tajkertesz.com\/wp-content\/uploads\/2018\/02\/logo-2-e1518678052539.png","contentUrl":"https:\/\/tajkertesz.com\/wp-content\/uploads\/2018\/02\/logo-2-e1518678052539.png","width":81,"height":140,"caption":"T\u00e1j-Kert\u00e9sz 84 Kft."},"image":{"@id":"https:\/\/tajkertesz.com\/#\/schema\/logo\/image\/"},"sameAs":["https:\/\/www.facebook.com\/Tajkertesz\/"]}]}},"_links":{"self":[{"href":"https:\/\/tajkertesz.com\/en_US\/wp-json\/wp\/v2\/pages\/26132","targetHints":{"allow":["GET"]}}],"collection":[{"href":"https:\/\/tajkertesz.com\/en_US\/wp-json\/wp\/v2\/pages"}],"about":[{"href":"https:\/\/tajkertesz.com\/en_US\/wp-json\/wp\/v2\/types\/page"}],"author":[{"embeddable":true,"href":"https:\/\/tajkertesz.com\/en_US\/wp-json\/wp\/v2\/users\/176"}],"replies":[{"embeddable":true,"href":"https:\/\/tajkertesz.com\/en_US\/wp-json\/wp\/v2\/comments?post=26132"}],"version-history":[{"count":9,"href":"https:\/\/tajkertesz.com\/en_US\/wp-json\/wp\/v2\/pages\/26132\/revisions"}],"predecessor-version":[{"id":26164,"href":"https:\/\/tajkertesz.com\/en_US\/wp-json\/wp\/v2\/pages\/26132\/revisions\/26164"}],"wp:attachment":[{"href":"https:\/\/tajkertesz.com\/en_US\/wp-json\/wp\/v2\/media?parent=26132"}],"curies":[{"name":"wp","href":"https:\/\/api.w.org\/{rel}","templated":true}]}}