{"id":1006,"date":"2020-02-21T10:56:10","date_gmt":"2020-02-21T10:56:10","guid":{"rendered":"https:\/\/tajkertesz.com\/?post_type=product&#038;p=1006"},"modified":"2025-02-17T15:05:26","modified_gmt":"2025-02-17T15:05:26","slug":"salix-caprea-pendulacsungo-barkafuz","status":"publish","type":"product","link":"https:\/\/tajkertesz.com\/en_US\/product\/salix-caprea-pendulacsungo-barkafuz\/","title":{"rendered":"Salix caprea &#8216;Kilmarnock&#8217; ,Cs\u00fcng\u0151 barkaf\u0171z"},"content":{"rendered":"<h3>Salix caprea &#8216;Kilmarnock&#8217;,Cs\u00fcng\u0151 barkaf\u0171z<\/h3>\n<p>A Salix caprea &#8216;Kilmarnock&#8217;,Cs\u00fcng\u0151 barkaf\u0171z a legkisebb kerteben is j\u00f3l mutat. A t\u00f6rzs m\u00e9ret\u00e9nek magass\u00e1ga nem v\u00e1ltozik \u00e9vek alatt sem. M\u00edg barkaf\u00fczes lombozata \u00e9vr\u0151l \u00e9vre d\u00fasabb lesz.<\/p>\n<p><b>N\u00f6veked\u00e9s, alak:<\/b>\u00a0T\u00f6rzsre oltva forgalmazz\u00e1k. Nagyon szomor\u00fa, f\u00fcgg\u0151legesen cs\u00fcng\u0151 hajt\u00e1srendszer\u0171. \u00c9ves n\u00f6veked\u00e9se felfel\u00e9 p\u00e1r cm.<br \/>\n<b>Lev\u00e9l:<\/b> Mint a kecskef\u0171z\u00e9.<br \/>\n<b>Vir\u00e1g:<\/b>\u00a0S\u00e1rg\u00e1s, barka h\u00edm vir\u00e1gai az el\u0151z\u0151 \u00e9vi hajt\u00e1s teljes hossz\u00e1ban lombfakad\u00e1s el\u0151tt, m\u00e1rcius-\u00e1prilisban ny\u00edlnak.<br \/>\n<b>Term\u00e9s:<\/b>\u00a0Nincs<br \/>\n<b>Term\u0151hely, ig\u00e9ny:<\/b>\u00a0Az er\u0151sen meszes talajok kiv\u00e9tel\u00e9vel minden talajon \u00fcltethet\u0151, ig\u00e9nytelen. Napos vagy f\u00e9l\u00e1rny\u00e9kos helyet ig\u00e9nyel, hosszabb-r\u00f6videbb ideig tart\u00f3 v\u00edzbor\u00edt\u00e1st elvisel, fagyt\u0171r\u0151.<br \/>\n<b>Felhaszn\u00e1l\u00e1s:<\/b> Kertek, el\u0151kertek, tet\u0151kertek, nagyobb ed\u00e9nyek kism\u00e9ret\u0171, kedvelt cserj\u00e9je, f\u00e1csk\u00e1ja.<\/p>\n<p>Jelen\u00a0 term\u00e9k\u00fcnk 3 literes kont\u00e9nerbe \u00e9s 120 cm t\u00f6rzsmagass\u00e1ggal kaphat\u00f3.<\/p>\n<h2 style=\"line-height: 18.0pt; background: white; margin: 0cm 0cm 15.0pt 0cm;\"><span style=\"font-family: 'Ubuntu',serif; color: black;\">El\u00e9rhet\u0151 t\u00f6bbf\u00e9le m\u00e9retben \u00e9s \u00e1rban.<\/span><\/h2>\n<h2 style=\"line-height: 18.0pt; background: white; margin: 0cm 0cm 15.0pt 0cm;\"><b><span style=\"font-family: 'Ubuntu',serif; color: black;\">K\u00e9szlet\u00fcnk napi szinten v\u00e1ltozik, ez\u00e9rt k\u00e9rj\u00fck, \u00e9rdekl\u0151dj\u00f6n szem\u00e9lyesen, telefonon vagy email-en.<br \/>\nA v\u00e1ltoztat\u00e1s jog\u00e1t fenntartjuk!\u00a0<\/span><\/b><\/h2>\n<p><a href=\"https:\/\/tajkertesz.com\/\">https:\/\/tajkertesz.com\/<\/a><\/p>\n<p><a href=\"https:\/\/hu.wikipedia.org\/wiki\/Kecskef%C5%B1z\">https:\/\/hu.wikipedia.org\/wiki\/Kecskef%C5%B1z<\/a><\/p>\n<p><span style=\"color: #ffffff;\">Salix caprea &#8216;Pendula&#8217;,Cs\u00fcng\u0151 barkaf\u0171z<\/span><\/p>\n<p><span style=\"color: #ffffff;\">A kecskef\u0171z 3-10\u00a0<a style=\"color: #ffffff;\" title=\"M\u00e9ter\" href=\"https:\/\/hu.wikipedia.org\/wiki\/M%C3%A9ter\">m\u00e9ter<\/a>\u00a0magas, termetes bokor vagy kisebb fa.\u00a0<a style=\"color: #ffffff;\" title=\"Lev\u00e9l (botanika)\" href=\"https:\/\/hu.wikipedia.org\/wiki\/Lev%C3%A9l_(botanika)\">Levelei<\/a>\u00a04-10\u00a0centim\u00e9ter hossz\u00faak \u00e9s 2-4\u00a0centim\u00e9ter sz\u00e9lesek, k\u00f6zep\u00fck\u00f6n vagy a k\u00f6zep\u00fck f\u00f6l\u00f6tt a legsz\u00e9lesebbek, elliptikusak vagy csaknem kerekdedek, hegyesek vagy tomp\u00e1k, r\u00f6vid hegybe v\u00e9gz\u0151dnek; fel\u00fcl kopaszak vagy elsz\u00f3rtan sz\u0151r\u00f6sek, sz\u00edn\u00fck f\u00e9nytelen olajz\u00f6ld, \u00e9rh\u00e1l\u00f3zatuk a lev\u00e9llemez sz\u00e9le fel\u00e9 kifejezetten bes\u00fcllyedt, fon\u00e1kuk sz\u00fcrk\u00e9sen molyhos sz\u0151r\u0171. A felt\u0171n\u0151en nagy barkavir\u00e1gzatok lombfakad\u00e1s el\u0151tt jelennek meg, felny\u00edl\u00e1s el\u0151tt ez\u00fcst\u00f6s-feh\u00e9r, pr\u00e9mes sz\u0151r\u0151zet burkolja \u0151ket.<\/span><\/p>\n<p><span style=\"color: #ffffff;\">\u00a0A Salix caprea &#8216;Pendula&#8217;,Cs\u00fcng\u0151 barkaf\u0171z a legkisebb kerteben is j\u00f3l mutat. A t\u00f6rzs m\u00e9ret\u00e9nek magass\u00e1ga nem v\u00e1ltozik \u00e9vek alatt sem, M\u00edg barkaf\u00fczes lombozata \u00e9vr\u0151l \u00e9vre d\u00fasabb lesz.<\/span><\/p>\n<p><span style=\"color: #ffffff;\"><b>N\u00f6veked\u00e9s, alak:<\/b>\u00a0T\u00f6rzsre oltva forgalmazz\u00e1k. Nagyon szomor\u00fa, f\u00fcgg\u0151legesen cs\u00fcng\u0151 hajt\u00e1srendszer\u0171. \u00c9ves n\u00f6veked\u00e9se felfel\u00e9 p\u00e1r cm.<\/span><br \/>\n<span style=\"color: #ffffff;\"><b>Lev\u00e9l:<\/b> Mint a kecskef\u0171z\u00e9.<\/span><br \/>\n<span style=\"color: #ffffff;\"><b>Vir\u00e1g:<\/b>\u00a0S\u00e1rg\u00e1s, barka h\u00edm vir\u00e1gai az el\u0151z\u0151 \u00e9vi hajt\u00e1s teljes hossz\u00e1ban lombfakad\u00e1s el\u0151tt, m\u00e1rcius-\u00e1prilisban ny\u00edlnak.<\/span><br \/>\n<span style=\"color: #ffffff;\"><b>Term\u00e9s:<\/b>\u00a0Nincs<\/span><br \/>\n<span style=\"color: #ffffff;\"><b>Term\u0151hely, ig\u00e9ny:<\/b>\u00a0Az er\u0151sen meszes talajok kiv\u00e9tel\u00e9vel minden talajon \u00fcltethet\u0151, ig\u00e9nytelen. Napos vagy f\u00e9l\u00e1rny\u00e9kos helyet ig\u00e9nyel, hosszabb-r\u00f6videbb ideig tart\u00f3 v\u00edzbor\u00edt\u00e1st elvisel, fagyt\u0171r\u0151.<\/span><br \/>\n<span style=\"color: #ffffff;\"><b>Felhaszn\u00e1l\u00e1s:<\/b> Kertek, el\u0151kertek, tet\u0151kertek, nagyobb ed\u00e9nyek kism\u00e9ret\u0171, kedvelt cserj\u00e9je, f\u00e1csk\u00e1ja.<\/span><\/p>\n<h2 style=\"line-height: 18.0pt; background: white; margin: 0cm 0cm 15.0pt 0cm;\"><span style=\"font-family: Ubuntu, serif; color: #ffffff;\">El\u00e9rhet\u0151 t\u00f6bbf\u00e9le m\u00e9retben \u00e9s \u00e1rban.<\/span><\/h2>\n<h2 style=\"line-height: 18.0pt; background: white; margin: 0cm 0cm 15.0pt 0cm;\"><span style=\"color: #ffffff;\"><b><span style=\"font-family: Ubuntu, serif;\">K\u00e9szlet\u00fcnk napi szinten v\u00e1ltozik, ez\u00e9rt k\u00e9rj\u00fck, \u00e9rdekl\u0151dj\u00f6n szem\u00e9lyesen, telefonon vagy email-en.<br \/>\nA v\u00e1ltoztat\u00e1s jog\u00e1t fenntartjuk!\u00a0<\/span><\/b><\/span><\/h2>\n<p><span style=\"color: #ffffff;\"><a style=\"color: #ffffff;\" href=\"https:\/\/tajkertesz.com\/\">https:\/\/tajkertesz.com\/<\/a><\/span><\/p>\n<p><span style=\"color: #ffffff;\"><a style=\"color: #ffffff;\" href=\"https:\/\/hu.wikipedia.org\/wiki\/Kecskef%C5%B1z\">https:\/\/hu.wikipedia.org\/wiki\/Kecskef%C5%B1z<\/a><\/span><\/p>\n<p>&nbsp;<\/p>","protected":false},"excerpt":{"rendered":"<p>A Salix caprea &#8216;Kilmarnock&#8217;,Cs\u00fcng\u0151 barkaf\u0171z a legkisebb kerteben is j\u00f3l mutat. A t\u00f6rzs m\u00e9ret\u00e9nek magass\u00e1ga nem v\u00e1ltozik \u00e9vek alatt sem. M\u00edg barkaf\u00fczes lombozata \u00e9vr\u0151l \u00e9vre d\u00fasabb lesz.<\/p>\n<p><b>N\u00f6veked\u00e9s, alak:<\/b>\u00a0T\u00f6rzsre oltva forgalmazz\u00e1k. Nagyon szomor\u00fa, f\u00fcgg\u0151legesen cs\u00fcng\u0151 hajt\u00e1srendszer\u0171. \u00c9ves n\u00f6veked\u00e9se felfel\u00e9 p\u00e1r cm.<br \/>\n<b>Lev\u00e9l:<\/b> Mint a kecskef\u0171z\u00e9.<br \/>\n<b>Vir\u00e1g:<\/b>\u00a0S\u00e1rg\u00e1s, barka h\u00edm vir\u00e1gai az el\u0151z\u0151 \u00e9vi hajt\u00e1s teljes hossz\u00e1ban lombfakad\u00e1s el\u0151tt, m\u00e1rcius-\u00e1prilisban ny\u00edlnak.<br \/>\n<b>Term\u00e9s:<\/b>\u00a0Nincs<br \/>\n<b>Term\u0151hely, ig\u00e9ny:<\/b>\u00a0Az er\u0151sen meszes talajok kiv\u00e9tel\u00e9vel minden talajon \u00fcltethet\u0151, ig\u00e9nytelen. Napos vagy f\u00e9l\u00e1rny\u00e9kos helyet ig\u00e9nyel, hosszabb-r\u00f6videbb ideig tart\u00f3 v\u00edzbor\u00edt\u00e1st elvisel, fagyt\u0171r\u0151.<br \/>\n<b>Felhaszn\u00e1l\u00e1s:<\/b> Kertek, el\u0151kertek, tet\u0151kertek, nagyobb ed\u00e9nyek kism\u00e9ret\u0171, kedvelt cserj\u00e9je, f\u00e1csk\u00e1ja.<\/p>\n<p>Jelen\u00a0 term\u00e9k\u00fcnk 3 literes kont\u00e9nerbe \u00e9s 120 cm t\u00f6rzsmagass\u00e1ggal kaphat\u00f3.<\/p>","protected":false},"featured_media":1007,"template":"","meta":{"_et_pb_use_builder":"","_et_pb_old_content":"","_et_gb_content_width":""},"product_brand":[],"product_cat":[28],"product_tag":[153,155,152,3964,33,154,151],"class_list":{"0":"post-1006","1":"product","2":"type-product","3":"status-publish","4":"has-post-thumbnail","6":"product_cat-diszfak","7":"product_tag-barka","8":"product_tag-barkafuz","9":"product_tag-csungo-barka","10":"product_tag-csungo-barkafuz","11":"product_tag-diszfa","12":"product_tag-fuz","13":"product_tag-salix-caprea-pendula","15":"first","16":"outofstock","17":"shipping-taxable","18":"product-type-simple"},"yoast_head":"<!-- This site is optimized with the Yoast SEO plugin v27.4 - https:\/\/yoast.com\/product\/yoast-seo-wordpress\/ -->\n<title>Salix caprea &#039;Kilmarnock&#039; ,Cs\u00fcng\u0151 barkaf\u0171z - T\u00e1jkert\u00e9sz<\/title>\n<meta name=\"description\" content=\"A Salix caprea &#039;Pendula&#039;,Cs\u00fcng\u0151 barkaf\u0171z a legkisebb kerteben is j\u00f3l mutat. A t\u00f6rzs m\u00e9ret\u00e9nek magass\u00e1ga nem v\u00e1ltozik \u00e9vek alatt sem.\" \/>\n<meta name=\"robots\" content=\"index, follow, max-snippet:-1, max-image-preview:large, max-video-preview:-1\" \/>\n<link rel=\"canonical\" href=\"https:\/\/tajkertesz.com\/en_US\/product\/salix-caprea-pendulacsungo-barkafuz\/\" \/>\n<meta property=\"og:locale\" content=\"en_US\" \/>\n<meta property=\"og:type\" content=\"article\" \/>\n<meta property=\"og:title\" content=\"Salix caprea &#039;Kilmarnock&#039; ,Cs\u00fcng\u0151 barkaf\u0171z - T\u00e1jkert\u00e9sz\" \/>\n<meta property=\"og:description\" content=\"A Salix caprea &#039;Pendula&#039;,Cs\u00fcng\u0151 barkaf\u0171z a legkisebb kerteben is j\u00f3l mutat. A t\u00f6rzs m\u00e9ret\u00e9nek magass\u00e1ga nem v\u00e1ltozik \u00e9vek alatt sem.\" \/>\n<meta property=\"og:url\" content=\"https:\/\/tajkertesz.com\/en_US\/product\/salix-caprea-pendulacsungo-barkafuz\/\" \/>\n<meta property=\"og:site_name\" content=\"T\u00e1jkert\u00e9sz\" \/>\n<meta property=\"article:publisher\" content=\"https:\/\/www.facebook.com\/Tajkertesz\/\" \/>\n<meta property=\"article:modified_time\" content=\"2025-02-17T15:05:26+00:00\" \/>\n<meta property=\"og:image\" content=\"https:\/\/tajkertesz.com\/wp-content\/uploads\/2020\/02\/DF3A53AB-DE46-4F7D-96F7-055BA6E9278F-rotated.jpg\" \/>\n\t<meta property=\"og:image:width\" content=\"480\" \/>\n\t<meta property=\"og:image:height\" content=\"640\" \/>\n\t<meta property=\"og:image:type\" content=\"image\/jpeg\" \/>\n<meta name=\"twitter:card\" content=\"summary_large_image\" \/>\n<meta name=\"twitter:label1\" content=\"Est. reading time\" \/>\n\t<meta name=\"twitter:data1\" content=\"2 minutes\" \/>\n<script type=\"application\/ld+json\" class=\"yoast-schema-graph\">{\"@context\":\"https:\\\/\\\/schema.org\",\"@graph\":[{\"@type\":\"WebPage\",\"@id\":\"https:\\\/\\\/tajkertesz.com\\\/termek\\\/salix-caprea-pendulacsungo-barkafuz\\\/\",\"url\":\"https:\\\/\\\/tajkertesz.com\\\/termek\\\/salix-caprea-pendulacsungo-barkafuz\\\/\",\"name\":\"Salix caprea 'Kilmarnock' ,Cs\u00fcng\u0151 barkaf\u0171z - T\u00e1jkert\u00e9sz\",\"isPartOf\":{\"@id\":\"https:\\\/\\\/tajkertesz.com\\\/#website\"},\"primaryImageOfPage\":{\"@id\":\"https:\\\/\\\/tajkertesz.com\\\/termek\\\/salix-caprea-pendulacsungo-barkafuz\\\/#primaryimage\"},\"image\":{\"@id\":\"https:\\\/\\\/tajkertesz.com\\\/termek\\\/salix-caprea-pendulacsungo-barkafuz\\\/#primaryimage\"},\"thumbnailUrl\":\"https:\\\/\\\/tajkertesz.com\\\/wp-content\\\/uploads\\\/2020\\\/02\\\/DF3A53AB-DE46-4F7D-96F7-055BA6E9278F-rotated.jpg\",\"datePublished\":\"2020-02-21T10:56:10+00:00\",\"dateModified\":\"2025-02-17T15:05:26+00:00\",\"description\":\"A Salix caprea 'Pendula',Cs\u00fcng\u0151 barkaf\u0171z a legkisebb kerteben is j\u00f3l mutat. A t\u00f6rzs m\u00e9ret\u00e9nek magass\u00e1ga nem v\u00e1ltozik \u00e9vek alatt sem.\",\"breadcrumb\":{\"@id\":\"https:\\\/\\\/tajkertesz.com\\\/termek\\\/salix-caprea-pendulacsungo-barkafuz\\\/#breadcrumb\"},\"inLanguage\":\"en-US\",\"potentialAction\":[{\"@type\":\"ReadAction\",\"target\":[\"https:\\\/\\\/tajkertesz.com\\\/termek\\\/salix-caprea-pendulacsungo-barkafuz\\\/\"]}]},{\"@type\":\"ImageObject\",\"inLanguage\":\"en-US\",\"@id\":\"https:\\\/\\\/tajkertesz.com\\\/termek\\\/salix-caprea-pendulacsungo-barkafuz\\\/#primaryimage\",\"url\":\"https:\\\/\\\/tajkertesz.com\\\/wp-content\\\/uploads\\\/2020\\\/02\\\/DF3A53AB-DE46-4F7D-96F7-055BA6E9278F-rotated.jpg\",\"contentUrl\":\"https:\\\/\\\/tajkertesz.com\\\/wp-content\\\/uploads\\\/2020\\\/02\\\/DF3A53AB-DE46-4F7D-96F7-055BA6E9278F-rotated.jpg\",\"width\":480,\"height\":640},{\"@type\":\"BreadcrumbList\",\"@id\":\"https:\\\/\\\/tajkertesz.com\\\/termek\\\/salix-caprea-pendulacsungo-barkafuz\\\/#breadcrumb\",\"itemListElement\":[{\"@type\":\"ListItem\",\"position\":1,\"name\":\"Home\",\"item\":\"https:\\\/\\\/tajkertesz.com\\\/\"},{\"@type\":\"ListItem\",\"position\":2,\"name\":\"Kezd\u0151lap\",\"item\":\"https:\\\/\\\/tajkertesz.com\\\/\"},{\"@type\":\"ListItem\",\"position\":3,\"name\":\"Salix caprea &#8216;Kilmarnock&#8217; ,Cs\u00fcng\u0151 barkaf\u0171z\"}]},{\"@type\":\"WebSite\",\"@id\":\"https:\\\/\\\/tajkertesz.com\\\/#website\",\"url\":\"https:\\\/\\\/tajkertesz.com\\\/\",\"name\":\"T\u00e1j-Kert\u00e9sz 84 Kft.\",\"description\":\"Kert\u00e9szeti kis- \u00e9s nagykeresked\u00e9s, D\u00edszn\u00f6v\u00e9ny web\u00e1ruh\u00e1z orsz\u00e1gos h\u00e1zhozsz\u00e1ll\u00edt\u00e1ssal!\",\"publisher\":{\"@id\":\"https:\\\/\\\/tajkertesz.com\\\/#organization\"},\"potentialAction\":[{\"@type\":\"SearchAction\",\"target\":{\"@type\":\"EntryPoint\",\"urlTemplate\":\"https:\\\/\\\/tajkertesz.com\\\/?s={search_term_string}\"},\"query-input\":{\"@type\":\"PropertyValueSpecification\",\"valueRequired\":true,\"valueName\":\"search_term_string\"}}],\"inLanguage\":\"en-US\"},{\"@type\":\"Organization\",\"@id\":\"https:\\\/\\\/tajkertesz.com\\\/#organization\",\"name\":\"T\u00e1j-Kert\u00e9sz 84 Kft.\",\"url\":\"https:\\\/\\\/tajkertesz.com\\\/\",\"logo\":{\"@type\":\"ImageObject\",\"inLanguage\":\"en-US\",\"@id\":\"https:\\\/\\\/tajkertesz.com\\\/#\\\/schema\\\/logo\\\/image\\\/\",\"url\":\"https:\\\/\\\/tajkertesz.com\\\/wp-content\\\/uploads\\\/2018\\\/02\\\/logo-2-e1518678052539.png\",\"contentUrl\":\"https:\\\/\\\/tajkertesz.com\\\/wp-content\\\/uploads\\\/2018\\\/02\\\/logo-2-e1518678052539.png\",\"width\":81,\"height\":140,\"caption\":\"T\u00e1j-Kert\u00e9sz 84 Kft.\"},\"image\":{\"@id\":\"https:\\\/\\\/tajkertesz.com\\\/#\\\/schema\\\/logo\\\/image\\\/\"},\"sameAs\":[\"https:\\\/\\\/www.facebook.com\\\/Tajkertesz\\\/\"]}]}<\/script>\n<!-- \/ Yoast SEO plugin. -->","yoast_head_json":{"title":"Salix caprea 'Kilmarnock' ,Cs\u00fcng\u0151 barkaf\u0171z - T\u00e1jkert\u00e9sz","description":"A Salix caprea 'Pendula',Cs\u00fcng\u0151 barkaf\u0171z a legkisebb kerteben is j\u00f3l mutat. A t\u00f6rzs m\u00e9ret\u00e9nek magass\u00e1ga nem v\u00e1ltozik \u00e9vek alatt sem.","robots":{"index":"index","follow":"follow","max-snippet":"max-snippet:-1","max-image-preview":"max-image-preview:large","max-video-preview":"max-video-preview:-1"},"canonical":"https:\/\/tajkertesz.com\/en_US\/product\/salix-caprea-pendulacsungo-barkafuz\/","og_locale":"en_US","og_type":"article","og_title":"Salix caprea 'Kilmarnock' ,Cs\u00fcng\u0151 barkaf\u0171z - T\u00e1jkert\u00e9sz","og_description":"A Salix caprea 'Pendula',Cs\u00fcng\u0151 barkaf\u0171z a legkisebb kerteben is j\u00f3l mutat. A t\u00f6rzs m\u00e9ret\u00e9nek magass\u00e1ga nem v\u00e1ltozik \u00e9vek alatt sem.","og_url":"https:\/\/tajkertesz.com\/en_US\/product\/salix-caprea-pendulacsungo-barkafuz\/","og_site_name":"T\u00e1jkert\u00e9sz","article_publisher":"https:\/\/www.facebook.com\/Tajkertesz\/","article_modified_time":"2025-02-17T15:05:26+00:00","og_image":[{"width":480,"height":640,"url":"https:\/\/tajkertesz.com\/wp-content\/uploads\/2020\/02\/DF3A53AB-DE46-4F7D-96F7-055BA6E9278F-rotated.jpg","type":"image\/jpeg"}],"twitter_card":"summary_large_image","twitter_misc":{"Est. reading time":"2 minutes"},"schema":{"@context":"https:\/\/schema.org","@graph":[{"@type":"WebPage","@id":"https:\/\/tajkertesz.com\/termek\/salix-caprea-pendulacsungo-barkafuz\/","url":"https:\/\/tajkertesz.com\/termek\/salix-caprea-pendulacsungo-barkafuz\/","name":"Salix caprea 'Kilmarnock' ,Cs\u00fcng\u0151 barkaf\u0171z - T\u00e1jkert\u00e9sz","isPartOf":{"@id":"https:\/\/tajkertesz.com\/#website"},"primaryImageOfPage":{"@id":"https:\/\/tajkertesz.com\/termek\/salix-caprea-pendulacsungo-barkafuz\/#primaryimage"},"image":{"@id":"https:\/\/tajkertesz.com\/termek\/salix-caprea-pendulacsungo-barkafuz\/#primaryimage"},"thumbnailUrl":"https:\/\/tajkertesz.com\/wp-content\/uploads\/2020\/02\/DF3A53AB-DE46-4F7D-96F7-055BA6E9278F-rotated.jpg","datePublished":"2020-02-21T10:56:10+00:00","dateModified":"2025-02-17T15:05:26+00:00","description":"A Salix caprea 'Pendula',Cs\u00fcng\u0151 barkaf\u0171z a legkisebb kerteben is j\u00f3l mutat. A t\u00f6rzs m\u00e9ret\u00e9nek magass\u00e1ga nem v\u00e1ltozik \u00e9vek alatt sem.","breadcrumb":{"@id":"https:\/\/tajkertesz.com\/termek\/salix-caprea-pendulacsungo-barkafuz\/#breadcrumb"},"inLanguage":"en-US","potentialAction":[{"@type":"ReadAction","target":["https:\/\/tajkertesz.com\/termek\/salix-caprea-pendulacsungo-barkafuz\/"]}]},{"@type":"ImageObject","inLanguage":"en-US","@id":"https:\/\/tajkertesz.com\/termek\/salix-caprea-pendulacsungo-barkafuz\/#primaryimage","url":"https:\/\/tajkertesz.com\/wp-content\/uploads\/2020\/02\/DF3A53AB-DE46-4F7D-96F7-055BA6E9278F-rotated.jpg","contentUrl":"https:\/\/tajkertesz.com\/wp-content\/uploads\/2020\/02\/DF3A53AB-DE46-4F7D-96F7-055BA6E9278F-rotated.jpg","width":480,"height":640},{"@type":"BreadcrumbList","@id":"https:\/\/tajkertesz.com\/termek\/salix-caprea-pendulacsungo-barkafuz\/#breadcrumb","itemListElement":[{"@type":"ListItem","position":1,"name":"Home","item":"https:\/\/tajkertesz.com\/"},{"@type":"ListItem","position":2,"name":"Kezd\u0151lap","item":"https:\/\/tajkertesz.com\/"},{"@type":"ListItem","position":3,"name":"Salix caprea &#8216;Kilmarnock&#8217; ,Cs\u00fcng\u0151 barkaf\u0171z"}]},{"@type":"WebSite","@id":"https:\/\/tajkertesz.com\/#website","url":"https:\/\/tajkertesz.com\/","name":"T\u00e1j-Kert\u00e9sz 84 Kft.","description":"Kert\u00e9szeti kis- \u00e9s nagykeresked\u00e9s, D\u00edszn\u00f6v\u00e9ny web\u00e1ruh\u00e1z orsz\u00e1gos h\u00e1zhozsz\u00e1ll\u00edt\u00e1ssal!","publisher":{"@id":"https:\/\/tajkertesz.com\/#organization"},"potentialAction":[{"@type":"SearchAction","target":{"@type":"EntryPoint","urlTemplate":"https:\/\/tajkertesz.com\/?s={search_term_string}"},"query-input":{"@type":"PropertyValueSpecification","valueRequired":true,"valueName":"search_term_string"}}],"inLanguage":"en-US"},{"@type":"Organization","@id":"https:\/\/tajkertesz.com\/#organization","name":"T\u00e1j-Kert\u00e9sz 84 Kft.","url":"https:\/\/tajkertesz.com\/","logo":{"@type":"ImageObject","inLanguage":"en-US","@id":"https:\/\/tajkertesz.com\/#\/schema\/logo\/image\/","url":"https:\/\/tajkertesz.com\/wp-content\/uploads\/2018\/02\/logo-2-e1518678052539.png","contentUrl":"https:\/\/tajkertesz.com\/wp-content\/uploads\/2018\/02\/logo-2-e1518678052539.png","width":81,"height":140,"caption":"T\u00e1j-Kert\u00e9sz 84 Kft."},"image":{"@id":"https:\/\/tajkertesz.com\/#\/schema\/logo\/image\/"},"sameAs":["https:\/\/www.facebook.com\/Tajkertesz\/"]}]}},"_links":{"self":[{"href":"https:\/\/tajkertesz.com\/en_US\/wp-json\/wp\/v2\/product\/1006","targetHints":{"allow":["GET"]}}],"collection":[{"href":"https:\/\/tajkertesz.com\/en_US\/wp-json\/wp\/v2\/product"}],"about":[{"href":"https:\/\/tajkertesz.com\/en_US\/wp-json\/wp\/v2\/types\/product"}],"wp:featuredmedia":[{"embeddable":true,"href":"https:\/\/tajkertesz.com\/en_US\/wp-json\/wp\/v2\/media\/1007"}],"wp:attachment":[{"href":"https:\/\/tajkertesz.com\/en_US\/wp-json\/wp\/v2\/media?parent=1006"}],"wp:term":[{"taxonomy":"product_brand","embeddable":true,"href":"https:\/\/tajkertesz.com\/en_US\/wp-json\/wp\/v2\/product_brand?post=1006"},{"taxonomy":"product_cat","embeddable":true,"href":"https:\/\/tajkertesz.com\/en_US\/wp-json\/wp\/v2\/product_cat?post=1006"},{"taxonomy":"product_tag","embeddable":true,"href":"https:\/\/tajkertesz.com\/en_US\/wp-json\/wp\/v2\/product_tag?post=1006"}],"curies":[{"name":"wp","href":"https:\/\/api.w.org\/{rel}","templated":true}]}}