{"id":10071,"date":"2021-10-06T10:54:52","date_gmt":"2021-10-06T10:54:52","guid":{"rendered":"https:\/\/tajkertesz.com\/?post_type=product&#038;p=10071"},"modified":"2024-02-18T08:04:53","modified_gmt":"2024-02-18T08:04:53","slug":"juniperus-chinensis-keteleeri-keskeny-kinai-jegenyeboroka","status":"publish","type":"product","link":"https:\/\/tajkertesz.com\/en_US\/product\/juniperus-chinensis-keteleeri-keskeny-kinai-jegenyeboroka\/","title":{"rendered":"Juniperus chinensis &#8216;Ketteleri&#8217; &#8211; Keskeny k\u00ednai jegenyebor\u00f3ka"},"content":{"rendered":"<div id=\"attachment_13880\" style=\"width: 145px\" class=\"wp-caption alignleft\"><img loading=\"lazy\" decoding=\"async\" aria-describedby=\"caption-attachment-13880\" class=\"size-medium wp-image-13880\" src=\"https:\/\/tajkertesz.com\/wp-content\/uploads\/2021\/10\/20221024_0745031-135x300.jpg\" alt=\"\" width=\"135\" height=\"300\" srcset=\"https:\/\/tajkertesz.com\/wp-content\/uploads\/2021\/10\/20221024_0745031-135x300.jpg 135w, https:\/\/tajkertesz.com\/wp-content\/uploads\/2021\/10\/20221024_0745031-462x1024.jpg 462w, https:\/\/tajkertesz.com\/wp-content\/uploads\/2021\/10\/20221024_0745031-768x1704.jpg 768w, https:\/\/tajkertesz.com\/wp-content\/uploads\/2021\/10\/20221024_0745031-692x1536.jpg 692w, https:\/\/tajkertesz.com\/wp-content\/uploads\/2021\/10\/20221024_0745031-923x2048.jpg 923w, https:\/\/tajkertesz.com\/wp-content\/uploads\/2021\/10\/20221024_0745031-5x12.jpg 5w, https:\/\/tajkertesz.com\/wp-content\/uploads\/2021\/10\/20221024_0745031-600x1331.jpg 600w, https:\/\/tajkertesz.com\/wp-content\/uploads\/2021\/10\/20221024_0745031-64x142.jpg 64w, https:\/\/tajkertesz.com\/wp-content\/uploads\/2021\/10\/20221024_0745031-scaled.jpg 1154w\" sizes=\"(max-width: 135px) 100vw, 135px\" \/><p id=\"caption-attachment-13880\" class=\"wp-caption-text\">Juniperus chinensis &#8216;Ketteleri&#8217;<\/p><\/div>\n<h1 class=\"product-page-heading\"><span class=\"product-page-product-name\">Juniperus chinensis &#8216;Ketteleri&#8217; &#8211; Keskeny k\u00ednai jegenyebor\u00f3ka<\/span><\/h1>\n<p class=\"product-page-heading\"><span class=\"product-page-product-name\">8-10 m\u00e9ter magasra n\u0151v\u0151 karcs\u00fa, fel\u00e1ll\u00f3 \u00e1grendszer\u0171 bor\u00f3kafajta. Bokra szab\u00e1lyos k\u00fap alak\u00fa, pikkelylevelei z\u00f6ldek, t\u00e9len kiss\u00e9 bebarnulnak. Lil\u00e1s tobozbogy\u00f3i szint\u00e9n nagy d\u00edsz\u00edt\u0151\u00e9rt\u00e9ket k\u00f6lcs\u00f6n\u00f6znek a n\u00f6v\u00e9nynek, t\u00e9len pedig a madarak fontos t\u00e1pl\u00e1l\u00e9k\u00e1ul szolg\u00e1lhatnak.<br \/>\nNapos helyet v\u00e1lasszunk neki. J\u00f3 sz\u00e1razs\u00e1gt\u0171r\u0151, az \u00f6nt\u00f6z\u00e9sre az \u00fcltet\u00e9s ut\u00e1ni id\u0151szakban \u00e9rdemes odafigyelni.<\/span><\/p>\n<p>F\u00f6ldlabd\u00e1s 150\/175cm magas<\/p>\n<p>Javasoljuk \u00fcltet\u00e9shez ide kattintva a\u00a0<span style=\"color: #ff0000;\"><a style=\"color: #ff0000;\" href=\"https:\/\/tajkertesz.com\/termek\/florimo-orokzold-viragfold-50-l\/\">Florimo \u00f6r\u00f6kz\u00f6ld n\u00f6v\u00e9ny f\u00f6ldet<\/a>!<\/span><\/p>\n<p><b>K\u00e9szlet\u00fcnk napi szinten v\u00e1ltozik, ez\u00e9rt k\u00e9rj\u00fck, \u00e9rdekl\u0151dj\u00f6n szem\u00e9lyesen, telefonon vagy email-en.<br \/>\nA v\u00e1ltoztat\u00e1s jog\u00e1t fenntartjuk!\u00a0<\/b><\/p>\n<p>&nbsp;<\/p>\n<p><a href=\"https:\/\/tajkertesz.com\/\" target=\"_blank\" rel=\"noopener\" data-saferedirecturl=\"https:\/\/www.google.com\/url?q=https:\/\/tajkertesz.com\/&amp;source=gmail&amp;ust=1666170390873000&amp;usg=AOvVaw246SUy_k-vsTc4v7MZShIp\">https:\/\/tajkertesz.com\/<\/a><\/p>\n<p><a href=\"https:\/\/www.facebook.com\/tajkertesz\/\" target=\"_blank\" rel=\"noopener\" data-saferedirecturl=\"https:\/\/www.google.com\/url?q=https:\/\/www.facebook.com\/tajkertesz\/&amp;source=gmail&amp;ust=1666170390873000&amp;usg=AOvVaw0j7b4GED9VpgPUOtu4R02M\">https:\/\/www.facebook.com\/<wbr \/>tajkertesz\/<\/a><\/p>\n<p>Kisz\u00e1ll\u00edt\u00e1s: 200cm-ig \u00a0\u00e9s 40 kg-ig a sz\u00e1ll\u00edt\u00e1s fut\u00e1rszolg\u00e1lattal \u00a0t\u00f6rt\u00e9nik.<\/p>\n<p>Szem\u00e9lyes \u00e1tv\u00e9tel nyitvatart\u00e1si id\u0151ben a 17. ker\u00fclet Bakancsos utca 7. sz\u00e1m alatti Kert\u00e9szeti \u00e1rud\u00e1ban.<\/p>","protected":false},"excerpt":{"rendered":"<p class=\"product-page-heading\"><span class=\"product-page-product-name\">Juniperus chinensis &#8216;Keteleeri&#8217; &#8211; Keskeny k\u00ednai jegenyebor\u00f3ka<\/span><\/p>","protected":false},"featured_media":13880,"template":"","meta":{"_et_pb_use_builder":"","_et_pb_old_content":"","_et_gb_content_width":""},"product_brand":[],"product_cat":[26],"product_tag":[2901],"class_list":{"0":"post-10071","1":"product","2":"type-product","3":"status-publish","4":"has-post-thumbnail","6":"product_cat-orokzold-novenyek","7":"product_tag-juniperus-chinensis-keteleeri-keskeny-kinai-jegenyeboroka","9":"first","10":"outofstock","11":"shipping-taxable","12":"product-type-simple"},"yoast_head":"<!-- This site is optimized with the Yoast SEO plugin v27.5 - https:\/\/yoast.com\/product\/yoast-seo-wordpress\/ -->\n<title>Juniperus chinensis &#039;Ketteleri&#039; - Keskeny k\u00ednai jegenyebor\u00f3ka - T\u00e1jkert\u00e9sz<\/title>\n<meta name=\"description\" content=\"Juniperus chinensis &#039;Keteleeri&#039; - Keskeny k\u00ednai jegenyebor\u00f3ka, 8-10 m\u00e9ter magasra n\u00f6v\u0151 karcs\u00fa, fel\u00e1ll\u00f3 \u00e1grendszer\u0171 bor\u00f3kafajta. Bokra szab\u00e1lyos k\u00fap alak\u00fa\" \/>\n<meta name=\"robots\" content=\"index, follow, max-snippet:-1, max-image-preview:large, max-video-preview:-1\" \/>\n<link rel=\"canonical\" href=\"https:\/\/tajkertesz.com\/en_US\/product\/juniperus-chinensis-keteleeri-keskeny-kinai-jegenyeboroka\/\" \/>\n<meta property=\"og:locale\" content=\"en_US\" \/>\n<meta property=\"og:type\" content=\"article\" \/>\n<meta property=\"og:title\" content=\"Juniperus chinensis &#039;Ketteleri&#039; - Keskeny k\u00ednai jegenyebor\u00f3ka - T\u00e1jkert\u00e9sz\" \/>\n<meta property=\"og:description\" content=\"Juniperus chinensis &#039;Keteleeri&#039; - Keskeny k\u00ednai jegenyebor\u00f3ka, 8-10 m\u00e9ter magasra n\u00f6v\u0151 karcs\u00fa, fel\u00e1ll\u00f3 \u00e1grendszer\u0171 bor\u00f3kafajta. Bokra szab\u00e1lyos k\u00fap alak\u00fa\" \/>\n<meta property=\"og:url\" content=\"https:\/\/tajkertesz.com\/en_US\/product\/juniperus-chinensis-keteleeri-keskeny-kinai-jegenyeboroka\/\" \/>\n<meta property=\"og:site_name\" content=\"T\u00e1jkert\u00e9sz\" \/>\n<meta property=\"article:publisher\" content=\"https:\/\/www.facebook.com\/Tajkertesz\/\" \/>\n<meta property=\"article:modified_time\" content=\"2024-02-18T08:04:53+00:00\" \/>\n<meta property=\"og:image\" content=\"https:\/\/tajkertesz.com\/wp-content\/uploads\/2021\/10\/20221024_0745031-scaled.jpg\" \/>\n\t<meta property=\"og:image:width\" content=\"1154\" \/>\n\t<meta property=\"og:image:height\" content=\"2560\" \/>\n\t<meta property=\"og:image:type\" content=\"image\/jpeg\" \/>\n<meta name=\"twitter:card\" content=\"summary_large_image\" \/>\n<meta name=\"twitter:label1\" content=\"Est. reading time\" \/>\n\t<meta name=\"twitter:data1\" content=\"2 minutes\" \/>\n<script type=\"application\/ld+json\" class=\"yoast-schema-graph\">{\"@context\":\"https:\\\/\\\/schema.org\",\"@graph\":[{\"@type\":\"WebPage\",\"@id\":\"https:\\\/\\\/tajkertesz.com\\\/termek\\\/juniperus-chinensis-keteleeri-keskeny-kinai-jegenyeboroka\\\/\",\"url\":\"https:\\\/\\\/tajkertesz.com\\\/termek\\\/juniperus-chinensis-keteleeri-keskeny-kinai-jegenyeboroka\\\/\",\"name\":\"Juniperus chinensis 'Ketteleri' - Keskeny k\u00ednai jegenyebor\u00f3ka - T\u00e1jkert\u00e9sz\",\"isPartOf\":{\"@id\":\"https:\\\/\\\/tajkertesz.com\\\/#website\"},\"primaryImageOfPage\":{\"@id\":\"https:\\\/\\\/tajkertesz.com\\\/termek\\\/juniperus-chinensis-keteleeri-keskeny-kinai-jegenyeboroka\\\/#primaryimage\"},\"image\":{\"@id\":\"https:\\\/\\\/tajkertesz.com\\\/termek\\\/juniperus-chinensis-keteleeri-keskeny-kinai-jegenyeboroka\\\/#primaryimage\"},\"thumbnailUrl\":\"https:\\\/\\\/tajkertesz.com\\\/wp-content\\\/uploads\\\/2021\\\/10\\\/20221024_0745031-scaled.jpg\",\"datePublished\":\"2021-10-06T10:54:52+00:00\",\"dateModified\":\"2024-02-18T08:04:53+00:00\",\"description\":\"Juniperus chinensis 'Keteleeri' - Keskeny k\u00ednai jegenyebor\u00f3ka, 8-10 m\u00e9ter magasra n\u00f6v\u0151 karcs\u00fa, fel\u00e1ll\u00f3 \u00e1grendszer\u0171 bor\u00f3kafajta. Bokra szab\u00e1lyos k\u00fap alak\u00fa\",\"breadcrumb\":{\"@id\":\"https:\\\/\\\/tajkertesz.com\\\/termek\\\/juniperus-chinensis-keteleeri-keskeny-kinai-jegenyeboroka\\\/#breadcrumb\"},\"inLanguage\":\"en-US\",\"potentialAction\":[{\"@type\":\"ReadAction\",\"target\":[\"https:\\\/\\\/tajkertesz.com\\\/termek\\\/juniperus-chinensis-keteleeri-keskeny-kinai-jegenyeboroka\\\/\"]}]},{\"@type\":\"ImageObject\",\"inLanguage\":\"en-US\",\"@id\":\"https:\\\/\\\/tajkertesz.com\\\/termek\\\/juniperus-chinensis-keteleeri-keskeny-kinai-jegenyeboroka\\\/#primaryimage\",\"url\":\"https:\\\/\\\/tajkertesz.com\\\/wp-content\\\/uploads\\\/2021\\\/10\\\/20221024_0745031-scaled.jpg\",\"contentUrl\":\"https:\\\/\\\/tajkertesz.com\\\/wp-content\\\/uploads\\\/2021\\\/10\\\/20221024_0745031-scaled.jpg\",\"width\":1154,\"height\":2560,\"caption\":\"Juniperus chinensis 'Ketteleri'\"},{\"@type\":\"BreadcrumbList\",\"@id\":\"https:\\\/\\\/tajkertesz.com\\\/termek\\\/juniperus-chinensis-keteleeri-keskeny-kinai-jegenyeboroka\\\/#breadcrumb\",\"itemListElement\":[{\"@type\":\"ListItem\",\"position\":1,\"name\":\"Home\",\"item\":\"https:\\\/\\\/tajkertesz.com\\\/\"},{\"@type\":\"ListItem\",\"position\":2,\"name\":\"Kezd\u0151lap\",\"item\":\"https:\\\/\\\/tajkertesz.com\\\/\"},{\"@type\":\"ListItem\",\"position\":3,\"name\":\"Juniperus chinensis &#8216;Ketteleri&#8217; &#8211; Keskeny k\u00ednai jegenyebor\u00f3ka\"}]},{\"@type\":\"WebSite\",\"@id\":\"https:\\\/\\\/tajkertesz.com\\\/#website\",\"url\":\"https:\\\/\\\/tajkertesz.com\\\/\",\"name\":\"T\u00e1j-Kert\u00e9sz 84 Kft.\",\"description\":\"Kert\u00e9szeti kis- \u00e9s nagykeresked\u00e9s, D\u00edszn\u00f6v\u00e9ny web\u00e1ruh\u00e1z orsz\u00e1gos h\u00e1zhozsz\u00e1ll\u00edt\u00e1ssal!\",\"publisher\":{\"@id\":\"https:\\\/\\\/tajkertesz.com\\\/#organization\"},\"potentialAction\":[{\"@type\":\"SearchAction\",\"target\":{\"@type\":\"EntryPoint\",\"urlTemplate\":\"https:\\\/\\\/tajkertesz.com\\\/?s={search_term_string}\"},\"query-input\":{\"@type\":\"PropertyValueSpecification\",\"valueRequired\":true,\"valueName\":\"search_term_string\"}}],\"inLanguage\":\"en-US\"},{\"@type\":\"Organization\",\"@id\":\"https:\\\/\\\/tajkertesz.com\\\/#organization\",\"name\":\"T\u00e1j-Kert\u00e9sz 84 Kft.\",\"url\":\"https:\\\/\\\/tajkertesz.com\\\/\",\"logo\":{\"@type\":\"ImageObject\",\"inLanguage\":\"en-US\",\"@id\":\"https:\\\/\\\/tajkertesz.com\\\/#\\\/schema\\\/logo\\\/image\\\/\",\"url\":\"https:\\\/\\\/tajkertesz.com\\\/wp-content\\\/uploads\\\/2018\\\/02\\\/logo-2-e1518678052539.png\",\"contentUrl\":\"https:\\\/\\\/tajkertesz.com\\\/wp-content\\\/uploads\\\/2018\\\/02\\\/logo-2-e1518678052539.png\",\"width\":81,\"height\":140,\"caption\":\"T\u00e1j-Kert\u00e9sz 84 Kft.\"},\"image\":{\"@id\":\"https:\\\/\\\/tajkertesz.com\\\/#\\\/schema\\\/logo\\\/image\\\/\"},\"sameAs\":[\"https:\\\/\\\/www.facebook.com\\\/Tajkertesz\\\/\"]}]}<\/script>\n<!-- \/ Yoast SEO plugin. -->","yoast_head_json":{"title":"Juniperus chinensis 'Ketteleri' - Keskeny k\u00ednai jegenyebor\u00f3ka - T\u00e1jkert\u00e9sz","description":"Juniperus chinensis 'Keteleeri' - Keskeny k\u00ednai jegenyebor\u00f3ka, 8-10 m\u00e9ter magasra n\u00f6v\u0151 karcs\u00fa, fel\u00e1ll\u00f3 \u00e1grendszer\u0171 bor\u00f3kafajta. Bokra szab\u00e1lyos k\u00fap alak\u00fa","robots":{"index":"index","follow":"follow","max-snippet":"max-snippet:-1","max-image-preview":"max-image-preview:large","max-video-preview":"max-video-preview:-1"},"canonical":"https:\/\/tajkertesz.com\/en_US\/product\/juniperus-chinensis-keteleeri-keskeny-kinai-jegenyeboroka\/","og_locale":"en_US","og_type":"article","og_title":"Juniperus chinensis 'Ketteleri' - Keskeny k\u00ednai jegenyebor\u00f3ka - T\u00e1jkert\u00e9sz","og_description":"Juniperus chinensis 'Keteleeri' - Keskeny k\u00ednai jegenyebor\u00f3ka, 8-10 m\u00e9ter magasra n\u00f6v\u0151 karcs\u00fa, fel\u00e1ll\u00f3 \u00e1grendszer\u0171 bor\u00f3kafajta. Bokra szab\u00e1lyos k\u00fap alak\u00fa","og_url":"https:\/\/tajkertesz.com\/en_US\/product\/juniperus-chinensis-keteleeri-keskeny-kinai-jegenyeboroka\/","og_site_name":"T\u00e1jkert\u00e9sz","article_publisher":"https:\/\/www.facebook.com\/Tajkertesz\/","article_modified_time":"2024-02-18T08:04:53+00:00","og_image":[{"width":1154,"height":2560,"url":"https:\/\/tajkertesz.com\/wp-content\/uploads\/2021\/10\/20221024_0745031-scaled.jpg","type":"image\/jpeg"}],"twitter_card":"summary_large_image","twitter_misc":{"Est. reading time":"2 minutes"},"schema":{"@context":"https:\/\/schema.org","@graph":[{"@type":"WebPage","@id":"https:\/\/tajkertesz.com\/termek\/juniperus-chinensis-keteleeri-keskeny-kinai-jegenyeboroka\/","url":"https:\/\/tajkertesz.com\/termek\/juniperus-chinensis-keteleeri-keskeny-kinai-jegenyeboroka\/","name":"Juniperus chinensis 'Ketteleri' - Keskeny k\u00ednai jegenyebor\u00f3ka - T\u00e1jkert\u00e9sz","isPartOf":{"@id":"https:\/\/tajkertesz.com\/#website"},"primaryImageOfPage":{"@id":"https:\/\/tajkertesz.com\/termek\/juniperus-chinensis-keteleeri-keskeny-kinai-jegenyeboroka\/#primaryimage"},"image":{"@id":"https:\/\/tajkertesz.com\/termek\/juniperus-chinensis-keteleeri-keskeny-kinai-jegenyeboroka\/#primaryimage"},"thumbnailUrl":"https:\/\/tajkertesz.com\/wp-content\/uploads\/2021\/10\/20221024_0745031-scaled.jpg","datePublished":"2021-10-06T10:54:52+00:00","dateModified":"2024-02-18T08:04:53+00:00","description":"Juniperus chinensis 'Keteleeri' - Keskeny k\u00ednai jegenyebor\u00f3ka, 8-10 m\u00e9ter magasra n\u00f6v\u0151 karcs\u00fa, fel\u00e1ll\u00f3 \u00e1grendszer\u0171 bor\u00f3kafajta. Bokra szab\u00e1lyos k\u00fap alak\u00fa","breadcrumb":{"@id":"https:\/\/tajkertesz.com\/termek\/juniperus-chinensis-keteleeri-keskeny-kinai-jegenyeboroka\/#breadcrumb"},"inLanguage":"en-US","potentialAction":[{"@type":"ReadAction","target":["https:\/\/tajkertesz.com\/termek\/juniperus-chinensis-keteleeri-keskeny-kinai-jegenyeboroka\/"]}]},{"@type":"ImageObject","inLanguage":"en-US","@id":"https:\/\/tajkertesz.com\/termek\/juniperus-chinensis-keteleeri-keskeny-kinai-jegenyeboroka\/#primaryimage","url":"https:\/\/tajkertesz.com\/wp-content\/uploads\/2021\/10\/20221024_0745031-scaled.jpg","contentUrl":"https:\/\/tajkertesz.com\/wp-content\/uploads\/2021\/10\/20221024_0745031-scaled.jpg","width":1154,"height":2560,"caption":"Juniperus chinensis 'Ketteleri'"},{"@type":"BreadcrumbList","@id":"https:\/\/tajkertesz.com\/termek\/juniperus-chinensis-keteleeri-keskeny-kinai-jegenyeboroka\/#breadcrumb","itemListElement":[{"@type":"ListItem","position":1,"name":"Home","item":"https:\/\/tajkertesz.com\/"},{"@type":"ListItem","position":2,"name":"Kezd\u0151lap","item":"https:\/\/tajkertesz.com\/"},{"@type":"ListItem","position":3,"name":"Juniperus chinensis &#8216;Ketteleri&#8217; &#8211; Keskeny k\u00ednai jegenyebor\u00f3ka"}]},{"@type":"WebSite","@id":"https:\/\/tajkertesz.com\/#website","url":"https:\/\/tajkertesz.com\/","name":"T\u00e1j-Kert\u00e9sz 84 Kft.","description":"Kert\u00e9szeti kis- \u00e9s nagykeresked\u00e9s, D\u00edszn\u00f6v\u00e9ny web\u00e1ruh\u00e1z orsz\u00e1gos h\u00e1zhozsz\u00e1ll\u00edt\u00e1ssal!","publisher":{"@id":"https:\/\/tajkertesz.com\/#organization"},"potentialAction":[{"@type":"SearchAction","target":{"@type":"EntryPoint","urlTemplate":"https:\/\/tajkertesz.com\/?s={search_term_string}"},"query-input":{"@type":"PropertyValueSpecification","valueRequired":true,"valueName":"search_term_string"}}],"inLanguage":"en-US"},{"@type":"Organization","@id":"https:\/\/tajkertesz.com\/#organization","name":"T\u00e1j-Kert\u00e9sz 84 Kft.","url":"https:\/\/tajkertesz.com\/","logo":{"@type":"ImageObject","inLanguage":"en-US","@id":"https:\/\/tajkertesz.com\/#\/schema\/logo\/image\/","url":"https:\/\/tajkertesz.com\/wp-content\/uploads\/2018\/02\/logo-2-e1518678052539.png","contentUrl":"https:\/\/tajkertesz.com\/wp-content\/uploads\/2018\/02\/logo-2-e1518678052539.png","width":81,"height":140,"caption":"T\u00e1j-Kert\u00e9sz 84 Kft."},"image":{"@id":"https:\/\/tajkertesz.com\/#\/schema\/logo\/image\/"},"sameAs":["https:\/\/www.facebook.com\/Tajkertesz\/"]}]}},"_links":{"self":[{"href":"https:\/\/tajkertesz.com\/en_US\/wp-json\/wp\/v2\/product\/10071","targetHints":{"allow":["GET"]}}],"collection":[{"href":"https:\/\/tajkertesz.com\/en_US\/wp-json\/wp\/v2\/product"}],"about":[{"href":"https:\/\/tajkertesz.com\/en_US\/wp-json\/wp\/v2\/types\/product"}],"wp:featuredmedia":[{"embeddable":true,"href":"https:\/\/tajkertesz.com\/en_US\/wp-json\/wp\/v2\/media\/13880"}],"wp:attachment":[{"href":"https:\/\/tajkertesz.com\/en_US\/wp-json\/wp\/v2\/media?parent=10071"}],"wp:term":[{"taxonomy":"product_brand","embeddable":true,"href":"https:\/\/tajkertesz.com\/en_US\/wp-json\/wp\/v2\/product_brand?post=10071"},{"taxonomy":"product_cat","embeddable":true,"href":"https:\/\/tajkertesz.com\/en_US\/wp-json\/wp\/v2\/product_cat?post=10071"},{"taxonomy":"product_tag","embeddable":true,"href":"https:\/\/tajkertesz.com\/en_US\/wp-json\/wp\/v2\/product_tag?post=10071"}],"curies":[{"name":"wp","href":"https:\/\/api.w.org\/{rel}","templated":true}]}}