{"id":10170,"date":"2021-10-07T06:34:21","date_gmt":"2021-10-07T06:34:21","guid":{"rendered":"https:\/\/tajkertesz.com\/?post_type=product&#038;p=10170"},"modified":"2026-02-25T10:54:18","modified_gmt":"2026-02-25T10:54:18","slug":"pinus-mugo-var-pumilio-torpefenyo","status":"publish","type":"product","link":"https:\/\/tajkertesz.com\/en_US\/product\/pinus-mugo-var-pumilio-torpefenyo\/","title":{"rendered":"Pinus mugo pumilio &#8211; T\u00f6rpefeny\u0151"},"content":{"rendered":"<h1>Pinus mugo pumilio &#8211; T\u00f6rpefeny\u0151<\/h1>\n<p>A Pinus mugo\u00a0 pumilio &#8211; T\u00f6rpefeny\u0151 lass\u00fa n\u00f6veked\u00e9s\u0171, alacsony termet\u0171 \u00f6r\u00f6kz\u00f6ld, kis m\u00e9rete miatt j\u00f3 v\u00e1laszt\u00e1s lehet kisebb n\u00f6v\u00e9nycsoportokba, vagy sziklakertbe is.<\/p>\n<h2>Pinus mugo pumilio &#8211; T\u00f6rpefeny\u0151<\/h2>\n<ul>\n<li><strong>M\u00e9ret<\/strong>: Lass\u00fa n\u00f6veked\u00e9s\u0171, v\u00e9gs\u0151 magass\u00e1ga \u00e1ltal\u00e1ban 0,5-1 m\u00e9ter, sz\u00e9less\u00e9ge pedig 1-2 m\u00e9ter.<\/li>\n<li><strong>Alak<\/strong>: Kompakt, g\u00f6mb alak\u00fa lombozat.<\/li>\n<li><strong>T\u0171levelek<\/strong>: S\u0171r\u0171, kettes\u00e9vel \u00e1ll\u00f3 t\u0171levelek, amelyek s\u00f6t\u00e9tz\u00f6ld sz\u00edn\u0171ek.<\/li>\n<li><strong>Tobozok<\/strong>: Kicsi, lil\u00e1s-barn\u00e1k, amelyek k\u00e9s\u0151bb barn\u00e1ra \u00e9rnek.<\/li>\n<li><strong>N\u00f6veked\u00e9si k\u00f6r\u00fclm\u00e9nyek<\/strong>: J\u00f3l t\u0171ri a hideget \u00e9s a nedves kl\u00edm\u00e1t, napos vagy f\u00e9l\u00e1rny\u00e9kos helyen \u00e9rzi j\u00f3l mag\u00e1t.<\/li>\n<li><strong>Talajig\u00e9ny<\/strong>: J\u00f3 v\u00edzelvezet\u00e9s\u0171, enyh\u00e9n savas vagy semleges talajt kedveli.<\/li>\n<li><strong>Gondoz\u00e1s<\/strong>: Kev\u00e9s gondoz\u00e1st ig\u00e9nyel, de a pang\u00f3 vizet nem kedveli.<\/li>\n<\/ul>\n<h3>A t\u00f6rpefeny\u0151 gondoz\u00e1sa<\/h3>\n<ol>\n<li><strong>\u00d6nt\u00f6z\u00e9s<\/strong>: Rendszeresen \u00f6nt\u00f6zz\u00fck, k\u00fcl\u00f6n\u00f6sen a sz\u00e1raz id\u0151szakokban. \u00dcgyelj\u00fcnk arra, hogy a talaj ne sz\u00e1radjon ki teljesen, de a pang\u00f3 vizet is ker\u00fclni kell.<\/li>\n<li><strong>Talaj<\/strong>: A t\u00f6rpefeny\u0151 j\u00f3l \u00e9rzi mag\u00e1t a j\u00f3 v\u00edzelvezet\u00e9s\u0171, enyh\u00e9n savas vagy semleges talajban. Ha sz\u00fcks\u00e9ges, jav\u00edtsuk a talajt komposzttal vagy t\u0151zeggel.<\/li>\n<li><strong>F\u00e9nyig\u00e9ny<\/strong>: Napos vagy f\u00e9l\u00e1rny\u00e9kos helyre \u00fcltess\u00fck. A teljes \u00e1rny\u00e9kot nem kedveli, mert a n\u00f6veked\u00e9se lassulhat.<\/li>\n<li><strong>Metsz\u00e9s<\/strong>: Tavasszal vagy kora ny\u00e1ron metssz\u00fck meg, hogy meg\u0151rizz\u00fck a k\u00edv\u00e1nt form\u00e1t \u00e9s el\u0151seg\u00edts\u00fck a s\u0171r\u0171bb n\u00f6veked\u00e9st. T\u00e1vol\u00edtsuk el az elhalt vagy s\u00e9r\u00fclt \u00e1gakat.<\/li>\n<li><strong>T\u00e1panyag<\/strong>: Tavasszal \u00e9s \u0151sszel adjunk neki lassan old\u00f3d\u00f3 m\u0171tr\u00e1gy\u00e1t, hogy biztos\u00edtsuk a megfelel\u0151 t\u00e1panyagell\u00e1t\u00e1st.<\/li>\n<li><strong>T\u00e9li v\u00e9delem<\/strong>:\u00a0 T\u00e9len v\u00e9dj\u00fck a gy\u00f6kereket mulccsal, \u00e9s sz\u00fcks\u00e9g eset\u00e9n takarjuk le a n\u00f6v\u00e9nyt, hogy meg\u00f3vjuk a hidegt\u0151l.<\/li>\n<\/ol>\n<p>&nbsp;<\/p>\n<h4>\u00dcltet\u00e9se<\/h4>\n<ul>\n<li><strong>Hely kiv\u00e1laszt\u00e1sa:<\/strong> V\u00e1lasszunk egy napos vagy f\u00e9l\u00e1rny\u00e9kos helyet.<\/li>\n<li><strong>Talaj el\u0151k\u00e9sz\u00edt\u00e9se:<\/strong> A talaj legyen j\u00f3 v\u00edzelvezet\u00e9s\u0171, enyh\u00e9n savas vagy semleges. Ha sz\u00fcks\u00e9ges, jav\u00edtsd a talajt komposzttal vagy t\u0151zeggel.<\/li>\n<li><strong>\u00dcltet\u0151 g\u00f6d\u00f6r:<\/strong> \u00c1ss egy g\u00f6dr\u00f6t, amely k\u00e9tszer akkora, mint a n\u00f6v\u00e9ny f\u00f6ldlabd\u00e1ja. Ez biztos\u00edtja, hogy a gy\u00f6kerek k\u00f6nnyen terjedhessenek2.<\/li>\n<li><strong>\u00dcltet\u00e9s:<\/strong> Helyezd a n\u00f6v\u00e9nyt a g\u00f6d\u00f6rbe \u00fagy, hogy a gy\u00f6k\u00e9rnyak a talajszinttel egy vonalban legyen. T\u00f6ltsd vissza a f\u00f6ldet, \u00e9s \u00f3vatosan t\u00f6m\u00f6r\u00edtsd k\u00f6r\u00fcl\u00f6tte2.<\/li>\n<li><strong>\u00d6nt\u00f6z\u00e9s:<\/strong> \u00dcltet\u00e9s ut\u00e1n alaposan \u00f6nt\u00f6zd meg a n\u00f6v\u00e9nyt. Az els\u0151 \u00e9vben rendszeresen \u00f6nt\u00f6zd, hogy a gy\u00f6kerek j\u00f3l meger\u0151s\u00f6djenek2.<\/li>\n<li><strong>Mulcsoz\u00e1s:<\/strong> Ter\u00edts egy r\u00e9teg mulcsot a n\u00f6v\u00e9ny t\u00f6v\u00e9hez, hogy meg\u0151rizd a talaj nedvess\u00e9g\u00e9t \u00e9s h\u0151m\u00e9rs\u00e9klet\u00e9t<\/li>\n<\/ul>\n<p>&nbsp;<\/p>\n<p><span style=\"font-family: 'Ubuntu',serif; color: black;\">K\u00e9szlet\u00fcnk napi szinten v\u00e1ltozik, ez\u00e9rt k\u00e9rj\u00fck, \u00e9rdekl\u0151dj\u00f6n szem\u00e9lyesen, telefonon vagy email-en.<\/span><\/p>\n<p style=\"line-height: 18.0pt; background: white; margin: 0cm 0cm 15.0pt 0cm;\"><b><span style=\"font-family: 'Ubuntu',serif; color: black;\">A v\u00e1ltoztat\u00e1s jog\u00e1t fenntartjuk!\u00a0<\/span><\/b><\/p>\n<p><a href=\"https:\/\/tajkertesz.com\/\">https:\/\/tajkertesz.com\/<\/a><\/p>\n<p><a href=\"https:\/\/www.facebook.com\/tajkertesz\">https:\/\/www.facebook.com\/tajkertesz<\/a><\/p>\n<p>Sz\u00e1ll\u00edt\u00e1s fut\u00e1rszolg\u00e1lattal 200 cm \u00e9s 40 kg-ig lehets\u00e9ges, ezen m\u00e9retek felett egyedi sz\u00e1ll\u00edt\u00e1s egyeztet\u00e9se sz\u00fcks\u00e9ges.<\/p>\n<p>&nbsp;<\/p>","protected":false},"excerpt":{"rendered":"<h1>Pinus mugo var. pumilio &#8211; T\u00f6rpefeny\u0151<\/h1>\n<p>Lass\u00fa n\u00f6veked\u00e9s\u0171, alacsony termet\u0171 \u00f6r\u00f6kz\u00f6ld, kis m\u00e9rete miatt j\u00f3 v\u00e1laszt\u00e1s lehet, kisebb n\u00f6v\u00e9nycsoportokba, vagy sziklakertbe is.<\/p>","protected":false},"featured_media":21148,"template":"","meta":{"_et_pb_use_builder":"","_et_pb_old_content":"","_et_gb_content_width":""},"product_brand":[],"product_cat":[4078],"product_tag":[2927],"class_list":{"0":"post-10170","1":"product","2":"type-product","3":"status-publish","4":"has-post-thumbnail","6":"product_cat-egyeb-fenyofekek","7":"product_tag-pinus-mugo-var-pumilio-pumilio-torpefenyo","9":"first","10":"instock","11":"shipping-taxable","12":"purchasable","13":"product-type-simple"},"yoast_head":"<!-- This site is optimized with the Yoast SEO plugin v27.5 - https:\/\/yoast.com\/product\/yoast-seo-wordpress\/ -->\n<title>Pinus mugo pumilio - T\u00f6rpefeny\u0151 - T\u00e1jkert\u00e9sz<\/title>\n<meta name=\"description\" content=\"Pinus mugo pumilio- T\u00f6rpefeny\u0151. Lass\u00fa n\u00f6veked\u00e9s\u0171, alacsony termet\u0171 \u00f6r\u00f6kz\u00f6ld, j\u00f3 v\u00e1laszt\u00e1s lehet kisebb n\u00f6v\u00e9nycsoportokba, vagy sziklakertbe is.\" \/>\n<meta name=\"robots\" content=\"index, follow, max-snippet:-1, max-image-preview:large, max-video-preview:-1\" \/>\n<link rel=\"canonical\" href=\"https:\/\/tajkertesz.com\/en_US\/product\/pinus-mugo-var-pumilio-torpefenyo\/\" \/>\n<meta property=\"og:locale\" content=\"en_US\" \/>\n<meta property=\"og:type\" content=\"article\" \/>\n<meta property=\"og:title\" content=\"Pinus mugo pumilio - T\u00f6rpefeny\u0151 - T\u00e1jkert\u00e9sz\" \/>\n<meta property=\"og:description\" content=\"Pinus mugo pumilio- T\u00f6rpefeny\u0151. Lass\u00fa n\u00f6veked\u00e9s\u0171, alacsony termet\u0171 \u00f6r\u00f6kz\u00f6ld, j\u00f3 v\u00e1laszt\u00e1s lehet kisebb n\u00f6v\u00e9nycsoportokba, vagy sziklakertbe is.\" \/>\n<meta property=\"og:url\" content=\"https:\/\/tajkertesz.com\/en_US\/product\/pinus-mugo-var-pumilio-torpefenyo\/\" \/>\n<meta property=\"og:site_name\" content=\"T\u00e1jkert\u00e9sz\" \/>\n<meta property=\"article:publisher\" content=\"https:\/\/www.facebook.com\/Tajkertesz\/\" \/>\n<meta property=\"article:modified_time\" content=\"2026-02-25T10:54:18+00:00\" \/>\n<meta property=\"og:image\" content=\"https:\/\/tajkertesz.com\/wp-content\/uploads\/2022\/12\/20240925_121341-scaled.jpg\" \/>\n\t<meta property=\"og:image:width\" content=\"1920\" \/>\n\t<meta property=\"og:image:height\" content=\"2560\" \/>\n\t<meta property=\"og:image:type\" content=\"image\/jpeg\" \/>\n<meta name=\"twitter:card\" content=\"summary_large_image\" \/>\n<meta name=\"twitter:label1\" content=\"Est. reading time\" \/>\n\t<meta name=\"twitter:data1\" content=\"3 minutes\" \/>\n<script type=\"application\/ld+json\" class=\"yoast-schema-graph\">{\"@context\":\"https:\\\/\\\/schema.org\",\"@graph\":[{\"@type\":\"WebPage\",\"@id\":\"https:\\\/\\\/tajkertesz.com\\\/termek\\\/pinus-mugo-var-pumilio-torpefenyo\\\/\",\"url\":\"https:\\\/\\\/tajkertesz.com\\\/termek\\\/pinus-mugo-var-pumilio-torpefenyo\\\/\",\"name\":\"Pinus mugo pumilio - T\u00f6rpefeny\u0151 - T\u00e1jkert\u00e9sz\",\"isPartOf\":{\"@id\":\"https:\\\/\\\/tajkertesz.com\\\/#website\"},\"primaryImageOfPage\":{\"@id\":\"https:\\\/\\\/tajkertesz.com\\\/termek\\\/pinus-mugo-var-pumilio-torpefenyo\\\/#primaryimage\"},\"image\":{\"@id\":\"https:\\\/\\\/tajkertesz.com\\\/termek\\\/pinus-mugo-var-pumilio-torpefenyo\\\/#primaryimage\"},\"thumbnailUrl\":\"https:\\\/\\\/tajkertesz.com\\\/wp-content\\\/uploads\\\/2022\\\/12\\\/20240925_121341-scaled.jpg\",\"datePublished\":\"2021-10-07T06:34:21+00:00\",\"dateModified\":\"2026-02-25T10:54:18+00:00\",\"description\":\"Pinus mugo pumilio- T\u00f6rpefeny\u0151. Lass\u00fa n\u00f6veked\u00e9s\u0171, alacsony termet\u0171 \u00f6r\u00f6kz\u00f6ld, j\u00f3 v\u00e1laszt\u00e1s lehet kisebb n\u00f6v\u00e9nycsoportokba, vagy sziklakertbe is.\",\"breadcrumb\":{\"@id\":\"https:\\\/\\\/tajkertesz.com\\\/termek\\\/pinus-mugo-var-pumilio-torpefenyo\\\/#breadcrumb\"},\"inLanguage\":\"en-US\",\"potentialAction\":[{\"@type\":\"ReadAction\",\"target\":[\"https:\\\/\\\/tajkertesz.com\\\/termek\\\/pinus-mugo-var-pumilio-torpefenyo\\\/\"]}]},{\"@type\":\"ImageObject\",\"inLanguage\":\"en-US\",\"@id\":\"https:\\\/\\\/tajkertesz.com\\\/termek\\\/pinus-mugo-var-pumilio-torpefenyo\\\/#primaryimage\",\"url\":\"https:\\\/\\\/tajkertesz.com\\\/wp-content\\\/uploads\\\/2022\\\/12\\\/20240925_121341-scaled.jpg\",\"contentUrl\":\"https:\\\/\\\/tajkertesz.com\\\/wp-content\\\/uploads\\\/2022\\\/12\\\/20240925_121341-scaled.jpg\",\"width\":1920,\"height\":2560,\"caption\":\"Pinus mugo Pumilio\"},{\"@type\":\"BreadcrumbList\",\"@id\":\"https:\\\/\\\/tajkertesz.com\\\/termek\\\/pinus-mugo-var-pumilio-torpefenyo\\\/#breadcrumb\",\"itemListElement\":[{\"@type\":\"ListItem\",\"position\":1,\"name\":\"Home\",\"item\":\"https:\\\/\\\/tajkertesz.com\\\/\"},{\"@type\":\"ListItem\",\"position\":2,\"name\":\"Kezd\u0151lap\",\"item\":\"https:\\\/\\\/tajkertesz.com\\\/\"},{\"@type\":\"ListItem\",\"position\":3,\"name\":\"Pinus mugo pumilio &#8211; T\u00f6rpefeny\u0151\"}]},{\"@type\":\"WebSite\",\"@id\":\"https:\\\/\\\/tajkertesz.com\\\/#website\",\"url\":\"https:\\\/\\\/tajkertesz.com\\\/\",\"name\":\"T\u00e1j-Kert\u00e9sz 84 Kft.\",\"description\":\"Kert\u00e9szeti kis- \u00e9s nagykeresked\u00e9s, D\u00edszn\u00f6v\u00e9ny web\u00e1ruh\u00e1z orsz\u00e1gos h\u00e1zhozsz\u00e1ll\u00edt\u00e1ssal!\",\"publisher\":{\"@id\":\"https:\\\/\\\/tajkertesz.com\\\/#organization\"},\"potentialAction\":[{\"@type\":\"SearchAction\",\"target\":{\"@type\":\"EntryPoint\",\"urlTemplate\":\"https:\\\/\\\/tajkertesz.com\\\/?s={search_term_string}\"},\"query-input\":{\"@type\":\"PropertyValueSpecification\",\"valueRequired\":true,\"valueName\":\"search_term_string\"}}],\"inLanguage\":\"en-US\"},{\"@type\":\"Organization\",\"@id\":\"https:\\\/\\\/tajkertesz.com\\\/#organization\",\"name\":\"T\u00e1j-Kert\u00e9sz 84 Kft.\",\"url\":\"https:\\\/\\\/tajkertesz.com\\\/\",\"logo\":{\"@type\":\"ImageObject\",\"inLanguage\":\"en-US\",\"@id\":\"https:\\\/\\\/tajkertesz.com\\\/#\\\/schema\\\/logo\\\/image\\\/\",\"url\":\"https:\\\/\\\/tajkertesz.com\\\/wp-content\\\/uploads\\\/2018\\\/02\\\/logo-2-e1518678052539.png\",\"contentUrl\":\"https:\\\/\\\/tajkertesz.com\\\/wp-content\\\/uploads\\\/2018\\\/02\\\/logo-2-e1518678052539.png\",\"width\":81,\"height\":140,\"caption\":\"T\u00e1j-Kert\u00e9sz 84 Kft.\"},\"image\":{\"@id\":\"https:\\\/\\\/tajkertesz.com\\\/#\\\/schema\\\/logo\\\/image\\\/\"},\"sameAs\":[\"https:\\\/\\\/www.facebook.com\\\/Tajkertesz\\\/\"]}]}<\/script>\n<!-- \/ Yoast SEO plugin. -->","yoast_head_json":{"title":"Pinus mugo pumilio - T\u00f6rpefeny\u0151 - T\u00e1jkert\u00e9sz","description":"Pinus mugo pumilio- T\u00f6rpefeny\u0151. Lass\u00fa n\u00f6veked\u00e9s\u0171, alacsony termet\u0171 \u00f6r\u00f6kz\u00f6ld, j\u00f3 v\u00e1laszt\u00e1s lehet kisebb n\u00f6v\u00e9nycsoportokba, vagy sziklakertbe is.","robots":{"index":"index","follow":"follow","max-snippet":"max-snippet:-1","max-image-preview":"max-image-preview:large","max-video-preview":"max-video-preview:-1"},"canonical":"https:\/\/tajkertesz.com\/en_US\/product\/pinus-mugo-var-pumilio-torpefenyo\/","og_locale":"en_US","og_type":"article","og_title":"Pinus mugo pumilio - T\u00f6rpefeny\u0151 - T\u00e1jkert\u00e9sz","og_description":"Pinus mugo pumilio- T\u00f6rpefeny\u0151. Lass\u00fa n\u00f6veked\u00e9s\u0171, alacsony termet\u0171 \u00f6r\u00f6kz\u00f6ld, j\u00f3 v\u00e1laszt\u00e1s lehet kisebb n\u00f6v\u00e9nycsoportokba, vagy sziklakertbe is.","og_url":"https:\/\/tajkertesz.com\/en_US\/product\/pinus-mugo-var-pumilio-torpefenyo\/","og_site_name":"T\u00e1jkert\u00e9sz","article_publisher":"https:\/\/www.facebook.com\/Tajkertesz\/","article_modified_time":"2026-02-25T10:54:18+00:00","og_image":[{"width":1920,"height":2560,"url":"https:\/\/tajkertesz.com\/wp-content\/uploads\/2022\/12\/20240925_121341-scaled.jpg","type":"image\/jpeg"}],"twitter_card":"summary_large_image","twitter_misc":{"Est. reading time":"3 minutes"},"schema":{"@context":"https:\/\/schema.org","@graph":[{"@type":"WebPage","@id":"https:\/\/tajkertesz.com\/termek\/pinus-mugo-var-pumilio-torpefenyo\/","url":"https:\/\/tajkertesz.com\/termek\/pinus-mugo-var-pumilio-torpefenyo\/","name":"Pinus mugo pumilio - T\u00f6rpefeny\u0151 - T\u00e1jkert\u00e9sz","isPartOf":{"@id":"https:\/\/tajkertesz.com\/#website"},"primaryImageOfPage":{"@id":"https:\/\/tajkertesz.com\/termek\/pinus-mugo-var-pumilio-torpefenyo\/#primaryimage"},"image":{"@id":"https:\/\/tajkertesz.com\/termek\/pinus-mugo-var-pumilio-torpefenyo\/#primaryimage"},"thumbnailUrl":"https:\/\/tajkertesz.com\/wp-content\/uploads\/2022\/12\/20240925_121341-scaled.jpg","datePublished":"2021-10-07T06:34:21+00:00","dateModified":"2026-02-25T10:54:18+00:00","description":"Pinus mugo pumilio- T\u00f6rpefeny\u0151. Lass\u00fa n\u00f6veked\u00e9s\u0171, alacsony termet\u0171 \u00f6r\u00f6kz\u00f6ld, j\u00f3 v\u00e1laszt\u00e1s lehet kisebb n\u00f6v\u00e9nycsoportokba, vagy sziklakertbe is.","breadcrumb":{"@id":"https:\/\/tajkertesz.com\/termek\/pinus-mugo-var-pumilio-torpefenyo\/#breadcrumb"},"inLanguage":"en-US","potentialAction":[{"@type":"ReadAction","target":["https:\/\/tajkertesz.com\/termek\/pinus-mugo-var-pumilio-torpefenyo\/"]}]},{"@type":"ImageObject","inLanguage":"en-US","@id":"https:\/\/tajkertesz.com\/termek\/pinus-mugo-var-pumilio-torpefenyo\/#primaryimage","url":"https:\/\/tajkertesz.com\/wp-content\/uploads\/2022\/12\/20240925_121341-scaled.jpg","contentUrl":"https:\/\/tajkertesz.com\/wp-content\/uploads\/2022\/12\/20240925_121341-scaled.jpg","width":1920,"height":2560,"caption":"Pinus mugo Pumilio"},{"@type":"BreadcrumbList","@id":"https:\/\/tajkertesz.com\/termek\/pinus-mugo-var-pumilio-torpefenyo\/#breadcrumb","itemListElement":[{"@type":"ListItem","position":1,"name":"Home","item":"https:\/\/tajkertesz.com\/"},{"@type":"ListItem","position":2,"name":"Kezd\u0151lap","item":"https:\/\/tajkertesz.com\/"},{"@type":"ListItem","position":3,"name":"Pinus mugo pumilio &#8211; T\u00f6rpefeny\u0151"}]},{"@type":"WebSite","@id":"https:\/\/tajkertesz.com\/#website","url":"https:\/\/tajkertesz.com\/","name":"T\u00e1j-Kert\u00e9sz 84 Kft.","description":"Kert\u00e9szeti kis- \u00e9s nagykeresked\u00e9s, D\u00edszn\u00f6v\u00e9ny web\u00e1ruh\u00e1z orsz\u00e1gos h\u00e1zhozsz\u00e1ll\u00edt\u00e1ssal!","publisher":{"@id":"https:\/\/tajkertesz.com\/#organization"},"potentialAction":[{"@type":"SearchAction","target":{"@type":"EntryPoint","urlTemplate":"https:\/\/tajkertesz.com\/?s={search_term_string}"},"query-input":{"@type":"PropertyValueSpecification","valueRequired":true,"valueName":"search_term_string"}}],"inLanguage":"en-US"},{"@type":"Organization","@id":"https:\/\/tajkertesz.com\/#organization","name":"T\u00e1j-Kert\u00e9sz 84 Kft.","url":"https:\/\/tajkertesz.com\/","logo":{"@type":"ImageObject","inLanguage":"en-US","@id":"https:\/\/tajkertesz.com\/#\/schema\/logo\/image\/","url":"https:\/\/tajkertesz.com\/wp-content\/uploads\/2018\/02\/logo-2-e1518678052539.png","contentUrl":"https:\/\/tajkertesz.com\/wp-content\/uploads\/2018\/02\/logo-2-e1518678052539.png","width":81,"height":140,"caption":"T\u00e1j-Kert\u00e9sz 84 Kft."},"image":{"@id":"https:\/\/tajkertesz.com\/#\/schema\/logo\/image\/"},"sameAs":["https:\/\/www.facebook.com\/Tajkertesz\/"]}]}},"_links":{"self":[{"href":"https:\/\/tajkertesz.com\/en_US\/wp-json\/wp\/v2\/product\/10170","targetHints":{"allow":["GET"]}}],"collection":[{"href":"https:\/\/tajkertesz.com\/en_US\/wp-json\/wp\/v2\/product"}],"about":[{"href":"https:\/\/tajkertesz.com\/en_US\/wp-json\/wp\/v2\/types\/product"}],"wp:featuredmedia":[{"embeddable":true,"href":"https:\/\/tajkertesz.com\/en_US\/wp-json\/wp\/v2\/media\/21148"}],"wp:attachment":[{"href":"https:\/\/tajkertesz.com\/en_US\/wp-json\/wp\/v2\/media?parent=10170"}],"wp:term":[{"taxonomy":"product_brand","embeddable":true,"href":"https:\/\/tajkertesz.com\/en_US\/wp-json\/wp\/v2\/product_brand?post=10170"},{"taxonomy":"product_cat","embeddable":true,"href":"https:\/\/tajkertesz.com\/en_US\/wp-json\/wp\/v2\/product_cat?post=10170"},{"taxonomy":"product_tag","embeddable":true,"href":"https:\/\/tajkertesz.com\/en_US\/wp-json\/wp\/v2\/product_tag?post=10170"}],"curies":[{"name":"wp","href":"https:\/\/api.w.org\/{rel}","templated":true}]}}