{"id":10180,"date":"2021-10-07T07:12:01","date_gmt":"2021-10-07T07:12:01","guid":{"rendered":"https:\/\/tajkertesz.com\/?post_type=product&#038;p=10180"},"modified":"2026-02-25T14:55:39","modified_gmt":"2026-02-25T14:55:39","slug":"taxus-baccata-david-arany-oszlopos-tiszafa","status":"publish","type":"product","link":"https:\/\/tajkertesz.com\/en_US\/product\/taxus-baccata-david-arany-oszlopos-tiszafa\/","title":{"rendered":"Taxus baccata &#8216;David&#8217; \u2013 Arany oszlopos tiszafa"},"content":{"rendered":"<h3 class=\"LC20lb DKV0Md\">Taxus baccata &#8216;David&#8217; \u2013 Arany oszlopos tiszafa<\/h3>\n<div id=\"mw-fr-revisiontag\" class=\"flaggedrevs_short flaggedrevs_stable_synced plainlinks noprint\">\n<div class=\"flaggedrevs_short_basic\">\n<div id=\"mw-fr-revisiontag\" class=\"flaggedrevs_short flaggedrevs_stable_synced plainlinks noprint\">\n<div class=\"flaggedrevs_short_basic\"><\/div>\n<\/div>\n<\/div>\n<\/div>\n<p data-start=\"644\" data-end=\"971\">A Taxus baccata &#8216;David&#8217; \u2013 Arany oszlopos tiszafa egy kompakt, oszlopos n\u00f6veked\u00e9se \u00e9s \u00e9l\u00e9nk aranys\u00e1rga hajt\u00e1sai eg\u00e9sz \u00e9vben k\u00fcl\u00f6nleges l\u00e1tv\u00e1nyt ny\u00fajtanak. Kifejezetten <strong data-start=\"873\" data-end=\"905\">alkalmas keskeny s\u00f6v\u00e9nyekhez<\/strong>, <strong data-start=\"907\" data-end=\"926\">modern kertekbe<\/strong>, vagy <strong data-start=\"933\" data-end=\"949\">szoliterk\u00e9nt<\/strong> is meg\u00e1llja a hely\u00e9t.<\/p>\n<p data-start=\"973\" data-end=\"1180\">A n\u00f6v\u00e9ny lassan n\u00f6vekszik, j\u00f3l t\u0171ri a metsz\u00e9st, \u00e9s kiv\u00e1l\u00f3an alkalmazkodik v\u00e1rosi k\u00f6rnyezethez is. A fiatal hajt\u00e1sok s\u00e1rg\u00e1k, m\u00edg az id\u0151sebb levelek s\u00f6t\u00e9tebb z\u00f6ldek, \u00edgy gy\u00f6ny\u00f6r\u0171 sz\u00edn\u00e1tmenetes hat\u00e1st keltenek.<\/p>\n<h3 data-start=\"1182\" data-end=\"1207\">\ud83c\udf31 <strong data-start=\"1189\" data-end=\"1207\">Tulajdons\u00e1gok:<\/strong><\/h3>\n<ul data-start=\"1208\" data-end=\"1649\">\n<li data-start=\"1208\" data-end=\"1248\">\n<p data-start=\"1210\" data-end=\"1248\"><strong data-start=\"1210\" data-end=\"1223\">Latin n\u00e9v<\/strong>: <em data-start=\"1225\" data-end=\"1248\">Taxus baccata &#8216;David&#8217;<\/em><\/p>\n<\/li>\n<li data-start=\"1249\" data-end=\"1289\">\n<p data-start=\"1251\" data-end=\"1289\"><strong data-start=\"1251\" data-end=\"1265\">Magyar n\u00e9v<\/strong>: Arany oszlopos tiszafa<\/p>\n<\/li>\n<li data-start=\"1290\" data-end=\"1322\">\n<p data-start=\"1292\" data-end=\"1322\"><strong data-start=\"1292\" data-end=\"1305\">N\u00f6veked\u00e9s<\/strong>: Lass\u00fa, oszlopos<\/p>\n<\/li>\n<li data-start=\"1323\" data-end=\"1365\">\n<p data-start=\"1325\" data-end=\"1365\"><strong data-start=\"1325\" data-end=\"1337\">Magass\u00e1g<\/strong>: 2\u20133 m\u00e9ter (10\u201315 \u00e9v alatt)<\/p>\n<\/li>\n<li data-start=\"1366\" data-end=\"1394\">\n<p data-start=\"1368\" data-end=\"1394\"><strong data-start=\"1368\" data-end=\"1381\">Sz\u00e9less\u00e9g<\/strong>: 0,5\u20131 m\u00e9ter<\/p>\n<\/li>\n<li data-start=\"1395\" data-end=\"1426\">\n<p data-start=\"1397\" data-end=\"1426\"><strong data-start=\"1397\" data-end=\"1409\">Lombsz\u00edn<\/strong>: Aranys\u00e1rga\u2013z\u00f6ld<\/p>\n<\/li>\n<li data-start=\"1427\" data-end=\"1477\">\n<p data-start=\"1429\" data-end=\"1477\"><strong data-start=\"1429\" data-end=\"1442\">F\u00e9nyig\u00e9ny<\/strong>: Napos \u2013 f\u00e9l\u00e1rny\u00e9kos helyet kedvel<\/p>\n<\/li>\n<li data-start=\"1478\" data-end=\"1545\">\n<p data-start=\"1480\" data-end=\"1545\"><strong data-start=\"1480\" data-end=\"1494\">Talajig\u00e9ny<\/strong>: J\u00f3 v\u00edz\u00e1tereszt\u0151, semleges vagy enyh\u00e9n savas talaj<\/p>\n<\/li>\n<li data-start=\"1546\" data-end=\"1578\">\n<p data-start=\"1548\" data-end=\"1578\"><strong data-start=\"1548\" data-end=\"1562\">T\u00e9l\u00e1ll\u00f3s\u00e1g<\/strong>: J\u00f3 (-25 \u00b0C-ig)<\/p>\n<\/li>\n<li data-start=\"1579\" data-end=\"1649\">\n<p data-start=\"1581\" data-end=\"1649\"><strong data-start=\"1581\" data-end=\"1597\">Felhaszn\u00e1l\u00e1s<\/strong>: Szoliter, sz\u00ednes s\u00f6v\u00e9ny, d\u00edszkertek, v\u00e1rosi kertek<\/p>\n<\/li>\n<\/ul>\n<h5><strong>\ud83d\udd04 K\u00e9szletinform\u00e1ci\u00f3<\/strong><\/h5>\n<p><strong>K\u00e9szlet\u00fcnk napi szinten v\u00e1ltozik, \u00edgy a webshopban szerepl<\/strong><strong>\u0151<\/strong><strong> term\u00e9kek el\u00e9rhet<\/strong><strong>\u0151<\/strong><strong>s\u00e9ge nem garant\u00e1lt.<br \/>\n\ud83d\udcde A megrendel\u00e9s el<\/strong><strong>\u0151<\/strong><strong>tt k\u00e9rj\u00fck, \u00e9rdekl<\/strong><strong>\u0151<\/strong><strong>dj\u00f6n szem\u00e9lyesen, telefonon vagy e-mailben!<\/strong><\/p>\n<h5><strong>\u27a1\ufe0f Kapcsolat:<\/strong><\/h5>\n<ul>\n<li><strong>Weboldal: <\/strong><a href=\"https:\/\/tajkertesz.com\"><strong>tajkertesz.com<\/strong><\/a><\/li>\n<li><strong>Facebook: <\/strong><a href=\"https:\/\/www.facebook.com\/tajkertesz\/\"><strong>facebook.com\/tajkertesz<\/strong><\/a><\/li>\n<li><strong>Telefonsz\u00e1m, e-mail: +36\/20-319-3770 <\/strong><a href=\"mailto:tajkerteszaruda@gmail.com\"><strong>tajkerteszaruda@gmail.com<\/strong><\/a><\/li>\n<\/ul>\n<h5><strong>\ud83d\ude9a Sz\u00e1ll\u00edt\u00e1si inform\u00e1ci\u00f3k<\/strong><\/h5>\n<p><strong>A megrendelt n\u00f6v\u00e9nyek kisz\u00e1ll\u00edt\u00e1sa az al\u00e1bbi felt\u00e9telek mellett t\u00f6rt\u00e9nik:<\/strong><\/p>\n<h5><strong>\ud83d\udce6 Fut\u00e1rszolg\u00e1latos sz\u00e1ll\u00edt\u00e1s<\/strong><\/h5>\n<ul>\n<li><strong>Maxim\u00e1lis m\u00e9ret: 200 cm (hossz\u00fas\u00e1g)<\/strong><\/li>\n<li><strong>Maxim\u00e1lis s\u00faly: 40 kg<\/strong><\/li>\n<li><strong>Az enn\u00e9l kisebb \u00e9s k\u00f6nnyebb csomagokat fut\u00e1rszolg\u00e1lattal k\u00e9zbes\u00edtj\u00fck a lehet<\/strong><strong>\u0151<\/strong><strong> legbiztons\u00e1gosabb csomagol\u00e1sban.<\/strong><\/li>\n<\/ul>\n<h5><strong>\ud83d\udefb Szem\u00e9lyes \u00e1tv\u00e9tel<\/strong><\/h5>\n<ul>\n<li><strong>1173 Budapest, Bakancsos utca 7. sz\u00e1m alatt nyitvatart\u00e1si id<\/strong><strong>\u0151<\/strong><strong>ben szem\u00e9lyesen \u00e1tvehet<\/strong><strong>\u0151<\/strong><strong> kert\u00e9szeti \u00e1rud\u00e1nkban.<\/strong><\/li>\n<li><strong>K\u00f6lts\u00e9ghat\u00e9kony megold\u00e1s nagyobb, t\u00f6r\u00e9kenyebb vagy t\u00falm\u00e9retes n\u00f6v\u00e9nyek eset\u00e9n.<\/strong><\/li>\n<\/ul>\n<h5><strong>\ud83d\udcde Nagy m\u00e9ret<\/strong><strong>\u0171<\/strong><strong> vagy s\u00faly\u00fa n\u00f6v\u00e9nyek eset\u00e9n<\/strong><\/h5>\n<p><strong>Ha a term\u00e9k:<\/strong><\/p>\n<ul>\n<li><strong>meghaladja a 200 cm hossz\u00fas\u00e1got vagy<\/strong><\/li>\n<li><strong>meghaladja a 40 kg s\u00falyt,<\/strong><\/li>\n<\/ul>\n<p><strong>akkor szem\u00e9lyes \u00e1tv\u00e9tellel vagy egyedi, el<\/strong><strong>\u0151<\/strong><strong>re egyeztetett sz\u00e1ll\u00edt\u00e1si felt\u00e9telek mellett t\u00f6rt\u00e9nik.<br \/>\nK\u00e9rj\u00fck, ilyen esetben rendel\u00e9s el<\/strong><strong>\u0151<\/strong><strong>tt vegye fel vel\u00fcnk a kapcsolatot, hogy a lehet<\/strong><strong>\u0151<\/strong><strong> legmegfelel<\/strong><strong>\u0151<\/strong><strong>bb sz\u00e1ll\u00edt\u00e1si megold\u00e1st k\u00edn\u00e1lhassuk.<\/strong><\/p>\n<p><strong>\ud83d\udd14 Fontos: A n\u00f6v\u00e9nyeket minden esetben igyeksz\u00fcnk gondosan, egyes\u00e9vel csomagolni, azonban a sz\u00e1ll\u00edt\u00e1s sor\u00e1n kisebb eszt\u00e9tikai s\u00e9r\u00fcl\u00e9sek el<\/strong><strong>\u0151<\/strong><strong>fordulhatnak (pl. lev\u00e9lhull\u00e1s). Ez nem min<\/strong><strong>\u0151<\/strong><strong>s\u00fcl hib\u00e1s teljes\u00edt\u00e9snek.<\/strong><\/p>\n<h5><strong>\ud83d\udcf7 Fontos tudni a k\u00e9pekr<\/strong><strong>\u0151<\/strong><strong>l<\/strong><\/h5>\n<p><strong>A webshopban szerepl<\/strong><strong>\u0151<\/strong><strong> k\u00e9pek illusztr\u00e1ci\u00f3k, a n\u00f6v\u00e9nyek term\u00e9szet\u00fckn\u00e9l fogva egyediek, \u00edgy m\u00e9retben, alakban \u00e9s sz\u00ednben minim\u00e1lis elt\u00e9r\u00e9sek el<\/strong><strong>\u0151<\/strong><strong>fordulhatnak a k\u00e9pen l\u00e1that\u00f3 \u00e9s a val\u00f3s p\u00e9ld\u00e1nyok k\u00f6z\u00f6tt.<\/strong><\/p>\n<h5><strong>\ud83e\uddfe \u00c1rak \u00e9s el\u00e1ll\u00e1si jog<\/strong><\/h5>\n<ul>\n<li><strong>Az \u00e1rak egy darab\u00a0n\u00f6v\u00e9nyre vonatkoznak.<\/strong><\/li>\n<li><strong>\u00c9l<\/strong><strong>\u0151<\/strong><strong> n\u00f6v\u00e9nyek rendel\u00e9se eset\u00e9n a 14 napos el\u00e1ll\u00e1s joga nem \u00e9rv\u00e9nyes\u00edthet<\/strong><strong>\u0151<\/strong><strong>, mivel azok romland\u00f3, biol\u00f3giailag \u00e9l<\/strong><strong>\u0151<\/strong><strong> term\u00e9keknek min<\/strong><strong>\u0151<\/strong><strong>s\u00fclnek.<br \/>\n\ud83d\udd12 (17\/1999. (II. 5.) Korm. rendelet 5. \u00a7 c) pontja alapj\u00e1n)<\/strong><\/li>\n<\/ul>\n<h5><strong>\ud83d\udce6 K\u00e9zbes\u00edt\u00e9s ut\u00e1ni teend<\/strong><strong>\u0151<\/strong><strong>k<\/strong><\/h5>\n<p><strong>A k\u00e9zbes\u00edt\u00e9st k\u00f6vet<\/strong><strong>\u0151<\/strong><strong>en a csomagot azonnal bontsuk ki, \u00e9s a n\u00f6v\u00e9nyt helyezz\u00fck el megfelel<\/strong><strong>\u0151<\/strong><strong> k\u00f6rnyezetben.<br \/>\nFontos: ha a n\u00f6v\u00e9ny nem r\u00e9szes\u00fcl megfelel<\/strong><strong>\u0151<\/strong><strong> gondoz\u00e1sban \u00e9s ennek k\u00f6vetkezt\u00e9ben k\u00e1rosodik vagy elpusztul, felel<\/strong><strong>\u0151<\/strong><strong>ss\u00e9get nem tudunk v\u00e1llalni.<\/strong><\/p>\n<p><strong>\u00a0<\/strong><\/p>\n<p>&nbsp;<\/p>","protected":false},"excerpt":{"rendered":"<p>A <strong data-start=\"432\" data-end=\"457\">Taxus baccata &#8216;David&#8217;<\/strong> egy k\u00fcl\u00f6nleges, aranys\u00e1rga hajt\u00e1s\u00fa, oszlopos n\u00f6veked\u00e9s\u0171 tiszafa fajta. Eg\u00e9sz \u00e9vben d\u00edsz\u00edt, kiv\u00e1l\u00f3 s\u00f6v\u00e9nynek vagy szoliterk\u00e9nt is.<\/p>\n<p>A n\u00f6v\u00e9ny jelenlegi m\u00e9rete:40-50 cm magas, 3,5 literes kont\u00e9nerben.<\/p>","protected":false},"featured_media":24127,"template":"","meta":{"_et_pb_use_builder":"","_et_pb_old_content":"","_et_gb_content_width":""},"product_brand":[],"product_cat":[26],"product_tag":[6021,5849,6205,6206,24,6120,763,5945,4412,1766,1548],"class_list":{"0":"post-10180","1":"product","2":"type-product","3":"status-publish","4":"has-post-thumbnail","6":"product_cat-orokzold-novenyek","7":"product_tag-arany-lomb","8":"product_tag-diszcserje","9":"product_tag-formara-nyirt-noveny","10":"product_tag-lassan-novo","11":"product_tag-orokzold","12":"product_tag-oszlopos-noveny","13":"product_tag-sovenynoveny","14":"product_tag-szoliter-noveny","15":"product_tag-taxus","16":"product_tag-taxus-baccata-david-arany-oszlopos-tiszafa","17":"product_tag-tiszafa","19":"first","20":"instock","21":"shipping-taxable","22":"purchasable","23":"product-type-simple"},"yoast_head":"<!-- This site is optimized with the Yoast SEO plugin v27.3 - https:\/\/yoast.com\/product\/yoast-seo-wordpress\/ -->\n<title>Taxus baccata &#039;David&#039; \u2013 Arany oszlopos tiszafa - T\u00e1jkert\u00e9sz<\/title>\n<meta name=\"description\" content=\"Taxus baccata &#039;David&#039; \u2013 Arany oszlopos tiszafa arany lombsz\u00edn\u0171, oszlopos n\u00f6veked\u00e9s\u0171 tiszafa. Kiv\u00e1l\u00f3 \u00f6r\u00f6kz\u00f6ld szoliternek vagy keskeny s\u00f6v\u00e9nynek.\" \/>\n<meta name=\"robots\" content=\"index, follow, max-snippet:-1, max-image-preview:large, max-video-preview:-1\" \/>\n<link rel=\"canonical\" href=\"https:\/\/tajkertesz.com\/en_US\/product\/taxus-baccata-david-arany-oszlopos-tiszafa\/\" \/>\n<meta property=\"og:locale\" content=\"en_US\" \/>\n<meta property=\"og:type\" content=\"article\" \/>\n<meta property=\"og:title\" content=\"Taxus baccata &#039;David&#039; \u2013 Arany oszlopos tiszafa - T\u00e1jkert\u00e9sz\" \/>\n<meta property=\"og:description\" content=\"Taxus baccata &#039;David&#039; \u2013 Arany oszlopos tiszafa arany lombsz\u00edn\u0171, oszlopos n\u00f6veked\u00e9s\u0171 tiszafa. Kiv\u00e1l\u00f3 \u00f6r\u00f6kz\u00f6ld szoliternek vagy keskeny s\u00f6v\u00e9nynek.\" \/>\n<meta property=\"og:url\" content=\"https:\/\/tajkertesz.com\/en_US\/product\/taxus-baccata-david-arany-oszlopos-tiszafa\/\" \/>\n<meta property=\"og:site_name\" content=\"T\u00e1jkert\u00e9sz\" \/>\n<meta property=\"article:publisher\" content=\"https:\/\/www.facebook.com\/Tajkertesz\/\" \/>\n<meta property=\"article:modified_time\" content=\"2026-02-25T14:55:39+00:00\" \/>\n<meta property=\"og:image\" content=\"https:\/\/tajkertesz.com\/wp-content\/uploads\/2021\/10\/20250801_163157-scaled.jpg\" \/>\n\t<meta property=\"og:image:width\" content=\"1261\" \/>\n\t<meta property=\"og:image:height\" content=\"2560\" \/>\n\t<meta property=\"og:image:type\" content=\"image\/jpeg\" \/>\n<meta name=\"twitter:card\" content=\"summary_large_image\" \/>\n<meta name=\"twitter:label1\" content=\"Est. reading time\" \/>\n\t<meta name=\"twitter:data1\" content=\"3 minutes\" \/>\n<script type=\"application\/ld+json\" class=\"yoast-schema-graph\">{\"@context\":\"https:\\\/\\\/schema.org\",\"@graph\":[{\"@type\":\"WebPage\",\"@id\":\"https:\\\/\\\/tajkertesz.com\\\/termek\\\/taxus-baccata-david-arany-oszlopos-tiszafa\\\/\",\"url\":\"https:\\\/\\\/tajkertesz.com\\\/termek\\\/taxus-baccata-david-arany-oszlopos-tiszafa\\\/\",\"name\":\"Taxus baccata 'David' \u2013 Arany oszlopos tiszafa - T\u00e1jkert\u00e9sz\",\"isPartOf\":{\"@id\":\"https:\\\/\\\/tajkertesz.com\\\/#website\"},\"primaryImageOfPage\":{\"@id\":\"https:\\\/\\\/tajkertesz.com\\\/termek\\\/taxus-baccata-david-arany-oszlopos-tiszafa\\\/#primaryimage\"},\"image\":{\"@id\":\"https:\\\/\\\/tajkertesz.com\\\/termek\\\/taxus-baccata-david-arany-oszlopos-tiszafa\\\/#primaryimage\"},\"thumbnailUrl\":\"https:\\\/\\\/tajkertesz.com\\\/wp-content\\\/uploads\\\/2021\\\/10\\\/20250801_163157-scaled.jpg\",\"datePublished\":\"2021-10-07T07:12:01+00:00\",\"dateModified\":\"2026-02-25T14:55:39+00:00\",\"description\":\"Taxus baccata 'David' \u2013 Arany oszlopos tiszafa arany lombsz\u00edn\u0171, oszlopos n\u00f6veked\u00e9s\u0171 tiszafa. Kiv\u00e1l\u00f3 \u00f6r\u00f6kz\u00f6ld szoliternek vagy keskeny s\u00f6v\u00e9nynek.\",\"breadcrumb\":{\"@id\":\"https:\\\/\\\/tajkertesz.com\\\/termek\\\/taxus-baccata-david-arany-oszlopos-tiszafa\\\/#breadcrumb\"},\"inLanguage\":\"en-US\",\"potentialAction\":[{\"@type\":\"ReadAction\",\"target\":[\"https:\\\/\\\/tajkertesz.com\\\/termek\\\/taxus-baccata-david-arany-oszlopos-tiszafa\\\/\"]}]},{\"@type\":\"ImageObject\",\"inLanguage\":\"en-US\",\"@id\":\"https:\\\/\\\/tajkertesz.com\\\/termek\\\/taxus-baccata-david-arany-oszlopos-tiszafa\\\/#primaryimage\",\"url\":\"https:\\\/\\\/tajkertesz.com\\\/wp-content\\\/uploads\\\/2021\\\/10\\\/20250801_163157-scaled.jpg\",\"contentUrl\":\"https:\\\/\\\/tajkertesz.com\\\/wp-content\\\/uploads\\\/2021\\\/10\\\/20250801_163157-scaled.jpg\",\"width\":1261,\"height\":2560,\"caption\":\"Taxus baccata 'David' \u2013 Arany oszlopos tiszafa\"},{\"@type\":\"BreadcrumbList\",\"@id\":\"https:\\\/\\\/tajkertesz.com\\\/termek\\\/taxus-baccata-david-arany-oszlopos-tiszafa\\\/#breadcrumb\",\"itemListElement\":[{\"@type\":\"ListItem\",\"position\":1,\"name\":\"Home\",\"item\":\"https:\\\/\\\/tajkertesz.com\\\/\"},{\"@type\":\"ListItem\",\"position\":2,\"name\":\"Kezd\u0151lap\",\"item\":\"https:\\\/\\\/tajkertesz.com\\\/\"},{\"@type\":\"ListItem\",\"position\":3,\"name\":\"Taxus baccata &#8216;David&#8217; \u2013 Arany oszlopos tiszafa\"}]},{\"@type\":\"WebSite\",\"@id\":\"https:\\\/\\\/tajkertesz.com\\\/#website\",\"url\":\"https:\\\/\\\/tajkertesz.com\\\/\",\"name\":\"T\u00e1j-Kert\u00e9sz 84 Kft.\",\"description\":\"Kert\u00e9szeti kis- \u00e9s nagykeresked\u00e9s, D\u00edszn\u00f6v\u00e9ny web\u00e1ruh\u00e1z orsz\u00e1gos h\u00e1zhozsz\u00e1ll\u00edt\u00e1ssal!\",\"publisher\":{\"@id\":\"https:\\\/\\\/tajkertesz.com\\\/#organization\"},\"potentialAction\":[{\"@type\":\"SearchAction\",\"target\":{\"@type\":\"EntryPoint\",\"urlTemplate\":\"https:\\\/\\\/tajkertesz.com\\\/?s={search_term_string}\"},\"query-input\":{\"@type\":\"PropertyValueSpecification\",\"valueRequired\":true,\"valueName\":\"search_term_string\"}}],\"inLanguage\":\"en-US\"},{\"@type\":\"Organization\",\"@id\":\"https:\\\/\\\/tajkertesz.com\\\/#organization\",\"name\":\"T\u00e1j-Kert\u00e9sz 84 Kft.\",\"url\":\"https:\\\/\\\/tajkertesz.com\\\/\",\"logo\":{\"@type\":\"ImageObject\",\"inLanguage\":\"en-US\",\"@id\":\"https:\\\/\\\/tajkertesz.com\\\/#\\\/schema\\\/logo\\\/image\\\/\",\"url\":\"https:\\\/\\\/tajkertesz.com\\\/wp-content\\\/uploads\\\/2018\\\/02\\\/logo-2-e1518678052539.png\",\"contentUrl\":\"https:\\\/\\\/tajkertesz.com\\\/wp-content\\\/uploads\\\/2018\\\/02\\\/logo-2-e1518678052539.png\",\"width\":81,\"height\":140,\"caption\":\"T\u00e1j-Kert\u00e9sz 84 Kft.\"},\"image\":{\"@id\":\"https:\\\/\\\/tajkertesz.com\\\/#\\\/schema\\\/logo\\\/image\\\/\"},\"sameAs\":[\"https:\\\/\\\/www.facebook.com\\\/Tajkertesz\\\/\"]}]}<\/script>\n<!-- \/ Yoast SEO plugin. -->","yoast_head_json":{"title":"Taxus baccata 'David' \u2013 Arany oszlopos tiszafa - T\u00e1jkert\u00e9sz","description":"Taxus baccata 'David' \u2013 Arany oszlopos tiszafa arany lombsz\u00edn\u0171, oszlopos n\u00f6veked\u00e9s\u0171 tiszafa. Kiv\u00e1l\u00f3 \u00f6r\u00f6kz\u00f6ld szoliternek vagy keskeny s\u00f6v\u00e9nynek.","robots":{"index":"index","follow":"follow","max-snippet":"max-snippet:-1","max-image-preview":"max-image-preview:large","max-video-preview":"max-video-preview:-1"},"canonical":"https:\/\/tajkertesz.com\/en_US\/product\/taxus-baccata-david-arany-oszlopos-tiszafa\/","og_locale":"en_US","og_type":"article","og_title":"Taxus baccata 'David' \u2013 Arany oszlopos tiszafa - T\u00e1jkert\u00e9sz","og_description":"Taxus baccata 'David' \u2013 Arany oszlopos tiszafa arany lombsz\u00edn\u0171, oszlopos n\u00f6veked\u00e9s\u0171 tiszafa. Kiv\u00e1l\u00f3 \u00f6r\u00f6kz\u00f6ld szoliternek vagy keskeny s\u00f6v\u00e9nynek.","og_url":"https:\/\/tajkertesz.com\/en_US\/product\/taxus-baccata-david-arany-oszlopos-tiszafa\/","og_site_name":"T\u00e1jkert\u00e9sz","article_publisher":"https:\/\/www.facebook.com\/Tajkertesz\/","article_modified_time":"2026-02-25T14:55:39+00:00","og_image":[{"width":1261,"height":2560,"url":"https:\/\/tajkertesz.com\/wp-content\/uploads\/2021\/10\/20250801_163157-scaled.jpg","type":"image\/jpeg"}],"twitter_card":"summary_large_image","twitter_misc":{"Est. reading time":"3 minutes"},"schema":{"@context":"https:\/\/schema.org","@graph":[{"@type":"WebPage","@id":"https:\/\/tajkertesz.com\/termek\/taxus-baccata-david-arany-oszlopos-tiszafa\/","url":"https:\/\/tajkertesz.com\/termek\/taxus-baccata-david-arany-oszlopos-tiszafa\/","name":"Taxus baccata 'David' \u2013 Arany oszlopos tiszafa - T\u00e1jkert\u00e9sz","isPartOf":{"@id":"https:\/\/tajkertesz.com\/#website"},"primaryImageOfPage":{"@id":"https:\/\/tajkertesz.com\/termek\/taxus-baccata-david-arany-oszlopos-tiszafa\/#primaryimage"},"image":{"@id":"https:\/\/tajkertesz.com\/termek\/taxus-baccata-david-arany-oszlopos-tiszafa\/#primaryimage"},"thumbnailUrl":"https:\/\/tajkertesz.com\/wp-content\/uploads\/2021\/10\/20250801_163157-scaled.jpg","datePublished":"2021-10-07T07:12:01+00:00","dateModified":"2026-02-25T14:55:39+00:00","description":"Taxus baccata 'David' \u2013 Arany oszlopos tiszafa arany lombsz\u00edn\u0171, oszlopos n\u00f6veked\u00e9s\u0171 tiszafa. Kiv\u00e1l\u00f3 \u00f6r\u00f6kz\u00f6ld szoliternek vagy keskeny s\u00f6v\u00e9nynek.","breadcrumb":{"@id":"https:\/\/tajkertesz.com\/termek\/taxus-baccata-david-arany-oszlopos-tiszafa\/#breadcrumb"},"inLanguage":"en-US","potentialAction":[{"@type":"ReadAction","target":["https:\/\/tajkertesz.com\/termek\/taxus-baccata-david-arany-oszlopos-tiszafa\/"]}]},{"@type":"ImageObject","inLanguage":"en-US","@id":"https:\/\/tajkertesz.com\/termek\/taxus-baccata-david-arany-oszlopos-tiszafa\/#primaryimage","url":"https:\/\/tajkertesz.com\/wp-content\/uploads\/2021\/10\/20250801_163157-scaled.jpg","contentUrl":"https:\/\/tajkertesz.com\/wp-content\/uploads\/2021\/10\/20250801_163157-scaled.jpg","width":1261,"height":2560,"caption":"Taxus baccata 'David' \u2013 Arany oszlopos tiszafa"},{"@type":"BreadcrumbList","@id":"https:\/\/tajkertesz.com\/termek\/taxus-baccata-david-arany-oszlopos-tiszafa\/#breadcrumb","itemListElement":[{"@type":"ListItem","position":1,"name":"Home","item":"https:\/\/tajkertesz.com\/"},{"@type":"ListItem","position":2,"name":"Kezd\u0151lap","item":"https:\/\/tajkertesz.com\/"},{"@type":"ListItem","position":3,"name":"Taxus baccata &#8216;David&#8217; \u2013 Arany oszlopos tiszafa"}]},{"@type":"WebSite","@id":"https:\/\/tajkertesz.com\/#website","url":"https:\/\/tajkertesz.com\/","name":"T\u00e1j-Kert\u00e9sz 84 Kft.","description":"Kert\u00e9szeti kis- \u00e9s nagykeresked\u00e9s, D\u00edszn\u00f6v\u00e9ny web\u00e1ruh\u00e1z orsz\u00e1gos h\u00e1zhozsz\u00e1ll\u00edt\u00e1ssal!","publisher":{"@id":"https:\/\/tajkertesz.com\/#organization"},"potentialAction":[{"@type":"SearchAction","target":{"@type":"EntryPoint","urlTemplate":"https:\/\/tajkertesz.com\/?s={search_term_string}"},"query-input":{"@type":"PropertyValueSpecification","valueRequired":true,"valueName":"search_term_string"}}],"inLanguage":"en-US"},{"@type":"Organization","@id":"https:\/\/tajkertesz.com\/#organization","name":"T\u00e1j-Kert\u00e9sz 84 Kft.","url":"https:\/\/tajkertesz.com\/","logo":{"@type":"ImageObject","inLanguage":"en-US","@id":"https:\/\/tajkertesz.com\/#\/schema\/logo\/image\/","url":"https:\/\/tajkertesz.com\/wp-content\/uploads\/2018\/02\/logo-2-e1518678052539.png","contentUrl":"https:\/\/tajkertesz.com\/wp-content\/uploads\/2018\/02\/logo-2-e1518678052539.png","width":81,"height":140,"caption":"T\u00e1j-Kert\u00e9sz 84 Kft."},"image":{"@id":"https:\/\/tajkertesz.com\/#\/schema\/logo\/image\/"},"sameAs":["https:\/\/www.facebook.com\/Tajkertesz\/"]}]}},"_links":{"self":[{"href":"https:\/\/tajkertesz.com\/en_US\/wp-json\/wp\/v2\/product\/10180","targetHints":{"allow":["GET"]}}],"collection":[{"href":"https:\/\/tajkertesz.com\/en_US\/wp-json\/wp\/v2\/product"}],"about":[{"href":"https:\/\/tajkertesz.com\/en_US\/wp-json\/wp\/v2\/types\/product"}],"wp:featuredmedia":[{"embeddable":true,"href":"https:\/\/tajkertesz.com\/en_US\/wp-json\/wp\/v2\/media\/24127"}],"wp:attachment":[{"href":"https:\/\/tajkertesz.com\/en_US\/wp-json\/wp\/v2\/media?parent=10180"}],"wp:term":[{"taxonomy":"product_brand","embeddable":true,"href":"https:\/\/tajkertesz.com\/en_US\/wp-json\/wp\/v2\/product_brand?post=10180"},{"taxonomy":"product_cat","embeddable":true,"href":"https:\/\/tajkertesz.com\/en_US\/wp-json\/wp\/v2\/product_cat?post=10180"},{"taxonomy":"product_tag","embeddable":true,"href":"https:\/\/tajkertesz.com\/en_US\/wp-json\/wp\/v2\/product_tag?post=10180"}],"curies":[{"name":"wp","href":"https:\/\/api.w.org\/{rel}","templated":true}]}}