{"id":10184,"date":"2021-10-07T07:16:38","date_gmt":"2021-10-07T07:16:38","guid":{"rendered":"https:\/\/tajkertesz.com\/?post_type=product&#038;p=10184"},"modified":"2024-03-13T13:09:36","modified_gmt":"2024-03-13T13:09:36","slug":"taxus-baccata-fastigiata-oszlopos-tiszafa","status":"publish","type":"product","link":"https:\/\/tajkertesz.com\/en_US\/product\/taxus-baccata-fastigiata-oszlopos-tiszafa\/","title":{"rendered":"Taxus baccata &#8216;Fastigiata&#8217; &#8211; Oszlopos tiszafa"},"content":{"rendered":"<h3 class=\"LC20lb DKV0Md\">Taxus baccata &#8216;Fastigiata&#8217; &#8211; Oszlopos tiszafa<\/h3>\n<p class=\"LC20lb DKV0Md\">Taxus baccata &#8216;Fastigiata&#8217; &#8211; Oszlopos tiszafa<strong>\u00a0<\/strong><span lang=\"HU\">kifejlett magass\u00e1ga kb. 130-300 centim\u00e9ter, sz\u00e9less\u00e9ge 60-90 centim\u00e9ter. Oszlopos form\u00e1j\u00fa.K<\/span>ifejlett magass\u00e1ga kb. 3-5 m\u00e9ter, sz\u00e9less\u00e9ge 1-1,5 m\u00e9ter. Koron\u00e1ja z\u00e1rt oszlopos form\u00e1j\u00fa. K\u00fcl\u00f6nlegess\u00e9ge, hogy z\u00f6ld t\u0171levelei s\u00e1rga szeg\u00e9llyel d\u00edsz\u00edtettek.<span lang=\"HU\">S\u00f6t\u00e9tz\u00f6ld, t\u0171szer\u0171, lapos levelei s\u0171r\u0171n bor\u00edtj\u00e1k be a n\u00f6v\u00e9nyt. A k\u00e9reg v\u00f6r\u00f6s sz\u00edn\u0171.S<\/span>zeptember k\u00f6rny\u00e9k\u00e9n megjelen\u0151\u00e9l\u00e9nkpiros term\u00e9sei igaz\u00e1n sz\u00e9p megjelen\u00e9st k\u00f6lcs\u00f6n\u00f6znek neki.Igaz\u00e1n sz\u00e9pen napos, vil\u00e1gos vagy f\u00e9l\u00e1rny\u00e9kos helyen fejl\u0151dik. A hideg, t\u00e9li szelek valamelyest k\u00e1ros\u00edthatj\u00e1k, ez\u00e9rt c\u00e9lszer\u0171 v\u00e9dett fekv\u00e9sbe \u00fcltetni. J\u00f3 v\u00edz\u00e1tereszt\u0151 k\u00e9pess\u00e9g\u0171 talajba \u00fcltess\u00fck. Ha t\u00e1panyagban gazdag, egyenletesen nedves, de j\u00f3 v\u00edz\u00e1tereszt\u0151 talajba \u00fcltetj\u00fck, igaz\u00e1n megh\u00e1l\u00e1lja.Ny\u00edr\u00e1s\u00e1t m\u00e1jus v\u00e9g\u00e9n \u00e9s szeptemberben v\u00e9gezz\u00fck. Els\u0151 \u00e9vekben t\u00f6v\u00e9nek gyommentesen tart\u00e1sa gyorsabb n\u00f6veked\u00e9st eredm\u00e9nyez. T\u00e9lt\u0171r\u0151, de a fiatal egyedeket kiss\u00e9 v\u00e9deni kell.<\/p>\n<p>&nbsp;<\/p>\n<p>Kb. 100\/125 cm + f\u00f6ldlabda<\/p>\n<p><b>K\u00e9szlet\u00fcnk napi szinten v\u00e1ltozik, ez\u00e9rt k\u00e9rj\u00fck, \u00e9rdekl\u0151dj\u00f6n szem\u00e9lyesen, telefonon vagy email-en.<br \/>\nA v\u00e1ltoztat\u00e1s jog\u00e1t fenntartjuk!\u00a0<\/b><\/p>\n<p><a href=\"https:\/\/tajkertesz.com\/\" target=\"_blank\" rel=\"noopener\" data-saferedirecturl=\"https:\/\/www.google.com\/url?q=https:\/\/tajkertesz.com\/&amp;source=gmail&amp;ust=1666170390873000&amp;usg=AOvVaw246SUy_k-vsTc4v7MZShIp\">https:\/\/tajkertesz.com\/<\/a><\/p>\n<p><a href=\"https:\/\/www.facebook.com\/tajkertesz\/\" target=\"_blank\" rel=\"noopener\" data-saferedirecturl=\"https:\/\/www.google.com\/url?q=https:\/\/www.facebook.com\/tajkertesz\/&amp;source=gmail&amp;ust=1666170390873000&amp;usg=AOvVaw0j7b4GED9VpgPUOtu4R02M\">https:\/\/www.facebook.com\/<wbr \/>tajkertesz\/<\/a><\/p>\n<p>Kisz\u00e1ll\u00edt\u00e1s: 200cm-ig \u00a0\u00e9s 40 kg-ig a sz\u00e1ll\u00edt\u00e1s fut\u00e1rszolg\u00e1lattal \u00a0t\u00f6rt\u00e9nik.<\/p>\n<p>Szem\u00e9lyes \u00e1tv\u00e9tel nyitvatart\u00e1si id\u0151ben a 17. ker\u00fclet Bakancsos utca 7. sz\u00e1m alatti Kert\u00e9szeti \u00e1rud\u00e1ban.<\/p>","protected":false},"excerpt":{"rendered":"<p class=\"LC20lb DKV0Md\" style=\"text-align: center;\">Taxus baccata &#8216;Fastigiata&#8217; &#8211; Oszlopos tiszafa<\/p>","protected":false},"featured_media":10246,"template":"","meta":{"_et_pb_use_builder":"","_et_pb_old_content":"","_et_gb_content_width":""},"product_brand":[],"product_cat":[26],"product_tag":[2932],"class_list":{"0":"post-10184","1":"product","2":"type-product","3":"status-publish","4":"has-post-thumbnail","6":"product_cat-orokzold-novenyek","7":"product_tag-taxus-baccata-fastigiata-oszlopos-tiszafa","9":"first","10":"outofstock","11":"shipping-taxable","12":"purchasable","13":"product-type-simple"},"yoast_head":"<!-- This site is optimized with the Yoast SEO plugin v27.5 - https:\/\/yoast.com\/product\/yoast-seo-wordpress\/ -->\n<title>Taxus baccata &#039;Fastigiata&#039; - Oszlopos tiszafa - T\u00e1jkert\u00e9sz<\/title>\n<meta name=\"description\" content=\"Taxus baccata &#039;Fastigiata&#039; - Oszlopos tiszafa\" \/>\n<meta name=\"robots\" content=\"index, follow, max-snippet:-1, max-image-preview:large, max-video-preview:-1\" \/>\n<link rel=\"canonical\" href=\"https:\/\/tajkertesz.com\/en_US\/product\/taxus-baccata-fastigiata-oszlopos-tiszafa\/\" \/>\n<meta property=\"og:locale\" content=\"en_US\" \/>\n<meta property=\"og:type\" content=\"article\" \/>\n<meta property=\"og:title\" content=\"Taxus baccata &#039;Fastigiata&#039; - Oszlopos tiszafa - T\u00e1jkert\u00e9sz\" \/>\n<meta property=\"og:description\" content=\"Taxus baccata &#039;Fastigiata&#039; - Oszlopos tiszafa\" \/>\n<meta property=\"og:url\" content=\"https:\/\/tajkertesz.com\/en_US\/product\/taxus-baccata-fastigiata-oszlopos-tiszafa\/\" \/>\n<meta property=\"og:site_name\" content=\"T\u00e1jkert\u00e9sz\" \/>\n<meta property=\"article:publisher\" content=\"https:\/\/www.facebook.com\/Tajkertesz\/\" \/>\n<meta property=\"article:modified_time\" content=\"2024-03-13T13:09:36+00:00\" \/>\n<meta property=\"og:image\" content=\"https:\/\/tajkertesz.com\/wp-content\/uploads\/2021\/10\/IMG_20211011_082014.jpg\" \/>\n\t<meta property=\"og:image:width\" content=\"429\" \/>\n\t<meta property=\"og:image:height\" content=\"600\" \/>\n\t<meta property=\"og:image:type\" content=\"image\/jpeg\" \/>\n<meta name=\"twitter:card\" content=\"summary_large_image\" \/>\n<meta name=\"twitter:label1\" content=\"Est. reading time\" \/>\n\t<meta name=\"twitter:data1\" content=\"1 minute\" \/>\n<script type=\"application\/ld+json\" class=\"yoast-schema-graph\">{\"@context\":\"https:\\\/\\\/schema.org\",\"@graph\":[{\"@type\":\"WebPage\",\"@id\":\"https:\\\/\\\/tajkertesz.com\\\/termek\\\/taxus-baccata-fastigiata-oszlopos-tiszafa\\\/\",\"url\":\"https:\\\/\\\/tajkertesz.com\\\/termek\\\/taxus-baccata-fastigiata-oszlopos-tiszafa\\\/\",\"name\":\"Taxus baccata 'Fastigiata' - Oszlopos tiszafa - T\u00e1jkert\u00e9sz\",\"isPartOf\":{\"@id\":\"https:\\\/\\\/tajkertesz.com\\\/#website\"},\"primaryImageOfPage\":{\"@id\":\"https:\\\/\\\/tajkertesz.com\\\/termek\\\/taxus-baccata-fastigiata-oszlopos-tiszafa\\\/#primaryimage\"},\"image\":{\"@id\":\"https:\\\/\\\/tajkertesz.com\\\/termek\\\/taxus-baccata-fastigiata-oszlopos-tiszafa\\\/#primaryimage\"},\"thumbnailUrl\":\"https:\\\/\\\/tajkertesz.com\\\/wp-content\\\/uploads\\\/2021\\\/10\\\/IMG_20211011_082014.jpg\",\"datePublished\":\"2021-10-07T07:16:38+00:00\",\"dateModified\":\"2024-03-13T13:09:36+00:00\",\"description\":\"Taxus baccata 'Fastigiata' - Oszlopos tiszafa\",\"breadcrumb\":{\"@id\":\"https:\\\/\\\/tajkertesz.com\\\/termek\\\/taxus-baccata-fastigiata-oszlopos-tiszafa\\\/#breadcrumb\"},\"inLanguage\":\"en-US\",\"potentialAction\":[{\"@type\":\"ReadAction\",\"target\":[\"https:\\\/\\\/tajkertesz.com\\\/termek\\\/taxus-baccata-fastigiata-oszlopos-tiszafa\\\/\"]}]},{\"@type\":\"ImageObject\",\"inLanguage\":\"en-US\",\"@id\":\"https:\\\/\\\/tajkertesz.com\\\/termek\\\/taxus-baccata-fastigiata-oszlopos-tiszafa\\\/#primaryimage\",\"url\":\"https:\\\/\\\/tajkertesz.com\\\/wp-content\\\/uploads\\\/2021\\\/10\\\/IMG_20211011_082014.jpg\",\"contentUrl\":\"https:\\\/\\\/tajkertesz.com\\\/wp-content\\\/uploads\\\/2021\\\/10\\\/IMG_20211011_082014.jpg\",\"width\":429,\"height\":600,\"caption\":\"hdr\"},{\"@type\":\"BreadcrumbList\",\"@id\":\"https:\\\/\\\/tajkertesz.com\\\/termek\\\/taxus-baccata-fastigiata-oszlopos-tiszafa\\\/#breadcrumb\",\"itemListElement\":[{\"@type\":\"ListItem\",\"position\":1,\"name\":\"Home\",\"item\":\"https:\\\/\\\/tajkertesz.com\\\/\"},{\"@type\":\"ListItem\",\"position\":2,\"name\":\"Kezd\u0151lap\",\"item\":\"https:\\\/\\\/tajkertesz.com\\\/\"},{\"@type\":\"ListItem\",\"position\":3,\"name\":\"Taxus baccata &#8216;Fastigiata&#8217; &#8211; Oszlopos tiszafa\"}]},{\"@type\":\"WebSite\",\"@id\":\"https:\\\/\\\/tajkertesz.com\\\/#website\",\"url\":\"https:\\\/\\\/tajkertesz.com\\\/\",\"name\":\"T\u00e1j-Kert\u00e9sz 84 Kft.\",\"description\":\"Kert\u00e9szeti kis- \u00e9s nagykeresked\u00e9s, D\u00edszn\u00f6v\u00e9ny web\u00e1ruh\u00e1z orsz\u00e1gos h\u00e1zhozsz\u00e1ll\u00edt\u00e1ssal!\",\"publisher\":{\"@id\":\"https:\\\/\\\/tajkertesz.com\\\/#organization\"},\"potentialAction\":[{\"@type\":\"SearchAction\",\"target\":{\"@type\":\"EntryPoint\",\"urlTemplate\":\"https:\\\/\\\/tajkertesz.com\\\/?s={search_term_string}\"},\"query-input\":{\"@type\":\"PropertyValueSpecification\",\"valueRequired\":true,\"valueName\":\"search_term_string\"}}],\"inLanguage\":\"en-US\"},{\"@type\":\"Organization\",\"@id\":\"https:\\\/\\\/tajkertesz.com\\\/#organization\",\"name\":\"T\u00e1j-Kert\u00e9sz 84 Kft.\",\"url\":\"https:\\\/\\\/tajkertesz.com\\\/\",\"logo\":{\"@type\":\"ImageObject\",\"inLanguage\":\"en-US\",\"@id\":\"https:\\\/\\\/tajkertesz.com\\\/#\\\/schema\\\/logo\\\/image\\\/\",\"url\":\"https:\\\/\\\/tajkertesz.com\\\/wp-content\\\/uploads\\\/2018\\\/02\\\/logo-2-e1518678052539.png\",\"contentUrl\":\"https:\\\/\\\/tajkertesz.com\\\/wp-content\\\/uploads\\\/2018\\\/02\\\/logo-2-e1518678052539.png\",\"width\":81,\"height\":140,\"caption\":\"T\u00e1j-Kert\u00e9sz 84 Kft.\"},\"image\":{\"@id\":\"https:\\\/\\\/tajkertesz.com\\\/#\\\/schema\\\/logo\\\/image\\\/\"},\"sameAs\":[\"https:\\\/\\\/www.facebook.com\\\/Tajkertesz\\\/\"]}]}<\/script>\n<!-- \/ Yoast SEO plugin. -->","yoast_head_json":{"title":"Taxus baccata 'Fastigiata' - Oszlopos tiszafa - T\u00e1jkert\u00e9sz","description":"Taxus baccata 'Fastigiata' - Oszlopos tiszafa","robots":{"index":"index","follow":"follow","max-snippet":"max-snippet:-1","max-image-preview":"max-image-preview:large","max-video-preview":"max-video-preview:-1"},"canonical":"https:\/\/tajkertesz.com\/en_US\/product\/taxus-baccata-fastigiata-oszlopos-tiszafa\/","og_locale":"en_US","og_type":"article","og_title":"Taxus baccata 'Fastigiata' - Oszlopos tiszafa - T\u00e1jkert\u00e9sz","og_description":"Taxus baccata 'Fastigiata' - Oszlopos tiszafa","og_url":"https:\/\/tajkertesz.com\/en_US\/product\/taxus-baccata-fastigiata-oszlopos-tiszafa\/","og_site_name":"T\u00e1jkert\u00e9sz","article_publisher":"https:\/\/www.facebook.com\/Tajkertesz\/","article_modified_time":"2024-03-13T13:09:36+00:00","og_image":[{"width":429,"height":600,"url":"https:\/\/tajkertesz.com\/wp-content\/uploads\/2021\/10\/IMG_20211011_082014.jpg","type":"image\/jpeg"}],"twitter_card":"summary_large_image","twitter_misc":{"Est. reading time":"1 minute"},"schema":{"@context":"https:\/\/schema.org","@graph":[{"@type":"WebPage","@id":"https:\/\/tajkertesz.com\/termek\/taxus-baccata-fastigiata-oszlopos-tiszafa\/","url":"https:\/\/tajkertesz.com\/termek\/taxus-baccata-fastigiata-oszlopos-tiszafa\/","name":"Taxus baccata 'Fastigiata' - Oszlopos tiszafa - T\u00e1jkert\u00e9sz","isPartOf":{"@id":"https:\/\/tajkertesz.com\/#website"},"primaryImageOfPage":{"@id":"https:\/\/tajkertesz.com\/termek\/taxus-baccata-fastigiata-oszlopos-tiszafa\/#primaryimage"},"image":{"@id":"https:\/\/tajkertesz.com\/termek\/taxus-baccata-fastigiata-oszlopos-tiszafa\/#primaryimage"},"thumbnailUrl":"https:\/\/tajkertesz.com\/wp-content\/uploads\/2021\/10\/IMG_20211011_082014.jpg","datePublished":"2021-10-07T07:16:38+00:00","dateModified":"2024-03-13T13:09:36+00:00","description":"Taxus baccata 'Fastigiata' - Oszlopos tiszafa","breadcrumb":{"@id":"https:\/\/tajkertesz.com\/termek\/taxus-baccata-fastigiata-oszlopos-tiszafa\/#breadcrumb"},"inLanguage":"en-US","potentialAction":[{"@type":"ReadAction","target":["https:\/\/tajkertesz.com\/termek\/taxus-baccata-fastigiata-oszlopos-tiszafa\/"]}]},{"@type":"ImageObject","inLanguage":"en-US","@id":"https:\/\/tajkertesz.com\/termek\/taxus-baccata-fastigiata-oszlopos-tiszafa\/#primaryimage","url":"https:\/\/tajkertesz.com\/wp-content\/uploads\/2021\/10\/IMG_20211011_082014.jpg","contentUrl":"https:\/\/tajkertesz.com\/wp-content\/uploads\/2021\/10\/IMG_20211011_082014.jpg","width":429,"height":600,"caption":"hdr"},{"@type":"BreadcrumbList","@id":"https:\/\/tajkertesz.com\/termek\/taxus-baccata-fastigiata-oszlopos-tiszafa\/#breadcrumb","itemListElement":[{"@type":"ListItem","position":1,"name":"Home","item":"https:\/\/tajkertesz.com\/"},{"@type":"ListItem","position":2,"name":"Kezd\u0151lap","item":"https:\/\/tajkertesz.com\/"},{"@type":"ListItem","position":3,"name":"Taxus baccata &#8216;Fastigiata&#8217; &#8211; Oszlopos tiszafa"}]},{"@type":"WebSite","@id":"https:\/\/tajkertesz.com\/#website","url":"https:\/\/tajkertesz.com\/","name":"T\u00e1j-Kert\u00e9sz 84 Kft.","description":"Kert\u00e9szeti kis- \u00e9s nagykeresked\u00e9s, D\u00edszn\u00f6v\u00e9ny web\u00e1ruh\u00e1z orsz\u00e1gos h\u00e1zhozsz\u00e1ll\u00edt\u00e1ssal!","publisher":{"@id":"https:\/\/tajkertesz.com\/#organization"},"potentialAction":[{"@type":"SearchAction","target":{"@type":"EntryPoint","urlTemplate":"https:\/\/tajkertesz.com\/?s={search_term_string}"},"query-input":{"@type":"PropertyValueSpecification","valueRequired":true,"valueName":"search_term_string"}}],"inLanguage":"en-US"},{"@type":"Organization","@id":"https:\/\/tajkertesz.com\/#organization","name":"T\u00e1j-Kert\u00e9sz 84 Kft.","url":"https:\/\/tajkertesz.com\/","logo":{"@type":"ImageObject","inLanguage":"en-US","@id":"https:\/\/tajkertesz.com\/#\/schema\/logo\/image\/","url":"https:\/\/tajkertesz.com\/wp-content\/uploads\/2018\/02\/logo-2-e1518678052539.png","contentUrl":"https:\/\/tajkertesz.com\/wp-content\/uploads\/2018\/02\/logo-2-e1518678052539.png","width":81,"height":140,"caption":"T\u00e1j-Kert\u00e9sz 84 Kft."},"image":{"@id":"https:\/\/tajkertesz.com\/#\/schema\/logo\/image\/"},"sameAs":["https:\/\/www.facebook.com\/Tajkertesz\/"]}]}},"_links":{"self":[{"href":"https:\/\/tajkertesz.com\/en_US\/wp-json\/wp\/v2\/product\/10184","targetHints":{"allow":["GET"]}}],"collection":[{"href":"https:\/\/tajkertesz.com\/en_US\/wp-json\/wp\/v2\/product"}],"about":[{"href":"https:\/\/tajkertesz.com\/en_US\/wp-json\/wp\/v2\/types\/product"}],"wp:featuredmedia":[{"embeddable":true,"href":"https:\/\/tajkertesz.com\/en_US\/wp-json\/wp\/v2\/media\/10246"}],"wp:attachment":[{"href":"https:\/\/tajkertesz.com\/en_US\/wp-json\/wp\/v2\/media?parent=10184"}],"wp:term":[{"taxonomy":"product_brand","embeddable":true,"href":"https:\/\/tajkertesz.com\/en_US\/wp-json\/wp\/v2\/product_brand?post=10184"},{"taxonomy":"product_cat","embeddable":true,"href":"https:\/\/tajkertesz.com\/en_US\/wp-json\/wp\/v2\/product_cat?post=10184"},{"taxonomy":"product_tag","embeddable":true,"href":"https:\/\/tajkertesz.com\/en_US\/wp-json\/wp\/v2\/product_tag?post=10184"}],"curies":[{"name":"wp","href":"https:\/\/api.w.org\/{rel}","templated":true}]}}