{"id":10188,"date":"2021-10-07T07:29:02","date_gmt":"2021-10-07T07:29:02","guid":{"rendered":"https:\/\/tajkertesz.com\/?post_type=product&#038;p=10188"},"modified":"2026-02-25T15:03:26","modified_gmt":"2026-02-25T15:03:26","slug":"thuja-occidentalis-columna-zold-oszlopos-nyugati-tuja","status":"publish","type":"product","link":"https:\/\/tajkertesz.com\/en_US\/product\/thuja-occidentalis-columna-zold-oszlopos-nyugati-tuja\/","title":{"rendered":"Thuja occidentalis &#8216;Columna&#8217; &#8211; Z\u00f6ld oszlopos nyugati tuja"},"content":{"rendered":"<h3 class=\"LC20lb DKV0Md\">Thuja occidentalis &#8216;Columna&#8217; &#8211; Z\u00f6ld oszlopos nyugati tuja<\/h3>\n<div id=\"mw-fr-revisiontag\" class=\"flaggedrevs_short flaggedrevs_stable_synced plainlinks noprint\">\n<div class=\"flaggedrevs_short_basic\">\n<div id=\"mw-fr-revisiontag\" class=\"flaggedrevs_short flaggedrevs_stable_synced plainlinks noprint\">\n<div class=\"flaggedrevs_short_basic\"><\/div>\n<\/div>\n<\/div>\n<\/div>\n<p class=\"LC20lb DKV0Md\">Thuja occidentalis &#8216;Columna&#8217; &#8211; Z\u00f6ld oszlopos nyugati tuja,szab\u00e1lyos, karcs\u00fa, t\u00f6m\u00f6tt, henger alak\u00fa. Kifejlett magass\u00e1g 4-5 m.Lev\u00e9lei z\u00f6ldek, t\u00e9len enyh\u00e9n megbarnulhat.K\u00f6z\u00e9per\u0151s n\u00f6veked\u00e9s\u0171.Napos, f\u00e9l\u00e1rny\u00e9kos helyet \u00e9s \u00fcde, de j\u00f3 v\u00edzelvezet\u00e9s\u0171 talaj\u00a0ig\u00e9nyel.\u00a0Ny\u00e1ron az \u00f6nt\u00f6z\u00e9s\u00e9r\u0151l gondoskodjunk.\u00a0 \u00c1t\u00fcltet\u00e9st rosszul viseli.\u00a0Haz\u00e1nk kl\u00edm\u00e1j\u00e1t j\u00f3l b\u00edrja, teljesen t\u00e9l\u00e1ll\u00f3.<\/p>\n<p>Jelen term\u00e9k\u00fcnk kb. 80\/100 cm magas<\/p>\n<p><a href=\"https:\/\/www.facebook.com\/tajkertesz\">https:\/\/www.facebook.com\/tajkertesz<\/a><\/p>\n<p><a href=\"https:\/\/tajkertesz.com\/\">https:\/\/tajkertesz.com\/<\/a><\/p>\n<h2><span style=\"color: #ffffff;\">Feny\u0151f\u00e9l\u00e9k fejl\u0151d\u00e9s\u00e9nek t\u00f6rt\u00e9nete:<\/span><\/h2>\n<h2><span style=\"color: #ffffff;\"><span style=\"font-size: 16px;\">A f\u00f6ldt\u00f6rt\u00e9neti k\u00f6z\u00e9pid\u0151 k\u00f6zep\u00e9n, a jur\u00e1ban<\/span><span style=\"font-size: 16px;\"> alakultak ki, majd eg\u00e9sz Laur\u00e1zsi\u00e1ban<\/span><span style=\"font-size: 16px;\"> elterjedtek. A mexik\u00f3i f\u00f6ldh\u00edd kiemelked\u00e9se ut\u00e1n egyes fajaik az Andok<\/span><span style=\"font-size: 16px;\"> hegyl\u00e1nca ment\u00e9n eg\u00e9szen D\u00e9l-Chil\u00e9ig<\/span><span style=\"font-size: 16px;\"> lejutottak. A z\u00e1rvaterm\u0151k<\/span><span style=\"font-size: 16px;\"> kifejl\u0151d\u00e9se ut\u00e1n jelent\u0151sen visszaszorultak; faj- \u00e9s egyedsz\u00e1muk er\u0151teljesen cs\u00f6kkent. Visszaszorul\u00f3 jelleg\u00fcket jelzi, hogy sok nemzets\u00e9g\u00fck monotipikus. Ezzel egy\u00fctt mindm\u00e1ig a feny\u0151k a F\u00f6ld legnagyobb biomja<\/span><span style=\"font-size: 16px;\">, a tajga<\/span><span style=\"font-size: 16px;\"> domin\u00e1ns f\u00e1s sz\u00e1r\u00fa n\u00f6v\u00e9nyei.<\/span><\/span><\/h2>\n<p><span style=\"color: #ffffff;\">Legt\u00f6bb ma \u00e9l\u0151 fajuknak a mostanit megk\u00f6zel\u00edt\u0151 form\u00e1ja 60\u201365 milli\u00f3 \u00e9ve alakult ki.<sup id=\"cite_ref-1\" class=\"reference\"><\/sup><\/span><\/p>\n<p><span style=\"color: #ffffff;\">A tobozok k\u00e9t \u00e9v alatt \u00e9rnek be, \u00e9s a magvak kihull\u00e1sa ut\u00e1n is sok\u00e1ig a f\u00e1n maradnak<\/span><\/p>\n<h2><span style=\"color: #ffffff;\">Feny\u0151f\u00e9l\u00e9k fejl\u0151d\u00e9s\u00e9nek t\u00f6rt\u00e9nete:<\/span><\/h2>\n<h2><span style=\"color: #ffffff;\"><span style=\"font-size: 16px;\">A f\u00f6ldt\u00f6rt\u00e9neti k\u00f6z\u00e9pid\u0151 k\u00f6zep\u00e9n, a jur\u00e1ban<\/span><span style=\"font-size: 16px;\"> alakultak ki, majd eg\u00e9sz Laur\u00e1zsi\u00e1ban<\/span><span style=\"font-size: 16px;\"> elterjedtek. A mexik\u00f3i f\u00f6ldh\u00edd kiemelked\u00e9se ut\u00e1n egyes fajaik az Andok<\/span><span style=\"font-size: 16px;\"> hegyl\u00e1nca ment\u00e9n eg\u00e9szen D\u00e9l-Chil\u00e9ig<\/span><span style=\"font-size: 16px;\"> lejutottak. A z\u00e1rvaterm\u0151k<\/span><span style=\"font-size: 16px;\"> kifejl\u0151d\u00e9se ut\u00e1n jelent\u0151sen visszaszorultak; faj- \u00e9s egyedsz\u00e1muk er\u0151teljesen cs\u00f6kkent. Visszaszorul\u00f3 jelleg\u00fcket jelzi, hogy sok nemzets\u00e9g\u00fck monotipikus. Ezzel egy\u00fctt mindm\u00e1ig a feny\u0151k a F\u00f6ld legnagyobb biomja<\/span><span style=\"font-size: 16px;\">, a tajga<\/span><span style=\"font-size: 16px;\"> domin\u00e1ns f\u00e1s sz\u00e1r\u00fa n\u00f6v\u00e9nyei.<\/span><\/span><\/h2>\n<p><span style=\"color: #ffffff;\">Legt\u00f6bb ma \u00e9l\u0151 fajuknak a mostanit megk\u00f6zel\u00edt\u0151 form\u00e1ja 60\u201365 milli\u00f3 \u00e9ve alakult ki.<sup id=\"cite_ref-1\" class=\"reference\"><\/sup><\/span><\/p>\n<p><span style=\"color: #ffffff;\">A tobozok k\u00e9t \u00e9v alatt \u00e9rnek be, \u00e9s a magvak kihull\u00e1sa ut\u00e1n is sok\u00e1ig a f\u00e1n maradnak<\/span><\/p>\n<p>&nbsp;<\/p>\n<p>&nbsp;<\/p>\n<p>Sz\u00e1ll\u00edt\u00e1s fut\u00e1rszolg\u00e1lattal 200 cm \u00e9s 40 Kg-ig lehets\u00e9ges, e felett egyedi aj\u00e1nlat sz\u00fcks\u00e9ges.<\/p>","protected":false},"excerpt":{"rendered":"<p class=\"LC20lb DKV0Md\" style=\"text-align: center;\">Thuja occidentalis &#8216;Columna&#8217; &#8211; Z\u00f6ld oszlopos nyugati tuja<\/p>","protected":false},"featured_media":10254,"template":"","meta":{"_et_pb_use_builder":"","_et_pb_old_content":"","_et_gb_content_width":""},"product_brand":[],"product_cat":[26],"product_tag":[2933],"class_list":{"0":"post-10188","1":"product","2":"type-product","3":"status-publish","4":"has-post-thumbnail","6":"product_cat-orokzold-novenyek","7":"product_tag-thuja-occidentalis-columna-zold-oszlopos-nyugati-tuja","9":"first","10":"outofstock","11":"shipping-taxable","12":"product-type-simple"},"yoast_head":"<!-- This site is optimized with the Yoast SEO plugin v27.3 - https:\/\/yoast.com\/product\/yoast-seo-wordpress\/ -->\n<title>Thuja occidentalis &#039;Columna&#039; - Z\u00f6ld oszlopos nyugati tuja - T\u00e1jkert\u00e9sz<\/title>\n<meta name=\"description\" content=\"Thuja occidentalis &#039;Columna&#039; - Z\u00f6ld oszlopos nyugati tuja\" \/>\n<meta name=\"robots\" content=\"index, follow, max-snippet:-1, max-image-preview:large, max-video-preview:-1\" \/>\n<link rel=\"canonical\" href=\"https:\/\/tajkertesz.com\/en_US\/product\/thuja-occidentalis-columna-zold-oszlopos-nyugati-tuja\/\" \/>\n<meta property=\"og:locale\" content=\"en_US\" \/>\n<meta property=\"og:type\" content=\"article\" \/>\n<meta property=\"og:title\" content=\"Thuja occidentalis &#039;Columna&#039; - Z\u00f6ld oszlopos nyugati tuja - T\u00e1jkert\u00e9sz\" \/>\n<meta property=\"og:description\" content=\"Thuja occidentalis &#039;Columna&#039; - Z\u00f6ld oszlopos nyugati tuja\" \/>\n<meta property=\"og:url\" content=\"https:\/\/tajkertesz.com\/en_US\/product\/thuja-occidentalis-columna-zold-oszlopos-nyugati-tuja\/\" \/>\n<meta property=\"og:site_name\" content=\"T\u00e1jkert\u00e9sz\" \/>\n<meta property=\"article:publisher\" content=\"https:\/\/www.facebook.com\/Tajkertesz\/\" \/>\n<meta property=\"article:modified_time\" content=\"2026-02-25T15:03:26+00:00\" \/>\n<meta property=\"og:image\" content=\"https:\/\/tajkertesz.com\/wp-content\/uploads\/2021\/10\/IMG_20211011_082046.jpg\" \/>\n\t<meta property=\"og:image:width\" content=\"544\" \/>\n\t<meta property=\"og:image:height\" content=\"600\" \/>\n\t<meta property=\"og:image:type\" content=\"image\/jpeg\" \/>\n<meta name=\"twitter:card\" content=\"summary_large_image\" \/>\n<meta name=\"twitter:label1\" content=\"Est. reading time\" \/>\n\t<meta name=\"twitter:data1\" content=\"2 minutes\" \/>\n<script type=\"application\/ld+json\" class=\"yoast-schema-graph\">{\"@context\":\"https:\\\/\\\/schema.org\",\"@graph\":[{\"@type\":\"WebPage\",\"@id\":\"https:\\\/\\\/tajkertesz.com\\\/termek\\\/thuja-occidentalis-columna-zold-oszlopos-nyugati-tuja\\\/\",\"url\":\"https:\\\/\\\/tajkertesz.com\\\/termek\\\/thuja-occidentalis-columna-zold-oszlopos-nyugati-tuja\\\/\",\"name\":\"Thuja occidentalis 'Columna' - Z\u00f6ld oszlopos nyugati tuja - T\u00e1jkert\u00e9sz\",\"isPartOf\":{\"@id\":\"https:\\\/\\\/tajkertesz.com\\\/#website\"},\"primaryImageOfPage\":{\"@id\":\"https:\\\/\\\/tajkertesz.com\\\/termek\\\/thuja-occidentalis-columna-zold-oszlopos-nyugati-tuja\\\/#primaryimage\"},\"image\":{\"@id\":\"https:\\\/\\\/tajkertesz.com\\\/termek\\\/thuja-occidentalis-columna-zold-oszlopos-nyugati-tuja\\\/#primaryimage\"},\"thumbnailUrl\":\"https:\\\/\\\/tajkertesz.com\\\/wp-content\\\/uploads\\\/2021\\\/10\\\/IMG_20211011_082046.jpg\",\"datePublished\":\"2021-10-07T07:29:02+00:00\",\"dateModified\":\"2026-02-25T15:03:26+00:00\",\"description\":\"Thuja occidentalis 'Columna' - Z\u00f6ld oszlopos nyugati tuja\",\"breadcrumb\":{\"@id\":\"https:\\\/\\\/tajkertesz.com\\\/termek\\\/thuja-occidentalis-columna-zold-oszlopos-nyugati-tuja\\\/#breadcrumb\"},\"inLanguage\":\"en-US\",\"potentialAction\":[{\"@type\":\"ReadAction\",\"target\":[\"https:\\\/\\\/tajkertesz.com\\\/termek\\\/thuja-occidentalis-columna-zold-oszlopos-nyugati-tuja\\\/\"]}]},{\"@type\":\"ImageObject\",\"inLanguage\":\"en-US\",\"@id\":\"https:\\\/\\\/tajkertesz.com\\\/termek\\\/thuja-occidentalis-columna-zold-oszlopos-nyugati-tuja\\\/#primaryimage\",\"url\":\"https:\\\/\\\/tajkertesz.com\\\/wp-content\\\/uploads\\\/2021\\\/10\\\/IMG_20211011_082046.jpg\",\"contentUrl\":\"https:\\\/\\\/tajkertesz.com\\\/wp-content\\\/uploads\\\/2021\\\/10\\\/IMG_20211011_082046.jpg\",\"width\":544,\"height\":600,\"caption\":\"hdr\"},{\"@type\":\"BreadcrumbList\",\"@id\":\"https:\\\/\\\/tajkertesz.com\\\/termek\\\/thuja-occidentalis-columna-zold-oszlopos-nyugati-tuja\\\/#breadcrumb\",\"itemListElement\":[{\"@type\":\"ListItem\",\"position\":1,\"name\":\"Home\",\"item\":\"https:\\\/\\\/tajkertesz.com\\\/\"},{\"@type\":\"ListItem\",\"position\":2,\"name\":\"Kezd\u0151lap\",\"item\":\"https:\\\/\\\/tajkertesz.com\\\/\"},{\"@type\":\"ListItem\",\"position\":3,\"name\":\"Thuja occidentalis &#8216;Columna&#8217; &#8211; Z\u00f6ld oszlopos nyugati tuja\"}]},{\"@type\":\"WebSite\",\"@id\":\"https:\\\/\\\/tajkertesz.com\\\/#website\",\"url\":\"https:\\\/\\\/tajkertesz.com\\\/\",\"name\":\"T\u00e1j-Kert\u00e9sz 84 Kft.\",\"description\":\"Kert\u00e9szeti kis- \u00e9s nagykeresked\u00e9s, D\u00edszn\u00f6v\u00e9ny web\u00e1ruh\u00e1z orsz\u00e1gos h\u00e1zhozsz\u00e1ll\u00edt\u00e1ssal!\",\"publisher\":{\"@id\":\"https:\\\/\\\/tajkertesz.com\\\/#organization\"},\"potentialAction\":[{\"@type\":\"SearchAction\",\"target\":{\"@type\":\"EntryPoint\",\"urlTemplate\":\"https:\\\/\\\/tajkertesz.com\\\/?s={search_term_string}\"},\"query-input\":{\"@type\":\"PropertyValueSpecification\",\"valueRequired\":true,\"valueName\":\"search_term_string\"}}],\"inLanguage\":\"en-US\"},{\"@type\":\"Organization\",\"@id\":\"https:\\\/\\\/tajkertesz.com\\\/#organization\",\"name\":\"T\u00e1j-Kert\u00e9sz 84 Kft.\",\"url\":\"https:\\\/\\\/tajkertesz.com\\\/\",\"logo\":{\"@type\":\"ImageObject\",\"inLanguage\":\"en-US\",\"@id\":\"https:\\\/\\\/tajkertesz.com\\\/#\\\/schema\\\/logo\\\/image\\\/\",\"url\":\"https:\\\/\\\/tajkertesz.com\\\/wp-content\\\/uploads\\\/2018\\\/02\\\/logo-2-e1518678052539.png\",\"contentUrl\":\"https:\\\/\\\/tajkertesz.com\\\/wp-content\\\/uploads\\\/2018\\\/02\\\/logo-2-e1518678052539.png\",\"width\":81,\"height\":140,\"caption\":\"T\u00e1j-Kert\u00e9sz 84 Kft.\"},\"image\":{\"@id\":\"https:\\\/\\\/tajkertesz.com\\\/#\\\/schema\\\/logo\\\/image\\\/\"},\"sameAs\":[\"https:\\\/\\\/www.facebook.com\\\/Tajkertesz\\\/\"]}]}<\/script>\n<!-- \/ Yoast SEO plugin. -->","yoast_head_json":{"title":"Thuja occidentalis 'Columna' - Z\u00f6ld oszlopos nyugati tuja - T\u00e1jkert\u00e9sz","description":"Thuja occidentalis 'Columna' - Z\u00f6ld oszlopos nyugati tuja","robots":{"index":"index","follow":"follow","max-snippet":"max-snippet:-1","max-image-preview":"max-image-preview:large","max-video-preview":"max-video-preview:-1"},"canonical":"https:\/\/tajkertesz.com\/en_US\/product\/thuja-occidentalis-columna-zold-oszlopos-nyugati-tuja\/","og_locale":"en_US","og_type":"article","og_title":"Thuja occidentalis 'Columna' - Z\u00f6ld oszlopos nyugati tuja - T\u00e1jkert\u00e9sz","og_description":"Thuja occidentalis 'Columna' - Z\u00f6ld oszlopos nyugati tuja","og_url":"https:\/\/tajkertesz.com\/en_US\/product\/thuja-occidentalis-columna-zold-oszlopos-nyugati-tuja\/","og_site_name":"T\u00e1jkert\u00e9sz","article_publisher":"https:\/\/www.facebook.com\/Tajkertesz\/","article_modified_time":"2026-02-25T15:03:26+00:00","og_image":[{"width":544,"height":600,"url":"https:\/\/tajkertesz.com\/wp-content\/uploads\/2021\/10\/IMG_20211011_082046.jpg","type":"image\/jpeg"}],"twitter_card":"summary_large_image","twitter_misc":{"Est. reading time":"2 minutes"},"schema":{"@context":"https:\/\/schema.org","@graph":[{"@type":"WebPage","@id":"https:\/\/tajkertesz.com\/termek\/thuja-occidentalis-columna-zold-oszlopos-nyugati-tuja\/","url":"https:\/\/tajkertesz.com\/termek\/thuja-occidentalis-columna-zold-oszlopos-nyugati-tuja\/","name":"Thuja occidentalis 'Columna' - Z\u00f6ld oszlopos nyugati tuja - T\u00e1jkert\u00e9sz","isPartOf":{"@id":"https:\/\/tajkertesz.com\/#website"},"primaryImageOfPage":{"@id":"https:\/\/tajkertesz.com\/termek\/thuja-occidentalis-columna-zold-oszlopos-nyugati-tuja\/#primaryimage"},"image":{"@id":"https:\/\/tajkertesz.com\/termek\/thuja-occidentalis-columna-zold-oszlopos-nyugati-tuja\/#primaryimage"},"thumbnailUrl":"https:\/\/tajkertesz.com\/wp-content\/uploads\/2021\/10\/IMG_20211011_082046.jpg","datePublished":"2021-10-07T07:29:02+00:00","dateModified":"2026-02-25T15:03:26+00:00","description":"Thuja occidentalis 'Columna' - Z\u00f6ld oszlopos nyugati tuja","breadcrumb":{"@id":"https:\/\/tajkertesz.com\/termek\/thuja-occidentalis-columna-zold-oszlopos-nyugati-tuja\/#breadcrumb"},"inLanguage":"en-US","potentialAction":[{"@type":"ReadAction","target":["https:\/\/tajkertesz.com\/termek\/thuja-occidentalis-columna-zold-oszlopos-nyugati-tuja\/"]}]},{"@type":"ImageObject","inLanguage":"en-US","@id":"https:\/\/tajkertesz.com\/termek\/thuja-occidentalis-columna-zold-oszlopos-nyugati-tuja\/#primaryimage","url":"https:\/\/tajkertesz.com\/wp-content\/uploads\/2021\/10\/IMG_20211011_082046.jpg","contentUrl":"https:\/\/tajkertesz.com\/wp-content\/uploads\/2021\/10\/IMG_20211011_082046.jpg","width":544,"height":600,"caption":"hdr"},{"@type":"BreadcrumbList","@id":"https:\/\/tajkertesz.com\/termek\/thuja-occidentalis-columna-zold-oszlopos-nyugati-tuja\/#breadcrumb","itemListElement":[{"@type":"ListItem","position":1,"name":"Home","item":"https:\/\/tajkertesz.com\/"},{"@type":"ListItem","position":2,"name":"Kezd\u0151lap","item":"https:\/\/tajkertesz.com\/"},{"@type":"ListItem","position":3,"name":"Thuja occidentalis &#8216;Columna&#8217; &#8211; Z\u00f6ld oszlopos nyugati tuja"}]},{"@type":"WebSite","@id":"https:\/\/tajkertesz.com\/#website","url":"https:\/\/tajkertesz.com\/","name":"T\u00e1j-Kert\u00e9sz 84 Kft.","description":"Kert\u00e9szeti kis- \u00e9s nagykeresked\u00e9s, D\u00edszn\u00f6v\u00e9ny web\u00e1ruh\u00e1z orsz\u00e1gos h\u00e1zhozsz\u00e1ll\u00edt\u00e1ssal!","publisher":{"@id":"https:\/\/tajkertesz.com\/#organization"},"potentialAction":[{"@type":"SearchAction","target":{"@type":"EntryPoint","urlTemplate":"https:\/\/tajkertesz.com\/?s={search_term_string}"},"query-input":{"@type":"PropertyValueSpecification","valueRequired":true,"valueName":"search_term_string"}}],"inLanguage":"en-US"},{"@type":"Organization","@id":"https:\/\/tajkertesz.com\/#organization","name":"T\u00e1j-Kert\u00e9sz 84 Kft.","url":"https:\/\/tajkertesz.com\/","logo":{"@type":"ImageObject","inLanguage":"en-US","@id":"https:\/\/tajkertesz.com\/#\/schema\/logo\/image\/","url":"https:\/\/tajkertesz.com\/wp-content\/uploads\/2018\/02\/logo-2-e1518678052539.png","contentUrl":"https:\/\/tajkertesz.com\/wp-content\/uploads\/2018\/02\/logo-2-e1518678052539.png","width":81,"height":140,"caption":"T\u00e1j-Kert\u00e9sz 84 Kft."},"image":{"@id":"https:\/\/tajkertesz.com\/#\/schema\/logo\/image\/"},"sameAs":["https:\/\/www.facebook.com\/Tajkertesz\/"]}]}},"_links":{"self":[{"href":"https:\/\/tajkertesz.com\/en_US\/wp-json\/wp\/v2\/product\/10188","targetHints":{"allow":["GET"]}}],"collection":[{"href":"https:\/\/tajkertesz.com\/en_US\/wp-json\/wp\/v2\/product"}],"about":[{"href":"https:\/\/tajkertesz.com\/en_US\/wp-json\/wp\/v2\/types\/product"}],"wp:featuredmedia":[{"embeddable":true,"href":"https:\/\/tajkertesz.com\/en_US\/wp-json\/wp\/v2\/media\/10254"}],"wp:attachment":[{"href":"https:\/\/tajkertesz.com\/en_US\/wp-json\/wp\/v2\/media?parent=10188"}],"wp:term":[{"taxonomy":"product_brand","embeddable":true,"href":"https:\/\/tajkertesz.com\/en_US\/wp-json\/wp\/v2\/product_brand?post=10188"},{"taxonomy":"product_cat","embeddable":true,"href":"https:\/\/tajkertesz.com\/en_US\/wp-json\/wp\/v2\/product_cat?post=10188"},{"taxonomy":"product_tag","embeddable":true,"href":"https:\/\/tajkertesz.com\/en_US\/wp-json\/wp\/v2\/product_tag?post=10188"}],"curies":[{"name":"wp","href":"https:\/\/api.w.org\/{rel}","templated":true}]}}