{"id":10268,"date":"2021-10-11T07:59:25","date_gmt":"2021-10-11T07:59:25","guid":{"rendered":"https:\/\/tajkertesz.com\/?post_type=product&#038;p=10268"},"modified":"2022-11-15T11:10:09","modified_gmt":"2022-11-15T11:10:09","slug":"taxus-baccata-oszlopos-tiszafa-gombre-nyirt","status":"publish","type":"product","link":"https:\/\/tajkertesz.com\/en_US\/product\/taxus-baccata-oszlopos-tiszafa-gombre-nyirt\/","title":{"rendered":"Taxus baccata  \u2013 oszlopos tiszafa g\u00f6mbre ny\u00edrt"},"content":{"rendered":"<h3 class=\"LC20lb DKV0Md\">Taxus baccata \u2013 oszlopos tiszafa g\u00f6mbre ny\u00edrt<\/h3>\n<div id=\"mw-fr-revisiontag\" class=\"flaggedrevs_short flaggedrevs_stable_synced plainlinks noprint\">\n<div class=\"flaggedrevs_short_basic\">\n<div id=\"mw-fr-revisiontag\" class=\"flaggedrevs_short flaggedrevs_stable_synced plainlinks noprint\">\n<div class=\"flaggedrevs_short_basic\"><\/div>\n<\/div>\n<\/div>\n<\/div>\n<p class=\"LC20lb DKV0Md\"><span lang=\"HU\">Taxus baccata \u2013 oszlopos tiszafa g\u00f6mbre ny\u00edrt, <\/span>4-6 m\u00e9ter magasra is megn\u0151het, lass\u00fa n\u00f6veked\u00e9s\u0171, felfele t\u00f6r\u0151, oszlopos \u00f6r\u00f6kz\u00f6ld, sz\u00e9ls\u0151s\u00e9ges term\u0151helyekt\u0151l eltekintve b\u00e1rhol meg\u00e9l, hazai teleinket j\u00f3l t\u0171rik,teljes napf\u00e9ny mellett az \u00e1rny\u00e9kot is j\u00f3l viseli<\/p>\n<p>Kb. 40\/50 cm+ f\u00f6ldlabda<\/p>\n<p><a href=\"https:\/\/www.facebook.com\/tajkertesz\">https:\/\/www.facebook.com\/tajkertesz<\/a><\/p>\n<p><a href=\"https:\/\/tajkertesz.com\/\">https:\/\/tajkertesz.com\/<\/a><\/p>\n<p><span style=\"color: #ffffff;\">manaps\u00e1g m\u00e1r elterjedt a m\u0171anyagb\u00f3l k\u00e9sz\u00fclt v\u00e1ltozmanaps\u00e1g m\u00e1r elterjedt a m\u0171anyagb\u00f3l k\u00e9sz\u00fclt v\u00e1ltozat is. Kert\u00e9szetekben \u00e9s nagyobb \u00e1ruh\u00e1zakban kaphat\u00f3, ak\u00e1rcsak az \u00e1s\u00f3, a lap\u00e1t, a kapa vagy ritk\u00e1bban a kaszahanem a h\u00e1z k\u00f6r\u00fcl is fontos eszk\u00f6z, a lehullott faleveleket (avart) vagy egy\u00e9b lombokat is \u00f6ssze lehet vele szedni (a speci\u00e1lisan lombgy\u0171jt\u00e9sre szakosodott verzi\u00f3ja a lombsepr\u0171). Nyele \u00e1ltal\u00e1ban f\u00e1b\u00f3l, feje pedig vasb\u00f3l k\u00e9sz\u00fcl, de manaps\u00e1g m\u00e1r elterjedt a m\u0171anyagb\u00f3l k\u00e9sz\u00fclt v\u00e1ltozat is. Kert\u00e9szetekben \u00e9s nagyobb \u00e1ruh\u00e1zakban kaphat\u00f3, ak\u00e1rcsak az \u00e1s\u00f3, a lap\u00e1t, a kapa vagy ritk\u00e1bban a kasza..\u00c1tm\u00e9r\u0151: 6 mmat is. Kert\u00e9szetekben \u00e9s nagyobb \u00e1ruh\u00e1zakban kaphat\u00f3, ak\u00e1rcsak az \u00e1s\u00f3, a lap\u00e1t, a kapa vagy ritk\u00e1bban a kaszahanem a h\u00e1z k\u00f6r\u00fcl is fontos eszk\u00f6z, a lehullott faleveleket (avart) vagy egy\u00e9b lombokat is \u00f6ssze lehet vele szedni (a speci\u00e1lisan lombgy\u0171jt\u00e9sre szakosodott verzi\u00f3ja a lombsepr\u0171). Nyele \u00e1ltal\u00e1ban f\u00e1b\u00f3l, feje pedig vasb\u00f3l k\u00e9sz\u00fcl, de manaps\u00e1g m\u00e1r elterjedt a m\u0171anyagb\u00f3l k\u00e9sz\u00fclt v\u00e1ltozat is. Kert\u00e9szetekben \u00e9s nagyobb \u00e1ruh\u00e1zakban kaphat\u00f3, ak\u00e1rcsak az \u00e1s\u00f3, a lap\u00e1t, a kapa vagy ritk\u00e1bban a kasza..\u00c1tm\u00e9r\u0151: 6 mm<\/span><\/p>\n<p>Sz\u00e1ll\u00edt\u00e1s fut\u00e1rszolg\u00e1lattal 200 cm \u00e9s 40 Kg-ig lehets\u00e9ges, e felett egyedi aj\u00e1nlat sz\u00fcks\u00e9ges.<\/p>","protected":false},"excerpt":{"rendered":"<h3 class=\"LC20lb DKV0Md\">Taxus baccata \u2013 oszlopos tiszafa g\u00f6mbre ny\u00edrt<\/h3>","protected":false},"featured_media":10269,"template":"","meta":{"_et_pb_use_builder":"","_et_pb_old_content":"","_et_gb_content_width":""},"product_brand":[],"product_cat":[26],"product_tag":[2939],"class_list":{"0":"post-10268","1":"product","2":"type-product","3":"status-publish","4":"has-post-thumbnail","6":"product_cat-orokzold-novenyek","7":"product_tag-taxus-baccata-oszlopos-tiszafa-gombre-nyirt","9":"first","10":"outofstock","11":"shipping-taxable","12":"product-type-simple"},"yoast_head":"<!-- This site is optimized with the Yoast SEO plugin v27.5 - https:\/\/yoast.com\/product\/yoast-seo-wordpress\/ -->\n<title>Taxus baccata \u2013 oszlopos tiszafa g\u00f6mbre ny\u00edrt - T\u00e1jkert\u00e9sz<\/title>\n<meta name=\"description\" content=\"Taxus baccata \u2013 oszlopos tiszafa g\u00f6mbre ny\u00edrt\" \/>\n<meta name=\"robots\" content=\"index, follow, max-snippet:-1, max-image-preview:large, max-video-preview:-1\" \/>\n<link rel=\"canonical\" href=\"https:\/\/tajkertesz.com\/en_US\/product\/taxus-baccata-oszlopos-tiszafa-gombre-nyirt\/\" \/>\n<meta property=\"og:locale\" content=\"en_US\" \/>\n<meta property=\"og:type\" content=\"article\" \/>\n<meta property=\"og:title\" content=\"Taxus baccata \u2013 oszlopos tiszafa g\u00f6mbre ny\u00edrt - T\u00e1jkert\u00e9sz\" \/>\n<meta property=\"og:description\" content=\"Taxus baccata \u2013 oszlopos tiszafa g\u00f6mbre ny\u00edrt\" \/>\n<meta property=\"og:url\" content=\"https:\/\/tajkertesz.com\/en_US\/product\/taxus-baccata-oszlopos-tiszafa-gombre-nyirt\/\" \/>\n<meta property=\"og:site_name\" content=\"T\u00e1jkert\u00e9sz\" \/>\n<meta property=\"article:publisher\" content=\"https:\/\/www.facebook.com\/Tajkertesz\/\" \/>\n<meta property=\"article:modified_time\" content=\"2022-11-15T11:10:09+00:00\" \/>\n<meta property=\"og:image\" content=\"https:\/\/tajkertesz.com\/wp-content\/uploads\/2021\/10\/IMG_20211011_081925.jpg\" \/>\n\t<meta property=\"og:image:width\" content=\"493\" \/>\n\t<meta property=\"og:image:height\" content=\"600\" \/>\n\t<meta property=\"og:image:type\" content=\"image\/jpeg\" \/>\n<meta name=\"twitter:card\" content=\"summary_large_image\" \/>\n<meta name=\"twitter:label1\" content=\"Est. reading time\" \/>\n\t<meta name=\"twitter:data1\" content=\"2 minutes\" \/>\n<script type=\"application\/ld+json\" class=\"yoast-schema-graph\">{\"@context\":\"https:\\\/\\\/schema.org\",\"@graph\":[{\"@type\":\"WebPage\",\"@id\":\"https:\\\/\\\/tajkertesz.com\\\/termek\\\/taxus-baccata-oszlopos-tiszafa-gombre-nyirt\\\/\",\"url\":\"https:\\\/\\\/tajkertesz.com\\\/termek\\\/taxus-baccata-oszlopos-tiszafa-gombre-nyirt\\\/\",\"name\":\"Taxus baccata \u2013 oszlopos tiszafa g\u00f6mbre ny\u00edrt - T\u00e1jkert\u00e9sz\",\"isPartOf\":{\"@id\":\"https:\\\/\\\/tajkertesz.com\\\/#website\"},\"primaryImageOfPage\":{\"@id\":\"https:\\\/\\\/tajkertesz.com\\\/termek\\\/taxus-baccata-oszlopos-tiszafa-gombre-nyirt\\\/#primaryimage\"},\"image\":{\"@id\":\"https:\\\/\\\/tajkertesz.com\\\/termek\\\/taxus-baccata-oszlopos-tiszafa-gombre-nyirt\\\/#primaryimage\"},\"thumbnailUrl\":\"https:\\\/\\\/tajkertesz.com\\\/wp-content\\\/uploads\\\/2021\\\/10\\\/IMG_20211011_081925.jpg\",\"datePublished\":\"2021-10-11T07:59:25+00:00\",\"dateModified\":\"2022-11-15T11:10:09+00:00\",\"description\":\"Taxus baccata \u2013 oszlopos tiszafa g\u00f6mbre ny\u00edrt\",\"breadcrumb\":{\"@id\":\"https:\\\/\\\/tajkertesz.com\\\/termek\\\/taxus-baccata-oszlopos-tiszafa-gombre-nyirt\\\/#breadcrumb\"},\"inLanguage\":\"en-US\",\"potentialAction\":[{\"@type\":\"ReadAction\",\"target\":[\"https:\\\/\\\/tajkertesz.com\\\/termek\\\/taxus-baccata-oszlopos-tiszafa-gombre-nyirt\\\/\"]}]},{\"@type\":\"ImageObject\",\"inLanguage\":\"en-US\",\"@id\":\"https:\\\/\\\/tajkertesz.com\\\/termek\\\/taxus-baccata-oszlopos-tiszafa-gombre-nyirt\\\/#primaryimage\",\"url\":\"https:\\\/\\\/tajkertesz.com\\\/wp-content\\\/uploads\\\/2021\\\/10\\\/IMG_20211011_081925.jpg\",\"contentUrl\":\"https:\\\/\\\/tajkertesz.com\\\/wp-content\\\/uploads\\\/2021\\\/10\\\/IMG_20211011_081925.jpg\",\"width\":493,\"height\":600,\"caption\":\"hdr\"},{\"@type\":\"BreadcrumbList\",\"@id\":\"https:\\\/\\\/tajkertesz.com\\\/termek\\\/taxus-baccata-oszlopos-tiszafa-gombre-nyirt\\\/#breadcrumb\",\"itemListElement\":[{\"@type\":\"ListItem\",\"position\":1,\"name\":\"Home\",\"item\":\"https:\\\/\\\/tajkertesz.com\\\/\"},{\"@type\":\"ListItem\",\"position\":2,\"name\":\"Kezd\u0151lap\",\"item\":\"https:\\\/\\\/tajkertesz.com\\\/\"},{\"@type\":\"ListItem\",\"position\":3,\"name\":\"Taxus baccata \u2013 oszlopos tiszafa g\u00f6mbre ny\u00edrt\"}]},{\"@type\":\"WebSite\",\"@id\":\"https:\\\/\\\/tajkertesz.com\\\/#website\",\"url\":\"https:\\\/\\\/tajkertesz.com\\\/\",\"name\":\"T\u00e1j-Kert\u00e9sz 84 Kft.\",\"description\":\"Kert\u00e9szeti kis- \u00e9s nagykeresked\u00e9s, D\u00edszn\u00f6v\u00e9ny web\u00e1ruh\u00e1z orsz\u00e1gos h\u00e1zhozsz\u00e1ll\u00edt\u00e1ssal!\",\"publisher\":{\"@id\":\"https:\\\/\\\/tajkertesz.com\\\/#organization\"},\"potentialAction\":[{\"@type\":\"SearchAction\",\"target\":{\"@type\":\"EntryPoint\",\"urlTemplate\":\"https:\\\/\\\/tajkertesz.com\\\/?s={search_term_string}\"},\"query-input\":{\"@type\":\"PropertyValueSpecification\",\"valueRequired\":true,\"valueName\":\"search_term_string\"}}],\"inLanguage\":\"en-US\"},{\"@type\":\"Organization\",\"@id\":\"https:\\\/\\\/tajkertesz.com\\\/#organization\",\"name\":\"T\u00e1j-Kert\u00e9sz 84 Kft.\",\"url\":\"https:\\\/\\\/tajkertesz.com\\\/\",\"logo\":{\"@type\":\"ImageObject\",\"inLanguage\":\"en-US\",\"@id\":\"https:\\\/\\\/tajkertesz.com\\\/#\\\/schema\\\/logo\\\/image\\\/\",\"url\":\"https:\\\/\\\/tajkertesz.com\\\/wp-content\\\/uploads\\\/2018\\\/02\\\/logo-2-e1518678052539.png\",\"contentUrl\":\"https:\\\/\\\/tajkertesz.com\\\/wp-content\\\/uploads\\\/2018\\\/02\\\/logo-2-e1518678052539.png\",\"width\":81,\"height\":140,\"caption\":\"T\u00e1j-Kert\u00e9sz 84 Kft.\"},\"image\":{\"@id\":\"https:\\\/\\\/tajkertesz.com\\\/#\\\/schema\\\/logo\\\/image\\\/\"},\"sameAs\":[\"https:\\\/\\\/www.facebook.com\\\/Tajkertesz\\\/\"]}]}<\/script>\n<!-- \/ Yoast SEO plugin. -->","yoast_head_json":{"title":"Taxus baccata \u2013 oszlopos tiszafa g\u00f6mbre ny\u00edrt - T\u00e1jkert\u00e9sz","description":"Taxus baccata \u2013 oszlopos tiszafa g\u00f6mbre ny\u00edrt","robots":{"index":"index","follow":"follow","max-snippet":"max-snippet:-1","max-image-preview":"max-image-preview:large","max-video-preview":"max-video-preview:-1"},"canonical":"https:\/\/tajkertesz.com\/en_US\/product\/taxus-baccata-oszlopos-tiszafa-gombre-nyirt\/","og_locale":"en_US","og_type":"article","og_title":"Taxus baccata \u2013 oszlopos tiszafa g\u00f6mbre ny\u00edrt - T\u00e1jkert\u00e9sz","og_description":"Taxus baccata \u2013 oszlopos tiszafa g\u00f6mbre ny\u00edrt","og_url":"https:\/\/tajkertesz.com\/en_US\/product\/taxus-baccata-oszlopos-tiszafa-gombre-nyirt\/","og_site_name":"T\u00e1jkert\u00e9sz","article_publisher":"https:\/\/www.facebook.com\/Tajkertesz\/","article_modified_time":"2022-11-15T11:10:09+00:00","og_image":[{"width":493,"height":600,"url":"https:\/\/tajkertesz.com\/wp-content\/uploads\/2021\/10\/IMG_20211011_081925.jpg","type":"image\/jpeg"}],"twitter_card":"summary_large_image","twitter_misc":{"Est. reading time":"2 minutes"},"schema":{"@context":"https:\/\/schema.org","@graph":[{"@type":"WebPage","@id":"https:\/\/tajkertesz.com\/termek\/taxus-baccata-oszlopos-tiszafa-gombre-nyirt\/","url":"https:\/\/tajkertesz.com\/termek\/taxus-baccata-oszlopos-tiszafa-gombre-nyirt\/","name":"Taxus baccata \u2013 oszlopos tiszafa g\u00f6mbre ny\u00edrt - T\u00e1jkert\u00e9sz","isPartOf":{"@id":"https:\/\/tajkertesz.com\/#website"},"primaryImageOfPage":{"@id":"https:\/\/tajkertesz.com\/termek\/taxus-baccata-oszlopos-tiszafa-gombre-nyirt\/#primaryimage"},"image":{"@id":"https:\/\/tajkertesz.com\/termek\/taxus-baccata-oszlopos-tiszafa-gombre-nyirt\/#primaryimage"},"thumbnailUrl":"https:\/\/tajkertesz.com\/wp-content\/uploads\/2021\/10\/IMG_20211011_081925.jpg","datePublished":"2021-10-11T07:59:25+00:00","dateModified":"2022-11-15T11:10:09+00:00","description":"Taxus baccata \u2013 oszlopos tiszafa g\u00f6mbre ny\u00edrt","breadcrumb":{"@id":"https:\/\/tajkertesz.com\/termek\/taxus-baccata-oszlopos-tiszafa-gombre-nyirt\/#breadcrumb"},"inLanguage":"en-US","potentialAction":[{"@type":"ReadAction","target":["https:\/\/tajkertesz.com\/termek\/taxus-baccata-oszlopos-tiszafa-gombre-nyirt\/"]}]},{"@type":"ImageObject","inLanguage":"en-US","@id":"https:\/\/tajkertesz.com\/termek\/taxus-baccata-oszlopos-tiszafa-gombre-nyirt\/#primaryimage","url":"https:\/\/tajkertesz.com\/wp-content\/uploads\/2021\/10\/IMG_20211011_081925.jpg","contentUrl":"https:\/\/tajkertesz.com\/wp-content\/uploads\/2021\/10\/IMG_20211011_081925.jpg","width":493,"height":600,"caption":"hdr"},{"@type":"BreadcrumbList","@id":"https:\/\/tajkertesz.com\/termek\/taxus-baccata-oszlopos-tiszafa-gombre-nyirt\/#breadcrumb","itemListElement":[{"@type":"ListItem","position":1,"name":"Home","item":"https:\/\/tajkertesz.com\/"},{"@type":"ListItem","position":2,"name":"Kezd\u0151lap","item":"https:\/\/tajkertesz.com\/"},{"@type":"ListItem","position":3,"name":"Taxus baccata \u2013 oszlopos tiszafa g\u00f6mbre ny\u00edrt"}]},{"@type":"WebSite","@id":"https:\/\/tajkertesz.com\/#website","url":"https:\/\/tajkertesz.com\/","name":"T\u00e1j-Kert\u00e9sz 84 Kft.","description":"Kert\u00e9szeti kis- \u00e9s nagykeresked\u00e9s, D\u00edszn\u00f6v\u00e9ny web\u00e1ruh\u00e1z orsz\u00e1gos h\u00e1zhozsz\u00e1ll\u00edt\u00e1ssal!","publisher":{"@id":"https:\/\/tajkertesz.com\/#organization"},"potentialAction":[{"@type":"SearchAction","target":{"@type":"EntryPoint","urlTemplate":"https:\/\/tajkertesz.com\/?s={search_term_string}"},"query-input":{"@type":"PropertyValueSpecification","valueRequired":true,"valueName":"search_term_string"}}],"inLanguage":"en-US"},{"@type":"Organization","@id":"https:\/\/tajkertesz.com\/#organization","name":"T\u00e1j-Kert\u00e9sz 84 Kft.","url":"https:\/\/tajkertesz.com\/","logo":{"@type":"ImageObject","inLanguage":"en-US","@id":"https:\/\/tajkertesz.com\/#\/schema\/logo\/image\/","url":"https:\/\/tajkertesz.com\/wp-content\/uploads\/2018\/02\/logo-2-e1518678052539.png","contentUrl":"https:\/\/tajkertesz.com\/wp-content\/uploads\/2018\/02\/logo-2-e1518678052539.png","width":81,"height":140,"caption":"T\u00e1j-Kert\u00e9sz 84 Kft."},"image":{"@id":"https:\/\/tajkertesz.com\/#\/schema\/logo\/image\/"},"sameAs":["https:\/\/www.facebook.com\/Tajkertesz\/"]}]}},"_links":{"self":[{"href":"https:\/\/tajkertesz.com\/en_US\/wp-json\/wp\/v2\/product\/10268","targetHints":{"allow":["GET"]}}],"collection":[{"href":"https:\/\/tajkertesz.com\/en_US\/wp-json\/wp\/v2\/product"}],"about":[{"href":"https:\/\/tajkertesz.com\/en_US\/wp-json\/wp\/v2\/types\/product"}],"wp:featuredmedia":[{"embeddable":true,"href":"https:\/\/tajkertesz.com\/en_US\/wp-json\/wp\/v2\/media\/10269"}],"wp:attachment":[{"href":"https:\/\/tajkertesz.com\/en_US\/wp-json\/wp\/v2\/media?parent=10268"}],"wp:term":[{"taxonomy":"product_brand","embeddable":true,"href":"https:\/\/tajkertesz.com\/en_US\/wp-json\/wp\/v2\/product_brand?post=10268"},{"taxonomy":"product_cat","embeddable":true,"href":"https:\/\/tajkertesz.com\/en_US\/wp-json\/wp\/v2\/product_cat?post=10268"},{"taxonomy":"product_tag","embeddable":true,"href":"https:\/\/tajkertesz.com\/en_US\/wp-json\/wp\/v2\/product_tag?post=10268"}],"curies":[{"name":"wp","href":"https:\/\/api.w.org\/{rel}","templated":true}]}}