{"id":10273,"date":"2024-11-19T08:04:16","date_gmt":"2024-11-19T08:04:16","guid":{"rendered":"https:\/\/tajkertesz.com\/?post_type=product&#038;p=10273"},"modified":"2026-02-24T12:52:48","modified_gmt":"2026-02-24T12:52:48","slug":"hegyezett-kormart-colop-6-cm-x-200-cm","status":"publish","type":"product","link":"https:\/\/tajkertesz.com\/en_US\/product\/hegyezett-kormart-colop-6-cm-x-200-cm\/","title":{"rendered":"Hegyezett k\u00f6rmart C\u00f6l\u00f6p 6 cm x 200 cm"},"content":{"rendered":"<div class=\"row\">\n<div class=\"col-xs-12\">\n<h1 class=\"huszonketto szurke_font\">Hegyezett k\u00f6rmart C\u00f6l\u00f6p 6 cm x 200 cm<\/h1>\n<p>Hegyezett k\u00f6rmart C\u00f6l\u00f6p 6 cm x 200 cm<\/p>\n<\/div>\n<\/div>\n<p class=\"page-title\">\u00a0A k\u00f6rmart c\u00f6l\u00f6p\u00f6k \u00e9s r\u00fadf\u00e1k haszn\u00e1lhat\u00f3k t\u00e1mfal, ker\u00edt\u00e9s, kar\u00e1m, kerti j\u00e1t\u00e9k, hinta \u00e9p\u00edt\u00e9s\u00e9re, facsemet\u00e9khez kar\u00f3nak.<\/p>\n<p>A hegyezett fac\u00f6l\u00f6p\u00f6k sokoldal\u00faan felhaszn\u00e1lhat\u00f3k a kert\u00e9szked\u00e9sben \u00e9s \u00e9p\u00edtkez\u00e9sben.<\/p>\n<h4>\u00cdme n\u00e9h\u00e1ny p\u00e9lda:<\/h4>\n<p><strong>N\u00f6v\u00e9nyt\u00e1masz<\/strong>: Frissen \u00fcltetett bokrok \u00e9s f\u00e1k megt\u00e1maszt\u00e1s\u00e1ra haszn\u00e1lj\u00e1k, hogy a n\u00f6v\u00e9nyek k\u00f6nnyebben gy\u00f6keret ereszthessenek \u00e9s stabilan n\u00f6vekedhessenek.<\/p>\n<p><strong>Ker\u00edt\u00e9s \u00e9p\u00edt\u00e9se<\/strong>: Kisebb ker\u00edt\u00e9sek, kerti t\u00e1mrendszerek kialak\u00edt\u00e1s\u00e1ra is alkalmasak.<br \/>\nPalisz\u00e1d\u00e9p\u00edt\u00e9s: Dekorat\u00edv palisz\u00e1dok \u00e9p\u00edt\u00e9s\u00e9hez is haszn\u00e1lhat\u00f3k, amelyek eszt\u00e9tikus \u00e9s praktikus kerti elemek.<\/p>\n<p><strong>K\u00fclt\u00e9ri szerkezetek<\/strong>: \u00c1llattart\u00e1s sor\u00e1n k\u00fclt\u00e9ri kar\u00e1mok ker\u00edt\u00e9s\u00e9nek t\u00e1moszlopak\u00e9nt, valamint mez\u0151gazdas\u00e1gi \u00fcltetv\u00e9nyek beker\u00edt\u00e9s\u00e9hez is alkalmazhat\u00f3k.<\/p>\n<p>A fac\u00f6l\u00f6p\u00f6k impregn\u00e1lt fel\u00fclete id\u0151j\u00e1r\u00e1s\u00e1ll\u00f3v\u00e1 \u00e9s hossz\u00fa \u00e9lettartam\u00fav\u00e1 teszi \u0151ket, \u00edgy ide\u00e1lisak k\u00fclt\u00e9ri haszn\u00e1latra<\/p>\n<h4>A hegyezett fac\u00f6l\u00f6p\u00f6k telep\u00edt\u00e9se n\u00e9h\u00e1ny egyszer\u0171 l\u00e9p\u00e9sben elv\u00e9gezhet\u0151. \u00cdme egy \u00fatmutat\u00f3:<\/h4>\n<p>Hely kiv\u00e1laszt\u00e1sa: V\u00e1lassz egy megfelel\u0151 helyet, ahol a c\u00f6l\u00f6p stabilan \u00e1llhat. Fontos, hogy a talaj ne legyen t\u00fal laza vagy k\u00f6ves.<\/p>\n<p>G\u00f6d\u00f6r \u00e1s\u00e1sa: \u00c1ss egy g\u00f6dr\u00f6t, amely el\u00e9g m\u00e9ly \u00e9s sz\u00e9les ahhoz, hogy a c\u00f6l\u00f6p stabilan \u00e1lljon. \u00c1ltal\u00e1ban a c\u00f6l\u00f6p hossz\u00e1nak egyharmad\u00e1t kell a f\u00f6ldbe helyezni.<\/p>\n<p>C\u00f6l\u00f6p behelyez\u00e9se: Helyezd a c\u00f6l\u00f6p\u00f6t a g\u00f6d\u00f6rbe, \u00e9s gy\u0151z\u0151dj meg r\u00f3la, hogy egyenesen \u00e1ll. Haszn\u00e1lhatsz v\u00edzm\u00e9rt\u00e9ket is a pontos be\u00e1ll\u00edt\u00e1shoz.<\/p>\n<p>T\u00f6m\u00f6r\u00edt\u00e9s: T\u00f6ltsd vissza a f\u00f6ldet a g\u00f6d\u00f6rbe, \u00e9s t\u00f6m\u00f6r\u00edtsd alaposan, hogy a c\u00f6l\u00f6p stabilan \u00e1lljon. Haszn\u00e1lhatsz egy fadarabot vagy kalap\u00e1csot a t\u00f6m\u00f6r\u00edt\u00e9shez.<\/p>\n<p>R\u00f6gz\u00edt\u00e9s: Ha sz\u00fcks\u00e9ges, r\u00f6gz\u00edtsd a c\u00f6l\u00f6p\u00f6t tov\u00e1bbi t\u00e1maszt\u00e9kokkal, hogy biztosan ne mozduljon el.<\/p>\n<p>Ut\u00f3lagos ellen\u0151rz\u00e9s: Rendszeresen ellen\u0151rizd a c\u00f6l\u00f6p stabilit\u00e1s\u00e1t, k\u00fcl\u00f6n\u00f6sen er\u0151s sz\u00e9l vagy es\u0151 ut\u00e1n<\/p>\n<p>A c\u00f6l\u00f6p\u00f6ket speci\u00e1lis faimpregn\u00e1l\u00f3 anyagokkal kezelheted, amelyek megv\u00e9dik a nedvess\u00e9gt\u0151l \u00e9s a k\u00e1rtev\u0151kt\u0151l<\/p>\n<p><strong>A term\u00e9k fut\u00e1rszolg\u00e1lattal nem sz\u00e1ll\u00edthat\u00f3 !<\/strong><\/p>\n<div id=\"bodyContent\" class=\"mw-body-content\">\n<div id=\"mw-content-text\" class=\"mw-content-ltr\" dir=\"ltr\" lang=\"hu\">\n<div id=\"bodyContent\" class=\"mw-body-content\">\n<div id=\"mw-content-text\" class=\"mw-content-ltr\" dir=\"ltr\" lang=\"hu\"><\/div>\n<\/div>\n<\/div>\n<\/div>\n<p><b>K\u00e9szlet\u00fcnk napi szinten v\u00e1ltozik, ez\u00e9rt k\u00e9rj\u00fck, \u00e9rdekl\u0151dj\u00f6n szem\u00e9lyesen, telefonon vagy email-en.<br \/>\nA v\u00e1ltoztat\u00e1s jog\u00e1t fenntartjuk!\u00a0<\/b><\/p>\n<p><a href=\"https:\/\/tajkertesz.com\/\">https:\/\/tajkertesz.com\/<\/a><\/p>\n<p><a href=\"https:\/\/www.facebook.com\/tajkertesz\/\">https:\/\/www.facebook.com\/tajkertesz\/<\/a><\/p>\n<p>Kisz\u00e1ll\u00edt\u00e1s: 200cm-ig \u00e9s 40 kg-ig a sz\u00e1ll\u00edt\u00e1s fut\u00e1rszolg\u00e1lattal t\u00f6rt\u00e9nik.<\/p>\n<p>Szem\u00e9lyes \u00e1tv\u00e9tel nyitvatart\u00e1si id\u0151ben a 17. ker\u00fclet Bakancsos utca 7. sz\u00e1m alatti Kert\u00e9szeti \u00e1rud\u00e1nkban.<\/p>\n<p>Kert\u00e9p\u00edt\u0151k \u00e9s viszontelad\u00f3k regisztr\u00e1l\u00e1s ut\u00e1n egyedi kedvezm\u00e9nnyel v\u00e1s\u00e1rolhatnak kert\u00e9szeti kis-\u00e9s nagykeresked\u00e9s\u00fcnkben.<\/p>","protected":false},"excerpt":{"rendered":"<p class=\"page-title\" style=\"text-align: left;\">Hegyezett k\u00f6rmart C\u00f6l\u00f6p 6 cm x 200 cm<\/p>\n<p>A k\u00f6rmart c\u00f6l\u00f6p\u00f6k \u00e9s r\u00fadf\u00e1k haszn\u00e1lhat\u00f3k t\u00e1mfal, ker\u00edt\u00e9s, kar\u00e1m, kerti j\u00e1t\u00e9k, hinta \u00e9p\u00edt\u00e9s\u00e9re, facsemet\u00e9khez kar\u00f3nak.<\/p>\n<p>&nbsp;<\/p>","protected":false},"featured_media":10274,"template":"","meta":{"_et_pb_use_builder":"","_et_pb_old_content":"","_et_gb_content_width":""},"product_brand":[],"product_cat":[1525],"product_tag":[5463,2940,1503,5465,5466],"class_list":{"0":"post-10273","1":"product","2":"type-product","3":"status-publish","4":"has-post-thumbnail","6":"product_cat-karok-tamasztekok","7":"product_tag-colop","8":"product_tag-hegyezett-kormart-colop-6-cm-x-200-cm","9":"product_tag-karo","10":"product_tag-oszlop","11":"product_tag-rudfa","13":"first","14":"instock","15":"shipping-taxable","16":"purchasable","17":"product-type-simple"},"yoast_head":"<!-- This site is optimized with the Yoast SEO plugin v27.3 - https:\/\/yoast.com\/product\/yoast-seo-wordpress\/ -->\n<title>Hegyezett k\u00f6rmart C\u00f6l\u00f6p 6 cm x 200 cm - T\u00e1jkert\u00e9sz<\/title>\n<meta name=\"description\" content=\"Hegyezett k\u00f6rmart C\u00f6l\u00f6p 6 cm x 200 cm. A hegyezett fac\u00f6l\u00f6p\u00f6k sokoldal\u00faan felhaszn\u00e1lhat\u00f3k a kert\u00e9szked\u00e9sben \u00e9s \u00e9p\u00edtkez\u00e9sben.\" \/>\n<meta name=\"robots\" content=\"index, follow, max-snippet:-1, max-image-preview:large, max-video-preview:-1\" \/>\n<link rel=\"canonical\" href=\"https:\/\/tajkertesz.com\/en_US\/product\/hegyezett-kormart-colop-6-cm-x-200-cm\/\" \/>\n<meta property=\"og:locale\" content=\"en_US\" \/>\n<meta property=\"og:type\" content=\"article\" \/>\n<meta property=\"og:title\" content=\"Hegyezett k\u00f6rmart C\u00f6l\u00f6p 6 cm x 200 cm - T\u00e1jkert\u00e9sz\" \/>\n<meta property=\"og:description\" content=\"Hegyezett k\u00f6rmart C\u00f6l\u00f6p 6 cm x 200 cm. A hegyezett fac\u00f6l\u00f6p\u00f6k sokoldal\u00faan felhaszn\u00e1lhat\u00f3k a kert\u00e9szked\u00e9sben \u00e9s \u00e9p\u00edtkez\u00e9sben.\" \/>\n<meta property=\"og:url\" content=\"https:\/\/tajkertesz.com\/en_US\/product\/hegyezett-kormart-colop-6-cm-x-200-cm\/\" \/>\n<meta property=\"og:site_name\" content=\"T\u00e1jkert\u00e9sz\" \/>\n<meta property=\"article:publisher\" content=\"https:\/\/www.facebook.com\/Tajkertesz\/\" \/>\n<meta property=\"article:modified_time\" content=\"2026-02-24T12:52:48+00:00\" \/>\n<meta property=\"og:image\" content=\"https:\/\/tajkertesz.com\/wp-content\/uploads\/2021\/10\/colop-hegyezett-premium-6-x-250-cm-3c7.jpg\" \/>\n\t<meta property=\"og:image:width\" content=\"697\" \/>\n\t<meta property=\"og:image:height\" content=\"441\" \/>\n\t<meta property=\"og:image:type\" content=\"image\/jpeg\" \/>\n<meta name=\"twitter:card\" content=\"summary_large_image\" \/>\n<meta name=\"twitter:label1\" content=\"Est. reading time\" \/>\n\t<meta name=\"twitter:data1\" content=\"2 minutes\" \/>\n<script type=\"application\/ld+json\" class=\"yoast-schema-graph\">{\"@context\":\"https:\\\/\\\/schema.org\",\"@graph\":[{\"@type\":\"WebPage\",\"@id\":\"https:\\\/\\\/tajkertesz.com\\\/termek\\\/hegyezett-kormart-colop-6-cm-x-200-cm\\\/\",\"url\":\"https:\\\/\\\/tajkertesz.com\\\/termek\\\/hegyezett-kormart-colop-6-cm-x-200-cm\\\/\",\"name\":\"Hegyezett k\u00f6rmart C\u00f6l\u00f6p 6 cm x 200 cm - T\u00e1jkert\u00e9sz\",\"isPartOf\":{\"@id\":\"https:\\\/\\\/tajkertesz.com\\\/#website\"},\"primaryImageOfPage\":{\"@id\":\"https:\\\/\\\/tajkertesz.com\\\/termek\\\/hegyezett-kormart-colop-6-cm-x-200-cm\\\/#primaryimage\"},\"image\":{\"@id\":\"https:\\\/\\\/tajkertesz.com\\\/termek\\\/hegyezett-kormart-colop-6-cm-x-200-cm\\\/#primaryimage\"},\"thumbnailUrl\":\"https:\\\/\\\/tajkertesz.com\\\/wp-content\\\/uploads\\\/2021\\\/10\\\/colop-hegyezett-premium-6-x-250-cm-3c7.jpg\",\"datePublished\":\"2024-11-19T08:04:16+00:00\",\"dateModified\":\"2026-02-24T12:52:48+00:00\",\"description\":\"Hegyezett k\u00f6rmart C\u00f6l\u00f6p 6 cm x 200 cm. A hegyezett fac\u00f6l\u00f6p\u00f6k sokoldal\u00faan felhaszn\u00e1lhat\u00f3k a kert\u00e9szked\u00e9sben \u00e9s \u00e9p\u00edtkez\u00e9sben.\",\"breadcrumb\":{\"@id\":\"https:\\\/\\\/tajkertesz.com\\\/termek\\\/hegyezett-kormart-colop-6-cm-x-200-cm\\\/#breadcrumb\"},\"inLanguage\":\"en-US\",\"potentialAction\":[{\"@type\":\"ReadAction\",\"target\":[\"https:\\\/\\\/tajkertesz.com\\\/termek\\\/hegyezett-kormart-colop-6-cm-x-200-cm\\\/\"]}]},{\"@type\":\"ImageObject\",\"inLanguage\":\"en-US\",\"@id\":\"https:\\\/\\\/tajkertesz.com\\\/termek\\\/hegyezett-kormart-colop-6-cm-x-200-cm\\\/#primaryimage\",\"url\":\"https:\\\/\\\/tajkertesz.com\\\/wp-content\\\/uploads\\\/2021\\\/10\\\/colop-hegyezett-premium-6-x-250-cm-3c7.jpg\",\"contentUrl\":\"https:\\\/\\\/tajkertesz.com\\\/wp-content\\\/uploads\\\/2021\\\/10\\\/colop-hegyezett-premium-6-x-250-cm-3c7.jpg\",\"width\":697,\"height\":441,\"caption\":\"Hegyezett k\u00f6rmart C\u00f6l\u00f6p 6 cm x 250 cm\"},{\"@type\":\"BreadcrumbList\",\"@id\":\"https:\\\/\\\/tajkertesz.com\\\/termek\\\/hegyezett-kormart-colop-6-cm-x-200-cm\\\/#breadcrumb\",\"itemListElement\":[{\"@type\":\"ListItem\",\"position\":1,\"name\":\"Home\",\"item\":\"https:\\\/\\\/tajkertesz.com\\\/\"},{\"@type\":\"ListItem\",\"position\":2,\"name\":\"Kezd\u0151lap\",\"item\":\"https:\\\/\\\/tajkertesz.com\\\/\"},{\"@type\":\"ListItem\",\"position\":3,\"name\":\"Hegyezett k\u00f6rmart C\u00f6l\u00f6p 6 cm x 200 cm\"}]},{\"@type\":\"WebSite\",\"@id\":\"https:\\\/\\\/tajkertesz.com\\\/#website\",\"url\":\"https:\\\/\\\/tajkertesz.com\\\/\",\"name\":\"T\u00e1j-Kert\u00e9sz 84 Kft.\",\"description\":\"Kert\u00e9szeti kis- \u00e9s nagykeresked\u00e9s, D\u00edszn\u00f6v\u00e9ny web\u00e1ruh\u00e1z orsz\u00e1gos h\u00e1zhozsz\u00e1ll\u00edt\u00e1ssal!\",\"publisher\":{\"@id\":\"https:\\\/\\\/tajkertesz.com\\\/#organization\"},\"potentialAction\":[{\"@type\":\"SearchAction\",\"target\":{\"@type\":\"EntryPoint\",\"urlTemplate\":\"https:\\\/\\\/tajkertesz.com\\\/?s={search_term_string}\"},\"query-input\":{\"@type\":\"PropertyValueSpecification\",\"valueRequired\":true,\"valueName\":\"search_term_string\"}}],\"inLanguage\":\"en-US\"},{\"@type\":\"Organization\",\"@id\":\"https:\\\/\\\/tajkertesz.com\\\/#organization\",\"name\":\"T\u00e1j-Kert\u00e9sz 84 Kft.\",\"url\":\"https:\\\/\\\/tajkertesz.com\\\/\",\"logo\":{\"@type\":\"ImageObject\",\"inLanguage\":\"en-US\",\"@id\":\"https:\\\/\\\/tajkertesz.com\\\/#\\\/schema\\\/logo\\\/image\\\/\",\"url\":\"https:\\\/\\\/tajkertesz.com\\\/wp-content\\\/uploads\\\/2018\\\/02\\\/logo-2-e1518678052539.png\",\"contentUrl\":\"https:\\\/\\\/tajkertesz.com\\\/wp-content\\\/uploads\\\/2018\\\/02\\\/logo-2-e1518678052539.png\",\"width\":81,\"height\":140,\"caption\":\"T\u00e1j-Kert\u00e9sz 84 Kft.\"},\"image\":{\"@id\":\"https:\\\/\\\/tajkertesz.com\\\/#\\\/schema\\\/logo\\\/image\\\/\"},\"sameAs\":[\"https:\\\/\\\/www.facebook.com\\\/Tajkertesz\\\/\"]}]}<\/script>\n<!-- \/ Yoast SEO plugin. -->","yoast_head_json":{"title":"Hegyezett k\u00f6rmart C\u00f6l\u00f6p 6 cm x 200 cm - T\u00e1jkert\u00e9sz","description":"Hegyezett k\u00f6rmart C\u00f6l\u00f6p 6 cm x 200 cm. A hegyezett fac\u00f6l\u00f6p\u00f6k sokoldal\u00faan felhaszn\u00e1lhat\u00f3k a kert\u00e9szked\u00e9sben \u00e9s \u00e9p\u00edtkez\u00e9sben.","robots":{"index":"index","follow":"follow","max-snippet":"max-snippet:-1","max-image-preview":"max-image-preview:large","max-video-preview":"max-video-preview:-1"},"canonical":"https:\/\/tajkertesz.com\/en_US\/product\/hegyezett-kormart-colop-6-cm-x-200-cm\/","og_locale":"en_US","og_type":"article","og_title":"Hegyezett k\u00f6rmart C\u00f6l\u00f6p 6 cm x 200 cm - T\u00e1jkert\u00e9sz","og_description":"Hegyezett k\u00f6rmart C\u00f6l\u00f6p 6 cm x 200 cm. A hegyezett fac\u00f6l\u00f6p\u00f6k sokoldal\u00faan felhaszn\u00e1lhat\u00f3k a kert\u00e9szked\u00e9sben \u00e9s \u00e9p\u00edtkez\u00e9sben.","og_url":"https:\/\/tajkertesz.com\/en_US\/product\/hegyezett-kormart-colop-6-cm-x-200-cm\/","og_site_name":"T\u00e1jkert\u00e9sz","article_publisher":"https:\/\/www.facebook.com\/Tajkertesz\/","article_modified_time":"2026-02-24T12:52:48+00:00","og_image":[{"width":697,"height":441,"url":"https:\/\/tajkertesz.com\/wp-content\/uploads\/2021\/10\/colop-hegyezett-premium-6-x-250-cm-3c7.jpg","type":"image\/jpeg"}],"twitter_card":"summary_large_image","twitter_misc":{"Est. reading time":"2 minutes"},"schema":{"@context":"https:\/\/schema.org","@graph":[{"@type":"WebPage","@id":"https:\/\/tajkertesz.com\/termek\/hegyezett-kormart-colop-6-cm-x-200-cm\/","url":"https:\/\/tajkertesz.com\/termek\/hegyezett-kormart-colop-6-cm-x-200-cm\/","name":"Hegyezett k\u00f6rmart C\u00f6l\u00f6p 6 cm x 200 cm - T\u00e1jkert\u00e9sz","isPartOf":{"@id":"https:\/\/tajkertesz.com\/#website"},"primaryImageOfPage":{"@id":"https:\/\/tajkertesz.com\/termek\/hegyezett-kormart-colop-6-cm-x-200-cm\/#primaryimage"},"image":{"@id":"https:\/\/tajkertesz.com\/termek\/hegyezett-kormart-colop-6-cm-x-200-cm\/#primaryimage"},"thumbnailUrl":"https:\/\/tajkertesz.com\/wp-content\/uploads\/2021\/10\/colop-hegyezett-premium-6-x-250-cm-3c7.jpg","datePublished":"2024-11-19T08:04:16+00:00","dateModified":"2026-02-24T12:52:48+00:00","description":"Hegyezett k\u00f6rmart C\u00f6l\u00f6p 6 cm x 200 cm. A hegyezett fac\u00f6l\u00f6p\u00f6k sokoldal\u00faan felhaszn\u00e1lhat\u00f3k a kert\u00e9szked\u00e9sben \u00e9s \u00e9p\u00edtkez\u00e9sben.","breadcrumb":{"@id":"https:\/\/tajkertesz.com\/termek\/hegyezett-kormart-colop-6-cm-x-200-cm\/#breadcrumb"},"inLanguage":"en-US","potentialAction":[{"@type":"ReadAction","target":["https:\/\/tajkertesz.com\/termek\/hegyezett-kormart-colop-6-cm-x-200-cm\/"]}]},{"@type":"ImageObject","inLanguage":"en-US","@id":"https:\/\/tajkertesz.com\/termek\/hegyezett-kormart-colop-6-cm-x-200-cm\/#primaryimage","url":"https:\/\/tajkertesz.com\/wp-content\/uploads\/2021\/10\/colop-hegyezett-premium-6-x-250-cm-3c7.jpg","contentUrl":"https:\/\/tajkertesz.com\/wp-content\/uploads\/2021\/10\/colop-hegyezett-premium-6-x-250-cm-3c7.jpg","width":697,"height":441,"caption":"Hegyezett k\u00f6rmart C\u00f6l\u00f6p 6 cm x 250 cm"},{"@type":"BreadcrumbList","@id":"https:\/\/tajkertesz.com\/termek\/hegyezett-kormart-colop-6-cm-x-200-cm\/#breadcrumb","itemListElement":[{"@type":"ListItem","position":1,"name":"Home","item":"https:\/\/tajkertesz.com\/"},{"@type":"ListItem","position":2,"name":"Kezd\u0151lap","item":"https:\/\/tajkertesz.com\/"},{"@type":"ListItem","position":3,"name":"Hegyezett k\u00f6rmart C\u00f6l\u00f6p 6 cm x 200 cm"}]},{"@type":"WebSite","@id":"https:\/\/tajkertesz.com\/#website","url":"https:\/\/tajkertesz.com\/","name":"T\u00e1j-Kert\u00e9sz 84 Kft.","description":"Kert\u00e9szeti kis- \u00e9s nagykeresked\u00e9s, D\u00edszn\u00f6v\u00e9ny web\u00e1ruh\u00e1z orsz\u00e1gos h\u00e1zhozsz\u00e1ll\u00edt\u00e1ssal!","publisher":{"@id":"https:\/\/tajkertesz.com\/#organization"},"potentialAction":[{"@type":"SearchAction","target":{"@type":"EntryPoint","urlTemplate":"https:\/\/tajkertesz.com\/?s={search_term_string}"},"query-input":{"@type":"PropertyValueSpecification","valueRequired":true,"valueName":"search_term_string"}}],"inLanguage":"en-US"},{"@type":"Organization","@id":"https:\/\/tajkertesz.com\/#organization","name":"T\u00e1j-Kert\u00e9sz 84 Kft.","url":"https:\/\/tajkertesz.com\/","logo":{"@type":"ImageObject","inLanguage":"en-US","@id":"https:\/\/tajkertesz.com\/#\/schema\/logo\/image\/","url":"https:\/\/tajkertesz.com\/wp-content\/uploads\/2018\/02\/logo-2-e1518678052539.png","contentUrl":"https:\/\/tajkertesz.com\/wp-content\/uploads\/2018\/02\/logo-2-e1518678052539.png","width":81,"height":140,"caption":"T\u00e1j-Kert\u00e9sz 84 Kft."},"image":{"@id":"https:\/\/tajkertesz.com\/#\/schema\/logo\/image\/"},"sameAs":["https:\/\/www.facebook.com\/Tajkertesz\/"]}]}},"_links":{"self":[{"href":"https:\/\/tajkertesz.com\/en_US\/wp-json\/wp\/v2\/product\/10273","targetHints":{"allow":["GET"]}}],"collection":[{"href":"https:\/\/tajkertesz.com\/en_US\/wp-json\/wp\/v2\/product"}],"about":[{"href":"https:\/\/tajkertesz.com\/en_US\/wp-json\/wp\/v2\/types\/product"}],"wp:featuredmedia":[{"embeddable":true,"href":"https:\/\/tajkertesz.com\/en_US\/wp-json\/wp\/v2\/media\/10274"}],"wp:attachment":[{"href":"https:\/\/tajkertesz.com\/en_US\/wp-json\/wp\/v2\/media?parent=10273"}],"wp:term":[{"taxonomy":"product_brand","embeddable":true,"href":"https:\/\/tajkertesz.com\/en_US\/wp-json\/wp\/v2\/product_brand?post=10273"},{"taxonomy":"product_cat","embeddable":true,"href":"https:\/\/tajkertesz.com\/en_US\/wp-json\/wp\/v2\/product_cat?post=10273"},{"taxonomy":"product_tag","embeddable":true,"href":"https:\/\/tajkertesz.com\/en_US\/wp-json\/wp\/v2\/product_tag?post=10273"}],"curies":[{"name":"wp","href":"https:\/\/api.w.org\/{rel}","templated":true}]}}