{"id":10299,"date":"2021-10-12T10:05:31","date_gmt":"2021-10-12T10:05:31","guid":{"rendered":"https:\/\/tajkertesz.com\/?post_type=product&#038;p=10299"},"modified":"2026-04-24T17:13:11","modified_gmt":"2026-04-24T17:13:11","slug":"agro-largo-fufej","status":"publish","type":"product","link":"https:\/\/tajkertesz.com\/en_US\/product\/agro-largo-fufej\/","title":{"rendered":"Agro-Largo f\u0171fej"},"content":{"rendered":"<div id=\"attachment_13692\" style=\"width: 310px\" class=\"wp-caption alignleft\"><img loading=\"lazy\" decoding=\"async\" aria-describedby=\"caption-attachment-13692\" class=\"size-medium wp-image-13692\" src=\"https:\/\/tajkertesz.com\/wp-content\/uploads\/2021\/10\/fufej-agro-largo-1000x10002-2-324x324-1-300x300.webp\" alt=\"\" width=\"300\" height=\"300\" srcset=\"https:\/\/tajkertesz.com\/wp-content\/uploads\/2021\/10\/fufej-agro-largo-1000x10002-2-324x324-1-300x300.webp 300w, https:\/\/tajkertesz.com\/wp-content\/uploads\/2021\/10\/fufej-agro-largo-1000x10002-2-324x324-1-150x150.webp 150w, https:\/\/tajkertesz.com\/wp-content\/uploads\/2021\/10\/fufej-agro-largo-1000x10002-2-324x324-1-12x12.webp 12w, https:\/\/tajkertesz.com\/wp-content\/uploads\/2021\/10\/fufej-agro-largo-1000x10002-2-324x324-1-160x160.webp 160w, https:\/\/tajkertesz.com\/wp-content\/uploads\/2021\/10\/fufej-agro-largo-1000x10002-2-324x324-1-265x265.webp 265w, https:\/\/tajkertesz.com\/wp-content\/uploads\/2021\/10\/fufej-agro-largo-1000x10002-2-324x324-1-100x100.webp 100w, https:\/\/tajkertesz.com\/wp-content\/uploads\/2021\/10\/fufej-agro-largo-1000x10002-2-324x324-1-64x64.webp 64w, https:\/\/tajkertesz.com\/wp-content\/uploads\/2021\/10\/fufej-agro-largo-1000x10002-2-324x324-1.webp 324w\" sizes=\"(max-width: 300px) 100vw, 300px\" \/><p id=\"caption-attachment-13692\" class=\"wp-caption-text\">F\u0171fej<\/p><\/div>\n<h3 class=\"product-details-tile__title\">Agro-Largo f\u0171fej<\/h3>\n<p class=\"product-details-tile__title\">Agro-Largo f\u0171fej<\/p>\n<div class=\"groupItem\">\n<div class=\"memo\">\n<p class=\"itemHeader\">A csomagol\u00e1s elt\u00e1vol\u00edt\u00e1sa ut\u00e1n helyezd v\u00edzbe a f\u00f6ldlabd\u00e1t, hogy j\u00f3l megsz\u00edvja mag\u00e1t (15-20 perc).<br \/>\nTedd vissza a form\u00e1ba. A tov\u00e1bbiakban naponta locsold meg.<br \/>\nA f\u0171sz\u00e1lak k\u00f6r\u00fclm\u00e9nyekt\u0151l f\u00fcgg\u0151en 2-5 nap m\u00falva kezdenek n\u0151ni, \u00e9s tov\u00e1bbi 5-10 nap m\u00falva \u00e9rik el teljes hossz\u00fas\u00e1gukat.<br \/>\nHa kin\u0151ttek a f\u0171sz\u00e1lak (mely az \u00f6nt\u00f6z\u00e9s kezdet\u00e9t\u0151l n\u00e9h\u00e1ny napra v\u00e1rhat\u00f3) a f\u0171fej tetsz\u00e9s szerint fazonra ny\u00edrhat\u00f3.<\/p>\n<p>V\u00e9gre kitavaszodott, a r\u00e9teken \u00e9s a legel\u0151k\u00f6n kiz\u00f6ld\u00fclt a f\u0171 \u00e9s a kerti p\u00e1zsit is \u00fcde z\u00f6ld a lehullott es\u0151 \u00e9s a v\u00e1ltoz\u00e9kony, h\u0171v\u00f6s id\u0151 hat\u00e1s\u00e1ra.<\/p>\n<\/div>\n<\/div>\n<p>&nbsp;<\/p>\n<div id=\"attachment_13693\" style=\"width: 352px\" class=\"wp-caption alignright\"><img loading=\"lazy\" decoding=\"async\" aria-describedby=\"caption-attachment-13693\" class=\"wp-image-13693\" src=\"https:\/\/tajkertesz.com\/wp-content\/uploads\/2021\/10\/fufej-agro-largo-1000x1000-1-300x300.webp\" alt=\"\" width=\"342\" height=\"342\" srcset=\"https:\/\/tajkertesz.com\/wp-content\/uploads\/2021\/10\/fufej-agro-largo-1000x1000-1-300x300.webp 300w, https:\/\/tajkertesz.com\/wp-content\/uploads\/2021\/10\/fufej-agro-largo-1000x1000-1-150x150.webp 150w, https:\/\/tajkertesz.com\/wp-content\/uploads\/2021\/10\/fufej-agro-largo-1000x1000-1-768x768.webp 768w, https:\/\/tajkertesz.com\/wp-content\/uploads\/2021\/10\/fufej-agro-largo-1000x1000-1-12x12.webp 12w, https:\/\/tajkertesz.com\/wp-content\/uploads\/2021\/10\/fufej-agro-largo-1000x1000-1-380x381.webp 380w, https:\/\/tajkertesz.com\/wp-content\/uploads\/2021\/10\/fufej-agro-largo-1000x1000-1-160x160.webp 160w, https:\/\/tajkertesz.com\/wp-content\/uploads\/2021\/10\/fufej-agro-largo-1000x1000-1-350x350.webp 350w, https:\/\/tajkertesz.com\/wp-content\/uploads\/2021\/10\/fufej-agro-largo-1000x1000-1-265x265.webp 265w, https:\/\/tajkertesz.com\/wp-content\/uploads\/2021\/10\/fufej-agro-largo-1000x1000-1-600x600.webp 600w, https:\/\/tajkertesz.com\/wp-content\/uploads\/2021\/10\/fufej-agro-largo-1000x1000-1-100x100.webp 100w, https:\/\/tajkertesz.com\/wp-content\/uploads\/2021\/10\/fufej-agro-largo-1000x1000-1-64x64.webp 64w, https:\/\/tajkertesz.com\/wp-content\/uploads\/2021\/10\/fufej-agro-largo-1000x1000-1.webp 1000w\" sizes=\"(max-width: 342px) 100vw, 342px\" \/><p id=\"caption-attachment-13693\" class=\"wp-caption-text\">F\u0171fej<\/p><\/div>\n<p>&nbsp;<\/p>\n<p style=\"font-weight: 400;\"><a href=\"https:\/\/tajkertesz.com\/\">https:\/\/tajkertesz.com\/<\/a><\/p>\n<p><a href=\"https:\/\/www.facebook.com\/tajkertesz\">https:\/\/www.facebook.com\/tajkertesz<\/a><\/p>\n<p>Kisz\u00e1ll\u00edt\u00e1s: 200cm-ig \u00a0\u00e9s 40 kg-ig a sz\u00e1ll\u00edt\u00e1s fut\u00e1rszolg\u00e1lattal \u00a0t\u00f6rt\u00e9nik.<\/p>\n<p>Szem\u00e9lyes \u00e1tv\u00e9tel nyitvatart\u00e1si id\u0151ben a 17. ker\u00fclet Bakancsos utca 7. sz\u00e1m alatti Kert\u00e9szeti \u00e1rud\u00e1ban.<\/p>\n<p><b><span style=\"font-family: 'Ubuntu',serif; color: black;\">K\u00e9szlet\u00fcnk napi szinten v\u00e1ltozik, ez\u00e9rt k\u00e9rj\u00fck, \u00e9rdekl\u0151dj\u00f6n szem\u00e9lyesen, telefonon vagy email-en.<br \/>\nA v\u00e1ltoztat\u00e1s jog\u00e1t fenntartjuk!\u00a0<\/span><\/b><\/p>\n<p>&nbsp;<\/p>\n<div class=\"groupItem\">\n<div class=\"memo\">\n<h3><span style=\"color: #ffffff;\">Mit kell tenn\u00fcnk, hogy a gyep sz\u00e9p, \u00e1polt legyen?<\/span><\/h3>\n<p><span style=\"color: #ffffff;\">\u00a0A lev\u00e1gott f\u0171 a komposztot gazdag\u00edtja, de ahhoz, hogy gyorsan elkorhadjon \u00f6ssze kell keverni egy\u00e9b szerves kerti hullad\u00e9kokkal. Az \u0151szi telep\u00edt\u00e9s\u0171, fiatal gyepet aj\u00e1nlatos a ny\u00edr\u00e1s ut\u00e1n meghengerezni, mert ez el\u0151seg\u00edti a f\u0171t\u00f6vek bokrosod\u00e1s\u00e1t, minthogy a gyepet alkot\u00f3 f\u0171f\u00e9l\u00e9k minden sz\u00e1rcsom\u00f3n\u00e1l k\u00e9pesek gy\u00f6keret fejleszteni. A mi, asz\u00e1lyosra hajlamos kl\u00edm\u00e1nkon a rendszeres \u00e9s b\u0151s\u00e9ges \u00f6nt\u00f6z\u00e9s elengedhetetlen k\u00f6vetelm\u00e9nye a sz\u00e9p p\u00e1zsitnak. Lehet\u0151leg este, (automata \u00f6nt\u00f6z\u0151rendszerrel \u00e9jjel) \u00f6nt\u00f6zz\u00fcnk, de felt\u00e9tlen\u00fcl ker\u00fclj\u00fck el az \u00f6nt\u00f6z\u00e9st naps\u00fct\u00e9ses id\u0151ben, mert akkor igen nagy a v\u00edz p\u00e1rolg\u00e1si vesztes\u00e9ge. A rendszeresen ny\u00edrt gyep igen sok t\u00e1panyagot vesz\u00edt, ez\u00e9rt most tavasszal<a class=\"google-anno\" style=\"color: #ffffff;\" href=\"https:\/\/balintgazda.hu\/aktualis-kert\/marcius\/a-tavaszi-gyepapolas-5-fontos-szabalya.html#\">\u00a0<\/a> felt\u00e9tlen\u00fcl sz\u00fcks\u00e9g van a tr\u00e1gy\u00e1z\u00e1s\u00e1ra. Nincs olyan gyep, amelyben ne jelenn\u00e9nek meg a gyomn\u00f6v\u00e9nyek. Ezek k\u00f6z\u00fcl a legagressz\u00edvebbek a tarack, a moha, a gyermekl\u00e1ncf\u0171 , a sz\u00e9les level\u0171 \u00fatif\u0171, \u00fajabban pedig a mad\u00e1rs\u00f3ska. Keskeny peng\u00e9j\u0171 gyom\u00e1s\u00f3val vagy vegyszerrel szabadulhatunk meg t\u0151l\u00fck. Az id\u0151sebb gyepek fel\u00faj\u00edt\u00e1sa el sem k\u00e9pzelhet\u0151 leveg\u0151ztet\u00e9s n\u00e9lk\u00fcl. Erre most m\u00e1r kiv\u00e1l\u00f3 k\u00e9zi \u00e9s motoros g\u00e9pek \u00e1llnak rendelkez\u00e9sre, amelyek meglaz\u00edtj\u00e1k az \u00f6nt\u00f6z\u00e9s \u00e9s a tapos\u00e1s k\u00f6vetkezt\u00e9ben meg\u00fclepedett talajt. A m\u00f3dszer n\u00e1lunk m\u00e9g nem elterjedt, \u00e9rdemes kipr\u00f3b\u00e1lni!<\/span><\/p>\n<\/div>\n<\/div>\n<p>&nbsp;<\/p>\n<p>&nbsp;<\/p>\n<p>&nbsp;<\/p>","protected":false},"excerpt":{"rendered":"<div class=\"groupItem\">\n<div class=\"memo\">\n<h2>Le\u00edr\u00e1s<\/h2>\n<p>Term\u00e9k\u00fcnk a szoba vil\u00e1gos pontj\u00e1nak d\u00edsze lehet. \u00d6nt\u00f6zze meg a f\u0171fejet, s p\u00e1r napon bel\u00fcl elkezd n\u00f6vekedni a z\u00f6ldell\u0151 haj, mely azut\u00e1n form\u00e1ra ny\u00edrhat\u00f3&#8230;<\/p>\n<div id=\"bodyContent\" class=\"mw-body-content\">\n<div id=\"mw-content-text\" class=\"mw-content-ltr\" dir=\"ltr\" lang=\"hu\">\n<div id=\"bodyContent\" class=\"mw-body-content\">\n<div id=\"mw-content-text\" class=\"mw-content-ltr\" dir=\"ltr\" lang=\"hu\">\n<p><b>K\u00e9szlet\u00fcnk napi szinten v\u00e1ltozik, ez\u00e9rt k\u00e9rj\u00fck, \u00e9rdekl\u0151dj\u00f6n szem\u00e9lyesen, telefonon vagy email-en.<\/b><\/p>\n<p>Term\u00e9keinket szem\u00e9lyesen is \u00e1tveheti a h\u00e9t minden napj\u00e1n nyitvatart\u00e1si id\u0151ben!<\/p>\n<p>Kisz\u00e1ll\u00edt\u00e1s: 200 cm \u00e9s 40 kg-ig a sz\u00e1ll\u00edt\u00e1s fut\u00e1rszolg\u00e1lattal t\u00f6rt\u00e9nik.<\/p>\n<\/div>\n<\/div>\n<\/div>\n<\/div>\n<p><b>A v\u00e1ltoztat\u00e1s jog\u00e1t fenntartjuk!\u00a0<\/b><\/p>\n<\/div>\n<\/div>\n<section class=\"product-page-middle-3\">\n<div class=\"row\">\n<div class=\"col-12\">\n<div class=\"position-4-wrapper\">\n<div class=\"position-4-container\">\n<div id=\"module_similar_products_wrapper\" class=\"module-similar_products-wrapper\">\n<div id=\"orcinus_product_page\" class=\"module product-module home-position snapshot_vertical_direction product-position\">\n<div class=\"module-head\"><\/div>\n<\/div>\n<\/div>\n<\/div>\n<\/div>\n<\/div>\n<\/div>\n<\/section>","protected":false},"featured_media":10302,"template":"","meta":{"_et_pb_use_builder":"","_et_pb_old_content":"","_et_gb_content_width":""},"product_brand":[],"product_cat":[5013],"product_tag":[2944],"class_list":{"0":"post-10299","1":"product","2":"type-product","3":"status-publish","4":"has-post-thumbnail","6":"product_cat-agro-largo-fumag","7":"product_tag-agro-largo-fufej","9":"first","10":"instock","11":"shipping-taxable","12":"purchasable","13":"product-type-simple"},"yoast_head":"<!-- This site is optimized with the Yoast SEO plugin v27.5 - https:\/\/yoast.com\/product\/yoast-seo-wordpress\/ -->\n<title>Agro-Largo f\u0171fej - T\u00e1jkert\u00e9sz<\/title>\n<meta name=\"description\" content=\"Agro-Largo f\u0171fej A csomagol\u00e1s elt\u00e1vol\u00edt\u00e1sa ut\u00e1n helyezd v\u00edzbe. Ha kin\u0151ttek a f\u0171sz\u00e1lak v\u00e1rhat\u00f3an n\u00e9h\u00e1ny nap, a f\u0171fej tetsz\u00e9s szerint fazonra ny\u00edrhat\u00f3.\" \/>\n<meta name=\"robots\" content=\"index, follow, max-snippet:-1, max-image-preview:large, max-video-preview:-1\" \/>\n<link rel=\"canonical\" href=\"https:\/\/tajkertesz.com\/en_US\/product\/agro-largo-fufej\/\" \/>\n<meta property=\"og:locale\" content=\"en_US\" \/>\n<meta property=\"og:type\" content=\"article\" \/>\n<meta property=\"og:title\" content=\"https:\/\/www.facebook.com\/tajkertesz\/\" \/>\n<meta property=\"og:description\" content=\"A f\u0171fej a szoba vil\u00e1gos pontj\u00e1nak d\u00edsze lehet. \u00d6nt\u00f6zze meg a f\u0171fejet, s p\u00e1r napon bel\u00fcl elkezd n\u00f6vekedni a z\u00f6ldell\u0151 haj, mely azut\u00e1n form\u00e1ra ny\u00edrhat\u00f3.\" \/>\n<meta property=\"og:url\" content=\"https:\/\/tajkertesz.com\/en_US\/product\/agro-largo-fufej\/\" \/>\n<meta property=\"og:site_name\" content=\"T\u00e1jkert\u00e9sz\" \/>\n<meta property=\"article:publisher\" content=\"https:\/\/www.facebook.com\/Tajkertesz\/\" \/>\n<meta property=\"article:modified_time\" content=\"2026-04-24T17:13:11+00:00\" \/>\n<meta property=\"og:image\" content=\"https:\/\/tajkertesz.com\/wp-content\/uploads\/2021\/10\/fufej-agro-largo-1000x10002-2-324x324-1.webp\" \/>\n\t<meta property=\"og:image:width\" content=\"324\" \/>\n\t<meta property=\"og:image:height\" content=\"324\" \/>\n\t<meta property=\"og:image:type\" content=\"image\/webp\" \/>\n<meta name=\"twitter:card\" content=\"summary_large_image\" \/>\n<meta name=\"twitter:label1\" content=\"Est. reading time\" \/>\n\t<meta name=\"twitter:data1\" content=\"4 minutes\" \/>\n<script type=\"application\/ld+json\" class=\"yoast-schema-graph\">{\"@context\":\"https:\\\/\\\/schema.org\",\"@graph\":[{\"@type\":\"WebPage\",\"@id\":\"https:\\\/\\\/tajkertesz.com\\\/termek\\\/agro-largo-fufej\\\/\",\"url\":\"https:\\\/\\\/tajkertesz.com\\\/termek\\\/agro-largo-fufej\\\/\",\"name\":\"Agro-Largo f\u0171fej - T\u00e1jkert\u00e9sz\",\"isPartOf\":{\"@id\":\"https:\\\/\\\/tajkertesz.com\\\/#website\"},\"primaryImageOfPage\":{\"@id\":\"https:\\\/\\\/tajkertesz.com\\\/termek\\\/agro-largo-fufej\\\/#primaryimage\"},\"image\":{\"@id\":\"https:\\\/\\\/tajkertesz.com\\\/termek\\\/agro-largo-fufej\\\/#primaryimage\"},\"thumbnailUrl\":\"https:\\\/\\\/tajkertesz.com\\\/wp-content\\\/uploads\\\/2021\\\/10\\\/fufej3.jpg\",\"datePublished\":\"2021-10-12T10:05:31+00:00\",\"dateModified\":\"2026-04-24T17:13:11+00:00\",\"description\":\"Agro-Largo f\u0171fej A csomagol\u00e1s elt\u00e1vol\u00edt\u00e1sa ut\u00e1n helyezd v\u00edzbe. Ha kin\u0151ttek a f\u0171sz\u00e1lak v\u00e1rhat\u00f3an n\u00e9h\u00e1ny nap, a f\u0171fej tetsz\u00e9s szerint fazonra ny\u00edrhat\u00f3.\",\"breadcrumb\":{\"@id\":\"https:\\\/\\\/tajkertesz.com\\\/termek\\\/agro-largo-fufej\\\/#breadcrumb\"},\"inLanguage\":\"en-US\",\"potentialAction\":[{\"@type\":\"ReadAction\",\"target\":[\"https:\\\/\\\/tajkertesz.com\\\/termek\\\/agro-largo-fufej\\\/\"]}]},{\"@type\":\"ImageObject\",\"inLanguage\":\"en-US\",\"@id\":\"https:\\\/\\\/tajkertesz.com\\\/termek\\\/agro-largo-fufej\\\/#primaryimage\",\"url\":\"https:\\\/\\\/tajkertesz.com\\\/wp-content\\\/uploads\\\/2021\\\/10\\\/fufej3.jpg\",\"contentUrl\":\"https:\\\/\\\/tajkertesz.com\\\/wp-content\\\/uploads\\\/2021\\\/10\\\/fufej3.jpg\",\"width\":700,\"height\":700},{\"@type\":\"BreadcrumbList\",\"@id\":\"https:\\\/\\\/tajkertesz.com\\\/termek\\\/agro-largo-fufej\\\/#breadcrumb\",\"itemListElement\":[{\"@type\":\"ListItem\",\"position\":1,\"name\":\"Home\",\"item\":\"https:\\\/\\\/tajkertesz.com\\\/\"},{\"@type\":\"ListItem\",\"position\":2,\"name\":\"Kezd\u0151lap\",\"item\":\"https:\\\/\\\/tajkertesz.com\\\/\"},{\"@type\":\"ListItem\",\"position\":3,\"name\":\"Agro-Largo f\u0171fej\"}]},{\"@type\":\"WebSite\",\"@id\":\"https:\\\/\\\/tajkertesz.com\\\/#website\",\"url\":\"https:\\\/\\\/tajkertesz.com\\\/\",\"name\":\"T\u00e1j-Kert\u00e9sz 84 Kft.\",\"description\":\"Kert\u00e9szeti kis- \u00e9s nagykeresked\u00e9s, D\u00edszn\u00f6v\u00e9ny web\u00e1ruh\u00e1z orsz\u00e1gos h\u00e1zhozsz\u00e1ll\u00edt\u00e1ssal!\",\"publisher\":{\"@id\":\"https:\\\/\\\/tajkertesz.com\\\/#organization\"},\"potentialAction\":[{\"@type\":\"SearchAction\",\"target\":{\"@type\":\"EntryPoint\",\"urlTemplate\":\"https:\\\/\\\/tajkertesz.com\\\/?s={search_term_string}\"},\"query-input\":{\"@type\":\"PropertyValueSpecification\",\"valueRequired\":true,\"valueName\":\"search_term_string\"}}],\"inLanguage\":\"en-US\"},{\"@type\":\"Organization\",\"@id\":\"https:\\\/\\\/tajkertesz.com\\\/#organization\",\"name\":\"T\u00e1j-Kert\u00e9sz 84 Kft.\",\"url\":\"https:\\\/\\\/tajkertesz.com\\\/\",\"logo\":{\"@type\":\"ImageObject\",\"inLanguage\":\"en-US\",\"@id\":\"https:\\\/\\\/tajkertesz.com\\\/#\\\/schema\\\/logo\\\/image\\\/\",\"url\":\"https:\\\/\\\/tajkertesz.com\\\/wp-content\\\/uploads\\\/2018\\\/02\\\/logo-2-e1518678052539.png\",\"contentUrl\":\"https:\\\/\\\/tajkertesz.com\\\/wp-content\\\/uploads\\\/2018\\\/02\\\/logo-2-e1518678052539.png\",\"width\":81,\"height\":140,\"caption\":\"T\u00e1j-Kert\u00e9sz 84 Kft.\"},\"image\":{\"@id\":\"https:\\\/\\\/tajkertesz.com\\\/#\\\/schema\\\/logo\\\/image\\\/\"},\"sameAs\":[\"https:\\\/\\\/www.facebook.com\\\/Tajkertesz\\\/\"]}]}<\/script>\n<!-- \/ Yoast SEO plugin. -->","yoast_head_json":{"title":"Agro-Largo f\u0171fej - T\u00e1jkert\u00e9sz","description":"Agro-Largo f\u0171fej A csomagol\u00e1s elt\u00e1vol\u00edt\u00e1sa ut\u00e1n helyezd v\u00edzbe. Ha kin\u0151ttek a f\u0171sz\u00e1lak v\u00e1rhat\u00f3an n\u00e9h\u00e1ny nap, a f\u0171fej tetsz\u00e9s szerint fazonra ny\u00edrhat\u00f3.","robots":{"index":"index","follow":"follow","max-snippet":"max-snippet:-1","max-image-preview":"max-image-preview:large","max-video-preview":"max-video-preview:-1"},"canonical":"https:\/\/tajkertesz.com\/en_US\/product\/agro-largo-fufej\/","og_locale":"en_US","og_type":"article","og_title":"https:\/\/www.facebook.com\/tajkertesz\/","og_description":"A f\u0171fej a szoba vil\u00e1gos pontj\u00e1nak d\u00edsze lehet. \u00d6nt\u00f6zze meg a f\u0171fejet, s p\u00e1r napon bel\u00fcl elkezd n\u00f6vekedni a z\u00f6ldell\u0151 haj, mely azut\u00e1n form\u00e1ra ny\u00edrhat\u00f3.","og_url":"https:\/\/tajkertesz.com\/en_US\/product\/agro-largo-fufej\/","og_site_name":"T\u00e1jkert\u00e9sz","article_publisher":"https:\/\/www.facebook.com\/Tajkertesz\/","article_modified_time":"2026-04-24T17:13:11+00:00","og_image":[{"width":324,"height":324,"url":"https:\/\/tajkertesz.com\/wp-content\/uploads\/2021\/10\/fufej-agro-largo-1000x10002-2-324x324-1.webp","type":"image\/webp"}],"twitter_card":"summary_large_image","twitter_misc":{"Est. reading time":"4 minutes"},"schema":{"@context":"https:\/\/schema.org","@graph":[{"@type":"WebPage","@id":"https:\/\/tajkertesz.com\/termek\/agro-largo-fufej\/","url":"https:\/\/tajkertesz.com\/termek\/agro-largo-fufej\/","name":"Agro-Largo f\u0171fej - T\u00e1jkert\u00e9sz","isPartOf":{"@id":"https:\/\/tajkertesz.com\/#website"},"primaryImageOfPage":{"@id":"https:\/\/tajkertesz.com\/termek\/agro-largo-fufej\/#primaryimage"},"image":{"@id":"https:\/\/tajkertesz.com\/termek\/agro-largo-fufej\/#primaryimage"},"thumbnailUrl":"https:\/\/tajkertesz.com\/wp-content\/uploads\/2021\/10\/fufej3.jpg","datePublished":"2021-10-12T10:05:31+00:00","dateModified":"2026-04-24T17:13:11+00:00","description":"Agro-Largo f\u0171fej A csomagol\u00e1s elt\u00e1vol\u00edt\u00e1sa ut\u00e1n helyezd v\u00edzbe. Ha kin\u0151ttek a f\u0171sz\u00e1lak v\u00e1rhat\u00f3an n\u00e9h\u00e1ny nap, a f\u0171fej tetsz\u00e9s szerint fazonra ny\u00edrhat\u00f3.","breadcrumb":{"@id":"https:\/\/tajkertesz.com\/termek\/agro-largo-fufej\/#breadcrumb"},"inLanguage":"en-US","potentialAction":[{"@type":"ReadAction","target":["https:\/\/tajkertesz.com\/termek\/agro-largo-fufej\/"]}]},{"@type":"ImageObject","inLanguage":"en-US","@id":"https:\/\/tajkertesz.com\/termek\/agro-largo-fufej\/#primaryimage","url":"https:\/\/tajkertesz.com\/wp-content\/uploads\/2021\/10\/fufej3.jpg","contentUrl":"https:\/\/tajkertesz.com\/wp-content\/uploads\/2021\/10\/fufej3.jpg","width":700,"height":700},{"@type":"BreadcrumbList","@id":"https:\/\/tajkertesz.com\/termek\/agro-largo-fufej\/#breadcrumb","itemListElement":[{"@type":"ListItem","position":1,"name":"Home","item":"https:\/\/tajkertesz.com\/"},{"@type":"ListItem","position":2,"name":"Kezd\u0151lap","item":"https:\/\/tajkertesz.com\/"},{"@type":"ListItem","position":3,"name":"Agro-Largo f\u0171fej"}]},{"@type":"WebSite","@id":"https:\/\/tajkertesz.com\/#website","url":"https:\/\/tajkertesz.com\/","name":"T\u00e1j-Kert\u00e9sz 84 Kft.","description":"Kert\u00e9szeti kis- \u00e9s nagykeresked\u00e9s, D\u00edszn\u00f6v\u00e9ny web\u00e1ruh\u00e1z orsz\u00e1gos h\u00e1zhozsz\u00e1ll\u00edt\u00e1ssal!","publisher":{"@id":"https:\/\/tajkertesz.com\/#organization"},"potentialAction":[{"@type":"SearchAction","target":{"@type":"EntryPoint","urlTemplate":"https:\/\/tajkertesz.com\/?s={search_term_string}"},"query-input":{"@type":"PropertyValueSpecification","valueRequired":true,"valueName":"search_term_string"}}],"inLanguage":"en-US"},{"@type":"Organization","@id":"https:\/\/tajkertesz.com\/#organization","name":"T\u00e1j-Kert\u00e9sz 84 Kft.","url":"https:\/\/tajkertesz.com\/","logo":{"@type":"ImageObject","inLanguage":"en-US","@id":"https:\/\/tajkertesz.com\/#\/schema\/logo\/image\/","url":"https:\/\/tajkertesz.com\/wp-content\/uploads\/2018\/02\/logo-2-e1518678052539.png","contentUrl":"https:\/\/tajkertesz.com\/wp-content\/uploads\/2018\/02\/logo-2-e1518678052539.png","width":81,"height":140,"caption":"T\u00e1j-Kert\u00e9sz 84 Kft."},"image":{"@id":"https:\/\/tajkertesz.com\/#\/schema\/logo\/image\/"},"sameAs":["https:\/\/www.facebook.com\/Tajkertesz\/"]}]}},"_links":{"self":[{"href":"https:\/\/tajkertesz.com\/en_US\/wp-json\/wp\/v2\/product\/10299","targetHints":{"allow":["GET"]}}],"collection":[{"href":"https:\/\/tajkertesz.com\/en_US\/wp-json\/wp\/v2\/product"}],"about":[{"href":"https:\/\/tajkertesz.com\/en_US\/wp-json\/wp\/v2\/types\/product"}],"wp:featuredmedia":[{"embeddable":true,"href":"https:\/\/tajkertesz.com\/en_US\/wp-json\/wp\/v2\/media\/10302"}],"wp:attachment":[{"href":"https:\/\/tajkertesz.com\/en_US\/wp-json\/wp\/v2\/media?parent=10299"}],"wp:term":[{"taxonomy":"product_brand","embeddable":true,"href":"https:\/\/tajkertesz.com\/en_US\/wp-json\/wp\/v2\/product_brand?post=10299"},{"taxonomy":"product_cat","embeddable":true,"href":"https:\/\/tajkertesz.com\/en_US\/wp-json\/wp\/v2\/product_cat?post=10299"},{"taxonomy":"product_tag","embeddable":true,"href":"https:\/\/tajkertesz.com\/en_US\/wp-json\/wp\/v2\/product_tag?post=10299"}],"curies":[{"name":"wp","href":"https:\/\/api.w.org\/{rel}","templated":true}]}}