{"id":10326,"date":"2021-10-12T12:18:40","date_gmt":"2021-10-12T12:18:40","guid":{"rendered":"https:\/\/tajkertesz.com\/?post_type=product&#038;p=10326"},"modified":"2026-02-16T15:05:25","modified_gmt":"2026-02-16T15:05:25","slug":"allium-mixed-allium-sziklakerti-szinkeverek","status":"publish","type":"product","link":"https:\/\/tajkertesz.com\/en_US\/product\/allium-mixed-allium-sziklakerti-szinkeverek\/","title":{"rendered":"Allium mixed &#8211; Allium sziklakerti sz\u00ednkever\u00e9k"},"content":{"rendered":"<h1 class=\"product_title entry-title\">Allium mixed &#8211; Allium sziklakerti sz\u00ednkever\u00e9k<\/h1>\n<p><span style=\"color: #666666; font-size: 14px;\">\u00a0Allium mixed &#8211; Allium sziklakerti sz\u00ednkever\u00e9k\u00a0<\/span><\/p>\n<p data-start=\"692\" data-end=\"898\">egy gondosan v\u00e1logatott d\u00edszhagyma \u00f6ssze\u00e1ll\u00edt\u00e1s, amely k\u00fcl\u00f6nf\u00e9le <strong data-start=\"798\" data-end=\"827\">sz\u00edn\u0171 \u00e9s m\u00e9ret\u0171 vir\u00e1gokat<\/strong> tartalmaz, ide\u00e1lis <strong data-start=\"847\" data-end=\"895\">sziklakertbe, \u00e9vel\u0151\u00e1gy\u00e1sba vagy balkonl\u00e1d\u00e1ba<\/strong>.<\/p>\n<p data-start=\"905\" data-end=\"1163\">A g\u00f6mb alak\u00fa vir\u00e1gzatok a lil\u00e1t\u00f3l a feh\u00e9ren \u00e1t a r\u00f3zsasz\u00ednes \u00e1rnyalatokig terjednek, \u00e9s <strong data-start=\"993\" data-end=\"1012\">m\u00e1jus\u2013j\u00faniusban<\/strong> ny\u00edlnak. A vir\u00e1gok <strong data-start=\"1032\" data-end=\"1062\">m\u00e9h- \u00e9s pillang\u00f3csalogat\u00f3k<\/strong>, r\u00e1ad\u00e1sul a hagym\u00e1k <strong data-start=\"1083\" data-end=\"1127\">t\u00f6bb \u00e9vig ugyanazon a helyen maradhatnak<\/strong>, \u00e9s minden \u00e9vben \u00fajra kihajtanak.<\/p>\n<p data-start=\"1170\" data-end=\"1298\">Alacsonyabb n\u00f6v\u00e9s\u0171 d\u00edszhagym\u00e1kb\u00f3l \u00e1ll, \u00edgy k\u00fcl\u00f6n\u00f6sen j\u00f3l mutatnak <strong data-start=\"1236\" data-end=\"1297\">sziklakertekben, \u00e1gy\u00e1sszeg\u00e9lyekben vagy ak\u00e1r cser\u00e9pben is<\/strong>.<\/p>\n<p data-start=\"1300\" data-end=\"1323\">\ud83c\udf3f F\u0151bb jellemz\u0151k:<\/p>\n<ul data-start=\"1324\" data-end=\"1658\">\n<li data-start=\"1324\" data-end=\"1359\">\n<p data-start=\"1326\" data-end=\"1359\"><strong data-start=\"1326\" data-end=\"1343\">Vir\u00e1gz\u00e1si id\u0151<\/strong>: m\u00e1jus \u2013 j\u00fanius<\/p>\n<\/li>\n<li data-start=\"1360\" data-end=\"1419\">\n<p data-start=\"1362\" data-end=\"1419\"><strong data-start=\"1362\" data-end=\"1375\">Vir\u00e1gsz\u00edn<\/strong>: vegyes (lila, r\u00f3zsasz\u00edn, feh\u00e9r \u00e1rnyalatok)<\/p>\n<\/li>\n<li data-start=\"1420\" data-end=\"1444\">\n<p data-start=\"1422\" data-end=\"1444\"><strong data-start=\"1422\" data-end=\"1434\">Magass\u00e1g<\/strong>: 20\u201340 cm<\/p>\n<\/li>\n<li data-start=\"1445\" data-end=\"1490\">\n<p data-start=\"1447\" data-end=\"1490\"><strong data-start=\"1447\" data-end=\"1463\">\u00dcltet\u00e9si id\u0151<\/strong>: \u0151sz (szeptember\u2013november)<\/p>\n<\/li>\n<li data-start=\"1491\" data-end=\"1525\">\n<p data-start=\"1493\" data-end=\"1525\"><strong data-start=\"1493\" data-end=\"1506\">F\u00e9nyig\u00e9ny<\/strong>: napos \u2013 f\u00e9l\u00e1rny\u00e9k<\/p>\n<\/li>\n<li data-start=\"1526\" data-end=\"1584\">\n<p data-start=\"1528\" data-end=\"1584\"><strong data-start=\"1528\" data-end=\"1542\">T\u00e9l\u00e1ll\u00f3s\u00e1g<\/strong>: kiv\u00e1l\u00f3 (telente nem sz\u00fcks\u00e9ges felszedni)<\/p>\n<\/li>\n<\/ul>\n<p><strong>Amennyiben nagyobb mennyis\u00e9gre lenne sz\u00fcks\u00e9g, vegye fel vel\u00fcnk a kapcsolatot \u00e9s beszerezz\u00fck!<\/strong><\/p>\n<h5><strong>\ud83d\udd04 K\u00e9szletinform\u00e1ci\u00f3<\/strong><\/h5>\n<p><strong>K\u00e9szlet\u00fcnk napi szinten v\u00e1ltozik, \u00edgy a webshopban szerepl<\/strong><strong>\u0151<\/strong><strong> term\u00e9kek el\u00e9rhet<\/strong><strong>\u0151<\/strong><strong>s\u00e9ge nem garant\u00e1lt.<br \/>\n\ud83d\udcde A megrendel\u00e9s el<\/strong><strong>\u0151<\/strong><strong>tt k\u00e9rj\u00fck, \u00e9rdekl<\/strong><strong>\u0151<\/strong><strong>dj\u00f6n szem\u00e9lyesen, telefonon vagy e-mailben!<\/strong><\/p>\n<h5><strong>\u27a1\ufe0f Kapcsolat:<\/strong><\/h5>\n<ul>\n<li><strong>Weboldal: <\/strong><a href=\"https:\/\/tajkertesz.com\"><strong>tajkertesz.com<\/strong><\/a><\/li>\n<li><strong>Facebook: <\/strong><a href=\"https:\/\/www.facebook.com\/tajkertesz\/\"><strong>facebook.com\/tajkertesz<\/strong><\/a><\/li>\n<li><strong>Telefonsz\u00e1m, e-mail: +36\/20-319-3770 <\/strong><a href=\"mailto:tajkerteszaruda@gmail.com\"><strong>tajkerteszaruda@gmail.com<\/strong><\/a><\/li>\n<\/ul>\n<h5><strong>\ud83d\ude9a Sz\u00e1ll\u00edt\u00e1si inform\u00e1ci\u00f3k<\/strong><\/h5>\n<p><strong>A megrendelt n\u00f6v\u00e9nyek kisz\u00e1ll\u00edt\u00e1sa az al\u00e1bbi felt\u00e9telek mellett t\u00f6rt\u00e9nik:<\/strong><\/p>\n<h5><strong>\ud83d\udce6 Fut\u00e1rszolg\u00e1latos sz\u00e1ll\u00edt\u00e1s<\/strong><\/h5>\n<ul>\n<li><strong>Maxim\u00e1lis m\u00e9ret: 200 cm (hossz\u00fas\u00e1g)<\/strong><\/li>\n<li><strong>Maxim\u00e1lis s\u00faly: 40 kg<\/strong><\/li>\n<li><strong>Az enn\u00e9l kisebb \u00e9s k\u00f6nnyebb csomagokat fut\u00e1rszolg\u00e1lattal k\u00e9zbes\u00edtj\u00fck a lehet<\/strong><strong>\u0151<\/strong><strong> legbiztons\u00e1gosabb csomagol\u00e1sban.<\/strong><\/li>\n<\/ul>\n<h5><strong>\ud83d\udefb Szem\u00e9lyes \u00e1tv\u00e9tel<\/strong><\/h5>\n<ul>\n<li><strong>1173 Budapest, Bakancsos utca 7. sz\u00e1m alatt nyitvatart\u00e1si id<\/strong><strong>\u0151<\/strong><strong>ben szem\u00e9lyesen \u00e1tvehet<\/strong><strong>\u0151<\/strong><strong> kert\u00e9szeti \u00e1rud\u00e1nkban.<\/strong><\/li>\n<li><strong>K\u00f6lts\u00e9ghat\u00e9kony megold\u00e1s nagyobb, t\u00f6r\u00e9kenyebb vagy t\u00falm\u00e9retes n\u00f6v\u00e9nyek eset\u00e9n.<\/strong><\/li>\n<\/ul>\n<h5><strong>\ud83d\udcde Nagy m\u00e9ret<\/strong><strong>\u0171<\/strong><strong> vagy s\u00faly\u00fa n\u00f6v\u00e9nyek eset\u00e9n<\/strong><\/h5>\n<p><strong>Ha a term\u00e9k:<\/strong><\/p>\n<ul>\n<li><strong>meghaladja a 200 cm hossz\u00fas\u00e1got vagy<\/strong><\/li>\n<li><strong>meghaladja a 40 kg s\u00falyt,<\/strong><\/li>\n<\/ul>\n<p><strong>akkor szem\u00e9lyes \u00e1tv\u00e9tellel vagy egyedi, el<\/strong><strong>\u0151<\/strong><strong>re egyeztetett sz\u00e1ll\u00edt\u00e1si felt\u00e9telek mellett t\u00f6rt\u00e9nik.<br \/>\nK\u00e9rj\u00fck, ilyen esetben rendel\u00e9s el<\/strong><strong>\u0151<\/strong><strong>tt vegye fel vel\u00fcnk a kapcsolatot, hogy a lehet<\/strong><strong>\u0151<\/strong><strong> legmegfelel<\/strong><strong>\u0151<\/strong><strong>bb sz\u00e1ll\u00edt\u00e1si megold\u00e1st k\u00edn\u00e1lhassuk.<\/strong><\/p>\n<p><strong>\ud83d\udd14 Fontos: A n\u00f6v\u00e9nyeket minden esetben igyeksz\u00fcnk gondosan, egyes\u00e9vel csomagolni, azonban a sz\u00e1ll\u00edt\u00e1s sor\u00e1n kisebb eszt\u00e9tikai s\u00e9r\u00fcl\u00e9sek el<\/strong><strong>\u0151<\/strong><strong>fordulhatnak (pl. lev\u00e9lhull\u00e1s). Ez nem min<\/strong><strong>\u0151<\/strong><strong>s\u00fcl hib\u00e1s teljes\u00edt\u00e9snek.<\/strong><\/p>\n<h5><strong>\ud83d\udcf7 Fontos tudni a k\u00e9pekr<\/strong><strong>\u0151<\/strong><strong>l<\/strong><\/h5>\n<p><strong>A webshopban szerepl<\/strong><strong>\u0151<\/strong><strong> k\u00e9pek illusztr\u00e1ci\u00f3k, a n\u00f6v\u00e9nyek term\u00e9szet\u00fckn\u00e9l fogva egyediek, \u00edgy m\u00e9retben, alakban \u00e9s sz\u00ednben minim\u00e1lis elt\u00e9r\u00e9sek el<\/strong><strong>\u0151<\/strong><strong>fordulhatnak a k\u00e9pen l\u00e1that\u00f3 \u00e9s a val\u00f3s p\u00e9ld\u00e1nyok k\u00f6z\u00f6tt.<\/strong><\/p>\n<h5><strong>\ud83e\uddfe \u00c1rak \u00e9s el\u00e1ll\u00e1si jog<\/strong><\/h5>\n<ul>\n<li><strong>Az \u00e1rak egy darab\u00a0n\u00f6v\u00e9nyre vonatkoznak.<\/strong><\/li>\n<li><strong>\u00c9l<\/strong><strong>\u0151<\/strong><strong> n\u00f6v\u00e9nyek rendel\u00e9se eset\u00e9n a 14 napos el\u00e1ll\u00e1s joga nem \u00e9rv\u00e9nyes\u00edthet<\/strong><strong>\u0151<\/strong><strong>, mivel azok romland\u00f3, biol\u00f3giailag \u00e9l<\/strong><strong>\u0151<\/strong><strong> term\u00e9keknek min<\/strong><strong>\u0151<\/strong><strong>s\u00fclnek.<br \/>\n\ud83d\udd12 (17\/1999. (II. 5.) Korm. rendelet 5. \u00a7 c) pontja alapj\u00e1n)<\/strong><\/li>\n<\/ul>\n<h5><strong>\ud83d\udce6 K\u00e9zbes\u00edt\u00e9s ut\u00e1ni teend<\/strong><strong>\u0151<\/strong><strong>k<\/strong><\/h5>\n<p><strong>A k\u00e9zbes\u00edt\u00e9st k\u00f6vet<\/strong><strong>\u0151<\/strong><strong>en a csomagot azonnal bontsuk ki, \u00e9s a n\u00f6v\u00e9nyt helyezz\u00fck el megfelel<\/strong><strong>\u0151<\/strong><strong> k\u00f6rnyezetben.<br \/>\nFontos: ha a n\u00f6v\u00e9ny nem r\u00e9szes\u00fcl megfelel<\/strong><strong>\u0151<\/strong><strong> gondoz\u00e1sban \u00e9s ennek k\u00f6vetkezt\u00e9ben k\u00e1rosodik vagy elpusztul, felel<\/strong><strong>\u0151<\/strong><strong>ss\u00e9get nem tudunk v\u00e1llalni.<\/strong><\/p>\n<p><strong>\u00a0<\/strong><\/p>","protected":false},"excerpt":{"rendered":"<p data-start=\"1712\" data-end=\"1880\">Alacsony n\u00f6v\u00e9s\u0171 d\u00edszhagyma mix sziklakertbe vagy \u00e1gy\u00e1sszeg\u00e9lybe. Sz\u00ednes vir\u00e1gai tavasszal ny\u00edlnak, t\u00f6bb \u00e9ven \u00e1t \u00fajra vir\u00e1gzanak. Napos vagy f\u00e9l\u00e1rny\u00e9kos helyre aj\u00e1nlott.<\/p>","protected":false},"featured_media":10327,"template":"","meta":{"_et_pb_use_builder":"","_et_pb_old_content":"","_et_gb_content_width":""},"product_brand":[],"product_cat":[3857],"product_tag":[6267,6260,6262,6261,6266,6268,6104,6263,6265,6264],"class_list":{"0":"post-10326","1":"product","2":"type-product","3":"status-publish","4":"has-post-thumbnail","6":"product_cat-viraghagyma-dughagyma","7":"product_tag-alacsony-allium","8":"product_tag-allium","9":"product_tag-allium-mix","10":"product_tag-diszhagyma","11":"product_tag-evelo-hagyma","12":"product_tag-gombvirag","13":"product_tag-mehcsalogato-noveny","14":"product_tag-sziklakerti-virag","15":"product_tag-tavaszi-virag","16":"product_tag-viraghagyma-keverek","18":"first","19":"outofstock","20":"shipping-taxable","21":"product-type-simple"},"yoast_head":"<!-- This site is optimized with the Yoast SEO plugin v27.3 - https:\/\/yoast.com\/product\/yoast-seo-wordpress\/ -->\n<title>Allium mixed - Allium sziklakerti sz\u00ednkever\u00e9k - T\u00e1jkert\u00e9sz<\/title>\n<meta name=\"description\" content=\"Allium mixed - Allium sziklakerti sz\u00ednkever\u00e9k K\u00f6nnyen nevelhet\u0151, tavasszal ny\u00edl\u00f3, alacsony vir\u00e1ghagym\u00e1k napos vagy f\u00e9l\u00e1rny\u00e9kos helyre.\" \/>\n<meta name=\"robots\" content=\"index, follow, max-snippet:-1, max-image-preview:large, max-video-preview:-1\" \/>\n<link rel=\"canonical\" href=\"https:\/\/tajkertesz.com\/en_US\/product\/allium-mixed-allium-sziklakerti-szinkeverek\/\" \/>\n<meta property=\"og:locale\" content=\"en_US\" \/>\n<meta property=\"og:type\" content=\"article\" \/>\n<meta property=\"og:title\" content=\"Allium mixed - Allium sziklakerti sz\u00ednkever\u00e9k - T\u00e1jkert\u00e9sz\" \/>\n<meta property=\"og:description\" content=\"Allium mixed - Allium sziklakerti sz\u00ednkever\u00e9k K\u00f6nnyen nevelhet\u0151, tavasszal ny\u00edl\u00f3, alacsony vir\u00e1ghagym\u00e1k napos vagy f\u00e9l\u00e1rny\u00e9kos helyre.\" \/>\n<meta property=\"og:url\" content=\"https:\/\/tajkertesz.com\/en_US\/product\/allium-mixed-allium-sziklakerti-szinkeverek\/\" \/>\n<meta property=\"og:site_name\" content=\"T\u00e1jkert\u00e9sz\" \/>\n<meta property=\"article:publisher\" content=\"https:\/\/www.facebook.com\/Tajkertesz\/\" \/>\n<meta property=\"article:modified_time\" content=\"2026-02-16T15:05:25+00:00\" \/>\n<meta property=\"og:image\" content=\"https:\/\/tajkertesz.com\/wp-content\/uploads\/2021\/10\/Allium_sziklaker_541be1f086cc2.jpg\" \/>\n\t<meta property=\"og:image:width\" content=\"381\" \/>\n\t<meta property=\"og:image:height\" content=\"600\" \/>\n\t<meta property=\"og:image:type\" content=\"image\/jpeg\" \/>\n<meta name=\"twitter:card\" content=\"summary_large_image\" \/>\n<meta name=\"twitter:label1\" content=\"Est. reading time\" \/>\n\t<meta name=\"twitter:data1\" content=\"3 minutes\" \/>\n<script type=\"application\/ld+json\" class=\"yoast-schema-graph\">{\"@context\":\"https:\\\/\\\/schema.org\",\"@graph\":[{\"@type\":\"WebPage\",\"@id\":\"https:\\\/\\\/tajkertesz.com\\\/termek\\\/allium-mixed-allium-sziklakerti-szinkeverek\\\/\",\"url\":\"https:\\\/\\\/tajkertesz.com\\\/termek\\\/allium-mixed-allium-sziklakerti-szinkeverek\\\/\",\"name\":\"Allium mixed - Allium sziklakerti sz\u00ednkever\u00e9k - T\u00e1jkert\u00e9sz\",\"isPartOf\":{\"@id\":\"https:\\\/\\\/tajkertesz.com\\\/#website\"},\"primaryImageOfPage\":{\"@id\":\"https:\\\/\\\/tajkertesz.com\\\/termek\\\/allium-mixed-allium-sziklakerti-szinkeverek\\\/#primaryimage\"},\"image\":{\"@id\":\"https:\\\/\\\/tajkertesz.com\\\/termek\\\/allium-mixed-allium-sziklakerti-szinkeverek\\\/#primaryimage\"},\"thumbnailUrl\":\"https:\\\/\\\/tajkertesz.com\\\/wp-content\\\/uploads\\\/2021\\\/10\\\/Allium_sziklaker_541be1f086cc2.jpg\",\"datePublished\":\"2021-10-12T12:18:40+00:00\",\"dateModified\":\"2026-02-16T15:05:25+00:00\",\"description\":\"Allium mixed - Allium sziklakerti sz\u00ednkever\u00e9k K\u00f6nnyen nevelhet\u0151, tavasszal ny\u00edl\u00f3, alacsony vir\u00e1ghagym\u00e1k napos vagy f\u00e9l\u00e1rny\u00e9kos helyre.\",\"breadcrumb\":{\"@id\":\"https:\\\/\\\/tajkertesz.com\\\/termek\\\/allium-mixed-allium-sziklakerti-szinkeverek\\\/#breadcrumb\"},\"inLanguage\":\"en-US\",\"potentialAction\":[{\"@type\":\"ReadAction\",\"target\":[\"https:\\\/\\\/tajkertesz.com\\\/termek\\\/allium-mixed-allium-sziklakerti-szinkeverek\\\/\"]}]},{\"@type\":\"ImageObject\",\"inLanguage\":\"en-US\",\"@id\":\"https:\\\/\\\/tajkertesz.com\\\/termek\\\/allium-mixed-allium-sziklakerti-szinkeverek\\\/#primaryimage\",\"url\":\"https:\\\/\\\/tajkertesz.com\\\/wp-content\\\/uploads\\\/2021\\\/10\\\/Allium_sziklaker_541be1f086cc2.jpg\",\"contentUrl\":\"https:\\\/\\\/tajkertesz.com\\\/wp-content\\\/uploads\\\/2021\\\/10\\\/Allium_sziklaker_541be1f086cc2.jpg\",\"width\":381,\"height\":600,\"caption\":\"Allium mixed - Allium sziklakerti sz\u00ednkever\u00e9k\"},{\"@type\":\"BreadcrumbList\",\"@id\":\"https:\\\/\\\/tajkertesz.com\\\/termek\\\/allium-mixed-allium-sziklakerti-szinkeverek\\\/#breadcrumb\",\"itemListElement\":[{\"@type\":\"ListItem\",\"position\":1,\"name\":\"Home\",\"item\":\"https:\\\/\\\/tajkertesz.com\\\/\"},{\"@type\":\"ListItem\",\"position\":2,\"name\":\"Kezd\u0151lap\",\"item\":\"https:\\\/\\\/tajkertesz.com\\\/\"},{\"@type\":\"ListItem\",\"position\":3,\"name\":\"Allium mixed &#8211; Allium sziklakerti sz\u00ednkever\u00e9k\"}]},{\"@type\":\"WebSite\",\"@id\":\"https:\\\/\\\/tajkertesz.com\\\/#website\",\"url\":\"https:\\\/\\\/tajkertesz.com\\\/\",\"name\":\"T\u00e1j-Kert\u00e9sz 84 Kft.\",\"description\":\"Kert\u00e9szeti kis- \u00e9s nagykeresked\u00e9s, D\u00edszn\u00f6v\u00e9ny web\u00e1ruh\u00e1z orsz\u00e1gos h\u00e1zhozsz\u00e1ll\u00edt\u00e1ssal!\",\"publisher\":{\"@id\":\"https:\\\/\\\/tajkertesz.com\\\/#organization\"},\"potentialAction\":[{\"@type\":\"SearchAction\",\"target\":{\"@type\":\"EntryPoint\",\"urlTemplate\":\"https:\\\/\\\/tajkertesz.com\\\/?s={search_term_string}\"},\"query-input\":{\"@type\":\"PropertyValueSpecification\",\"valueRequired\":true,\"valueName\":\"search_term_string\"}}],\"inLanguage\":\"en-US\"},{\"@type\":\"Organization\",\"@id\":\"https:\\\/\\\/tajkertesz.com\\\/#organization\",\"name\":\"T\u00e1j-Kert\u00e9sz 84 Kft.\",\"url\":\"https:\\\/\\\/tajkertesz.com\\\/\",\"logo\":{\"@type\":\"ImageObject\",\"inLanguage\":\"en-US\",\"@id\":\"https:\\\/\\\/tajkertesz.com\\\/#\\\/schema\\\/logo\\\/image\\\/\",\"url\":\"https:\\\/\\\/tajkertesz.com\\\/wp-content\\\/uploads\\\/2018\\\/02\\\/logo-2-e1518678052539.png\",\"contentUrl\":\"https:\\\/\\\/tajkertesz.com\\\/wp-content\\\/uploads\\\/2018\\\/02\\\/logo-2-e1518678052539.png\",\"width\":81,\"height\":140,\"caption\":\"T\u00e1j-Kert\u00e9sz 84 Kft.\"},\"image\":{\"@id\":\"https:\\\/\\\/tajkertesz.com\\\/#\\\/schema\\\/logo\\\/image\\\/\"},\"sameAs\":[\"https:\\\/\\\/www.facebook.com\\\/Tajkertesz\\\/\"]}]}<\/script>\n<!-- \/ Yoast SEO plugin. -->","yoast_head_json":{"title":"Allium mixed - Allium sziklakerti sz\u00ednkever\u00e9k - T\u00e1jkert\u00e9sz","description":"Allium mixed - Allium sziklakerti sz\u00ednkever\u00e9k K\u00f6nnyen nevelhet\u0151, tavasszal ny\u00edl\u00f3, alacsony vir\u00e1ghagym\u00e1k napos vagy f\u00e9l\u00e1rny\u00e9kos helyre.","robots":{"index":"index","follow":"follow","max-snippet":"max-snippet:-1","max-image-preview":"max-image-preview:large","max-video-preview":"max-video-preview:-1"},"canonical":"https:\/\/tajkertesz.com\/en_US\/product\/allium-mixed-allium-sziklakerti-szinkeverek\/","og_locale":"en_US","og_type":"article","og_title":"Allium mixed - Allium sziklakerti sz\u00ednkever\u00e9k - T\u00e1jkert\u00e9sz","og_description":"Allium mixed - Allium sziklakerti sz\u00ednkever\u00e9k K\u00f6nnyen nevelhet\u0151, tavasszal ny\u00edl\u00f3, alacsony vir\u00e1ghagym\u00e1k napos vagy f\u00e9l\u00e1rny\u00e9kos helyre.","og_url":"https:\/\/tajkertesz.com\/en_US\/product\/allium-mixed-allium-sziklakerti-szinkeverek\/","og_site_name":"T\u00e1jkert\u00e9sz","article_publisher":"https:\/\/www.facebook.com\/Tajkertesz\/","article_modified_time":"2026-02-16T15:05:25+00:00","og_image":[{"width":381,"height":600,"url":"https:\/\/tajkertesz.com\/wp-content\/uploads\/2021\/10\/Allium_sziklaker_541be1f086cc2.jpg","type":"image\/jpeg"}],"twitter_card":"summary_large_image","twitter_misc":{"Est. reading time":"3 minutes"},"schema":{"@context":"https:\/\/schema.org","@graph":[{"@type":"WebPage","@id":"https:\/\/tajkertesz.com\/termek\/allium-mixed-allium-sziklakerti-szinkeverek\/","url":"https:\/\/tajkertesz.com\/termek\/allium-mixed-allium-sziklakerti-szinkeverek\/","name":"Allium mixed - Allium sziklakerti sz\u00ednkever\u00e9k - T\u00e1jkert\u00e9sz","isPartOf":{"@id":"https:\/\/tajkertesz.com\/#website"},"primaryImageOfPage":{"@id":"https:\/\/tajkertesz.com\/termek\/allium-mixed-allium-sziklakerti-szinkeverek\/#primaryimage"},"image":{"@id":"https:\/\/tajkertesz.com\/termek\/allium-mixed-allium-sziklakerti-szinkeverek\/#primaryimage"},"thumbnailUrl":"https:\/\/tajkertesz.com\/wp-content\/uploads\/2021\/10\/Allium_sziklaker_541be1f086cc2.jpg","datePublished":"2021-10-12T12:18:40+00:00","dateModified":"2026-02-16T15:05:25+00:00","description":"Allium mixed - Allium sziklakerti sz\u00ednkever\u00e9k K\u00f6nnyen nevelhet\u0151, tavasszal ny\u00edl\u00f3, alacsony vir\u00e1ghagym\u00e1k napos vagy f\u00e9l\u00e1rny\u00e9kos helyre.","breadcrumb":{"@id":"https:\/\/tajkertesz.com\/termek\/allium-mixed-allium-sziklakerti-szinkeverek\/#breadcrumb"},"inLanguage":"en-US","potentialAction":[{"@type":"ReadAction","target":["https:\/\/tajkertesz.com\/termek\/allium-mixed-allium-sziklakerti-szinkeverek\/"]}]},{"@type":"ImageObject","inLanguage":"en-US","@id":"https:\/\/tajkertesz.com\/termek\/allium-mixed-allium-sziklakerti-szinkeverek\/#primaryimage","url":"https:\/\/tajkertesz.com\/wp-content\/uploads\/2021\/10\/Allium_sziklaker_541be1f086cc2.jpg","contentUrl":"https:\/\/tajkertesz.com\/wp-content\/uploads\/2021\/10\/Allium_sziklaker_541be1f086cc2.jpg","width":381,"height":600,"caption":"Allium mixed - Allium sziklakerti sz\u00ednkever\u00e9k"},{"@type":"BreadcrumbList","@id":"https:\/\/tajkertesz.com\/termek\/allium-mixed-allium-sziklakerti-szinkeverek\/#breadcrumb","itemListElement":[{"@type":"ListItem","position":1,"name":"Home","item":"https:\/\/tajkertesz.com\/"},{"@type":"ListItem","position":2,"name":"Kezd\u0151lap","item":"https:\/\/tajkertesz.com\/"},{"@type":"ListItem","position":3,"name":"Allium mixed &#8211; Allium sziklakerti sz\u00ednkever\u00e9k"}]},{"@type":"WebSite","@id":"https:\/\/tajkertesz.com\/#website","url":"https:\/\/tajkertesz.com\/","name":"T\u00e1j-Kert\u00e9sz 84 Kft.","description":"Kert\u00e9szeti kis- \u00e9s nagykeresked\u00e9s, D\u00edszn\u00f6v\u00e9ny web\u00e1ruh\u00e1z orsz\u00e1gos h\u00e1zhozsz\u00e1ll\u00edt\u00e1ssal!","publisher":{"@id":"https:\/\/tajkertesz.com\/#organization"},"potentialAction":[{"@type":"SearchAction","target":{"@type":"EntryPoint","urlTemplate":"https:\/\/tajkertesz.com\/?s={search_term_string}"},"query-input":{"@type":"PropertyValueSpecification","valueRequired":true,"valueName":"search_term_string"}}],"inLanguage":"en-US"},{"@type":"Organization","@id":"https:\/\/tajkertesz.com\/#organization","name":"T\u00e1j-Kert\u00e9sz 84 Kft.","url":"https:\/\/tajkertesz.com\/","logo":{"@type":"ImageObject","inLanguage":"en-US","@id":"https:\/\/tajkertesz.com\/#\/schema\/logo\/image\/","url":"https:\/\/tajkertesz.com\/wp-content\/uploads\/2018\/02\/logo-2-e1518678052539.png","contentUrl":"https:\/\/tajkertesz.com\/wp-content\/uploads\/2018\/02\/logo-2-e1518678052539.png","width":81,"height":140,"caption":"T\u00e1j-Kert\u00e9sz 84 Kft."},"image":{"@id":"https:\/\/tajkertesz.com\/#\/schema\/logo\/image\/"},"sameAs":["https:\/\/www.facebook.com\/Tajkertesz\/"]}]}},"_links":{"self":[{"href":"https:\/\/tajkertesz.com\/en_US\/wp-json\/wp\/v2\/product\/10326","targetHints":{"allow":["GET"]}}],"collection":[{"href":"https:\/\/tajkertesz.com\/en_US\/wp-json\/wp\/v2\/product"}],"about":[{"href":"https:\/\/tajkertesz.com\/en_US\/wp-json\/wp\/v2\/types\/product"}],"wp:featuredmedia":[{"embeddable":true,"href":"https:\/\/tajkertesz.com\/en_US\/wp-json\/wp\/v2\/media\/10327"}],"wp:attachment":[{"href":"https:\/\/tajkertesz.com\/en_US\/wp-json\/wp\/v2\/media?parent=10326"}],"wp:term":[{"taxonomy":"product_brand","embeddable":true,"href":"https:\/\/tajkertesz.com\/en_US\/wp-json\/wp\/v2\/product_brand?post=10326"},{"taxonomy":"product_cat","embeddable":true,"href":"https:\/\/tajkertesz.com\/en_US\/wp-json\/wp\/v2\/product_cat?post=10326"},{"taxonomy":"product_tag","embeddable":true,"href":"https:\/\/tajkertesz.com\/en_US\/wp-json\/wp\/v2\/product_tag?post=10326"}],"curies":[{"name":"wp","href":"https:\/\/api.w.org\/{rel}","templated":true}]}}