{"id":10338,"date":"2021-10-12T12:37:58","date_gmt":"2021-10-12T12:37:58","guid":{"rendered":"https:\/\/tajkertesz.com\/?post_type=product&#038;p=10338"},"modified":"2026-02-20T13:53:31","modified_gmt":"2026-02-20T13:53:31","slug":"ranunculus-asiaticus-mixed-azsiai-boglarka-szinkeverek-2","status":"publish","type":"product","link":"https:\/\/tajkertesz.com\/en_US\/product\/ranunculus-asiaticus-mixed-azsiai-boglarka-szinkeverek-2\/","title":{"rendered":"Ranunculus asiaticus mixed \/ \u00c1zsiai bogl\u00e1rka sz\u00ednkever\u00e9k"},"content":{"rendered":"<h3 class=\"product_title entry-title\">Ranunculus asiaticus mixed \/ \u00c1zsiai bogl\u00e1rka sz\u00ednkever\u00e9k<\/h3>\n<p class=\"product_title entry-title\">Ranunculus asiaticus mixed \/ \u00c1zsiai bogl\u00e1rka sz\u00ednkever\u00e9k<\/p>\n<h4>Levelei h\u00e1rom, fogas sz\u00e9l\u0171 lev\u00e9lk\u00e9b\u0151l tenyeresen \u00f6sszetettek. Er\u0151s, dr\u00f3tszer\u0171 vir\u00e1gsz\u00e1ron \u00fclnek nagy m\u00e9ret\u0171 vir\u00e1gai, melyek egyszer\u0171ek, f\u00e9lteltek vagy teltek, tucatnyi \u00f6rvben \u00e1ll\u00f3 fodros lepellev\u00e9llel. Fajt\u00e1i a feh\u00e9r, s\u00e1rga, r\u00f3zsasz\u00edn, narancs \u00e9s piros sz\u00ednek \u00e1rnyalataiban ismertek.<\/h4>\n<p>\u00edJ\u00f3 v\u00edzelvezet\u00e9s\u0171, term\u00e9keny kerti talajba \u00fcltess\u00fck. A jobb ered\u00e9s \u00e9rdek\u00e9ben gum\u00f3it \u00fcltet\u00e9s el\u0151tt n\u00e9h\u00e1ny \u00f3r\u00e1ra \u00e1ztassuk langyos v\u00edzbe. Meleg, napos \u00e9vel\u0151\u00e1gyak, vir\u00e1gszeg\u00e9lyek hosszan vir\u00e1gz\u00f3 n\u00f6v\u00e9nye, amelyr\u0151l tart\u00f3s v\u00e1gott vir\u00e1g is szedhet\u0151.Takar\u00e1ssal t\u00e9l\u00e1ll\u00f3.A biztons\u00e1gos \u00e1ttelel\u00e9s \u00e9rdek\u00e9ben vastagabb v\u00e9d\u0151r\u00e9teg sz\u00fcks\u00e9ges. Takar\u00e1sra haszn\u00e1ljunk laza anyagot. A hagym\u00e1sok \u00e1ttelel\u00e9s\u00e9t sokszor nem a hideg, hanem a rothad\u00e1s vesz\u00e9lyezteti, a t\u00falzott nedvess\u00e9g miatt. Ez\u00e9rt az ilyen n\u00f6v\u00e9nyeket laza, j\u00f3 v\u00edzelvezet\u00e9s\u0171 talajba \u00fcltess\u00fck, ter\u00edts\u00fcnk al\u00e1juk a nedvess\u00e9get elvezet\u0151 s\u00f3dert, durva homokot, ne gy\u0171jtse, t\u00e1rolja azt. Ne haszn\u00e1ljunk f\u0171r\u00e9szport vagy let\u00f6m\u00f6r\u00f6d\u00f6tt, f\u00f6ldes avart, hanem szalm\u00e1t, laza, rostos t\u0151zeget, a kertb\u0151l sz\u00e1rmaz\u00f3 k\u00f3r\u00f3kat, sz\u0151l\u0151venyig\u00e9t, gallyat.<\/p>\n<ul>\n<li>M\u00e9ret: 20-40 cm<\/li>\n<li>Vir\u00e1gz\u00e1s: j\u00fanius\/augusztus<\/li>\n<li>\u00dcltet\u00e9s: m\u00e1rcius\/m\u00e1jus, szeptember\/okt\u00f3ber<\/li>\n<li>F\u00e9nyig\u00e9ny: nap<\/li>\n<li><span class=\"fekete2\">Kiszerel\u00e9s: 10db\/csomag<\/span><\/li>\n<\/ul>\n<p><strong>Amennyiben nagyobb mennyis\u00e9gre lenne sz\u00fcks\u00e9g, vegye fel vel\u00fcnk a kapcsolatot \u00e9s beszerezz\u00fck!<\/strong><\/p>\n<p><strong>K\u00e9szlet\u00fcnk napi szinten v\u00e1ltozik, ez\u00e9rt a v\u00e1ltoz\u00e1s jog\u00e1t fenntartjuk!<\/strong><\/p>\n<p>&nbsp;<\/p>\n<p><a href=\"https:\/\/tajkertesz.com\/\">https:\/\/tajkertesz.com\/<\/a><\/p>\n<p><a href=\"https:\/\/www.facebook.com\/tajkertesz\/\">https:\/\/www.facebook.com\/tajkertesz\/<\/a><\/p>\n<p><span style=\"color: #ffffff;\">A n\u00f6v\u00e9ny \u00e1ttelel\u0151 r\u00e9sze t\u00e9len a szabadban, hely\u00e9n hagyhat\u00f3, a hagym\u00e1t, gum\u00f3t stb. nem sz\u00fcks\u00e9ges \u0151sszel felszedni. Amennyiben az \u00e1ttelelt n\u00f6v\u00e9ny\u00e1llom\u00e1ny t\u00fals\u00e1gosan els\u0171r\u0171s\u00f6d\u00f6tt, sz\u00e9toszt\u00e1suk, fel\u00faj\u00edt\u00e1suk, \u00e1t\u00fcltet\u00e9s\u00fck a ny\u00e1ri h\u00f3napokban v\u00e9gezhet\u0151. \u00c1ssuk ki a n\u00f6v\u00e9nyeket lombjuk lesz\u00e1rad\u00e1sakor vagy k\u00f6zvetlen\u00fcl ut\u00e1na. A sz\u00e9tv\u00e1laszt\u00e1s, oszt\u00e1lyoz\u00e1s ut\u00e1n a vissza\u00fcltet\u00e9se sz\u00e1nt hagym\u00e1k, gum\u00f3k esetleges sebeit hagyjuk szell\u0151s, h\u0171v\u00f6s helyen besz\u00e1radni. Ezut\u00e1n, m\u00e9g a ny\u00e1r v\u00e9g\u00e9n vagy kora \u0151sszel, \u00fcltess\u00fck el \u0151ket, hogy a telet m\u00e1r a j\u00f3l begy\u00f6keresedve v\u00e1rhass\u00e1k.<\/span><\/p>\n<p><span style=\"color: #ffffff;\">T\u00f6m\u00f6tt 10 cm \u00e1tm\u00e9r\u0151j\u0171 g\u00f6mb alak\u00fa erny\u0151vir\u00e1gzata, hossz\u00fa er\u0151s sz\u00e1ron \u00fcl. S\u00f6t\u00e9tlila vir\u00e1gai kicsik, csillag alak\u00faak. B\u00e1rmely j\u00f3 v\u00edzelvezet\u00e9s\u0171 talaj, napos vagy f\u00e9l\u00e1rny\u00e9kos hely megfelel\u0151 sz\u00e1m\u00e1ra. \u00c9vel\u0151\u00e1gyakba, vir\u00e1gszeg\u00e9lyekbe \u00fcltetve vegy\u00fck figyelembe, hogy lombja igen kor\u00e1n elt\u0171nik. Elny\u00edlott vir\u00e1gzat\u00e1t t\u00e1vol\u00edtsuk el, mert magjait elsz\u00f3rva intenz\u00edven terjed \u00e9s gyomos\u00edt.<\/span><\/p>\n<p><span style=\"color: #ffffff;\">A n\u00f6v\u00e9ny \u00e1ttelel\u0151 r\u00e9sze t\u00e9len a szF\u00c9NYIG\u00c9NY<\/span><\/p>\n<p>&nbsp;<\/p>\n<p><span style=\"color: #ffffff;\">abadban, hely\u00e9n hagyhat\u00f3, a hagym\u00e1t, gum\u00f3t stb. nem sz\u00fcks\u00e9ges \u0151sszel felszedni. Amennyiben az \u00e1ttelelt n\u00f6v\u00e9ny\u00e1llom\u00e1ny t\u00fals\u00e1gosan els\u0171r\u0171s\u00f6d\u00f6tt, sz\u00e9toszt\u00e1suk, fel\u00faj\u00edt\u00e1suk, \u00e1t\u00fcltet\u00e9s\u00fck a ny\u00e1ri h\u00f3napokban v\u00e9gezhet\u0151. \u00c1ssuk ki a n\u00f6v\u00e9nyeket lombjuk lesz\u00e1rad\u00e1sakor vagy k\u00f6zvetlen\u00fcl ut\u00e1na. A sz\u00e9tv\u00e1laszt\u00e1s, oszt\u00e1lyoz\u00e1s ut\u00e1n a vissza\u00fcltet\u00e9se sz\u00e1nt hagym\u00e1k, gum\u00f3k esetleges sebeit hagyjuk szell\u0151s, h\u0171v\u00f6s helyen besz\u00e1radni. Ezut\u00e1n, m\u00e9g a ny\u00e1r v\u00e9g\u00e9n vagy kora \u0151sszel, \u00fcltess\u00fck el \u0151ket, hogy a telet m\u00e1r a j\u00f3l begy\u00f6keresedve v\u00e1rhass\u00e1k.<\/span><\/p>","protected":false},"excerpt":{"rendered":"<p class=\"product_title entry-title\" style=\"text-align: center;\">Ranunculus asiaticus mixed \/ \u00c1zsiai bogl\u00e1rka sz\u00ednkever\u00e9k<\/p>","protected":false},"featured_media":10339,"template":"","meta":{"_et_pb_use_builder":"","_et_pb_old_content":"","_et_gb_content_width":""},"product_brand":[],"product_cat":[3857],"product_tag":[2424],"class_list":{"0":"post-10338","1":"product","2":"type-product","3":"status-publish","4":"has-post-thumbnail","6":"product_cat-viraghagyma-dughagyma","7":"product_tag-ranunculus-asiaticus-mixed-azsiai-boglarka-szinkeverek","9":"first","10":"onbackorder","11":"shipping-taxable","12":"purchasable","13":"product-type-simple"},"yoast_head":"<!-- This site is optimized with the Yoast SEO plugin v27.4 - https:\/\/yoast.com\/product\/yoast-seo-wordpress\/ -->\n<title>Ranunculus asiaticus mixed \/ \u00c1zsiai bogl\u00e1rka sz\u00ednkever\u00e9k - T\u00e1jkert\u00e9sz<\/title>\n<meta name=\"description\" content=\"Ranunculus asiaticus mixed \/ \u00c1zsiai bogl\u00e1rka sz\u00ednkever\u00e9k\" \/>\n<meta name=\"robots\" content=\"index, follow, max-snippet:-1, max-image-preview:large, max-video-preview:-1\" \/>\n<link rel=\"canonical\" href=\"https:\/\/tajkertesz.com\/en_US\/product\/ranunculus-asiaticus-mixed-azsiai-boglarka-szinkeverek-2\/\" \/>\n<meta property=\"og:locale\" content=\"en_US\" \/>\n<meta property=\"og:type\" content=\"article\" \/>\n<meta property=\"og:title\" content=\"Ranunculus asiaticus mixed \/ \u00c1zsiai bogl\u00e1rka sz\u00ednkever\u00e9k - T\u00e1jkert\u00e9sz\" \/>\n<meta property=\"og:description\" content=\"Ranunculus asiaticus mixed \/ \u00c1zsiai bogl\u00e1rka sz\u00ednkever\u00e9k\" \/>\n<meta property=\"og:url\" content=\"https:\/\/tajkertesz.com\/en_US\/product\/ranunculus-asiaticus-mixed-azsiai-boglarka-szinkeverek-2\/\" \/>\n<meta property=\"og:site_name\" content=\"T\u00e1jkert\u00e9sz\" \/>\n<meta property=\"article:publisher\" content=\"https:\/\/www.facebook.com\/Tajkertesz\/\" \/>\n<meta property=\"article:modified_time\" content=\"2026-02-20T13:53:31+00:00\" \/>\n<meta property=\"og:image\" content=\"https:\/\/tajkertesz.com\/wp-content\/uploads\/2021\/10\/Ranunculus_asiat_54212498a4541.jpg\" \/>\n\t<meta property=\"og:image:width\" content=\"381\" \/>\n\t<meta property=\"og:image:height\" content=\"600\" \/>\n\t<meta property=\"og:image:type\" content=\"image\/jpeg\" \/>\n<meta name=\"twitter:card\" content=\"summary_large_image\" \/>\n<meta name=\"twitter:label1\" content=\"Est. reading time\" \/>\n\t<meta name=\"twitter:data1\" content=\"3 minutes\" \/>\n<script type=\"application\/ld+json\" class=\"yoast-schema-graph\">{\"@context\":\"https:\\\/\\\/schema.org\",\"@graph\":[{\"@type\":\"WebPage\",\"@id\":\"https:\\\/\\\/tajkertesz.com\\\/termek\\\/ranunculus-asiaticus-mixed-azsiai-boglarka-szinkeverek-2\\\/\",\"url\":\"https:\\\/\\\/tajkertesz.com\\\/termek\\\/ranunculus-asiaticus-mixed-azsiai-boglarka-szinkeverek-2\\\/\",\"name\":\"Ranunculus asiaticus mixed \\\/ \u00c1zsiai bogl\u00e1rka sz\u00ednkever\u00e9k - T\u00e1jkert\u00e9sz\",\"isPartOf\":{\"@id\":\"https:\\\/\\\/tajkertesz.com\\\/#website\"},\"primaryImageOfPage\":{\"@id\":\"https:\\\/\\\/tajkertesz.com\\\/termek\\\/ranunculus-asiaticus-mixed-azsiai-boglarka-szinkeverek-2\\\/#primaryimage\"},\"image\":{\"@id\":\"https:\\\/\\\/tajkertesz.com\\\/termek\\\/ranunculus-asiaticus-mixed-azsiai-boglarka-szinkeverek-2\\\/#primaryimage\"},\"thumbnailUrl\":\"https:\\\/\\\/tajkertesz.com\\\/wp-content\\\/uploads\\\/2021\\\/10\\\/Ranunculus_asiat_54212498a4541.jpg\",\"datePublished\":\"2021-10-12T12:37:58+00:00\",\"dateModified\":\"2026-02-20T13:53:31+00:00\",\"description\":\"Ranunculus asiaticus mixed \\\/ \u00c1zsiai bogl\u00e1rka sz\u00ednkever\u00e9k\",\"breadcrumb\":{\"@id\":\"https:\\\/\\\/tajkertesz.com\\\/termek\\\/ranunculus-asiaticus-mixed-azsiai-boglarka-szinkeverek-2\\\/#breadcrumb\"},\"inLanguage\":\"en-US\",\"potentialAction\":[{\"@type\":\"ReadAction\",\"target\":[\"https:\\\/\\\/tajkertesz.com\\\/termek\\\/ranunculus-asiaticus-mixed-azsiai-boglarka-szinkeverek-2\\\/\"]}]},{\"@type\":\"ImageObject\",\"inLanguage\":\"en-US\",\"@id\":\"https:\\\/\\\/tajkertesz.com\\\/termek\\\/ranunculus-asiaticus-mixed-azsiai-boglarka-szinkeverek-2\\\/#primaryimage\",\"url\":\"https:\\\/\\\/tajkertesz.com\\\/wp-content\\\/uploads\\\/2021\\\/10\\\/Ranunculus_asiat_54212498a4541.jpg\",\"contentUrl\":\"https:\\\/\\\/tajkertesz.com\\\/wp-content\\\/uploads\\\/2021\\\/10\\\/Ranunculus_asiat_54212498a4541.jpg\",\"width\":381,\"height\":600},{\"@type\":\"BreadcrumbList\",\"@id\":\"https:\\\/\\\/tajkertesz.com\\\/termek\\\/ranunculus-asiaticus-mixed-azsiai-boglarka-szinkeverek-2\\\/#breadcrumb\",\"itemListElement\":[{\"@type\":\"ListItem\",\"position\":1,\"name\":\"Home\",\"item\":\"https:\\\/\\\/tajkertesz.com\\\/\"},{\"@type\":\"ListItem\",\"position\":2,\"name\":\"Kezd\u0151lap\",\"item\":\"https:\\\/\\\/tajkertesz.com\\\/\"},{\"@type\":\"ListItem\",\"position\":3,\"name\":\"Ranunculus asiaticus mixed \\\/ \u00c1zsiai bogl\u00e1rka sz\u00ednkever\u00e9k\"}]},{\"@type\":\"WebSite\",\"@id\":\"https:\\\/\\\/tajkertesz.com\\\/#website\",\"url\":\"https:\\\/\\\/tajkertesz.com\\\/\",\"name\":\"T\u00e1j-Kert\u00e9sz 84 Kft.\",\"description\":\"Kert\u00e9szeti kis- \u00e9s nagykeresked\u00e9s, D\u00edszn\u00f6v\u00e9ny web\u00e1ruh\u00e1z orsz\u00e1gos h\u00e1zhozsz\u00e1ll\u00edt\u00e1ssal!\",\"publisher\":{\"@id\":\"https:\\\/\\\/tajkertesz.com\\\/#organization\"},\"potentialAction\":[{\"@type\":\"SearchAction\",\"target\":{\"@type\":\"EntryPoint\",\"urlTemplate\":\"https:\\\/\\\/tajkertesz.com\\\/?s={search_term_string}\"},\"query-input\":{\"@type\":\"PropertyValueSpecification\",\"valueRequired\":true,\"valueName\":\"search_term_string\"}}],\"inLanguage\":\"en-US\"},{\"@type\":\"Organization\",\"@id\":\"https:\\\/\\\/tajkertesz.com\\\/#organization\",\"name\":\"T\u00e1j-Kert\u00e9sz 84 Kft.\",\"url\":\"https:\\\/\\\/tajkertesz.com\\\/\",\"logo\":{\"@type\":\"ImageObject\",\"inLanguage\":\"en-US\",\"@id\":\"https:\\\/\\\/tajkertesz.com\\\/#\\\/schema\\\/logo\\\/image\\\/\",\"url\":\"https:\\\/\\\/tajkertesz.com\\\/wp-content\\\/uploads\\\/2018\\\/02\\\/logo-2-e1518678052539.png\",\"contentUrl\":\"https:\\\/\\\/tajkertesz.com\\\/wp-content\\\/uploads\\\/2018\\\/02\\\/logo-2-e1518678052539.png\",\"width\":81,\"height\":140,\"caption\":\"T\u00e1j-Kert\u00e9sz 84 Kft.\"},\"image\":{\"@id\":\"https:\\\/\\\/tajkertesz.com\\\/#\\\/schema\\\/logo\\\/image\\\/\"},\"sameAs\":[\"https:\\\/\\\/www.facebook.com\\\/Tajkertesz\\\/\"]}]}<\/script>\n<!-- \/ Yoast SEO plugin. -->","yoast_head_json":{"title":"Ranunculus asiaticus mixed \/ \u00c1zsiai bogl\u00e1rka sz\u00ednkever\u00e9k - T\u00e1jkert\u00e9sz","description":"Ranunculus asiaticus mixed \/ \u00c1zsiai bogl\u00e1rka sz\u00ednkever\u00e9k","robots":{"index":"index","follow":"follow","max-snippet":"max-snippet:-1","max-image-preview":"max-image-preview:large","max-video-preview":"max-video-preview:-1"},"canonical":"https:\/\/tajkertesz.com\/en_US\/product\/ranunculus-asiaticus-mixed-azsiai-boglarka-szinkeverek-2\/","og_locale":"en_US","og_type":"article","og_title":"Ranunculus asiaticus mixed \/ \u00c1zsiai bogl\u00e1rka sz\u00ednkever\u00e9k - T\u00e1jkert\u00e9sz","og_description":"Ranunculus asiaticus mixed \/ \u00c1zsiai bogl\u00e1rka sz\u00ednkever\u00e9k","og_url":"https:\/\/tajkertesz.com\/en_US\/product\/ranunculus-asiaticus-mixed-azsiai-boglarka-szinkeverek-2\/","og_site_name":"T\u00e1jkert\u00e9sz","article_publisher":"https:\/\/www.facebook.com\/Tajkertesz\/","article_modified_time":"2026-02-20T13:53:31+00:00","og_image":[{"width":381,"height":600,"url":"https:\/\/tajkertesz.com\/wp-content\/uploads\/2021\/10\/Ranunculus_asiat_54212498a4541.jpg","type":"image\/jpeg"}],"twitter_card":"summary_large_image","twitter_misc":{"Est. reading time":"3 minutes"},"schema":{"@context":"https:\/\/schema.org","@graph":[{"@type":"WebPage","@id":"https:\/\/tajkertesz.com\/termek\/ranunculus-asiaticus-mixed-azsiai-boglarka-szinkeverek-2\/","url":"https:\/\/tajkertesz.com\/termek\/ranunculus-asiaticus-mixed-azsiai-boglarka-szinkeverek-2\/","name":"Ranunculus asiaticus mixed \/ \u00c1zsiai bogl\u00e1rka sz\u00ednkever\u00e9k - T\u00e1jkert\u00e9sz","isPartOf":{"@id":"https:\/\/tajkertesz.com\/#website"},"primaryImageOfPage":{"@id":"https:\/\/tajkertesz.com\/termek\/ranunculus-asiaticus-mixed-azsiai-boglarka-szinkeverek-2\/#primaryimage"},"image":{"@id":"https:\/\/tajkertesz.com\/termek\/ranunculus-asiaticus-mixed-azsiai-boglarka-szinkeverek-2\/#primaryimage"},"thumbnailUrl":"https:\/\/tajkertesz.com\/wp-content\/uploads\/2021\/10\/Ranunculus_asiat_54212498a4541.jpg","datePublished":"2021-10-12T12:37:58+00:00","dateModified":"2026-02-20T13:53:31+00:00","description":"Ranunculus asiaticus mixed \/ \u00c1zsiai bogl\u00e1rka sz\u00ednkever\u00e9k","breadcrumb":{"@id":"https:\/\/tajkertesz.com\/termek\/ranunculus-asiaticus-mixed-azsiai-boglarka-szinkeverek-2\/#breadcrumb"},"inLanguage":"en-US","potentialAction":[{"@type":"ReadAction","target":["https:\/\/tajkertesz.com\/termek\/ranunculus-asiaticus-mixed-azsiai-boglarka-szinkeverek-2\/"]}]},{"@type":"ImageObject","inLanguage":"en-US","@id":"https:\/\/tajkertesz.com\/termek\/ranunculus-asiaticus-mixed-azsiai-boglarka-szinkeverek-2\/#primaryimage","url":"https:\/\/tajkertesz.com\/wp-content\/uploads\/2021\/10\/Ranunculus_asiat_54212498a4541.jpg","contentUrl":"https:\/\/tajkertesz.com\/wp-content\/uploads\/2021\/10\/Ranunculus_asiat_54212498a4541.jpg","width":381,"height":600},{"@type":"BreadcrumbList","@id":"https:\/\/tajkertesz.com\/termek\/ranunculus-asiaticus-mixed-azsiai-boglarka-szinkeverek-2\/#breadcrumb","itemListElement":[{"@type":"ListItem","position":1,"name":"Home","item":"https:\/\/tajkertesz.com\/"},{"@type":"ListItem","position":2,"name":"Kezd\u0151lap","item":"https:\/\/tajkertesz.com\/"},{"@type":"ListItem","position":3,"name":"Ranunculus asiaticus mixed \/ \u00c1zsiai bogl\u00e1rka sz\u00ednkever\u00e9k"}]},{"@type":"WebSite","@id":"https:\/\/tajkertesz.com\/#website","url":"https:\/\/tajkertesz.com\/","name":"T\u00e1j-Kert\u00e9sz 84 Kft.","description":"Kert\u00e9szeti kis- \u00e9s nagykeresked\u00e9s, D\u00edszn\u00f6v\u00e9ny web\u00e1ruh\u00e1z orsz\u00e1gos h\u00e1zhozsz\u00e1ll\u00edt\u00e1ssal!","publisher":{"@id":"https:\/\/tajkertesz.com\/#organization"},"potentialAction":[{"@type":"SearchAction","target":{"@type":"EntryPoint","urlTemplate":"https:\/\/tajkertesz.com\/?s={search_term_string}"},"query-input":{"@type":"PropertyValueSpecification","valueRequired":true,"valueName":"search_term_string"}}],"inLanguage":"en-US"},{"@type":"Organization","@id":"https:\/\/tajkertesz.com\/#organization","name":"T\u00e1j-Kert\u00e9sz 84 Kft.","url":"https:\/\/tajkertesz.com\/","logo":{"@type":"ImageObject","inLanguage":"en-US","@id":"https:\/\/tajkertesz.com\/#\/schema\/logo\/image\/","url":"https:\/\/tajkertesz.com\/wp-content\/uploads\/2018\/02\/logo-2-e1518678052539.png","contentUrl":"https:\/\/tajkertesz.com\/wp-content\/uploads\/2018\/02\/logo-2-e1518678052539.png","width":81,"height":140,"caption":"T\u00e1j-Kert\u00e9sz 84 Kft."},"image":{"@id":"https:\/\/tajkertesz.com\/#\/schema\/logo\/image\/"},"sameAs":["https:\/\/www.facebook.com\/Tajkertesz\/"]}]}},"_links":{"self":[{"href":"https:\/\/tajkertesz.com\/en_US\/wp-json\/wp\/v2\/product\/10338","targetHints":{"allow":["GET"]}}],"collection":[{"href":"https:\/\/tajkertesz.com\/en_US\/wp-json\/wp\/v2\/product"}],"about":[{"href":"https:\/\/tajkertesz.com\/en_US\/wp-json\/wp\/v2\/types\/product"}],"wp:featuredmedia":[{"embeddable":true,"href":"https:\/\/tajkertesz.com\/en_US\/wp-json\/wp\/v2\/media\/10339"}],"wp:attachment":[{"href":"https:\/\/tajkertesz.com\/en_US\/wp-json\/wp\/v2\/media?parent=10338"}],"wp:term":[{"taxonomy":"product_brand","embeddable":true,"href":"https:\/\/tajkertesz.com\/en_US\/wp-json\/wp\/v2\/product_brand?post=10338"},{"taxonomy":"product_cat","embeddable":true,"href":"https:\/\/tajkertesz.com\/en_US\/wp-json\/wp\/v2\/product_cat?post=10338"},{"taxonomy":"product_tag","embeddable":true,"href":"https:\/\/tajkertesz.com\/en_US\/wp-json\/wp\/v2\/product_tag?post=10338"}],"curies":[{"name":"wp","href":"https:\/\/api.w.org\/{rel}","templated":true}]}}