{"id":10378,"date":"2021-10-13T10:29:47","date_gmt":"2021-10-13T10:29:47","guid":{"rendered":"https:\/\/tajkertesz.com\/?post_type=product&#038;p=10378"},"modified":"2026-03-09T11:50:06","modified_gmt":"2026-03-09T11:50:06","slug":"ribes-grossularia-invicta-egres-magastorzsu-szabadgyokeru","status":"publish","type":"product","link":"https:\/\/tajkertesz.com\/en_US\/product\/ribes-grossularia-invicta-egres-magastorzsu-szabadgyokeru\/","title":{"rendered":"Ribes grossularia &#8216;Invicta&#8217; &#8211; Egres magast\u00f6rzs\u0171 szabadgy\u00f6ker\u0171"},"content":{"rendered":"<h3>Ribes grossularia &#8216;Invicta&#8217; &#8211; Egres magast\u00f6rzs\u0171 szabadgy\u00f6ker\u0171<\/h3>\n<p>Ribes grossularia &#8216;Invicta&#8217; &#8211; Egres magast\u00f6rzs\u0171 szabadgy\u00f6ker\u0171<\/p>\n<p>Z\u00f6ld sz\u00edn\u0171, kisebb szilva nagys\u00e1g\u00fa, nagyon \u00e9des term\u00e9s\u00e9t tavasszal-kora ny\u00e1ron hozza.Er\u0151s n\u00f6veked\u00e9s\u0171, magas, sz\u00e9les, kerekded bokr\u00fa.Vessz\u0151je k\u00f6zepesen t\u00fcsk\u00e9s.<\/p>\n<p>Jelen term\u00e9k\u00fcnk kb: 100-110 cm magas.<\/p>\n<p style=\"line-height: 18.0pt; background: white; margin: 0cm 0cm 15.0pt 0cm;\"><span style=\"font-family: Ubuntu, serif; color: black;\">El\u00e9rhet\u0151 t\u00f6bbf\u00e9le m\u00e9retben \u00e9s \u00e1rban.<\/span><\/p>\n<p style=\"line-height: 18.0pt; background: white; margin: 0cm 0cm 15.0pt 0cm;\"><b><span style=\"font-family: 'Ubuntu',serif; color: black;\">K\u00e9szlet\u00fcnk napi szinten v\u00e1ltozik, ez\u00e9rt k\u00e9rj\u00fck, \u00e9rdekl\u0151dj\u00f6n szem\u00e9lyesen, telefonon vagy email-en.<br \/>\nA v\u00e1ltoztat\u00e1s jog\u00e1t fenntartjuk!\u00a0<\/span><\/b><\/p>\n<p><a href=\"https:\/\/tajkertesz.com\/\">https:\/\/tajkertesz.com\/<\/a><\/p>\n<p><a href=\"https:\/\/www.facebook.com\/tajkertesz\">https:\/\/www.facebook.com\/tajkertesz<\/a><\/p>\n<p><span style=\"color: #ffffff;\">Az egres 50-150\u00a0centim\u00e9ter magas, a magass\u00e1g\u00e1n\u00e1l t\u00f6bbnyire sz\u00e9lesebb, s\u0171r\u0171 \u00e1grendszer\u0171, lombhullat\u00f3\u00a0<a style=\"color: #ffffff;\" title=\"Cserje\" href=\"https:\/\/hu.wikipedia.org\/wiki\/Cserje\">cserje<\/a>. T\u00fcsk\u00e9s vessz\u0151i kiss\u00e9 sz\u0151r\u00f6sek vagy kopaszak, halv\u00e1ny sz\u00fcrk\u00e9sbarna sz\u00edn\u0171ek, hossz\u00e1ban bar\u00e1zd\u00e1ltak. Az 1-2\u00a0centim\u00e9ter hossz\u00fa merev t\u00f6visek k\u00f6zvetlen\u00fcl a levelek (sz\u00e1rcsom\u00f3k) alatt erednek a sz\u00e1ron kettes\u00e9vel vagy h\u00e1rmas\u00e1val. Egyes v\u00e1ltozatokn\u00e1l a sz\u00e1rk\u00f6z\u00f6k\u00f6n is tal\u00e1lhat\u00f3ak r\u00f6videbb t\u00fcsk\u00e9k. A levelek kerekded vagy sz\u00edv alak\u00faak, tomp\u00e1n 3 vagy 5\u00a0kar\u00e9josak, sz\u00e9less\u00e9g\u00fck 2-5\u00a0centim\u00e9ter. \u00c9le a kar\u00e9jok cs\u00facs\u00e1n m\u00e9lyen, szab\u00e1lytalanul csipk\u00e9zett, oldal\u00e1n \u00e9p. Fels\u0151 fel\u00fclet\u00fck lehet kopasz vagy sz\u0151r\u00f6s, fon\u00e1kjuk az erekn\u00e9l sz\u0151r\u00f6z\u00f6tt. A lev\u00e9lny\u00e9l hossza nagyj\u00e1b\u00f3l megegyezik a lemez\u00e9vel, elsz\u00f3rtan sz\u0151r\u00f6s. \u0150sszel s\u00e1rg\u00e1sra sz\u00ednez\u0151dik.<\/span><\/p>\n<p><span style=\"color: #ffffff;\">\u00c1prilisban vir\u00e1gzik. Az 1-3\u00a0vir\u00e1gb\u00f3l \u00e1ll\u00f3 f\u00fcrt\u00f6k a sz\u00e1rcsom\u00f3kb\u00f3l ered\u0151 r\u00f6vidke hajt\u00e1sok cs\u00facs\u00e1n n\u0151nek. A vir\u00e1gok kicsik, nem felt\u0171n\u0151ek. A kocs\u00e1ny \u00e9s a harang alak\u00fa vacok sz\u0151r\u00f6s vagy mirigysz\u0151r\u00f6s. A cs\u00e9szelevelek visszahajl\u00f3ak, k\u00edv\u00fcl z\u00f6ldek, bel\u00fcl piszkos b\u00edborv\u00f6r\u00f6sek. A feh\u00e9r, fel\u00e1ll\u00f3 szirmok csak fele-harmada olyan hossz\u00faak, mint a cs\u00e9szelevelek. A vil\u00e1gos-z\u00f6ldes porz\u00f3k kil\u00f3gnak a cs\u00e9szecs\u0151b\u0151l. A bibe r\u00f6videbb, mint a porz\u00f3k, k\u00e9tkar\u00e9j\u00fa, \u00e9retten ragad\u00f3s. Illata kellemetlen, a\u00a0<a style=\"color: #ffffff;\" title=\"S\u00f3skaborbolya\" href=\"https:\/\/hu.wikipedia.org\/wiki\/S%C3%B3skaborbolya\">s\u00f3skaborboly\u00e1ra<\/a>\u00a0eml\u00e9keztet. Az \u00f6nmegporz\u00e1st \u00fagy ker\u00fcli el, hogy a bib\u00e9k el\u0151bb \u00e9rnek a porz\u00f3kn\u00e1l.<\/span><\/p>\n<p><span style=\"color: #ffffff;\">A term\u00e9s 8-15\u00a0millim\u00e9ter hossz\u00fa, g\u00f6mb\u00f6ly\u0171 vagy ov\u00e1lis, t\u00f6bb\u00e9-kev\u00e9sb\u00e9 v\u00f6r\u00f6ssel futtatott z\u00f6ldes vagy s\u00e1rg\u00e1s, l\u00e9d\u00fas \u00e1lbogy\u00f3. Fel\u00fclete lehet csupasz vagy sz\u0151r\u00f6s-molyhos. Benne tal\u00e1lhat\u00f3 a 40-50\u00a0darab 2-3,5\u00a0millim\u00e9teres, feket\u00e9s-barna, szab\u00e1lytalanul toj\u00e1sdad mag. A vadon term\u0151 egres is ehet\u0151, h\u00e9ja savany\u00fa lehet, de h\u00fasa \u00e9des-savanyk\u00e1s.<\/span><\/p>\n<p>&nbsp;<\/p>\n<p>Sz\u00e1ll\u00edt\u00e1s 200 cm \u00e9s 40 kg is fut\u00e1rszolg\u00e1lattal lehets\u00e9ges, ezen m\u00e9retek felett egyedi sz\u00e1ll\u00edt\u00e1si felt\u00e9tel egyeztet\u00e9se sz\u00fcks\u00e9ges.<\/p>","protected":false},"excerpt":{"rendered":"<p>Ribes grossularia &#8216;Invicta&#8217; &#8211; Egres magast\u00f6rzs\u0171 szabadgy\u00f6ker\u0171<\/p>","protected":false},"featured_media":9266,"template":"","meta":{"_et_pb_use_builder":"","_et_pb_old_content":"","_et_gb_content_width":""},"product_brand":[],"product_cat":[8083],"product_tag":[2967],"class_list":{"0":"post-10378","1":"product","2":"type-product","3":"status-publish","4":"has-post-thumbnail","6":"product_cat-egres-gyumolcstermok","7":"product_tag-ribes-grossularia-invicta-egres-magastorzsu-szabadgyokeru","9":"first","10":"outofstock","11":"shipping-taxable","12":"product-type-simple"},"yoast_head":"<!-- This site is optimized with the Yoast SEO plugin v27.3 - https:\/\/yoast.com\/product\/yoast-seo-wordpress\/ -->\n<title>Ribes grossularia &#039;Invicta&#039; - Egres magast\u00f6rzs\u0171 szabadgy\u00f6ker\u0171 - T\u00e1jkert\u00e9sz<\/title>\n<meta name=\"description\" content=\"Ribes grossularia &#039;Invicta&#039; - Egres magast\u00f6rzs\u0171 szabadgy\u00f6ker\u0171\" \/>\n<meta name=\"robots\" content=\"index, follow, max-snippet:-1, max-image-preview:large, max-video-preview:-1\" \/>\n<link rel=\"canonical\" href=\"https:\/\/tajkertesz.com\/en_US\/product\/ribes-grossularia-invicta-egres-magastorzsu-szabadgyokeru\/\" \/>\n<meta property=\"og:locale\" content=\"en_US\" \/>\n<meta property=\"og:type\" content=\"article\" \/>\n<meta property=\"og:title\" content=\"Ribes grossularia &#039;Invicta&#039; - Egres magast\u00f6rzs\u0171 szabadgy\u00f6ker\u0171 - T\u00e1jkert\u00e9sz\" \/>\n<meta property=\"og:description\" content=\"Ribes grossularia &#039;Invicta&#039; - Egres magast\u00f6rzs\u0171 szabadgy\u00f6ker\u0171\" \/>\n<meta property=\"og:url\" content=\"https:\/\/tajkertesz.com\/en_US\/product\/ribes-grossularia-invicta-egres-magastorzsu-szabadgyokeru\/\" \/>\n<meta property=\"og:site_name\" content=\"T\u00e1jkert\u00e9sz\" \/>\n<meta property=\"article:publisher\" content=\"https:\/\/www.facebook.com\/Tajkertesz\/\" \/>\n<meta property=\"article:modified_time\" content=\"2026-03-09T11:50:06+00:00\" \/>\n<meta property=\"og:image\" content=\"https:\/\/tajkertesz.com\/wp-content\/uploads\/2021\/09\/invicta.jpg\" \/>\n\t<meta property=\"og:image:width\" content=\"798\" \/>\n\t<meta property=\"og:image:height\" content=\"1000\" \/>\n\t<meta property=\"og:image:type\" content=\"image\/jpeg\" \/>\n<meta name=\"twitter:card\" content=\"summary_large_image\" \/>\n<meta name=\"twitter:label1\" content=\"Est. reading time\" \/>\n\t<meta name=\"twitter:data1\" content=\"2 minutes\" \/>\n<script type=\"application\/ld+json\" class=\"yoast-schema-graph\">{\"@context\":\"https:\\\/\\\/schema.org\",\"@graph\":[{\"@type\":\"WebPage\",\"@id\":\"https:\\\/\\\/tajkertesz.com\\\/termek\\\/ribes-grossularia-invicta-egres-magastorzsu-szabadgyokeru\\\/\",\"url\":\"https:\\\/\\\/tajkertesz.com\\\/termek\\\/ribes-grossularia-invicta-egres-magastorzsu-szabadgyokeru\\\/\",\"name\":\"Ribes grossularia 'Invicta' - Egres magast\u00f6rzs\u0171 szabadgy\u00f6ker\u0171 - T\u00e1jkert\u00e9sz\",\"isPartOf\":{\"@id\":\"https:\\\/\\\/tajkertesz.com\\\/#website\"},\"primaryImageOfPage\":{\"@id\":\"https:\\\/\\\/tajkertesz.com\\\/termek\\\/ribes-grossularia-invicta-egres-magastorzsu-szabadgyokeru\\\/#primaryimage\"},\"image\":{\"@id\":\"https:\\\/\\\/tajkertesz.com\\\/termek\\\/ribes-grossularia-invicta-egres-magastorzsu-szabadgyokeru\\\/#primaryimage\"},\"thumbnailUrl\":\"https:\\\/\\\/tajkertesz.com\\\/wp-content\\\/uploads\\\/2021\\\/09\\\/invicta.jpg\",\"datePublished\":\"2021-10-13T10:29:47+00:00\",\"dateModified\":\"2026-03-09T11:50:06+00:00\",\"description\":\"Ribes grossularia 'Invicta' - Egres magast\u00f6rzs\u0171 szabadgy\u00f6ker\u0171\",\"breadcrumb\":{\"@id\":\"https:\\\/\\\/tajkertesz.com\\\/termek\\\/ribes-grossularia-invicta-egres-magastorzsu-szabadgyokeru\\\/#breadcrumb\"},\"inLanguage\":\"en-US\",\"potentialAction\":[{\"@type\":\"ReadAction\",\"target\":[\"https:\\\/\\\/tajkertesz.com\\\/termek\\\/ribes-grossularia-invicta-egres-magastorzsu-szabadgyokeru\\\/\"]}]},{\"@type\":\"ImageObject\",\"inLanguage\":\"en-US\",\"@id\":\"https:\\\/\\\/tajkertesz.com\\\/termek\\\/ribes-grossularia-invicta-egres-magastorzsu-szabadgyokeru\\\/#primaryimage\",\"url\":\"https:\\\/\\\/tajkertesz.com\\\/wp-content\\\/uploads\\\/2021\\\/09\\\/invicta.jpg\",\"contentUrl\":\"https:\\\/\\\/tajkertesz.com\\\/wp-content\\\/uploads\\\/2021\\\/09\\\/invicta.jpg\",\"width\":798,\"height\":1000},{\"@type\":\"BreadcrumbList\",\"@id\":\"https:\\\/\\\/tajkertesz.com\\\/termek\\\/ribes-grossularia-invicta-egres-magastorzsu-szabadgyokeru\\\/#breadcrumb\",\"itemListElement\":[{\"@type\":\"ListItem\",\"position\":1,\"name\":\"Home\",\"item\":\"https:\\\/\\\/tajkertesz.com\\\/\"},{\"@type\":\"ListItem\",\"position\":2,\"name\":\"Kezd\u0151lap\",\"item\":\"https:\\\/\\\/tajkertesz.com\\\/\"},{\"@type\":\"ListItem\",\"position\":3,\"name\":\"Ribes grossularia &#8216;Invicta&#8217; &#8211; Egres magast\u00f6rzs\u0171 szabadgy\u00f6ker\u0171\"}]},{\"@type\":\"WebSite\",\"@id\":\"https:\\\/\\\/tajkertesz.com\\\/#website\",\"url\":\"https:\\\/\\\/tajkertesz.com\\\/\",\"name\":\"T\u00e1j-Kert\u00e9sz 84 Kft.\",\"description\":\"Kert\u00e9szeti kis- \u00e9s nagykeresked\u00e9s, D\u00edszn\u00f6v\u00e9ny web\u00e1ruh\u00e1z orsz\u00e1gos h\u00e1zhozsz\u00e1ll\u00edt\u00e1ssal!\",\"publisher\":{\"@id\":\"https:\\\/\\\/tajkertesz.com\\\/#organization\"},\"potentialAction\":[{\"@type\":\"SearchAction\",\"target\":{\"@type\":\"EntryPoint\",\"urlTemplate\":\"https:\\\/\\\/tajkertesz.com\\\/?s={search_term_string}\"},\"query-input\":{\"@type\":\"PropertyValueSpecification\",\"valueRequired\":true,\"valueName\":\"search_term_string\"}}],\"inLanguage\":\"en-US\"},{\"@type\":\"Organization\",\"@id\":\"https:\\\/\\\/tajkertesz.com\\\/#organization\",\"name\":\"T\u00e1j-Kert\u00e9sz 84 Kft.\",\"url\":\"https:\\\/\\\/tajkertesz.com\\\/\",\"logo\":{\"@type\":\"ImageObject\",\"inLanguage\":\"en-US\",\"@id\":\"https:\\\/\\\/tajkertesz.com\\\/#\\\/schema\\\/logo\\\/image\\\/\",\"url\":\"https:\\\/\\\/tajkertesz.com\\\/wp-content\\\/uploads\\\/2018\\\/02\\\/logo-2-e1518678052539.png\",\"contentUrl\":\"https:\\\/\\\/tajkertesz.com\\\/wp-content\\\/uploads\\\/2018\\\/02\\\/logo-2-e1518678052539.png\",\"width\":81,\"height\":140,\"caption\":\"T\u00e1j-Kert\u00e9sz 84 Kft.\"},\"image\":{\"@id\":\"https:\\\/\\\/tajkertesz.com\\\/#\\\/schema\\\/logo\\\/image\\\/\"},\"sameAs\":[\"https:\\\/\\\/www.facebook.com\\\/Tajkertesz\\\/\"]}]}<\/script>\n<!-- \/ Yoast SEO plugin. -->","yoast_head_json":{"title":"Ribes grossularia 'Invicta' - Egres magast\u00f6rzs\u0171 szabadgy\u00f6ker\u0171 - T\u00e1jkert\u00e9sz","description":"Ribes grossularia 'Invicta' - Egres magast\u00f6rzs\u0171 szabadgy\u00f6ker\u0171","robots":{"index":"index","follow":"follow","max-snippet":"max-snippet:-1","max-image-preview":"max-image-preview:large","max-video-preview":"max-video-preview:-1"},"canonical":"https:\/\/tajkertesz.com\/en_US\/product\/ribes-grossularia-invicta-egres-magastorzsu-szabadgyokeru\/","og_locale":"en_US","og_type":"article","og_title":"Ribes grossularia 'Invicta' - Egres magast\u00f6rzs\u0171 szabadgy\u00f6ker\u0171 - T\u00e1jkert\u00e9sz","og_description":"Ribes grossularia 'Invicta' - Egres magast\u00f6rzs\u0171 szabadgy\u00f6ker\u0171","og_url":"https:\/\/tajkertesz.com\/en_US\/product\/ribes-grossularia-invicta-egres-magastorzsu-szabadgyokeru\/","og_site_name":"T\u00e1jkert\u00e9sz","article_publisher":"https:\/\/www.facebook.com\/Tajkertesz\/","article_modified_time":"2026-03-09T11:50:06+00:00","og_image":[{"width":798,"height":1000,"url":"https:\/\/tajkertesz.com\/wp-content\/uploads\/2021\/09\/invicta.jpg","type":"image\/jpeg"}],"twitter_card":"summary_large_image","twitter_misc":{"Est. reading time":"2 minutes"},"schema":{"@context":"https:\/\/schema.org","@graph":[{"@type":"WebPage","@id":"https:\/\/tajkertesz.com\/termek\/ribes-grossularia-invicta-egres-magastorzsu-szabadgyokeru\/","url":"https:\/\/tajkertesz.com\/termek\/ribes-grossularia-invicta-egres-magastorzsu-szabadgyokeru\/","name":"Ribes grossularia 'Invicta' - Egres magast\u00f6rzs\u0171 szabadgy\u00f6ker\u0171 - T\u00e1jkert\u00e9sz","isPartOf":{"@id":"https:\/\/tajkertesz.com\/#website"},"primaryImageOfPage":{"@id":"https:\/\/tajkertesz.com\/termek\/ribes-grossularia-invicta-egres-magastorzsu-szabadgyokeru\/#primaryimage"},"image":{"@id":"https:\/\/tajkertesz.com\/termek\/ribes-grossularia-invicta-egres-magastorzsu-szabadgyokeru\/#primaryimage"},"thumbnailUrl":"https:\/\/tajkertesz.com\/wp-content\/uploads\/2021\/09\/invicta.jpg","datePublished":"2021-10-13T10:29:47+00:00","dateModified":"2026-03-09T11:50:06+00:00","description":"Ribes grossularia 'Invicta' - Egres magast\u00f6rzs\u0171 szabadgy\u00f6ker\u0171","breadcrumb":{"@id":"https:\/\/tajkertesz.com\/termek\/ribes-grossularia-invicta-egres-magastorzsu-szabadgyokeru\/#breadcrumb"},"inLanguage":"en-US","potentialAction":[{"@type":"ReadAction","target":["https:\/\/tajkertesz.com\/termek\/ribes-grossularia-invicta-egres-magastorzsu-szabadgyokeru\/"]}]},{"@type":"ImageObject","inLanguage":"en-US","@id":"https:\/\/tajkertesz.com\/termek\/ribes-grossularia-invicta-egres-magastorzsu-szabadgyokeru\/#primaryimage","url":"https:\/\/tajkertesz.com\/wp-content\/uploads\/2021\/09\/invicta.jpg","contentUrl":"https:\/\/tajkertesz.com\/wp-content\/uploads\/2021\/09\/invicta.jpg","width":798,"height":1000},{"@type":"BreadcrumbList","@id":"https:\/\/tajkertesz.com\/termek\/ribes-grossularia-invicta-egres-magastorzsu-szabadgyokeru\/#breadcrumb","itemListElement":[{"@type":"ListItem","position":1,"name":"Home","item":"https:\/\/tajkertesz.com\/"},{"@type":"ListItem","position":2,"name":"Kezd\u0151lap","item":"https:\/\/tajkertesz.com\/"},{"@type":"ListItem","position":3,"name":"Ribes grossularia &#8216;Invicta&#8217; &#8211; Egres magast\u00f6rzs\u0171 szabadgy\u00f6ker\u0171"}]},{"@type":"WebSite","@id":"https:\/\/tajkertesz.com\/#website","url":"https:\/\/tajkertesz.com\/","name":"T\u00e1j-Kert\u00e9sz 84 Kft.","description":"Kert\u00e9szeti kis- \u00e9s nagykeresked\u00e9s, D\u00edszn\u00f6v\u00e9ny web\u00e1ruh\u00e1z orsz\u00e1gos h\u00e1zhozsz\u00e1ll\u00edt\u00e1ssal!","publisher":{"@id":"https:\/\/tajkertesz.com\/#organization"},"potentialAction":[{"@type":"SearchAction","target":{"@type":"EntryPoint","urlTemplate":"https:\/\/tajkertesz.com\/?s={search_term_string}"},"query-input":{"@type":"PropertyValueSpecification","valueRequired":true,"valueName":"search_term_string"}}],"inLanguage":"en-US"},{"@type":"Organization","@id":"https:\/\/tajkertesz.com\/#organization","name":"T\u00e1j-Kert\u00e9sz 84 Kft.","url":"https:\/\/tajkertesz.com\/","logo":{"@type":"ImageObject","inLanguage":"en-US","@id":"https:\/\/tajkertesz.com\/#\/schema\/logo\/image\/","url":"https:\/\/tajkertesz.com\/wp-content\/uploads\/2018\/02\/logo-2-e1518678052539.png","contentUrl":"https:\/\/tajkertesz.com\/wp-content\/uploads\/2018\/02\/logo-2-e1518678052539.png","width":81,"height":140,"caption":"T\u00e1j-Kert\u00e9sz 84 Kft."},"image":{"@id":"https:\/\/tajkertesz.com\/#\/schema\/logo\/image\/"},"sameAs":["https:\/\/www.facebook.com\/Tajkertesz\/"]}]}},"_links":{"self":[{"href":"https:\/\/tajkertesz.com\/en_US\/wp-json\/wp\/v2\/product\/10378","targetHints":{"allow":["GET"]}}],"collection":[{"href":"https:\/\/tajkertesz.com\/en_US\/wp-json\/wp\/v2\/product"}],"about":[{"href":"https:\/\/tajkertesz.com\/en_US\/wp-json\/wp\/v2\/types\/product"}],"wp:featuredmedia":[{"embeddable":true,"href":"https:\/\/tajkertesz.com\/en_US\/wp-json\/wp\/v2\/media\/9266"}],"wp:attachment":[{"href":"https:\/\/tajkertesz.com\/en_US\/wp-json\/wp\/v2\/media?parent=10378"}],"wp:term":[{"taxonomy":"product_brand","embeddable":true,"href":"https:\/\/tajkertesz.com\/en_US\/wp-json\/wp\/v2\/product_brand?post=10378"},{"taxonomy":"product_cat","embeddable":true,"href":"https:\/\/tajkertesz.com\/en_US\/wp-json\/wp\/v2\/product_cat?post=10378"},{"taxonomy":"product_tag","embeddable":true,"href":"https:\/\/tajkertesz.com\/en_US\/wp-json\/wp\/v2\/product_tag?post=10378"}],"curies":[{"name":"wp","href":"https:\/\/api.w.org\/{rel}","templated":true}]}}