{"id":10385,"date":"2021-10-13T10:41:42","date_gmt":"2021-10-13T10:41:42","guid":{"rendered":"https:\/\/tajkertesz.com\/?post_type=product&#038;p=10385"},"modified":"2026-04-07T09:55:44","modified_gmt":"2026-04-07T09:55:44","slug":"ribes-uva-crispa-hinnomaki-gelb-sarga-egres","status":"publish","type":"product","link":"https:\/\/tajkertesz.com\/en_US\/product\/ribes-uva-crispa-hinnomaki-gelb-sarga-egres\/","title":{"rendered":"Ribes uva-crispa &#8216;Hinnomaki gelb&#8217; &#8211; S\u00e1rga egres"},"content":{"rendered":"<h3>Ribes uva-crispa &#8216;Hinnomaki gelb&#8217; &#8211; S\u00e1rga egres<\/h3>\n<p data-start=\"540\" data-end=\"805\">A Ribes uva-crispa &#8216;Hinnomaki gelb&#8217; &#8211; S\u00e1rga egres egy k\u00fcl\u00f6nleges, f<strong data-start=\"597\" data-end=\"632\">ajta<\/strong>, amelyet <strong data-start=\"642\" data-end=\"671\">\u00e9des \u00edze \u00e9s d\u00edsz\u00edt\u0151\u00e9rt\u00e9ke<\/strong> miatt egyar\u00e1nt kedvelnek a kertbar\u00e1tok. K\u00f6z\u00e9per\u0151s n\u00f6veked\u00e9s\u0171, j\u00f3l bokrosod\u00f3 n\u00f6v\u00e9ny, amely b\u0151term\u0151 \u00e9s <strong data-start=\"773\" data-end=\"804\">betegs\u00e9geknek j\u00f3l ellen\u00e1ll\u00f3<\/strong>.<\/p>\n<p data-start=\"807\" data-end=\"1059\">Bogy\u00f3i k\u00f6zepes m\u00e9ret\u0171ek, <strong data-start=\"832\" data-end=\"856\">vil\u00e1goss\u00e1rga sz\u00edn\u0171ek<\/strong>, enyh\u00e9n sz\u0151r\u00f6sek, \u00edz\u00fck a t\u00f6bbi egresfajt\u00e1hoz k\u00e9pest <strong data-start=\"909\" data-end=\"928\">kev\u00e9sb\u00e9 savany\u00fa<\/strong>, \u00edgy friss fogyaszt\u00e1sra is ide\u00e1lis, k\u00fcl\u00f6n\u00f6sen gyermekek sz\u00e1m\u00e1ra. Emellett kiv\u00e1l\u00f3 lekv\u00e1r, komp\u00f3t, gy\u00fcm\u00f6lcsl\u00e9 \u00e9s s\u00fctem\u00e9ny alapanyag.<\/p>\n<h3 data-start=\"1061\" data-end=\"1080\">F\u0151bb jellemz\u0151k:<\/h3>\n<ul data-start=\"1081\" data-end=\"1517\">\n<li data-start=\"1081\" data-end=\"1124\">\n<p data-start=\"1083\" data-end=\"1124\"><strong data-start=\"1083\" data-end=\"1097\">\u00c9r\u00e9si id\u0151:<\/strong> j\u00fanius v\u00e9ge \u2013 j\u00falius eleje<\/p>\n<\/li>\n<li data-start=\"1125\" data-end=\"1174\">\n<p data-start=\"1127\" data-end=\"1174\"><strong data-start=\"1127\" data-end=\"1138\">Term\u00e9s:<\/strong> k\u00f6zepes m\u00e9ret\u0171, vil\u00e1goss\u00e1rga bogy\u00f3k<\/p>\n<\/li>\n<li data-start=\"1175\" data-end=\"1222\">\n<p data-start=\"1177\" data-end=\"1222\"><strong data-start=\"1177\" data-end=\"1184\">\u00cdz:<\/strong> \u00e9desk\u00e9s, kev\u00e9sb\u00e9 savany\u00fa, gyerekbar\u00e1t<\/p>\n<\/li>\n<li data-start=\"1223\" data-end=\"1257\">\n<p data-start=\"1225\" data-end=\"1257\"><strong data-start=\"1225\" data-end=\"1239\">N\u00f6veked\u00e9s:<\/strong> bokros, k\u00f6z\u00e9per\u0151s<\/p>\n<\/li>\n<li data-start=\"1258\" data-end=\"1294\">\n<p data-start=\"1260\" data-end=\"1294\"><strong data-start=\"1260\" data-end=\"1271\">T\u00fcsk\u00e9k:<\/strong> enyh\u00e9n t\u00fcsk\u00e9s hajt\u00e1sok<\/p>\n<\/li>\n<li data-start=\"1295\" data-end=\"1355\">\n<p data-start=\"1297\" data-end=\"1355\"><strong data-start=\"1297\" data-end=\"1311\">F\u00e9nyig\u00e9ny:<\/strong> napos-f\u00e9l\u00e1rny\u00e9kos helyen fejl\u0151dik legjobban<\/p>\n<\/li>\n<li data-start=\"1356\" data-end=\"1421\">\n<p data-start=\"1358\" data-end=\"1421\"><strong data-start=\"1358\" data-end=\"1368\">Talaj:<\/strong> laza szerkezet\u0171, j\u00f3 v\u00edzelvezet\u00e9s\u0171, t\u00e1panyagd\u00fas talaj<\/p>\n<\/li>\n<li data-start=\"1422\" data-end=\"1466\">\n<p data-start=\"1424\" data-end=\"1466\"><strong data-start=\"1424\" data-end=\"1440\">Fagy\u00e1ll\u00f3s\u00e1g:<\/strong> kiv\u00e1l\u00f3, -25 \u00b0C-ig t\u00e9l\u00e1ll\u00f3<\/p>\n<\/li>\n<li data-start=\"1467\" data-end=\"1517\">\n<p data-start=\"1469\" data-end=\"1517\"><strong data-start=\"1469\" data-end=\"1489\">Betegs\u00e9g\u00e1ll\u00f3s\u00e1g:<\/strong> j\u00f3 lisztharmat-ellen\u00e1ll\u00f3s\u00e1g<\/p>\n<\/li>\n<\/ul>\n<p data-start=\"1519\" data-end=\"1653\">Ez a fajta k\u00fcl\u00f6n\u00f6sen aj\u00e1nlott azoknak, akik egy <strong data-start=\"1567\" data-end=\"1611\">k\u00fcl\u00f6nleges megjelen\u00e9s\u0171, \u00e9des egresfajt\u00e1t<\/strong> keresnek bio vagy h\u00e1zikerti termeszt\u00e9sre.<\/p>\n<h4><strong>\ud83d\udd04 K\u00e9szletinform\u00e1ci\u00f3<\/strong><\/h4>\n<p><strong>K\u00e9szlet\u00fcnk napi szinten v\u00e1ltozik, \u00edgy a webshopban szerepl<\/strong><strong>\u0151<\/strong><strong>\u00a0term\u00e9kek el\u00e9rhet<\/strong><strong>\u0151<\/strong><strong>s\u00e9ge nem garant\u00e1lt.<br \/>\n\ud83d\udcde A megrendel\u00e9s el<\/strong><strong>\u0151<\/strong><strong>tt k\u00e9rj\u00fck, \u00e9rdekl<\/strong><strong>\u0151<\/strong><strong>dj\u00f6n szem\u00e9lyesen, telefonon vagy e-mailben!<\/strong><\/p>\n<h4><strong>\u27a1\ufe0f Kapcsolat:<\/strong><\/h4>\n<ul>\n<li><strong>Weboldal:\u00a0<\/strong><a href=\"https:\/\/tajkertesz.com\/\"><strong>tajkertesz.com<\/strong><\/a><\/li>\n<li><strong>Facebook:\u00a0<\/strong><a href=\"https:\/\/www.facebook.com\/tajkertesz\/\"><strong>facebook.com\/tajkertesz<\/strong><\/a><\/li>\n<li><strong>Telefonsz\u00e1m, e-mail: +36\/20-319-3770\u00a0<\/strong><a href=\"mailto:tajkerteszaruda@gmail.com\"><strong>tajkerteszaruda@gmail.com<\/strong><\/a><\/li>\n<\/ul>\n<h4><strong>\ud83d\ude9a Sz\u00e1ll\u00edt\u00e1si inform\u00e1ci\u00f3k<\/strong><\/h4>\n<p><strong>A megrendelt n\u00f6v\u00e9nyek kisz\u00e1ll\u00edt\u00e1sa az al\u00e1bbi felt\u00e9telek mellett t\u00f6rt\u00e9nik:<\/strong><\/p>\n<h4><strong>\ud83d\udce6 Fut\u00e1rszolg\u00e1latos sz\u00e1ll\u00edt\u00e1s<\/strong><\/h4>\n<ul>\n<li><strong>Maxim\u00e1lis m\u00e9ret: 200 cm (hossz\u00fas\u00e1g)<\/strong><\/li>\n<li><strong>Maxim\u00e1lis s\u00faly: 40 kg<\/strong><\/li>\n<li><strong>Az enn\u00e9l kisebb \u00e9s k\u00f6nnyebb csomagokat fut\u00e1rszolg\u00e1lattal k\u00e9zbes\u00edtj\u00fck a lehet<\/strong><strong>\u0151<\/strong><strong>\u00a0legbiztons\u00e1gosabb csomagol\u00e1sban.<\/strong><\/li>\n<\/ul>\n<h4><strong>\ud83d\udefb Szem\u00e9lyes \u00e1tv\u00e9tel<\/strong><\/h4>\n<ul>\n<li><strong>1173 Budapest, Bakancsos utca 7. sz\u00e1m alatt nyitvatart\u00e1si id<\/strong><strong>\u0151<\/strong><strong>ben szem\u00e9lyesen \u00e1tvehet<\/strong><strong>\u0151<\/strong><strong>\u00a0kert\u00e9szeti \u00e1rud\u00e1nkban.<\/strong><\/li>\n<li><strong>K\u00f6lts\u00e9ghat\u00e9kony megold\u00e1s nagyobb, t\u00f6r\u00e9kenyebb vagy t\u00falm\u00e9retes n\u00f6v\u00e9nyek eset\u00e9n.<\/strong><\/li>\n<\/ul>\n<h4><strong>\ud83d\udcde Nagy m\u00e9ret<\/strong><strong>\u0171<\/strong><strong>\u00a0vagy s\u00faly\u00fa n\u00f6v\u00e9nyek eset\u00e9n<\/strong><\/h4>\n<p><strong>Ha a term\u00e9k:<\/strong><\/p>\n<ul>\n<li><strong>meghaladja a 200 cm hossz\u00fas\u00e1got vagy<\/strong><\/li>\n<li><strong>meghaladja a 40 kg s\u00falyt,<\/strong><\/li>\n<\/ul>\n<p><strong>akkor szem\u00e9lyes \u00e1tv\u00e9tellel vagy egyedi, el<\/strong><strong>\u0151<\/strong><strong>re egyeztetett sz\u00e1ll\u00edt\u00e1si felt\u00e9telek mellett t\u00f6rt\u00e9nik.<br \/>\nK\u00e9rj\u00fck, ilyen esetben rendel\u00e9s el<\/strong><strong>\u0151<\/strong><strong>tt vegye fel vel\u00fcnk a kapcsolatot, hogy a lehet<\/strong><strong>\u0151<\/strong><strong>\u00a0legmegfelel<\/strong><strong>\u0151<\/strong><strong>bb sz\u00e1ll\u00edt\u00e1si megold\u00e1st k\u00edn\u00e1lhassuk.<\/strong><\/p>\n<p><strong>\ud83d\udd14 Fontos: A n\u00f6v\u00e9nyeket minden esetben igyeksz\u00fcnk gondosan, egyes\u00e9vel csomagolni, azonban a sz\u00e1ll\u00edt\u00e1s sor\u00e1n kisebb eszt\u00e9tikai s\u00e9r\u00fcl\u00e9sek el<\/strong><strong>\u0151<\/strong><strong>fordulhatnak (pl. lev\u00e9lhull\u00e1s). Ez nem min<\/strong><strong>\u0151<\/strong><strong>s\u00fcl hib\u00e1s teljes\u00edt\u00e9snek.<\/strong><\/p>\n<h4><strong>\ud83d\udcf7 Fontos tudni a k\u00e9pekr<\/strong><strong>\u0151<\/strong><strong>l<\/strong><\/h4>\n<p><strong>A webshopban szerepl<\/strong><strong>\u0151<\/strong><strong>\u00a0k\u00e9pek illusztr\u00e1ci\u00f3k, a n\u00f6v\u00e9nyek term\u00e9szet\u00fckn\u00e9l fogva egyediek, \u00edgy m\u00e9retben, alakban \u00e9s sz\u00ednben minim\u00e1lis elt\u00e9r\u00e9sek el<\/strong><strong>\u0151<\/strong><strong>fordulhatnak a k\u00e9pen l\u00e1that\u00f3 \u00e9s a val\u00f3s p\u00e9ld\u00e1nyok k\u00f6z\u00f6tt.<\/strong><\/p>\n<h4><strong>\ud83e\uddfe \u00c1rak \u00e9s el\u00e1ll\u00e1si jog<\/strong><\/h4>\n<ul>\n<li><strong>Az \u00e1rak egy darab\u00a0n\u00f6v\u00e9nyre vonatkoznak.<\/strong><\/li>\n<li><strong>\u00c9l<\/strong><strong>\u0151<\/strong><strong>\u00a0n\u00f6v\u00e9nyek rendel\u00e9se eset\u00e9n a 14 napos el\u00e1ll\u00e1s joga nem \u00e9rv\u00e9nyes\u00edthet<\/strong><strong>\u0151<\/strong><strong>, mivel azok romland\u00f3, biol\u00f3giailag \u00e9l<\/strong><strong>\u0151<\/strong><strong>\u00a0term\u00e9keknek min<\/strong><strong>\u0151<\/strong><strong>s\u00fclnek.<br \/>\n\ud83d\udd12 (17\/1999. (II. 5.) Korm. rendelet 5. \u00a7 c) pontja alapj\u00e1n)<\/strong><\/li>\n<\/ul>\n<h4><strong>\ud83d\udce6 K\u00e9zbes\u00edt\u00e9s ut\u00e1ni teend<\/strong><strong>\u0151<\/strong><strong>k<\/strong><\/h4>\n<p><strong>A k\u00e9zbes\u00edt\u00e9st k\u00f6vet<\/strong><strong>\u0151<\/strong><strong>en a csomagot azonnal bontsuk ki, \u00e9s a n\u00f6v\u00e9nyt helyezz\u00fck el megfelel<\/strong><strong>\u0151<\/strong><strong>\u00a0k\u00f6rnyezetben.<br \/>\nFontos: ha a n\u00f6v\u00e9ny nem r\u00e9szes\u00fcl megfelel<\/strong><strong>\u0151<\/strong><strong>\u00a0gondoz\u00e1sban \u00e9s ennek k\u00f6vetkezt\u00e9ben k\u00e1rosodik vagy elpusztul, felel<\/strong><strong>\u0151<\/strong><strong>ss\u00e9get nem tudunk v\u00e1llalni.<\/strong><\/p>\n<p><strong>\u00a0<\/strong><\/p>","protected":false},"excerpt":{"rendered":"<p data-start=\"1701\" data-end=\"1843\">S\u00e1rga bogy\u00f3s, b\u0151term\u0151, \u00e9des egresfajta, kiv\u00e1l\u00f3 friss fogyaszt\u00e1sra \u00e9s feldolgoz\u00e1sra. T\u00e9l\u00e1ll\u00f3, betegs\u00e9geknek ellen\u00e1ll\u00f3, k\u00f6nnyen nevelhet\u0151 bokor.<\/p>\n<p data-start=\"1701\" data-end=\"1843\">M\u00e9rete: 60 cm magas, 2 literes kont\u00e9nerben.<\/p>","protected":false},"featured_media":10386,"template":"","meta":{"_et_pb_use_builder":"","_et_pb_old_content":"","_et_gb_content_width":""},"product_brand":[],"product_cat":[8083],"product_tag":[7055,773,7240,7251,7309,6394,775,7310,7306,5908,7308],"class_list":{"0":"post-10385","1":"product","2":"type-product","3":"status-publish","4":"has-post-thumbnail","6":"product_cat-egres-gyumolcstermok","7":"product_tag-bogyos-gyumolcs","8":"product_tag-egres","9":"product_tag-gyumolcsbokor","10":"product_tag-hazikerti-gyumolcs","11":"product_tag-hinnonmaki-gelb","12":"product_tag-kerti-noveny","13":"product_tag-koszmete","14":"product_tag-kulonleges-egres","15":"product_tag-piszke","16":"product_tag-ribes-uva-crispa","17":"product_tag-sarga-egres","19":"first","20":"instock","21":"shipping-taxable","22":"purchasable","23":"product-type-simple"},"yoast_head":"<!-- This site is optimized with the Yoast SEO plugin v27.5 - https:\/\/yoast.com\/product\/yoast-seo-wordpress\/ -->\n<title>Ribes uva-crispa &#039;Hinnomaki gelb&#039; - S\u00e1rga egres - T\u00e1jkert\u00e9sz<\/title>\n<meta name=\"description\" content=\"Ribes uva-crispa &#039;Hinnomaki gelb&#039; - S\u00e1rga egres S\u00e1rga bogy\u00f3s, \u00e9des \u00edz\u0171 egres bokor. ide\u00e1lis friss fogyaszt\u00e1sra. B\u0151term\u0151, lisztharmat-ellen\u00e1ll\u00f3 fajta.\" \/>\n<meta name=\"robots\" content=\"index, follow, max-snippet:-1, max-image-preview:large, max-video-preview:-1\" \/>\n<link rel=\"canonical\" href=\"https:\/\/tajkertesz.com\/en_US\/product\/ribes-uva-crispa-hinnomaki-gelb-sarga-egres\/\" \/>\n<meta property=\"og:locale\" content=\"en_US\" \/>\n<meta property=\"og:type\" content=\"article\" \/>\n<meta property=\"og:title\" content=\"Ribes uva-crispa &#039;Hinnomaki gelb&#039; - S\u00e1rga egres - T\u00e1jkert\u00e9sz\" \/>\n<meta property=\"og:description\" content=\"Ribes uva-crispa &#039;Hinnomaki gelb&#039; - S\u00e1rga egres S\u00e1rga bogy\u00f3s, \u00e9des \u00edz\u0171 egres bokor. ide\u00e1lis friss fogyaszt\u00e1sra. B\u0151term\u0151, lisztharmat-ellen\u00e1ll\u00f3 fajta.\" \/>\n<meta property=\"og:url\" content=\"https:\/\/tajkertesz.com\/en_US\/product\/ribes-uva-crispa-hinnomaki-gelb-sarga-egres\/\" \/>\n<meta property=\"og:site_name\" content=\"T\u00e1jkert\u00e9sz\" \/>\n<meta property=\"article:publisher\" content=\"https:\/\/www.facebook.com\/Tajkertesz\/\" \/>\n<meta property=\"article:modified_time\" content=\"2026-04-07T09:55:44+00:00\" \/>\n<meta property=\"og:image\" content=\"https:\/\/tajkertesz.com\/wp-content\/uploads\/2021\/10\/koszmete_hinnomaki_gelb.jpg\" \/>\n\t<meta property=\"og:image:width\" content=\"692\" \/>\n\t<meta property=\"og:image:height\" content=\"744\" \/>\n\t<meta property=\"og:image:type\" content=\"image\/jpeg\" \/>\n<meta name=\"twitter:card\" content=\"summary_large_image\" \/>\n<meta name=\"twitter:label1\" content=\"Est. reading time\" \/>\n\t<meta name=\"twitter:data1\" content=\"3 minutes\" \/>\n<script type=\"application\/ld+json\" class=\"yoast-schema-graph\">{\"@context\":\"https:\\\/\\\/schema.org\",\"@graph\":[{\"@type\":\"WebPage\",\"@id\":\"https:\\\/\\\/tajkertesz.com\\\/termek\\\/ribes-uva-crispa-hinnomaki-gelb-sarga-egres\\\/\",\"url\":\"https:\\\/\\\/tajkertesz.com\\\/termek\\\/ribes-uva-crispa-hinnomaki-gelb-sarga-egres\\\/\",\"name\":\"Ribes uva-crispa 'Hinnomaki gelb' - S\u00e1rga egres - T\u00e1jkert\u00e9sz\",\"isPartOf\":{\"@id\":\"https:\\\/\\\/tajkertesz.com\\\/#website\"},\"primaryImageOfPage\":{\"@id\":\"https:\\\/\\\/tajkertesz.com\\\/termek\\\/ribes-uva-crispa-hinnomaki-gelb-sarga-egres\\\/#primaryimage\"},\"image\":{\"@id\":\"https:\\\/\\\/tajkertesz.com\\\/termek\\\/ribes-uva-crispa-hinnomaki-gelb-sarga-egres\\\/#primaryimage\"},\"thumbnailUrl\":\"https:\\\/\\\/tajkertesz.com\\\/wp-content\\\/uploads\\\/2021\\\/10\\\/koszmete_hinnomaki_gelb.jpg\",\"datePublished\":\"2021-10-13T10:41:42+00:00\",\"dateModified\":\"2026-04-07T09:55:44+00:00\",\"description\":\"Ribes uva-crispa 'Hinnomaki gelb' - S\u00e1rga egres S\u00e1rga bogy\u00f3s, \u00e9des \u00edz\u0171 egres bokor. ide\u00e1lis friss fogyaszt\u00e1sra. B\u0151term\u0151, lisztharmat-ellen\u00e1ll\u00f3 fajta.\",\"breadcrumb\":{\"@id\":\"https:\\\/\\\/tajkertesz.com\\\/termek\\\/ribes-uva-crispa-hinnomaki-gelb-sarga-egres\\\/#breadcrumb\"},\"inLanguage\":\"en-US\",\"potentialAction\":[{\"@type\":\"ReadAction\",\"target\":[\"https:\\\/\\\/tajkertesz.com\\\/termek\\\/ribes-uva-crispa-hinnomaki-gelb-sarga-egres\\\/\"]}]},{\"@type\":\"ImageObject\",\"inLanguage\":\"en-US\",\"@id\":\"https:\\\/\\\/tajkertesz.com\\\/termek\\\/ribes-uva-crispa-hinnomaki-gelb-sarga-egres\\\/#primaryimage\",\"url\":\"https:\\\/\\\/tajkertesz.com\\\/wp-content\\\/uploads\\\/2021\\\/10\\\/koszmete_hinnomaki_gelb.jpg\",\"contentUrl\":\"https:\\\/\\\/tajkertesz.com\\\/wp-content\\\/uploads\\\/2021\\\/10\\\/koszmete_hinnomaki_gelb.jpg\",\"width\":692,\"height\":744,\"caption\":\"Ribes uva-crispa 'Hinnomaki gelb' - S\u00e1rga egres\"},{\"@type\":\"BreadcrumbList\",\"@id\":\"https:\\\/\\\/tajkertesz.com\\\/termek\\\/ribes-uva-crispa-hinnomaki-gelb-sarga-egres\\\/#breadcrumb\",\"itemListElement\":[{\"@type\":\"ListItem\",\"position\":1,\"name\":\"Home\",\"item\":\"https:\\\/\\\/tajkertesz.com\\\/\"},{\"@type\":\"ListItem\",\"position\":2,\"name\":\"Kezd\u0151lap\",\"item\":\"https:\\\/\\\/tajkertesz.com\\\/\"},{\"@type\":\"ListItem\",\"position\":3,\"name\":\"Ribes uva-crispa &#8216;Hinnomaki gelb&#8217; &#8211; S\u00e1rga egres\"}]},{\"@type\":\"WebSite\",\"@id\":\"https:\\\/\\\/tajkertesz.com\\\/#website\",\"url\":\"https:\\\/\\\/tajkertesz.com\\\/\",\"name\":\"T\u00e1j-Kert\u00e9sz 84 Kft.\",\"description\":\"Kert\u00e9szeti kis- \u00e9s nagykeresked\u00e9s, D\u00edszn\u00f6v\u00e9ny web\u00e1ruh\u00e1z orsz\u00e1gos h\u00e1zhozsz\u00e1ll\u00edt\u00e1ssal!\",\"publisher\":{\"@id\":\"https:\\\/\\\/tajkertesz.com\\\/#organization\"},\"potentialAction\":[{\"@type\":\"SearchAction\",\"target\":{\"@type\":\"EntryPoint\",\"urlTemplate\":\"https:\\\/\\\/tajkertesz.com\\\/?s={search_term_string}\"},\"query-input\":{\"@type\":\"PropertyValueSpecification\",\"valueRequired\":true,\"valueName\":\"search_term_string\"}}],\"inLanguage\":\"en-US\"},{\"@type\":\"Organization\",\"@id\":\"https:\\\/\\\/tajkertesz.com\\\/#organization\",\"name\":\"T\u00e1j-Kert\u00e9sz 84 Kft.\",\"url\":\"https:\\\/\\\/tajkertesz.com\\\/\",\"logo\":{\"@type\":\"ImageObject\",\"inLanguage\":\"en-US\",\"@id\":\"https:\\\/\\\/tajkertesz.com\\\/#\\\/schema\\\/logo\\\/image\\\/\",\"url\":\"https:\\\/\\\/tajkertesz.com\\\/wp-content\\\/uploads\\\/2018\\\/02\\\/logo-2-e1518678052539.png\",\"contentUrl\":\"https:\\\/\\\/tajkertesz.com\\\/wp-content\\\/uploads\\\/2018\\\/02\\\/logo-2-e1518678052539.png\",\"width\":81,\"height\":140,\"caption\":\"T\u00e1j-Kert\u00e9sz 84 Kft.\"},\"image\":{\"@id\":\"https:\\\/\\\/tajkertesz.com\\\/#\\\/schema\\\/logo\\\/image\\\/\"},\"sameAs\":[\"https:\\\/\\\/www.facebook.com\\\/Tajkertesz\\\/\"]}]}<\/script>\n<!-- \/ Yoast SEO plugin. -->","yoast_head_json":{"title":"Ribes uva-crispa 'Hinnomaki gelb' - S\u00e1rga egres - T\u00e1jkert\u00e9sz","description":"Ribes uva-crispa 'Hinnomaki gelb' - S\u00e1rga egres S\u00e1rga bogy\u00f3s, \u00e9des \u00edz\u0171 egres bokor. ide\u00e1lis friss fogyaszt\u00e1sra. B\u0151term\u0151, lisztharmat-ellen\u00e1ll\u00f3 fajta.","robots":{"index":"index","follow":"follow","max-snippet":"max-snippet:-1","max-image-preview":"max-image-preview:large","max-video-preview":"max-video-preview:-1"},"canonical":"https:\/\/tajkertesz.com\/en_US\/product\/ribes-uva-crispa-hinnomaki-gelb-sarga-egres\/","og_locale":"en_US","og_type":"article","og_title":"Ribes uva-crispa 'Hinnomaki gelb' - S\u00e1rga egres - T\u00e1jkert\u00e9sz","og_description":"Ribes uva-crispa 'Hinnomaki gelb' - S\u00e1rga egres S\u00e1rga bogy\u00f3s, \u00e9des \u00edz\u0171 egres bokor. ide\u00e1lis friss fogyaszt\u00e1sra. B\u0151term\u0151, lisztharmat-ellen\u00e1ll\u00f3 fajta.","og_url":"https:\/\/tajkertesz.com\/en_US\/product\/ribes-uva-crispa-hinnomaki-gelb-sarga-egres\/","og_site_name":"T\u00e1jkert\u00e9sz","article_publisher":"https:\/\/www.facebook.com\/Tajkertesz\/","article_modified_time":"2026-04-07T09:55:44+00:00","og_image":[{"width":692,"height":744,"url":"https:\/\/tajkertesz.com\/wp-content\/uploads\/2021\/10\/koszmete_hinnomaki_gelb.jpg","type":"image\/jpeg"}],"twitter_card":"summary_large_image","twitter_misc":{"Est. reading time":"3 minutes"},"schema":{"@context":"https:\/\/schema.org","@graph":[{"@type":"WebPage","@id":"https:\/\/tajkertesz.com\/termek\/ribes-uva-crispa-hinnomaki-gelb-sarga-egres\/","url":"https:\/\/tajkertesz.com\/termek\/ribes-uva-crispa-hinnomaki-gelb-sarga-egres\/","name":"Ribes uva-crispa 'Hinnomaki gelb' - S\u00e1rga egres - T\u00e1jkert\u00e9sz","isPartOf":{"@id":"https:\/\/tajkertesz.com\/#website"},"primaryImageOfPage":{"@id":"https:\/\/tajkertesz.com\/termek\/ribes-uva-crispa-hinnomaki-gelb-sarga-egres\/#primaryimage"},"image":{"@id":"https:\/\/tajkertesz.com\/termek\/ribes-uva-crispa-hinnomaki-gelb-sarga-egres\/#primaryimage"},"thumbnailUrl":"https:\/\/tajkertesz.com\/wp-content\/uploads\/2021\/10\/koszmete_hinnomaki_gelb.jpg","datePublished":"2021-10-13T10:41:42+00:00","dateModified":"2026-04-07T09:55:44+00:00","description":"Ribes uva-crispa 'Hinnomaki gelb' - S\u00e1rga egres S\u00e1rga bogy\u00f3s, \u00e9des \u00edz\u0171 egres bokor. ide\u00e1lis friss fogyaszt\u00e1sra. B\u0151term\u0151, lisztharmat-ellen\u00e1ll\u00f3 fajta.","breadcrumb":{"@id":"https:\/\/tajkertesz.com\/termek\/ribes-uva-crispa-hinnomaki-gelb-sarga-egres\/#breadcrumb"},"inLanguage":"en-US","potentialAction":[{"@type":"ReadAction","target":["https:\/\/tajkertesz.com\/termek\/ribes-uva-crispa-hinnomaki-gelb-sarga-egres\/"]}]},{"@type":"ImageObject","inLanguage":"en-US","@id":"https:\/\/tajkertesz.com\/termek\/ribes-uva-crispa-hinnomaki-gelb-sarga-egres\/#primaryimage","url":"https:\/\/tajkertesz.com\/wp-content\/uploads\/2021\/10\/koszmete_hinnomaki_gelb.jpg","contentUrl":"https:\/\/tajkertesz.com\/wp-content\/uploads\/2021\/10\/koszmete_hinnomaki_gelb.jpg","width":692,"height":744,"caption":"Ribes uva-crispa 'Hinnomaki gelb' - S\u00e1rga egres"},{"@type":"BreadcrumbList","@id":"https:\/\/tajkertesz.com\/termek\/ribes-uva-crispa-hinnomaki-gelb-sarga-egres\/#breadcrumb","itemListElement":[{"@type":"ListItem","position":1,"name":"Home","item":"https:\/\/tajkertesz.com\/"},{"@type":"ListItem","position":2,"name":"Kezd\u0151lap","item":"https:\/\/tajkertesz.com\/"},{"@type":"ListItem","position":3,"name":"Ribes uva-crispa &#8216;Hinnomaki gelb&#8217; &#8211; S\u00e1rga egres"}]},{"@type":"WebSite","@id":"https:\/\/tajkertesz.com\/#website","url":"https:\/\/tajkertesz.com\/","name":"T\u00e1j-Kert\u00e9sz 84 Kft.","description":"Kert\u00e9szeti kis- \u00e9s nagykeresked\u00e9s, D\u00edszn\u00f6v\u00e9ny web\u00e1ruh\u00e1z orsz\u00e1gos h\u00e1zhozsz\u00e1ll\u00edt\u00e1ssal!","publisher":{"@id":"https:\/\/tajkertesz.com\/#organization"},"potentialAction":[{"@type":"SearchAction","target":{"@type":"EntryPoint","urlTemplate":"https:\/\/tajkertesz.com\/?s={search_term_string}"},"query-input":{"@type":"PropertyValueSpecification","valueRequired":true,"valueName":"search_term_string"}}],"inLanguage":"en-US"},{"@type":"Organization","@id":"https:\/\/tajkertesz.com\/#organization","name":"T\u00e1j-Kert\u00e9sz 84 Kft.","url":"https:\/\/tajkertesz.com\/","logo":{"@type":"ImageObject","inLanguage":"en-US","@id":"https:\/\/tajkertesz.com\/#\/schema\/logo\/image\/","url":"https:\/\/tajkertesz.com\/wp-content\/uploads\/2018\/02\/logo-2-e1518678052539.png","contentUrl":"https:\/\/tajkertesz.com\/wp-content\/uploads\/2018\/02\/logo-2-e1518678052539.png","width":81,"height":140,"caption":"T\u00e1j-Kert\u00e9sz 84 Kft."},"image":{"@id":"https:\/\/tajkertesz.com\/#\/schema\/logo\/image\/"},"sameAs":["https:\/\/www.facebook.com\/Tajkertesz\/"]}]}},"_links":{"self":[{"href":"https:\/\/tajkertesz.com\/en_US\/wp-json\/wp\/v2\/product\/10385","targetHints":{"allow":["GET"]}}],"collection":[{"href":"https:\/\/tajkertesz.com\/en_US\/wp-json\/wp\/v2\/product"}],"about":[{"href":"https:\/\/tajkertesz.com\/en_US\/wp-json\/wp\/v2\/types\/product"}],"wp:featuredmedia":[{"embeddable":true,"href":"https:\/\/tajkertesz.com\/en_US\/wp-json\/wp\/v2\/media\/10386"}],"wp:attachment":[{"href":"https:\/\/tajkertesz.com\/en_US\/wp-json\/wp\/v2\/media?parent=10385"}],"wp:term":[{"taxonomy":"product_brand","embeddable":true,"href":"https:\/\/tajkertesz.com\/en_US\/wp-json\/wp\/v2\/product_brand?post=10385"},{"taxonomy":"product_cat","embeddable":true,"href":"https:\/\/tajkertesz.com\/en_US\/wp-json\/wp\/v2\/product_cat?post=10385"},{"taxonomy":"product_tag","embeddable":true,"href":"https:\/\/tajkertesz.com\/en_US\/wp-json\/wp\/v2\/product_tag?post=10385"}],"curies":[{"name":"wp","href":"https:\/\/api.w.org\/{rel}","templated":true}]}}