{"id":1039,"date":"2020-02-24T09:27:48","date_gmt":"2020-02-24T09:27:48","guid":{"rendered":"https:\/\/tajkertesz.com\/?post_type=product&#038;p=1039"},"modified":"2023-12-16T11:58:55","modified_gmt":"2023-12-16T11:58:55","slug":"sorbus-arnoldiana-golden-wonder-sarga-termesu-berkenye","status":"publish","type":"product","link":"https:\/\/tajkertesz.com\/en_US\/product\/sorbus-arnoldiana-golden-wonder-sarga-termesu-berkenye\/","title":{"rendered":"Sorbus arnoldiana &#8216;Golden Wonder&#8217; , S\u00e1rga term\u00e9s\u0171 berkenye"},"content":{"rendered":"<p>Sorbus arnoldiana &#8216;Golden Wonder&#8217; , S\u00e1rga term\u00e9s\u0171 berkenye<\/p>\n<p>Sorbus arnoldiana &#8216;Golden Wonder&#8217; , S\u00e1rga term\u00e9s\u0171 berkenye talajjal szemben nem ig\u00e9nyes, v\u00e1rosi kl\u00edm\u00e1t j\u00f3l t\u0171ri. Kisebb kertek szoliter f\u00e1ja vagy sz\u0171k utc\u00e1kban, l\u00e9gvezet\u00e9kek alatti f\u00e1s\u00edt\u00e1sra alkalmas.<\/p>\n<p>&nbsp;<\/p>\n<p><b>N\u00f6veked\u00e9s, alak:<\/b> A mad\u00e1rberkenye alakk\u00f6rbe tartoz\u00f3 fajta. 7-10 m magas, 5-6 m sz\u00e9les kis fa, vastag hajt\u00e1sokkal, sz\u00e9les k\u00fap alak\u00fa koron\u00e1val. \u00c1grendszere fel\u00e1ll\u00f3, fiatalon gyors n\u00f6v\u00e9s\u0171, k\u00e9s\u0151bb \u00e9vente kb. 20 cm-t n\u0151.<br \/>\n<b>Lev\u00e9l:<\/b>\u00a0P\u00e1ratlanul sz\u00e1rnyasan \u00f6sszetett, 11-15 lev\u00e9lk\u00e9b\u0151l \u00e1ll\u00f3, a lev\u00e9lk\u00e9k 6-9 cm hossz\u00faak,2-3 cm sz\u00e9lesek, f\u0171r\u00e9szes sz\u00e9l\u0171ek, z\u00f6ldek. Lev\u00e9lnyele v\u00f6r\u00f6sl\u0151 barn\u00e1s, \u0151szi lombsz\u00edne a f\u00e9nyl\u0151 s\u00e1rg\u00e1t\u00f3l a narancsv\u00f6r\u00f6sig terjed.<br \/>\n<b>Vir\u00e1g:<\/b>\u00a0Feh\u00e9r, 15 cm \u00e1tm\u00e9r\u0151j\u0171 erny\u0151 vir\u00e1gzat, m\u00e1jus-j\u00faniusban ny\u00edlik.<br \/>\n<b>Term\u00e9s:<\/b> S\u00e1rga-narancss\u00e1rga-okkers\u00e1rga, kiss\u00e9 megny\u00falt, a mad\u00e1rberkeny\u00e9n\u00e9l nagyobb 1-1,5 cm hossz\u00fa,\u00a0 kb.1 cm \u00e1tm\u00e9r\u0151j\u0171, augusztusban \u00e9r\u0151.<br \/>\n<b>Term\u0151hely, ig\u00e9ny:<\/b>\u00a0F\u00e9nyig\u00e9nyes. T\u00e1panyagban k\u00f6zepesen ell\u00e1tott, enyh\u00e9n savas, humuszos talajokat kedveli, de a sz\u00e1razabb, homokos, kev\u00e9s meszet tartalmaz\u00f3 talajokat is elviseli. V\u00e1rost\u0171r\u0151, fagy\u00e1ll\u00f3.<br \/>\n<b>Felhaszn\u00e1l\u00e1s:<\/b>\u00a0Egyedileg vagy csoportosan, kertbe, parkba esetleg nagyobb ed\u00e9nybe \u00fcltess\u00fck. Sorf\u00e1nak is alkalmas.<\/p>\n<p><a href=\"https:\/\/en.wikipedia.org\/wiki\/Sorbus\">https:\/\/tajkertesz.com\/<\/a><\/p>\n<p><a href=\"https:\/\/en.wikipedia.org\/wiki\/Sorbus\">https:\/\/en.wikipedia.org\/wiki\/Sorbus<\/a><\/p>\n<h2><\/h2>\n<p><span style=\"color: #ffffff;\">F\u0151leg d\u00edszn\u00f6v\u00e9nyk\u00e9nt igen kedvelt, mert nemcsak mutat\u00f3s, de a l\u00e9gk\u00f6ri szennyez\u0151d\u00e9seket is elviseli.<\/span><\/p>\n<p><span style=\"color: #ffffff;\">Luc- \u00e9s jegenyefeny\u0151 csemete \u00fcltetv\u00e9nyekn\u00e9l gyakran \u00fcltetik, mert ig\u00e9nytelen, megn\u0151 sov\u00e1ny, vagy sz\u00e1raz talajon is, gyorsan n\u0151, elnyomja a magas, k\u00f3r\u00f3s v\u00e1g\u00e1sn\u00f6v\u00e9nyzetet.<\/span><\/p>\n<p><span style=\"color: #ffffff;\">Haszon erd\u0151kben t\u00e9len b\u0151 avarral takarja be a talajt, a levelek gyorsan \u00e9s alaposan lebomlanak, term\u00e9keny humusszal l\u00e1tva el a n\u00f6v\u00e9nyeket.<\/span><\/p>\n<p><span style=\"color: #ffffff;\">Alkalmas lavin\u00e1k t\u00f6rmel\u00e9kk\u00fapj\u00e1nak megk\u00f6t\u00e9s\u00e9re, mivel gy\u00f6k\u00e9rzete m\u00e9lyre hatol\u00f3 \u00e9s messzire sz\u00e9t\u00e1gaz\u00f3.<sup id=\"cite_ref-1\" class=\"reference\"><a style=\"color: #ffffff;\" href=\"https:\/\/hu.wikipedia.org\/wiki\/Berkenye_(n%C3%B6v%C3%A9nynemzets%C3%A9g)#cite_note-1\">[1]<\/a><\/sup><\/span><\/p>\n<p><span style=\"color: #ffffff;\">Leveleib\u0151l f\u0151z\u00f6tt te\u00e1j\u00e1t csersavtartalma miatt b\u00e9l- \u00e9s gyomorb\u00e1ntalmakra alkalmazz\u00e1k.<\/span><\/p>\n<p><span style=\"color: #ffffff;\">Bogy\u00f3ib\u00f3l p\u00e1link\u00e1t, lik\u0151rt \u00e9s ecetet k\u00e9sz\u00edtenek.<\/span><\/p>\n<p><span style=\"color: #ffffff;\">F\u00e1ja j\u00f3l megmunk\u00e1lhat\u00f3, faraghat\u00f3, eszterg\u00e1lyozhat\u00f3 \u00e9s f\u00e9nyezhet\u0151.<\/span><\/p>\n<p><span style=\"color: #ffffff;\">Lombja j\u00f3 takarm\u00e1ny juhok \u00e9s kecsk\u00e9k sz\u00e1m\u00e1ra.<\/span><\/p>\n<p><span style=\"color: #ffffff;\">\u00c1llatgy\u00f3gy\u00e1szatban bogy\u00f3it kecske- \u00e9s sert\u00e9sorb\u00e1nc ellen haszn\u00e1lj\u00e1k.<sup id=\"cite_ref-2\" class=\"reference\"><a style=\"color: #ffffff;\" href=\"https:\/\/hu.wikipedia.org\/wiki\/Berkenye_(n%C3%B6v%C3%A9nynemzets%C3%A9g)#cite_note-2\">[<\/a><\/sup><\/span><\/p>\n<p>&nbsp;<\/p>\n<p>&nbsp;<\/p>\n<p>&nbsp;<\/p>\n<p>&nbsp;<\/p>\n<p>&nbsp;<\/p>\n","protected":false},"excerpt":{"rendered":"<p>Sorbus arnoldiana &#8216;Golden Wonder&#8217; , S\u00e1rga term\u00e9s\u0171 berkenye talajjal szemben nem ig\u00e9nyes, v\u00e1rosi kl\u00edm\u00e1t j\u00f3l t\u0171ri. Kisebb kertek szoliter f\u00e1ja vagy sz\u0171k utc\u00e1kban, l\u00e9gvezet\u00e9kek alatti f\u00e1s\u00edt\u00e1sra alkalmas.<\/p>","protected":false},"featured_media":1040,"template":"","meta":{"_et_pb_use_builder":"","_et_pb_old_content":"","_et_gb_content_width":""},"product_brand":[],"product_cat":[28],"product_tag":[167,168,166],"class_list":{"0":"post-1039","1":"product","2":"type-product","3":"status-publish","4":"has-post-thumbnail","6":"product_cat-diszfak","7":"product_tag-berkenye","8":"product_tag-sarga","9":"product_tag-sorbus-arnoldiana-golden-wonder","11":"first","12":"outofstock","13":"shipping-taxable","14":"purchasable","15":"product-type-simple"},"yoast_head":"<!-- This site is optimized with the Yoast SEO plugin v27.5 - https:\/\/yoast.com\/product\/yoast-seo-wordpress\/ -->\n<title>Sorbus arnoldiana &#039;Golden Wonder&#039; , S\u00e1rga term\u00e9s\u0171 berkenye - T\u00e1jkert\u00e9sz<\/title>\n<meta name=\"description\" content=\"Sorbus arnoldiana &#039;Golden Wonder&#039; , S\u00e1rga term\u00e9s\u0171 berkenye talajjal szemben nem ig\u00e9nyes, v\u00e1rosi kl\u00edm\u00e1t j\u00f3l t\u0171ri. Kisebb kertek szoliter f\u00e1ja.\" \/>\n<meta name=\"robots\" content=\"index, follow, max-snippet:-1, max-image-preview:large, max-video-preview:-1\" \/>\n<link rel=\"canonical\" href=\"https:\/\/tajkertesz.com\/en_US\/product\/sorbus-arnoldiana-golden-wonder-sarga-termesu-berkenye\/\" \/>\n<meta property=\"og:locale\" content=\"en_US\" \/>\n<meta property=\"og:type\" content=\"article\" \/>\n<meta property=\"og:title\" content=\"Sorbus arnoldiana &#039;Golden Wonder&#039; , S\u00e1rga term\u00e9s\u0171 berkenye - T\u00e1jkert\u00e9sz\" \/>\n<meta property=\"og:description\" content=\"Sorbus arnoldiana &#039;Golden Wonder&#039; , S\u00e1rga term\u00e9s\u0171 berkenye talajjal szemben nem ig\u00e9nyes, v\u00e1rosi kl\u00edm\u00e1t j\u00f3l t\u0171ri. Kisebb kertek szoliter f\u00e1ja.\" \/>\n<meta property=\"og:url\" content=\"https:\/\/tajkertesz.com\/en_US\/product\/sorbus-arnoldiana-golden-wonder-sarga-termesu-berkenye\/\" \/>\n<meta property=\"og:site_name\" content=\"T\u00e1jkert\u00e9sz\" \/>\n<meta property=\"article:publisher\" content=\"https:\/\/www.facebook.com\/Tajkertesz\/\" \/>\n<meta property=\"article:modified_time\" content=\"2023-12-16T11:58:55+00:00\" \/>\n<meta property=\"og:image\" content=\"https:\/\/tajkertesz.com\/wp-content\/uploads\/2020\/02\/Sorbus-arnoldiana-Golden-Wonder.jpg4_.jpg\" \/>\n\t<meta property=\"og:image:width\" content=\"500\" \/>\n\t<meta property=\"og:image:height\" content=\"318\" \/>\n\t<meta property=\"og:image:type\" content=\"image\/jpeg\" \/>\n<meta name=\"twitter:card\" content=\"summary_large_image\" \/>\n<meta name=\"twitter:label1\" content=\"Est. reading time\" \/>\n\t<meta name=\"twitter:data1\" content=\"2 minutes\" \/>\n<script type=\"application\/ld+json\" class=\"yoast-schema-graph\">{\"@context\":\"https:\\\/\\\/schema.org\",\"@graph\":[{\"@type\":\"WebPage\",\"@id\":\"https:\\\/\\\/tajkertesz.com\\\/termek\\\/sorbus-arnoldiana-golden-wonder-sarga-termesu-berkenye\\\/\",\"url\":\"https:\\\/\\\/tajkertesz.com\\\/termek\\\/sorbus-arnoldiana-golden-wonder-sarga-termesu-berkenye\\\/\",\"name\":\"Sorbus arnoldiana 'Golden Wonder' , S\u00e1rga term\u00e9s\u0171 berkenye - T\u00e1jkert\u00e9sz\",\"isPartOf\":{\"@id\":\"https:\\\/\\\/tajkertesz.com\\\/#website\"},\"primaryImageOfPage\":{\"@id\":\"https:\\\/\\\/tajkertesz.com\\\/termek\\\/sorbus-arnoldiana-golden-wonder-sarga-termesu-berkenye\\\/#primaryimage\"},\"image\":{\"@id\":\"https:\\\/\\\/tajkertesz.com\\\/termek\\\/sorbus-arnoldiana-golden-wonder-sarga-termesu-berkenye\\\/#primaryimage\"},\"thumbnailUrl\":\"https:\\\/\\\/tajkertesz.com\\\/wp-content\\\/uploads\\\/2020\\\/02\\\/Sorbus-arnoldiana-Golden-Wonder.jpg4_.jpg\",\"datePublished\":\"2020-02-24T09:27:48+00:00\",\"dateModified\":\"2023-12-16T11:58:55+00:00\",\"description\":\"Sorbus arnoldiana 'Golden Wonder' , S\u00e1rga term\u00e9s\u0171 berkenye talajjal szemben nem ig\u00e9nyes, v\u00e1rosi kl\u00edm\u00e1t j\u00f3l t\u0171ri. Kisebb kertek szoliter f\u00e1ja.\",\"breadcrumb\":{\"@id\":\"https:\\\/\\\/tajkertesz.com\\\/termek\\\/sorbus-arnoldiana-golden-wonder-sarga-termesu-berkenye\\\/#breadcrumb\"},\"inLanguage\":\"en-US\",\"potentialAction\":[{\"@type\":\"ReadAction\",\"target\":[\"https:\\\/\\\/tajkertesz.com\\\/termek\\\/sorbus-arnoldiana-golden-wonder-sarga-termesu-berkenye\\\/\"]}]},{\"@type\":\"ImageObject\",\"inLanguage\":\"en-US\",\"@id\":\"https:\\\/\\\/tajkertesz.com\\\/termek\\\/sorbus-arnoldiana-golden-wonder-sarga-termesu-berkenye\\\/#primaryimage\",\"url\":\"https:\\\/\\\/tajkertesz.com\\\/wp-content\\\/uploads\\\/2020\\\/02\\\/Sorbus-arnoldiana-Golden-Wonder.jpg4_.jpg\",\"contentUrl\":\"https:\\\/\\\/tajkertesz.com\\\/wp-content\\\/uploads\\\/2020\\\/02\\\/Sorbus-arnoldiana-Golden-Wonder.jpg4_.jpg\",\"width\":500,\"height\":318},{\"@type\":\"BreadcrumbList\",\"@id\":\"https:\\\/\\\/tajkertesz.com\\\/termek\\\/sorbus-arnoldiana-golden-wonder-sarga-termesu-berkenye\\\/#breadcrumb\",\"itemListElement\":[{\"@type\":\"ListItem\",\"position\":1,\"name\":\"Home\",\"item\":\"https:\\\/\\\/tajkertesz.com\\\/\"},{\"@type\":\"ListItem\",\"position\":2,\"name\":\"Kezd\u0151lap\",\"item\":\"https:\\\/\\\/tajkertesz.com\\\/\"},{\"@type\":\"ListItem\",\"position\":3,\"name\":\"Sorbus arnoldiana &#8216;Golden Wonder&#8217; , S\u00e1rga term\u00e9s\u0171 berkenye\"}]},{\"@type\":\"WebSite\",\"@id\":\"https:\\\/\\\/tajkertesz.com\\\/#website\",\"url\":\"https:\\\/\\\/tajkertesz.com\\\/\",\"name\":\"T\u00e1j-Kert\u00e9sz 84 Kft.\",\"description\":\"Kert\u00e9szeti kis- \u00e9s nagykeresked\u00e9s, D\u00edszn\u00f6v\u00e9ny web\u00e1ruh\u00e1z orsz\u00e1gos h\u00e1zhozsz\u00e1ll\u00edt\u00e1ssal!\",\"publisher\":{\"@id\":\"https:\\\/\\\/tajkertesz.com\\\/#organization\"},\"potentialAction\":[{\"@type\":\"SearchAction\",\"target\":{\"@type\":\"EntryPoint\",\"urlTemplate\":\"https:\\\/\\\/tajkertesz.com\\\/?s={search_term_string}\"},\"query-input\":{\"@type\":\"PropertyValueSpecification\",\"valueRequired\":true,\"valueName\":\"search_term_string\"}}],\"inLanguage\":\"en-US\"},{\"@type\":\"Organization\",\"@id\":\"https:\\\/\\\/tajkertesz.com\\\/#organization\",\"name\":\"T\u00e1j-Kert\u00e9sz 84 Kft.\",\"url\":\"https:\\\/\\\/tajkertesz.com\\\/\",\"logo\":{\"@type\":\"ImageObject\",\"inLanguage\":\"en-US\",\"@id\":\"https:\\\/\\\/tajkertesz.com\\\/#\\\/schema\\\/logo\\\/image\\\/\",\"url\":\"https:\\\/\\\/tajkertesz.com\\\/wp-content\\\/uploads\\\/2018\\\/02\\\/logo-2-e1518678052539.png\",\"contentUrl\":\"https:\\\/\\\/tajkertesz.com\\\/wp-content\\\/uploads\\\/2018\\\/02\\\/logo-2-e1518678052539.png\",\"width\":81,\"height\":140,\"caption\":\"T\u00e1j-Kert\u00e9sz 84 Kft.\"},\"image\":{\"@id\":\"https:\\\/\\\/tajkertesz.com\\\/#\\\/schema\\\/logo\\\/image\\\/\"},\"sameAs\":[\"https:\\\/\\\/www.facebook.com\\\/Tajkertesz\\\/\"]}]}<\/script>\n<!-- \/ Yoast SEO plugin. -->","yoast_head_json":{"title":"Sorbus arnoldiana 'Golden Wonder' , S\u00e1rga term\u00e9s\u0171 berkenye - T\u00e1jkert\u00e9sz","description":"Sorbus arnoldiana 'Golden Wonder' , S\u00e1rga term\u00e9s\u0171 berkenye talajjal szemben nem ig\u00e9nyes, v\u00e1rosi kl\u00edm\u00e1t j\u00f3l t\u0171ri. Kisebb kertek szoliter f\u00e1ja.","robots":{"index":"index","follow":"follow","max-snippet":"max-snippet:-1","max-image-preview":"max-image-preview:large","max-video-preview":"max-video-preview:-1"},"canonical":"https:\/\/tajkertesz.com\/en_US\/product\/sorbus-arnoldiana-golden-wonder-sarga-termesu-berkenye\/","og_locale":"en_US","og_type":"article","og_title":"Sorbus arnoldiana 'Golden Wonder' , S\u00e1rga term\u00e9s\u0171 berkenye - T\u00e1jkert\u00e9sz","og_description":"Sorbus arnoldiana 'Golden Wonder' , S\u00e1rga term\u00e9s\u0171 berkenye talajjal szemben nem ig\u00e9nyes, v\u00e1rosi kl\u00edm\u00e1t j\u00f3l t\u0171ri. Kisebb kertek szoliter f\u00e1ja.","og_url":"https:\/\/tajkertesz.com\/en_US\/product\/sorbus-arnoldiana-golden-wonder-sarga-termesu-berkenye\/","og_site_name":"T\u00e1jkert\u00e9sz","article_publisher":"https:\/\/www.facebook.com\/Tajkertesz\/","article_modified_time":"2023-12-16T11:58:55+00:00","og_image":[{"width":500,"height":318,"url":"https:\/\/tajkertesz.com\/wp-content\/uploads\/2020\/02\/Sorbus-arnoldiana-Golden-Wonder.jpg4_.jpg","type":"image\/jpeg"}],"twitter_card":"summary_large_image","twitter_misc":{"Est. reading time":"2 minutes"},"schema":{"@context":"https:\/\/schema.org","@graph":[{"@type":"WebPage","@id":"https:\/\/tajkertesz.com\/termek\/sorbus-arnoldiana-golden-wonder-sarga-termesu-berkenye\/","url":"https:\/\/tajkertesz.com\/termek\/sorbus-arnoldiana-golden-wonder-sarga-termesu-berkenye\/","name":"Sorbus arnoldiana 'Golden Wonder' , S\u00e1rga term\u00e9s\u0171 berkenye - T\u00e1jkert\u00e9sz","isPartOf":{"@id":"https:\/\/tajkertesz.com\/#website"},"primaryImageOfPage":{"@id":"https:\/\/tajkertesz.com\/termek\/sorbus-arnoldiana-golden-wonder-sarga-termesu-berkenye\/#primaryimage"},"image":{"@id":"https:\/\/tajkertesz.com\/termek\/sorbus-arnoldiana-golden-wonder-sarga-termesu-berkenye\/#primaryimage"},"thumbnailUrl":"https:\/\/tajkertesz.com\/wp-content\/uploads\/2020\/02\/Sorbus-arnoldiana-Golden-Wonder.jpg4_.jpg","datePublished":"2020-02-24T09:27:48+00:00","dateModified":"2023-12-16T11:58:55+00:00","description":"Sorbus arnoldiana 'Golden Wonder' , S\u00e1rga term\u00e9s\u0171 berkenye talajjal szemben nem ig\u00e9nyes, v\u00e1rosi kl\u00edm\u00e1t j\u00f3l t\u0171ri. Kisebb kertek szoliter f\u00e1ja.","breadcrumb":{"@id":"https:\/\/tajkertesz.com\/termek\/sorbus-arnoldiana-golden-wonder-sarga-termesu-berkenye\/#breadcrumb"},"inLanguage":"en-US","potentialAction":[{"@type":"ReadAction","target":["https:\/\/tajkertesz.com\/termek\/sorbus-arnoldiana-golden-wonder-sarga-termesu-berkenye\/"]}]},{"@type":"ImageObject","inLanguage":"en-US","@id":"https:\/\/tajkertesz.com\/termek\/sorbus-arnoldiana-golden-wonder-sarga-termesu-berkenye\/#primaryimage","url":"https:\/\/tajkertesz.com\/wp-content\/uploads\/2020\/02\/Sorbus-arnoldiana-Golden-Wonder.jpg4_.jpg","contentUrl":"https:\/\/tajkertesz.com\/wp-content\/uploads\/2020\/02\/Sorbus-arnoldiana-Golden-Wonder.jpg4_.jpg","width":500,"height":318},{"@type":"BreadcrumbList","@id":"https:\/\/tajkertesz.com\/termek\/sorbus-arnoldiana-golden-wonder-sarga-termesu-berkenye\/#breadcrumb","itemListElement":[{"@type":"ListItem","position":1,"name":"Home","item":"https:\/\/tajkertesz.com\/"},{"@type":"ListItem","position":2,"name":"Kezd\u0151lap","item":"https:\/\/tajkertesz.com\/"},{"@type":"ListItem","position":3,"name":"Sorbus arnoldiana &#8216;Golden Wonder&#8217; , S\u00e1rga term\u00e9s\u0171 berkenye"}]},{"@type":"WebSite","@id":"https:\/\/tajkertesz.com\/#website","url":"https:\/\/tajkertesz.com\/","name":"T\u00e1j-Kert\u00e9sz 84 Kft.","description":"Kert\u00e9szeti kis- \u00e9s nagykeresked\u00e9s, D\u00edszn\u00f6v\u00e9ny web\u00e1ruh\u00e1z orsz\u00e1gos h\u00e1zhozsz\u00e1ll\u00edt\u00e1ssal!","publisher":{"@id":"https:\/\/tajkertesz.com\/#organization"},"potentialAction":[{"@type":"SearchAction","target":{"@type":"EntryPoint","urlTemplate":"https:\/\/tajkertesz.com\/?s={search_term_string}"},"query-input":{"@type":"PropertyValueSpecification","valueRequired":true,"valueName":"search_term_string"}}],"inLanguage":"en-US"},{"@type":"Organization","@id":"https:\/\/tajkertesz.com\/#organization","name":"T\u00e1j-Kert\u00e9sz 84 Kft.","url":"https:\/\/tajkertesz.com\/","logo":{"@type":"ImageObject","inLanguage":"en-US","@id":"https:\/\/tajkertesz.com\/#\/schema\/logo\/image\/","url":"https:\/\/tajkertesz.com\/wp-content\/uploads\/2018\/02\/logo-2-e1518678052539.png","contentUrl":"https:\/\/tajkertesz.com\/wp-content\/uploads\/2018\/02\/logo-2-e1518678052539.png","width":81,"height":140,"caption":"T\u00e1j-Kert\u00e9sz 84 Kft."},"image":{"@id":"https:\/\/tajkertesz.com\/#\/schema\/logo\/image\/"},"sameAs":["https:\/\/www.facebook.com\/Tajkertesz\/"]}]}},"_links":{"self":[{"href":"https:\/\/tajkertesz.com\/en_US\/wp-json\/wp\/v2\/product\/1039","targetHints":{"allow":["GET"]}}],"collection":[{"href":"https:\/\/tajkertesz.com\/en_US\/wp-json\/wp\/v2\/product"}],"about":[{"href":"https:\/\/tajkertesz.com\/en_US\/wp-json\/wp\/v2\/types\/product"}],"wp:featuredmedia":[{"embeddable":true,"href":"https:\/\/tajkertesz.com\/en_US\/wp-json\/wp\/v2\/media\/1040"}],"wp:attachment":[{"href":"https:\/\/tajkertesz.com\/en_US\/wp-json\/wp\/v2\/media?parent=1039"}],"wp:term":[{"taxonomy":"product_brand","embeddable":true,"href":"https:\/\/tajkertesz.com\/en_US\/wp-json\/wp\/v2\/product_brand?post=1039"},{"taxonomy":"product_cat","embeddable":true,"href":"https:\/\/tajkertesz.com\/en_US\/wp-json\/wp\/v2\/product_cat?post=1039"},{"taxonomy":"product_tag","embeddable":true,"href":"https:\/\/tajkertesz.com\/en_US\/wp-json\/wp\/v2\/product_tag?post=1039"}],"curies":[{"name":"wp","href":"https:\/\/api.w.org\/{rel}","templated":true}]}}