{"id":10420,"date":"2021-10-14T09:27:38","date_gmt":"2021-10-14T09:27:38","guid":{"rendered":"https:\/\/tajkertesz.com\/?post_type=product&#038;p=10420"},"modified":"2024-10-01T12:50:14","modified_gmt":"2024-10-01T12:50:14","slug":"buddleja-davidii-burgundy-nyari-orgona","status":"publish","type":"product","link":"https:\/\/tajkertesz.com\/en_US\/product\/buddleja-davidii-burgundy-nyari-orgona\/","title":{"rendered":"Buddleja davidii &#8216;Burgundy&#8217; &#8211; Ny\u00e1ri orgona"},"content":{"rendered":"<h3>Buddleja davidii &#8216;Burgundy&#8217; &#8211; Ny\u00e1ri orgona<\/h3>\n<p>Buddleja davidii &#8216;Burgundy&#8217; &#8211; Ny\u00e1ri orgona lombhullat\u00f3 cserje, s\u00f6t\u00e9tz\u00f6ld lombozattal.\u00a0Az egyes levelek l\u00e1ndzs\u00e1sak.\u00a0J\u00faliust\u00f3l kezdve a Buddleja davidii &#8216;Burgundy&#8217; b\u00edbor, er\u0151s illat\u00fa vir\u00e1gokat hordoz, amelyeket a m\u00e9hek \u00e9s m\u00e1s rovarok sz\u00edvesen l\u00e1togatnak.<br \/>\nA Buddleia \u201eBurgundy\u201d prefer\u00e1lt helye egy napos hely,\u00a0 t\u00e1panyagban gazdag kerti talajjal. Optim\u00e1lis k\u00f6r\u00fclm\u00e9nyek k\u00f6z\u00f6tt a Buddleja davidii &#8216;Burgundy&#8217; egyenesen, laz\u00e1n \u00e9s t\u00f6lcs\u00e9r alakban n\u0151, \u00e9s el\u00e9ri a 4 m-es m\u00e9retet \u00e9s a 4 m k\u00f6r\u00fcli sz\u00e9less\u00e9get<\/p>\n<p>&nbsp;<\/p>\n<p>Kb. 70-80 cm + kont\u00e9ner<\/p>\n<p>&nbsp;<\/p>\n<p><a href=\"https:\/\/tajkertesz.com\/\">https:\/\/tajkertesz.com\/<\/a><\/p>\n<p>&nbsp;<\/p>\n<p><a href=\"https:\/\/hu.wikipedia.org\/wiki\/Ny%C3%A1riorgona\">https:\/\/hu.wikipedia.org\/wiki\/Ny%C3%A1riorgona<\/a><\/p>\n<p style=\"line-height: 18.0pt; background: white; margin: 0cm 0cm 15.0pt 0cm;\"><span style=\"font-family: 'Ubuntu',serif; color: black;\">El\u00e9rhet\u0151 t\u00f6bbf\u00e9le m\u00e9retben \u00e9s \u00e1rban.<\/span><\/p>\n<p style=\"line-height: 18.0pt; background: white; margin: 0cm 0cm 15.0pt 0cm;\"><b><span style=\"font-family: 'Ubuntu',serif; color: black;\">K\u00e9szlet\u00fcnk napi szinten v\u00e1ltozik, ez\u00e9rt k\u00e9rj\u00fck, \u00e9rdekl\u0151dj\u00f6n szem\u00e9lyesen, telefonon vagy email-en.<br \/>\nA v\u00e1ltoztat\u00e1s jog\u00e1t fenntartjuk!\u00a0<\/span><\/b><\/p>\n<p><span style=\"color: #ffffff;\">A\u00a0<b>ny\u00e1riorgona<\/b>,\u00a0<b>illatos ny\u00e1riorgona<\/b>\u00a0vagy\u00a0<b>pillang\u00f3cserje<\/b>\u00a0<i>(Buddleja davidii)<\/i>\u00a0a\u00a0<a style=\"color: #ffffff;\" title=\"G\u00f6rv\u00e9lyf\u0171f\u00e9l\u00e9k\" href=\"https:\/\/hu.wikipedia.org\/wiki\/G%C3%B6rv%C3%A9lyf%C5%B1f%C3%A9l%C3%A9k\">g\u00f6rv\u00e9lyf\u0171f\u00e9l\u00e9k<\/a>\u00a0<i>(Scrophulariaceae)<\/i>\u00a0csal\u00e1dj\u00e1ba tartoz\u00f3,\u00a0<a style=\"color: #ffffff;\" title=\"Cserje\" href=\"https:\/\/hu.wikipedia.org\/wiki\/Cserje\">cserje<\/a>\u00a0m\u00e9ret\u0171 n\u00f6v\u00e9nyfaj. Neve ellen\u00e9re az\u00a0<a style=\"color: #ffffff;\" title=\"Orgona (n\u00f6v\u00e9nynemzets\u00e9g)\" href=\"https:\/\/hu.wikipedia.org\/wiki\/Orgona_(n%C3%B6v%C3%A9nynemzets%C3%A9g)\">orgon\u00e1nak<\/a>\u00a0csak t\u00e1volabbi rokona. \u00c9szaknyugat-<a style=\"color: #ffffff;\" title=\"K\u00edna\" href=\"https:\/\/hu.wikipedia.org\/wiki\/K%C3%ADna\">K\u00edn\u00e1ban<\/a>\u00a0\u00e9s\u00a0<a style=\"color: #ffffff;\" title=\"Jap\u00e1n\" href=\"https:\/\/hu.wikipedia.org\/wiki\/Jap%C3%A1n\">Jap\u00e1nban<\/a>\u00a0\u0151shonos, foly\u00f3- \u00e9s patakpartokon \u00e9l. Sokfel\u00e9\u00a0<a style=\"color: #ffffff;\" title=\"D\u00edszn\u00f6v\u00e9ny\" href=\"https:\/\/hu.wikipedia.org\/wiki\/D%C3%ADszn%C3%B6v%C3%A9ny\">d\u00edszn\u00f6v\u00e9nyk\u00e9nt<\/a>\u00a0\u00fcltetik. Sok orsz\u00e1gban\u00a0<a class=\"mw-redirect\" style=\"color: #ffffff;\" title=\"Inv\u00e1zi\u00f3s n\u00f6v\u00e9ny\" href=\"https:\/\/hu.wikipedia.org\/wiki\/Inv%C3%A1zi%C3%B3s_n%C3%B6v%C3%A9ny\">inv\u00e1zi\u00f3s n\u00f6v\u00e9ny<\/a>, p\u00e9ld\u00e1ul az\u00a0<a style=\"color: #ffffff;\" title=\"Amerikai Egyes\u00fclt \u00c1llamok\" href=\"https:\/\/hu.wikipedia.org\/wiki\/Amerikai_Egyes%C3%BClt_%C3%81llamok\">USA<\/a>\u00a0<a class=\"mw-redirect\" style=\"color: #ffffff;\" title=\"Oregon\" href=\"https:\/\/hu.wikipedia.org\/wiki\/Oregon\">Oregon<\/a>\u00a0\u00e9s\u00a0<a style=\"color: #ffffff;\" title=\"Washington (\u00e1llam)\" href=\"https:\/\/hu.wikipedia.org\/wiki\/Washington_(%C3%A1llam)\">Washington<\/a>\u00a0\u00e1llamaiban\u00a0<a style=\"color: #ffffff;\" title=\"Gyomn\u00f6v\u00e9ny\" href=\"https:\/\/hu.wikipedia.org\/wiki\/Gyomn%C3%B6v%C3%A9ny\">gyomn\u00f6v\u00e9nyk\u00e9nt<\/a>\u00a0tartj\u00e1k sz\u00e1mon.<\/span><\/p>\n<p><span style=\"color: #ffffff;\">K\u00f6z\u00e9p- \u00e9s D\u00e9l-Eur\u00f3pa legt\u00f6bb v\u00e1ros\u00e1ban meghonosodott, kertekb\u0151l elvadulva.\u00a0<a style=\"color: #ffffff;\" title=\"N\u00e9metorsz\u00e1g\" href=\"https:\/\/hu.wikipedia.org\/wiki\/N%C3%A9metorsz%C3%A1g\">N\u00e9metorsz\u00e1gban<\/a>\u00a01928-ban fedezt\u00e9k fel a\u00a0<a style=\"color: #ffffff;\" title=\"Rajna\" href=\"https:\/\/hu.wikipedia.org\/wiki\/Rajna\">Rajna<\/a>\u00a0partj\u00e1n, az\u00f3ta vas\u00fati s\u00ednek ment\u00e9n, elhagyott gy\u00e1rtelepeken terjed.<\/span><\/p>\n<p><span style=\"color: #ffffff;\">B\u00e1r\u00a0<a style=\"color: #ffffff;\" title=\"Nekt\u00e1r\" href=\"https:\/\/hu.wikipedia.org\/wiki\/Nekt%C3%A1r\">nekt\u00e1rja<\/a>\u00a0sz\u00e1mos\u00a0<a class=\"mw-redirect\" style=\"color: #ffffff;\" title=\"Lepke\" href=\"https:\/\/hu.wikipedia.org\/wiki\/Lepke\">lepke<\/a>-,\u00a0<a class=\"mw-redirect\" style=\"color: #ffffff;\" title=\"M\u00e9hek\" href=\"https:\/\/hu.wikipedia.org\/wiki\/M%C3%A9hek\">m\u00e9hfaj<\/a>\u00a0sz\u00e1m\u00e1ra ny\u00fajt eles\u00e9get, m\u00e9gsem n\u00f6veli a\u00a0<a class=\"mw-redirect\" style=\"color: #ffffff;\" title=\"Biol\u00f3giai sokf\u00e9les\u00e9g\" href=\"https:\/\/hu.wikipedia.org\/wiki\/Biol%C3%B3giai_sokf%C3%A9les%C3%A9g\">biol\u00f3giai sokf\u00e9les\u00e9get<\/a>; mivel a\u00a0<a style=\"color: #ffffff;\" title=\"Herny\u00f3\" href=\"https:\/\/hu.wikipedia.org\/wiki\/Herny%C3%B3\">herny\u00f3knak<\/a>\u00a0nem t\u00e1pl\u00e1l\u00e9kn\u00f6v\u00e9nye, \u00e9s nekt\u00e1rja a ny\u00e1r egy\u00e9bk\u00e9nt is b\u0151s\u00e9ges id\u0151szak\u00e1ban termel\u0151dik. A\u00a0<a style=\"color: #ffffff;\" title=\"Kert\" href=\"https:\/\/hu.wikipedia.org\/wiki\/Kert\">kertekbe<\/a>\u00a0azonban odavonzza a pillang\u00f3kat, ez\u00e9rt a l\u00e1tv\u00e1ny szempontj\u00e1b\u00f3l \u00e9rdemes \u00fcltetni. A naps\u00fct\u00e9st kedveli, a\u00a0<a style=\"color: #ffffff;\" title=\"Talaj\" href=\"https:\/\/hu.wikipedia.org\/wiki\/Talaj\">talajjal<\/a>\u00a0szemben nem ig\u00e9nyes, meszes, homokos talajon is n\u0151.<\/span><\/p>","protected":false},"excerpt":{"rendered":"<p>Buddleja davidii &#8216;Burgundy&#8217; &#8211; Ny\u00e1ri orgona<\/p>","protected":false},"featured_media":10425,"template":"","meta":{"_et_pb_use_builder":"","_et_pb_old_content":"","_et_gb_content_width":""},"product_brand":[],"product_cat":[27],"product_tag":[2991],"class_list":{"0":"post-10420","1":"product","2":"type-product","3":"status-publish","4":"has-post-thumbnail","6":"product_cat-cserjek","7":"product_tag-buddleja-davidii-burgundy-nyari-orgona","9":"first","10":"outofstock","11":"shipping-taxable","12":"product-type-simple"},"yoast_head":"<!-- This site is optimized with the Yoast SEO plugin v27.3 - https:\/\/yoast.com\/product\/yoast-seo-wordpress\/ -->\n<title>Buddleja davidii &#039;Burgundy&#039; - Ny\u00e1ri orgona - T\u00e1jkert\u00e9sz<\/title>\n<meta name=\"description\" content=\"Buddleja davidii &#039;Burgundy&#039; - Ny\u00e1ri orgona\" \/>\n<meta name=\"robots\" content=\"index, follow, max-snippet:-1, max-image-preview:large, max-video-preview:-1\" \/>\n<link rel=\"canonical\" href=\"https:\/\/tajkertesz.com\/en_US\/product\/buddleja-davidii-burgundy-nyari-orgona\/\" \/>\n<meta property=\"og:locale\" content=\"en_US\" \/>\n<meta property=\"og:type\" content=\"article\" \/>\n<meta property=\"og:title\" content=\"Buddleja davidii &#039;Burgundy&#039; - Ny\u00e1ri orgona - T\u00e1jkert\u00e9sz\" \/>\n<meta property=\"og:description\" content=\"Buddleja davidii &#039;Burgundy&#039; - Ny\u00e1ri orgona\" \/>\n<meta property=\"og:url\" content=\"https:\/\/tajkertesz.com\/en_US\/product\/buddleja-davidii-burgundy-nyari-orgona\/\" \/>\n<meta property=\"og:site_name\" content=\"T\u00e1jkert\u00e9sz\" \/>\n<meta property=\"article:publisher\" content=\"https:\/\/www.facebook.com\/Tajkertesz\/\" \/>\n<meta property=\"article:modified_time\" content=\"2024-10-01T12:50:14+00:00\" \/>\n<meta property=\"og:image\" content=\"https:\/\/tajkertesz.com\/wp-content\/uploads\/2021\/10\/Buddleja-davidii-Burgundy.jpg\" \/>\n\t<meta property=\"og:image:width\" content=\"800\" \/>\n\t<meta property=\"og:image:height\" content=\"600\" \/>\n\t<meta property=\"og:image:type\" content=\"image\/jpeg\" \/>\n<meta name=\"twitter:card\" content=\"summary_large_image\" \/>\n<meta name=\"twitter:label1\" content=\"Est. reading time\" \/>\n\t<meta name=\"twitter:data1\" content=\"1 minute\" \/>\n<script type=\"application\/ld+json\" class=\"yoast-schema-graph\">{\"@context\":\"https:\\\/\\\/schema.org\",\"@graph\":[{\"@type\":\"WebPage\",\"@id\":\"https:\\\/\\\/tajkertesz.com\\\/termek\\\/buddleja-davidii-burgundy-nyari-orgona\\\/\",\"url\":\"https:\\\/\\\/tajkertesz.com\\\/termek\\\/buddleja-davidii-burgundy-nyari-orgona\\\/\",\"name\":\"Buddleja davidii 'Burgundy' - Ny\u00e1ri orgona - T\u00e1jkert\u00e9sz\",\"isPartOf\":{\"@id\":\"https:\\\/\\\/tajkertesz.com\\\/#website\"},\"primaryImageOfPage\":{\"@id\":\"https:\\\/\\\/tajkertesz.com\\\/termek\\\/buddleja-davidii-burgundy-nyari-orgona\\\/#primaryimage\"},\"image\":{\"@id\":\"https:\\\/\\\/tajkertesz.com\\\/termek\\\/buddleja-davidii-burgundy-nyari-orgona\\\/#primaryimage\"},\"thumbnailUrl\":\"https:\\\/\\\/tajkertesz.com\\\/wp-content\\\/uploads\\\/2021\\\/10\\\/Buddleja-davidii-Burgundy.jpg\",\"datePublished\":\"2021-10-14T09:27:38+00:00\",\"dateModified\":\"2024-10-01T12:50:14+00:00\",\"description\":\"Buddleja davidii 'Burgundy' - Ny\u00e1ri orgona\",\"breadcrumb\":{\"@id\":\"https:\\\/\\\/tajkertesz.com\\\/termek\\\/buddleja-davidii-burgundy-nyari-orgona\\\/#breadcrumb\"},\"inLanguage\":\"en-US\",\"potentialAction\":[{\"@type\":\"ReadAction\",\"target\":[\"https:\\\/\\\/tajkertesz.com\\\/termek\\\/buddleja-davidii-burgundy-nyari-orgona\\\/\"]}]},{\"@type\":\"ImageObject\",\"inLanguage\":\"en-US\",\"@id\":\"https:\\\/\\\/tajkertesz.com\\\/termek\\\/buddleja-davidii-burgundy-nyari-orgona\\\/#primaryimage\",\"url\":\"https:\\\/\\\/tajkertesz.com\\\/wp-content\\\/uploads\\\/2021\\\/10\\\/Buddleja-davidii-Burgundy.jpg\",\"contentUrl\":\"https:\\\/\\\/tajkertesz.com\\\/wp-content\\\/uploads\\\/2021\\\/10\\\/Buddleja-davidii-Burgundy.jpg\",\"width\":800,\"height\":600,\"caption\":\"OLYMPUS DIGITAL CAMERA\"},{\"@type\":\"BreadcrumbList\",\"@id\":\"https:\\\/\\\/tajkertesz.com\\\/termek\\\/buddleja-davidii-burgundy-nyari-orgona\\\/#breadcrumb\",\"itemListElement\":[{\"@type\":\"ListItem\",\"position\":1,\"name\":\"Home\",\"item\":\"https:\\\/\\\/tajkertesz.com\\\/\"},{\"@type\":\"ListItem\",\"position\":2,\"name\":\"Kezd\u0151lap\",\"item\":\"https:\\\/\\\/tajkertesz.com\\\/\"},{\"@type\":\"ListItem\",\"position\":3,\"name\":\"Buddleja davidii &#8216;Burgundy&#8217; &#8211; Ny\u00e1ri orgona\"}]},{\"@type\":\"WebSite\",\"@id\":\"https:\\\/\\\/tajkertesz.com\\\/#website\",\"url\":\"https:\\\/\\\/tajkertesz.com\\\/\",\"name\":\"T\u00e1j-Kert\u00e9sz 84 Kft.\",\"description\":\"Kert\u00e9szeti kis- \u00e9s nagykeresked\u00e9s, D\u00edszn\u00f6v\u00e9ny web\u00e1ruh\u00e1z orsz\u00e1gos h\u00e1zhozsz\u00e1ll\u00edt\u00e1ssal!\",\"publisher\":{\"@id\":\"https:\\\/\\\/tajkertesz.com\\\/#organization\"},\"potentialAction\":[{\"@type\":\"SearchAction\",\"target\":{\"@type\":\"EntryPoint\",\"urlTemplate\":\"https:\\\/\\\/tajkertesz.com\\\/?s={search_term_string}\"},\"query-input\":{\"@type\":\"PropertyValueSpecification\",\"valueRequired\":true,\"valueName\":\"search_term_string\"}}],\"inLanguage\":\"en-US\"},{\"@type\":\"Organization\",\"@id\":\"https:\\\/\\\/tajkertesz.com\\\/#organization\",\"name\":\"T\u00e1j-Kert\u00e9sz 84 Kft.\",\"url\":\"https:\\\/\\\/tajkertesz.com\\\/\",\"logo\":{\"@type\":\"ImageObject\",\"inLanguage\":\"en-US\",\"@id\":\"https:\\\/\\\/tajkertesz.com\\\/#\\\/schema\\\/logo\\\/image\\\/\",\"url\":\"https:\\\/\\\/tajkertesz.com\\\/wp-content\\\/uploads\\\/2018\\\/02\\\/logo-2-e1518678052539.png\",\"contentUrl\":\"https:\\\/\\\/tajkertesz.com\\\/wp-content\\\/uploads\\\/2018\\\/02\\\/logo-2-e1518678052539.png\",\"width\":81,\"height\":140,\"caption\":\"T\u00e1j-Kert\u00e9sz 84 Kft.\"},\"image\":{\"@id\":\"https:\\\/\\\/tajkertesz.com\\\/#\\\/schema\\\/logo\\\/image\\\/\"},\"sameAs\":[\"https:\\\/\\\/www.facebook.com\\\/Tajkertesz\\\/\"]}]}<\/script>\n<!-- \/ Yoast SEO plugin. -->","yoast_head_json":{"title":"Buddleja davidii 'Burgundy' - Ny\u00e1ri orgona - T\u00e1jkert\u00e9sz","description":"Buddleja davidii 'Burgundy' - Ny\u00e1ri orgona","robots":{"index":"index","follow":"follow","max-snippet":"max-snippet:-1","max-image-preview":"max-image-preview:large","max-video-preview":"max-video-preview:-1"},"canonical":"https:\/\/tajkertesz.com\/en_US\/product\/buddleja-davidii-burgundy-nyari-orgona\/","og_locale":"en_US","og_type":"article","og_title":"Buddleja davidii 'Burgundy' - Ny\u00e1ri orgona - T\u00e1jkert\u00e9sz","og_description":"Buddleja davidii 'Burgundy' - Ny\u00e1ri orgona","og_url":"https:\/\/tajkertesz.com\/en_US\/product\/buddleja-davidii-burgundy-nyari-orgona\/","og_site_name":"T\u00e1jkert\u00e9sz","article_publisher":"https:\/\/www.facebook.com\/Tajkertesz\/","article_modified_time":"2024-10-01T12:50:14+00:00","og_image":[{"width":800,"height":600,"url":"https:\/\/tajkertesz.com\/wp-content\/uploads\/2021\/10\/Buddleja-davidii-Burgundy.jpg","type":"image\/jpeg"}],"twitter_card":"summary_large_image","twitter_misc":{"Est. reading time":"1 minute"},"schema":{"@context":"https:\/\/schema.org","@graph":[{"@type":"WebPage","@id":"https:\/\/tajkertesz.com\/termek\/buddleja-davidii-burgundy-nyari-orgona\/","url":"https:\/\/tajkertesz.com\/termek\/buddleja-davidii-burgundy-nyari-orgona\/","name":"Buddleja davidii 'Burgundy' - Ny\u00e1ri orgona - T\u00e1jkert\u00e9sz","isPartOf":{"@id":"https:\/\/tajkertesz.com\/#website"},"primaryImageOfPage":{"@id":"https:\/\/tajkertesz.com\/termek\/buddleja-davidii-burgundy-nyari-orgona\/#primaryimage"},"image":{"@id":"https:\/\/tajkertesz.com\/termek\/buddleja-davidii-burgundy-nyari-orgona\/#primaryimage"},"thumbnailUrl":"https:\/\/tajkertesz.com\/wp-content\/uploads\/2021\/10\/Buddleja-davidii-Burgundy.jpg","datePublished":"2021-10-14T09:27:38+00:00","dateModified":"2024-10-01T12:50:14+00:00","description":"Buddleja davidii 'Burgundy' - Ny\u00e1ri orgona","breadcrumb":{"@id":"https:\/\/tajkertesz.com\/termek\/buddleja-davidii-burgundy-nyari-orgona\/#breadcrumb"},"inLanguage":"en-US","potentialAction":[{"@type":"ReadAction","target":["https:\/\/tajkertesz.com\/termek\/buddleja-davidii-burgundy-nyari-orgona\/"]}]},{"@type":"ImageObject","inLanguage":"en-US","@id":"https:\/\/tajkertesz.com\/termek\/buddleja-davidii-burgundy-nyari-orgona\/#primaryimage","url":"https:\/\/tajkertesz.com\/wp-content\/uploads\/2021\/10\/Buddleja-davidii-Burgundy.jpg","contentUrl":"https:\/\/tajkertesz.com\/wp-content\/uploads\/2021\/10\/Buddleja-davidii-Burgundy.jpg","width":800,"height":600,"caption":"OLYMPUS DIGITAL CAMERA"},{"@type":"BreadcrumbList","@id":"https:\/\/tajkertesz.com\/termek\/buddleja-davidii-burgundy-nyari-orgona\/#breadcrumb","itemListElement":[{"@type":"ListItem","position":1,"name":"Home","item":"https:\/\/tajkertesz.com\/"},{"@type":"ListItem","position":2,"name":"Kezd\u0151lap","item":"https:\/\/tajkertesz.com\/"},{"@type":"ListItem","position":3,"name":"Buddleja davidii &#8216;Burgundy&#8217; &#8211; Ny\u00e1ri orgona"}]},{"@type":"WebSite","@id":"https:\/\/tajkertesz.com\/#website","url":"https:\/\/tajkertesz.com\/","name":"T\u00e1j-Kert\u00e9sz 84 Kft.","description":"Kert\u00e9szeti kis- \u00e9s nagykeresked\u00e9s, D\u00edszn\u00f6v\u00e9ny web\u00e1ruh\u00e1z orsz\u00e1gos h\u00e1zhozsz\u00e1ll\u00edt\u00e1ssal!","publisher":{"@id":"https:\/\/tajkertesz.com\/#organization"},"potentialAction":[{"@type":"SearchAction","target":{"@type":"EntryPoint","urlTemplate":"https:\/\/tajkertesz.com\/?s={search_term_string}"},"query-input":{"@type":"PropertyValueSpecification","valueRequired":true,"valueName":"search_term_string"}}],"inLanguage":"en-US"},{"@type":"Organization","@id":"https:\/\/tajkertesz.com\/#organization","name":"T\u00e1j-Kert\u00e9sz 84 Kft.","url":"https:\/\/tajkertesz.com\/","logo":{"@type":"ImageObject","inLanguage":"en-US","@id":"https:\/\/tajkertesz.com\/#\/schema\/logo\/image\/","url":"https:\/\/tajkertesz.com\/wp-content\/uploads\/2018\/02\/logo-2-e1518678052539.png","contentUrl":"https:\/\/tajkertesz.com\/wp-content\/uploads\/2018\/02\/logo-2-e1518678052539.png","width":81,"height":140,"caption":"T\u00e1j-Kert\u00e9sz 84 Kft."},"image":{"@id":"https:\/\/tajkertesz.com\/#\/schema\/logo\/image\/"},"sameAs":["https:\/\/www.facebook.com\/Tajkertesz\/"]}]}},"_links":{"self":[{"href":"https:\/\/tajkertesz.com\/en_US\/wp-json\/wp\/v2\/product\/10420","targetHints":{"allow":["GET"]}}],"collection":[{"href":"https:\/\/tajkertesz.com\/en_US\/wp-json\/wp\/v2\/product"}],"about":[{"href":"https:\/\/tajkertesz.com\/en_US\/wp-json\/wp\/v2\/types\/product"}],"wp:featuredmedia":[{"embeddable":true,"href":"https:\/\/tajkertesz.com\/en_US\/wp-json\/wp\/v2\/media\/10425"}],"wp:attachment":[{"href":"https:\/\/tajkertesz.com\/en_US\/wp-json\/wp\/v2\/media?parent=10420"}],"wp:term":[{"taxonomy":"product_brand","embeddable":true,"href":"https:\/\/tajkertesz.com\/en_US\/wp-json\/wp\/v2\/product_brand?post=10420"},{"taxonomy":"product_cat","embeddable":true,"href":"https:\/\/tajkertesz.com\/en_US\/wp-json\/wp\/v2\/product_cat?post=10420"},{"taxonomy":"product_tag","embeddable":true,"href":"https:\/\/tajkertesz.com\/en_US\/wp-json\/wp\/v2\/product_tag?post=10420"}],"curies":[{"name":"wp","href":"https:\/\/api.w.org\/{rel}","templated":true}]}}