{"id":10436,"date":"2021-10-14T09:38:02","date_gmt":"2021-10-14T09:38:02","guid":{"rendered":"https:\/\/tajkertesz.com\/?post_type=product&#038;p=10436"},"modified":"2025-04-18T07:38:48","modified_gmt":"2025-04-18T07:38:48","slug":"spiraea-japonica-crispa-japan-gyongyvesszo","status":"publish","type":"product","link":"https:\/\/tajkertesz.com\/en_US\/product\/spiraea-japonica-crispa-japan-gyongyvesszo\/","title":{"rendered":"Spiraea japonica \u2018Crispa\u2019 \u2013 jap\u00e1n gy\u00f6ngyvessz\u0151"},"content":{"rendered":"<h3 class=\"product_title entry-title\">Spiraea japonica \u2018Crispa\u2019 \u2013 jap\u00e1n gy\u00f6ngyvessz\u0151<\/h3>\n<p class=\"product_title entry-title\">Spiraea japonica \u2018Crispa\u2019 \u2013 jap\u00e1n gy\u00f6ngyvessz\u0151,<span lang=\"HU\">az egyik legn\u00e9pszer\u0171bb d\u00edszcserje haz\u00e1nkban, alacsony fajta. J\u00fanius \u2013 j\u00faliusban, 5 cm-es s\u00e1torvir\u00e1gzatban ny\u00edl\u00f3 vir\u00e1gai r\u00f3zsasz\u00edn\u0171ek, a bokrot s\u0171r\u0171n ellepik.<\/span>S\u0171r\u0171 \u00e1grendszer\u0171 lombhullat\u00f3 cserje. Kb. 40-60 cm magas \u00e9s 80-100 cm sz\u00e9les.<b><span lang=\"HU\"><strong>\u00a0<\/strong><\/span><\/b><span lang=\"HU\"><span class=\"st\">Levelei z\u00f6ldek, fogazott sz\u00e9l\u0171ek, 2-3 cm hossz\u00faak.<\/span><\/span><span lang=\"HU\">Napos, vagy f\u00e9l\u00e1rny\u00e9kos helyet szereti.\u00a0<\/span><span lang=\"HU\"><span class=\"product_desc\">Humuszban gazdag talajt szereti. Rendszeres \u00f6nt\u00f6z\u00e9st ig\u00e9nyel, f\u0151leg vir\u00e1gz\u00e1skor.<\/span><\/span><\/p>\n<p>kb. 25 cm + kont\u00e9ner<\/p>\n<p style=\"line-height: 18.0pt; background: white; margin: 0cm 0cm 15.0pt 0cm;\"><b><span style=\"font-family: 'Ubuntu',serif; color: black;\">K\u00e9szlet\u00fcnk napi szinten v\u00e1ltozik, ez\u00e9rt k\u00e9rj\u00fck, \u00e9rdekl\u0151dj\u00f6n szem\u00e9lyesen, telefonon vagy email-en.<br \/>\nA v\u00e1ltoztat\u00e1s jog\u00e1t fenntartjuk!\u00a0<\/span><\/b><\/p>\n<p><a href=\"https:\/\/tajkertesz.com\/\">https:\/\/tajkertesz.com\/<\/a><\/p>\n<p><a href=\"https:\/\/www.facebook.com\/tajkertesz\">https:\/\/www.facebook.com\/tajkertesz<\/a><\/p>\n<dl>\n<dd>\n<h6><span style=\"color: #ffffff;\"><b><a class=\"new\" style=\"color: #ffffff;\" title=\"Jap\u00e1n gy\u00f6ngyvessz\u0151 (a lap nem l\u00e9tezik)\" href=\"https:\/\/hu.wikipedia.org\/w\/index.php?title=Jap%C3%A1n_gy%C3%B6ngyvessz%C5%91&amp;action=edit&amp;redlink=1\">Jap\u00e1n gy\u00f6ngyvessz\u0151<\/a><\/b>\u00a0<i>(S. japonica)<\/i><\/span><\/h6>\n<\/dd>\n<\/dl>\n<h6><span style=\"color: #ffffff;\">Az el\u0151z\u0151 fajhoz hasonl\u00f3, de valamivel magasabbra n\u0151 \u00e9s kisebb vir\u00e1gzat\u00fa. Levelei alul, az erek ment\u00e9n enyh\u00e9n sz\u0151r\u00f6z\u00f6ttek. Haz\u00e1ja\u00a0<a style=\"color: #ffffff;\" title=\"Jap\u00e1n\" href=\"https:\/\/hu.wikipedia.org\/wiki\/Jap%C3%A1n\">Jap\u00e1n<\/a>. Fajt\u00e1i k\u00f6z\u00fcl a s\u00f6t\u00e9tv\u00f6r\u00f6s &#8216;Atrosanguinea&#8217;, illetve a hasonl\u00f3an s\u00f6t\u00e9t sz\u00edn\u0171 &#8216;Ruberrima&#8217;, valamint a t\u00f6rpe n\u00f6veked\u00e9s\u0171 , vil\u00e1gos r\u00f3zsasz\u00edn\u0171 &#8216;Little Princess&#8217; terjedt el.\u00a0<a style=\"color: #ffffff;\" title=\"Nyugat-Eur\u00f3pa\" href=\"https:\/\/hu.wikipedia.org\/wiki\/Nyugat-Eur%C3%B3pa\">Nyugat-Eur\u00f3pai<\/a>\u00a0divatn\u00f6v\u00e9ny a &#8216;Shirobana&#8217; fajta, amely vir\u00e1gai r\u00e9szben feh\u00e9rek, r\u00e9szben r\u00f3zsasz\u00edn\u0171ek illetve pirosak.<\/span><\/h6>\n<dl>\n<dt>\n<h6><span style=\"color: #ffffff;\"><b><a style=\"color: #ffffff;\" title=\"F\u0171zlevel\u0171 gy\u00f6ngyvessz\u0151\" href=\"https:\/\/hu.wikipedia.org\/wiki\/F%C5%B1zlevel%C5%B1_gy%C3%B6ngyvessz%C5%91\">F\u0171zlevel\u0171 gy\u00f6ngyvessz\u0151<\/a><\/b>\u00a0<i>(S. salicifolia)<\/i><\/span><\/h6>\n<\/dt>\n<\/dl>\n<h6><span style=\"color: #ffffff;\">Fel\u00e1ll\u00f3 \u00e1g\u00fa, 1,5 m magas, tarackokkal terjed\u0151 tereb\u00e9lyes cserje. R\u00f3zsasz\u00edn vir\u00e1gai j\u00fanius-j\u00faliusban ny\u00edlnak.\u00a0<a style=\"color: #ffffff;\" title=\"D\u00e9lkelet-Eur\u00f3pa\" href=\"https:\/\/hu.wikipedia.org\/wiki\/D%C3%A9lkelet-Eur%C3%B3pa\">D\u00e9lkelet-Eur\u00f3p\u00e1t\u00f3l<\/a>\u00a0<a style=\"color: #ffffff;\" title=\"Jap\u00e1n\" href=\"https:\/\/hu.wikipedia.org\/wiki\/Jap%C3%A1n\">Jap\u00e1nig<\/a>\u00a0nagy ter\u00fcleteken \u0151shonos, n\u00e1lunk a\u00a0<a style=\"color: #ffffff;\" title=\"Nyugat-Dun\u00e1nt\u00fal\" href=\"https:\/\/hu.wikipedia.org\/wiki\/Nyugat-Dun%C3%A1nt%C3%BAl\">Nyugat-Dun\u00e1nt\u00falon<\/a>\u00a0l\u00e1pos, vizes ter\u00fcleteken, savany\u00fa talajon \u00e9l vadon. Term\u00e9szetes \u00e1llom\u00e1nyai haz\u00e1nkban v\u00e9dettek. el\u0151fordul\u00e1sa:\u00a0<a style=\"color: #ffffff;\" title=\"Bels\u0151-Somogy\" href=\"https:\/\/hu.wikipedia.org\/wiki\/Bels%C5%91-Somogy\">Bels\u0151-Somogy<\/a>. Er\u0151sen m\u00e9sz\u00e9rz\u00e9keny, meszes talajon csak k\u00f6zvetlen\u00fcl a v\u00edz mell\u00e9, m\u00e9szben szeg\u00e9ny talajon is telep\u00edthet\u0151.<\/span><\/h6>\n<dl>\n<dt>\n<h6><span style=\"color: #ffffff;\"><b><a class=\"new\" style=\"color: #ffffff;\" title=\"Spiraea billiardii (a lap nem l\u00e9tezik)\" href=\"https:\/\/hu.wikipedia.org\/w\/index.php?title=Spiraea_billiardii&amp;action=edit&amp;redlink=1\">S. billiardii<\/a><\/b>\u00a0<i>(S. douglasii x S. salicifolia)<\/i><\/span><\/h6>\n<\/dt>\n<\/dl>\n<h6><span style=\"color: #ffffff;\">Az el\u0151z\u0151 fajt\u00f3l valamivel tart\u00f3sabb \u00e9s gazdagabb vir\u00e1gz\u00e1s\u00e1val, sz\u00fcrk\u00e9sz\u00f6lden molyhos lev\u00e9lfon\u00e1k\u00e1val \u00e9s jobb m\u00e9szt\u0171r\u00e9s\u00e9vel k\u00fcl\u00f6nb\u00f6zik. els\u0151sorban az orsz\u00e1g nyugati r\u00e9szein \u00e9s a\u00a0<a style=\"color: #ffffff;\" title=\"Ny\u00edrs\u00e9g\" href=\"https:\/\/hu.wikipedia.org\/wiki\/Ny%C3%ADrs%C3%A9g\">Ny\u00edrs\u00e9gben<\/a>\u00a0telep\u00edtik sz\u00e9les k\u00f6rben. A gy\u00f6ngyvessz\u0151k szapor\u00edt\u00e1sa f\u00e1s dugv\u00e1nyoz\u00e1ssal t\u00f6rt\u00e9nik, a gyeng\u00e9bb n\u00f6veked\u00e9s\u0171 fajokat \u00e1ltal\u00e1ban ny\u00e1r eleji z\u00f6lddugv\u00e1nyoz\u00e1ssal szapor\u00edtj\u00e1k.<\/span><\/h6>\n<p>&nbsp;<\/p>","protected":false},"excerpt":{"rendered":"<p class=\"product_title entry-title\" style=\"text-align: center;\">Spiraea japonica \u2018Crispa\u2019 \u2013 jap\u00e1n gy\u00f6ngyvessz\u0151<\/p>","protected":false},"featured_media":10440,"template":"","meta":{"_et_pb_use_builder":"","_et_pb_old_content":"","_et_gb_content_width":""},"product_brand":[],"product_cat":[27],"product_tag":[2993],"class_list":{"0":"post-10436","1":"product","2":"type-product","3":"status-publish","4":"has-post-thumbnail","6":"product_cat-cserjek","7":"product_tag-spiraea-japonica-crispa-japan-gyongyvesszo","9":"first","10":"outofstock","11":"shipping-taxable","12":"product-type-simple"},"yoast_head":"<!-- This site is optimized with the Yoast SEO plugin v27.3 - https:\/\/yoast.com\/product\/yoast-seo-wordpress\/ -->\n<title>Spiraea japonica \u2018Crispa\u2019 \u2013 jap\u00e1n gy\u00f6ngyvessz\u0151 - T\u00e1jkert\u00e9sz<\/title>\n<meta name=\"description\" content=\"Spiraea japonica \u2018Crispa\u2019 \u2013 jap\u00e1n gy\u00f6ngyvessz\u0151\" \/>\n<meta name=\"robots\" content=\"index, follow, max-snippet:-1, max-image-preview:large, max-video-preview:-1\" \/>\n<link rel=\"canonical\" href=\"https:\/\/tajkertesz.com\/en_US\/product\/spiraea-japonica-crispa-japan-gyongyvesszo\/\" \/>\n<meta property=\"og:locale\" content=\"en_US\" \/>\n<meta property=\"og:type\" content=\"article\" \/>\n<meta property=\"og:title\" content=\"Spiraea japonica \u2018Crispa\u2019 \u2013 jap\u00e1n gy\u00f6ngyvessz\u0151 - T\u00e1jkert\u00e9sz\" \/>\n<meta property=\"og:description\" content=\"Spiraea japonica \u2018Crispa\u2019 \u2013 jap\u00e1n gy\u00f6ngyvessz\u0151\" \/>\n<meta property=\"og:url\" content=\"https:\/\/tajkertesz.com\/en_US\/product\/spiraea-japonica-crispa-japan-gyongyvesszo\/\" \/>\n<meta property=\"og:site_name\" content=\"T\u00e1jkert\u00e9sz\" \/>\n<meta property=\"article:publisher\" content=\"https:\/\/www.facebook.com\/Tajkertesz\/\" \/>\n<meta property=\"article:modified_time\" content=\"2025-04-18T07:38:48+00:00\" \/>\n<meta property=\"og:image\" content=\"https:\/\/tajkertesz.com\/wp-content\/uploads\/2021\/10\/IMG_20211014_100557.jpg\" \/>\n\t<meta property=\"og:image:width\" content=\"548\" \/>\n\t<meta property=\"og:image:height\" content=\"600\" \/>\n\t<meta property=\"og:image:type\" content=\"image\/jpeg\" \/>\n<meta name=\"twitter:card\" content=\"summary_large_image\" \/>\n<meta name=\"twitter:label1\" content=\"Est. reading time\" \/>\n\t<meta name=\"twitter:data1\" content=\"2 minutes\" \/>\n<script type=\"application\/ld+json\" class=\"yoast-schema-graph\">{\"@context\":\"https:\\\/\\\/schema.org\",\"@graph\":[{\"@type\":\"WebPage\",\"@id\":\"https:\\\/\\\/tajkertesz.com\\\/termek\\\/spiraea-japonica-crispa-japan-gyongyvesszo\\\/\",\"url\":\"https:\\\/\\\/tajkertesz.com\\\/termek\\\/spiraea-japonica-crispa-japan-gyongyvesszo\\\/\",\"name\":\"Spiraea japonica \u2018Crispa\u2019 \u2013 jap\u00e1n gy\u00f6ngyvessz\u0151 - T\u00e1jkert\u00e9sz\",\"isPartOf\":{\"@id\":\"https:\\\/\\\/tajkertesz.com\\\/#website\"},\"primaryImageOfPage\":{\"@id\":\"https:\\\/\\\/tajkertesz.com\\\/termek\\\/spiraea-japonica-crispa-japan-gyongyvesszo\\\/#primaryimage\"},\"image\":{\"@id\":\"https:\\\/\\\/tajkertesz.com\\\/termek\\\/spiraea-japonica-crispa-japan-gyongyvesszo\\\/#primaryimage\"},\"thumbnailUrl\":\"https:\\\/\\\/tajkertesz.com\\\/wp-content\\\/uploads\\\/2021\\\/10\\\/IMG_20211014_100557.jpg\",\"datePublished\":\"2021-10-14T09:38:02+00:00\",\"dateModified\":\"2025-04-18T07:38:48+00:00\",\"description\":\"Spiraea japonica \u2018Crispa\u2019 \u2013 jap\u00e1n gy\u00f6ngyvessz\u0151\",\"breadcrumb\":{\"@id\":\"https:\\\/\\\/tajkertesz.com\\\/termek\\\/spiraea-japonica-crispa-japan-gyongyvesszo\\\/#breadcrumb\"},\"inLanguage\":\"en-US\",\"potentialAction\":[{\"@type\":\"ReadAction\",\"target\":[\"https:\\\/\\\/tajkertesz.com\\\/termek\\\/spiraea-japonica-crispa-japan-gyongyvesszo\\\/\"]}]},{\"@type\":\"ImageObject\",\"inLanguage\":\"en-US\",\"@id\":\"https:\\\/\\\/tajkertesz.com\\\/termek\\\/spiraea-japonica-crispa-japan-gyongyvesszo\\\/#primaryimage\",\"url\":\"https:\\\/\\\/tajkertesz.com\\\/wp-content\\\/uploads\\\/2021\\\/10\\\/IMG_20211014_100557.jpg\",\"contentUrl\":\"https:\\\/\\\/tajkertesz.com\\\/wp-content\\\/uploads\\\/2021\\\/10\\\/IMG_20211014_100557.jpg\",\"width\":548,\"height\":600,\"caption\":\"hdr\"},{\"@type\":\"BreadcrumbList\",\"@id\":\"https:\\\/\\\/tajkertesz.com\\\/termek\\\/spiraea-japonica-crispa-japan-gyongyvesszo\\\/#breadcrumb\",\"itemListElement\":[{\"@type\":\"ListItem\",\"position\":1,\"name\":\"Home\",\"item\":\"https:\\\/\\\/tajkertesz.com\\\/\"},{\"@type\":\"ListItem\",\"position\":2,\"name\":\"Kezd\u0151lap\",\"item\":\"https:\\\/\\\/tajkertesz.com\\\/\"},{\"@type\":\"ListItem\",\"position\":3,\"name\":\"Spiraea japonica \u2018Crispa\u2019 \u2013 jap\u00e1n gy\u00f6ngyvessz\u0151\"}]},{\"@type\":\"WebSite\",\"@id\":\"https:\\\/\\\/tajkertesz.com\\\/#website\",\"url\":\"https:\\\/\\\/tajkertesz.com\\\/\",\"name\":\"T\u00e1j-Kert\u00e9sz 84 Kft.\",\"description\":\"Kert\u00e9szeti kis- \u00e9s nagykeresked\u00e9s, D\u00edszn\u00f6v\u00e9ny web\u00e1ruh\u00e1z orsz\u00e1gos h\u00e1zhozsz\u00e1ll\u00edt\u00e1ssal!\",\"publisher\":{\"@id\":\"https:\\\/\\\/tajkertesz.com\\\/#organization\"},\"potentialAction\":[{\"@type\":\"SearchAction\",\"target\":{\"@type\":\"EntryPoint\",\"urlTemplate\":\"https:\\\/\\\/tajkertesz.com\\\/?s={search_term_string}\"},\"query-input\":{\"@type\":\"PropertyValueSpecification\",\"valueRequired\":true,\"valueName\":\"search_term_string\"}}],\"inLanguage\":\"en-US\"},{\"@type\":\"Organization\",\"@id\":\"https:\\\/\\\/tajkertesz.com\\\/#organization\",\"name\":\"T\u00e1j-Kert\u00e9sz 84 Kft.\",\"url\":\"https:\\\/\\\/tajkertesz.com\\\/\",\"logo\":{\"@type\":\"ImageObject\",\"inLanguage\":\"en-US\",\"@id\":\"https:\\\/\\\/tajkertesz.com\\\/#\\\/schema\\\/logo\\\/image\\\/\",\"url\":\"https:\\\/\\\/tajkertesz.com\\\/wp-content\\\/uploads\\\/2018\\\/02\\\/logo-2-e1518678052539.png\",\"contentUrl\":\"https:\\\/\\\/tajkertesz.com\\\/wp-content\\\/uploads\\\/2018\\\/02\\\/logo-2-e1518678052539.png\",\"width\":81,\"height\":140,\"caption\":\"T\u00e1j-Kert\u00e9sz 84 Kft.\"},\"image\":{\"@id\":\"https:\\\/\\\/tajkertesz.com\\\/#\\\/schema\\\/logo\\\/image\\\/\"},\"sameAs\":[\"https:\\\/\\\/www.facebook.com\\\/Tajkertesz\\\/\"]}]}<\/script>\n<!-- \/ Yoast SEO plugin. -->","yoast_head_json":{"title":"Spiraea japonica \u2018Crispa\u2019 \u2013 jap\u00e1n gy\u00f6ngyvessz\u0151 - T\u00e1jkert\u00e9sz","description":"Spiraea japonica \u2018Crispa\u2019 \u2013 jap\u00e1n gy\u00f6ngyvessz\u0151","robots":{"index":"index","follow":"follow","max-snippet":"max-snippet:-1","max-image-preview":"max-image-preview:large","max-video-preview":"max-video-preview:-1"},"canonical":"https:\/\/tajkertesz.com\/en_US\/product\/spiraea-japonica-crispa-japan-gyongyvesszo\/","og_locale":"en_US","og_type":"article","og_title":"Spiraea japonica \u2018Crispa\u2019 \u2013 jap\u00e1n gy\u00f6ngyvessz\u0151 - T\u00e1jkert\u00e9sz","og_description":"Spiraea japonica \u2018Crispa\u2019 \u2013 jap\u00e1n gy\u00f6ngyvessz\u0151","og_url":"https:\/\/tajkertesz.com\/en_US\/product\/spiraea-japonica-crispa-japan-gyongyvesszo\/","og_site_name":"T\u00e1jkert\u00e9sz","article_publisher":"https:\/\/www.facebook.com\/Tajkertesz\/","article_modified_time":"2025-04-18T07:38:48+00:00","og_image":[{"width":548,"height":600,"url":"https:\/\/tajkertesz.com\/wp-content\/uploads\/2021\/10\/IMG_20211014_100557.jpg","type":"image\/jpeg"}],"twitter_card":"summary_large_image","twitter_misc":{"Est. reading time":"2 minutes"},"schema":{"@context":"https:\/\/schema.org","@graph":[{"@type":"WebPage","@id":"https:\/\/tajkertesz.com\/termek\/spiraea-japonica-crispa-japan-gyongyvesszo\/","url":"https:\/\/tajkertesz.com\/termek\/spiraea-japonica-crispa-japan-gyongyvesszo\/","name":"Spiraea japonica \u2018Crispa\u2019 \u2013 jap\u00e1n gy\u00f6ngyvessz\u0151 - T\u00e1jkert\u00e9sz","isPartOf":{"@id":"https:\/\/tajkertesz.com\/#website"},"primaryImageOfPage":{"@id":"https:\/\/tajkertesz.com\/termek\/spiraea-japonica-crispa-japan-gyongyvesszo\/#primaryimage"},"image":{"@id":"https:\/\/tajkertesz.com\/termek\/spiraea-japonica-crispa-japan-gyongyvesszo\/#primaryimage"},"thumbnailUrl":"https:\/\/tajkertesz.com\/wp-content\/uploads\/2021\/10\/IMG_20211014_100557.jpg","datePublished":"2021-10-14T09:38:02+00:00","dateModified":"2025-04-18T07:38:48+00:00","description":"Spiraea japonica \u2018Crispa\u2019 \u2013 jap\u00e1n gy\u00f6ngyvessz\u0151","breadcrumb":{"@id":"https:\/\/tajkertesz.com\/termek\/spiraea-japonica-crispa-japan-gyongyvesszo\/#breadcrumb"},"inLanguage":"en-US","potentialAction":[{"@type":"ReadAction","target":["https:\/\/tajkertesz.com\/termek\/spiraea-japonica-crispa-japan-gyongyvesszo\/"]}]},{"@type":"ImageObject","inLanguage":"en-US","@id":"https:\/\/tajkertesz.com\/termek\/spiraea-japonica-crispa-japan-gyongyvesszo\/#primaryimage","url":"https:\/\/tajkertesz.com\/wp-content\/uploads\/2021\/10\/IMG_20211014_100557.jpg","contentUrl":"https:\/\/tajkertesz.com\/wp-content\/uploads\/2021\/10\/IMG_20211014_100557.jpg","width":548,"height":600,"caption":"hdr"},{"@type":"BreadcrumbList","@id":"https:\/\/tajkertesz.com\/termek\/spiraea-japonica-crispa-japan-gyongyvesszo\/#breadcrumb","itemListElement":[{"@type":"ListItem","position":1,"name":"Home","item":"https:\/\/tajkertesz.com\/"},{"@type":"ListItem","position":2,"name":"Kezd\u0151lap","item":"https:\/\/tajkertesz.com\/"},{"@type":"ListItem","position":3,"name":"Spiraea japonica \u2018Crispa\u2019 \u2013 jap\u00e1n gy\u00f6ngyvessz\u0151"}]},{"@type":"WebSite","@id":"https:\/\/tajkertesz.com\/#website","url":"https:\/\/tajkertesz.com\/","name":"T\u00e1j-Kert\u00e9sz 84 Kft.","description":"Kert\u00e9szeti kis- \u00e9s nagykeresked\u00e9s, D\u00edszn\u00f6v\u00e9ny web\u00e1ruh\u00e1z orsz\u00e1gos h\u00e1zhozsz\u00e1ll\u00edt\u00e1ssal!","publisher":{"@id":"https:\/\/tajkertesz.com\/#organization"},"potentialAction":[{"@type":"SearchAction","target":{"@type":"EntryPoint","urlTemplate":"https:\/\/tajkertesz.com\/?s={search_term_string}"},"query-input":{"@type":"PropertyValueSpecification","valueRequired":true,"valueName":"search_term_string"}}],"inLanguage":"en-US"},{"@type":"Organization","@id":"https:\/\/tajkertesz.com\/#organization","name":"T\u00e1j-Kert\u00e9sz 84 Kft.","url":"https:\/\/tajkertesz.com\/","logo":{"@type":"ImageObject","inLanguage":"en-US","@id":"https:\/\/tajkertesz.com\/#\/schema\/logo\/image\/","url":"https:\/\/tajkertesz.com\/wp-content\/uploads\/2018\/02\/logo-2-e1518678052539.png","contentUrl":"https:\/\/tajkertesz.com\/wp-content\/uploads\/2018\/02\/logo-2-e1518678052539.png","width":81,"height":140,"caption":"T\u00e1j-Kert\u00e9sz 84 Kft."},"image":{"@id":"https:\/\/tajkertesz.com\/#\/schema\/logo\/image\/"},"sameAs":["https:\/\/www.facebook.com\/Tajkertesz\/"]}]}},"_links":{"self":[{"href":"https:\/\/tajkertesz.com\/en_US\/wp-json\/wp\/v2\/product\/10436","targetHints":{"allow":["GET"]}}],"collection":[{"href":"https:\/\/tajkertesz.com\/en_US\/wp-json\/wp\/v2\/product"}],"about":[{"href":"https:\/\/tajkertesz.com\/en_US\/wp-json\/wp\/v2\/types\/product"}],"wp:featuredmedia":[{"embeddable":true,"href":"https:\/\/tajkertesz.com\/en_US\/wp-json\/wp\/v2\/media\/10440"}],"wp:attachment":[{"href":"https:\/\/tajkertesz.com\/en_US\/wp-json\/wp\/v2\/media?parent=10436"}],"wp:term":[{"taxonomy":"product_brand","embeddable":true,"href":"https:\/\/tajkertesz.com\/en_US\/wp-json\/wp\/v2\/product_brand?post=10436"},{"taxonomy":"product_cat","embeddable":true,"href":"https:\/\/tajkertesz.com\/en_US\/wp-json\/wp\/v2\/product_cat?post=10436"},{"taxonomy":"product_tag","embeddable":true,"href":"https:\/\/tajkertesz.com\/en_US\/wp-json\/wp\/v2\/product_tag?post=10436"}],"curies":[{"name":"wp","href":"https:\/\/api.w.org\/{rel}","templated":true}]}}