{"id":1046,"date":"2020-02-24T11:33:12","date_gmt":"2020-02-24T11:33:12","guid":{"rendered":"https:\/\/tajkertesz.com\/?post_type=product&#038;p=1046"},"modified":"2024-11-20T07:41:34","modified_gmt":"2024-11-20T07:41:34","slug":"abelia-x-graniflora-nagyviragu-tarnicslonc","status":"publish","type":"product","link":"https:\/\/tajkertesz.com\/en_US\/product\/abelia-x-graniflora-nagyviragu-tarnicslonc\/","title":{"rendered":"Abelia x graniflora-Nagyvir\u00e1g\u00fa t\u00e1rnicslonc"},"content":{"rendered":"<h2>Abelia x graniflora-Nagyvir\u00e1g\u00fa t\u00e1rnicslonc<\/h2>\n<p>Abelia x graniflora-Nagyvir\u00e1g\u00fa t\u00e1rnicslonc<\/p>\n<p>Illatos harang form\u00e1j\u00fa vir\u00e1gaival \u00e9s term\u00e9szetes megjelen\u00e9s\u00e9vel h\u00f3d\u00edtja meg a kert\u00e9szked\u0151k sz\u00edv\u00e9t a nagyvir\u00e1g\u00fa t\u00e1rnicslonc, amely szoliterk\u00e9nt, t\u00e9relv\u00e1laszt\u00f3k\u00e9nt \u00e9s s\u00f6v\u00e9nyk\u00e9nt is jelen lehet a kertben.<\/p>\n<p>\u00d6r\u00f6kz\u00f6ld cserje, k\u00fcl\u00f6nleges sz\u00e9ps\u00e9g\u00e9t a k\u00e9sei k\u00fcl\u00f6nleges vir\u00e1gz\u00e1s adja.<\/p>\n<p>Tudom\u00e1nyos neve:\u00a0<em>Abelia x grandiflora<\/em>. Az\u00a0<em>Abelia chinensis<\/em>\u00a0\u00e9s az\u00a0<em>Abelia uniflor<\/em>a hibridje.<\/p>\n<p><b>N\u00f6veked\u00e9s, alak:<\/b> 1,5 m magas n\u00f6v\u00e9ny. Vir\u00e1ga cs\u00f6ves, sz\u00edne feh\u00e9r vagy r\u00f3zsasz\u00edn. Vir\u00e1gai \u00e9des illat\u00faak.<\/p>\n<p><b>Lev\u00e9l: <\/b>Levelei egyszer\u0171ek, \u00e1ll\u00e1suk keresztben \u00e1tellenes, a lev\u00e9lk\u00e9k tagolatlan, toj\u00e1sdadok. A levelek v\u00e1lla keskenyed\u0151, cs\u00facsa kihegyesed\u0151. Sz\u00e9l\u00fck \u00e9p, sz\u00edn\u00fck s\u00f6t\u00e9tz\u00f6ld, fel\u00fclet\u00fck f\u00e9nyes, lev\u00e9lnyel\u00fck r\u00f6vid.<\/p>\n<p><b>Term\u0151hely, ig\u00e9ny:<\/b> Napos vagy f\u00e9l\u00e1rny\u00e9kos helyet \u00e9s rendszeres \u00f6nt\u00f6z\u00e9st ig\u00e9nyel.<\/p>\n<p>Vir\u00e1gait eg\u00e9szen okt\u00f3berig hozza, sz\u00ednes felleveleit pedig a fagyokig megtartja.<\/p>\n<p>V\u00e9dett fekv\u00e9sbe \u00fcltess\u00fck.<\/p>\n<p>+A j\u00f3 v\u00edzgazd\u00e1lkod\u00e1s\u00fa, t\u00e1panyagban gazdag talajt kedveli.<\/p>\n<p>B\u0151s\u00e9gesen \u00f6nt\u00f6zz\u00fck, 2-3 naponta. Nem b\u00edrja a sz\u00e1razs\u00e1got. F\u00e9nyig\u00e9nye nagy, a direkt napf\u00e9nyt kedveli.<\/p>\n<p><b>Felhaszn\u00e1l\u00e1s:<\/b> L\u00e1tv\u00e1nyos el\u0151kertben, de \u00fcltethetj\u00fck ny\u00edratlan s\u00f6v\u00e9nynek is.<\/p>\n<p>Szapor\u00edthat\u00f3 z\u00f6lddugv\u00e1nnyal tavasszal, f\u00e9lf\u00e1s dugv\u00e1nnyal ny\u00e1ron. Vir\u00e1gz\u00e1s ut\u00e1n aj\u00e1nlatos gyeng\u00e9n visszametszeni. Nincs jelent\u0151s k\u00e1ros\u00edt\u00f3ja. Telente a hajt\u00e1sai visszafagyhatnak, de ezt kin\u00f6vi.<\/p>\n<h3>Fajt\u00e1i:<\/h3>\n<p>&#8216;Francis Mason&#8217;- 1-2 m magas, 3 m sz\u00e9les bokr\u00fa, f\u00e9l\u00f6r\u00f6kz\u00f6ld, fiatal hajt\u00e1sa r\u00e9zv\u00f6r\u00f6s, vir\u00e1ga r\u00f3zs\u00e1sfeh\u00e9r.<br \/>\n&#8216;Edward Goucher&#8217;- 1,0-1.5 m magas, lombhullat\u00f3, vir\u00e1ga m\u00e1lyvar\u00f3zsasz\u00edn\u0171.<\/p>\n<p>&nbsp;<\/p>\n<p style=\"line-height: 18.0pt; background: white; margin: 0cm 0cm 15.0pt 0cm;\"><b><span style=\"font-family: 'Ubuntu',sans-serif; color: black;\">K\u00e9szlet\u00fcnk napi szinten v\u00e1ltozik, ez\u00e9rt k\u00e9rj\u00fck, \u00e9rdekl\u0151dj\u00f6n szem\u00e9lyesen, telefonon vagy email-en.<br \/>\nA v\u00e1ltoztat\u00e1s jog\u00e1t fenntartjuk!\u00a0<\/span><\/b><\/p>\n<p><a href=\"https:\/\/tajkertesz.com\/\">https:\/\/tajkertesz.com\/<\/a><\/p>\n<p><a href=\"https:\/\/www.facebook.com\/tajkertesz\/\">https:\/\/www.facebook.com\/tajkertesz\/<\/a><\/p>\n<p>Kisz\u00e1ll\u00edt\u00e1s: 200cm-ig \u00e9s 40 kg-ig a sz\u00e1ll\u00edt\u00e1s fut\u00e1rszolg\u00e1lattal t\u00f6rt\u00e9nik.<\/p>\n<p>Szem\u00e9lyes \u00e1tv\u00e9tel nyitvatart\u00e1si id\u0151ben a 17. ker\u00fclet Bakancsos utca 7. sz\u00e1m alatti Kert\u00e9szeti \u00e1rud\u00e1nkban.<\/p>\n<p>Kert\u00e9p\u00edt\u0151k \u00e9s viszontelad\u00f3k regisztr\u00e1l\u00e1s ut\u00e1n egyedi kedvezm\u00e9nnyel v\u00e1s\u00e1rolhatnak kert\u00e9szeti kis-\u00e9s nagykeresked\u00e9s\u00fcnkben.<\/p>\n<p>A logisztikai c\u00e9ggel t\u00f6rt\u00e9n\u0151 sz\u00e1ll\u00edt\u00e1s eset\u00e9n a partnereink\u00a0esetleges a\u00a0cs\u00fasz\u00e1sai\u00e9rt nem v\u00e1llalunk felel\u0151ss\u00e9get!<\/p>\n<p><strong>Az \u00e1rak egy darab term\u00e9kre vonatkoznak.<\/strong><\/p>\n<p><strong>J\u00f3 tudni!<\/strong><\/p>\n<p>K\u00e9pek-elt\u00e9r\u00e9sek:<\/p>\n<p>A n\u00f6v\u00e9nyekr\u0151l felt\u00f6lt\u00f6tt k\u00e9pek illusztr\u00e1ci\u00f3k. N\u00f6v\u00e9nyekn\u00e9l el\u0151fordulhatnak minim\u00e1lis elt\u00e9r\u00e9sek a k\u00e9peken szerepl\u0151 n\u00f6v\u00e9nyek \u00e9s az \u00e1tvett n\u00f6v\u00e9nyek k\u00f6z\u00f6tt, mivel minden n\u00f6v\u00e9ny egyedi.<\/p>\n<p>N\u00f6v\u00e9nyek sz\u00e1ll\u00edt\u00e1sa:<\/p>\n<p>A megrendelt n\u00f6v\u00e9nyeket igyeksz\u00fcnk a lehet\u0151 legbiztons\u00e1gosabban egyes\u00e9vel csomagolni, azonban a sz\u00e1ll\u00edt\u00e1s sor\u00e1n m\u00e9g ennek ellen\u00e9re is\u00a0bek\u00f6vetkezhetnek apr\u00f3bb s\u00e9r\u00fcl\u00e9sek (lev\u00e9l- vagy vir\u00e1ghull\u00e1s).<br \/>\nN\u00f6v\u00e9ny rendel\u00e9s eset\u00e9n k\u00e9rj\u00fck a k\u00e9zbes\u00edt\u00e9st k\u00f6vet\u0151en a lehet\u0151 leghamarabb bonts\u00e1k ki a csomagot.<\/p>","protected":false},"excerpt":{"rendered":"<p>Abelia grandiflora ,Nagyvir\u00e1g\u00fa t\u00e1rnicslonc F\u00e9l \u00f6r\u00f6kz\u00f6ld cserje, k\u00fcl\u00f6nleges sz\u00e9ps\u00e9g\u00e9t a k\u00e9sei k\u00fcl\u00f6nleges vir\u00e1gz\u00e1s adja.<\/p>\n<p>Illatos harang form\u00e1j\u00fa vir\u00e1gaival \u00e9s term\u00e9szetes megjelen\u00e9s\u00e9vel h\u00f3d\u00edtja meg a kert\u00e9szked\u0151k sz\u00edv\u00e9t a nagyvir\u00e1g\u00fa t\u00e1rnicslonc, amely szoliterk\u00e9nt, t\u00e9relv\u00e1laszt\u00f3k\u00e9nt \u00e9s s\u00f6v\u00e9nyk\u00e9nt is jelen lehet a kertben.<\/p>","protected":false},"featured_media":21338,"template":"","meta":{"_et_pb_use_builder":"","_et_pb_old_content":"","_et_gb_content_width":""},"product_brand":[],"product_cat":[27],"product_tag":[223,73,225,173,224,5358],"class_list":{"0":"post-1046","1":"product","2":"type-product","3":"status-publish","4":"has-post-thumbnail","6":"product_cat-cserjek","7":"product_tag-abelia-grandiflora","8":"product_tag-cserje","9":"product_tag-edes-illatu","10":"product_tag-felorokzold","11":"product_tag-nagyviragu-tarnicslonc","12":"product_tag-tarnicslonc","14":"first","15":"outofstock","16":"shipping-taxable","17":"purchasable","18":"product-type-simple"},"yoast_head":"<!-- This site is optimized with the Yoast SEO plugin v27.3 - https:\/\/yoast.com\/product\/yoast-seo-wordpress\/ -->\n<title>Abelia x graniflora-Nagyvir\u00e1g\u00fa t\u00e1rnicslonc - T\u00e1jkert\u00e9sz<\/title>\n<meta name=\"description\" content=\"Abelia x graniflora-Nagyvir\u00e1g\u00fa t\u00e1rnicslonc f\u00e9l \u00f6r\u00f6kz\u00f6ld cserje, k\u00fcl\u00f6nleges sz\u00e9ps\u00e9g\u00e9t a k\u00e9sei k\u00fcl\u00f6nleges vir\u00e1gz\u00e1s adja. Vir\u00e1gai \u00e9des illat\u00faak.\" \/>\n<meta name=\"robots\" content=\"index, follow, max-snippet:-1, max-image-preview:large, max-video-preview:-1\" \/>\n<link rel=\"canonical\" href=\"https:\/\/tajkertesz.com\/en_US\/product\/abelia-x-graniflora-nagyviragu-tarnicslonc\/\" \/>\n<meta property=\"og:locale\" content=\"en_US\" \/>\n<meta property=\"og:type\" content=\"article\" \/>\n<meta property=\"og:title\" content=\"Abelia x graniflora-Nagyvir\u00e1g\u00fa t\u00e1rnicslonc - T\u00e1jkert\u00e9sz\" \/>\n<meta property=\"og:description\" content=\"Abelia x graniflora-Nagyvir\u00e1g\u00fa t\u00e1rnicslonc f\u00e9l \u00f6r\u00f6kz\u00f6ld cserje, k\u00fcl\u00f6nleges sz\u00e9ps\u00e9g\u00e9t a k\u00e9sei k\u00fcl\u00f6nleges vir\u00e1gz\u00e1s adja. Vir\u00e1gai \u00e9des illat\u00faak.\" \/>\n<meta property=\"og:url\" content=\"https:\/\/tajkertesz.com\/en_US\/product\/abelia-x-graniflora-nagyviragu-tarnicslonc\/\" \/>\n<meta property=\"og:site_name\" content=\"T\u00e1jkert\u00e9sz\" \/>\n<meta property=\"article:publisher\" content=\"https:\/\/www.facebook.com\/Tajkertesz\/\" \/>\n<meta property=\"article:modified_time\" content=\"2024-11-20T07:41:34+00:00\" \/>\n<meta property=\"og:image\" content=\"https:\/\/tajkertesz.com\/wp-content\/uploads\/2020\/02\/20241010_141747-1-scaled.jpg\" \/>\n\t<meta property=\"og:image:width\" content=\"1154\" \/>\n\t<meta property=\"og:image:height\" content=\"2560\" \/>\n\t<meta property=\"og:image:type\" content=\"image\/jpeg\" \/>\n<meta name=\"twitter:card\" content=\"summary_large_image\" \/>\n<meta name=\"twitter:label1\" content=\"Est. reading time\" \/>\n\t<meta name=\"twitter:data1\" content=\"2 minutes\" \/>\n<script type=\"application\/ld+json\" class=\"yoast-schema-graph\">{\"@context\":\"https:\\\/\\\/schema.org\",\"@graph\":[{\"@type\":\"WebPage\",\"@id\":\"https:\\\/\\\/tajkertesz.com\\\/termek\\\/abelia-x-graniflora-nagyviragu-tarnicslonc\\\/\",\"url\":\"https:\\\/\\\/tajkertesz.com\\\/termek\\\/abelia-x-graniflora-nagyviragu-tarnicslonc\\\/\",\"name\":\"Abelia x graniflora-Nagyvir\u00e1g\u00fa t\u00e1rnicslonc - T\u00e1jkert\u00e9sz\",\"isPartOf\":{\"@id\":\"https:\\\/\\\/tajkertesz.com\\\/#website\"},\"primaryImageOfPage\":{\"@id\":\"https:\\\/\\\/tajkertesz.com\\\/termek\\\/abelia-x-graniflora-nagyviragu-tarnicslonc\\\/#primaryimage\"},\"image\":{\"@id\":\"https:\\\/\\\/tajkertesz.com\\\/termek\\\/abelia-x-graniflora-nagyviragu-tarnicslonc\\\/#primaryimage\"},\"thumbnailUrl\":\"https:\\\/\\\/tajkertesz.com\\\/wp-content\\\/uploads\\\/2020\\\/02\\\/20241010_141747-1-scaled.jpg\",\"datePublished\":\"2020-02-24T11:33:12+00:00\",\"dateModified\":\"2024-11-20T07:41:34+00:00\",\"description\":\"Abelia x graniflora-Nagyvir\u00e1g\u00fa t\u00e1rnicslonc f\u00e9l \u00f6r\u00f6kz\u00f6ld cserje, k\u00fcl\u00f6nleges sz\u00e9ps\u00e9g\u00e9t a k\u00e9sei k\u00fcl\u00f6nleges vir\u00e1gz\u00e1s adja. Vir\u00e1gai \u00e9des illat\u00faak.\",\"breadcrumb\":{\"@id\":\"https:\\\/\\\/tajkertesz.com\\\/termek\\\/abelia-x-graniflora-nagyviragu-tarnicslonc\\\/#breadcrumb\"},\"inLanguage\":\"en-US\",\"potentialAction\":[{\"@type\":\"ReadAction\",\"target\":[\"https:\\\/\\\/tajkertesz.com\\\/termek\\\/abelia-x-graniflora-nagyviragu-tarnicslonc\\\/\"]}]},{\"@type\":\"ImageObject\",\"inLanguage\":\"en-US\",\"@id\":\"https:\\\/\\\/tajkertesz.com\\\/termek\\\/abelia-x-graniflora-nagyviragu-tarnicslonc\\\/#primaryimage\",\"url\":\"https:\\\/\\\/tajkertesz.com\\\/wp-content\\\/uploads\\\/2020\\\/02\\\/20241010_141747-1-scaled.jpg\",\"contentUrl\":\"https:\\\/\\\/tajkertesz.com\\\/wp-content\\\/uploads\\\/2020\\\/02\\\/20241010_141747-1-scaled.jpg\",\"width\":1154,\"height\":2560,\"caption\":\"Abelia x graniflora-Nagyvir\u00e1g\u00fa t\u00e1rnicslonc\"},{\"@type\":\"BreadcrumbList\",\"@id\":\"https:\\\/\\\/tajkertesz.com\\\/termek\\\/abelia-x-graniflora-nagyviragu-tarnicslonc\\\/#breadcrumb\",\"itemListElement\":[{\"@type\":\"ListItem\",\"position\":1,\"name\":\"Home\",\"item\":\"https:\\\/\\\/tajkertesz.com\\\/\"},{\"@type\":\"ListItem\",\"position\":2,\"name\":\"Kezd\u0151lap\",\"item\":\"https:\\\/\\\/tajkertesz.com\\\/\"},{\"@type\":\"ListItem\",\"position\":3,\"name\":\"Abelia x graniflora-Nagyvir\u00e1g\u00fa t\u00e1rnicslonc\"}]},{\"@type\":\"WebSite\",\"@id\":\"https:\\\/\\\/tajkertesz.com\\\/#website\",\"url\":\"https:\\\/\\\/tajkertesz.com\\\/\",\"name\":\"T\u00e1j-Kert\u00e9sz 84 Kft.\",\"description\":\"Kert\u00e9szeti kis- \u00e9s nagykeresked\u00e9s, D\u00edszn\u00f6v\u00e9ny web\u00e1ruh\u00e1z orsz\u00e1gos h\u00e1zhozsz\u00e1ll\u00edt\u00e1ssal!\",\"publisher\":{\"@id\":\"https:\\\/\\\/tajkertesz.com\\\/#organization\"},\"potentialAction\":[{\"@type\":\"SearchAction\",\"target\":{\"@type\":\"EntryPoint\",\"urlTemplate\":\"https:\\\/\\\/tajkertesz.com\\\/?s={search_term_string}\"},\"query-input\":{\"@type\":\"PropertyValueSpecification\",\"valueRequired\":true,\"valueName\":\"search_term_string\"}}],\"inLanguage\":\"en-US\"},{\"@type\":\"Organization\",\"@id\":\"https:\\\/\\\/tajkertesz.com\\\/#organization\",\"name\":\"T\u00e1j-Kert\u00e9sz 84 Kft.\",\"url\":\"https:\\\/\\\/tajkertesz.com\\\/\",\"logo\":{\"@type\":\"ImageObject\",\"inLanguage\":\"en-US\",\"@id\":\"https:\\\/\\\/tajkertesz.com\\\/#\\\/schema\\\/logo\\\/image\\\/\",\"url\":\"https:\\\/\\\/tajkertesz.com\\\/wp-content\\\/uploads\\\/2018\\\/02\\\/logo-2-e1518678052539.png\",\"contentUrl\":\"https:\\\/\\\/tajkertesz.com\\\/wp-content\\\/uploads\\\/2018\\\/02\\\/logo-2-e1518678052539.png\",\"width\":81,\"height\":140,\"caption\":\"T\u00e1j-Kert\u00e9sz 84 Kft.\"},\"image\":{\"@id\":\"https:\\\/\\\/tajkertesz.com\\\/#\\\/schema\\\/logo\\\/image\\\/\"},\"sameAs\":[\"https:\\\/\\\/www.facebook.com\\\/Tajkertesz\\\/\"]}]}<\/script>\n<!-- \/ Yoast SEO plugin. -->","yoast_head_json":{"title":"Abelia x graniflora-Nagyvir\u00e1g\u00fa t\u00e1rnicslonc - T\u00e1jkert\u00e9sz","description":"Abelia x graniflora-Nagyvir\u00e1g\u00fa t\u00e1rnicslonc f\u00e9l \u00f6r\u00f6kz\u00f6ld cserje, k\u00fcl\u00f6nleges sz\u00e9ps\u00e9g\u00e9t a k\u00e9sei k\u00fcl\u00f6nleges vir\u00e1gz\u00e1s adja. Vir\u00e1gai \u00e9des illat\u00faak.","robots":{"index":"index","follow":"follow","max-snippet":"max-snippet:-1","max-image-preview":"max-image-preview:large","max-video-preview":"max-video-preview:-1"},"canonical":"https:\/\/tajkertesz.com\/en_US\/product\/abelia-x-graniflora-nagyviragu-tarnicslonc\/","og_locale":"en_US","og_type":"article","og_title":"Abelia x graniflora-Nagyvir\u00e1g\u00fa t\u00e1rnicslonc - T\u00e1jkert\u00e9sz","og_description":"Abelia x graniflora-Nagyvir\u00e1g\u00fa t\u00e1rnicslonc f\u00e9l \u00f6r\u00f6kz\u00f6ld cserje, k\u00fcl\u00f6nleges sz\u00e9ps\u00e9g\u00e9t a k\u00e9sei k\u00fcl\u00f6nleges vir\u00e1gz\u00e1s adja. Vir\u00e1gai \u00e9des illat\u00faak.","og_url":"https:\/\/tajkertesz.com\/en_US\/product\/abelia-x-graniflora-nagyviragu-tarnicslonc\/","og_site_name":"T\u00e1jkert\u00e9sz","article_publisher":"https:\/\/www.facebook.com\/Tajkertesz\/","article_modified_time":"2024-11-20T07:41:34+00:00","og_image":[{"width":1154,"height":2560,"url":"https:\/\/tajkertesz.com\/wp-content\/uploads\/2020\/02\/20241010_141747-1-scaled.jpg","type":"image\/jpeg"}],"twitter_card":"summary_large_image","twitter_misc":{"Est. reading time":"2 minutes"},"schema":{"@context":"https:\/\/schema.org","@graph":[{"@type":"WebPage","@id":"https:\/\/tajkertesz.com\/termek\/abelia-x-graniflora-nagyviragu-tarnicslonc\/","url":"https:\/\/tajkertesz.com\/termek\/abelia-x-graniflora-nagyviragu-tarnicslonc\/","name":"Abelia x graniflora-Nagyvir\u00e1g\u00fa t\u00e1rnicslonc - T\u00e1jkert\u00e9sz","isPartOf":{"@id":"https:\/\/tajkertesz.com\/#website"},"primaryImageOfPage":{"@id":"https:\/\/tajkertesz.com\/termek\/abelia-x-graniflora-nagyviragu-tarnicslonc\/#primaryimage"},"image":{"@id":"https:\/\/tajkertesz.com\/termek\/abelia-x-graniflora-nagyviragu-tarnicslonc\/#primaryimage"},"thumbnailUrl":"https:\/\/tajkertesz.com\/wp-content\/uploads\/2020\/02\/20241010_141747-1-scaled.jpg","datePublished":"2020-02-24T11:33:12+00:00","dateModified":"2024-11-20T07:41:34+00:00","description":"Abelia x graniflora-Nagyvir\u00e1g\u00fa t\u00e1rnicslonc f\u00e9l \u00f6r\u00f6kz\u00f6ld cserje, k\u00fcl\u00f6nleges sz\u00e9ps\u00e9g\u00e9t a k\u00e9sei k\u00fcl\u00f6nleges vir\u00e1gz\u00e1s adja. Vir\u00e1gai \u00e9des illat\u00faak.","breadcrumb":{"@id":"https:\/\/tajkertesz.com\/termek\/abelia-x-graniflora-nagyviragu-tarnicslonc\/#breadcrumb"},"inLanguage":"en-US","potentialAction":[{"@type":"ReadAction","target":["https:\/\/tajkertesz.com\/termek\/abelia-x-graniflora-nagyviragu-tarnicslonc\/"]}]},{"@type":"ImageObject","inLanguage":"en-US","@id":"https:\/\/tajkertesz.com\/termek\/abelia-x-graniflora-nagyviragu-tarnicslonc\/#primaryimage","url":"https:\/\/tajkertesz.com\/wp-content\/uploads\/2020\/02\/20241010_141747-1-scaled.jpg","contentUrl":"https:\/\/tajkertesz.com\/wp-content\/uploads\/2020\/02\/20241010_141747-1-scaled.jpg","width":1154,"height":2560,"caption":"Abelia x graniflora-Nagyvir\u00e1g\u00fa t\u00e1rnicslonc"},{"@type":"BreadcrumbList","@id":"https:\/\/tajkertesz.com\/termek\/abelia-x-graniflora-nagyviragu-tarnicslonc\/#breadcrumb","itemListElement":[{"@type":"ListItem","position":1,"name":"Home","item":"https:\/\/tajkertesz.com\/"},{"@type":"ListItem","position":2,"name":"Kezd\u0151lap","item":"https:\/\/tajkertesz.com\/"},{"@type":"ListItem","position":3,"name":"Abelia x graniflora-Nagyvir\u00e1g\u00fa t\u00e1rnicslonc"}]},{"@type":"WebSite","@id":"https:\/\/tajkertesz.com\/#website","url":"https:\/\/tajkertesz.com\/","name":"T\u00e1j-Kert\u00e9sz 84 Kft.","description":"Kert\u00e9szeti kis- \u00e9s nagykeresked\u00e9s, D\u00edszn\u00f6v\u00e9ny web\u00e1ruh\u00e1z orsz\u00e1gos h\u00e1zhozsz\u00e1ll\u00edt\u00e1ssal!","publisher":{"@id":"https:\/\/tajkertesz.com\/#organization"},"potentialAction":[{"@type":"SearchAction","target":{"@type":"EntryPoint","urlTemplate":"https:\/\/tajkertesz.com\/?s={search_term_string}"},"query-input":{"@type":"PropertyValueSpecification","valueRequired":true,"valueName":"search_term_string"}}],"inLanguage":"en-US"},{"@type":"Organization","@id":"https:\/\/tajkertesz.com\/#organization","name":"T\u00e1j-Kert\u00e9sz 84 Kft.","url":"https:\/\/tajkertesz.com\/","logo":{"@type":"ImageObject","inLanguage":"en-US","@id":"https:\/\/tajkertesz.com\/#\/schema\/logo\/image\/","url":"https:\/\/tajkertesz.com\/wp-content\/uploads\/2018\/02\/logo-2-e1518678052539.png","contentUrl":"https:\/\/tajkertesz.com\/wp-content\/uploads\/2018\/02\/logo-2-e1518678052539.png","width":81,"height":140,"caption":"T\u00e1j-Kert\u00e9sz 84 Kft."},"image":{"@id":"https:\/\/tajkertesz.com\/#\/schema\/logo\/image\/"},"sameAs":["https:\/\/www.facebook.com\/Tajkertesz\/"]}]}},"_links":{"self":[{"href":"https:\/\/tajkertesz.com\/en_US\/wp-json\/wp\/v2\/product\/1046","targetHints":{"allow":["GET"]}}],"collection":[{"href":"https:\/\/tajkertesz.com\/en_US\/wp-json\/wp\/v2\/product"}],"about":[{"href":"https:\/\/tajkertesz.com\/en_US\/wp-json\/wp\/v2\/types\/product"}],"wp:featuredmedia":[{"embeddable":true,"href":"https:\/\/tajkertesz.com\/en_US\/wp-json\/wp\/v2\/media\/21338"}],"wp:attachment":[{"href":"https:\/\/tajkertesz.com\/en_US\/wp-json\/wp\/v2\/media?parent=1046"}],"wp:term":[{"taxonomy":"product_brand","embeddable":true,"href":"https:\/\/tajkertesz.com\/en_US\/wp-json\/wp\/v2\/product_brand?post=1046"},{"taxonomy":"product_cat","embeddable":true,"href":"https:\/\/tajkertesz.com\/en_US\/wp-json\/wp\/v2\/product_cat?post=1046"},{"taxonomy":"product_tag","embeddable":true,"href":"https:\/\/tajkertesz.com\/en_US\/wp-json\/wp\/v2\/product_tag?post=1046"}],"curies":[{"name":"wp","href":"https:\/\/api.w.org\/{rel}","templated":true}]}}