{"id":1047,"date":"2020-02-24T10:55:59","date_gmt":"2020-02-24T10:55:59","guid":{"rendered":"https:\/\/tajkertesz.com\/?post_type=product&#038;p=1047"},"modified":"2023-12-16T12:55:15","modified_gmt":"2023-12-16T12:55:15","slug":"tilia-argentea-teriezust-hars","status":"publish","type":"product","link":"https:\/\/tajkertesz.com\/en_US\/product\/tilia-argentea-teriezust-hars\/","title":{"rendered":"Tilia argentea &#8216;Teri&#8217;, Ez\u00fcst h\u00e1rs"},"content":{"rendered":"<p style=\"text-align: justify;\">Tilia argentea &#8216;Teri&#8217;,Ez\u00fcst h\u00e1rs<\/p>\n<p style=\"text-align: justify;\">Tilia argentea &#8216;Teri&#8217;,Ez\u00fcst h\u00e1rs s\u00e1rga vir\u00e1g\u00fa , er\u0151s illat\u00fa, j\u00faliusban ny\u00edl\u00f3 d\u00edszfa. Sz\u0171k utc\u00e1k f\u00e1s\u00edt\u00e1s\u00e1ra kiv\u00e1l\u00f3an alkalmas.<\/p>\n<p style=\"text-align: justify;\"><b>N\u00f6veked\u00e9s, alak:<\/b>\u00a015-20 m magas, szab\u00e1lyos, toj\u00e1sdad koron\u00e1j\u00fa fa.<br \/>\n<b>Lev\u00e9l:<\/b>\u00a0Sz\u00edves v\u00e1ll\u00fa, s\u00f6t\u00e9tz\u00f6ld, fon\u00e1kja ez\u00fcst\u00f6s.<br \/>\n<b>Vir\u00e1g:<\/b>\u00a0Vir\u00e1gzata cs\u00fcng\u0151, s\u00e1rga, er\u0151s illat\u00fa, j\u00faliusban ny\u00edlik<br \/>\n<b>Term\u0151hely, ig\u00e9ny:<\/b>\u00a0\u00dcde, f\u00e9lsz\u00e1raz, k\u00f6t\u00f6tt talaj, m\u00e9szkedvel\u0151, v\u00e1rosi kl\u00edm\u00e1t j\u00f3l t\u0171ri<br \/>\n<b>Felhaszn\u00e1l\u00e1s:<\/b>\u00a0Sz\u0171k utc\u00e1k f\u00e1s\u00edt\u00e1s\u00e1ra kiv\u00e1l\u00f3an alkalmas.<br \/>\n<b>Sz\u00e1rmaz\u00e1s:<\/b>\u00a0Magyarorsz\u00e1g<\/p>\n<p style=\"line-height: 18pt; background: white; margin: 0cm 0cm 15pt; text-align: justify;\"><span style=\"font-family: 'Ubuntu',serif; color: black;\">El\u00e9rhet\u0151 t\u00f6bbf\u00e9le m\u00e9retben \u00e9s \u00e1rban.<\/span><\/p>\n<p style=\"line-height: 18pt; background: white; margin: 0cm 0cm 15pt; text-align: justify;\"><b><span style=\"font-family: 'Ubuntu',serif; color: black;\">K\u00e9szlet\u00fcnk napi szinten v\u00e1ltozik, ez\u00e9rt k\u00e9rj\u00fck, \u00e9rdekl\u0151dj\u00f6n szem\u00e9lyesen, telefonon vagy email-en.<br \/>\nA v\u00e1ltoztat\u00e1s jog\u00e1t fenntartjuk!\u00a0<\/span><\/b><\/p>\n<p style=\"text-align: justify;\"><a href=\"https:\/\/tajkertesz.com\/\">https:\/\/tajkertesz.com\/<\/a><\/p>\n<p style=\"text-align: justify;\"><a href=\"https:\/\/hu.wikipedia.org\/wiki\/Ez%C3%BCst_h%C3%A1rs\">https:\/\/hu.wikipedia.org\/wiki\/Ez%C3%BCst_h%C3%A1rs<\/a><\/p>\n<h2><span id=\"Megjelen\u00e9se\" class=\"mw-headline\" style=\"color: #ffffff;\">Megjelen\u00e9se<\/span><\/h2>\n<p><span style=\"color: #ffffff;\">Magas termet\u0171 (25\u201330\u00a0m), szab\u00e1lyos alak\u00fa fa. Koron\u00e1ja fiatalon k\u00fap alak\u00fa. A t\u00f6rzse egyenes, a k\u00e9rge sima, z\u00f6ldessz\u00fcrke, id\u0151sebb kor\u00e1ban finom reped\u00e9sek tark\u00edtj\u00e1k. \u00c1gai egyenletesen veszik k\u00f6r\u00fcl a sudarat; fiatalon meredeken felfel\u00e9 tartanak. Vessz\u0151j\u00e9t \u00e9s lekerek\u00edtett cs\u00facs\u00fa, toj\u00e1sdad, z\u00f6ld r\u00fcgyeit ez\u00fcst\u00f6s pikkelysz\u0151r\u00f6k bor\u00edtj\u00e1k: ez a d\u00fas, feh\u00e9r sz\u0151rzet k\u00fcl\u00f6n\u00f6sen a fiatal hajt\u00e1sokon felt\u0171n\u0151, ekkor l\u00e1tszik legjobban a hajt\u00e1s szimpodi\u00e1lis (azaz cikkcakkos vagy zegzugos) n\u00f6veked\u00e9se is.<\/span><\/p>\n<p><span style=\"color: #ffffff;\">V\u00e1ltakoz\u00f3, sz\u00f3rt \u00e1ll\u00e1s\u00fa levelei kerekdedek vagy sz\u00e9les toj\u00e1sdadok, a lev\u00e9l v\u00e1lla sz\u00edves vagy ferde (aszimmetrikus), a cs\u00facsa hegyes, a sz\u00e9le egyenletesen f\u0171r\u00e9szes. A lev\u00e9l sz\u00edne fak\u00f3 z\u00f6ld; fon\u00e1ka, amit egyenletesen bor\u00edtanak a csillagsz\u0151r\u00f6k, ez\u00fcstfeh\u00e9r vagy sz\u00fcrk\u00e9sz\u00f6ld. Ez a sz\u0151rzet a k\u00f6rnyezett\u0151l \u00e9s a lev\u00e9l f\u00e9ny-\u00e1rny\u00e9k viszonyait\u00f3l f\u00fcgg\u0151en igen v\u00e1ltoz\u00f3 lehet: egyes levelek fon\u00e1ka szabad szemmel csupasznak l\u00e1tszik. A lev\u00e9l biztos hat\u00e1roz\u00f3b\u00e9lyege, hogy fon\u00e1k\u00e1n az \u00e9rzugokban nincsenek sz\u0151rcsom\u00f3k, hanem ugyanolyan csillagsz\u0151r\u00f6k n\u0151nek, mint az \u00e9rk\u00f6zi r\u00e9szeken. Forr\u00f3 ny\u00e1ri napokon az ez\u00fcst h\u00e1rs levelei t\u00f6bb\u00e9-kev\u00e9sb\u00e9 f\u00fcgg\u0151leges helyzetbe \u00e1llnak, vagy fon\u00e1kukat ford\u00edtj\u00e1k a Nap fel\u00e9, hogy cs\u00f6kkents\u00e9k a p\u00e1rologtat\u00e1st. \u0150szi lombja aranys\u00e1rga.<\/span><\/p>\n<p><span style=\"color: #ffffff;\">Vir\u00e1gai 6\u20139 (10) tag\u00fa bogerny\u0151ben \u00e1llnak; a vir\u00e1gtengely f\u00e9lig \u00f6sszen\u0151tt az ugyancsak csillagsz\u0151r\u00f6s rep\u00edt\u0151 fellev\u00e9llel. Cs\u00e9szelevelei halv\u00e1ny z\u00f6ldes-feh\u00e9rek, a t\u00f6v\u00fck\u00f6n nekt\u00e1rmirigyek tal\u00e1lhat\u00f3k. Sziromlevelei vajs\u00e1rg\u00e1k, kanalasak, porz\u00f3i nem ny\u00falnak t\u00fal a takar\u00f3leveleken, bibesz\u00e1la viszont t\u00falny\u00falik a porz\u00f3kon. Az \u0151shonos h\u00e1rsfajok k\u00f6z\u00fcl egyed\u00fcl az ez\u00fcst h\u00e1rs porz\u00f3i k\u00f6z\u00f6tt akadnak petaloid sztaminodiumok: az \u00f6t falk\u00e1ba t\u00f6m\u00f6r\u00fclt porz\u00f3k k\u00f6z\u00fcl falk\u00e1nk\u00e9nt a legk\u00fcls\u0151ket. Ezeknek nincs portokja, alakjuk sziromhoz hasonl\u00edt (b\u00e1r azokn\u00e1l kisebbek).<\/span><\/p>\n<p><span style=\"color: #ffffff;\">Term\u00e9se g\u00f6mb\u00f6ly\u0171, sz\u0151r\u00f6s makk.<\/span><\/p>\n<p>&nbsp;<\/p>\n<p>&nbsp;<\/p>","protected":false},"excerpt":{"rendered":"<p>Tilia argentea &#8216;Teri&#8217;,Ez\u00fcst h\u00e1rs s\u00e1rga vir\u00e1g\u00fa , er\u0151s illat\u00fa, j\u00faliusban ny\u00edl\u00f3 d\u00edszfa. Sz\u0171k utc\u00e1k f\u00e1s\u00edt\u00e1s\u00e1ra kiv\u00e1l\u00f3an alkalmas.<\/p>\n<p><b>N\u00f6veked\u00e9s, alak:<\/b>\u00a015-20 m magas, szab\u00e1lyos, toj\u00e1sdad koron\u00e1j\u00fa fa.<br \/>\n<b>Lev\u00e9l:<\/b>\u00a0Sz\u00edves v\u00e1ll\u00fa, s\u00f6t\u00e9tz\u00f6ld, fon\u00e1kja ez\u00fcst\u00f6s.<br \/>\n<b>Vir\u00e1g:<\/b>\u00a0Vir\u00e1gzata cs\u00fcng\u0151, s\u00e1rga, er\u0151s illat\u00fa, j\u00faliusban ny\u00edlik<br \/>\n<b>Term\u0151hely, ig\u00e9ny:<\/b>\u00a0\u00dcde, f\u00e9lsz\u00e1raz, k\u00f6t\u00f6tt talaj, m\u00e9szkedvel\u0151, v\u00e1rosi kl\u00edm\u00e1t j\u00f3l t\u0171ri<br \/>\n<b>Felhaszn\u00e1l\u00e1s:<\/b>\u00a0Sz\u0171k utc\u00e1k f\u00e1s\u00edt\u00e1s\u00e1ra kiv\u00e1l\u00f3an alkalmas.<br \/>\n<b>Sz\u00e1rmaz\u00e1s:<\/b>\u00a0Magyarorsz\u00e1g<\/p>","protected":false},"featured_media":1050,"template":"","meta":{"_et_pb_use_builder":"","_et_pb_old_content":"","_et_gb_content_width":""},"product_brand":[],"product_cat":[28],"product_tag":[170,169],"class_list":{"0":"post-1047","1":"product","2":"type-product","3":"status-publish","4":"has-post-thumbnail","6":"product_cat-diszfak","7":"product_tag-ezust-hars","8":"product_tag-tilia-argentea-teri","10":"first","11":"outofstock","12":"shipping-taxable","13":"purchasable","14":"product-type-simple"},"yoast_head":"<!-- This site is optimized with the Yoast SEO plugin v27.4 - https:\/\/yoast.com\/product\/yoast-seo-wordpress\/ -->\n<title>Tilia argentea &#039;Teri&#039;, Ez\u00fcst h\u00e1rs - T\u00e1jkert\u00e9sz<\/title>\n<meta name=\"description\" content=\"Tilia argentea &#039;Teri&#039;,Ez\u00fcst h\u00e1rs s\u00e1rga vir\u00e1g\u00fa , er\u0151s illat\u00fa, j\u00faliusban ny\u00edl\u00f3 d\u00edszfa. Sz\u0171k utc\u00e1k f\u00e1s\u00edt\u00e1s\u00e1ra kiv\u00e1l\u00f3an alkalmas.\" \/>\n<meta name=\"robots\" content=\"index, follow, max-snippet:-1, max-image-preview:large, max-video-preview:-1\" \/>\n<link rel=\"canonical\" href=\"https:\/\/tajkertesz.com\/en_US\/product\/tilia-argentea-teriezust-hars\/\" \/>\n<meta property=\"og:locale\" content=\"en_US\" \/>\n<meta property=\"og:type\" content=\"article\" \/>\n<meta property=\"og:title\" content=\"Tilia argentea &#039;Teri&#039;, Ez\u00fcst h\u00e1rs - T\u00e1jkert\u00e9sz\" \/>\n<meta property=\"og:description\" content=\"Tilia argentea &#039;Teri&#039;,Ez\u00fcst h\u00e1rs s\u00e1rga vir\u00e1g\u00fa , er\u0151s illat\u00fa, j\u00faliusban ny\u00edl\u00f3 d\u00edszfa. Sz\u0171k utc\u00e1k f\u00e1s\u00edt\u00e1s\u00e1ra kiv\u00e1l\u00f3an alkalmas.\" \/>\n<meta property=\"og:url\" content=\"https:\/\/tajkertesz.com\/en_US\/product\/tilia-argentea-teriezust-hars\/\" \/>\n<meta property=\"og:site_name\" content=\"T\u00e1jkert\u00e9sz\" \/>\n<meta property=\"article:publisher\" content=\"https:\/\/www.facebook.com\/Tajkertesz\/\" \/>\n<meta property=\"article:modified_time\" content=\"2023-12-16T12:55:15+00:00\" \/>\n<meta property=\"og:image\" content=\"https:\/\/tajkertesz.com\/wp-content\/uploads\/2020\/02\/Tilia-Teri.jpg\" \/>\n\t<meta property=\"og:image:width\" content=\"270\" \/>\n\t<meta property=\"og:image:height\" content=\"186\" \/>\n\t<meta property=\"og:image:type\" content=\"image\/jpeg\" \/>\n<meta name=\"twitter:card\" content=\"summary_large_image\" \/>\n<meta name=\"twitter:label1\" content=\"Est. reading time\" \/>\n\t<meta name=\"twitter:data1\" content=\"2 minutes\" \/>\n<script type=\"application\/ld+json\" class=\"yoast-schema-graph\">{\"@context\":\"https:\\\/\\\/schema.org\",\"@graph\":[{\"@type\":\"WebPage\",\"@id\":\"https:\\\/\\\/tajkertesz.com\\\/termek\\\/tilia-argentea-teriezust-hars\\\/\",\"url\":\"https:\\\/\\\/tajkertesz.com\\\/termek\\\/tilia-argentea-teriezust-hars\\\/\",\"name\":\"Tilia argentea 'Teri', Ez\u00fcst h\u00e1rs - T\u00e1jkert\u00e9sz\",\"isPartOf\":{\"@id\":\"https:\\\/\\\/tajkertesz.com\\\/#website\"},\"primaryImageOfPage\":{\"@id\":\"https:\\\/\\\/tajkertesz.com\\\/termek\\\/tilia-argentea-teriezust-hars\\\/#primaryimage\"},\"image\":{\"@id\":\"https:\\\/\\\/tajkertesz.com\\\/termek\\\/tilia-argentea-teriezust-hars\\\/#primaryimage\"},\"thumbnailUrl\":\"https:\\\/\\\/tajkertesz.com\\\/wp-content\\\/uploads\\\/2020\\\/02\\\/Tilia-Teri.jpg\",\"datePublished\":\"2020-02-24T10:55:59+00:00\",\"dateModified\":\"2023-12-16T12:55:15+00:00\",\"description\":\"Tilia argentea 'Teri',Ez\u00fcst h\u00e1rs s\u00e1rga vir\u00e1g\u00fa , er\u0151s illat\u00fa, j\u00faliusban ny\u00edl\u00f3 d\u00edszfa. Sz\u0171k utc\u00e1k f\u00e1s\u00edt\u00e1s\u00e1ra kiv\u00e1l\u00f3an alkalmas.\",\"breadcrumb\":{\"@id\":\"https:\\\/\\\/tajkertesz.com\\\/termek\\\/tilia-argentea-teriezust-hars\\\/#breadcrumb\"},\"inLanguage\":\"en-US\",\"potentialAction\":[{\"@type\":\"ReadAction\",\"target\":[\"https:\\\/\\\/tajkertesz.com\\\/termek\\\/tilia-argentea-teriezust-hars\\\/\"]}]},{\"@type\":\"ImageObject\",\"inLanguage\":\"en-US\",\"@id\":\"https:\\\/\\\/tajkertesz.com\\\/termek\\\/tilia-argentea-teriezust-hars\\\/#primaryimage\",\"url\":\"https:\\\/\\\/tajkertesz.com\\\/wp-content\\\/uploads\\\/2020\\\/02\\\/Tilia-Teri.jpg\",\"contentUrl\":\"https:\\\/\\\/tajkertesz.com\\\/wp-content\\\/uploads\\\/2020\\\/02\\\/Tilia-Teri.jpg\",\"width\":270,\"height\":186},{\"@type\":\"BreadcrumbList\",\"@id\":\"https:\\\/\\\/tajkertesz.com\\\/termek\\\/tilia-argentea-teriezust-hars\\\/#breadcrumb\",\"itemListElement\":[{\"@type\":\"ListItem\",\"position\":1,\"name\":\"Home\",\"item\":\"https:\\\/\\\/tajkertesz.com\\\/\"},{\"@type\":\"ListItem\",\"position\":2,\"name\":\"Kezd\u0151lap\",\"item\":\"https:\\\/\\\/tajkertesz.com\\\/\"},{\"@type\":\"ListItem\",\"position\":3,\"name\":\"Tilia argentea &#8216;Teri&#8217;, Ez\u00fcst h\u00e1rs\"}]},{\"@type\":\"WebSite\",\"@id\":\"https:\\\/\\\/tajkertesz.com\\\/#website\",\"url\":\"https:\\\/\\\/tajkertesz.com\\\/\",\"name\":\"T\u00e1j-Kert\u00e9sz 84 Kft.\",\"description\":\"Kert\u00e9szeti kis- \u00e9s nagykeresked\u00e9s, D\u00edszn\u00f6v\u00e9ny web\u00e1ruh\u00e1z orsz\u00e1gos h\u00e1zhozsz\u00e1ll\u00edt\u00e1ssal!\",\"publisher\":{\"@id\":\"https:\\\/\\\/tajkertesz.com\\\/#organization\"},\"potentialAction\":[{\"@type\":\"SearchAction\",\"target\":{\"@type\":\"EntryPoint\",\"urlTemplate\":\"https:\\\/\\\/tajkertesz.com\\\/?s={search_term_string}\"},\"query-input\":{\"@type\":\"PropertyValueSpecification\",\"valueRequired\":true,\"valueName\":\"search_term_string\"}}],\"inLanguage\":\"en-US\"},{\"@type\":\"Organization\",\"@id\":\"https:\\\/\\\/tajkertesz.com\\\/#organization\",\"name\":\"T\u00e1j-Kert\u00e9sz 84 Kft.\",\"url\":\"https:\\\/\\\/tajkertesz.com\\\/\",\"logo\":{\"@type\":\"ImageObject\",\"inLanguage\":\"en-US\",\"@id\":\"https:\\\/\\\/tajkertesz.com\\\/#\\\/schema\\\/logo\\\/image\\\/\",\"url\":\"https:\\\/\\\/tajkertesz.com\\\/wp-content\\\/uploads\\\/2018\\\/02\\\/logo-2-e1518678052539.png\",\"contentUrl\":\"https:\\\/\\\/tajkertesz.com\\\/wp-content\\\/uploads\\\/2018\\\/02\\\/logo-2-e1518678052539.png\",\"width\":81,\"height\":140,\"caption\":\"T\u00e1j-Kert\u00e9sz 84 Kft.\"},\"image\":{\"@id\":\"https:\\\/\\\/tajkertesz.com\\\/#\\\/schema\\\/logo\\\/image\\\/\"},\"sameAs\":[\"https:\\\/\\\/www.facebook.com\\\/Tajkertesz\\\/\"]}]}<\/script>\n<!-- \/ Yoast SEO plugin. -->","yoast_head_json":{"title":"Tilia argentea 'Teri', Ez\u00fcst h\u00e1rs - T\u00e1jkert\u00e9sz","description":"Tilia argentea 'Teri',Ez\u00fcst h\u00e1rs s\u00e1rga vir\u00e1g\u00fa , er\u0151s illat\u00fa, j\u00faliusban ny\u00edl\u00f3 d\u00edszfa. Sz\u0171k utc\u00e1k f\u00e1s\u00edt\u00e1s\u00e1ra kiv\u00e1l\u00f3an alkalmas.","robots":{"index":"index","follow":"follow","max-snippet":"max-snippet:-1","max-image-preview":"max-image-preview:large","max-video-preview":"max-video-preview:-1"},"canonical":"https:\/\/tajkertesz.com\/en_US\/product\/tilia-argentea-teriezust-hars\/","og_locale":"en_US","og_type":"article","og_title":"Tilia argentea 'Teri', Ez\u00fcst h\u00e1rs - T\u00e1jkert\u00e9sz","og_description":"Tilia argentea 'Teri',Ez\u00fcst h\u00e1rs s\u00e1rga vir\u00e1g\u00fa , er\u0151s illat\u00fa, j\u00faliusban ny\u00edl\u00f3 d\u00edszfa. Sz\u0171k utc\u00e1k f\u00e1s\u00edt\u00e1s\u00e1ra kiv\u00e1l\u00f3an alkalmas.","og_url":"https:\/\/tajkertesz.com\/en_US\/product\/tilia-argentea-teriezust-hars\/","og_site_name":"T\u00e1jkert\u00e9sz","article_publisher":"https:\/\/www.facebook.com\/Tajkertesz\/","article_modified_time":"2023-12-16T12:55:15+00:00","og_image":[{"width":270,"height":186,"url":"https:\/\/tajkertesz.com\/wp-content\/uploads\/2020\/02\/Tilia-Teri.jpg","type":"image\/jpeg"}],"twitter_card":"summary_large_image","twitter_misc":{"Est. reading time":"2 minutes"},"schema":{"@context":"https:\/\/schema.org","@graph":[{"@type":"WebPage","@id":"https:\/\/tajkertesz.com\/termek\/tilia-argentea-teriezust-hars\/","url":"https:\/\/tajkertesz.com\/termek\/tilia-argentea-teriezust-hars\/","name":"Tilia argentea 'Teri', Ez\u00fcst h\u00e1rs - T\u00e1jkert\u00e9sz","isPartOf":{"@id":"https:\/\/tajkertesz.com\/#website"},"primaryImageOfPage":{"@id":"https:\/\/tajkertesz.com\/termek\/tilia-argentea-teriezust-hars\/#primaryimage"},"image":{"@id":"https:\/\/tajkertesz.com\/termek\/tilia-argentea-teriezust-hars\/#primaryimage"},"thumbnailUrl":"https:\/\/tajkertesz.com\/wp-content\/uploads\/2020\/02\/Tilia-Teri.jpg","datePublished":"2020-02-24T10:55:59+00:00","dateModified":"2023-12-16T12:55:15+00:00","description":"Tilia argentea 'Teri',Ez\u00fcst h\u00e1rs s\u00e1rga vir\u00e1g\u00fa , er\u0151s illat\u00fa, j\u00faliusban ny\u00edl\u00f3 d\u00edszfa. Sz\u0171k utc\u00e1k f\u00e1s\u00edt\u00e1s\u00e1ra kiv\u00e1l\u00f3an alkalmas.","breadcrumb":{"@id":"https:\/\/tajkertesz.com\/termek\/tilia-argentea-teriezust-hars\/#breadcrumb"},"inLanguage":"en-US","potentialAction":[{"@type":"ReadAction","target":["https:\/\/tajkertesz.com\/termek\/tilia-argentea-teriezust-hars\/"]}]},{"@type":"ImageObject","inLanguage":"en-US","@id":"https:\/\/tajkertesz.com\/termek\/tilia-argentea-teriezust-hars\/#primaryimage","url":"https:\/\/tajkertesz.com\/wp-content\/uploads\/2020\/02\/Tilia-Teri.jpg","contentUrl":"https:\/\/tajkertesz.com\/wp-content\/uploads\/2020\/02\/Tilia-Teri.jpg","width":270,"height":186},{"@type":"BreadcrumbList","@id":"https:\/\/tajkertesz.com\/termek\/tilia-argentea-teriezust-hars\/#breadcrumb","itemListElement":[{"@type":"ListItem","position":1,"name":"Home","item":"https:\/\/tajkertesz.com\/"},{"@type":"ListItem","position":2,"name":"Kezd\u0151lap","item":"https:\/\/tajkertesz.com\/"},{"@type":"ListItem","position":3,"name":"Tilia argentea &#8216;Teri&#8217;, Ez\u00fcst h\u00e1rs"}]},{"@type":"WebSite","@id":"https:\/\/tajkertesz.com\/#website","url":"https:\/\/tajkertesz.com\/","name":"T\u00e1j-Kert\u00e9sz 84 Kft.","description":"Kert\u00e9szeti kis- \u00e9s nagykeresked\u00e9s, D\u00edszn\u00f6v\u00e9ny web\u00e1ruh\u00e1z orsz\u00e1gos h\u00e1zhozsz\u00e1ll\u00edt\u00e1ssal!","publisher":{"@id":"https:\/\/tajkertesz.com\/#organization"},"potentialAction":[{"@type":"SearchAction","target":{"@type":"EntryPoint","urlTemplate":"https:\/\/tajkertesz.com\/?s={search_term_string}"},"query-input":{"@type":"PropertyValueSpecification","valueRequired":true,"valueName":"search_term_string"}}],"inLanguage":"en-US"},{"@type":"Organization","@id":"https:\/\/tajkertesz.com\/#organization","name":"T\u00e1j-Kert\u00e9sz 84 Kft.","url":"https:\/\/tajkertesz.com\/","logo":{"@type":"ImageObject","inLanguage":"en-US","@id":"https:\/\/tajkertesz.com\/#\/schema\/logo\/image\/","url":"https:\/\/tajkertesz.com\/wp-content\/uploads\/2018\/02\/logo-2-e1518678052539.png","contentUrl":"https:\/\/tajkertesz.com\/wp-content\/uploads\/2018\/02\/logo-2-e1518678052539.png","width":81,"height":140,"caption":"T\u00e1j-Kert\u00e9sz 84 Kft."},"image":{"@id":"https:\/\/tajkertesz.com\/#\/schema\/logo\/image\/"},"sameAs":["https:\/\/www.facebook.com\/Tajkertesz\/"]}]}},"_links":{"self":[{"href":"https:\/\/tajkertesz.com\/en_US\/wp-json\/wp\/v2\/product\/1047","targetHints":{"allow":["GET"]}}],"collection":[{"href":"https:\/\/tajkertesz.com\/en_US\/wp-json\/wp\/v2\/product"}],"about":[{"href":"https:\/\/tajkertesz.com\/en_US\/wp-json\/wp\/v2\/types\/product"}],"wp:featuredmedia":[{"embeddable":true,"href":"https:\/\/tajkertesz.com\/en_US\/wp-json\/wp\/v2\/media\/1050"}],"wp:attachment":[{"href":"https:\/\/tajkertesz.com\/en_US\/wp-json\/wp\/v2\/media?parent=1047"}],"wp:term":[{"taxonomy":"product_brand","embeddable":true,"href":"https:\/\/tajkertesz.com\/en_US\/wp-json\/wp\/v2\/product_brand?post=1047"},{"taxonomy":"product_cat","embeddable":true,"href":"https:\/\/tajkertesz.com\/en_US\/wp-json\/wp\/v2\/product_cat?post=1047"},{"taxonomy":"product_tag","embeddable":true,"href":"https:\/\/tajkertesz.com\/en_US\/wp-json\/wp\/v2\/product_tag?post=1047"}],"curies":[{"name":"wp","href":"https:\/\/api.w.org\/{rel}","templated":true}]}}