{"id":10494,"date":"2021-10-14T12:20:15","date_gmt":"2021-10-14T12:20:15","guid":{"rendered":"https:\/\/tajkertesz.com\/?post_type=product&#038;p=10494"},"modified":"2026-02-16T15:04:39","modified_gmt":"2026-02-16T15:04:39","slug":"lapat-pcl-p-truper-2","status":"publish","type":"product","link":"https:\/\/tajkertesz.com\/en_US\/product\/lapat-pcl-p-truper-2\/","title":{"rendered":"LAP\u00c1T PCL-P TRUPER"},"content":{"rendered":"<div class=\"top product-page-top lazy\">\n<div class=\"center product-page-center lazy\">\n<h1>LAP\u00c1T PCL-P TRUPER<\/h1>\n<p>LAP\u00c1T PCL-P TRUPER, Hossz\u00fas\u00e1g: 143 cm<br \/>\nFej sz\u00e9less\u00e9ge: 24 cm<\/p>\n<h1 class=\"product_title entry-title\">Truper lap\u00e1t h\u0151kezelt ac\u00e9l fejjel \u00e9s lakkozott fa ny\u00e9llel<\/h1>\n<div class=\"woocommerce-product-details__short-description\">\n<p>A Truper lap\u00e1t h\u0151kezelt ac\u00e9l fejjel \u00e9s lakkozott fa ny\u00e9llel\u00a0 egy igen j\u00f3 min\u0151s\u00e9g\u0171\u00a0kerti szersz\u00e1m.<\/p>\n<p>A kerti munk\u00e1k elengedhetetlen alapvet\u0151 eszk\u00f6ze egy min\u0151s\u00e9gi lap\u00e1t.<\/p>\n<p>Szinte azt mondhatjuk hogy eg\u00e9sz \u00e9vben haszn\u00e1lunk \u00e9lap\u00e1tot kerti munka eset\u00e9n.<\/p>\n<p>J\u00e1rda sepr\u00e9s, avar felszed\u00e9s , h\u00f3lap\u00e1tol\u00e1s \u00e9s m\u00e9g ki tudja h\u00e1ny meg h\u00e1ny esetben v\u00e1lik majd hasznunkra ez a nagyszer\u0171 term\u00e9k.<\/p>\n<p>Alapadatok:<\/p>\n<p>A lap\u00e1t, 24cm h\u0151kezelt ac\u00e9l fejjel \u00e9s\u00a0 114cm hossz\u00fa lakkozott fa ny\u00e9llel rendelkezik, teljes magass\u00e1ga 143 cm hossz\u00fa.<\/p>\n<p>S\u00falya :1,8kg<\/p>\n<\/div>\n<\/div>\n<\/div>\n<div class=\"product-page-price-wrapper lazy\">\n<div class=\"product-page-price lazy\"><\/div>\n<\/div>\n<p style=\"line-height: 18.0pt; background: white; margin: 0cm 0cm 15.0pt 0cm;\"><b><span style=\"font-family: 'Ubuntu',serif; color: black;\">K\u00e9szlet\u00fcnk napi szinten v\u00e1ltozik, ez\u00e9rt k\u00e9rj\u00fck, \u00e9rdekl\u0151dj\u00f6n szem\u00e9lyesen, telefonon vagy email-en.<br \/>\nA v\u00e1ltoztat\u00e1s jog\u00e1t fenntartjuk!\u00a0<\/span><\/b><\/p>\n<p><a href=\"https:\/\/tajkertesz.com\/\">https:\/\/tajkertesz.com\/<\/a><\/p>\n<p><a href=\"https:\/\/www.facebook.com\/tajkertesz\">https:\/\/www.facebook.com\/tajkertesz<\/a><\/p>","protected":false},"excerpt":{"rendered":"<div class=\"top product-page-top lazy\">\n<div class=\"center product-page-center lazy\">\n<div class=\"top product-page-top lazy\">\n<div class=\"center product-page-center lazy\">\n<div class=\"top product-page-top lazy\">\n<div class=\"center product-page-center lazy\">\n<div class=\"top product-page-top lazy\">\n<div class=\"center product-page-center lazy\">\n<div class=\"top product-page-top lazy\">\n<div class=\"center product-page-center lazy\">\n<p>Truper LAP\u00c1T PCL<\/p>\n<p class=\"product_title entry-title\">Truper lap\u00e1t h\u0151kezelt ac\u00e9l fejjel \u00e9s lakkozott fa ny\u00e9llel&#8230;<\/p>\n<div id=\"bodyContent\" class=\"mw-body-content\">\n<div id=\"mw-content-text\" class=\"mw-content-ltr\" dir=\"ltr\" lang=\"hu\">\n<div id=\"bodyContent\" class=\"mw-body-content\">\n<div id=\"mw-content-text\" class=\"mw-content-ltr\" dir=\"ltr\" lang=\"hu\">\n<p><b>K\u00e9szlet\u00fcnk napi szinten v\u00e1ltozik, ez\u00e9rt k\u00e9rj\u00fck, \u00e9rdekl\u0151dj\u00f6n szem\u00e9lyesen, telefonon vagy email-en.<\/b><\/p>\n<p>Term\u00e9keinket szem\u00e9lyesen is \u00e1tveheti a h\u00e9t minden napj\u00e1n nyitvatart\u00e1si id\u0151ben!<\/p>\n<p>Kisz\u00e1ll\u00edt\u00e1s: 200 cm \u00e9s 40 kg-ig a sz\u00e1ll\u00edt\u00e1s fut\u00e1rszolg\u00e1lattal t\u00f6rt\u00e9nik.<\/p>\n<\/div>\n<\/div>\n<\/div>\n<\/div>\n<p><b>A v\u00e1ltoztat\u00e1s jog\u00e1t fenntartjuk!\u00a0<\/b><\/p>\n<\/div>\n<\/div>\n<\/div>\n<\/div>\n<\/div>\n<\/div>\n<\/div>\n<\/div>\n<\/div>\n<\/div>","protected":false},"featured_media":2744,"template":"","meta":{"_et_pb_use_builder":"","_et_pb_old_content":"","_et_gb_content_width":""},"product_brand":[],"product_cat":[1952],"product_tag":[1008,1967,5053,927],"class_list":{"0":"post-10494","1":"product","2":"type-product","3":"status-publish","4":"has-post-thumbnail","6":"product_cat-aso-lapat-kapa-gereblye-nyel","7":"product_tag-lapat","8":"product_tag-lapat-pcl-p-truper","9":"product_tag-pcl-p","10":"product_tag-truper","12":"first","13":"instock","14":"sale","15":"shipping-taxable","16":"purchasable","17":"product-type-simple"},"yoast_head":"<!-- This site is optimized with the Yoast SEO plugin v27.5 - https:\/\/yoast.com\/product\/yoast-seo-wordpress\/ -->\n<title>LAP\u00c1T PCL-P TRUPER - T\u00e1jkert\u00e9sz<\/title>\n<meta name=\"description\" content=\"LAP\u00c1T PCL-P TRUPER\" \/>\n<meta name=\"robots\" content=\"index, follow, max-snippet:-1, max-image-preview:large, max-video-preview:-1\" \/>\n<link rel=\"canonical\" href=\"https:\/\/tajkertesz.com\/en_US\/product\/lapat-pcl-p-truper-2\/\" \/>\n<meta property=\"og:locale\" content=\"en_US\" \/>\n<meta property=\"og:type\" content=\"article\" \/>\n<meta property=\"og:title\" content=\"https:\/\/www.facebook.com\/tajkertesz\" \/>\n<meta property=\"og:description\" content=\"Truper lap\u00e1t h\u0151kezelt ac\u00e9l fejjel \u00e9s lakkozott fa ny\u00e9llel A Truper lap\u00e1t h\u0151kezelt ac\u00e9l fejjel \u00e9s lakkozott fa ny\u00e9llel\u00a0 egy igen j\u00f3 min\u0151s\u00e9g\u0171\u00a0kerti szersz\u00e1m.A kerti munk\u00e1k elengedhetetlen alapvet\u0151 eszk\u00f6ze egy min\u0151s\u00e9gi lap\u00e1t. Szinte azt mondhatjuk hogy eg\u00e9sz \u00e9vben haszn\u00e1lunk \u00e9lap\u00e1tot kerti munka eset\u00e9n.\" \/>\n<meta property=\"og:url\" content=\"https:\/\/tajkertesz.com\/en_US\/product\/lapat-pcl-p-truper-2\/\" \/>\n<meta property=\"og:site_name\" content=\"T\u00e1jkert\u00e9sz\" \/>\n<meta property=\"article:publisher\" content=\"https:\/\/www.facebook.com\/Tajkertesz\/\" \/>\n<meta property=\"article:modified_time\" content=\"2026-02-16T15:04:39+00:00\" \/>\n<meta property=\"og:image\" content=\"https:\/\/tajkertesz.com\/wp-content\/uploads\/2020\/11\/Truper-lapat-PCL-P17176-t-2000.jpg2_.jpg\" \/>\n\t<meta property=\"og:image:width\" content=\"1800\" \/>\n\t<meta property=\"og:image:height\" content=\"1800\" \/>\n\t<meta property=\"og:image:type\" content=\"image\/jpeg\" \/>\n<meta name=\"twitter:card\" content=\"summary_large_image\" \/>\n<meta name=\"twitter:label1\" content=\"Est. reading time\" \/>\n\t<meta name=\"twitter:data1\" content=\"1 minute\" \/>\n<script type=\"application\/ld+json\" class=\"yoast-schema-graph\">{\"@context\":\"https:\\\/\\\/schema.org\",\"@graph\":[{\"@type\":\"WebPage\",\"@id\":\"https:\\\/\\\/tajkertesz.com\\\/termek\\\/lapat-pcl-p-truper-2\\\/\",\"url\":\"https:\\\/\\\/tajkertesz.com\\\/termek\\\/lapat-pcl-p-truper-2\\\/\",\"name\":\"LAP\u00c1T PCL-P TRUPER - T\u00e1jkert\u00e9sz\",\"isPartOf\":{\"@id\":\"https:\\\/\\\/tajkertesz.com\\\/#website\"},\"primaryImageOfPage\":{\"@id\":\"https:\\\/\\\/tajkertesz.com\\\/termek\\\/lapat-pcl-p-truper-2\\\/#primaryimage\"},\"image\":{\"@id\":\"https:\\\/\\\/tajkertesz.com\\\/termek\\\/lapat-pcl-p-truper-2\\\/#primaryimage\"},\"thumbnailUrl\":\"https:\\\/\\\/tajkertesz.com\\\/wp-content\\\/uploads\\\/2020\\\/11\\\/Truper-lapat-PCL-P17176-t-2000.jpg2_.jpg\",\"datePublished\":\"2021-10-14T12:20:15+00:00\",\"dateModified\":\"2026-02-16T15:04:39+00:00\",\"description\":\"LAP\u00c1T PCL-P TRUPER\",\"breadcrumb\":{\"@id\":\"https:\\\/\\\/tajkertesz.com\\\/termek\\\/lapat-pcl-p-truper-2\\\/#breadcrumb\"},\"inLanguage\":\"en-US\",\"potentialAction\":[{\"@type\":\"ReadAction\",\"target\":[\"https:\\\/\\\/tajkertesz.com\\\/termek\\\/lapat-pcl-p-truper-2\\\/\"]}]},{\"@type\":\"ImageObject\",\"inLanguage\":\"en-US\",\"@id\":\"https:\\\/\\\/tajkertesz.com\\\/termek\\\/lapat-pcl-p-truper-2\\\/#primaryimage\",\"url\":\"https:\\\/\\\/tajkertesz.com\\\/wp-content\\\/uploads\\\/2020\\\/11\\\/Truper-lapat-PCL-P17176-t-2000.jpg2_.jpg\",\"contentUrl\":\"https:\\\/\\\/tajkertesz.com\\\/wp-content\\\/uploads\\\/2020\\\/11\\\/Truper-lapat-PCL-P17176-t-2000.jpg2_.jpg\",\"width\":1800,\"height\":1800},{\"@type\":\"BreadcrumbList\",\"@id\":\"https:\\\/\\\/tajkertesz.com\\\/termek\\\/lapat-pcl-p-truper-2\\\/#breadcrumb\",\"itemListElement\":[{\"@type\":\"ListItem\",\"position\":1,\"name\":\"Home\",\"item\":\"https:\\\/\\\/tajkertesz.com\\\/\"},{\"@type\":\"ListItem\",\"position\":2,\"name\":\"Kezd\u0151lap\",\"item\":\"https:\\\/\\\/tajkertesz.com\\\/\"},{\"@type\":\"ListItem\",\"position\":3,\"name\":\"LAP\u00c1T PCL-P TRUPER\"}]},{\"@type\":\"WebSite\",\"@id\":\"https:\\\/\\\/tajkertesz.com\\\/#website\",\"url\":\"https:\\\/\\\/tajkertesz.com\\\/\",\"name\":\"T\u00e1j-Kert\u00e9sz 84 Kft.\",\"description\":\"Kert\u00e9szeti kis- \u00e9s nagykeresked\u00e9s, D\u00edszn\u00f6v\u00e9ny web\u00e1ruh\u00e1z orsz\u00e1gos h\u00e1zhozsz\u00e1ll\u00edt\u00e1ssal!\",\"publisher\":{\"@id\":\"https:\\\/\\\/tajkertesz.com\\\/#organization\"},\"potentialAction\":[{\"@type\":\"SearchAction\",\"target\":{\"@type\":\"EntryPoint\",\"urlTemplate\":\"https:\\\/\\\/tajkertesz.com\\\/?s={search_term_string}\"},\"query-input\":{\"@type\":\"PropertyValueSpecification\",\"valueRequired\":true,\"valueName\":\"search_term_string\"}}],\"inLanguage\":\"en-US\"},{\"@type\":\"Organization\",\"@id\":\"https:\\\/\\\/tajkertesz.com\\\/#organization\",\"name\":\"T\u00e1j-Kert\u00e9sz 84 Kft.\",\"url\":\"https:\\\/\\\/tajkertesz.com\\\/\",\"logo\":{\"@type\":\"ImageObject\",\"inLanguage\":\"en-US\",\"@id\":\"https:\\\/\\\/tajkertesz.com\\\/#\\\/schema\\\/logo\\\/image\\\/\",\"url\":\"https:\\\/\\\/tajkertesz.com\\\/wp-content\\\/uploads\\\/2018\\\/02\\\/logo-2-e1518678052539.png\",\"contentUrl\":\"https:\\\/\\\/tajkertesz.com\\\/wp-content\\\/uploads\\\/2018\\\/02\\\/logo-2-e1518678052539.png\",\"width\":81,\"height\":140,\"caption\":\"T\u00e1j-Kert\u00e9sz 84 Kft.\"},\"image\":{\"@id\":\"https:\\\/\\\/tajkertesz.com\\\/#\\\/schema\\\/logo\\\/image\\\/\"},\"sameAs\":[\"https:\\\/\\\/www.facebook.com\\\/Tajkertesz\\\/\"]}]}<\/script>\n<!-- \/ Yoast SEO plugin. -->","yoast_head_json":{"title":"LAP\u00c1T PCL-P TRUPER - T\u00e1jkert\u00e9sz","description":"LAP\u00c1T PCL-P TRUPER","robots":{"index":"index","follow":"follow","max-snippet":"max-snippet:-1","max-image-preview":"max-image-preview:large","max-video-preview":"max-video-preview:-1"},"canonical":"https:\/\/tajkertesz.com\/en_US\/product\/lapat-pcl-p-truper-2\/","og_locale":"en_US","og_type":"article","og_title":"https:\/\/www.facebook.com\/tajkertesz","og_description":"Truper lap\u00e1t h\u0151kezelt ac\u00e9l fejjel \u00e9s lakkozott fa ny\u00e9llel A Truper lap\u00e1t h\u0151kezelt ac\u00e9l fejjel \u00e9s lakkozott fa ny\u00e9llel\u00a0 egy igen j\u00f3 min\u0151s\u00e9g\u0171\u00a0kerti szersz\u00e1m.A kerti munk\u00e1k elengedhetetlen alapvet\u0151 eszk\u00f6ze egy min\u0151s\u00e9gi lap\u00e1t. Szinte azt mondhatjuk hogy eg\u00e9sz \u00e9vben haszn\u00e1lunk \u00e9lap\u00e1tot kerti munka eset\u00e9n.","og_url":"https:\/\/tajkertesz.com\/en_US\/product\/lapat-pcl-p-truper-2\/","og_site_name":"T\u00e1jkert\u00e9sz","article_publisher":"https:\/\/www.facebook.com\/Tajkertesz\/","article_modified_time":"2026-02-16T15:04:39+00:00","og_image":[{"width":1800,"height":1800,"url":"https:\/\/tajkertesz.com\/wp-content\/uploads\/2020\/11\/Truper-lapat-PCL-P17176-t-2000.jpg2_.jpg","type":"image\/jpeg"}],"twitter_card":"summary_large_image","twitter_misc":{"Est. reading time":"1 minute"},"schema":{"@context":"https:\/\/schema.org","@graph":[{"@type":"WebPage","@id":"https:\/\/tajkertesz.com\/termek\/lapat-pcl-p-truper-2\/","url":"https:\/\/tajkertesz.com\/termek\/lapat-pcl-p-truper-2\/","name":"LAP\u00c1T PCL-P TRUPER - T\u00e1jkert\u00e9sz","isPartOf":{"@id":"https:\/\/tajkertesz.com\/#website"},"primaryImageOfPage":{"@id":"https:\/\/tajkertesz.com\/termek\/lapat-pcl-p-truper-2\/#primaryimage"},"image":{"@id":"https:\/\/tajkertesz.com\/termek\/lapat-pcl-p-truper-2\/#primaryimage"},"thumbnailUrl":"https:\/\/tajkertesz.com\/wp-content\/uploads\/2020\/11\/Truper-lapat-PCL-P17176-t-2000.jpg2_.jpg","datePublished":"2021-10-14T12:20:15+00:00","dateModified":"2026-02-16T15:04:39+00:00","description":"LAP\u00c1T PCL-P TRUPER","breadcrumb":{"@id":"https:\/\/tajkertesz.com\/termek\/lapat-pcl-p-truper-2\/#breadcrumb"},"inLanguage":"en-US","potentialAction":[{"@type":"ReadAction","target":["https:\/\/tajkertesz.com\/termek\/lapat-pcl-p-truper-2\/"]}]},{"@type":"ImageObject","inLanguage":"en-US","@id":"https:\/\/tajkertesz.com\/termek\/lapat-pcl-p-truper-2\/#primaryimage","url":"https:\/\/tajkertesz.com\/wp-content\/uploads\/2020\/11\/Truper-lapat-PCL-P17176-t-2000.jpg2_.jpg","contentUrl":"https:\/\/tajkertesz.com\/wp-content\/uploads\/2020\/11\/Truper-lapat-PCL-P17176-t-2000.jpg2_.jpg","width":1800,"height":1800},{"@type":"BreadcrumbList","@id":"https:\/\/tajkertesz.com\/termek\/lapat-pcl-p-truper-2\/#breadcrumb","itemListElement":[{"@type":"ListItem","position":1,"name":"Home","item":"https:\/\/tajkertesz.com\/"},{"@type":"ListItem","position":2,"name":"Kezd\u0151lap","item":"https:\/\/tajkertesz.com\/"},{"@type":"ListItem","position":3,"name":"LAP\u00c1T PCL-P TRUPER"}]},{"@type":"WebSite","@id":"https:\/\/tajkertesz.com\/#website","url":"https:\/\/tajkertesz.com\/","name":"T\u00e1j-Kert\u00e9sz 84 Kft.","description":"Kert\u00e9szeti kis- \u00e9s nagykeresked\u00e9s, D\u00edszn\u00f6v\u00e9ny web\u00e1ruh\u00e1z orsz\u00e1gos h\u00e1zhozsz\u00e1ll\u00edt\u00e1ssal!","publisher":{"@id":"https:\/\/tajkertesz.com\/#organization"},"potentialAction":[{"@type":"SearchAction","target":{"@type":"EntryPoint","urlTemplate":"https:\/\/tajkertesz.com\/?s={search_term_string}"},"query-input":{"@type":"PropertyValueSpecification","valueRequired":true,"valueName":"search_term_string"}}],"inLanguage":"en-US"},{"@type":"Organization","@id":"https:\/\/tajkertesz.com\/#organization","name":"T\u00e1j-Kert\u00e9sz 84 Kft.","url":"https:\/\/tajkertesz.com\/","logo":{"@type":"ImageObject","inLanguage":"en-US","@id":"https:\/\/tajkertesz.com\/#\/schema\/logo\/image\/","url":"https:\/\/tajkertesz.com\/wp-content\/uploads\/2018\/02\/logo-2-e1518678052539.png","contentUrl":"https:\/\/tajkertesz.com\/wp-content\/uploads\/2018\/02\/logo-2-e1518678052539.png","width":81,"height":140,"caption":"T\u00e1j-Kert\u00e9sz 84 Kft."},"image":{"@id":"https:\/\/tajkertesz.com\/#\/schema\/logo\/image\/"},"sameAs":["https:\/\/www.facebook.com\/Tajkertesz\/"]}]}},"_links":{"self":[{"href":"https:\/\/tajkertesz.com\/en_US\/wp-json\/wp\/v2\/product\/10494","targetHints":{"allow":["GET"]}}],"collection":[{"href":"https:\/\/tajkertesz.com\/en_US\/wp-json\/wp\/v2\/product"}],"about":[{"href":"https:\/\/tajkertesz.com\/en_US\/wp-json\/wp\/v2\/types\/product"}],"wp:featuredmedia":[{"embeddable":true,"href":"https:\/\/tajkertesz.com\/en_US\/wp-json\/wp\/v2\/media\/2744"}],"wp:attachment":[{"href":"https:\/\/tajkertesz.com\/en_US\/wp-json\/wp\/v2\/media?parent=10494"}],"wp:term":[{"taxonomy":"product_brand","embeddable":true,"href":"https:\/\/tajkertesz.com\/en_US\/wp-json\/wp\/v2\/product_brand?post=10494"},{"taxonomy":"product_cat","embeddable":true,"href":"https:\/\/tajkertesz.com\/en_US\/wp-json\/wp\/v2\/product_cat?post=10494"},{"taxonomy":"product_tag","embeddable":true,"href":"https:\/\/tajkertesz.com\/en_US\/wp-json\/wp\/v2\/product_tag?post=10494"}],"curies":[{"name":"wp","href":"https:\/\/api.w.org\/{rel}","templated":true}]}}