{"id":1052,"date":"2020-02-24T13:26:46","date_gmt":"2020-02-24T13:26:46","guid":{"rendered":"https:\/\/tajkertesz.com\/?post_type=product&#038;p=1052"},"modified":"2024-04-18T12:21:15","modified_gmt":"2024-04-18T12:21:15","slug":"tilia-europaea-pallida-europai-hars","status":"publish","type":"product","link":"https:\/\/tajkertesz.com\/en_US\/product\/tilia-europaea-pallida-europai-hars\/","title":{"rendered":"Tilia euchlora &#8216;Szent Istv\u00e1n &#8216; , Kr\u00edmi h\u00e1rs"},"content":{"rendered":"<p>Tilia euchlora &#8216;Szent Istv\u00e1n&#8217;, Kr\u00edmi h\u00e1rs<\/p>\n<p><b>Jellemz\u0151k:\u00a0<\/b>15-20 m\u00e9ter magas, sz\u00e9les toj\u00e1sdad koron\u00e1j\u00fa fa. A lev\u00e9ltetvek nem k\u00e1ros\u00edtj\u00e1k! Az alapfajn\u00e1l sokkal \u00e9rt\u00e9kesebb v\u00e1ltozat!<\/p>\n<p><b>Levelek:<\/b>\u00a0S\u00f6t\u00e9tz\u00f6ld levelei 8-10 cm.<\/p>\n<p><b>Vir\u00e1gok:\u00a0<\/b>J\u00fanius &#8211; j\u00faliusban ny\u00edlnak halv\u00e1nys\u00e1rga, illatos vir\u00e1gai.<\/p>\n<p><b>Felhaszn\u00e1l\u00e1s:\u00a0<\/b> Ellen\u00e1ll\u00f3k\u00e9pess\u00e9ge miatt v\u00e1rosi kertekbe, lak\u00f3parkokba is j\u00f3 v\u00e1laszt\u00e1s. M\u00e9g a kedvez\u0151tlenebb adotts\u00e1gok mellett is sz\u00e9pen vir\u00e1gzik \u00e9s lombozat\u00e1t is sok\u00e1ig tartja. Szoliterk\u00e9nt, facsoportokba vagy sorfak\u00e9nt \u00fcltess\u00fck.. Kiv\u00e1l\u00f3 m\u00e9hlegel\u0151<\/p>\n<p><b>Talajig\u00e9ny:<\/b>\u00a0Talajban nem v\u00e1logat,<\/p>\n<p><b>F\u00e9nyig\u00e9ny:<\/b>\u00a0Sz\u00e1razs\u00e1gt\u0171r\u0151 fajta.<\/p>\n<p><b>V\u00edzig\u00e9nye:<\/b>\u00a0K\u00f6zepes.<\/p>\n<p>Jelen term\u00e9k\u00fcnk 20 literes kont\u00e9nerben kaphat\u00f3 \u00e9s kb 230 cm magass\u00e1g\u00fa. T\u00f6rzsk\u00f6rm\u00e9rete\u00a0 8\/10.<\/p>\n<p style=\"line-height: 18.0pt; background: white; margin: 0cm 0cm 15.0pt 0cm;\"><b><span style=\"font-family: 'Ubuntu',serif; color: black;\">K\u00e9szlet\u00fcnk napi szinten v\u00e1ltozik, ez\u00e9rt k\u00e9rj\u00fck, \u00e9rdekl\u0151dj\u00f6n szem\u00e9lyesen, telefonon vagy email-en.<br \/>\nA v\u00e1ltoztat\u00e1s jog\u00e1t fenntartjuk!\u00a0<\/span><\/b><\/p>\n<p><a href=\"https:\/\/tajkertesz.com\/\">https:\/\/tajkertesz.com\/<\/a><\/p>\n<p><a href=\"https:\/\/hu.wikipedia.org\/wiki\/H%C3%A1rs_(n%C3%B6v%C3%A9nynemzets%C3%A9g)\">https:\/\/hu.wikipedia.org\/wiki\/H%C3%A1rs_(n%C3%B6v%C3%A9nynemzets%C3%A9g)<\/a><\/p>\n<p>&nbsp;<\/p>\n<h2><span id=\"Felhaszn\u00e1l\u00e1sa\" class=\"mw-headline\" style=\"color: #ffffff;\">Felhaszn\u00e1l\u00e1sa<\/span><\/h2>\n<p><span style=\"color: #ffffff;\">Faanyag\u00e1nak vil\u00e1gos, id\u0151vel kiss\u00e9 s\u00f6t\u00e9ted\u0151 sz\u00edne, jellegtelen text\u00far\u00e1ja van, a\u00a0<a style=\"color: #ffffff;\" title=\"Geszt (botanika)\" href=\"https:\/\/hu.wikipedia.org\/wiki\/Geszt_(botanika)\">geszt<\/a>\u00a0\u00e9s a\u00a0<a style=\"color: #ffffff;\" title=\"Sz\u00edj\u00e1cs\" href=\"https:\/\/hu.wikipedia.org\/wiki\/Sz%C3%ADj%C3%A1cs\">sz\u00edj\u00e1cs<\/a>\u00a0nem k\u00fcl\u00f6n\u00fcl el egym\u00e1st\u00f3l. Puha, k\u00f6nny\u0171 faanyag, gyorsan sz\u00e1rad.<\/span><\/p>\n<p><span style=\"color: #ffffff;\">A h\u00e1rsak adj\u00e1k minden fafaj k\u00f6z\u00fcl tal\u00e1n a legk\u00f6nnyebben, legjobban faraghat\u00f3 faanyagot, ez a faszobr\u00e1szat legkedveltebb anyaga. Minden forg\u00e1csol\u00f3 \u00e9s forg\u00e1csmentes elj\u00e1r\u00e1ssal k\u00f6nnyen megmunk\u00e1lhat\u00f3, g\u0151z\u00f6l\u00e9ssel j\u00f3l hajl\u00edthat\u00f3, gy\u00f6ny\u00f6r\u0171en csiszolhat\u00f3.<\/span><\/p>\n<p><span style=\"color: #ffffff;\">Fafarag\u00e1shoz, eszterg\u00e1l\u00e1shoz, fametszethez, b\u00fatorgy\u00e1rt\u00e1shoz, furn\u00e9rk\u00e9sz\u00edt\u00e9shez, r\u00e9tegelt lemeznek, facip\u0151 k\u00e9sz\u00edt\u00e9s\u00e9re, cellul\u00f3zgy\u00e1rt\u00e1sra, rajzsz\u00e9n k\u00e9sz\u00edt\u00e9s\u00e9re haszn\u00e1lj\u00e1k.<\/span><\/p>\n<h3><span style=\"color: #ffffff;\"><span id=\"H.C3.A1rsfavir.C3.A1g\"><\/span><span id=\"H\u00e1rsfavir\u00e1g\" class=\"mw-headline\">H\u00e1rsfavir\u00e1g<\/span><\/span><\/h3>\n<p><span style=\"color: #ffffff;\">A kis- \u00e9s nagylevel\u0171 h\u00e1rsfa vir\u00e1gait a teljes vir\u00e1gz\u00e1skor gy\u0171jtik, \u00e1rny\u00e9kos helyen sz\u00e1r\u00edtj\u00e1k. Forr\u00e1zata gy\u00f3gyhat\u00e1s\u00fa, de \u00e9lvezeti teak\u00e9nt is kedvelt. Felhaszn\u00e1lj\u00e1k m\u00e9g gy\u00f3gyhat\u00e1s\u00fa\u00a0<a style=\"color: #ffffff;\" title=\"Gy\u00f3gy\u00edt\u00f3 f\u00fcrd\u0151\" href=\"https:\/\/hu.wikipedia.org\/wiki\/Gy%C3%B3gy%C3%ADt%C3%B3_f%C3%BCrd%C5%91\">f\u00fcrd\u0151vizekhez<\/a>, vagy b\u0151r\u00e1pol\u00f3 szerk\u00e9nt. Hat\u00f3anyagait \u00e9s felhaszn\u00e1l\u00e1s\u00e1t r\u00e9szletesen a\u00a0<a style=\"color: #ffffff;\" title=\"Kislevel\u0171 h\u00e1rs\" href=\"https:\/\/hu.wikipedia.org\/wiki\/Kislevel%C5%B1_h%C3%A1rs\">kislevel\u0171 h\u00e1rs<\/a>\u00a0le\u00edr\u00e1s\u00e1n\u00e1l ismertetj\u00fck.<\/span><\/p>\n<p><span style=\"color: #ffffff;\">Egyes vid\u00e9keken h\u00e1rsfa<a style=\"color: #ffffff;\" title=\"Bor (ital)\" href=\"https:\/\/hu.wikipedia.org\/wiki\/Bor_(ital)\">bort<\/a>\u00a0is k\u00e9sz\u00edtenek bel\u0151le.<\/span><\/p>\n<p><span style=\"color: #ffffff;\">A Tilia cordata \u00e9s a Tilia platyphyllos hibridje. A faiskolai termeszt\u00e9sben \u00e9s kert\u00e9p\u00edt\u00e9szetben igen elterjedt fajta, mely kedvez\u0151en \u00f6r\u00f6k\u00edtette a sz\u00fcl\u0151k legjobb tulajdons\u00e1gait. Er\u0151s n\u00f6veked\u00e9s\u0171, robosztus nagy fa. V\u00e9gs\u0151 magass\u00e1ga optim\u00e1lis term\u0151helyen 30\u201340 m, sz\u00e9less\u00e9ge 15\u201320 m. Szimmetrikus koron\u00e1ja szab\u00e1lyos k\u00fap alak\u00fa, egyenes er\u0151teljes vez\u00e9r\u00e1ggal. Gyors n\u00f6veked\u00e9s\u0171 h\u00e1rs. \u00c9ves n\u00f6vekm\u00e9nye kb.: 40\u201350 cm. A vessz\u0151 sz\u00edne \u00e9s r\u00fcgyei v\u00f6r\u00f6sek. 7\u201310 cm nagys\u00e1g\u00fa levelei vil\u00e1gosz\u00f6ldek, fon\u00e1kuk k\u00e9kesz\u00f6ld vagy s\u00e1rg\u00e1s. Levelei \u0151sszel sok\u00e1ig a f\u00e1n maradnak (ellent\u00e9tben a Tilia platyphyllos-al), sz\u00edn\u00fck<\/span><\/p>\n<p><span style=\"color: #ffffff;\">aranys\u00e1rga. J\u00fanius-j\u00faliusban vir\u00e1gzik. Sek\u00e9lyen gy\u00f6keresedik,<\/span><\/p>\n<p><span style=\"color: #ffffff;\">intenz\u00edven el\u00e1gaz\u00f3 gy\u00f6kerei a talaj fels\u0151 r\u00e9teg\u00e9t h\u00e1l\u00f3zz\u00e1k be.<\/span><\/p>\n<p><span style=\"color: #ffffff;\">J\u00f3l toler\u00e1lja a meszes talajokat, de az enyh\u00e9n savany\u00fa, t\u00e1panyagban<\/span><\/p>\n<p><span style=\"color: #ffffff;\">gazdag ter\u00fcleteken n\u00f6vekszik a legjobban. Teljesen t\u00e9l\u00e1ll\u00f3.<\/span><\/p>\n<p><span style=\"color: #ffffff;\">Kiv\u00e1l\u00f3 h\u00e1rs sz\u00e9lesebb utak, parkok f\u00e1s\u00edt\u00e1s\u00e1hoz.<\/span><\/p>\n<p>&nbsp;<\/p>\n<p>&nbsp;<\/p>","protected":false},"excerpt":{"rendered":"<p><b>Jellemz\u0151k:\u00a0<\/b>15-20 m\u00e9ter magas, sz\u00e9les toj\u00e1sdad koron\u00e1j\u00fa fa. A lev\u00e9ltetvek nem k\u00e1ros\u00edtj\u00e1k! Az alapfajn\u00e1l sokkal \u00e9rt\u00e9kesebb v\u00e1ltozat!<\/p>\n<p><b>Levelek:<\/b>\u00a0S\u00f6t\u00e9tz\u00f6ld levelei 8-10 cm.<\/p>\n<p><b>Vir\u00e1gok:\u00a0<\/b>J\u00fanius &#8211; j\u00faliusban ny\u00edlnak halv\u00e1nys\u00e1rga, illatos vir\u00e1gai.<\/p>\n<p><b>Felhaszn\u00e1l\u00e1s:\u00a0<\/b> Ellen\u00e1ll\u00f3k\u00e9pess\u00e9ge miatt v\u00e1rosi kertekbe, lak\u00f3parkokba is j\u00f3 v\u00e1laszt\u00e1s. M\u00e9g a kedvez\u0151tlenebb adotts\u00e1gok mellett is sz\u00e9pen vir\u00e1gzik \u00e9s lombozat\u00e1t is sok\u00e1ig tartja. Szoliterk\u00e9nt, facsoportokba vagy sorfak\u00e9nt \u00fcltess\u00fck.. Kiv\u00e1l\u00f3 m\u00e9hlegel\u0151<\/p>\n<p><b>Talajig\u00e9ny:<\/b>\u00a0Talajban nem v\u00e1logat,<\/p>\n<p><b>F\u00e9nyig\u00e9ny:<\/b>\u00a0Sz\u00e1razs\u00e1gt\u0171r\u0151 fajta.<\/p>\n<p><b>V\u00edzig\u00e9nye:<\/b>\u00a0K\u00f6zepes.<\/p>\n<p>Jelen term\u00e9k\u00fcnk 20 literes kont\u00e9nerben kaphat\u00f3 \u00e9s kb 230 cm magass\u00e1g\u00fa. T\u00f6rzsk\u00f6rm\u00e9rete\u00a0 8\/10.<\/p>","protected":false},"featured_media":1072,"template":"","meta":{"_et_pb_use_builder":"","_et_pb_old_content":"","_et_gb_content_width":""},"product_brand":[],"product_cat":[28],"product_tag":[172,171],"class_list":{"0":"post-1052","1":"product","2":"type-product","3":"status-publish","4":"has-post-thumbnail","6":"product_cat-diszfak","7":"product_tag-europai-hars","8":"product_tag-tilia-europaea-pallida","10":"first","11":"outofstock","12":"shipping-taxable","13":"product-type-simple"},"yoast_head":"<!-- This site is optimized with the Yoast SEO plugin v27.3 - https:\/\/yoast.com\/product\/yoast-seo-wordpress\/ -->\n<title>Tilia euchlora &#039;Szent Istv\u00e1n &#039; , Kr\u00edmi h\u00e1rs - T\u00e1jkert\u00e9sz<\/title>\n<meta name=\"description\" content=\"A Tilia europaea &#039;Pallida&#039;, Eur\u00f3pai h\u00e1rs nagy m\u00e9rete miatt helyig\u00e9nyes. Gyorsan n\u0151, fiatalon karcs\u00fabb, k\u00e9s\u0151bb sz\u00e9lesebb habitus\u00fa.\" \/>\n<meta name=\"robots\" content=\"index, follow, max-snippet:-1, max-image-preview:large, max-video-preview:-1\" \/>\n<link rel=\"canonical\" href=\"https:\/\/tajkertesz.com\/en_US\/product\/tilia-europaea-pallida-europai-hars\/\" \/>\n<meta property=\"og:locale\" content=\"en_US\" \/>\n<meta property=\"og:type\" content=\"article\" \/>\n<meta property=\"og:title\" content=\"Tilia euchlora &#039;Szent Istv\u00e1n &#039; , Kr\u00edmi h\u00e1rs - T\u00e1jkert\u00e9sz\" \/>\n<meta property=\"og:description\" content=\"A Tilia europaea &#039;Pallida&#039;, Eur\u00f3pai h\u00e1rs nagy m\u00e9rete miatt helyig\u00e9nyes. Gyorsan n\u0151, fiatalon karcs\u00fabb, k\u00e9s\u0151bb sz\u00e9lesebb habitus\u00fa.\" \/>\n<meta property=\"og:url\" content=\"https:\/\/tajkertesz.com\/en_US\/product\/tilia-europaea-pallida-europai-hars\/\" \/>\n<meta property=\"og:site_name\" content=\"T\u00e1jkert\u00e9sz\" \/>\n<meta property=\"article:publisher\" content=\"https:\/\/www.facebook.com\/Tajkertesz\/\" \/>\n<meta property=\"article:modified_time\" content=\"2024-04-18T12:21:15+00:00\" \/>\n<meta property=\"og:image\" content=\"https:\/\/tajkertesz.com\/wp-content\/uploads\/2020\/02\/tilia-europaea-pallida.jpg\" \/>\n\t<meta property=\"og:image:width\" content=\"338\" \/>\n\t<meta property=\"og:image:height\" content=\"600\" \/>\n\t<meta property=\"og:image:type\" content=\"image\/jpeg\" \/>\n<meta name=\"twitter:card\" content=\"summary_large_image\" \/>\n<meta name=\"twitter:label1\" content=\"Est. reading time\" \/>\n\t<meta name=\"twitter:data1\" content=\"2 minutes\" \/>\n<script type=\"application\/ld+json\" class=\"yoast-schema-graph\">{\"@context\":\"https:\\\/\\\/schema.org\",\"@graph\":[{\"@type\":\"WebPage\",\"@id\":\"https:\\\/\\\/tajkertesz.com\\\/termek\\\/tilia-europaea-pallida-europai-hars\\\/\",\"url\":\"https:\\\/\\\/tajkertesz.com\\\/termek\\\/tilia-europaea-pallida-europai-hars\\\/\",\"name\":\"Tilia euchlora 'Szent Istv\u00e1n ' , Kr\u00edmi h\u00e1rs - T\u00e1jkert\u00e9sz\",\"isPartOf\":{\"@id\":\"https:\\\/\\\/tajkertesz.com\\\/#website\"},\"primaryImageOfPage\":{\"@id\":\"https:\\\/\\\/tajkertesz.com\\\/termek\\\/tilia-europaea-pallida-europai-hars\\\/#primaryimage\"},\"image\":{\"@id\":\"https:\\\/\\\/tajkertesz.com\\\/termek\\\/tilia-europaea-pallida-europai-hars\\\/#primaryimage\"},\"thumbnailUrl\":\"https:\\\/\\\/tajkertesz.com\\\/wp-content\\\/uploads\\\/2020\\\/02\\\/tilia-europaea-pallida.jpg\",\"datePublished\":\"2020-02-24T13:26:46+00:00\",\"dateModified\":\"2024-04-18T12:21:15+00:00\",\"description\":\"A Tilia europaea 'Pallida', Eur\u00f3pai h\u00e1rs nagy m\u00e9rete miatt helyig\u00e9nyes. Gyorsan n\u0151, fiatalon karcs\u00fabb, k\u00e9s\u0151bb sz\u00e9lesebb habitus\u00fa.\",\"breadcrumb\":{\"@id\":\"https:\\\/\\\/tajkertesz.com\\\/termek\\\/tilia-europaea-pallida-europai-hars\\\/#breadcrumb\"},\"inLanguage\":\"en-US\",\"potentialAction\":[{\"@type\":\"ReadAction\",\"target\":[\"https:\\\/\\\/tajkertesz.com\\\/termek\\\/tilia-europaea-pallida-europai-hars\\\/\"]}]},{\"@type\":\"ImageObject\",\"inLanguage\":\"en-US\",\"@id\":\"https:\\\/\\\/tajkertesz.com\\\/termek\\\/tilia-europaea-pallida-europai-hars\\\/#primaryimage\",\"url\":\"https:\\\/\\\/tajkertesz.com\\\/wp-content\\\/uploads\\\/2020\\\/02\\\/tilia-europaea-pallida.jpg\",\"contentUrl\":\"https:\\\/\\\/tajkertesz.com\\\/wp-content\\\/uploads\\\/2020\\\/02\\\/tilia-europaea-pallida.jpg\",\"width\":338,\"height\":600},{\"@type\":\"BreadcrumbList\",\"@id\":\"https:\\\/\\\/tajkertesz.com\\\/termek\\\/tilia-europaea-pallida-europai-hars\\\/#breadcrumb\",\"itemListElement\":[{\"@type\":\"ListItem\",\"position\":1,\"name\":\"Home\",\"item\":\"https:\\\/\\\/tajkertesz.com\\\/\"},{\"@type\":\"ListItem\",\"position\":2,\"name\":\"Kezd\u0151lap\",\"item\":\"https:\\\/\\\/tajkertesz.com\\\/\"},{\"@type\":\"ListItem\",\"position\":3,\"name\":\"Tilia euchlora &#8216;Szent Istv\u00e1n &#8216; , Kr\u00edmi h\u00e1rs\"}]},{\"@type\":\"WebSite\",\"@id\":\"https:\\\/\\\/tajkertesz.com\\\/#website\",\"url\":\"https:\\\/\\\/tajkertesz.com\\\/\",\"name\":\"T\u00e1j-Kert\u00e9sz 84 Kft.\",\"description\":\"Kert\u00e9szeti kis- \u00e9s nagykeresked\u00e9s, D\u00edszn\u00f6v\u00e9ny web\u00e1ruh\u00e1z orsz\u00e1gos h\u00e1zhozsz\u00e1ll\u00edt\u00e1ssal!\",\"publisher\":{\"@id\":\"https:\\\/\\\/tajkertesz.com\\\/#organization\"},\"potentialAction\":[{\"@type\":\"SearchAction\",\"target\":{\"@type\":\"EntryPoint\",\"urlTemplate\":\"https:\\\/\\\/tajkertesz.com\\\/?s={search_term_string}\"},\"query-input\":{\"@type\":\"PropertyValueSpecification\",\"valueRequired\":true,\"valueName\":\"search_term_string\"}}],\"inLanguage\":\"en-US\"},{\"@type\":\"Organization\",\"@id\":\"https:\\\/\\\/tajkertesz.com\\\/#organization\",\"name\":\"T\u00e1j-Kert\u00e9sz 84 Kft.\",\"url\":\"https:\\\/\\\/tajkertesz.com\\\/\",\"logo\":{\"@type\":\"ImageObject\",\"inLanguage\":\"en-US\",\"@id\":\"https:\\\/\\\/tajkertesz.com\\\/#\\\/schema\\\/logo\\\/image\\\/\",\"url\":\"https:\\\/\\\/tajkertesz.com\\\/wp-content\\\/uploads\\\/2018\\\/02\\\/logo-2-e1518678052539.png\",\"contentUrl\":\"https:\\\/\\\/tajkertesz.com\\\/wp-content\\\/uploads\\\/2018\\\/02\\\/logo-2-e1518678052539.png\",\"width\":81,\"height\":140,\"caption\":\"T\u00e1j-Kert\u00e9sz 84 Kft.\"},\"image\":{\"@id\":\"https:\\\/\\\/tajkertesz.com\\\/#\\\/schema\\\/logo\\\/image\\\/\"},\"sameAs\":[\"https:\\\/\\\/www.facebook.com\\\/Tajkertesz\\\/\"]}]}<\/script>\n<!-- \/ Yoast SEO plugin. -->","yoast_head_json":{"title":"Tilia euchlora 'Szent Istv\u00e1n ' , Kr\u00edmi h\u00e1rs - T\u00e1jkert\u00e9sz","description":"A Tilia europaea 'Pallida', Eur\u00f3pai h\u00e1rs nagy m\u00e9rete miatt helyig\u00e9nyes. Gyorsan n\u0151, fiatalon karcs\u00fabb, k\u00e9s\u0151bb sz\u00e9lesebb habitus\u00fa.","robots":{"index":"index","follow":"follow","max-snippet":"max-snippet:-1","max-image-preview":"max-image-preview:large","max-video-preview":"max-video-preview:-1"},"canonical":"https:\/\/tajkertesz.com\/en_US\/product\/tilia-europaea-pallida-europai-hars\/","og_locale":"en_US","og_type":"article","og_title":"Tilia euchlora 'Szent Istv\u00e1n ' , Kr\u00edmi h\u00e1rs - T\u00e1jkert\u00e9sz","og_description":"A Tilia europaea 'Pallida', Eur\u00f3pai h\u00e1rs nagy m\u00e9rete miatt helyig\u00e9nyes. Gyorsan n\u0151, fiatalon karcs\u00fabb, k\u00e9s\u0151bb sz\u00e9lesebb habitus\u00fa.","og_url":"https:\/\/tajkertesz.com\/en_US\/product\/tilia-europaea-pallida-europai-hars\/","og_site_name":"T\u00e1jkert\u00e9sz","article_publisher":"https:\/\/www.facebook.com\/Tajkertesz\/","article_modified_time":"2024-04-18T12:21:15+00:00","og_image":[{"width":338,"height":600,"url":"https:\/\/tajkertesz.com\/wp-content\/uploads\/2020\/02\/tilia-europaea-pallida.jpg","type":"image\/jpeg"}],"twitter_card":"summary_large_image","twitter_misc":{"Est. reading time":"2 minutes"},"schema":{"@context":"https:\/\/schema.org","@graph":[{"@type":"WebPage","@id":"https:\/\/tajkertesz.com\/termek\/tilia-europaea-pallida-europai-hars\/","url":"https:\/\/tajkertesz.com\/termek\/tilia-europaea-pallida-europai-hars\/","name":"Tilia euchlora 'Szent Istv\u00e1n ' , Kr\u00edmi h\u00e1rs - T\u00e1jkert\u00e9sz","isPartOf":{"@id":"https:\/\/tajkertesz.com\/#website"},"primaryImageOfPage":{"@id":"https:\/\/tajkertesz.com\/termek\/tilia-europaea-pallida-europai-hars\/#primaryimage"},"image":{"@id":"https:\/\/tajkertesz.com\/termek\/tilia-europaea-pallida-europai-hars\/#primaryimage"},"thumbnailUrl":"https:\/\/tajkertesz.com\/wp-content\/uploads\/2020\/02\/tilia-europaea-pallida.jpg","datePublished":"2020-02-24T13:26:46+00:00","dateModified":"2024-04-18T12:21:15+00:00","description":"A Tilia europaea 'Pallida', Eur\u00f3pai h\u00e1rs nagy m\u00e9rete miatt helyig\u00e9nyes. Gyorsan n\u0151, fiatalon karcs\u00fabb, k\u00e9s\u0151bb sz\u00e9lesebb habitus\u00fa.","breadcrumb":{"@id":"https:\/\/tajkertesz.com\/termek\/tilia-europaea-pallida-europai-hars\/#breadcrumb"},"inLanguage":"en-US","potentialAction":[{"@type":"ReadAction","target":["https:\/\/tajkertesz.com\/termek\/tilia-europaea-pallida-europai-hars\/"]}]},{"@type":"ImageObject","inLanguage":"en-US","@id":"https:\/\/tajkertesz.com\/termek\/tilia-europaea-pallida-europai-hars\/#primaryimage","url":"https:\/\/tajkertesz.com\/wp-content\/uploads\/2020\/02\/tilia-europaea-pallida.jpg","contentUrl":"https:\/\/tajkertesz.com\/wp-content\/uploads\/2020\/02\/tilia-europaea-pallida.jpg","width":338,"height":600},{"@type":"BreadcrumbList","@id":"https:\/\/tajkertesz.com\/termek\/tilia-europaea-pallida-europai-hars\/#breadcrumb","itemListElement":[{"@type":"ListItem","position":1,"name":"Home","item":"https:\/\/tajkertesz.com\/"},{"@type":"ListItem","position":2,"name":"Kezd\u0151lap","item":"https:\/\/tajkertesz.com\/"},{"@type":"ListItem","position":3,"name":"Tilia euchlora &#8216;Szent Istv\u00e1n &#8216; , Kr\u00edmi h\u00e1rs"}]},{"@type":"WebSite","@id":"https:\/\/tajkertesz.com\/#website","url":"https:\/\/tajkertesz.com\/","name":"T\u00e1j-Kert\u00e9sz 84 Kft.","description":"Kert\u00e9szeti kis- \u00e9s nagykeresked\u00e9s, D\u00edszn\u00f6v\u00e9ny web\u00e1ruh\u00e1z orsz\u00e1gos h\u00e1zhozsz\u00e1ll\u00edt\u00e1ssal!","publisher":{"@id":"https:\/\/tajkertesz.com\/#organization"},"potentialAction":[{"@type":"SearchAction","target":{"@type":"EntryPoint","urlTemplate":"https:\/\/tajkertesz.com\/?s={search_term_string}"},"query-input":{"@type":"PropertyValueSpecification","valueRequired":true,"valueName":"search_term_string"}}],"inLanguage":"en-US"},{"@type":"Organization","@id":"https:\/\/tajkertesz.com\/#organization","name":"T\u00e1j-Kert\u00e9sz 84 Kft.","url":"https:\/\/tajkertesz.com\/","logo":{"@type":"ImageObject","inLanguage":"en-US","@id":"https:\/\/tajkertesz.com\/#\/schema\/logo\/image\/","url":"https:\/\/tajkertesz.com\/wp-content\/uploads\/2018\/02\/logo-2-e1518678052539.png","contentUrl":"https:\/\/tajkertesz.com\/wp-content\/uploads\/2018\/02\/logo-2-e1518678052539.png","width":81,"height":140,"caption":"T\u00e1j-Kert\u00e9sz 84 Kft."},"image":{"@id":"https:\/\/tajkertesz.com\/#\/schema\/logo\/image\/"},"sameAs":["https:\/\/www.facebook.com\/Tajkertesz\/"]}]}},"_links":{"self":[{"href":"https:\/\/tajkertesz.com\/en_US\/wp-json\/wp\/v2\/product\/1052","targetHints":{"allow":["GET"]}}],"collection":[{"href":"https:\/\/tajkertesz.com\/en_US\/wp-json\/wp\/v2\/product"}],"about":[{"href":"https:\/\/tajkertesz.com\/en_US\/wp-json\/wp\/v2\/types\/product"}],"wp:featuredmedia":[{"embeddable":true,"href":"https:\/\/tajkertesz.com\/en_US\/wp-json\/wp\/v2\/media\/1072"}],"wp:attachment":[{"href":"https:\/\/tajkertesz.com\/en_US\/wp-json\/wp\/v2\/media?parent=1052"}],"wp:term":[{"taxonomy":"product_brand","embeddable":true,"href":"https:\/\/tajkertesz.com\/en_US\/wp-json\/wp\/v2\/product_brand?post=1052"},{"taxonomy":"product_cat","embeddable":true,"href":"https:\/\/tajkertesz.com\/en_US\/wp-json\/wp\/v2\/product_cat?post=1052"},{"taxonomy":"product_tag","embeddable":true,"href":"https:\/\/tajkertesz.com\/en_US\/wp-json\/wp\/v2\/product_tag?post=1052"}],"curies":[{"name":"wp","href":"https:\/\/api.w.org\/{rel}","templated":true}]}}