{"id":1053,"date":"2020-02-24T11:42:11","date_gmt":"2020-02-24T11:42:11","guid":{"rendered":"https:\/\/tajkertesz.com\/?post_type=product&#038;p=1053"},"modified":"2023-12-16T12:56:03","modified_gmt":"2023-12-16T12:56:03","slug":"tilia-tomentosa-brabant-ezust-hars","status":"publish","type":"product","link":"https:\/\/tajkertesz.com\/en_US\/product\/tilia-tomentosa-brabant-ezust-hars\/","title":{"rendered":"Tilia tomentosa &#8216;Brabant&#8217; , Ez\u00fcst h\u00e1rs"},"content":{"rendered":"<p>Tilia tomentosa &#8216;Brabant&#8217;, Ez\u00fcst h\u00e1rs<\/p>\n<p>A Tilia tomentosa &#8216;Brabant&#8217; , Ez\u00fcst h\u00e1rsf\u00e1t f\u0151leg a v\u00e1rosokban l\u00e1thatjuk, mert j\u00f3l t\u0171ri a sz\u00e1razs\u00e1got, \u00e9s ez\u00e9rt sz\u00edvesen telep\u00edtik d\u00edszf\u00e1nak.<\/p>\n<p><b>N\u00f6veked\u00e9s, alak:<\/b>\u00a020-25 m magas, felfel\u00e9 t\u00f6r\u0151 \u00e1grendszer\u0171, sz\u00e9lesen k\u00fapos n\u00f6veked\u00e9s\u0171, az alapfajn\u00e1l robosztusabb habitus\u00fa fa.<br \/>\n<b>Lev\u00e9l:<\/b>\u00a0Levelei t\u00f6bb\u00e9-kev\u00e9sb\u00e9 kerekdedek, matt s\u00f6t\u00e9tz\u00f6ldek, sz\u00e9l\u00fck fogazott. Fon\u00e1kuk ez\u00fcst\u00f6sen nemezes. \u0150szi s\u00e1rga lombsz\u00edn\u00e9t sok\u00e1ig meg\u0151rzi.<br \/>\n<b>Vir\u00e1g:<\/b>\u00a0S\u00e1rg\u00e1sfeh\u00e9r illatos vir\u00e1gai \u00e9p sz\u00e9l\u0171 fellev\u00e9lhez csatlakozva 4-12 cm hossz\u00fa bogerny\u0151ben j\u00faliusban ny\u00edlnak.<br \/>\n<b>Term\u00e9s:<\/b>\u00a0\u00c9rett g\u00f6mb alak\u00fa term\u00e9sei a fellev\u00e9llel egy\u00fctt jellegzetesen p\u00f6r\u00f6gve hullnak le.<br \/>\n<b>Term\u0151hely, ig\u00e9ny:<\/b>\u00a0Term\u0151hely\u00e9vel szemben nem ig\u00e9nyes.<br \/>\n<b>Felhaszn\u00e1l\u00e1s:<\/b>\u00a0Utcai sorfa, parkokba, kertekbe szoliterk\u00e9nt is \u00fcltethet\u0151.<\/p>\n<p style=\"line-height: 18.0pt; background: white; margin: 0cm 0cm 15.0pt 0cm;\"><span style=\"font-family: 'Ubuntu',serif; color: black;\">El\u00e9rhet\u0151 t\u00f6bbf\u00e9le m\u00e9retben \u00e9s \u00e1rban.<\/span><\/p>\n<p style=\"line-height: 18.0pt; background: white; margin: 0cm 0cm 15.0pt 0cm;\"><b><span style=\"font-family: 'Ubuntu',serif; color: black;\">K\u00e9szlet\u00fcnk napi szinten v\u00e1ltozik, ez\u00e9rt k\u00e9rj\u00fck, \u00e9rdekl\u0151dj\u00f6n szem\u00e9lyesen, telefonon vagy email-en.<br \/>\nA v\u00e1ltoztat\u00e1s jog\u00e1t fenntartjuk!\u00a0<\/span><\/b><\/p>\n<p><a href=\"https:\/\/tajkertesz.com\/\">https:\/\/tajkertesz.com\/<\/a><\/p>\n<p><a href=\"https:\/\/hu.wikipedia.org\/wiki\/Ez%C3%BCst_h%C3%A1rs\">https:\/\/hu.wikipedia.org\/wiki\/Ez%C3%BCst_h%C3%A1rs<\/a><\/p>\n<h2><span id=\"Elterjed\u00e9se,_\u00e9l\u0151helye\" class=\"mw-headline\" style=\"color: #ffffff;\">Elterjed\u00e9se, \u00e9l\u0151helye<\/span><\/h2>\n<p><span style=\"color: #ffffff;\">D\u00e9lkelet-Eur\u00f3p\u00e1b\u00f3l \u00e9s Kis-\u00c1zsi\u00e1b\u00f3l sz\u00e1rmazik. A\u00a0<a style=\"color: #ffffff;\" title=\"Balk\u00e1n (t\u00e9rs\u00e9g)\" href=\"https:\/\/hu.wikipedia.org\/wiki\/Balk%C3%A1n_(t%C3%A9rs%C3%A9g)\">Balk\u00e1n<\/a>\u00a0jellegzetes n\u00f6v\u00e9nye, ami a\u00a0<a style=\"color: #ffffff;\" title=\"K\u00e1rp\u00e1t-medence\" href=\"https:\/\/hu.wikipedia.org\/wiki\/K%C3%A1rp%C3%A1t-medence\">K\u00e1rp\u00e1t-medenc\u00e9ben<\/a>\u00a0\u00e9ri el\u00a0<a style=\"color: #ffffff;\" title=\"Elterjed\u00e9si ter\u00fclet\" href=\"https:\/\/hu.wikipedia.org\/wiki\/Elterjed%C3%A9si_ter%C3%BClet\">elterjed\u00e9si ter\u00fclet\u00e9nek<\/a>\u00a0\u00e9szaki hat\u00e1r\u00e1t. Magyarorsz\u00e1gon f\u0151leg a v\u00e1rosokban l\u00e1thatjuk, mert j\u00f3l t\u0171ri a sz\u00e1razs\u00e1got, \u00e9s ez\u00e9rt sz\u00edvesen telep\u00edtik d\u00edszf\u00e1nak.<\/span><\/p>\n<h2><span style=\"color: #ffffff;\"><span id=\"Megjelen.C3.A9se\"><\/span><span id=\"Megjelen\u00e9se\" class=\"mw-headline\">Megjelen\u00e9se<\/span><\/span><\/h2>\n<p><span style=\"color: #ffffff;\">Magas termet\u0171 (25\u201330\u00a0m), szab\u00e1lyos alak\u00fa fa. Koron\u00e1ja fiatalon k\u00fap alak\u00fa. A t\u00f6rzse egyenes, a k\u00e9rge sima, z\u00f6ldessz\u00fcrke, id\u0151sebb kor\u00e1ban finom reped\u00e9sek tark\u00edtj\u00e1k. \u00c1gai egyenletesen veszik k\u00f6r\u00fcl a sudarat; fiatalon meredeken felfel\u00e9 tartanak. Vessz\u0151j\u00e9t \u00e9s lekerek\u00edtett cs\u00facs\u00fa, toj\u00e1sdad, z\u00f6ld r\u00fcgyeit ez\u00fcst\u00f6s pikkelysz\u0151r\u00f6k bor\u00edtj\u00e1k: ez a d\u00fas, feh\u00e9r sz\u0151rzet k\u00fcl\u00f6n\u00f6sen a fiatal hajt\u00e1sokon felt\u0171n\u0151, ekkor l\u00e1tszik legjobban a hajt\u00e1s szimpodi\u00e1lis (azaz cikkcakkos vagy zegzugos) n\u00f6veked\u00e9se is.<\/span><\/p>\n<p><span style=\"color: #ffffff;\">V\u00e1ltakoz\u00f3, sz\u00f3rt \u00e1ll\u00e1s\u00fa levelei kerekdedek vagy sz\u00e9les toj\u00e1sdadok, a lev\u00e9l v\u00e1lla sz\u00edves vagy ferde (aszimmetrikus), a cs\u00facsa hegyes, a sz\u00e9le egyenletesen f\u0171r\u00e9szes. A lev\u00e9l sz\u00edne fak\u00f3 z\u00f6ld; fon\u00e1ka, amit egyenletesen bor\u00edtanak a csillagsz\u0151r\u00f6k, ez\u00fcstfeh\u00e9r vagy sz\u00fcrk\u00e9sz\u00f6ld. Ez a sz\u0151rzet a k\u00f6rnyezett\u0151l \u00e9s a lev\u00e9l f\u00e9ny-\u00e1rny\u00e9k viszonyait\u00f3l f\u00fcgg\u0151en igen v\u00e1ltoz\u00f3 lehet: egyes levelek fon\u00e1ka szabad szemmel csupasznak l\u00e1tszik. A lev\u00e9l biztos hat\u00e1roz\u00f3b\u00e9lyege, hogy fon\u00e1k\u00e1n az \u00e9rzugokban nincsenek sz\u0151rcsom\u00f3k, hanem ugyanolyan csillagsz\u0151r\u00f6k n\u0151nek, mint az \u00e9rk\u00f6zi r\u00e9szeken. Forr\u00f3 ny\u00e1ri napokon az ez\u00fcst h\u00e1rs levelei t\u00f6bb\u00e9-kev\u00e9sb\u00e9 f\u00fcgg\u0151leges helyzetbe \u00e1llnak, vagy fon\u00e1kukat ford\u00edtj\u00e1k a Nap fel\u00e9, hogy cs\u00f6kkents\u00e9k a p\u00e1rologtat\u00e1st. \u0150szi lombja aranys\u00e1rga.<\/span><\/p>\n<p>&nbsp;<\/p>\n<p>&nbsp;<\/p>","protected":false},"excerpt":{"rendered":"<p>Tilia tomentosa &#8216;Brabant&#8217;, Ez\u00fcst h\u00e1rs A Tilia tomentosa &#8216;Brabant&#8217; , Ez\u00fcst h\u00e1rsf\u00e1t f\u0151leg a v\u00e1rosokban l\u00e1thatjuk, mert j\u00f3l t\u0171ri a sz\u00e1razs\u00e1got, \u00e9s ez\u00e9rt sz\u00edvesen telep\u00edtik d\u00edszf\u00e1nak. N\u00f6veked\u00e9s, alak:\u00a020-25 m magas, felfel\u00e9 t\u00f6r\u0151 \u00e1grendszer\u0171, sz\u00e9lesen k\u00fapos n\u00f6veked\u00e9s\u0171, az alapfajn\u00e1l robosztusabb habitus\u00fa fa. Lev\u00e9l:\u00a0Levelei t\u00f6bb\u00e9-kev\u00e9sb\u00e9 kerekdedek, matt s\u00f6t\u00e9tz\u00f6ldek, sz\u00e9l\u00fck fogazott. Fon\u00e1kuk ez\u00fcst\u00f6sen nemezes. \u0150szi s\u00e1rga lombsz\u00edn\u00e9t sok\u00e1ig [&hellip;]<\/p>\n","protected":false},"featured_media":1056,"template":"","meta":{"_et_pb_use_builder":"","_et_pb_old_content":"","_et_gb_content_width":""},"product_brand":[],"product_cat":[28],"product_tag":[170,174],"class_list":{"0":"post-1053","1":"product","2":"type-product","3":"status-publish","4":"has-post-thumbnail","6":"product_cat-diszfak","7":"product_tag-ezust-hars","8":"product_tag-tilia-tomentosa-brabant","10":"first","11":"outofstock","12":"shipping-taxable","13":"purchasable","14":"product-type-simple"},"yoast_head":"<!-- This site is optimized with the Yoast SEO plugin v27.4 - https:\/\/yoast.com\/product\/yoast-seo-wordpress\/ -->\n<title>Tilia tomentosa &#039;Brabant&#039; , Ez\u00fcst h\u00e1rs - T\u00e1jkert\u00e9sz<\/title>\n<meta name=\"description\" content=\"A Tilia tomentosa &#039;Brabant&#039; , Ez\u00fcst h\u00e1rsf\u00e1t f\u0151leg a v\u00e1rosokban l\u00e1thatjuk, mert j\u00f3l t\u0171ri a sz\u00e1razs\u00e1got, \u00e9s ez\u00e9rt sz\u00edvesen telep\u00edtik d\u00edszf\u00e1nak.\" \/>\n<meta name=\"robots\" content=\"index, follow, max-snippet:-1, max-image-preview:large, max-video-preview:-1\" \/>\n<link rel=\"canonical\" href=\"https:\/\/tajkertesz.com\/en_US\/product\/tilia-tomentosa-brabant-ezust-hars\/\" \/>\n<meta property=\"og:locale\" content=\"en_US\" \/>\n<meta property=\"og:type\" content=\"article\" \/>\n<meta property=\"og:title\" content=\"Tilia tomentosa &#039;Brabant&#039; , Ez\u00fcst h\u00e1rs - T\u00e1jkert\u00e9sz\" \/>\n<meta property=\"og:description\" content=\"A Tilia tomentosa &#039;Brabant&#039; , Ez\u00fcst h\u00e1rsf\u00e1t f\u0151leg a v\u00e1rosokban l\u00e1thatjuk, mert j\u00f3l t\u0171ri a sz\u00e1razs\u00e1got, \u00e9s ez\u00e9rt sz\u00edvesen telep\u00edtik d\u00edszf\u00e1nak.\" \/>\n<meta property=\"og:url\" content=\"https:\/\/tajkertesz.com\/en_US\/product\/tilia-tomentosa-brabant-ezust-hars\/\" \/>\n<meta property=\"og:site_name\" content=\"T\u00e1jkert\u00e9sz\" \/>\n<meta property=\"article:publisher\" content=\"https:\/\/www.facebook.com\/Tajkertesz\/\" \/>\n<meta property=\"article:modified_time\" content=\"2023-12-16T12:56:03+00:00\" \/>\n<meta property=\"og:image\" content=\"https:\/\/tajkertesz.com\/wp-content\/uploads\/2020\/02\/Tilia-tomentosa-Brabant3.jpg\" \/>\n\t<meta property=\"og:image:width\" content=\"1248\" \/>\n\t<meta property=\"og:image:height\" content=\"997\" \/>\n\t<meta property=\"og:image:type\" content=\"image\/jpeg\" \/>\n<meta name=\"twitter:card\" content=\"summary_large_image\" \/>\n<meta name=\"twitter:label1\" content=\"Est. reading time\" \/>\n\t<meta name=\"twitter:data1\" content=\"2 minutes\" \/>\n<script type=\"application\/ld+json\" class=\"yoast-schema-graph\">{\"@context\":\"https:\\\/\\\/schema.org\",\"@graph\":[{\"@type\":\"WebPage\",\"@id\":\"https:\\\/\\\/tajkertesz.com\\\/termek\\\/tilia-tomentosa-brabant-ezust-hars\\\/\",\"url\":\"https:\\\/\\\/tajkertesz.com\\\/termek\\\/tilia-tomentosa-brabant-ezust-hars\\\/\",\"name\":\"Tilia tomentosa 'Brabant' , Ez\u00fcst h\u00e1rs - T\u00e1jkert\u00e9sz\",\"isPartOf\":{\"@id\":\"https:\\\/\\\/tajkertesz.com\\\/#website\"},\"primaryImageOfPage\":{\"@id\":\"https:\\\/\\\/tajkertesz.com\\\/termek\\\/tilia-tomentosa-brabant-ezust-hars\\\/#primaryimage\"},\"image\":{\"@id\":\"https:\\\/\\\/tajkertesz.com\\\/termek\\\/tilia-tomentosa-brabant-ezust-hars\\\/#primaryimage\"},\"thumbnailUrl\":\"https:\\\/\\\/tajkertesz.com\\\/wp-content\\\/uploads\\\/2020\\\/02\\\/Tilia-tomentosa-Brabant3.jpg\",\"datePublished\":\"2020-02-24T11:42:11+00:00\",\"dateModified\":\"2023-12-16T12:56:03+00:00\",\"description\":\"A Tilia tomentosa 'Brabant' , Ez\u00fcst h\u00e1rsf\u00e1t f\u0151leg a v\u00e1rosokban l\u00e1thatjuk, mert j\u00f3l t\u0171ri a sz\u00e1razs\u00e1got, \u00e9s ez\u00e9rt sz\u00edvesen telep\u00edtik d\u00edszf\u00e1nak.\",\"breadcrumb\":{\"@id\":\"https:\\\/\\\/tajkertesz.com\\\/termek\\\/tilia-tomentosa-brabant-ezust-hars\\\/#breadcrumb\"},\"inLanguage\":\"en-US\",\"potentialAction\":[{\"@type\":\"ReadAction\",\"target\":[\"https:\\\/\\\/tajkertesz.com\\\/termek\\\/tilia-tomentosa-brabant-ezust-hars\\\/\"]}]},{\"@type\":\"ImageObject\",\"inLanguage\":\"en-US\",\"@id\":\"https:\\\/\\\/tajkertesz.com\\\/termek\\\/tilia-tomentosa-brabant-ezust-hars\\\/#primaryimage\",\"url\":\"https:\\\/\\\/tajkertesz.com\\\/wp-content\\\/uploads\\\/2020\\\/02\\\/Tilia-tomentosa-Brabant3.jpg\",\"contentUrl\":\"https:\\\/\\\/tajkertesz.com\\\/wp-content\\\/uploads\\\/2020\\\/02\\\/Tilia-tomentosa-Brabant3.jpg\",\"width\":1248,\"height\":997},{\"@type\":\"BreadcrumbList\",\"@id\":\"https:\\\/\\\/tajkertesz.com\\\/termek\\\/tilia-tomentosa-brabant-ezust-hars\\\/#breadcrumb\",\"itemListElement\":[{\"@type\":\"ListItem\",\"position\":1,\"name\":\"Home\",\"item\":\"https:\\\/\\\/tajkertesz.com\\\/\"},{\"@type\":\"ListItem\",\"position\":2,\"name\":\"Kezd\u0151lap\",\"item\":\"https:\\\/\\\/tajkertesz.com\\\/\"},{\"@type\":\"ListItem\",\"position\":3,\"name\":\"Tilia tomentosa &#8216;Brabant&#8217; , Ez\u00fcst h\u00e1rs\"}]},{\"@type\":\"WebSite\",\"@id\":\"https:\\\/\\\/tajkertesz.com\\\/#website\",\"url\":\"https:\\\/\\\/tajkertesz.com\\\/\",\"name\":\"T\u00e1j-Kert\u00e9sz 84 Kft.\",\"description\":\"Kert\u00e9szeti kis- \u00e9s nagykeresked\u00e9s, D\u00edszn\u00f6v\u00e9ny web\u00e1ruh\u00e1z orsz\u00e1gos h\u00e1zhozsz\u00e1ll\u00edt\u00e1ssal!\",\"publisher\":{\"@id\":\"https:\\\/\\\/tajkertesz.com\\\/#organization\"},\"potentialAction\":[{\"@type\":\"SearchAction\",\"target\":{\"@type\":\"EntryPoint\",\"urlTemplate\":\"https:\\\/\\\/tajkertesz.com\\\/?s={search_term_string}\"},\"query-input\":{\"@type\":\"PropertyValueSpecification\",\"valueRequired\":true,\"valueName\":\"search_term_string\"}}],\"inLanguage\":\"en-US\"},{\"@type\":\"Organization\",\"@id\":\"https:\\\/\\\/tajkertesz.com\\\/#organization\",\"name\":\"T\u00e1j-Kert\u00e9sz 84 Kft.\",\"url\":\"https:\\\/\\\/tajkertesz.com\\\/\",\"logo\":{\"@type\":\"ImageObject\",\"inLanguage\":\"en-US\",\"@id\":\"https:\\\/\\\/tajkertesz.com\\\/#\\\/schema\\\/logo\\\/image\\\/\",\"url\":\"https:\\\/\\\/tajkertesz.com\\\/wp-content\\\/uploads\\\/2018\\\/02\\\/logo-2-e1518678052539.png\",\"contentUrl\":\"https:\\\/\\\/tajkertesz.com\\\/wp-content\\\/uploads\\\/2018\\\/02\\\/logo-2-e1518678052539.png\",\"width\":81,\"height\":140,\"caption\":\"T\u00e1j-Kert\u00e9sz 84 Kft.\"},\"image\":{\"@id\":\"https:\\\/\\\/tajkertesz.com\\\/#\\\/schema\\\/logo\\\/image\\\/\"},\"sameAs\":[\"https:\\\/\\\/www.facebook.com\\\/Tajkertesz\\\/\"]}]}<\/script>\n<!-- \/ Yoast SEO plugin. -->","yoast_head_json":{"title":"Tilia tomentosa 'Brabant' , Ez\u00fcst h\u00e1rs - T\u00e1jkert\u00e9sz","description":"A Tilia tomentosa 'Brabant' , Ez\u00fcst h\u00e1rsf\u00e1t f\u0151leg a v\u00e1rosokban l\u00e1thatjuk, mert j\u00f3l t\u0171ri a sz\u00e1razs\u00e1got, \u00e9s ez\u00e9rt sz\u00edvesen telep\u00edtik d\u00edszf\u00e1nak.","robots":{"index":"index","follow":"follow","max-snippet":"max-snippet:-1","max-image-preview":"max-image-preview:large","max-video-preview":"max-video-preview:-1"},"canonical":"https:\/\/tajkertesz.com\/en_US\/product\/tilia-tomentosa-brabant-ezust-hars\/","og_locale":"en_US","og_type":"article","og_title":"Tilia tomentosa 'Brabant' , Ez\u00fcst h\u00e1rs - T\u00e1jkert\u00e9sz","og_description":"A Tilia tomentosa 'Brabant' , Ez\u00fcst h\u00e1rsf\u00e1t f\u0151leg a v\u00e1rosokban l\u00e1thatjuk, mert j\u00f3l t\u0171ri a sz\u00e1razs\u00e1got, \u00e9s ez\u00e9rt sz\u00edvesen telep\u00edtik d\u00edszf\u00e1nak.","og_url":"https:\/\/tajkertesz.com\/en_US\/product\/tilia-tomentosa-brabant-ezust-hars\/","og_site_name":"T\u00e1jkert\u00e9sz","article_publisher":"https:\/\/www.facebook.com\/Tajkertesz\/","article_modified_time":"2023-12-16T12:56:03+00:00","og_image":[{"width":1248,"height":997,"url":"https:\/\/tajkertesz.com\/wp-content\/uploads\/2020\/02\/Tilia-tomentosa-Brabant3.jpg","type":"image\/jpeg"}],"twitter_card":"summary_large_image","twitter_misc":{"Est. reading time":"2 minutes"},"schema":{"@context":"https:\/\/schema.org","@graph":[{"@type":"WebPage","@id":"https:\/\/tajkertesz.com\/termek\/tilia-tomentosa-brabant-ezust-hars\/","url":"https:\/\/tajkertesz.com\/termek\/tilia-tomentosa-brabant-ezust-hars\/","name":"Tilia tomentosa 'Brabant' , Ez\u00fcst h\u00e1rs - T\u00e1jkert\u00e9sz","isPartOf":{"@id":"https:\/\/tajkertesz.com\/#website"},"primaryImageOfPage":{"@id":"https:\/\/tajkertesz.com\/termek\/tilia-tomentosa-brabant-ezust-hars\/#primaryimage"},"image":{"@id":"https:\/\/tajkertesz.com\/termek\/tilia-tomentosa-brabant-ezust-hars\/#primaryimage"},"thumbnailUrl":"https:\/\/tajkertesz.com\/wp-content\/uploads\/2020\/02\/Tilia-tomentosa-Brabant3.jpg","datePublished":"2020-02-24T11:42:11+00:00","dateModified":"2023-12-16T12:56:03+00:00","description":"A Tilia tomentosa 'Brabant' , Ez\u00fcst h\u00e1rsf\u00e1t f\u0151leg a v\u00e1rosokban l\u00e1thatjuk, mert j\u00f3l t\u0171ri a sz\u00e1razs\u00e1got, \u00e9s ez\u00e9rt sz\u00edvesen telep\u00edtik d\u00edszf\u00e1nak.","breadcrumb":{"@id":"https:\/\/tajkertesz.com\/termek\/tilia-tomentosa-brabant-ezust-hars\/#breadcrumb"},"inLanguage":"en-US","potentialAction":[{"@type":"ReadAction","target":["https:\/\/tajkertesz.com\/termek\/tilia-tomentosa-brabant-ezust-hars\/"]}]},{"@type":"ImageObject","inLanguage":"en-US","@id":"https:\/\/tajkertesz.com\/termek\/tilia-tomentosa-brabant-ezust-hars\/#primaryimage","url":"https:\/\/tajkertesz.com\/wp-content\/uploads\/2020\/02\/Tilia-tomentosa-Brabant3.jpg","contentUrl":"https:\/\/tajkertesz.com\/wp-content\/uploads\/2020\/02\/Tilia-tomentosa-Brabant3.jpg","width":1248,"height":997},{"@type":"BreadcrumbList","@id":"https:\/\/tajkertesz.com\/termek\/tilia-tomentosa-brabant-ezust-hars\/#breadcrumb","itemListElement":[{"@type":"ListItem","position":1,"name":"Home","item":"https:\/\/tajkertesz.com\/"},{"@type":"ListItem","position":2,"name":"Kezd\u0151lap","item":"https:\/\/tajkertesz.com\/"},{"@type":"ListItem","position":3,"name":"Tilia tomentosa &#8216;Brabant&#8217; , Ez\u00fcst h\u00e1rs"}]},{"@type":"WebSite","@id":"https:\/\/tajkertesz.com\/#website","url":"https:\/\/tajkertesz.com\/","name":"T\u00e1j-Kert\u00e9sz 84 Kft.","description":"Kert\u00e9szeti kis- \u00e9s nagykeresked\u00e9s, D\u00edszn\u00f6v\u00e9ny web\u00e1ruh\u00e1z orsz\u00e1gos h\u00e1zhozsz\u00e1ll\u00edt\u00e1ssal!","publisher":{"@id":"https:\/\/tajkertesz.com\/#organization"},"potentialAction":[{"@type":"SearchAction","target":{"@type":"EntryPoint","urlTemplate":"https:\/\/tajkertesz.com\/?s={search_term_string}"},"query-input":{"@type":"PropertyValueSpecification","valueRequired":true,"valueName":"search_term_string"}}],"inLanguage":"en-US"},{"@type":"Organization","@id":"https:\/\/tajkertesz.com\/#organization","name":"T\u00e1j-Kert\u00e9sz 84 Kft.","url":"https:\/\/tajkertesz.com\/","logo":{"@type":"ImageObject","inLanguage":"en-US","@id":"https:\/\/tajkertesz.com\/#\/schema\/logo\/image\/","url":"https:\/\/tajkertesz.com\/wp-content\/uploads\/2018\/02\/logo-2-e1518678052539.png","contentUrl":"https:\/\/tajkertesz.com\/wp-content\/uploads\/2018\/02\/logo-2-e1518678052539.png","width":81,"height":140,"caption":"T\u00e1j-Kert\u00e9sz 84 Kft."},"image":{"@id":"https:\/\/tajkertesz.com\/#\/schema\/logo\/image\/"},"sameAs":["https:\/\/www.facebook.com\/Tajkertesz\/"]}]}},"_links":{"self":[{"href":"https:\/\/tajkertesz.com\/en_US\/wp-json\/wp\/v2\/product\/1053","targetHints":{"allow":["GET"]}}],"collection":[{"href":"https:\/\/tajkertesz.com\/en_US\/wp-json\/wp\/v2\/product"}],"about":[{"href":"https:\/\/tajkertesz.com\/en_US\/wp-json\/wp\/v2\/types\/product"}],"wp:featuredmedia":[{"embeddable":true,"href":"https:\/\/tajkertesz.com\/en_US\/wp-json\/wp\/v2\/media\/1056"}],"wp:attachment":[{"href":"https:\/\/tajkertesz.com\/en_US\/wp-json\/wp\/v2\/media?parent=1053"}],"wp:term":[{"taxonomy":"product_brand","embeddable":true,"href":"https:\/\/tajkertesz.com\/en_US\/wp-json\/wp\/v2\/product_brand?post=1053"},{"taxonomy":"product_cat","embeddable":true,"href":"https:\/\/tajkertesz.com\/en_US\/wp-json\/wp\/v2\/product_cat?post=1053"},{"taxonomy":"product_tag","embeddable":true,"href":"https:\/\/tajkertesz.com\/en_US\/wp-json\/wp\/v2\/product_tag?post=1053"}],"curies":[{"name":"wp","href":"https:\/\/api.w.org\/{rel}","templated":true}]}}