{"id":10582,"date":"2021-10-15T10:36:18","date_gmt":"2021-10-15T10:36:18","guid":{"rendered":"https:\/\/tajkertesz.com\/?post_type=product&#038;p=10582"},"modified":"2024-03-13T15:44:49","modified_gmt":"2024-03-13T15:44:49","slug":"csarab-calluna-vulgaris-4","status":"publish","type":"product","link":"https:\/\/tajkertesz.com\/en_US\/product\/csarab-calluna-vulgaris-4\/","title":{"rendered":"Csarab (Calluna vulgaris)"},"content":{"rendered":"<div class=\"product-name col-md-12 nopadding\">\n<h1 class=\"title\">Csarab (Calluna vulgaris)<\/h1>\n<p class=\"title\">Csarab (Calluna vulgaris),Apr\u00f3 lil\u00e1s r\u00f3zsasz\u00edn, feh\u00e9r vagy lila vir\u00e1gaival d\u00edsz\u00edti kert\u00fcnket, erk\u00e9ly\u00fcnket.Fajt\u00e1t\u00f3l f\u00fcgg\u0151en 20 \u2013 100 cm magas \u00f6r\u00f6kz\u00f6ld cserje.A n\u00f6v\u00e9ny sz\u0151nyegszer\u0171en ter\u00fcl el a m\u00e9szben szeg\u00e9ny, nedves talajon. El\u00e1gaz\u00f3 sz\u00e1r\u00e1nak kis \u00e1gai felfel\u00e9 ny\u00falnak, levelei szorosan egym\u00e1shoz simulnak.A n\u00f6v\u00e9nyt \u00fcltethetj\u00fck kertbe, erk\u00e9lyre, vagy teraszra nagyobb cser\u00e9pbe.<br \/>\nK\u00fcl\u00f6n\u00f6sen sz\u00e9p \u00e9s mutat\u00f3s sziklakertek k\u0151h\u00e1tterei k\u00f6z\u00f6tt.Csoportosan \u00fcltetve a legszebb, v\u00e1logassunk \u00f6ssze lila, r\u00f3zsasz\u00edn \u00e9s feh\u00e9r fajt\u00e1kat, \u00e9s ebb\u0151l alak\u00edtsuk ki az \u0151szi kert\u00fcnket.<\/p>\n<h3>T\u00e9lre \u00e9rdemes a fiatal p\u00e9ld\u00e1nyokat betakarni \u00edgy nem fagy ki.A csarab minden szempontb\u00f3l ig\u00e9nytelen.<\/h3>\n<p>Kifejezetten m\u00e9szker\u00fcl\u0151. A legszeg\u00e9nyebb talajokon is meg\u00e9l, ha annak PH \u00e9rt\u00e9ke alacsony. Mivel az orsz\u00e1g nagy r\u00e9sz\u00e9n a talaj meszes, \u00fcltet\u00e9se csak talajcsere ut\u00e1n aj\u00e1nlott.Ahhoz, hogy a n\u00f6v\u00e9ny form\u00e1j\u00e1t megtartsa \u00e9s a k\u00f6vetkez\u0151 \u00e9vben \u00fajra gazdagon ny\u00edljon, a kis bokrot \u00e9vente egyszer er\u0151sen vissza kell v\u00e1gni. Erre a legalkalmasabb id\u0151pont t\u00e9l v\u00e9ge. Ak\u00e1r t\u00f6vig is lev\u00e1ghatjuk, \u00fcgyelve arra, hogy n\u00e9mi \u00e9l\u0151 z\u00f6ld lomb mindig maradjon.K\u00fcl\u00f6nlegess\u00e9ge hogy az apr\u00f3 vir\u00e1gok a t\u00e9l be\u00e1llt\u00e1val megsz\u00e1radnak a f\u00e1s sz\u00e1ron \u00edgy a n\u00f6v\u00e9ny t\u00e9len a h\u00f3takar\u00f3ban is sz\u00ednes marad.<\/p>\n<h3>Megsz\u00e1r\u00edtott vir\u00e1gz\u00f3 hajt\u00e1sai h\u00f3napokig eltarthat\u00f3 sz\u00e9p d\u00edsz, \u00e9rt\u00e9kes sz\u00e1razk\u00f6t\u00e9szeti alapanyag.<\/h3>\n<p>Csak az \u00e1rny\u00e9kmentes, ny\u00edlt fekv\u00e9sben k\u00e9pes megmaradni. F\u00e9nyig\u00e9nyess\u00e9ge miatt a be\u00e1rny\u00e9kol\u00e1st csak \u00e1tmenetileg, r\u00f6vid ideig k\u00e9pes elviselni.\u00d6nt\u00f6z\u00e9se mindig csak m\u00e9rs\u00e9kelt legyen, a tart\u00f3s kisz\u00e1rad\u00e1st viszont ker\u00fclj\u00fck el. \u00d6nt\u00f6z\u00e9shez \u00e9rdemes l\u00e1gy\u00edtott vizet vagy es\u0151vizet haszn\u00e1lni.A m\u00e9szszeg\u00e9ny \u00e9s t\u00e1panyagban szeg\u00e9ny talajt kedveli. \u00dcltet\u00e9shez a legjobb a feny\u0151k\u00e9reg, a savany\u00fa t\u0151zeg kever\u00e9ke.<\/p>\n<\/div>\n<p>&nbsp;<\/p>\n<p>&nbsp;<\/p>\n<p>11-es cser\u00e9pben<\/p>\n<p>&nbsp;<\/p>\n<p><span style=\"font-family: 'Ubuntu',serif; color: black;\">K\u00e9szlet\u00fcnk napi szinten v\u00e1ltozik, ez\u00e9rt k\u00e9rj\u00fck, \u00e9rdekl\u0151dj\u00f6n szem\u00e9lyesen, telefonon vagy email-en.<\/span><\/p>\n<p style=\"line-height: 18.0pt; background: white; margin: 0cm 0cm 15.0pt 0cm;\"><b><span style=\"font-family: 'Ubuntu',serif; color: black;\">A v\u00e1ltoztat\u00e1s jog\u00e1t fenntartjuk!\u00a0<\/span><\/b><\/p>\n<p><a href=\"https:\/\/tajkertesz.com\/\">https:\/\/tajkertesz.com\/<\/a><\/p>\n<p><a href=\"https:\/\/www.facebook.com\/tajkertesz\">https:\/\/www.facebook.com\/tajkertesz<\/a><\/p>\n<p>Sz\u00e1ll\u00edt\u00e1s fut\u00e1rszolg\u00e1lattal 200 cm \u00e9s 40 kg-ig lehets\u00e9ges, ezen m\u00e9retek felett egyedi sz\u00e1ll\u00edt\u00e1s egyeztet\u00e9se sz\u00fcks\u00e9ges.<\/p>\n<p><strong><i><span style=\"color: #ffffff;\">A meleg \u00e1gy\u00e1s val\u00f3j\u00e1ban nem m\u00e1s mint egy vastag tr\u00e1gyar\u00e9teg besz\u00f3rva valamennyi f\u00f6lddel. A meleg\u00e1gy tr\u00e1gyakever\u00e9ke att\u00f3l f\u00fcgg milyen id\u0151tartamra k\u00e9ri a meleget a rajta termeszteni k\u00edv\u00e1nt n\u00f6v\u00e9nykult\u00fara. A l\u00f3tr\u00e1gya hirtelen ad sok meleget. Ez\u00e9rt ezt t\u00e9l v\u00e9ge fel\u00e9 alkalmazt\u00e1k. A marhatr\u00e1gya lassan ad kevesebb meleget, de huzamosabb ideig. A l\u00f3 \u00e9s szarvasmarha tr\u00e1gya kever\u00e9k\u00e9t annak megfelel\u0151en kevert\u00e9k be hogy t\u00f6bb meleg kellett hirtelen, vagy kevesebb meleg hosszabb t\u00e1von. Ha kev\u00e9s a szerves tr\u00e1gya a meleg\u00e1gy al\u00e1, akkor p\u00f3tolhat\u00f3 szalm\u00e1val, \u00e9s m\u0171tr\u00e1gy\u00e1val. A meleg\u00e1gy minden esetben fedhet\u0151 az \u00e9jjeli leh\u0171l\u00e9s megakad\u00e1lyoz\u00e1s\u00e1ra.A meleg \u00e1gy\u00e1s val\u00f3j\u00e1ban nem m\u00e1s mint egy vastag tr\u00e1gyar\u00e9teg besz\u00f3rva valamennyi f\u00f6lddel. A meleg\u00e1gy tr\u00e1gyakever\u00e9ke att\u00f3l f\u00fcgg milyen id\u0151tartamra k\u00e9ri a meleget a rajta termeszteni k\u00edv\u00e1nt n\u00f6v\u00e9nykult\u00fara. A l\u00f3tr\u00e1gya hirtelen ad sok meleget. Ez\u00e9rt ezt t\u00e9l v\u00e9ge fel\u00e9 alkalmazt\u00e1k. A marhatr\u00e1gya lassan ad kevesebb meleget, de huzamosabb ideig. A l\u00f3 \u00e9s szarvasmarha tr\u00e1gya kever\u00e9k\u00e9t annak megfelel\u0151en kevert\u00e9k be hogy t\u00f6bb meleg kellett hirtelen, vagy kevesebb meleg hosszabb t\u00e1von. Ha kev\u00e9s a szerves tr\u00e1gya a meleg\u00e1gy al\u00e1, akkor p\u00f3tolhat\u00f3 szalm\u00e1val, \u00e9s m\u0171tr\u00e1gy\u00e1val. A meleg\u00e1gy minden esetben fedhet\u0151 az \u00e9jjeli leh\u0171l\u00e9s megakad\u00e1lyoz\u00e1s\u00e1ra.<\/span><\/i><\/strong><\/p>","protected":false},"excerpt":{"rendered":"<p class=\"title\" style=\"text-align: center;\">Csarab (Calluna vulgaris)<\/p>","protected":false},"featured_media":10585,"template":"","meta":{"_et_pb_use_builder":"","_et_pb_old_content":"","_et_gb_content_width":""},"product_brand":[],"product_cat":[27,26],"product_tag":[3006],"class_list":{"0":"post-10582","1":"product","2":"type-product","3":"status-publish","4":"has-post-thumbnail","6":"product_cat-cserjek","7":"product_cat-orokzold-novenyek","8":"product_tag-csarab-calluna-vulgaris","10":"first","11":"outofstock","12":"shipping-taxable","13":"product-type-simple"},"yoast_head":"<!-- This site is optimized with the Yoast SEO plugin v27.5 - https:\/\/yoast.com\/product\/yoast-seo-wordpress\/ -->\n<title>Csarab (Calluna vulgaris) - T\u00e1jkert\u00e9sz<\/title>\n<meta name=\"description\" content=\"Csarab (Calluna vulgaris)\" \/>\n<meta name=\"robots\" content=\"index, follow, max-snippet:-1, max-image-preview:large, max-video-preview:-1\" \/>\n<link rel=\"canonical\" href=\"https:\/\/tajkertesz.com\/en_US\/product\/csarab-calluna-vulgaris-4\/\" \/>\n<meta property=\"og:locale\" content=\"en_US\" \/>\n<meta property=\"og:type\" content=\"article\" \/>\n<meta property=\"og:title\" content=\"Csarab (Calluna vulgaris) - T\u00e1jkert\u00e9sz\" \/>\n<meta property=\"og:description\" content=\"Csarab (Calluna vulgaris)\" \/>\n<meta property=\"og:url\" content=\"https:\/\/tajkertesz.com\/en_US\/product\/csarab-calluna-vulgaris-4\/\" \/>\n<meta property=\"og:site_name\" content=\"T\u00e1jkert\u00e9sz\" \/>\n<meta property=\"article:publisher\" content=\"https:\/\/www.facebook.com\/Tajkertesz\/\" \/>\n<meta property=\"article:modified_time\" content=\"2024-03-13T15:44:49+00:00\" \/>\n<meta property=\"og:image\" content=\"https:\/\/tajkertesz.com\/wp-content\/uploads\/2021\/10\/IMG_20211015_084340.jpg\" \/>\n\t<meta property=\"og:image:width\" content=\"608\" \/>\n\t<meta property=\"og:image:height\" content=\"600\" \/>\n\t<meta property=\"og:image:type\" content=\"image\/jpeg\" \/>\n<meta name=\"twitter:card\" content=\"summary_large_image\" \/>\n<meta name=\"twitter:label1\" content=\"Est. reading time\" \/>\n\t<meta name=\"twitter:data1\" content=\"3 minutes\" \/>\n<script type=\"application\/ld+json\" class=\"yoast-schema-graph\">{\"@context\":\"https:\\\/\\\/schema.org\",\"@graph\":[{\"@type\":\"WebPage\",\"@id\":\"https:\\\/\\\/tajkertesz.com\\\/termek\\\/csarab-calluna-vulgaris-4\\\/\",\"url\":\"https:\\\/\\\/tajkertesz.com\\\/termek\\\/csarab-calluna-vulgaris-4\\\/\",\"name\":\"Csarab (Calluna vulgaris) - T\u00e1jkert\u00e9sz\",\"isPartOf\":{\"@id\":\"https:\\\/\\\/tajkertesz.com\\\/#website\"},\"primaryImageOfPage\":{\"@id\":\"https:\\\/\\\/tajkertesz.com\\\/termek\\\/csarab-calluna-vulgaris-4\\\/#primaryimage\"},\"image\":{\"@id\":\"https:\\\/\\\/tajkertesz.com\\\/termek\\\/csarab-calluna-vulgaris-4\\\/#primaryimage\"},\"thumbnailUrl\":\"https:\\\/\\\/tajkertesz.com\\\/wp-content\\\/uploads\\\/2021\\\/10\\\/IMG_20211015_084340.jpg\",\"datePublished\":\"2021-10-15T10:36:18+00:00\",\"dateModified\":\"2024-03-13T15:44:49+00:00\",\"description\":\"Csarab (Calluna vulgaris)\",\"breadcrumb\":{\"@id\":\"https:\\\/\\\/tajkertesz.com\\\/termek\\\/csarab-calluna-vulgaris-4\\\/#breadcrumb\"},\"inLanguage\":\"en-US\",\"potentialAction\":[{\"@type\":\"ReadAction\",\"target\":[\"https:\\\/\\\/tajkertesz.com\\\/termek\\\/csarab-calluna-vulgaris-4\\\/\"]}]},{\"@type\":\"ImageObject\",\"inLanguage\":\"en-US\",\"@id\":\"https:\\\/\\\/tajkertesz.com\\\/termek\\\/csarab-calluna-vulgaris-4\\\/#primaryimage\",\"url\":\"https:\\\/\\\/tajkertesz.com\\\/wp-content\\\/uploads\\\/2021\\\/10\\\/IMG_20211015_084340.jpg\",\"contentUrl\":\"https:\\\/\\\/tajkertesz.com\\\/wp-content\\\/uploads\\\/2021\\\/10\\\/IMG_20211015_084340.jpg\",\"width\":608,\"height\":600,\"caption\":\"hdr\"},{\"@type\":\"BreadcrumbList\",\"@id\":\"https:\\\/\\\/tajkertesz.com\\\/termek\\\/csarab-calluna-vulgaris-4\\\/#breadcrumb\",\"itemListElement\":[{\"@type\":\"ListItem\",\"position\":1,\"name\":\"Home\",\"item\":\"https:\\\/\\\/tajkertesz.com\\\/\"},{\"@type\":\"ListItem\",\"position\":2,\"name\":\"Kezd\u0151lap\",\"item\":\"https:\\\/\\\/tajkertesz.com\\\/\"},{\"@type\":\"ListItem\",\"position\":3,\"name\":\"Csarab (Calluna vulgaris)\"}]},{\"@type\":\"WebSite\",\"@id\":\"https:\\\/\\\/tajkertesz.com\\\/#website\",\"url\":\"https:\\\/\\\/tajkertesz.com\\\/\",\"name\":\"T\u00e1j-Kert\u00e9sz 84 Kft.\",\"description\":\"Kert\u00e9szeti kis- \u00e9s nagykeresked\u00e9s, D\u00edszn\u00f6v\u00e9ny web\u00e1ruh\u00e1z orsz\u00e1gos h\u00e1zhozsz\u00e1ll\u00edt\u00e1ssal!\",\"publisher\":{\"@id\":\"https:\\\/\\\/tajkertesz.com\\\/#organization\"},\"potentialAction\":[{\"@type\":\"SearchAction\",\"target\":{\"@type\":\"EntryPoint\",\"urlTemplate\":\"https:\\\/\\\/tajkertesz.com\\\/?s={search_term_string}\"},\"query-input\":{\"@type\":\"PropertyValueSpecification\",\"valueRequired\":true,\"valueName\":\"search_term_string\"}}],\"inLanguage\":\"en-US\"},{\"@type\":\"Organization\",\"@id\":\"https:\\\/\\\/tajkertesz.com\\\/#organization\",\"name\":\"T\u00e1j-Kert\u00e9sz 84 Kft.\",\"url\":\"https:\\\/\\\/tajkertesz.com\\\/\",\"logo\":{\"@type\":\"ImageObject\",\"inLanguage\":\"en-US\",\"@id\":\"https:\\\/\\\/tajkertesz.com\\\/#\\\/schema\\\/logo\\\/image\\\/\",\"url\":\"https:\\\/\\\/tajkertesz.com\\\/wp-content\\\/uploads\\\/2018\\\/02\\\/logo-2-e1518678052539.png\",\"contentUrl\":\"https:\\\/\\\/tajkertesz.com\\\/wp-content\\\/uploads\\\/2018\\\/02\\\/logo-2-e1518678052539.png\",\"width\":81,\"height\":140,\"caption\":\"T\u00e1j-Kert\u00e9sz 84 Kft.\"},\"image\":{\"@id\":\"https:\\\/\\\/tajkertesz.com\\\/#\\\/schema\\\/logo\\\/image\\\/\"},\"sameAs\":[\"https:\\\/\\\/www.facebook.com\\\/Tajkertesz\\\/\"]}]}<\/script>\n<!-- \/ Yoast SEO plugin. -->","yoast_head_json":{"title":"Csarab (Calluna vulgaris) - T\u00e1jkert\u00e9sz","description":"Csarab (Calluna vulgaris)","robots":{"index":"index","follow":"follow","max-snippet":"max-snippet:-1","max-image-preview":"max-image-preview:large","max-video-preview":"max-video-preview:-1"},"canonical":"https:\/\/tajkertesz.com\/en_US\/product\/csarab-calluna-vulgaris-4\/","og_locale":"en_US","og_type":"article","og_title":"Csarab (Calluna vulgaris) - T\u00e1jkert\u00e9sz","og_description":"Csarab (Calluna vulgaris)","og_url":"https:\/\/tajkertesz.com\/en_US\/product\/csarab-calluna-vulgaris-4\/","og_site_name":"T\u00e1jkert\u00e9sz","article_publisher":"https:\/\/www.facebook.com\/Tajkertesz\/","article_modified_time":"2024-03-13T15:44:49+00:00","og_image":[{"width":608,"height":600,"url":"https:\/\/tajkertesz.com\/wp-content\/uploads\/2021\/10\/IMG_20211015_084340.jpg","type":"image\/jpeg"}],"twitter_card":"summary_large_image","twitter_misc":{"Est. reading time":"3 minutes"},"schema":{"@context":"https:\/\/schema.org","@graph":[{"@type":"WebPage","@id":"https:\/\/tajkertesz.com\/termek\/csarab-calluna-vulgaris-4\/","url":"https:\/\/tajkertesz.com\/termek\/csarab-calluna-vulgaris-4\/","name":"Csarab (Calluna vulgaris) - T\u00e1jkert\u00e9sz","isPartOf":{"@id":"https:\/\/tajkertesz.com\/#website"},"primaryImageOfPage":{"@id":"https:\/\/tajkertesz.com\/termek\/csarab-calluna-vulgaris-4\/#primaryimage"},"image":{"@id":"https:\/\/tajkertesz.com\/termek\/csarab-calluna-vulgaris-4\/#primaryimage"},"thumbnailUrl":"https:\/\/tajkertesz.com\/wp-content\/uploads\/2021\/10\/IMG_20211015_084340.jpg","datePublished":"2021-10-15T10:36:18+00:00","dateModified":"2024-03-13T15:44:49+00:00","description":"Csarab (Calluna vulgaris)","breadcrumb":{"@id":"https:\/\/tajkertesz.com\/termek\/csarab-calluna-vulgaris-4\/#breadcrumb"},"inLanguage":"en-US","potentialAction":[{"@type":"ReadAction","target":["https:\/\/tajkertesz.com\/termek\/csarab-calluna-vulgaris-4\/"]}]},{"@type":"ImageObject","inLanguage":"en-US","@id":"https:\/\/tajkertesz.com\/termek\/csarab-calluna-vulgaris-4\/#primaryimage","url":"https:\/\/tajkertesz.com\/wp-content\/uploads\/2021\/10\/IMG_20211015_084340.jpg","contentUrl":"https:\/\/tajkertesz.com\/wp-content\/uploads\/2021\/10\/IMG_20211015_084340.jpg","width":608,"height":600,"caption":"hdr"},{"@type":"BreadcrumbList","@id":"https:\/\/tajkertesz.com\/termek\/csarab-calluna-vulgaris-4\/#breadcrumb","itemListElement":[{"@type":"ListItem","position":1,"name":"Home","item":"https:\/\/tajkertesz.com\/"},{"@type":"ListItem","position":2,"name":"Kezd\u0151lap","item":"https:\/\/tajkertesz.com\/"},{"@type":"ListItem","position":3,"name":"Csarab (Calluna vulgaris)"}]},{"@type":"WebSite","@id":"https:\/\/tajkertesz.com\/#website","url":"https:\/\/tajkertesz.com\/","name":"T\u00e1j-Kert\u00e9sz 84 Kft.","description":"Kert\u00e9szeti kis- \u00e9s nagykeresked\u00e9s, D\u00edszn\u00f6v\u00e9ny web\u00e1ruh\u00e1z orsz\u00e1gos h\u00e1zhozsz\u00e1ll\u00edt\u00e1ssal!","publisher":{"@id":"https:\/\/tajkertesz.com\/#organization"},"potentialAction":[{"@type":"SearchAction","target":{"@type":"EntryPoint","urlTemplate":"https:\/\/tajkertesz.com\/?s={search_term_string}"},"query-input":{"@type":"PropertyValueSpecification","valueRequired":true,"valueName":"search_term_string"}}],"inLanguage":"en-US"},{"@type":"Organization","@id":"https:\/\/tajkertesz.com\/#organization","name":"T\u00e1j-Kert\u00e9sz 84 Kft.","url":"https:\/\/tajkertesz.com\/","logo":{"@type":"ImageObject","inLanguage":"en-US","@id":"https:\/\/tajkertesz.com\/#\/schema\/logo\/image\/","url":"https:\/\/tajkertesz.com\/wp-content\/uploads\/2018\/02\/logo-2-e1518678052539.png","contentUrl":"https:\/\/tajkertesz.com\/wp-content\/uploads\/2018\/02\/logo-2-e1518678052539.png","width":81,"height":140,"caption":"T\u00e1j-Kert\u00e9sz 84 Kft."},"image":{"@id":"https:\/\/tajkertesz.com\/#\/schema\/logo\/image\/"},"sameAs":["https:\/\/www.facebook.com\/Tajkertesz\/"]}]}},"_links":{"self":[{"href":"https:\/\/tajkertesz.com\/en_US\/wp-json\/wp\/v2\/product\/10582","targetHints":{"allow":["GET"]}}],"collection":[{"href":"https:\/\/tajkertesz.com\/en_US\/wp-json\/wp\/v2\/product"}],"about":[{"href":"https:\/\/tajkertesz.com\/en_US\/wp-json\/wp\/v2\/types\/product"}],"wp:featuredmedia":[{"embeddable":true,"href":"https:\/\/tajkertesz.com\/en_US\/wp-json\/wp\/v2\/media\/10585"}],"wp:attachment":[{"href":"https:\/\/tajkertesz.com\/en_US\/wp-json\/wp\/v2\/media?parent=10582"}],"wp:term":[{"taxonomy":"product_brand","embeddable":true,"href":"https:\/\/tajkertesz.com\/en_US\/wp-json\/wp\/v2\/product_brand?post=10582"},{"taxonomy":"product_cat","embeddable":true,"href":"https:\/\/tajkertesz.com\/en_US\/wp-json\/wp\/v2\/product_cat?post=10582"},{"taxonomy":"product_tag","embeddable":true,"href":"https:\/\/tajkertesz.com\/en_US\/wp-json\/wp\/v2\/product_tag?post=10582"}],"curies":[{"name":"wp","href":"https:\/\/api.w.org\/{rel}","templated":true}]}}