{"id":1068,"date":"2024-10-12T10:10:58","date_gmt":"2024-10-12T10:10:58","guid":{"rendered":"https:\/\/tajkertesz.com\/?post_type=product&#038;p=1068"},"modified":"2026-05-05T10:04:50","modified_gmt":"2026-05-05T10:04:50","slug":"berberis-thunbergii-atropurpurea-nana","status":"publish","type":"product","link":"https:\/\/tajkertesz.com\/en_US\/product\/berberis-thunbergii-atropurpurea-nana\/","title":{"rendered":"Berberis thunbergii \u2019Atropurpurea Nana\u2019 &#8211; T\u00f6rpe v\u00e9rborbolya"},"content":{"rendered":"<h1>Berberis thunbergii \u2019Atropurpurea Nana\u2019 &#8211; T\u00f6rpe v\u00e9rborbolya<\/h1>\n<p>A Berberis thunbergii \u2019Atropurpurea Nana\u2019 &#8211; V\u00e9rborbolya, egy rendk\u00edv\u00fcl dekorat\u00edv, lombhullat\u00f3 cserje, amely k\u00fcl\u00f6nleges sz\u00ednfoltot ad a kertnek. Ez a n\u00f6v\u00e9ny Jap\u00e1nb\u00f3l sz\u00e1rmazik, \u00e9s a Berberidaceae csal\u00e1d tagja.<\/p>\n<h3>Berberis thunbergii \u2019Atropurpurea Nana\u2019 jellemz\u0151i<\/h3>\n<p>M\u00e9ret \u00e9s n\u00f6veked\u00e9s: A v\u00e9rborbolya \u00e1ltal\u00e1ban 1,5 m\u00e9ter magasra \u00e9s hasonl\u00f3 sz\u00e9less\u00e9gre n\u0151 meg. S\u0171r\u0171, \u00edvesen lehajl\u00f3 \u00e1grendszer\u00e9vel \u00e9s t\u00f6vises \u00e1gaival kiv\u00e1l\u00f3an alkalmas s\u00f6v\u00e9nynek vagy szoliter n\u00f6v\u00e9nyk\u00e9nt is.<\/p>\n<p>Lombozat: Levelei vissz\u00e1s toj\u00e1sdad alak\u00faak, tompa cs\u00facs\u00faak \u00e9s v\u00f6r\u00f6ses-lil\u00e1s sz\u00edn\u0171ek. \u0150sszel a levelek \u00e9l\u00e9nk v\u00f6r\u00f6s vagy narancss\u00e1rga \u00e1rnyalatot \u00f6ltenek, ami k\u00fcl\u00f6n\u00f6sen l\u00e1tv\u00e1nyoss\u00e1 teszi a n\u00f6v\u00e9nyt.<\/p>\n<p>Vir\u00e1gz\u00e1s \u00e9s term\u00e9s: A v\u00e9rborbolya apr\u00f3, s\u00e1rga vir\u00e1gai \u00e1prilis-m\u00e1jusban ny\u00edlnak. B\u00e1r a vir\u00e1gok nem t\u00fal felt\u0171n\u0151ek, \u00e9des illatuk vonzza a beporz\u00f3 rovarokat. A vir\u00e1gz\u00e1st k\u00f6vet\u0151en hossz\u00fak\u00e1s, piros bogy\u00f3k jelennek meg, amelyek \u0151sszel \u00e9s t\u00e9len is d\u00edsz\u00edtik a n\u00f6v\u00e9nyt.<\/p>\n<h3>A t\u00f6rpe v\u00e9rborbolya gondoz\u00e1sa<\/h3>\n<p>F\u00e9nyig\u00e9ny: Teljes napf\u00e9nyt vagy f\u00e9l\u00e1rny\u00e9kot kedvel. Teljes naps\u00fct\u00e9sben a levelek sz\u00edne intenz\u00edvebb lesz.<br \/>\nTalaj: J\u00f3 v\u00edzelvezet\u00e9s\u0171, \u00e1tlagos kerti talajban fejl\u0151dik a legjobban. A talaj legyen enyh\u00e9n savany\u00fa vagy semleges.<br \/>\n\u00d6nt\u00f6z\u00e9s: K\u00f6zepes v\u00edzig\u00e9ny\u0171, de j\u00f3l t\u0171ri a sz\u00e1razs\u00e1got is. Fontos, hogy a talaj ne legyen t\u00fal nedves, mivel a pang\u00f3 vizet nem toler\u00e1lja.<br \/>\nMetsz\u00e9s: Tavasszal \u00e9rdemes visszametszeni a s\u00e9r\u00fclt vagy elhalt \u00e1gakat. A n\u00f6v\u00e9ny form\u00e1j\u00e1nak meg\u0151rz\u00e9se \u00e9rdek\u00e9ben ny\u00e1ron is lehet metsz\u00e9st v\u00e9gezni.<br \/>\nBetegs\u00e9gek \u00e9s k\u00e1rtev\u0151k: A v\u00e9rborbolya \u00e1ltal\u00e1ban ellen\u00e1ll\u00f3 a betegs\u00e9gekkel \u00e9s k\u00e1rtev\u0151kkel szemben, de el\u0151fordulhat lev\u00e9lfoltoss\u00e1g vagy lisztharmat. A t\u00f6vises \u00e1gak miatt a n\u00f6v\u00e9ny term\u00e9szetes v\u00e9delmet ny\u00fajt a nagyobb \u00e1llatok, p\u00e9ld\u00e1ul a szarvasok ellen.<\/p>\n<p>Felhaszn\u00e1l\u00e1s: A v\u00e9rborbolya kiv\u00e1l\u00f3an alkalmas s\u00f6v\u00e9nynek, szeg\u00e9lyn\u00f6v\u00e9nynek vagy szoliterk\u00e9nt is \u00fcltethet\u0151. Sz\u00ednes lombozata \u00e9s bogy\u00f3i miatt eg\u00e9sz \u00e9vben d\u00edsz\u00edti a kertet.<\/p>\n<p>\u00d6sszess\u00e9g\u00e9ben a Berberis thunbergii \u2018Atropurpurea Nana\u2019 egy sokoldal\u00fa \u00e9s k\u00f6nnyen gondozhat\u00f3 cserje, amely b\u00e1rmely kert \u00e9ke lehet.<\/p>\n<p>Jelenlegi term\u00e9k\u00fcnk 25\/35 cm magas, 2 literes kont\u00e9nerben kaphat\u00f3.<\/p>\n<p><strong>K\u00e9szlet\u00fcnk napi szinten v\u00e1ltozik, ez\u00e9rt k\u00e9rj\u00fck, \u00e9rdekl\u0151dj\u00f6n szem\u00e9lyesen, telefonon vagy email-en.<br \/>\nA v\u00e1ltoztat\u00e1s jog\u00e1t fenntartjuk!\u00a0<\/strong><\/p>\n<p><a href=\"https:\/\/tajkertesz.com\/\">https:\/\/tajkertesz.com\/<\/a><\/p>\n<p><a href=\"https:\/\/www.facebook.com\/tajkertesz\/\">https:\/\/www.facebook.com\/tajkertesz\/<\/a><\/p>\n<p>Kisz\u00e1ll\u00edt\u00e1s: 200cm-ig \u00e9s 40 kg-ig a sz\u00e1ll\u00edt\u00e1s fut\u00e1rszolg\u00e1lattal t\u00f6rt\u00e9nik.<\/p>\n<p>Szem\u00e9lyes \u00e1tv\u00e9tel nyitvatart\u00e1si id\u0151ben a 17. ker\u00fclet Bakancsos utca 7. sz\u00e1m alatti Kert\u00e9szeti \u00e1rud\u00e1nkban.<\/p>\n<p>&nbsp;<\/p>","protected":false},"excerpt":{"rendered":"<p>Berberis thunbergii &#8216;Atropurpurea Nana&#8217; , V\u00e9rborbolya 1,5 m\u00e9teres maxim\u00e1lis magass\u00e1got el\u00e9r\u0151 lombhullat\u00f3 cserje mely, lev\u00e9lzet\u00e9vel, vir\u00e1gaival, valamint term\u00e9s\u00e9vel egyar\u00e1nt d\u00edsz\u00edt.<\/p>","protected":false},"featured_media":21355,"template":"","meta":{"_et_pb_use_builder":"","_et_pb_old_content":"","_et_gb_content_width":""},"product_brand":[],"product_cat":[27],"product_tag":[5363,220,179,73,222],"class_list":{"0":"post-1068","1":"product","2":"type-product","3":"status-publish","4":"has-post-thumbnail","6":"product_cat-cserjek","7":"product_tag-atropurpurea-nana","8":"product_tag-berberis","9":"product_tag-borbolya","10":"product_tag-cserje","11":"product_tag-verborbolya","13":"first","14":"instock","15":"shipping-taxable","16":"purchasable","17":"product-type-simple"},"yoast_head":"<!-- This site is optimized with the Yoast SEO plugin v27.5 - https:\/\/yoast.com\/product\/yoast-seo-wordpress\/ -->\n<title>Berberis thunbergii \u2019Atropurpurea Nana\u2019 - T\u00f6rpe v\u00e9rborbolya - T\u00e1jkert\u00e9sz<\/title>\n<meta name=\"description\" content=\"Berberis thunbergii &#039;Atropurpurea Nana&#039; 1,5 m\u00e9teres magass\u00e1got el\u00e9r\u0151 lombhullat\u00f3 cserje mely, lev\u00e9lzet\u00e9vel, vir\u00e1gaival, term\u00e9s\u00e9vel egyar\u00e1nt d\u00edsz\u00edt.\u00a0\" \/>\n<meta name=\"robots\" content=\"index, follow, max-snippet:-1, max-image-preview:large, max-video-preview:-1\" \/>\n<link rel=\"canonical\" href=\"https:\/\/tajkertesz.com\/en_US\/product\/berberis-thunbergii-atropurpurea-nana\/\" \/>\n<meta property=\"og:locale\" content=\"en_US\" \/>\n<meta property=\"og:type\" content=\"article\" \/>\n<meta property=\"og:title\" content=\"Berberis thunbergii \u2019Atropurpurea Nana\u2019 - T\u00f6rpe v\u00e9rborbolya - T\u00e1jkert\u00e9sz\" \/>\n<meta property=\"og:description\" content=\"Berberis thunbergii &#039;Atropurpurea Nana&#039; 1,5 m\u00e9teres magass\u00e1got el\u00e9r\u0151 lombhullat\u00f3 cserje mely, lev\u00e9lzet\u00e9vel, vir\u00e1gaival, term\u00e9s\u00e9vel egyar\u00e1nt d\u00edsz\u00edt.\u00a0\" \/>\n<meta property=\"og:url\" content=\"https:\/\/tajkertesz.com\/en_US\/product\/berberis-thunbergii-atropurpurea-nana\/\" \/>\n<meta property=\"og:site_name\" content=\"T\u00e1jkert\u00e9sz\" \/>\n<meta property=\"article:publisher\" content=\"https:\/\/www.facebook.com\/Tajkertesz\/\" \/>\n<meta property=\"article:modified_time\" content=\"2026-05-05T10:04:50+00:00\" \/>\n<meta property=\"og:image\" content=\"https:\/\/tajkertesz.com\/wp-content\/uploads\/2020\/02\/20241009_083012-scaled.jpg\" \/>\n\t<meta property=\"og:image:width\" content=\"1920\" \/>\n\t<meta property=\"og:image:height\" content=\"2560\" \/>\n\t<meta property=\"og:image:type\" content=\"image\/jpeg\" \/>\n<meta name=\"twitter:card\" content=\"summary_large_image\" \/>\n<meta name=\"twitter:label1\" content=\"Est. reading time\" \/>\n\t<meta name=\"twitter:data1\" content=\"2 minutes\" \/>\n<script type=\"application\/ld+json\" class=\"yoast-schema-graph\">{\"@context\":\"https:\\\/\\\/schema.org\",\"@graph\":[{\"@type\":\"WebPage\",\"@id\":\"https:\\\/\\\/tajkertesz.com\\\/termek\\\/berberis-thunbergii-atropurpurea-nana\\\/\",\"url\":\"https:\\\/\\\/tajkertesz.com\\\/termek\\\/berberis-thunbergii-atropurpurea-nana\\\/\",\"name\":\"Berberis thunbergii \u2019Atropurpurea Nana\u2019 - T\u00f6rpe v\u00e9rborbolya - T\u00e1jkert\u00e9sz\",\"isPartOf\":{\"@id\":\"https:\\\/\\\/tajkertesz.com\\\/#website\"},\"primaryImageOfPage\":{\"@id\":\"https:\\\/\\\/tajkertesz.com\\\/termek\\\/berberis-thunbergii-atropurpurea-nana\\\/#primaryimage\"},\"image\":{\"@id\":\"https:\\\/\\\/tajkertesz.com\\\/termek\\\/berberis-thunbergii-atropurpurea-nana\\\/#primaryimage\"},\"thumbnailUrl\":\"https:\\\/\\\/tajkertesz.com\\\/wp-content\\\/uploads\\\/2020\\\/02\\\/20241009_083012-scaled.jpg\",\"datePublished\":\"2024-10-12T10:10:58+00:00\",\"dateModified\":\"2026-05-05T10:04:50+00:00\",\"description\":\"Berberis thunbergii 'Atropurpurea Nana' 1,5 m\u00e9teres magass\u00e1got el\u00e9r\u0151 lombhullat\u00f3 cserje mely, lev\u00e9lzet\u00e9vel, vir\u00e1gaival, term\u00e9s\u00e9vel egyar\u00e1nt d\u00edsz\u00edt.\u00a0\",\"breadcrumb\":{\"@id\":\"https:\\\/\\\/tajkertesz.com\\\/termek\\\/berberis-thunbergii-atropurpurea-nana\\\/#breadcrumb\"},\"inLanguage\":\"en-US\",\"potentialAction\":[{\"@type\":\"ReadAction\",\"target\":[\"https:\\\/\\\/tajkertesz.com\\\/termek\\\/berberis-thunbergii-atropurpurea-nana\\\/\"]}]},{\"@type\":\"ImageObject\",\"inLanguage\":\"en-US\",\"@id\":\"https:\\\/\\\/tajkertesz.com\\\/termek\\\/berberis-thunbergii-atropurpurea-nana\\\/#primaryimage\",\"url\":\"https:\\\/\\\/tajkertesz.com\\\/wp-content\\\/uploads\\\/2020\\\/02\\\/20241009_083012-scaled.jpg\",\"contentUrl\":\"https:\\\/\\\/tajkertesz.com\\\/wp-content\\\/uploads\\\/2020\\\/02\\\/20241009_083012-scaled.jpg\",\"width\":1920,\"height\":2560,\"caption\":\"Berberis thunbergii 'Atropurpurea Nana' T\u00f6rpe v\u00e9rborbolya\"},{\"@type\":\"BreadcrumbList\",\"@id\":\"https:\\\/\\\/tajkertesz.com\\\/termek\\\/berberis-thunbergii-atropurpurea-nana\\\/#breadcrumb\",\"itemListElement\":[{\"@type\":\"ListItem\",\"position\":1,\"name\":\"Home\",\"item\":\"https:\\\/\\\/tajkertesz.com\\\/\"},{\"@type\":\"ListItem\",\"position\":2,\"name\":\"Kezd\u0151lap\",\"item\":\"https:\\\/\\\/tajkertesz.com\\\/\"},{\"@type\":\"ListItem\",\"position\":3,\"name\":\"Berberis thunbergii \u2019Atropurpurea Nana\u2019 &#8211; T\u00f6rpe v\u00e9rborbolya\"}]},{\"@type\":\"WebSite\",\"@id\":\"https:\\\/\\\/tajkertesz.com\\\/#website\",\"url\":\"https:\\\/\\\/tajkertesz.com\\\/\",\"name\":\"T\u00e1j-Kert\u00e9sz 84 Kft.\",\"description\":\"Kert\u00e9szeti kis- \u00e9s nagykeresked\u00e9s, D\u00edszn\u00f6v\u00e9ny web\u00e1ruh\u00e1z orsz\u00e1gos h\u00e1zhozsz\u00e1ll\u00edt\u00e1ssal!\",\"publisher\":{\"@id\":\"https:\\\/\\\/tajkertesz.com\\\/#organization\"},\"potentialAction\":[{\"@type\":\"SearchAction\",\"target\":{\"@type\":\"EntryPoint\",\"urlTemplate\":\"https:\\\/\\\/tajkertesz.com\\\/?s={search_term_string}\"},\"query-input\":{\"@type\":\"PropertyValueSpecification\",\"valueRequired\":true,\"valueName\":\"search_term_string\"}}],\"inLanguage\":\"en-US\"},{\"@type\":\"Organization\",\"@id\":\"https:\\\/\\\/tajkertesz.com\\\/#organization\",\"name\":\"T\u00e1j-Kert\u00e9sz 84 Kft.\",\"url\":\"https:\\\/\\\/tajkertesz.com\\\/\",\"logo\":{\"@type\":\"ImageObject\",\"inLanguage\":\"en-US\",\"@id\":\"https:\\\/\\\/tajkertesz.com\\\/#\\\/schema\\\/logo\\\/image\\\/\",\"url\":\"https:\\\/\\\/tajkertesz.com\\\/wp-content\\\/uploads\\\/2018\\\/02\\\/logo-2-e1518678052539.png\",\"contentUrl\":\"https:\\\/\\\/tajkertesz.com\\\/wp-content\\\/uploads\\\/2018\\\/02\\\/logo-2-e1518678052539.png\",\"width\":81,\"height\":140,\"caption\":\"T\u00e1j-Kert\u00e9sz 84 Kft.\"},\"image\":{\"@id\":\"https:\\\/\\\/tajkertesz.com\\\/#\\\/schema\\\/logo\\\/image\\\/\"},\"sameAs\":[\"https:\\\/\\\/www.facebook.com\\\/Tajkertesz\\\/\"]}]}<\/script>\n<!-- \/ Yoast SEO plugin. -->","yoast_head_json":{"title":"Berberis thunbergii \u2019Atropurpurea Nana\u2019 - T\u00f6rpe v\u00e9rborbolya - T\u00e1jkert\u00e9sz","description":"Berberis thunbergii 'Atropurpurea Nana' 1,5 m\u00e9teres magass\u00e1got el\u00e9r\u0151 lombhullat\u00f3 cserje mely, lev\u00e9lzet\u00e9vel, vir\u00e1gaival, term\u00e9s\u00e9vel egyar\u00e1nt d\u00edsz\u00edt.\u00a0","robots":{"index":"index","follow":"follow","max-snippet":"max-snippet:-1","max-image-preview":"max-image-preview:large","max-video-preview":"max-video-preview:-1"},"canonical":"https:\/\/tajkertesz.com\/en_US\/product\/berberis-thunbergii-atropurpurea-nana\/","og_locale":"en_US","og_type":"article","og_title":"Berberis thunbergii \u2019Atropurpurea Nana\u2019 - T\u00f6rpe v\u00e9rborbolya - T\u00e1jkert\u00e9sz","og_description":"Berberis thunbergii 'Atropurpurea Nana' 1,5 m\u00e9teres magass\u00e1got el\u00e9r\u0151 lombhullat\u00f3 cserje mely, lev\u00e9lzet\u00e9vel, vir\u00e1gaival, term\u00e9s\u00e9vel egyar\u00e1nt d\u00edsz\u00edt.\u00a0","og_url":"https:\/\/tajkertesz.com\/en_US\/product\/berberis-thunbergii-atropurpurea-nana\/","og_site_name":"T\u00e1jkert\u00e9sz","article_publisher":"https:\/\/www.facebook.com\/Tajkertesz\/","article_modified_time":"2026-05-05T10:04:50+00:00","og_image":[{"width":1920,"height":2560,"url":"https:\/\/tajkertesz.com\/wp-content\/uploads\/2020\/02\/20241009_083012-scaled.jpg","type":"image\/jpeg"}],"twitter_card":"summary_large_image","twitter_misc":{"Est. reading time":"2 minutes"},"schema":{"@context":"https:\/\/schema.org","@graph":[{"@type":"WebPage","@id":"https:\/\/tajkertesz.com\/termek\/berberis-thunbergii-atropurpurea-nana\/","url":"https:\/\/tajkertesz.com\/termek\/berberis-thunbergii-atropurpurea-nana\/","name":"Berberis thunbergii \u2019Atropurpurea Nana\u2019 - T\u00f6rpe v\u00e9rborbolya - T\u00e1jkert\u00e9sz","isPartOf":{"@id":"https:\/\/tajkertesz.com\/#website"},"primaryImageOfPage":{"@id":"https:\/\/tajkertesz.com\/termek\/berberis-thunbergii-atropurpurea-nana\/#primaryimage"},"image":{"@id":"https:\/\/tajkertesz.com\/termek\/berberis-thunbergii-atropurpurea-nana\/#primaryimage"},"thumbnailUrl":"https:\/\/tajkertesz.com\/wp-content\/uploads\/2020\/02\/20241009_083012-scaled.jpg","datePublished":"2024-10-12T10:10:58+00:00","dateModified":"2026-05-05T10:04:50+00:00","description":"Berberis thunbergii 'Atropurpurea Nana' 1,5 m\u00e9teres magass\u00e1got el\u00e9r\u0151 lombhullat\u00f3 cserje mely, lev\u00e9lzet\u00e9vel, vir\u00e1gaival, term\u00e9s\u00e9vel egyar\u00e1nt d\u00edsz\u00edt.\u00a0","breadcrumb":{"@id":"https:\/\/tajkertesz.com\/termek\/berberis-thunbergii-atropurpurea-nana\/#breadcrumb"},"inLanguage":"en-US","potentialAction":[{"@type":"ReadAction","target":["https:\/\/tajkertesz.com\/termek\/berberis-thunbergii-atropurpurea-nana\/"]}]},{"@type":"ImageObject","inLanguage":"en-US","@id":"https:\/\/tajkertesz.com\/termek\/berberis-thunbergii-atropurpurea-nana\/#primaryimage","url":"https:\/\/tajkertesz.com\/wp-content\/uploads\/2020\/02\/20241009_083012-scaled.jpg","contentUrl":"https:\/\/tajkertesz.com\/wp-content\/uploads\/2020\/02\/20241009_083012-scaled.jpg","width":1920,"height":2560,"caption":"Berberis thunbergii 'Atropurpurea Nana' T\u00f6rpe v\u00e9rborbolya"},{"@type":"BreadcrumbList","@id":"https:\/\/tajkertesz.com\/termek\/berberis-thunbergii-atropurpurea-nana\/#breadcrumb","itemListElement":[{"@type":"ListItem","position":1,"name":"Home","item":"https:\/\/tajkertesz.com\/"},{"@type":"ListItem","position":2,"name":"Kezd\u0151lap","item":"https:\/\/tajkertesz.com\/"},{"@type":"ListItem","position":3,"name":"Berberis thunbergii \u2019Atropurpurea Nana\u2019 &#8211; T\u00f6rpe v\u00e9rborbolya"}]},{"@type":"WebSite","@id":"https:\/\/tajkertesz.com\/#website","url":"https:\/\/tajkertesz.com\/","name":"T\u00e1j-Kert\u00e9sz 84 Kft.","description":"Kert\u00e9szeti kis- \u00e9s nagykeresked\u00e9s, D\u00edszn\u00f6v\u00e9ny web\u00e1ruh\u00e1z orsz\u00e1gos h\u00e1zhozsz\u00e1ll\u00edt\u00e1ssal!","publisher":{"@id":"https:\/\/tajkertesz.com\/#organization"},"potentialAction":[{"@type":"SearchAction","target":{"@type":"EntryPoint","urlTemplate":"https:\/\/tajkertesz.com\/?s={search_term_string}"},"query-input":{"@type":"PropertyValueSpecification","valueRequired":true,"valueName":"search_term_string"}}],"inLanguage":"en-US"},{"@type":"Organization","@id":"https:\/\/tajkertesz.com\/#organization","name":"T\u00e1j-Kert\u00e9sz 84 Kft.","url":"https:\/\/tajkertesz.com\/","logo":{"@type":"ImageObject","inLanguage":"en-US","@id":"https:\/\/tajkertesz.com\/#\/schema\/logo\/image\/","url":"https:\/\/tajkertesz.com\/wp-content\/uploads\/2018\/02\/logo-2-e1518678052539.png","contentUrl":"https:\/\/tajkertesz.com\/wp-content\/uploads\/2018\/02\/logo-2-e1518678052539.png","width":81,"height":140,"caption":"T\u00e1j-Kert\u00e9sz 84 Kft."},"image":{"@id":"https:\/\/tajkertesz.com\/#\/schema\/logo\/image\/"},"sameAs":["https:\/\/www.facebook.com\/Tajkertesz\/"]}]}},"_links":{"self":[{"href":"https:\/\/tajkertesz.com\/en_US\/wp-json\/wp\/v2\/product\/1068","targetHints":{"allow":["GET"]}}],"collection":[{"href":"https:\/\/tajkertesz.com\/en_US\/wp-json\/wp\/v2\/product"}],"about":[{"href":"https:\/\/tajkertesz.com\/en_US\/wp-json\/wp\/v2\/types\/product"}],"wp:featuredmedia":[{"embeddable":true,"href":"https:\/\/tajkertesz.com\/en_US\/wp-json\/wp\/v2\/media\/21355"}],"wp:attachment":[{"href":"https:\/\/tajkertesz.com\/en_US\/wp-json\/wp\/v2\/media?parent=1068"}],"wp:term":[{"taxonomy":"product_brand","embeddable":true,"href":"https:\/\/tajkertesz.com\/en_US\/wp-json\/wp\/v2\/product_brand?post=1068"},{"taxonomy":"product_cat","embeddable":true,"href":"https:\/\/tajkertesz.com\/en_US\/wp-json\/wp\/v2\/product_cat?post=1068"},{"taxonomy":"product_tag","embeddable":true,"href":"https:\/\/tajkertesz.com\/en_US\/wp-json\/wp\/v2\/product_tag?post=1068"}],"curies":[{"name":"wp","href":"https:\/\/api.w.org\/{rel}","templated":true}]}}