{"id":10690,"date":"2021-10-20T12:14:03","date_gmt":"2021-10-20T12:14:03","guid":{"rendered":"https:\/\/tajkertesz.com\/?post_type=product&#038;p=10690"},"modified":"2023-12-16T12:30:01","modified_gmt":"2023-12-16T12:30:01","slug":"tilia-cordata-greenspire-kislevelu-hars-2","status":"publish","type":"product","link":"https:\/\/tajkertesz.com\/en_US\/product\/tilia-cordata-greenspire-kislevelu-hars-2\/","title":{"rendered":"Tilia cordata &#8216;Greenspire&#8217; -kislevel\u0171 h\u00e1rs"},"content":{"rendered":"<p>Tilia cordata &#8216;Greenspire&#8217; -kislevel\u0171 h\u00e1rs<\/p>\n<p>A Tilia cordata &#8216;Greenspire&#8217; -kislevel\u0171 h\u00e1rs k\u00f6zepes termet\u0171, szab\u00e1lyos, sz\u00e9les k\u00fap alak\u00fa 10-15 m -es d\u00edszfa.<\/p>\n<p>Levele vil\u00e1gosz\u00f6ld sz\u00edn\u0171.\u00a0Vir\u00e1ga s\u00e1rg\u00e1sfeh\u00e9r, illatos, augusztus h\u00f3napban vir\u00e1gzik.<\/p>\n<p>Term\u00e9se g\u00f6mb\u00f6lyded. K\u00f6z\u00e9per\u0151s n\u00f6veked\u00e9s\u0171.<\/p>\n<p>Napos helyet \u00e9s semleges j\u00f3 v\u00edzelvezet\u00e9s\u0171 talajt ig\u00e9nyel.<\/p>\n<p>Haz\u00e1nk kl\u00edm\u00e1j\u00e1t j\u00f3l b\u00edrja, teljesen t\u00e9l\u00e1ll\u00f3.<\/p>\n<p>Felhaszn\u00e1l\u00e1s: Nagyobb kertek, parkok szoliter f\u00e1ja.<\/p>\n<p><a href=\"https:\/\/www.facebook.com\/tajkertesz\">https:\/\/www.facebook.com\/tajkertesz<\/a><\/p>\n<p><a href=\"https:\/\/tajkertesz.com\/\">https:\/\/tajkertesz.com\/<\/a><\/p>\n<p style=\"line-height: 18.0pt; background: white; margin: 0cm 0cm 15.0pt 0cm;\"><span style=\"font-family: 'Ubuntu',serif; color: black;\">El\u00e9rhet\u0151 t\u00f6bbf\u00e9le m\u00e9retben \u00e9s \u00e1rban.<\/span><\/p>\n<p>&nbsp;<\/p>\n<p>&nbsp;<\/p>\n<p style=\"line-height: 18.0pt; background: white; margin: 0cm 0cm 15.0pt 0cm;\"><b><span style=\"font-family: 'Ubuntu',serif; color: black;\">K\u00e9szlet\u00fcnk napi szinten v\u00e1ltozik, ez\u00e9rt k\u00e9rj\u00fck, \u00e9rdekl\u0151dj\u00f6n szem\u00e9lyesen, telefonon vagy email-en.<br \/>\nA v\u00e1ltoztat\u00e1s jog\u00e1t fenntartjuk!\u00a0<\/span><\/b><\/p>\n<h2><span id=\"Felhaszn\u00e1l\u00e1sa\" class=\"mw-headline\" style=\"color: #ffffff;\">Felhaszn\u00e1l\u00e1sa<\/span><\/h2>\n<p><span style=\"color: #ffffff;\">Faanyag\u00e1nak vil\u00e1gos, id\u0151vel kiss\u00e9 s\u00f6t\u00e9ted\u0151 sz\u00edne, jellegtelen text\u00far\u00e1ja van, a\u00a0<a style=\"color: #ffffff;\" title=\"Geszt (botanika)\" href=\"https:\/\/hu.wikipedia.org\/wiki\/Geszt_(botanika)\">geszt<\/a>\u00a0\u00e9s a\u00a0<a style=\"color: #ffffff;\" title=\"Sz\u00edj\u00e1cs\" href=\"https:\/\/hu.wikipedia.org\/wiki\/Sz%C3%ADj%C3%A1cs\">sz\u00edj\u00e1cs<\/a>\u00a0nem k\u00fcl\u00f6n\u00fcl el egym\u00e1st\u00f3l. Puha, k\u00f6nny\u0171 faanyag, gyorsan sz\u00e1rad.<\/span><\/p>\n<p><span style=\"color: #ffffff;\">A h\u00e1rsak adj\u00e1k minden fafaj k\u00f6z\u00fcl tal\u00e1n a legk\u00f6nnyebben, legjobban faraghat\u00f3 faanyagot, ez a faszobr\u00e1szat legkedveltebb anyaga. Minden forg\u00e1csol\u00f3 \u00e9s forg\u00e1csmentes elj\u00e1r\u00e1ssal k\u00f6nnyen megmunk\u00e1lhat\u00f3, g\u0151z\u00f6l\u00e9ssel j\u00f3l hajl\u00edthat\u00f3, gy\u00f6ny\u00f6r\u0171en csiszolhat\u00f3.<\/span><\/p>\n<p><span style=\"color: #ffffff;\">Fafarag\u00e1shoz, eszterg\u00e1l\u00e1shoz, fametszethez, b\u00fatorgy\u00e1rt\u00e1shoz, hangszerekhez, furn\u00e9rk\u00e9sz\u00edt\u00e9shez, r\u00e9tegelt lemeznek, facip\u0151 k\u00e9sz\u00edt\u00e9s\u00e9re, cellul\u00f3zgy\u00e1rt\u00e1sra, rajzsz\u00e9n k\u00e9sz\u00edt\u00e9s\u00e9re haszn\u00e1lj\u00e1k.<\/span><\/p>\n<h3><span style=\"color: #ffffff;\"><span id=\"H.C3.A1rsfavir.C3.A1g\"><\/span><span id=\"H\u00e1rsfavir\u00e1g\" class=\"mw-headline\">H\u00e1rsfavir\u00e1g<\/span><\/span><\/h3>\n<p><span style=\"color: #ffffff;\">A kis- \u00e9s nagylevel\u0171 h\u00e1rsfa vir\u00e1gait a teljes vir\u00e1gz\u00e1skor gy\u0171jtik, \u00e1rny\u00e9kos helyen sz\u00e1r\u00edtj\u00e1k. Forr\u00e1zata gy\u00f3gyhat\u00e1s\u00fa, de \u00e9lvezeti teak\u00e9nt is kedvelt. Felhaszn\u00e1lj\u00e1k m\u00e9g gy\u00f3gyhat\u00e1s\u00fa\u00a0<a style=\"color: #ffffff;\" title=\"Gy\u00f3gy\u00edt\u00f3 f\u00fcrd\u0151\" href=\"https:\/\/hu.wikipedia.org\/wiki\/Gy%C3%B3gy%C3%ADt%C3%B3_f%C3%BCrd%C5%91\">f\u00fcrd\u0151vizekhez<\/a>, vagy b\u0151r\u00e1pol\u00f3 szerk\u00e9nt. Hat\u00f3anyagait \u00e9s felhaszn\u00e1l\u00e1s\u00e1t r\u00e9szletesen a\u00a0<a style=\"color: #ffffff;\" title=\"Kislevel\u0171 h\u00e1rs\" href=\"https:\/\/hu.wikipedia.org\/wiki\/Kislevel%C5%B1_h%C3%A1rs\">kislevel\u0171 h\u00e1rs<\/a>\u00a0le\u00edr\u00e1s\u00e1n\u00e1l ismertetj\u00fck.<\/span><\/p>\n<p><span style=\"color: #ffffff;\">Egyes vid\u00e9keken h\u00e1rsfa<a style=\"color: #ffffff;\" title=\"Bor (ital)\" href=\"https:\/\/hu.wikipedia.org\/wiki\/Bor_(ital)\">bort<\/a>\u00a0is k\u00e9sz\u00edtenek bel\u0151le.<\/span><\/p>\n<h2><span id=\"Felhaszn\u00e1l\u00e1sa\" class=\"mw-headline\" style=\"color: #ffffff;\">Felhaszn\u00e1l\u00e1sa<\/span><\/h2>\n<p><span style=\"color: #ffffff;\">Faanyag\u00e1nak vil\u00e1gos, id\u0151vel kiss\u00e9 s\u00f6t\u00e9ted\u0151 sz\u00edne, jellegtelen text\u00far\u00e1ja van, a\u00a0<a style=\"color: #ffffff;\" title=\"Geszt (botanika)\" href=\"https:\/\/hu.wikipedia.org\/wiki\/Geszt_(botanika)\">geszt<\/a>\u00a0\u00e9s a\u00a0<a style=\"color: #ffffff;\" title=\"Sz\u00edj\u00e1cs\" href=\"https:\/\/hu.wikipedia.org\/wiki\/Sz%C3%ADj%C3%A1cs\">sz\u00edj\u00e1cs<\/a>\u00a0nem k\u00fcl\u00f6n\u00fcl el egym\u00e1st\u00f3l. Puha, k\u00f6nny\u0171 faanyag, gyorsan sz\u00e1rad.<\/span><\/p>\n<p><span style=\"color: #ffffff;\">A h\u00e1rsak adj\u00e1k minden fafaj k\u00f6z\u00fcl tal\u00e1n a legk\u00f6nnyebben, legjobban faraghat\u00f3 faanyagot, ez a faszobr\u00e1szat legkedveltebb anyaga. Minden forg\u00e1csol\u00f3 \u00e9s forg\u00e1csmentes elj\u00e1r\u00e1ssal k\u00f6nnyen megmunk\u00e1lhat\u00f3, g\u0151z\u00f6l\u00e9ssel j\u00f3l hajl\u00edthat\u00f3, gy\u00f6ny\u00f6r\u0171en csiszolhat\u00f3.<\/span><\/p>\n<p><span style=\"color: #ffffff;\">Fafarag\u00e1shoz, eszterg\u00e1l\u00e1shoz, fametszethez, b\u00fatorgy\u00e1rt\u00e1shoz, hangszerekhez, furn\u00e9rk\u00e9sz\u00edt\u00e9shez, r\u00e9tegelt lemeznek, facip\u0151 k\u00e9sz\u00edt\u00e9s\u00e9re, cellul\u00f3zgy\u00e1rt\u00e1sra, rajzsz\u00e9n k\u00e9sz\u00edt\u00e9s\u00e9re haszn\u00e1lj\u00e1k.<\/span><\/p>\n<h3><span style=\"color: #ffffff;\"><span id=\"H.C3.A1rsfavir.C3.A1g\"><\/span><span id=\"H\u00e1rsfavir\u00e1g\" class=\"mw-headline\">H\u00e1rsfavir\u00e1g<\/span><\/span><\/h3>\n<p><span style=\"color: #ffffff;\">A kis- \u00e9s nagylevel\u0171 h\u00e1rsfa vir\u00e1gait a teljes vir\u00e1gz\u00e1skor gy\u0171jtik, \u00e1rny\u00e9kos helyen sz\u00e1r\u00edtj\u00e1k. Forr\u00e1zata gy\u00f3gyhat\u00e1s\u00fa, de \u00e9lvezeti teak\u00e9nt is kedvelt. Felhaszn\u00e1lj\u00e1k m\u00e9g gy\u00f3gyhat\u00e1s\u00fa\u00a0<a style=\"color: #ffffff;\" title=\"Gy\u00f3gy\u00edt\u00f3 f\u00fcrd\u0151\" href=\"https:\/\/hu.wikipedia.org\/wiki\/Gy%C3%B3gy%C3%ADt%C3%B3_f%C3%BCrd%C5%91\">f\u00fcrd\u0151vizekhez<\/a>, vagy b\u0151r\u00e1pol\u00f3 szerk\u00e9nt. Hat\u00f3anyagait \u00e9s felhaszn\u00e1l\u00e1s\u00e1t r\u00e9szletesen a\u00a0<a style=\"color: #ffffff;\" title=\"Kislevel\u0171 h\u00e1rs\" href=\"https:\/\/hu.wikipedia.org\/wiki\/Kislevel%C5%B1_h%C3%A1rs\">kislevel\u0171 h\u00e1rs<\/a>\u00a0le\u00edr\u00e1s\u00e1n\u00e1l ismertetj\u00fck.<\/span><\/p>\n<p><span style=\"color: #ffffff;\">Egyes vid\u00e9keken h\u00e1rsfa<a style=\"color: #ffffff;\" title=\"Bor (ital)\" href=\"https:\/\/hu.wikipedia.org\/wiki\/Bor_(ital)\">bort<\/a>\u00a0is k\u00e9sz\u00edtenek bel\u0151le.<\/span><\/p>\n<h3><span id=\"H\u00e1rsfavir\u00e1g\" class=\"mw-headline\" style=\"color: #ffffff;\">\u00e1rsfavir\u00e1g<\/span><\/h3>\n<p><span style=\"color: #ffffff;\">A kis- \u00e9s nagylevel\u0171 h\u00e1rsfa vir\u00e1gait a teljes vir\u00e1gz\u00e1skor gy\u0171jtik, \u00e1rny\u00e9kos helyen sz\u00e1r\u00edtj\u00e1k. Forr\u00e1zata gy\u00f3gyhat\u00e1s\u00fa, de \u00e9lvezeti teak\u00e9nt is kedvelt. Felhaszn\u00e1lj\u00e1k m\u00e9g gy\u00f3gyhat\u00e1s\u00fa\u00a0<a style=\"color: #ffffff;\" title=\"Gy\u00f3gy\u00edt\u00f3 f\u00fcrd\u0151\" href=\"https:\/\/hu.wikipedia.org\/wiki\/Gy%C3%B3gy%C3%ADt%C3%B3_f%C3%BCrd%C5%91\">f\u00fcrd\u0151vizekhez<\/a>, vagy b\u0151r\u00e1pol\u00f3 szerk\u00e9nt. Hat\u00f3anyagait \u00e9s felhaszn\u00e1l\u00e1s\u00e1t r\u00e9szletesen a\u00a0<a style=\"color: #ffffff;\" title=\"Kislevel\u0171 h\u00e1rs\" href=\"https:\/\/hu.wikipedia.org\/wiki\/Kislevel%C5%B1_h%C3%A1rs\">kislevel\u0171 h\u00e1rs<\/a>\u00a0le\u00edr\u00e1s\u00e1n\u00e1l ismertetj\u00fck.<\/span><\/p>\n<p><span style=\"color: #ffffff;\">Egyes vid\u00e9keken h\u00e1rsfa<a style=\"color: #ffffff;\" title=\"Bor (ital)\" href=\"https:\/\/hu.wikipedia.org\/wiki\/Bor_(ital)\">bort<\/a>\u00a0is k\u00e9sz\u00edtenek bel\u0151le.<\/span><\/p>","protected":false},"excerpt":{"rendered":"<p>A Tilia cordata &#8216;Greenspire&#8217; -kislevel\u0171 h\u00e1rs k\u00f6zepes termet\u0171, szab\u00e1lyos, sz\u00e9les k\u00fap alak\u00fa 10-15 m -es d\u00edszfa&#8230;<\/p>\n<p>M\u00e9rete: 20literes kont\u00e9nerben 10\/12es m\u00e9ret\u0171, kb:260 cm magas.<\/p>\n<div id=\"bodyContent\" class=\"mw-body-content\">\n<div id=\"mw-content-text\" class=\"mw-content-ltr\" dir=\"ltr\" lang=\"hu\">\n<div id=\"bodyContent\" class=\"mw-body-content\">\n<div id=\"mw-content-text\" class=\"mw-content-ltr\" dir=\"ltr\" lang=\"hu\">\n<p><b>K\u00e9szlet\u00fcnk napi szinten v\u00e1ltozik, ez\u00e9rt k\u00e9rj\u00fck, \u00e9rdekl\u0151dj\u00f6n szem\u00e9lyesen, telefonon vagy email-en.<\/b><\/p>\n<p>Term\u00e9keinket szem\u00e9lyesen is \u00e1tveheti a h\u00e9t minden napj\u00e1n nyitvatart\u00e1si id\u0151ben!<\/p>\n<p>Kisz\u00e1ll\u00edt\u00e1s: 200 cm \u00e9s 40 kg-ig a sz\u00e1ll\u00edt\u00e1s fut\u00e1rszolg\u00e1lattal t\u00f6rt\u00e9nik.<\/p>\n<\/div>\n<\/div>\n<\/div>\n<\/div>\n<p><b>A v\u00e1ltoztat\u00e1s jog\u00e1t fenntartjuk!\u00a0<\/b><\/p>\n<p>&nbsp;<\/p>\n<p>&nbsp;<\/p>\n<p>&nbsp;<\/p>\n<p>&nbsp;<\/p>","protected":false},"featured_media":9093,"template":"","meta":{"_et_pb_use_builder":"","_et_pb_old_content":"","_et_gb_content_width":""},"product_brand":[],"product_cat":[28],"product_tag":[2628,176,177,2629,2627,2626],"class_list":{"0":"post-10690","1":"product","2":"type-product","3":"status-publish","4":"has-post-thumbnail","6":"product_cat-diszfak","7":"product_tag-greenspire","8":"product_tag-hars","9":"product_tag-kislevelu-hars","10":"product_tag-tilia","11":"product_tag-tilia-cordata-greenspire","12":"product_tag-tilia-cordata-greenspire-kislevelu-hars","14":"first","15":"instock","16":"shipping-taxable","17":"purchasable","18":"product-type-simple"},"yoast_head":"<!-- This site is optimized with the Yoast SEO plugin v27.4 - https:\/\/yoast.com\/product\/yoast-seo-wordpress\/ -->\n<title>Tilia cordata &#039;Greenspire&#039; -kislevel\u0171 h\u00e1rs - T\u00e1jkert\u00e9sz<\/title>\n<meta name=\"description\" content=\"A Tilia cordata &#039;Greenspire&#039; -kislevel\u0171 h\u00e1rs k\u00f6zepes termet\u0171, szab\u00e1lyos, sz\u00e9les k\u00fap alak\u00fa 10-15 m -es d\u00edszfa.\" \/>\n<meta name=\"robots\" content=\"index, follow, max-snippet:-1, max-image-preview:large, max-video-preview:-1\" \/>\n<link rel=\"canonical\" href=\"https:\/\/tajkertesz.com\/en_US\/product\/tilia-cordata-greenspire-kislevelu-hars-2\/\" \/>\n<meta property=\"og:locale\" content=\"en_US\" \/>\n<meta property=\"og:type\" content=\"article\" \/>\n<meta property=\"og:title\" content=\"Tilia cordata &#039;Greenspire&#039; -kislevel\u0171 h\u00e1rs - T\u00e1jkert\u00e9sz\" \/>\n<meta property=\"og:description\" content=\"A Tilia cordata &#039;Greenspire&#039; -kislevel\u0171 h\u00e1rs k\u00f6zepes termet\u0171, szab\u00e1lyos, sz\u00e9les k\u00fap alak\u00fa 10-15 m -es d\u00edszfa.\" \/>\n<meta property=\"og:url\" content=\"https:\/\/tajkertesz.com\/en_US\/product\/tilia-cordata-greenspire-kislevelu-hars-2\/\" \/>\n<meta property=\"og:site_name\" content=\"T\u00e1jkert\u00e9sz\" \/>\n<meta property=\"article:publisher\" content=\"https:\/\/www.facebook.com\/Tajkertesz\/\" \/>\n<meta property=\"article:modified_time\" content=\"2023-12-16T12:30:01+00:00\" \/>\n<meta property=\"og:image\" content=\"https:\/\/tajkertesz.com\/wp-content\/uploads\/2021\/09\/tilia-greenspire.jpg\" \/>\n\t<meta property=\"og:image:width\" content=\"500\" \/>\n\t<meta property=\"og:image:height\" content=\"500\" \/>\n\t<meta property=\"og:image:type\" content=\"image\/jpeg\" \/>\n<meta name=\"twitter:card\" content=\"summary_large_image\" \/>\n<meta name=\"twitter:label1\" content=\"Est. reading time\" \/>\n\t<meta name=\"twitter:data1\" content=\"3 minutes\" \/>\n<script type=\"application\/ld+json\" class=\"yoast-schema-graph\">{\"@context\":\"https:\\\/\\\/schema.org\",\"@graph\":[{\"@type\":\"WebPage\",\"@id\":\"https:\\\/\\\/tajkertesz.com\\\/termek\\\/tilia-cordata-greenspire-kislevelu-hars-2\\\/\",\"url\":\"https:\\\/\\\/tajkertesz.com\\\/termek\\\/tilia-cordata-greenspire-kislevelu-hars-2\\\/\",\"name\":\"Tilia cordata 'Greenspire' -kislevel\u0171 h\u00e1rs - T\u00e1jkert\u00e9sz\",\"isPartOf\":{\"@id\":\"https:\\\/\\\/tajkertesz.com\\\/#website\"},\"primaryImageOfPage\":{\"@id\":\"https:\\\/\\\/tajkertesz.com\\\/termek\\\/tilia-cordata-greenspire-kislevelu-hars-2\\\/#primaryimage\"},\"image\":{\"@id\":\"https:\\\/\\\/tajkertesz.com\\\/termek\\\/tilia-cordata-greenspire-kislevelu-hars-2\\\/#primaryimage\"},\"thumbnailUrl\":\"https:\\\/\\\/tajkertesz.com\\\/wp-content\\\/uploads\\\/2021\\\/09\\\/tilia-greenspire.jpg\",\"datePublished\":\"2021-10-20T12:14:03+00:00\",\"dateModified\":\"2023-12-16T12:30:01+00:00\",\"description\":\"A Tilia cordata 'Greenspire' -kislevel\u0171 h\u00e1rs k\u00f6zepes termet\u0171, szab\u00e1lyos, sz\u00e9les k\u00fap alak\u00fa 10-15 m -es d\u00edszfa.\",\"breadcrumb\":{\"@id\":\"https:\\\/\\\/tajkertesz.com\\\/termek\\\/tilia-cordata-greenspire-kislevelu-hars-2\\\/#breadcrumb\"},\"inLanguage\":\"en-US\",\"potentialAction\":[{\"@type\":\"ReadAction\",\"target\":[\"https:\\\/\\\/tajkertesz.com\\\/termek\\\/tilia-cordata-greenspire-kislevelu-hars-2\\\/\"]}]},{\"@type\":\"ImageObject\",\"inLanguage\":\"en-US\",\"@id\":\"https:\\\/\\\/tajkertesz.com\\\/termek\\\/tilia-cordata-greenspire-kislevelu-hars-2\\\/#primaryimage\",\"url\":\"https:\\\/\\\/tajkertesz.com\\\/wp-content\\\/uploads\\\/2021\\\/09\\\/tilia-greenspire.jpg\",\"contentUrl\":\"https:\\\/\\\/tajkertesz.com\\\/wp-content\\\/uploads\\\/2021\\\/09\\\/tilia-greenspire.jpg\",\"width\":500,\"height\":500,\"caption\":\"Tilia cordata Greenspire\"},{\"@type\":\"BreadcrumbList\",\"@id\":\"https:\\\/\\\/tajkertesz.com\\\/termek\\\/tilia-cordata-greenspire-kislevelu-hars-2\\\/#breadcrumb\",\"itemListElement\":[{\"@type\":\"ListItem\",\"position\":1,\"name\":\"Home\",\"item\":\"https:\\\/\\\/tajkertesz.com\\\/\"},{\"@type\":\"ListItem\",\"position\":2,\"name\":\"Kezd\u0151lap\",\"item\":\"https:\\\/\\\/tajkertesz.com\\\/\"},{\"@type\":\"ListItem\",\"position\":3,\"name\":\"Tilia cordata &#8216;Greenspire&#8217; -kislevel\u0171 h\u00e1rs\"}]},{\"@type\":\"WebSite\",\"@id\":\"https:\\\/\\\/tajkertesz.com\\\/#website\",\"url\":\"https:\\\/\\\/tajkertesz.com\\\/\",\"name\":\"T\u00e1j-Kert\u00e9sz 84 Kft.\",\"description\":\"Kert\u00e9szeti kis- \u00e9s nagykeresked\u00e9s, D\u00edszn\u00f6v\u00e9ny web\u00e1ruh\u00e1z orsz\u00e1gos h\u00e1zhozsz\u00e1ll\u00edt\u00e1ssal!\",\"publisher\":{\"@id\":\"https:\\\/\\\/tajkertesz.com\\\/#organization\"},\"potentialAction\":[{\"@type\":\"SearchAction\",\"target\":{\"@type\":\"EntryPoint\",\"urlTemplate\":\"https:\\\/\\\/tajkertesz.com\\\/?s={search_term_string}\"},\"query-input\":{\"@type\":\"PropertyValueSpecification\",\"valueRequired\":true,\"valueName\":\"search_term_string\"}}],\"inLanguage\":\"en-US\"},{\"@type\":\"Organization\",\"@id\":\"https:\\\/\\\/tajkertesz.com\\\/#organization\",\"name\":\"T\u00e1j-Kert\u00e9sz 84 Kft.\",\"url\":\"https:\\\/\\\/tajkertesz.com\\\/\",\"logo\":{\"@type\":\"ImageObject\",\"inLanguage\":\"en-US\",\"@id\":\"https:\\\/\\\/tajkertesz.com\\\/#\\\/schema\\\/logo\\\/image\\\/\",\"url\":\"https:\\\/\\\/tajkertesz.com\\\/wp-content\\\/uploads\\\/2018\\\/02\\\/logo-2-e1518678052539.png\",\"contentUrl\":\"https:\\\/\\\/tajkertesz.com\\\/wp-content\\\/uploads\\\/2018\\\/02\\\/logo-2-e1518678052539.png\",\"width\":81,\"height\":140,\"caption\":\"T\u00e1j-Kert\u00e9sz 84 Kft.\"},\"image\":{\"@id\":\"https:\\\/\\\/tajkertesz.com\\\/#\\\/schema\\\/logo\\\/image\\\/\"},\"sameAs\":[\"https:\\\/\\\/www.facebook.com\\\/Tajkertesz\\\/\"]}]}<\/script>\n<!-- \/ Yoast SEO plugin. -->","yoast_head_json":{"title":"Tilia cordata 'Greenspire' -kislevel\u0171 h\u00e1rs - T\u00e1jkert\u00e9sz","description":"A Tilia cordata 'Greenspire' -kislevel\u0171 h\u00e1rs k\u00f6zepes termet\u0171, szab\u00e1lyos, sz\u00e9les k\u00fap alak\u00fa 10-15 m -es d\u00edszfa.","robots":{"index":"index","follow":"follow","max-snippet":"max-snippet:-1","max-image-preview":"max-image-preview:large","max-video-preview":"max-video-preview:-1"},"canonical":"https:\/\/tajkertesz.com\/en_US\/product\/tilia-cordata-greenspire-kislevelu-hars-2\/","og_locale":"en_US","og_type":"article","og_title":"Tilia cordata 'Greenspire' -kislevel\u0171 h\u00e1rs - T\u00e1jkert\u00e9sz","og_description":"A Tilia cordata 'Greenspire' -kislevel\u0171 h\u00e1rs k\u00f6zepes termet\u0171, szab\u00e1lyos, sz\u00e9les k\u00fap alak\u00fa 10-15 m -es d\u00edszfa.","og_url":"https:\/\/tajkertesz.com\/en_US\/product\/tilia-cordata-greenspire-kislevelu-hars-2\/","og_site_name":"T\u00e1jkert\u00e9sz","article_publisher":"https:\/\/www.facebook.com\/Tajkertesz\/","article_modified_time":"2023-12-16T12:30:01+00:00","og_image":[{"width":500,"height":500,"url":"https:\/\/tajkertesz.com\/wp-content\/uploads\/2021\/09\/tilia-greenspire.jpg","type":"image\/jpeg"}],"twitter_card":"summary_large_image","twitter_misc":{"Est. reading time":"3 minutes"},"schema":{"@context":"https:\/\/schema.org","@graph":[{"@type":"WebPage","@id":"https:\/\/tajkertesz.com\/termek\/tilia-cordata-greenspire-kislevelu-hars-2\/","url":"https:\/\/tajkertesz.com\/termek\/tilia-cordata-greenspire-kislevelu-hars-2\/","name":"Tilia cordata 'Greenspire' -kislevel\u0171 h\u00e1rs - T\u00e1jkert\u00e9sz","isPartOf":{"@id":"https:\/\/tajkertesz.com\/#website"},"primaryImageOfPage":{"@id":"https:\/\/tajkertesz.com\/termek\/tilia-cordata-greenspire-kislevelu-hars-2\/#primaryimage"},"image":{"@id":"https:\/\/tajkertesz.com\/termek\/tilia-cordata-greenspire-kislevelu-hars-2\/#primaryimage"},"thumbnailUrl":"https:\/\/tajkertesz.com\/wp-content\/uploads\/2021\/09\/tilia-greenspire.jpg","datePublished":"2021-10-20T12:14:03+00:00","dateModified":"2023-12-16T12:30:01+00:00","description":"A Tilia cordata 'Greenspire' -kislevel\u0171 h\u00e1rs k\u00f6zepes termet\u0171, szab\u00e1lyos, sz\u00e9les k\u00fap alak\u00fa 10-15 m -es d\u00edszfa.","breadcrumb":{"@id":"https:\/\/tajkertesz.com\/termek\/tilia-cordata-greenspire-kislevelu-hars-2\/#breadcrumb"},"inLanguage":"en-US","potentialAction":[{"@type":"ReadAction","target":["https:\/\/tajkertesz.com\/termek\/tilia-cordata-greenspire-kislevelu-hars-2\/"]}]},{"@type":"ImageObject","inLanguage":"en-US","@id":"https:\/\/tajkertesz.com\/termek\/tilia-cordata-greenspire-kislevelu-hars-2\/#primaryimage","url":"https:\/\/tajkertesz.com\/wp-content\/uploads\/2021\/09\/tilia-greenspire.jpg","contentUrl":"https:\/\/tajkertesz.com\/wp-content\/uploads\/2021\/09\/tilia-greenspire.jpg","width":500,"height":500,"caption":"Tilia cordata Greenspire"},{"@type":"BreadcrumbList","@id":"https:\/\/tajkertesz.com\/termek\/tilia-cordata-greenspire-kislevelu-hars-2\/#breadcrumb","itemListElement":[{"@type":"ListItem","position":1,"name":"Home","item":"https:\/\/tajkertesz.com\/"},{"@type":"ListItem","position":2,"name":"Kezd\u0151lap","item":"https:\/\/tajkertesz.com\/"},{"@type":"ListItem","position":3,"name":"Tilia cordata &#8216;Greenspire&#8217; -kislevel\u0171 h\u00e1rs"}]},{"@type":"WebSite","@id":"https:\/\/tajkertesz.com\/#website","url":"https:\/\/tajkertesz.com\/","name":"T\u00e1j-Kert\u00e9sz 84 Kft.","description":"Kert\u00e9szeti kis- \u00e9s nagykeresked\u00e9s, D\u00edszn\u00f6v\u00e9ny web\u00e1ruh\u00e1z orsz\u00e1gos h\u00e1zhozsz\u00e1ll\u00edt\u00e1ssal!","publisher":{"@id":"https:\/\/tajkertesz.com\/#organization"},"potentialAction":[{"@type":"SearchAction","target":{"@type":"EntryPoint","urlTemplate":"https:\/\/tajkertesz.com\/?s={search_term_string}"},"query-input":{"@type":"PropertyValueSpecification","valueRequired":true,"valueName":"search_term_string"}}],"inLanguage":"en-US"},{"@type":"Organization","@id":"https:\/\/tajkertesz.com\/#organization","name":"T\u00e1j-Kert\u00e9sz 84 Kft.","url":"https:\/\/tajkertesz.com\/","logo":{"@type":"ImageObject","inLanguage":"en-US","@id":"https:\/\/tajkertesz.com\/#\/schema\/logo\/image\/","url":"https:\/\/tajkertesz.com\/wp-content\/uploads\/2018\/02\/logo-2-e1518678052539.png","contentUrl":"https:\/\/tajkertesz.com\/wp-content\/uploads\/2018\/02\/logo-2-e1518678052539.png","width":81,"height":140,"caption":"T\u00e1j-Kert\u00e9sz 84 Kft."},"image":{"@id":"https:\/\/tajkertesz.com\/#\/schema\/logo\/image\/"},"sameAs":["https:\/\/www.facebook.com\/Tajkertesz\/"]}]}},"_links":{"self":[{"href":"https:\/\/tajkertesz.com\/en_US\/wp-json\/wp\/v2\/product\/10690","targetHints":{"allow":["GET"]}}],"collection":[{"href":"https:\/\/tajkertesz.com\/en_US\/wp-json\/wp\/v2\/product"}],"about":[{"href":"https:\/\/tajkertesz.com\/en_US\/wp-json\/wp\/v2\/types\/product"}],"wp:featuredmedia":[{"embeddable":true,"href":"https:\/\/tajkertesz.com\/en_US\/wp-json\/wp\/v2\/media\/9093"}],"wp:attachment":[{"href":"https:\/\/tajkertesz.com\/en_US\/wp-json\/wp\/v2\/media?parent=10690"}],"wp:term":[{"taxonomy":"product_brand","embeddable":true,"href":"https:\/\/tajkertesz.com\/en_US\/wp-json\/wp\/v2\/product_brand?post=10690"},{"taxonomy":"product_cat","embeddable":true,"href":"https:\/\/tajkertesz.com\/en_US\/wp-json\/wp\/v2\/product_cat?post=10690"},{"taxonomy":"product_tag","embeddable":true,"href":"https:\/\/tajkertesz.com\/en_US\/wp-json\/wp\/v2\/product_tag?post=10690"}],"curies":[{"name":"wp","href":"https:\/\/api.w.org\/{rel}","templated":true}]}}