{"id":10724,"date":"2021-10-21T06:29:25","date_gmt":"2021-10-21T06:29:25","guid":{"rendered":"https:\/\/tajkertesz.com\/?post_type=product&#038;p=10724"},"modified":"2024-06-06T12:30:05","modified_gmt":"2024-06-06T12:30:05","slug":"protect-extra-darazsirto-habaeroszol-400-ml","status":"publish","type":"product","link":"https:\/\/tajkertesz.com\/en_US\/product\/protect-extra-darazsirto-habaeroszol-400-ml\/","title":{"rendered":"Protect Extra dar\u00e1zsirt\u00f3 habaeroszol 400 ml"},"content":{"rendered":"<div class=\"artdet__name-rating d-none d-lg-block\">\n<div class=\"row gutters-5\">\n<div class=\"col\">\n<div class=\"artdet__name-pagination-wrap d-flex\">\n<div class=\"top product-page-top\">\n<div class=\"center product-page-center\">\n<div class=\"artdet__name-pagination-wrap d-flex\">\n<div class=\"summary entry-summary\">\n<div class=\"elementor-column elementor-col-50 elementor-inner-column elementor-element elementor-element-072daa9\" data-id=\"072daa9\" data-element_type=\"column\">\n<div class=\"elementor-widget-wrap elementor-element-populated\">\n<div class=\"elementor-element elementor-element-54ae97b elementor-widget__width-auto elementor-widget elementor-widget-jet-single-title\" data-id=\"54ae97b\" data-element_type=\"widget\" data-widget_type=\"jet-single-title.default\">\n<div class=\"elementor-widget-container\">\n<div class=\"elementor-jet-single-title jet-woo-builder\">\n<div class=\"top product-page-top\">\n<div class=\"center product-page-center\">\n<h1 class=\"product-details-tile__title\">Protect Extra dar\u00e1zsirt\u00f3 habaeroszol 400 ml<\/h1>\n<div class=\"product-title-addittional\">\n<section class=\"article__content\">\n<div class=\"article__body richtext\">\n<p class=\"product-details-tile__title\">Protect Extra dar\u00e1zsirt\u00f3 habaeroszol 400 ml gyorsan hat \u00e9s biztons\u00e1gos. Hat\u00f3t\u00e1vols\u00e1ga 3-4 m\u00e9ter. K\u00e9tf\u00e9le sz\u00f3r\u00f3fejjel!A habaeroszol sokkal hat\u00e9konyabb, mint a norm\u00e1l hat\u00e1s\u00fa k\u00e9sz\u00edtm\u00e9nyek. A hab elz\u00e1rja a dar\u00e1zsf\u00e9szek bej\u00e1rat\u00e1t, \u00edgy megakad\u00e1lyozza a darazsak mozg\u00e1s\u00e1t.A PROTECT<sup>\u00ae\u00a0<\/sup>\u00a0extra dar\u00e1zsirt\u00f3 habaeroszol speci\u00e1lis sz\u00f3r\u00f3fej\u00e9vel biztons\u00e1gos t\u00e1vols\u00e1gr\u00f3l lehet kezelni a dar\u00e1zsf\u00e9szket. A hat\u00f3anyagt\u00f3l a rovarok pillanatokon bel\u00fcl megdermednek, majd elpusztulnak. Felhaszn\u00e1lhat\u00f3 a h\u00e1z k\u00f6rny\u00e9k\u00e9n, tet\u0151t\u00e9rben, teraszon, kertben tal\u00e1lhat\u00f3 dar\u00e1zsf\u00e9szkekben \u00e9l\u0151 darazsak elpuszt\u00edt\u00e1s\u00e1ra.<\/p>\n<div class=\"woocommerce-product-details__short-description\">\n<p>A habaeroszol alkalmaz\u00e1s\u00e1ra a kora reggeli vagy a s\u00f6t\u00e9ted\u00e9s ut\u00e1ni id\u0151pont a legalkalmasabb, mivel ilyenkor tart\u00f3zkodik a legt\u00f6bb dar\u00e1zs a f\u00e9szekben, mozg\u00e1suk lelassul.Dar\u00e1zsf\u00e9szekben tart\u00f3zkod\u00f3 darazsak irt\u00e1s\u00e1ra.Minden egy\u00e9b felhaszn\u00e1l\u00e1s ellenjavallt.<\/p>\n<h3>Alkalmaz\u00e1sa:<\/h3>\n<ul>\n<li>amennyiben a f\u00e9szek nem l\u00e1that\u00f3, de a bemeneti ny\u00edl\u00e1s hozz\u00e1f\u00e9rhet\u0151, azon kereszt\u00fcl juttassunk habot a f\u00e9szek belsej\u00e9be \u00fagy, hogy a permethez kapott plusz sz\u00f3r\u00f3fejre cser\u00e9lj\u00fck a fejet. A m\u0171veletet addig folytassuk am\u00edg a hab a f\u00e9szket teljesen kit\u00f6lti \u00e9s el nem z\u00e1rja a kij\u00e1ratot is.<\/li>\n<li>amennyiben a f\u00e9szek l\u00e1that\u00f3: A habot lehet\u0151leg h\u00e1tsz\u00e9lben, 3-4 m\u00e9teres t\u00e1vols\u00e1gb\u00f3l juttassuk c\u00e9lzottan a dar\u00e1zsf\u00e9szek k\u00fcls\u0151 fel\u00fclet\u00e9re. A m\u0171veletet addig folytassuk, am\u00edg a hab a f\u00e9szket, az ott tart\u00f3zkod\u00f3 darazsakat, a f\u00e9szek k\u00f6rnyezet\u00e9t egyenletesen be nem bor\u00edtja.\u00a0A dar\u00e1zsf\u00e9szket nem szabad k\u00f6zvetlen\u00fcl a k\u00e9sz\u00edtm\u00e9ny alkalmaz\u00e1sa ut\u00e1n elt\u00e1vol\u00edtani, mert a f\u00e9szken k\u00edv\u00fcl tart\u00f3zkod\u00f3 darazsak a k\u00f6vetkez\u0151 n\u00e9h\u00e1ny \u00f3r\u00e1ban visszat\u00e9rhetnek,\u00a0 a kezelt fel\u00fcleten t\u00f6bb \u00f3r\u00e1n kereszt\u00fcl kifejti \u00f6l\u0151hat\u00e1s\u00e1t.<\/li>\n<\/ul>\n<p>A kezel\u00e9s ut\u00e1n a dar\u00e1zstetemeket \u00f3vatosan s\u00f6p\u00f6rj\u00fck \u00f6ssze, lehetnek k\u00f6zt\u00fck m\u00e9g \u00e9l\u0151 egyedek!<\/p>\n<p>Ha sz\u00fcks\u00e9ges, a kezel\u00e9s megism\u00e9telhet\u0151.<\/p>\n<h3>A f\u00e9szek 1-2 nap m\u00falva elt\u00e1vol\u00edthat\u00f3!<\/h3>\n<p>Hat\u00f3anyaga: 0,110% (azaz 0,84g\/l) transflutrin; 0,025% azaz (0,19g\/l) ciflutrin; 0,200% (azaz 1,53g\/l)piperonil-butoxid<\/p>\n<p>Nem \u00f6sszef\u00e9rhet\u0151 anyagok: az anyag inkompatibilis er\u0151s oxid\u00e1l\u00f3, reduk\u00e1l\u00f3 anyagokkal, er\u0151s<br \/>\nsavakkal, l\u00fagokkal, forr\u00f3 anyagokkal.<\/p>\n<p>\u00d3vint\u00e9zked\u00e9sre vonatkoz\u00f3 mondatok:<\/p>\n<p>P102 Gyermekekt\u0151l elz\u00e1rva tartand\u00f3 .<\/p>\n<p>P210 H\u0151t\u0151l, forr\u00f3 fel\u00fcletekt\u0151l, szikr\u00e1t\u00f3l, ny\u00edlt l\u00e1ngt\u00f3l \u00e9s m\u00e1s gy\u00fajt\u00f3forr\u00e1st\u00f3l t\u00e1vol tartand\u00f3. Tilos a<br \/>\ndoh\u00e1nyz\u00e1s<\/p>\n<p>P211 Tilos ny\u00edlt l\u00e1ngra vagy m\u00e1s gy\u00fajt\u00f3forr\u00e1sra permetezni<\/p>\n<p>P251 Ne lyukassza ki vagy \u00e9gesse el, m\u00e9g haszn\u00e1lat ut\u00e1n sem<\/p>\n<p>P273 Ker\u00fclni kell az anyagnak a k\u00f6rnyezetbe val\u00f3 kijut\u00e1s\u00e1t.<\/p>\n<p>P410+P412 Napf\u00e9nyt\u0151l v\u00e9dend\u0151. Nem \u00e9rheti 50 \u00b0C h\u0151m\u00e9rs\u00e9kletet meghalad\u00f3 h\u0151<\/p>\n<p>P501 A tartalom\/ed\u00e9ny elhelyez\u00e9se hullad\u00e9kk\u00e9nt: kis mennyis\u00e9gben a h\u00e1ztart\u00e1si szem\u00e9tbe tehet\u0151.<\/p>\n<p><strong>Felhaszn\u00e1l\u00e1s el\u0151tt mindig olvassa el a term\u00e9k c\u00edmk\u00e9j\u00e9t is, \u00e9s a felhaszn\u00e1l\u00e1si utas\u00edt\u00e1sban le\u00edrtakat minden k\u00f6r\u00fclm\u00e9ny k\u00f6z\u00f6tt tartsa be!<\/strong><\/p>\n<\/div>\n<\/div>\n<\/section>\n<p>&nbsp;<\/p>\n<\/div>\n<\/div>\n<\/div>\n<\/div>\n<\/div>\n<\/div>\n<\/div>\n<\/div>\n<\/div>\n<\/div>\n<\/div>\n<\/div>\n<\/div>\n<\/div>\n<\/div>\n<\/div>\n<p><a href=\"https:\/\/www.facebook.com\/tajkertesz\">https:\/\/www.facebook.com\/tajkertesz<\/a><\/p>\n<p><a href=\"https:\/\/tajkertesz.com\/\">https:\/\/tajkertesz.com\/<\/a><\/p>\n<p><a href=\"https:\/\/tajkertesz.com\/wp-content\/uploads\/2021\/06\/protect_darazsirto_ae_04_20161028.pdf\">protect_darazsirto_ae_04_20161028<\/a><\/p>\n<p>&nbsp;<\/p>\n<p><span style=\"color: #ffffff;\">A\u00a0<b>rovarriaszt\u00f3, repellens:<\/b><\/span><\/p>\n<p><span style=\"color: #ffffff;\">(<i>latin:<\/i>\u00a0elriaszt\u00f3, t\u00e1vol tart\u00f3, pl.: rovart<sup id=\"cite_ref-1\" class=\"reference\"><\/sup>) olyan anyag,\u00a0 fizikai elj\u00e1r\u00e1s, amely elriasztja, t\u00e1vol tartja a rovarokat az ember b\u0151r\u00e9t\u0151l, ruh\u00e1zat\u00e1t\u00f3l, lak\u00f3hely\u00e9t\u0151l vagy az \u00e1llatok k\u00fcltakar\u00f3j\u00e1t\u00f3l, k\u00f6rnyezet\u00e9t\u0151l, \u00e9l\u0151hely\u00e9t\u0151l. <sup id=\"cite_ref-2\" class=\"reference\"><\/sup>Repellens hat\u00e1s alatt bizonyos hat\u00f3anyagok kullancsokra \u00e9s rovarokra kifejtett t\u00e1vol tart\u00f3 hat\u00e1s\u00e1t \u00e9rtj\u00fck, ami megakad\u00e1lyozza a parazit\u00e1k megtapad\u00e1s\u00e1t, sz\u00far\u00e1s\u00e1t vagy v\u00e9rsz\u00edv\u00e1s\u00e1t a kezelt emberen, \u00e1llaton. Fert\u0151z\u00f6tt rovarok cs\u00edp\u00e9se betegs\u00e9g terjed\u00e9s\u00e9nek forr\u00e1sa lehet.<sup id=\"cite_ref-3\" class=\"reference\"><\/sup><\/span><\/p>\n<p><span style=\"color: #ffffff;\">Elengedhetetlen fontoss\u00e1g\u00fa annak ismerete, hogy melyik\u00a0<i>rovarriaszt\u00f3<\/i>\u00a0term\u00e9kek kisz\u00e1m\u00edthat\u00f3k \u00e9s tart\u00f3s v\u00e9delmet ny\u00fajtanak. K\u00f6zel 100%-os v\u00e9delem \u00e9rhet\u0151 el, ha hosszabb hat\u00e1startam\u00fa rovar\u0171z\u0151 szereket c\u00e9lszer\u0171 haszn\u00e1lunk, kombin\u00e1lva\u00a0<i>permetrinnel<\/i> kezelt ruh\u00e1zattal. Ugyanolyan szem\u00e9lyi v\u00e9delmi int\u00e9zked\u00e9seket kell foganatos\u00edtani kullancsok \u00e9s cs\u00edp\u0151s rovarok, legyek eset\u00e9ben, mint a sz\u00fanyogokn\u00e1l, mert ezek az \u00e9l\u0151sk\u00f6d\u0151k is tov\u00e1bb\u00edtja a Lyme-k\u00f3rt, kullancsencephalitist, visszat\u00e9r\u0151 l\u00e1zt, t\u00edfuszt, leishmaniasist, onchocerciasist, trypanosomiasist, \u00e9s sz\u00e1mos m\u00e1s tr\u00f3pusi \u00e9s fert\u0151z\u0151 betegs\u00e9geket.<\/span><\/p>\n<p><span style=\"color: #ffffff;\">A\u00a0<b>permetrin:<\/b><\/span><\/p>\n<p><span style=\"color: #ffffff;\">a piretroidok k\u00f6z\u00e9 tartoz\u00f3 rovar- \u00e9s atkairt\u00f3 hat\u00f3anyag, amelyet tet\u0171- \u00e9s bolhairt\u00f3k\u00e9nt a hum\u00e1n- \u00e9s \u00e1llatgy\u00f3gy\u00e1szatban, biocidk\u00e9nt pedig \u00e1ltal\u00e1nos rovarirt\u00f3szerekben alkalmaznak. K\u00f6rnyezetk\u00e1ros\u00edt\u00f3 hat\u00e1sa miatt 2003 \u00f3ta az Eur\u00f3pai Uni\u00f3ban nem haszn\u00e1lhat\u00f3 n\u00f6v\u00e9nyv\u00e9d\u0151szerk\u00e9nt. Az \u0151szi margitvir\u00e1gban tal\u00e1lhat\u00f3 term\u00e9szetes rovar\u00f6l\u0151 anyag alapj\u00e1n fejlesztett\u00e9k ki, majd kezdt\u00e9k el ipari gy\u00e1rt\u00e1s\u00e1t.<\/span><\/p>\n<p><b>K\u00e9szlet\u00fcnk napi szinten v\u00e1ltozik, ez\u00e9rt k\u00e9rj\u00fck, \u00e9rdekl\u0151dj\u00f6n szem\u00e9lyesen, telefonon vagy email-en.<br \/>\nA v\u00e1ltoztat\u00e1s jog\u00e1t fenntartjuk!\u00a0<\/b><\/p>","protected":false},"excerpt":{"rendered":"<p class=\"product-details-tile__title\" style=\"text-align: center;\">Protect Extra dar\u00e1zsirt\u00f3 habaeroszol 400 ml<\/p>","protected":false},"featured_media":10725,"template":"","meta":{"_et_pb_use_builder":"","_et_pb_old_content":"","_et_gb_content_width":""},"product_brand":[],"product_cat":[4094],"product_tag":[3034],"class_list":{"0":"post-10724","1":"product","2":"type-product","3":"status-publish","4":"has-post-thumbnail","6":"product_cat-protect-termekek","7":"product_tag-protect-extra-darazsirto-habaeroszol-400-ml","9":"first","10":"instock","11":"shipping-taxable","12":"purchasable","13":"product-type-simple"},"yoast_head":"<!-- This site is optimized with the Yoast SEO plugin v27.4 - https:\/\/yoast.com\/product\/yoast-seo-wordpress\/ -->\n<title>Protect Extra dar\u00e1zsirt\u00f3 habaeroszol 400 ml - T\u00e1jkert\u00e9sz<\/title>\n<meta name=\"description\" content=\"Protect Extra dar\u00e1zsirt\u00f3 habaeroszol 400 ml\" \/>\n<meta name=\"robots\" content=\"index, follow, max-snippet:-1, max-image-preview:large, max-video-preview:-1\" \/>\n<link rel=\"canonical\" href=\"https:\/\/tajkertesz.com\/en_US\/product\/protect-extra-darazsirto-habaeroszol-400-ml\/\" \/>\n<meta property=\"og:locale\" content=\"en_US\" \/>\n<meta property=\"og:type\" content=\"article\" \/>\n<meta property=\"og:title\" content=\"Protect Extra dar\u00e1zsirt\u00f3 habaeroszol 400 ml - T\u00e1jkert\u00e9sz\" \/>\n<meta property=\"og:description\" content=\"Protect Extra dar\u00e1zsirt\u00f3 habaeroszol 400 ml\" \/>\n<meta property=\"og:url\" content=\"https:\/\/tajkertesz.com\/en_US\/product\/protect-extra-darazsirto-habaeroszol-400-ml\/\" \/>\n<meta property=\"og:site_name\" content=\"T\u00e1jkert\u00e9sz\" \/>\n<meta property=\"article:publisher\" content=\"https:\/\/www.facebook.com\/Tajkertesz\/\" \/>\n<meta property=\"article:modified_time\" content=\"2024-06-06T12:30:05+00:00\" \/>\n<meta property=\"og:image\" content=\"https:\/\/tajkertesz.com\/wp-content\/uploads\/2021\/10\/ShotType1_540x540.jpg\" \/>\n\t<meta property=\"og:image:width\" content=\"540\" \/>\n\t<meta property=\"og:image:height\" content=\"540\" \/>\n\t<meta property=\"og:image:type\" content=\"image\/jpeg\" \/>\n<meta name=\"twitter:card\" content=\"summary_large_image\" \/>\n<meta name=\"twitter:label1\" content=\"Est. reading time\" \/>\n\t<meta name=\"twitter:data1\" content=\"4 minutes\" \/>\n<script type=\"application\/ld+json\" class=\"yoast-schema-graph\">{\"@context\":\"https:\\\/\\\/schema.org\",\"@graph\":[{\"@type\":\"WebPage\",\"@id\":\"https:\\\/\\\/tajkertesz.com\\\/termek\\\/protect-extra-darazsirto-habaeroszol-400-ml\\\/\",\"url\":\"https:\\\/\\\/tajkertesz.com\\\/termek\\\/protect-extra-darazsirto-habaeroszol-400-ml\\\/\",\"name\":\"Protect Extra dar\u00e1zsirt\u00f3 habaeroszol 400 ml - T\u00e1jkert\u00e9sz\",\"isPartOf\":{\"@id\":\"https:\\\/\\\/tajkertesz.com\\\/#website\"},\"primaryImageOfPage\":{\"@id\":\"https:\\\/\\\/tajkertesz.com\\\/termek\\\/protect-extra-darazsirto-habaeroszol-400-ml\\\/#primaryimage\"},\"image\":{\"@id\":\"https:\\\/\\\/tajkertesz.com\\\/termek\\\/protect-extra-darazsirto-habaeroszol-400-ml\\\/#primaryimage\"},\"thumbnailUrl\":\"https:\\\/\\\/tajkertesz.com\\\/wp-content\\\/uploads\\\/2021\\\/10\\\/ShotType1_540x540.jpg\",\"datePublished\":\"2021-10-21T06:29:25+00:00\",\"dateModified\":\"2024-06-06T12:30:05+00:00\",\"description\":\"Protect Extra dar\u00e1zsirt\u00f3 habaeroszol 400 ml\",\"breadcrumb\":{\"@id\":\"https:\\\/\\\/tajkertesz.com\\\/termek\\\/protect-extra-darazsirto-habaeroszol-400-ml\\\/#breadcrumb\"},\"inLanguage\":\"en-US\",\"potentialAction\":[{\"@type\":\"ReadAction\",\"target\":[\"https:\\\/\\\/tajkertesz.com\\\/termek\\\/protect-extra-darazsirto-habaeroszol-400-ml\\\/\"]}]},{\"@type\":\"ImageObject\",\"inLanguage\":\"en-US\",\"@id\":\"https:\\\/\\\/tajkertesz.com\\\/termek\\\/protect-extra-darazsirto-habaeroszol-400-ml\\\/#primaryimage\",\"url\":\"https:\\\/\\\/tajkertesz.com\\\/wp-content\\\/uploads\\\/2021\\\/10\\\/ShotType1_540x540.jpg\",\"contentUrl\":\"https:\\\/\\\/tajkertesz.com\\\/wp-content\\\/uploads\\\/2021\\\/10\\\/ShotType1_540x540.jpg\",\"width\":540,\"height\":540},{\"@type\":\"BreadcrumbList\",\"@id\":\"https:\\\/\\\/tajkertesz.com\\\/termek\\\/protect-extra-darazsirto-habaeroszol-400-ml\\\/#breadcrumb\",\"itemListElement\":[{\"@type\":\"ListItem\",\"position\":1,\"name\":\"Home\",\"item\":\"https:\\\/\\\/tajkertesz.com\\\/\"},{\"@type\":\"ListItem\",\"position\":2,\"name\":\"Kezd\u0151lap\",\"item\":\"https:\\\/\\\/tajkertesz.com\\\/\"},{\"@type\":\"ListItem\",\"position\":3,\"name\":\"Protect Extra dar\u00e1zsirt\u00f3 habaeroszol 400 ml\"}]},{\"@type\":\"WebSite\",\"@id\":\"https:\\\/\\\/tajkertesz.com\\\/#website\",\"url\":\"https:\\\/\\\/tajkertesz.com\\\/\",\"name\":\"T\u00e1j-Kert\u00e9sz 84 Kft.\",\"description\":\"Kert\u00e9szeti kis- \u00e9s nagykeresked\u00e9s, D\u00edszn\u00f6v\u00e9ny web\u00e1ruh\u00e1z orsz\u00e1gos h\u00e1zhozsz\u00e1ll\u00edt\u00e1ssal!\",\"publisher\":{\"@id\":\"https:\\\/\\\/tajkertesz.com\\\/#organization\"},\"potentialAction\":[{\"@type\":\"SearchAction\",\"target\":{\"@type\":\"EntryPoint\",\"urlTemplate\":\"https:\\\/\\\/tajkertesz.com\\\/?s={search_term_string}\"},\"query-input\":{\"@type\":\"PropertyValueSpecification\",\"valueRequired\":true,\"valueName\":\"search_term_string\"}}],\"inLanguage\":\"en-US\"},{\"@type\":\"Organization\",\"@id\":\"https:\\\/\\\/tajkertesz.com\\\/#organization\",\"name\":\"T\u00e1j-Kert\u00e9sz 84 Kft.\",\"url\":\"https:\\\/\\\/tajkertesz.com\\\/\",\"logo\":{\"@type\":\"ImageObject\",\"inLanguage\":\"en-US\",\"@id\":\"https:\\\/\\\/tajkertesz.com\\\/#\\\/schema\\\/logo\\\/image\\\/\",\"url\":\"https:\\\/\\\/tajkertesz.com\\\/wp-content\\\/uploads\\\/2018\\\/02\\\/logo-2-e1518678052539.png\",\"contentUrl\":\"https:\\\/\\\/tajkertesz.com\\\/wp-content\\\/uploads\\\/2018\\\/02\\\/logo-2-e1518678052539.png\",\"width\":81,\"height\":140,\"caption\":\"T\u00e1j-Kert\u00e9sz 84 Kft.\"},\"image\":{\"@id\":\"https:\\\/\\\/tajkertesz.com\\\/#\\\/schema\\\/logo\\\/image\\\/\"},\"sameAs\":[\"https:\\\/\\\/www.facebook.com\\\/Tajkertesz\\\/\"]}]}<\/script>\n<!-- \/ Yoast SEO plugin. -->","yoast_head_json":{"title":"Protect Extra dar\u00e1zsirt\u00f3 habaeroszol 400 ml - T\u00e1jkert\u00e9sz","description":"Protect Extra dar\u00e1zsirt\u00f3 habaeroszol 400 ml","robots":{"index":"index","follow":"follow","max-snippet":"max-snippet:-1","max-image-preview":"max-image-preview:large","max-video-preview":"max-video-preview:-1"},"canonical":"https:\/\/tajkertesz.com\/en_US\/product\/protect-extra-darazsirto-habaeroszol-400-ml\/","og_locale":"en_US","og_type":"article","og_title":"Protect Extra dar\u00e1zsirt\u00f3 habaeroszol 400 ml - T\u00e1jkert\u00e9sz","og_description":"Protect Extra dar\u00e1zsirt\u00f3 habaeroszol 400 ml","og_url":"https:\/\/tajkertesz.com\/en_US\/product\/protect-extra-darazsirto-habaeroszol-400-ml\/","og_site_name":"T\u00e1jkert\u00e9sz","article_publisher":"https:\/\/www.facebook.com\/Tajkertesz\/","article_modified_time":"2024-06-06T12:30:05+00:00","og_image":[{"width":540,"height":540,"url":"https:\/\/tajkertesz.com\/wp-content\/uploads\/2021\/10\/ShotType1_540x540.jpg","type":"image\/jpeg"}],"twitter_card":"summary_large_image","twitter_misc":{"Est. reading time":"4 minutes"},"schema":{"@context":"https:\/\/schema.org","@graph":[{"@type":"WebPage","@id":"https:\/\/tajkertesz.com\/termek\/protect-extra-darazsirto-habaeroszol-400-ml\/","url":"https:\/\/tajkertesz.com\/termek\/protect-extra-darazsirto-habaeroszol-400-ml\/","name":"Protect Extra dar\u00e1zsirt\u00f3 habaeroszol 400 ml - T\u00e1jkert\u00e9sz","isPartOf":{"@id":"https:\/\/tajkertesz.com\/#website"},"primaryImageOfPage":{"@id":"https:\/\/tajkertesz.com\/termek\/protect-extra-darazsirto-habaeroszol-400-ml\/#primaryimage"},"image":{"@id":"https:\/\/tajkertesz.com\/termek\/protect-extra-darazsirto-habaeroszol-400-ml\/#primaryimage"},"thumbnailUrl":"https:\/\/tajkertesz.com\/wp-content\/uploads\/2021\/10\/ShotType1_540x540.jpg","datePublished":"2021-10-21T06:29:25+00:00","dateModified":"2024-06-06T12:30:05+00:00","description":"Protect Extra dar\u00e1zsirt\u00f3 habaeroszol 400 ml","breadcrumb":{"@id":"https:\/\/tajkertesz.com\/termek\/protect-extra-darazsirto-habaeroszol-400-ml\/#breadcrumb"},"inLanguage":"en-US","potentialAction":[{"@type":"ReadAction","target":["https:\/\/tajkertesz.com\/termek\/protect-extra-darazsirto-habaeroszol-400-ml\/"]}]},{"@type":"ImageObject","inLanguage":"en-US","@id":"https:\/\/tajkertesz.com\/termek\/protect-extra-darazsirto-habaeroszol-400-ml\/#primaryimage","url":"https:\/\/tajkertesz.com\/wp-content\/uploads\/2021\/10\/ShotType1_540x540.jpg","contentUrl":"https:\/\/tajkertesz.com\/wp-content\/uploads\/2021\/10\/ShotType1_540x540.jpg","width":540,"height":540},{"@type":"BreadcrumbList","@id":"https:\/\/tajkertesz.com\/termek\/protect-extra-darazsirto-habaeroszol-400-ml\/#breadcrumb","itemListElement":[{"@type":"ListItem","position":1,"name":"Home","item":"https:\/\/tajkertesz.com\/"},{"@type":"ListItem","position":2,"name":"Kezd\u0151lap","item":"https:\/\/tajkertesz.com\/"},{"@type":"ListItem","position":3,"name":"Protect Extra dar\u00e1zsirt\u00f3 habaeroszol 400 ml"}]},{"@type":"WebSite","@id":"https:\/\/tajkertesz.com\/#website","url":"https:\/\/tajkertesz.com\/","name":"T\u00e1j-Kert\u00e9sz 84 Kft.","description":"Kert\u00e9szeti kis- \u00e9s nagykeresked\u00e9s, D\u00edszn\u00f6v\u00e9ny web\u00e1ruh\u00e1z orsz\u00e1gos h\u00e1zhozsz\u00e1ll\u00edt\u00e1ssal!","publisher":{"@id":"https:\/\/tajkertesz.com\/#organization"},"potentialAction":[{"@type":"SearchAction","target":{"@type":"EntryPoint","urlTemplate":"https:\/\/tajkertesz.com\/?s={search_term_string}"},"query-input":{"@type":"PropertyValueSpecification","valueRequired":true,"valueName":"search_term_string"}}],"inLanguage":"en-US"},{"@type":"Organization","@id":"https:\/\/tajkertesz.com\/#organization","name":"T\u00e1j-Kert\u00e9sz 84 Kft.","url":"https:\/\/tajkertesz.com\/","logo":{"@type":"ImageObject","inLanguage":"en-US","@id":"https:\/\/tajkertesz.com\/#\/schema\/logo\/image\/","url":"https:\/\/tajkertesz.com\/wp-content\/uploads\/2018\/02\/logo-2-e1518678052539.png","contentUrl":"https:\/\/tajkertesz.com\/wp-content\/uploads\/2018\/02\/logo-2-e1518678052539.png","width":81,"height":140,"caption":"T\u00e1j-Kert\u00e9sz 84 Kft."},"image":{"@id":"https:\/\/tajkertesz.com\/#\/schema\/logo\/image\/"},"sameAs":["https:\/\/www.facebook.com\/Tajkertesz\/"]}]}},"_links":{"self":[{"href":"https:\/\/tajkertesz.com\/en_US\/wp-json\/wp\/v2\/product\/10724","targetHints":{"allow":["GET"]}}],"collection":[{"href":"https:\/\/tajkertesz.com\/en_US\/wp-json\/wp\/v2\/product"}],"about":[{"href":"https:\/\/tajkertesz.com\/en_US\/wp-json\/wp\/v2\/types\/product"}],"wp:featuredmedia":[{"embeddable":true,"href":"https:\/\/tajkertesz.com\/en_US\/wp-json\/wp\/v2\/media\/10725"}],"wp:attachment":[{"href":"https:\/\/tajkertesz.com\/en_US\/wp-json\/wp\/v2\/media?parent=10724"}],"wp:term":[{"taxonomy":"product_brand","embeddable":true,"href":"https:\/\/tajkertesz.com\/en_US\/wp-json\/wp\/v2\/product_brand?post=10724"},{"taxonomy":"product_cat","embeddable":true,"href":"https:\/\/tajkertesz.com\/en_US\/wp-json\/wp\/v2\/product_cat?post=10724"},{"taxonomy":"product_tag","embeddable":true,"href":"https:\/\/tajkertesz.com\/en_US\/wp-json\/wp\/v2\/product_tag?post=10724"}],"curies":[{"name":"wp","href":"https:\/\/api.w.org\/{rel}","templated":true}]}}