{"id":1079,"date":"2020-02-26T15:39:00","date_gmt":"2020-02-26T15:39:00","guid":{"rendered":"https:\/\/tajkertesz.com\/?post_type=product&#038;p=1079"},"modified":"2024-09-30T14:45:07","modified_gmt":"2024-09-30T14:45:07","slug":"buddleja-davidii-tutti-frutti-nyari-orgona","status":"publish","type":"product","link":"https:\/\/tajkertesz.com\/en_US\/product\/buddleja-davidii-tutti-frutti-nyari-orgona\/","title":{"rendered":"Buddleja davidii &#8216;Tutti frutti&#8217; ,Ny\u00e1ri orgona"},"content":{"rendered":"<p>Buddleja davidii &#8216;Tutti frutti&#8217;\u00a0 ,Ny\u00e1ri orgona<\/p>\n<p>Buddleja davidii &#8216;Tutti frutti&#8217;\u00a0 ,Ny\u00e1ri orgona bug\u00e1s lila vir\u00e1gokkal d\u00edsz\u00edt\u0151 d\u00edszn\u00f6v\u00e9ny n\u00e9pszer\u0171s\u00e9g\u00e9t annak is k\u00f6sz\u00f6nheti, hogy akkor ad \u00e9rt\u00e9kes vir\u00e1gd\u00edszt, amikor a legt\u00f6bb cserje m\u00e1r elvir\u00e1gzott.<\/p>\n<p><b>N\u00f6veked\u00e9s, alak:<\/b>\u00a0 \u00a0kompakt\u00a0 fajta , magast\u00f6rzs\u00f6n. Mt 60cm<br \/>\n<b>Lev\u00e9l: <\/b>\u00a0l\u00e1ndzsa alak\u00fa levele sz\u00f3rt \u00e1ll\u00e1s\u00fa.<br \/>\nV<b>ir\u00e1g: <\/b>Hossz\u00fa, mutat\u00f3s lila vir\u00e1gainak torka narancss\u00e1rga. Er\u0151sen illatos vir\u00e1gzata sok nekt\u00e1rt tartalmaz, ez\u00e9rt pillang\u00f3k sz\u00e1zai l\u00e1togatj\u00e1k a vir\u00e1gz\u00e1si id\u0151szakban.<\/p>\n<p><b>Term\u0151hely, ig\u00e9ny: <\/b>meleg \u00e9s f\u00e9nyig\u00e9nyes cserje, c\u00e9lszer\u0171 a kert napos r\u00e9sz\u00e9re \u00fcltetni.<\/p>\n<p style=\"font-weight: 400;\">Term\u00e9keny talajokat kedvel. A kifejlett bokrok j\u00f3l meg\u00e9lnek meglehet\u0151sen sz\u00e1raz k\u00f6r\u00fclm\u00e9nyek k\u00f6z\u00f6tt. Az \u00e1lland\u00f3an nedves talajokon gy\u00f6kerei elpusztulhatnak. A m\u00e1sodik, harmadik \u00e9v ut\u00e1n minden \u00e9vben aj\u00e1nlatos visszametszeni kora tavasszal.<\/p>\n<p><b>Felhaszn\u00e1l\u00e1s:<\/b> Szoliterk\u00e9nt vagy t\u00f6bb fajt\u00e1t egy csoportba \u00fcltetve igen l\u00e1tv\u00e1nyos hat\u00e1st \u00e9rhet\u00fcnk el vele.<\/p>\n<p>&nbsp;<\/p>\n<p style=\"line-height: 18.0pt; background: white; margin: 0cm 0cm 15.0pt 0cm;\"><span style=\"font-family: 'Ubuntu',serif; color: black;\">El\u00e9rhet\u0151 t\u00f6bbf\u00e9le m\u00e9retben \u00e9s \u00e1rban.<\/span><\/p>\n<p style=\"line-height: 18.0pt; background: white; margin: 0cm 0cm 15.0pt 0cm;\"><b><span style=\"font-family: 'Ubuntu',serif; color: black;\">K\u00e9szlet\u00fcnk napi szinten v\u00e1ltozik, ez\u00e9rt k\u00e9rj\u00fck, \u00e9rdekl\u0151dj\u00f6n szem\u00e9lyesen, telefonon vagy email-en.<br \/>\nA v\u00e1ltoztat\u00e1s jog\u00e1t fenntartjuk!\u00a0<\/span><\/b><\/p>\n<p><a href=\"https:\/\/tajkertesz.com\/\">https:\/\/tajkertesz.com<\/a><\/p>\n<p>&nbsp;<\/p>\n<p><a href=\"https:\/\/hu.wikipedia.org\/wiki\/Ny%C3%A1riorgona\">https:\/\/hu.wikipedia.org\/wiki\/Ny%C3%A1riorgona<\/a><\/p>\n<p><span style=\"color: #ffffff;\"><b>N\u00f6veked\u00e9s, alak:<\/b>\u00a0 \u00a0kompakt\u00a0 fajta<\/span><br \/>\n<span style=\"color: #ffffff;\"><b>Lev\u00e9l: <\/b>\u00a0l\u00e1ndzsa alak\u00fa levele sz\u00f3rt \u00e1ll\u00e1s\u00fa.<\/span><br \/>\n<span style=\"color: #ffffff;\">V<b>ir\u00e1g: <\/b>Hossz\u00fa, mutat\u00f3s lila vir\u00e1gainak torka narancss\u00e1rga. Er\u0151sen illatos vir\u00e1gzata sok nekt\u00e1rt tartalmaz, ez\u00e9rt pillang\u00f3k sz\u00e1zai l\u00e1togatj\u00e1k a vir\u00e1gz\u00e1si id\u0151szakban.<\/span><\/p>\n<p><span style=\"color: #ffffff;\"><b>Term\u0151hely, ig\u00e9ny: <\/b>meleg \u00e9s f\u00e9nyig\u00e9nyes cserje, c\u00e9lszer\u0171 a kert napos r\u00e9sz\u00e9re \u00fcltetni.<\/span><\/p>\n<p style=\"font-weight: 400;\"><span style=\"color: #ffffff;\">Term\u00e9keny talajokat kedvel. A kifejlett bokrok j\u00f3l meg\u00e9lnek meglehet\u0151sen sz\u00e1raz k\u00f6r\u00fclm\u00e9nyek k\u00f6z\u00f6tt. Az \u00e1lland\u00f3an nedves talajokon gy\u00f6kerei elpusztulhatnak. A m\u00e1sodik, harmadik \u00e9v ut\u00e1n minden \u00e9vben aj\u00e1nlatos visszametszeni kora tavasszal.<\/span><\/p>\n<p><span style=\"color: #ffffff;\"><b>Felhaszn\u00e1l\u00e1s:<\/b> Szoliterk\u00e9nt vagy t\u00f6bb fajt\u00e1t egy csoportba \u00fcltetve igen l\u00e1tv\u00e1nyos hat\u00e1st \u00e9rhet\u00fcnk el vele.<\/span><\/p>\n<p style=\"line-height: 18.0pt; background: white; margin: 0cm 0cm 15.0pt 0cm;\"><span style=\"font-family: Ubuntu, serif; color: #ffffff;\">El\u00e9rhet\u0151 t\u00f6bbf\u00e9le m\u00e9retben \u00e9s \u00e1rban.<\/span><\/p>\n<p style=\"line-height: 18.0pt; background: white; margin: 0cm 0cm 15.0pt 0cm;\"><span style=\"color: #ffffff;\"><b><span style=\"font-family: Ubuntu, serif;\">K\u00e9szlet\u00fcnk napi szinten v\u00e1ltozik, ez\u00e9rt k\u00e9rj\u00fck, \u00e9rdekl\u0151dj\u00f6n szem\u00e9lyesen, telefonon vagy email-en.<br \/>\nA v\u00e1ltoztat\u00e1s jog\u00e1t fenntartjuk!\u00a0<\/span><\/b><\/span><\/p>\n<p>&nbsp;<\/p>","protected":false},"excerpt":{"rendered":"<p>Buddleja davidii &#8216;Tutti frutti&#8217;\u00a0 ,Ny\u00e1ri orgona bug\u00e1s lila vir\u00e1gokkal d\u00edsz\u00edt\u0151 d\u00edszn\u00f6v\u00e9ny n\u00e9pszer\u0171s\u00e9g\u00e9t annak is k\u00f6sz\u00f6nheti, hogy akkor ad \u00e9rt\u00e9kes vir\u00e1gd\u00edszt, amikor a legt\u00f6bb cserje m\u00e1r elvir\u00e1gzott.<\/p>\n<p><b>N\u00f6veked\u00e9s, alak:<\/b>\u00a0 \u00a0kompakt\u00a0 fajta<br \/>\n<b>Lev\u00e9l: <\/b>\u00a0l\u00e1ndzsa alak\u00fa levele sz\u00f3rt \u00e1ll\u00e1s\u00fa.<br \/>\nV<b>ir\u00e1g: <\/b>Hossz\u00fa, mutat\u00f3s lila vir\u00e1gainak torka narancss\u00e1rga. Er\u0151sen illatos vir\u00e1gzata sok nekt\u00e1rt tartalmaz, ez\u00e9rt pillang\u00f3k sz\u00e1zai l\u00e1togatj\u00e1k a vir\u00e1gz\u00e1si id\u0151szakban.<\/p>\n<p><b>Term\u0151hely, ig\u00e9ny: <\/b>meleg \u00e9s f\u00e9nyig\u00e9nyes cserje, c\u00e9lszer\u0171 a kert napos r\u00e9sz\u00e9re \u00fcltetni.<\/p>\n<p style=\"font-weight: 400;\">Term\u00e9keny talajokat kedvel. A kifejlett bokrok j\u00f3l meg\u00e9lnek meglehet\u0151sen sz\u00e1raz k\u00f6r\u00fclm\u00e9nyek k\u00f6z\u00f6tt. Az \u00e1lland\u00f3an nedves talajokon gy\u00f6kerei elpusztulhatnak. A m\u00e1sodik, harmadik \u00e9v ut\u00e1n minden \u00e9vben aj\u00e1nlatos visszametszeni kora tavasszal.<\/p>\n<p><b>Felhaszn\u00e1l\u00e1s:<\/b> Szoliterk\u00e9nt vagy t\u00f6bb fajt\u00e1t egy csoportba \u00fcltetve igen l\u00e1tv\u00e1nyos hat\u00e1st \u00e9rhet\u00fcnk el vele.<\/p>","protected":false},"featured_media":1164,"template":"","meta":{"_et_pb_use_builder":"","_et_pb_old_content":"","_et_gb_content_width":""},"product_brand":[],"product_cat":[27],"product_tag":[229,230,248,181],"class_list":{"0":"post-1079","1":"product","2":"type-product","3":"status-publish","4":"has-post-thumbnail","6":"product_cat-cserjek","7":"product_tag-buddleja-davidii-tutti-frutti","8":"product_tag-illatos","9":"product_tag-mt60","10":"product_tag-nyari-orgona","12":"first","13":"outofstock","14":"shipping-taxable","15":"product-type-simple"},"yoast_head":"<!-- This site is optimized with the Yoast SEO plugin v27.3 - https:\/\/yoast.com\/product\/yoast-seo-wordpress\/ -->\n<title>Buddleja davidii &#039;Tutti frutti&#039; ,Ny\u00e1ri orgona - T\u00e1jkert\u00e9sz<\/title>\n<meta name=\"description\" content=\"Buddleja davidii &#039;Tutti frutti&#039; ,Ny\u00e1ri orgona bug\u00e1s lila vir\u00e1gokkal d\u00edsz\u00edt\u0151 kompakt n\u00f6v\u00e9ny.Er\u0151sen illatos vir\u00e1gzat\u00e1t a pillang\u00f3k is kedvelik.\" \/>\n<meta name=\"robots\" content=\"index, follow, max-snippet:-1, max-image-preview:large, max-video-preview:-1\" \/>\n<link rel=\"canonical\" href=\"https:\/\/tajkertesz.com\/en_US\/product\/buddleja-davidii-tutti-frutti-nyari-orgona\/\" \/>\n<meta property=\"og:locale\" content=\"en_US\" \/>\n<meta property=\"og:type\" content=\"article\" \/>\n<meta property=\"og:title\" content=\"Buddleja davidii &#039;Tutti frutti&#039; ,Ny\u00e1ri orgona - T\u00e1jkert\u00e9sz\" \/>\n<meta property=\"og:description\" content=\"Buddleja davidii &#039;Tutti frutti&#039; ,Ny\u00e1ri orgona bug\u00e1s lila vir\u00e1gokkal d\u00edsz\u00edt\u0151 kompakt n\u00f6v\u00e9ny.Er\u0151sen illatos vir\u00e1gzat\u00e1t a pillang\u00f3k is kedvelik.\" \/>\n<meta property=\"og:url\" content=\"https:\/\/tajkertesz.com\/en_US\/product\/buddleja-davidii-tutti-frutti-nyari-orgona\/\" \/>\n<meta property=\"og:site_name\" content=\"T\u00e1jkert\u00e9sz\" \/>\n<meta property=\"article:publisher\" content=\"https:\/\/www.facebook.com\/Tajkertesz\/\" \/>\n<meta property=\"article:modified_time\" content=\"2024-09-30T14:45:07+00:00\" \/>\n<meta property=\"og:image\" content=\"https:\/\/tajkertesz.com\/wp-content\/uploads\/2020\/02\/Buddleja-davidii-Tutti-frutti.jpg\" \/>\n\t<meta property=\"og:image:width\" content=\"1000\" \/>\n\t<meta property=\"og:image:height\" content=\"1000\" \/>\n\t<meta property=\"og:image:type\" content=\"image\/jpeg\" \/>\n<meta name=\"twitter:card\" content=\"summary_large_image\" \/>\n<meta name=\"twitter:label1\" content=\"Est. reading time\" \/>\n\t<meta name=\"twitter:data1\" content=\"2 minutes\" \/>\n<script type=\"application\/ld+json\" class=\"yoast-schema-graph\">{\"@context\":\"https:\\\/\\\/schema.org\",\"@graph\":[{\"@type\":\"WebPage\",\"@id\":\"https:\\\/\\\/tajkertesz.com\\\/termek\\\/buddleja-davidii-tutti-frutti-nyari-orgona\\\/\",\"url\":\"https:\\\/\\\/tajkertesz.com\\\/termek\\\/buddleja-davidii-tutti-frutti-nyari-orgona\\\/\",\"name\":\"Buddleja davidii 'Tutti frutti' ,Ny\u00e1ri orgona - T\u00e1jkert\u00e9sz\",\"isPartOf\":{\"@id\":\"https:\\\/\\\/tajkertesz.com\\\/#website\"},\"primaryImageOfPage\":{\"@id\":\"https:\\\/\\\/tajkertesz.com\\\/termek\\\/buddleja-davidii-tutti-frutti-nyari-orgona\\\/#primaryimage\"},\"image\":{\"@id\":\"https:\\\/\\\/tajkertesz.com\\\/termek\\\/buddleja-davidii-tutti-frutti-nyari-orgona\\\/#primaryimage\"},\"thumbnailUrl\":\"https:\\\/\\\/tajkertesz.com\\\/wp-content\\\/uploads\\\/2020\\\/02\\\/Buddleja-davidii-Tutti-frutti.jpg\",\"datePublished\":\"2020-02-26T15:39:00+00:00\",\"dateModified\":\"2024-09-30T14:45:07+00:00\",\"description\":\"Buddleja davidii 'Tutti frutti' ,Ny\u00e1ri orgona bug\u00e1s lila vir\u00e1gokkal d\u00edsz\u00edt\u0151 kompakt n\u00f6v\u00e9ny.Er\u0151sen illatos vir\u00e1gzat\u00e1t a pillang\u00f3k is kedvelik.\",\"breadcrumb\":{\"@id\":\"https:\\\/\\\/tajkertesz.com\\\/termek\\\/buddleja-davidii-tutti-frutti-nyari-orgona\\\/#breadcrumb\"},\"inLanguage\":\"en-US\",\"potentialAction\":[{\"@type\":\"ReadAction\",\"target\":[\"https:\\\/\\\/tajkertesz.com\\\/termek\\\/buddleja-davidii-tutti-frutti-nyari-orgona\\\/\"]}]},{\"@type\":\"ImageObject\",\"inLanguage\":\"en-US\",\"@id\":\"https:\\\/\\\/tajkertesz.com\\\/termek\\\/buddleja-davidii-tutti-frutti-nyari-orgona\\\/#primaryimage\",\"url\":\"https:\\\/\\\/tajkertesz.com\\\/wp-content\\\/uploads\\\/2020\\\/02\\\/Buddleja-davidii-Tutti-frutti.jpg\",\"contentUrl\":\"https:\\\/\\\/tajkertesz.com\\\/wp-content\\\/uploads\\\/2020\\\/02\\\/Buddleja-davidii-Tutti-frutti.jpg\",\"width\":1000,\"height\":1000},{\"@type\":\"BreadcrumbList\",\"@id\":\"https:\\\/\\\/tajkertesz.com\\\/termek\\\/buddleja-davidii-tutti-frutti-nyari-orgona\\\/#breadcrumb\",\"itemListElement\":[{\"@type\":\"ListItem\",\"position\":1,\"name\":\"Home\",\"item\":\"https:\\\/\\\/tajkertesz.com\\\/\"},{\"@type\":\"ListItem\",\"position\":2,\"name\":\"Kezd\u0151lap\",\"item\":\"https:\\\/\\\/tajkertesz.com\\\/\"},{\"@type\":\"ListItem\",\"position\":3,\"name\":\"Buddleja davidii &#8216;Tutti frutti&#8217; ,Ny\u00e1ri orgona\"}]},{\"@type\":\"WebSite\",\"@id\":\"https:\\\/\\\/tajkertesz.com\\\/#website\",\"url\":\"https:\\\/\\\/tajkertesz.com\\\/\",\"name\":\"T\u00e1j-Kert\u00e9sz 84 Kft.\",\"description\":\"Kert\u00e9szeti kis- \u00e9s nagykeresked\u00e9s, D\u00edszn\u00f6v\u00e9ny web\u00e1ruh\u00e1z orsz\u00e1gos h\u00e1zhozsz\u00e1ll\u00edt\u00e1ssal!\",\"publisher\":{\"@id\":\"https:\\\/\\\/tajkertesz.com\\\/#organization\"},\"potentialAction\":[{\"@type\":\"SearchAction\",\"target\":{\"@type\":\"EntryPoint\",\"urlTemplate\":\"https:\\\/\\\/tajkertesz.com\\\/?s={search_term_string}\"},\"query-input\":{\"@type\":\"PropertyValueSpecification\",\"valueRequired\":true,\"valueName\":\"search_term_string\"}}],\"inLanguage\":\"en-US\"},{\"@type\":\"Organization\",\"@id\":\"https:\\\/\\\/tajkertesz.com\\\/#organization\",\"name\":\"T\u00e1j-Kert\u00e9sz 84 Kft.\",\"url\":\"https:\\\/\\\/tajkertesz.com\\\/\",\"logo\":{\"@type\":\"ImageObject\",\"inLanguage\":\"en-US\",\"@id\":\"https:\\\/\\\/tajkertesz.com\\\/#\\\/schema\\\/logo\\\/image\\\/\",\"url\":\"https:\\\/\\\/tajkertesz.com\\\/wp-content\\\/uploads\\\/2018\\\/02\\\/logo-2-e1518678052539.png\",\"contentUrl\":\"https:\\\/\\\/tajkertesz.com\\\/wp-content\\\/uploads\\\/2018\\\/02\\\/logo-2-e1518678052539.png\",\"width\":81,\"height\":140,\"caption\":\"T\u00e1j-Kert\u00e9sz 84 Kft.\"},\"image\":{\"@id\":\"https:\\\/\\\/tajkertesz.com\\\/#\\\/schema\\\/logo\\\/image\\\/\"},\"sameAs\":[\"https:\\\/\\\/www.facebook.com\\\/Tajkertesz\\\/\"]}]}<\/script>\n<!-- \/ Yoast SEO plugin. -->","yoast_head_json":{"title":"Buddleja davidii 'Tutti frutti' ,Ny\u00e1ri orgona - T\u00e1jkert\u00e9sz","description":"Buddleja davidii 'Tutti frutti' ,Ny\u00e1ri orgona bug\u00e1s lila vir\u00e1gokkal d\u00edsz\u00edt\u0151 kompakt n\u00f6v\u00e9ny.Er\u0151sen illatos vir\u00e1gzat\u00e1t a pillang\u00f3k is kedvelik.","robots":{"index":"index","follow":"follow","max-snippet":"max-snippet:-1","max-image-preview":"max-image-preview:large","max-video-preview":"max-video-preview:-1"},"canonical":"https:\/\/tajkertesz.com\/en_US\/product\/buddleja-davidii-tutti-frutti-nyari-orgona\/","og_locale":"en_US","og_type":"article","og_title":"Buddleja davidii 'Tutti frutti' ,Ny\u00e1ri orgona - T\u00e1jkert\u00e9sz","og_description":"Buddleja davidii 'Tutti frutti' ,Ny\u00e1ri orgona bug\u00e1s lila vir\u00e1gokkal d\u00edsz\u00edt\u0151 kompakt n\u00f6v\u00e9ny.Er\u0151sen illatos vir\u00e1gzat\u00e1t a pillang\u00f3k is kedvelik.","og_url":"https:\/\/tajkertesz.com\/en_US\/product\/buddleja-davidii-tutti-frutti-nyari-orgona\/","og_site_name":"T\u00e1jkert\u00e9sz","article_publisher":"https:\/\/www.facebook.com\/Tajkertesz\/","article_modified_time":"2024-09-30T14:45:07+00:00","og_image":[{"width":1000,"height":1000,"url":"https:\/\/tajkertesz.com\/wp-content\/uploads\/2020\/02\/Buddleja-davidii-Tutti-frutti.jpg","type":"image\/jpeg"}],"twitter_card":"summary_large_image","twitter_misc":{"Est. reading time":"2 minutes"},"schema":{"@context":"https:\/\/schema.org","@graph":[{"@type":"WebPage","@id":"https:\/\/tajkertesz.com\/termek\/buddleja-davidii-tutti-frutti-nyari-orgona\/","url":"https:\/\/tajkertesz.com\/termek\/buddleja-davidii-tutti-frutti-nyari-orgona\/","name":"Buddleja davidii 'Tutti frutti' ,Ny\u00e1ri orgona - T\u00e1jkert\u00e9sz","isPartOf":{"@id":"https:\/\/tajkertesz.com\/#website"},"primaryImageOfPage":{"@id":"https:\/\/tajkertesz.com\/termek\/buddleja-davidii-tutti-frutti-nyari-orgona\/#primaryimage"},"image":{"@id":"https:\/\/tajkertesz.com\/termek\/buddleja-davidii-tutti-frutti-nyari-orgona\/#primaryimage"},"thumbnailUrl":"https:\/\/tajkertesz.com\/wp-content\/uploads\/2020\/02\/Buddleja-davidii-Tutti-frutti.jpg","datePublished":"2020-02-26T15:39:00+00:00","dateModified":"2024-09-30T14:45:07+00:00","description":"Buddleja davidii 'Tutti frutti' ,Ny\u00e1ri orgona bug\u00e1s lila vir\u00e1gokkal d\u00edsz\u00edt\u0151 kompakt n\u00f6v\u00e9ny.Er\u0151sen illatos vir\u00e1gzat\u00e1t a pillang\u00f3k is kedvelik.","breadcrumb":{"@id":"https:\/\/tajkertesz.com\/termek\/buddleja-davidii-tutti-frutti-nyari-orgona\/#breadcrumb"},"inLanguage":"en-US","potentialAction":[{"@type":"ReadAction","target":["https:\/\/tajkertesz.com\/termek\/buddleja-davidii-tutti-frutti-nyari-orgona\/"]}]},{"@type":"ImageObject","inLanguage":"en-US","@id":"https:\/\/tajkertesz.com\/termek\/buddleja-davidii-tutti-frutti-nyari-orgona\/#primaryimage","url":"https:\/\/tajkertesz.com\/wp-content\/uploads\/2020\/02\/Buddleja-davidii-Tutti-frutti.jpg","contentUrl":"https:\/\/tajkertesz.com\/wp-content\/uploads\/2020\/02\/Buddleja-davidii-Tutti-frutti.jpg","width":1000,"height":1000},{"@type":"BreadcrumbList","@id":"https:\/\/tajkertesz.com\/termek\/buddleja-davidii-tutti-frutti-nyari-orgona\/#breadcrumb","itemListElement":[{"@type":"ListItem","position":1,"name":"Home","item":"https:\/\/tajkertesz.com\/"},{"@type":"ListItem","position":2,"name":"Kezd\u0151lap","item":"https:\/\/tajkertesz.com\/"},{"@type":"ListItem","position":3,"name":"Buddleja davidii &#8216;Tutti frutti&#8217; ,Ny\u00e1ri orgona"}]},{"@type":"WebSite","@id":"https:\/\/tajkertesz.com\/#website","url":"https:\/\/tajkertesz.com\/","name":"T\u00e1j-Kert\u00e9sz 84 Kft.","description":"Kert\u00e9szeti kis- \u00e9s nagykeresked\u00e9s, D\u00edszn\u00f6v\u00e9ny web\u00e1ruh\u00e1z orsz\u00e1gos h\u00e1zhozsz\u00e1ll\u00edt\u00e1ssal!","publisher":{"@id":"https:\/\/tajkertesz.com\/#organization"},"potentialAction":[{"@type":"SearchAction","target":{"@type":"EntryPoint","urlTemplate":"https:\/\/tajkertesz.com\/?s={search_term_string}"},"query-input":{"@type":"PropertyValueSpecification","valueRequired":true,"valueName":"search_term_string"}}],"inLanguage":"en-US"},{"@type":"Organization","@id":"https:\/\/tajkertesz.com\/#organization","name":"T\u00e1j-Kert\u00e9sz 84 Kft.","url":"https:\/\/tajkertesz.com\/","logo":{"@type":"ImageObject","inLanguage":"en-US","@id":"https:\/\/tajkertesz.com\/#\/schema\/logo\/image\/","url":"https:\/\/tajkertesz.com\/wp-content\/uploads\/2018\/02\/logo-2-e1518678052539.png","contentUrl":"https:\/\/tajkertesz.com\/wp-content\/uploads\/2018\/02\/logo-2-e1518678052539.png","width":81,"height":140,"caption":"T\u00e1j-Kert\u00e9sz 84 Kft."},"image":{"@id":"https:\/\/tajkertesz.com\/#\/schema\/logo\/image\/"},"sameAs":["https:\/\/www.facebook.com\/Tajkertesz\/"]}]}},"_links":{"self":[{"href":"https:\/\/tajkertesz.com\/en_US\/wp-json\/wp\/v2\/product\/1079","targetHints":{"allow":["GET"]}}],"collection":[{"href":"https:\/\/tajkertesz.com\/en_US\/wp-json\/wp\/v2\/product"}],"about":[{"href":"https:\/\/tajkertesz.com\/en_US\/wp-json\/wp\/v2\/types\/product"}],"wp:featuredmedia":[{"embeddable":true,"href":"https:\/\/tajkertesz.com\/en_US\/wp-json\/wp\/v2\/media\/1164"}],"wp:attachment":[{"href":"https:\/\/tajkertesz.com\/en_US\/wp-json\/wp\/v2\/media?parent=1079"}],"wp:term":[{"taxonomy":"product_brand","embeddable":true,"href":"https:\/\/tajkertesz.com\/en_US\/wp-json\/wp\/v2\/product_brand?post=1079"},{"taxonomy":"product_cat","embeddable":true,"href":"https:\/\/tajkertesz.com\/en_US\/wp-json\/wp\/v2\/product_cat?post=1079"},{"taxonomy":"product_tag","embeddable":true,"href":"https:\/\/tajkertesz.com\/en_US\/wp-json\/wp\/v2\/product_tag?post=1079"}],"curies":[{"name":"wp","href":"https:\/\/api.w.org\/{rel}","templated":true}]}}