{"id":10917,"date":"2021-10-26T08:05:26","date_gmt":"2021-10-26T08:05:26","guid":{"rendered":"https:\/\/tajkertesz.com\/?post_type=product&#038;p=10917"},"modified":"2023-06-08T09:43:15","modified_gmt":"2023-06-08T09:43:15","slug":"erdi-jubileum-meggy-szabadgyokeres","status":"publish","type":"product","link":"https:\/\/tajkertesz.com\/en_US\/product\/erdi-jubileum-meggy-szabadgyokeres\/","title":{"rendered":"&#8216;\u00c9rdi jubileum&#8217; meggy szabadgy\u00f6keres"},"content":{"rendered":"<h3 class=\"LC20lb DKV0Md\">&#8216;\u00c9rdi jubileum&#8217; meggy szabadgy\u00f6keres<\/h3>\n<p>&nbsp;<\/p>\n<p class=\"LC20lb DKV0Md\">&#8216;\u00c9rdi jubileum&#8217; meggy szabadgy\u00f6keres<\/p>\n<p><strong>\u00c9r\u00e9si id\u0151<\/strong>: j\u00fanius k\u00f6zepe<\/p>\n<p>Egy h\u00e9ttel a Meteor korai meggy ut\u00e1n \u00e9rik (j\u00fanius k\u00f6zepe), de 2-3 h\u00e9tig a f\u00e1n maradhat.\u00a0Friss fogyaszt\u00e1sra \u00e9s ipari feldolgoz\u00e1sra egyar\u00e1nt alkalmas.<\/p>\n<p>Gy\u00fcm\u00f6lcse k\u00f6z\u00e9pnagy 4-5 g, g\u00f6mb alak\u00fa, feketepirosra sz\u00ednez\u0151dik, h\u00fasa kem\u00e9ny, fest\u0151lev\u0171, \u00edze \u00e9des-savas, kiemelked\u0151en finom.<\/p>\n<p>Hajt\u00e1srendszere k\u00f6z\u00e9per\u0151s n\u00f6veked\u00e9s\u0171, \u00e1gai felfel\u00e9 t\u00f6r\u0151k, majd sz\u00e9thajl\u00f3k. A 4. 5. \u00e9vben fordul term\u0151re, ezut\u00e1n b\u0151term\u0151.<\/p>\n<p>A mon\u00edli\u00e1ra kev\u00e9sb\u00e9 fog\u00e9kony, mint m\u00e1s fajt\u00e1k. Szil\u00e1rd gy\u00fcm\u00f6lcse miatt friss fogyaszt\u00e1sra \u00e9s feldolgoz\u00e1sra egyar\u00e1nt alkalmas.<\/p>\n<p><strong>\u00d6nterm\u00e9keny fatja.<\/strong><\/p>\n<p>Jelen term\u00e9k\u00fcnk: 120\/170 cm magass\u00e1ggal kaphat\u00f3<\/p>\n<h4><span style=\"text-decoration: underline;\"><strong><em>Aj\u00e1nljuk mell\u00e9 ez al\u00e1bbi term\u00e9keket:<\/em><\/strong><\/span><\/h4>\n<blockquote class=\"wp-embedded-content\" data-secret=\"17bSCuxRCh\"><p><a href=\"https:\/\/tajkertesz.com\/termek\/florimo-altalanos-viragfold-20-l\/\">Florimo \u00c1ltal\u00e1nos vir\u00e1gf\u00f6ld 20 L<\/a><\/p><\/blockquote>\n<p><iframe loading=\"lazy\" class=\"wp-embedded-content\" sandbox=\"allow-scripts\" security=\"restricted\" style=\"position: absolute; clip: rect(1px, 1px, 1px, 1px);\" title=\"&#8220;Florimo \u00c1ltal\u00e1nos vir\u00e1gf\u00f6ld 20 L&#8221; &#8212; T\u00e1jkert\u00e9sz\" src=\"https:\/\/tajkertesz.com\/termek\/florimo-altalanos-viragfold-20-l\/embed\/#?secret=oZNOvZm7Xg#?secret=17bSCuxRCh\" data-secret=\"17bSCuxRCh\" width=\"600\" height=\"338\" frameborder=\"0\" marginwidth=\"0\" marginheight=\"0\" scrolling=\"no\"><\/iframe><\/p>\n<blockquote class=\"wp-embedded-content\" data-secret=\"9f8bShrcRL\"><p><a href=\"https:\/\/tajkertesz.com\/termek\/marhatragya-15-literes\/\">Marhatr\u00e1gya 15 literes<\/a><\/p><\/blockquote>\n<p><iframe loading=\"lazy\" class=\"wp-embedded-content\" sandbox=\"allow-scripts\" security=\"restricted\" style=\"position: absolute; clip: rect(1px, 1px, 1px, 1px);\" title=\"&#8220;Marhatr\u00e1gya 15 literes&#8221; &#8212; T\u00e1jkert\u00e9sz\" src=\"https:\/\/tajkertesz.com\/termek\/marhatragya-15-literes\/embed\/#?secret=xSYKSDgpkB#?secret=9f8bShrcRL\" data-secret=\"9f8bShrcRL\" width=\"600\" height=\"338\" frameborder=\"0\" marginwidth=\"0\" marginheight=\"0\" scrolling=\"no\"><\/iframe><\/p>\n<p>&nbsp;<\/p>\n<p><b><span style=\"font-family: 'Ubuntu',serif; color: black;\"><br \/>\nK\u00e9szlet\u00fcnk napi szinten v\u00e1ltozik, ez\u00e9rt k\u00e9rj\u00fck, \u00e9rdekl\u0151dj\u00f6n szem\u00e9lyesen, telefonon vagy email-en.<\/span><\/b><\/p>\n<p>&nbsp;<\/p>\n<p style=\"line-height: 18.0pt; background: white; margin: 0cm 0cm 15.0pt 0cm;\"><b><span style=\"font-family: 'Ubuntu',serif; color: black;\">A v\u00e1ltoztat\u00e1s jog\u00e1t fenntartjuk!\u00a0<\/span><\/b><\/p>\n<p><a href=\"https:\/\/tajkertesz.com\/\">https:\/\/tajkertesz.com\/<\/a><\/p>\n<p><a href=\"https:\/\/www.facebook.com\/tajkertesz\">https:\/\/www.facebook.com\/tajkertesz<\/a><\/p>\n<p><span style=\"color: #ffffff;\">manaps\u00e1g m\u00e1r elterjedt a m\u0171anyagb\u00f3l k\u00e9sz\u00fclt v\u00e1ltozat is. Kert\u00e9szetekben \u00e9s nagyobb \u00e1ruh\u00e1zakban kaphat\u00f3, ak\u00e1rcsak az \u00e1s\u00f3, a lap\u00e1t, a kapa vagy ritk\u00e1bban a kaszahanem a h\u00e1z k\u00f6r\u00fcl is fontos eszk\u00f6z, a lehullott faleveleket (avart) vagy egy\u00e9b lombokat is \u00f6ssze lehet vele szedni (a speci\u00e1lisan lombgy\u0171jt\u00e9sre szakosodott verzi\u00f3ja a lombsepr\u0171). Nyele \u00e1ltal\u00e1ban f\u00e1b\u00f3l, feje pedig vasb\u00f3l k\u00e9sz\u00fcl, de manaps\u00e1g m\u00e1r elterjedt a m\u0171anyagb\u00f3l k\u00e9sz\u00fclt v\u00e1ltozat is. Kert\u00e9szetekben \u00e9s nagyobb \u00e1ruh\u00e1zakban kamanaps\u00e1g m\u00e1r elterjedt a m\u0171anyagb\u00f3l k\u00e9sz\u00fclt v\u00e1ltozat is. Kert\u00e9szetekben \u00e9s nagyobb \u00e1ruh\u00e1zakban kaphat\u00f3, ak\u00e1rcsak az \u00e1s\u00f3, a lap\u00e1t, a kapa vagy ritk\u00e1bban a kaszahanem a h\u00e1z k\u00f6r\u00fcl is fontos eszk\u00f6z, a lehullott faleveleket (avart) vagy egy\u00e9b lombokat is \u00f6ssze lehet vele szedni (a speci\u00e1lisan lombgy\u0171jt\u00e9sre szakosodott verzi\u00f3ja a lombsepr\u0171). Nyele \u00e1ltal\u00e1ban f\u00e1b\u00f3l, feje pedig vasb\u00f3l k\u00e9sz\u00fcl, de manaps\u00e1g m\u00e1r elterjedt a m\u0171anyagb\u00f3l k\u00e9sz\u00fclt v\u00e1ltozat is. Kert\u00e9szetekben \u00e9s nagyobb \u00e1ruh\u00e1zakban kaphat\u00f3, ak\u00e1rcsak az \u00e1s\u00f3, a lap\u00e1t, a kapa vagy ritk\u00e1bban a kasza..\u00c1tm\u00e9r\u0151: 6 mmphat\u00f3, ak\u00e1rcsak az \u00e1s\u00f3, a lap\u00e1t, a kapa vagy ritk\u00e1bban a kasza..\u00c1tm\u00e9r\u0151: 6 mm<\/span><\/p>\n<p>&nbsp;<\/p>\n<p>Sz\u00e1ll\u00edt\u00e1s 200 cm \u00e9s 40 kg-ig lehets\u00e9ges fut\u00e1rszolg\u00e1lattal , egy\u00e9b m\u00e9ret eset\u00e9n egyedi sz\u00e1ll\u00edt\u00e1si felt\u00e9tel egyeztet\u00e9se sz\u00fcks\u00e9ges.<\/p>","protected":false},"excerpt":{"rendered":"<h3 class=\"LC20lb DKV0Md\">&#8216;\u00c9rdi jubileum&#8217; meggy szabadgy\u00f6keres<\/h3>","protected":false},"featured_media":10918,"template":"","meta":{"_et_pb_use_builder":"","_et_pb_old_content":"","_et_gb_content_width":""},"product_brand":[],"product_cat":[29],"product_tag":[3081],"class_list":{"0":"post-10917","1":"product","2":"type-product","3":"status-publish","4":"has-post-thumbnail","6":"product_cat-gyumolcsfak-gyumolcstermo-novenyek","7":"product_tag-erdi-jubileum-meggy-szabadgyokeres","9":"first","10":"outofstock","11":"shipping-taxable","12":"product-type-simple"},"yoast_head":"<!-- This site is optimized with the Yoast SEO plugin v27.5 - https:\/\/yoast.com\/product\/yoast-seo-wordpress\/ -->\n<title>&#039;\u00c9rdi jubileum&#039; meggy szabadgy\u00f6keres - T\u00e1jkert\u00e9sz<\/title>\n<meta name=\"description\" content=\"&#039;\u00c9rdi jubileum&#039; meggy szabadgy\u00f6keres. Egy h\u00e9ttel a Meteor korai meggy ut\u00e1n \u00e9rik (j\u00fanius k\u00f6zepe). \u00d6nterm\u00e9keny fajta. V\u00e1s\u00e1roljon web\u00e1ruh\u00e1zunkb\u00f3l!\" \/>\n<meta name=\"robots\" content=\"index, follow, max-snippet:-1, max-image-preview:large, max-video-preview:-1\" \/>\n<link rel=\"canonical\" href=\"https:\/\/tajkertesz.com\/en_US\/product\/erdi-jubileum-meggy-szabadgyokeres\/\" \/>\n<meta property=\"og:locale\" content=\"en_US\" \/>\n<meta property=\"og:type\" content=\"article\" \/>\n<meta property=\"og:title\" content=\"&#039;\u00c9rdi jubileum&#039; meggy szabadgy\u00f6keres - T\u00e1jkert\u00e9sz\" \/>\n<meta property=\"og:description\" content=\"&#039;\u00c9rdi jubileum&#039; meggy szabadgy\u00f6keres. Egy h\u00e9ttel a Meteor korai meggy ut\u00e1n \u00e9rik (j\u00fanius k\u00f6zepe). \u00d6nterm\u00e9keny fajta. V\u00e1s\u00e1roljon web\u00e1ruh\u00e1zunkb\u00f3l!\" \/>\n<meta property=\"og:url\" content=\"https:\/\/tajkertesz.com\/en_US\/product\/erdi-jubileum-meggy-szabadgyokeres\/\" \/>\n<meta property=\"og:site_name\" content=\"T\u00e1jkert\u00e9sz\" \/>\n<meta property=\"article:publisher\" content=\"https:\/\/www.facebook.com\/Tajkertesz\/\" \/>\n<meta property=\"article:modified_time\" content=\"2023-06-08T09:43:15+00:00\" \/>\n<meta property=\"og:image\" content=\"https:\/\/tajkertesz.com\/wp-content\/uploads\/2021\/10\/erdi-jubileum-meggy.png\" \/>\n\t<meta property=\"og:image:width\" content=\"324\" \/>\n\t<meta property=\"og:image:height\" content=\"324\" \/>\n\t<meta property=\"og:image:type\" content=\"image\/png\" \/>\n<meta name=\"twitter:card\" content=\"summary_large_image\" \/>\n<meta name=\"twitter:label1\" content=\"Est. reading time\" \/>\n\t<meta name=\"twitter:data1\" content=\"2 minutes\" \/>\n<script type=\"application\/ld+json\" class=\"yoast-schema-graph\">{\"@context\":\"https:\\\/\\\/schema.org\",\"@graph\":[{\"@type\":\"WebPage\",\"@id\":\"https:\\\/\\\/tajkertesz.com\\\/termek\\\/erdi-jubileum-meggy-szabadgyokeres\\\/\",\"url\":\"https:\\\/\\\/tajkertesz.com\\\/termek\\\/erdi-jubileum-meggy-szabadgyokeres\\\/\",\"name\":\"'\u00c9rdi jubileum' meggy szabadgy\u00f6keres - T\u00e1jkert\u00e9sz\",\"isPartOf\":{\"@id\":\"https:\\\/\\\/tajkertesz.com\\\/#website\"},\"primaryImageOfPage\":{\"@id\":\"https:\\\/\\\/tajkertesz.com\\\/termek\\\/erdi-jubileum-meggy-szabadgyokeres\\\/#primaryimage\"},\"image\":{\"@id\":\"https:\\\/\\\/tajkertesz.com\\\/termek\\\/erdi-jubileum-meggy-szabadgyokeres\\\/#primaryimage\"},\"thumbnailUrl\":\"https:\\\/\\\/tajkertesz.com\\\/wp-content\\\/uploads\\\/2021\\\/10\\\/erdi-jubileum-meggy.png\",\"datePublished\":\"2021-10-26T08:05:26+00:00\",\"dateModified\":\"2023-06-08T09:43:15+00:00\",\"description\":\"'\u00c9rdi jubileum' meggy szabadgy\u00f6keres. Egy h\u00e9ttel a Meteor korai meggy ut\u00e1n \u00e9rik (j\u00fanius k\u00f6zepe). \u00d6nterm\u00e9keny fajta. V\u00e1s\u00e1roljon web\u00e1ruh\u00e1zunkb\u00f3l!\",\"breadcrumb\":{\"@id\":\"https:\\\/\\\/tajkertesz.com\\\/termek\\\/erdi-jubileum-meggy-szabadgyokeres\\\/#breadcrumb\"},\"inLanguage\":\"en-US\",\"potentialAction\":[{\"@type\":\"ReadAction\",\"target\":[\"https:\\\/\\\/tajkertesz.com\\\/termek\\\/erdi-jubileum-meggy-szabadgyokeres\\\/\"]}]},{\"@type\":\"ImageObject\",\"inLanguage\":\"en-US\",\"@id\":\"https:\\\/\\\/tajkertesz.com\\\/termek\\\/erdi-jubileum-meggy-szabadgyokeres\\\/#primaryimage\",\"url\":\"https:\\\/\\\/tajkertesz.com\\\/wp-content\\\/uploads\\\/2021\\\/10\\\/erdi-jubileum-meggy.png\",\"contentUrl\":\"https:\\\/\\\/tajkertesz.com\\\/wp-content\\\/uploads\\\/2021\\\/10\\\/erdi-jubileum-meggy.png\",\"width\":324,\"height\":324,\"caption\":\"'\u00c9rdi jubileum' meggy\"},{\"@type\":\"BreadcrumbList\",\"@id\":\"https:\\\/\\\/tajkertesz.com\\\/termek\\\/erdi-jubileum-meggy-szabadgyokeres\\\/#breadcrumb\",\"itemListElement\":[{\"@type\":\"ListItem\",\"position\":1,\"name\":\"Home\",\"item\":\"https:\\\/\\\/tajkertesz.com\\\/\"},{\"@type\":\"ListItem\",\"position\":2,\"name\":\"Kezd\u0151lap\",\"item\":\"https:\\\/\\\/tajkertesz.com\\\/\"},{\"@type\":\"ListItem\",\"position\":3,\"name\":\"&#8216;\u00c9rdi jubileum&#8217; meggy szabadgy\u00f6keres\"}]},{\"@type\":\"WebSite\",\"@id\":\"https:\\\/\\\/tajkertesz.com\\\/#website\",\"url\":\"https:\\\/\\\/tajkertesz.com\\\/\",\"name\":\"T\u00e1j-Kert\u00e9sz 84 Kft.\",\"description\":\"Kert\u00e9szeti kis- \u00e9s nagykeresked\u00e9s, D\u00edszn\u00f6v\u00e9ny web\u00e1ruh\u00e1z orsz\u00e1gos h\u00e1zhozsz\u00e1ll\u00edt\u00e1ssal!\",\"publisher\":{\"@id\":\"https:\\\/\\\/tajkertesz.com\\\/#organization\"},\"potentialAction\":[{\"@type\":\"SearchAction\",\"target\":{\"@type\":\"EntryPoint\",\"urlTemplate\":\"https:\\\/\\\/tajkertesz.com\\\/?s={search_term_string}\"},\"query-input\":{\"@type\":\"PropertyValueSpecification\",\"valueRequired\":true,\"valueName\":\"search_term_string\"}}],\"inLanguage\":\"en-US\"},{\"@type\":\"Organization\",\"@id\":\"https:\\\/\\\/tajkertesz.com\\\/#organization\",\"name\":\"T\u00e1j-Kert\u00e9sz 84 Kft.\",\"url\":\"https:\\\/\\\/tajkertesz.com\\\/\",\"logo\":{\"@type\":\"ImageObject\",\"inLanguage\":\"en-US\",\"@id\":\"https:\\\/\\\/tajkertesz.com\\\/#\\\/schema\\\/logo\\\/image\\\/\",\"url\":\"https:\\\/\\\/tajkertesz.com\\\/wp-content\\\/uploads\\\/2018\\\/02\\\/logo-2-e1518678052539.png\",\"contentUrl\":\"https:\\\/\\\/tajkertesz.com\\\/wp-content\\\/uploads\\\/2018\\\/02\\\/logo-2-e1518678052539.png\",\"width\":81,\"height\":140,\"caption\":\"T\u00e1j-Kert\u00e9sz 84 Kft.\"},\"image\":{\"@id\":\"https:\\\/\\\/tajkertesz.com\\\/#\\\/schema\\\/logo\\\/image\\\/\"},\"sameAs\":[\"https:\\\/\\\/www.facebook.com\\\/Tajkertesz\\\/\"]}]}<\/script>\n<!-- \/ Yoast SEO plugin. -->","yoast_head_json":{"title":"'\u00c9rdi jubileum' meggy szabadgy\u00f6keres - T\u00e1jkert\u00e9sz","description":"'\u00c9rdi jubileum' meggy szabadgy\u00f6keres. Egy h\u00e9ttel a Meteor korai meggy ut\u00e1n \u00e9rik (j\u00fanius k\u00f6zepe). \u00d6nterm\u00e9keny fajta. V\u00e1s\u00e1roljon web\u00e1ruh\u00e1zunkb\u00f3l!","robots":{"index":"index","follow":"follow","max-snippet":"max-snippet:-1","max-image-preview":"max-image-preview:large","max-video-preview":"max-video-preview:-1"},"canonical":"https:\/\/tajkertesz.com\/en_US\/product\/erdi-jubileum-meggy-szabadgyokeres\/","og_locale":"en_US","og_type":"article","og_title":"'\u00c9rdi jubileum' meggy szabadgy\u00f6keres - T\u00e1jkert\u00e9sz","og_description":"'\u00c9rdi jubileum' meggy szabadgy\u00f6keres. Egy h\u00e9ttel a Meteor korai meggy ut\u00e1n \u00e9rik (j\u00fanius k\u00f6zepe). \u00d6nterm\u00e9keny fajta. V\u00e1s\u00e1roljon web\u00e1ruh\u00e1zunkb\u00f3l!","og_url":"https:\/\/tajkertesz.com\/en_US\/product\/erdi-jubileum-meggy-szabadgyokeres\/","og_site_name":"T\u00e1jkert\u00e9sz","article_publisher":"https:\/\/www.facebook.com\/Tajkertesz\/","article_modified_time":"2023-06-08T09:43:15+00:00","og_image":[{"width":324,"height":324,"url":"https:\/\/tajkertesz.com\/wp-content\/uploads\/2021\/10\/erdi-jubileum-meggy.png","type":"image\/png"}],"twitter_card":"summary_large_image","twitter_misc":{"Est. reading time":"2 minutes"},"schema":{"@context":"https:\/\/schema.org","@graph":[{"@type":"WebPage","@id":"https:\/\/tajkertesz.com\/termek\/erdi-jubileum-meggy-szabadgyokeres\/","url":"https:\/\/tajkertesz.com\/termek\/erdi-jubileum-meggy-szabadgyokeres\/","name":"'\u00c9rdi jubileum' meggy szabadgy\u00f6keres - T\u00e1jkert\u00e9sz","isPartOf":{"@id":"https:\/\/tajkertesz.com\/#website"},"primaryImageOfPage":{"@id":"https:\/\/tajkertesz.com\/termek\/erdi-jubileum-meggy-szabadgyokeres\/#primaryimage"},"image":{"@id":"https:\/\/tajkertesz.com\/termek\/erdi-jubileum-meggy-szabadgyokeres\/#primaryimage"},"thumbnailUrl":"https:\/\/tajkertesz.com\/wp-content\/uploads\/2021\/10\/erdi-jubileum-meggy.png","datePublished":"2021-10-26T08:05:26+00:00","dateModified":"2023-06-08T09:43:15+00:00","description":"'\u00c9rdi jubileum' meggy szabadgy\u00f6keres. Egy h\u00e9ttel a Meteor korai meggy ut\u00e1n \u00e9rik (j\u00fanius k\u00f6zepe). \u00d6nterm\u00e9keny fajta. V\u00e1s\u00e1roljon web\u00e1ruh\u00e1zunkb\u00f3l!","breadcrumb":{"@id":"https:\/\/tajkertesz.com\/termek\/erdi-jubileum-meggy-szabadgyokeres\/#breadcrumb"},"inLanguage":"en-US","potentialAction":[{"@type":"ReadAction","target":["https:\/\/tajkertesz.com\/termek\/erdi-jubileum-meggy-szabadgyokeres\/"]}]},{"@type":"ImageObject","inLanguage":"en-US","@id":"https:\/\/tajkertesz.com\/termek\/erdi-jubileum-meggy-szabadgyokeres\/#primaryimage","url":"https:\/\/tajkertesz.com\/wp-content\/uploads\/2021\/10\/erdi-jubileum-meggy.png","contentUrl":"https:\/\/tajkertesz.com\/wp-content\/uploads\/2021\/10\/erdi-jubileum-meggy.png","width":324,"height":324,"caption":"'\u00c9rdi jubileum' meggy"},{"@type":"BreadcrumbList","@id":"https:\/\/tajkertesz.com\/termek\/erdi-jubileum-meggy-szabadgyokeres\/#breadcrumb","itemListElement":[{"@type":"ListItem","position":1,"name":"Home","item":"https:\/\/tajkertesz.com\/"},{"@type":"ListItem","position":2,"name":"Kezd\u0151lap","item":"https:\/\/tajkertesz.com\/"},{"@type":"ListItem","position":3,"name":"&#8216;\u00c9rdi jubileum&#8217; meggy szabadgy\u00f6keres"}]},{"@type":"WebSite","@id":"https:\/\/tajkertesz.com\/#website","url":"https:\/\/tajkertesz.com\/","name":"T\u00e1j-Kert\u00e9sz 84 Kft.","description":"Kert\u00e9szeti kis- \u00e9s nagykeresked\u00e9s, D\u00edszn\u00f6v\u00e9ny web\u00e1ruh\u00e1z orsz\u00e1gos h\u00e1zhozsz\u00e1ll\u00edt\u00e1ssal!","publisher":{"@id":"https:\/\/tajkertesz.com\/#organization"},"potentialAction":[{"@type":"SearchAction","target":{"@type":"EntryPoint","urlTemplate":"https:\/\/tajkertesz.com\/?s={search_term_string}"},"query-input":{"@type":"PropertyValueSpecification","valueRequired":true,"valueName":"search_term_string"}}],"inLanguage":"en-US"},{"@type":"Organization","@id":"https:\/\/tajkertesz.com\/#organization","name":"T\u00e1j-Kert\u00e9sz 84 Kft.","url":"https:\/\/tajkertesz.com\/","logo":{"@type":"ImageObject","inLanguage":"en-US","@id":"https:\/\/tajkertesz.com\/#\/schema\/logo\/image\/","url":"https:\/\/tajkertesz.com\/wp-content\/uploads\/2018\/02\/logo-2-e1518678052539.png","contentUrl":"https:\/\/tajkertesz.com\/wp-content\/uploads\/2018\/02\/logo-2-e1518678052539.png","width":81,"height":140,"caption":"T\u00e1j-Kert\u00e9sz 84 Kft."},"image":{"@id":"https:\/\/tajkertesz.com\/#\/schema\/logo\/image\/"},"sameAs":["https:\/\/www.facebook.com\/Tajkertesz\/"]}]}},"_links":{"self":[{"href":"https:\/\/tajkertesz.com\/en_US\/wp-json\/wp\/v2\/product\/10917","targetHints":{"allow":["GET"]}}],"collection":[{"href":"https:\/\/tajkertesz.com\/en_US\/wp-json\/wp\/v2\/product"}],"about":[{"href":"https:\/\/tajkertesz.com\/en_US\/wp-json\/wp\/v2\/types\/product"}],"wp:featuredmedia":[{"embeddable":true,"href":"https:\/\/tajkertesz.com\/en_US\/wp-json\/wp\/v2\/media\/10918"}],"wp:attachment":[{"href":"https:\/\/tajkertesz.com\/en_US\/wp-json\/wp\/v2\/media?parent=10917"}],"wp:term":[{"taxonomy":"product_brand","embeddable":true,"href":"https:\/\/tajkertesz.com\/en_US\/wp-json\/wp\/v2\/product_brand?post=10917"},{"taxonomy":"product_cat","embeddable":true,"href":"https:\/\/tajkertesz.com\/en_US\/wp-json\/wp\/v2\/product_cat?post=10917"},{"taxonomy":"product_tag","embeddable":true,"href":"https:\/\/tajkertesz.com\/en_US\/wp-json\/wp\/v2\/product_tag?post=10917"}],"curies":[{"name":"wp","href":"https:\/\/api.w.org\/{rel}","templated":true}]}}