{"id":1095,"date":"2025-03-27T08:53:13","date_gmt":"2025-03-27T08:53:13","guid":{"rendered":"https:\/\/tajkertesz.com\/?post_type=product&#038;p=1095"},"modified":"2025-03-27T14:43:40","modified_gmt":"2025-03-27T14:43:40","slug":"callicarpa-bodinieri-profusion-kinai-lilabogyo","status":"publish","type":"product","link":"https:\/\/tajkertesz.com\/en_US\/product\/callicarpa-bodinieri-profusion-kinai-lilabogyo\/","title":{"rendered":"Callicarpa bodinieri &#8216;Profusion&#8217; &#8211; K\u00ednai lilabogy\u00f3"},"content":{"rendered":"<h1>Callicarpa bodinieri &#8216;Profusion&#8217; &#8211; K\u00ednai lilabogy\u00f3<\/h1>\n<p>A Callicarpa bodinieri &#8216;Profusion&#8217; &#8211; K\u00ednai lilabogy\u00f3 egy t\u00e9l\u00e1ll\u00f3 lombhullat\u00f3 cserje, amely K\u00edn\u00e1ban \u0151shonos.Okt\u00f3berben lil\u00e1sra sz\u00ednez\u0151d\u0151 bogy\u00f3 term\u00e9se adja a n\u00f6v\u00e9ny k\u00fcl\u00f6nlegess\u00e9g\u00e9t.<\/p>\n<h2>Callicarpa bodinieri &#8216;Profusion&#8217; jellemz\u0151i<\/h2>\n<p>Ez a felfele t\u00f6rekv\u0151 \u00e1grendszer\u0171 cserje 1,5-2 m magas, j\u00f3l alkalmazkodik a k\u00f6r\u00fclm\u00e9nyekhez, viszonylag kev\u00e9s gondoz\u00e1ssal, kert\u00fcnk egyik sz\u00ednfoltja lehet.<br \/>\n<b>\u00a0<\/b>Levelei kihajt\u00e1skor bronzosak, \u0151sszel r\u00f3zsasz\u00ednes pirosra sz\u00ednez\u0151dnek.<br \/>\nVir\u00e1ga lil\u00e1s r\u00f3zsasz\u00edn, amely ny\u00e1r k\u00f6zep\u00e9n ny\u00edlik \u00e9s ezekb\u0151l a vir\u00e1gokb\u00f3l fejl\u0151dik\u00a0 ki \u0151szre a gy\u00f6ny\u00f6r\u0171 csom\u00f3kban \u00e1ll\u00f3 lila term\u00e9s<\/p>\n<p><strong>\u00a0<\/strong><\/p>\n<h3>A k\u00ednai lilabogy\u00f3 gondoz\u00e1sa:<\/h3>\n<p class=\"\" data-start=\"209\" data-end=\"423\">A lilabogy\u00f3 napf\u00e9nykedvel\u0151 n\u00f6v\u00e9ny, ez\u00e9rt napos helyen fejl\u0151dik a legjobban, \u00e9s term\u00e9shozama is b\u0151s\u00e9gesebb. F\u00e9l\u00e1rny\u00e9kos helyen is meg\u00e9l, de kevesebb bogy\u00f3t nevel.<\/p>\n<p class=\"\" data-start=\"425\" data-end=\"696\"><strong data-start=\"425\" data-end=\"440\">Talajig\u00e9ny:<\/strong> A j\u00f3 v\u00edzelvezet\u00e9s\u0171, k\u00f6zepesen t\u00e1panyagd\u00fas talajt kedveli, enyh\u00e9n savany\u00fa vagy semleges k\u00e9mhat\u00e1ssal (pH 5,5\u20136,5). A t\u00fal k\u00f6t\u00f6tt, agyagos talajt homokkal \u00e9rdemes laz\u00edtani, hogy elker\u00fclj\u00fck a pang\u00f3 vizet, amit nem toler\u00e1l.<\/p>\n<p><b>Term\u0151hely, ig\u00e9ny: <\/b>T\u00e1pd\u00fas j\u00f3 v\u00edzgazd\u00e1lkod\u00e1s\u00fa talajt kedvel, napos f\u00e9l\u00e1rny\u00e9kos helyre \u00fcltess\u00fck, de napf\u00e9nyes helyen t\u00f6bb gyogy\u00f3term\u00e9st hoz.<\/p>\n<p><b>Felhaszn\u00e1l\u00e1s:<\/b> szoliterk\u00e9nt, csoportos \u00fcltet\u00e9ssel nagyobb hat\u00e1st \u00e9r\u00fcnk el.<\/p>\n<h4><strong>A n\u00f6v\u00e9ny jelenlegi m\u00e9rete:25-30 cm, 2 literes kont\u00e9nerben<\/strong><\/h4>\n<p>&nbsp;<\/p>\n<p><b>K\u00e9szlet\u00fcnk napi szinten v\u00e1ltozik, ez\u00e9rt k\u00e9rj\u00fck, \u00e9rdekl\u0151dj\u00f6n szem\u00e9lyesen, telefonon vagy email-en.<br \/>\nA v\u00e1ltoztat\u00e1s jog\u00e1t fenntartjuk!<\/b><b>\u00a0 <\/b><\/p>\n<p><a href=\"https:\/\/tajkertesz.com\/\">https:\/\/tajkertesz.com\/<\/a><\/p>\n<p><a href=\"https:\/\/www.facebook.com\/tajkertesz\/\">https:\/\/www.facebook.com\/tajkertesz\/ <\/a><\/p>\n<p>Kisz\u00e1ll\u00edt\u00e1s: 200cm-ig \u00e9s 40 kg-ig a sz\u00e1ll\u00edt\u00e1s fut\u00e1rszolg\u00e1lattal t\u00f6rt\u00e9nik.<\/p>\n<p>Szem\u00e9lyes \u00e1tv\u00e9tel nyitvatart\u00e1si id\u0151ben a 17. ker\u00fclet Bakancsos utca 7. sz\u00e1m alatti Kert\u00e9szeti \u00e1rud\u00e1nkban.<\/p>\n<p>Kert\u00e9p\u00edt\u0151k \u00e9s viszontelad\u00f3k regisztr\u00e1l\u00e1s ut\u00e1n egyedi kedvezm\u00e9nnyel v\u00e1s\u00e1rolhatnak kert\u00e9szeti kis-\u00e9s nagykeresked\u00e9s\u00fcnkben.<\/p>\n<p><strong>Az \u00e1rak egy darab term\u00e9kre vonatkoznak.<\/strong><\/p>\n<p><strong>J\u00f3 tudni!<\/strong><\/p>\n<p>K\u00e9pek-elt\u00e9r\u00e9sek:<\/p>\n<p>A n\u00f6v\u00e9nyekr\u0151l felt\u00f6lt\u00f6tt k\u00e9pek illusztr\u00e1ci\u00f3k. N\u00f6v\u00e9nyekn\u00e9l el\u0151fordulhatnak minim\u00e1lis elt\u00e9r\u00e9sek a k\u00e9peken szerepl\u0151 n\u00f6v\u00e9nyek \u00e9s az \u00e1tvett n\u00f6v\u00e9nyek k\u00f6z\u00f6tt, mivel minden n\u00f6v\u00e9ny egyedi.<\/p>\n<h4>N\u00f6v\u00e9nyek sz\u00e1ll\u00edt\u00e1sa:<\/h4>\n<p>A megrendelt n\u00f6v\u00e9nyeket igyeksz\u00fcnk a lehet\u0151 legbiztons\u00e1gosabban egyes\u00e9vel csomagolni, azonban a sz\u00e1ll\u00edt\u00e1s sor\u00e1n m\u00e9g ennek ellen\u00e9re is\u00a0bek\u00f6vetkezhetnek apr\u00f3bb s\u00e9r\u00fcl\u00e9sek (lev\u00e9l- vagy vir\u00e1ghull\u00e1s).<br \/>\nN\u00f6v\u00e9ny rendel\u00e9s eset\u00e9n k\u00e9rj\u00fck a k\u00e9zbes\u00edt\u00e9st k\u00f6vet\u0151en a lehet\u0151 leghamarabb bonts\u00e1k ki a csomagot.<\/p>\n<p>Abban az esetben, ha a megrendelt n\u00f6v\u00e9ny\u00a0a sz\u00e1ll\u00edt\u00e1st k\u00f6vet\u0151en\u00a0nem megfelel\u0151 gondoz\u00e1sban r\u00e9szes\u00fcl \u00e9s ebb\u0151l kifoly\u00f3lag\u00a0k\u00e1rosodik,\u00a0elpusztul, felel\u0151ss\u00e9get sajnos nem tudunk v\u00e1llalni.<\/p>\n<p>V\u00e1s\u00e1rl\u00e1st\u00f3l val\u00f3 el\u00e1ll\u00e1s \u00e9l\u0151 n\u00f6v\u00e9ny v\u00e1s\u00e1rl\u00e1sa eset\u00e9n:<\/p>\n<p>Az \u00e1ltal\u00e1nos 14 napos el\u00e1ll\u00e1s lehet\u0151s\u00e9ge \u00e9l\u0151 n\u00f6v\u00e9nyekre nem vonatkozik. V\u00e1s\u00e1rl\u00e1st\u00f3l val\u00f3 el\u00e1ll\u00e1sra, visszak\u00fcld\u00e9sre nincs lehet\u0151s\u00e9g.\u00a0(17\/1999. (II. 5.) Korm. rendelet 5c pontja)<\/p>\n<p><strong>K\u00e9rj\u00fck fentiek figyelembev\u00e9tel\u00e9t n\u00f6v\u00e9ny rendel\u00e9se sor\u00e1n!<\/strong><\/p>","protected":false},"excerpt":{"rendered":"<p>Callicarpa bodinieri &#8216;Profusion&#8217; &#8211; K\u00ednai lilabogy\u00f3 T\u00e9l\u00e1ll\u00f3 lombhullat\u00f3 cserje, amely K\u00edn\u00e1ban \u0151shonos. Okt\u00f3berben lil\u00e1sra sz\u00ednez\u0151d\u0151 bogy\u00f3 term\u00e9se adja a n\u00f6v\u00e9ny k\u00fcl\u00f6nlegess\u00e9g\u00e9t.<\/p>\n<p>Jelen term\u00e9k\u00fcnk 2 literes cser\u00e9pben 40\/50 cm magas.<\/p>","protected":false},"featured_media":1102,"template":"","meta":{"_et_pb_use_builder":"","_et_pb_old_content":"","_et_gb_content_width":""},"product_brand":[],"product_cat":[27],"product_tag":[73,54,192],"class_list":{"0":"post-1095","1":"product","2":"type-product","3":"status-publish","4":"has-post-thumbnail","6":"product_cat-cserjek","7":"product_tag-cserje","8":"product_tag-disznoveny","9":"product_tag-kinai-lila-bogyo","11":"first","12":"instock","13":"shipping-taxable","14":"purchasable","15":"product-type-simple"},"yoast_head":"<!-- This site is optimized with the Yoast SEO plugin v27.3 - https:\/\/yoast.com\/product\/yoast-seo-wordpress\/ -->\n<title>Callicarpa bodinieri &#039;Profusion&#039; - K\u00ednai lilabogy\u00f3 - T\u00e1jkert\u00e9sz<\/title>\n<meta name=\"description\" content=\"Callicarpa bodinieri &#039;Profusion&#039; - K\u00ednai lilabogy\u00f3 T\u00e9l\u00e1ll\u00f3 lombhullat\u00f3 cserje, okt\u00f3berben lil\u00e1sra sz\u00ednez\u0151d\u0151 bogy\u00f3 term\u00e9se adja a n\u00f6v\u00e9ny k\u00fcl\u00f6nlegess\u00e9g\u00e9t.\" \/>\n<meta name=\"robots\" content=\"index, follow, max-snippet:-1, max-image-preview:large, max-video-preview:-1\" \/>\n<link rel=\"canonical\" href=\"https:\/\/tajkertesz.com\/en_US\/product\/callicarpa-bodinieri-profusion-kinai-lilabogyo\/\" \/>\n<meta property=\"og:locale\" content=\"en_US\" \/>\n<meta property=\"og:type\" content=\"article\" \/>\n<meta property=\"og:title\" content=\"Callicarpa bodinieri &#039;Profusion&#039; - K\u00ednai lilabogy\u00f3 - T\u00e1jkert\u00e9sz\" \/>\n<meta property=\"og:description\" content=\"Callicarpa bodinieri &#039;Profusion&#039; - K\u00ednai lilabogy\u00f3 T\u00e9l\u00e1ll\u00f3 lombhullat\u00f3 cserje, okt\u00f3berben lil\u00e1sra sz\u00ednez\u0151d\u0151 bogy\u00f3 term\u00e9se adja a n\u00f6v\u00e9ny k\u00fcl\u00f6nlegess\u00e9g\u00e9t.\" \/>\n<meta property=\"og:url\" content=\"https:\/\/tajkertesz.com\/en_US\/product\/callicarpa-bodinieri-profusion-kinai-lilabogyo\/\" \/>\n<meta property=\"og:site_name\" content=\"T\u00e1jkert\u00e9sz\" \/>\n<meta property=\"article:publisher\" content=\"https:\/\/www.facebook.com\/Tajkertesz\/\" \/>\n<meta property=\"article:modified_time\" content=\"2025-03-27T14:43:40+00:00\" \/>\n<meta property=\"og:image\" content=\"https:\/\/tajkertesz.com\/wp-content\/uploads\/2020\/02\/let\u00f6lt\u00e9s-2.jpg\" \/>\n\t<meta property=\"og:image:width\" content=\"247\" \/>\n\t<meta property=\"og:image:height\" content=\"204\" \/>\n\t<meta property=\"og:image:type\" content=\"image\/jpeg\" \/>\n<meta name=\"twitter:card\" content=\"summary_large_image\" \/>\n<meta name=\"twitter:label1\" content=\"Est. reading time\" \/>\n\t<meta name=\"twitter:data1\" content=\"3 minutes\" \/>\n<script type=\"application\/ld+json\" class=\"yoast-schema-graph\">{\"@context\":\"https:\\\/\\\/schema.org\",\"@graph\":[{\"@type\":\"WebPage\",\"@id\":\"https:\\\/\\\/tajkertesz.com\\\/termek\\\/callicarpa-bodinieri-profusion-kinai-lilabogyo\\\/\",\"url\":\"https:\\\/\\\/tajkertesz.com\\\/termek\\\/callicarpa-bodinieri-profusion-kinai-lilabogyo\\\/\",\"name\":\"Callicarpa bodinieri 'Profusion' - K\u00ednai lilabogy\u00f3 - T\u00e1jkert\u00e9sz\",\"isPartOf\":{\"@id\":\"https:\\\/\\\/tajkertesz.com\\\/#website\"},\"primaryImageOfPage\":{\"@id\":\"https:\\\/\\\/tajkertesz.com\\\/termek\\\/callicarpa-bodinieri-profusion-kinai-lilabogyo\\\/#primaryimage\"},\"image\":{\"@id\":\"https:\\\/\\\/tajkertesz.com\\\/termek\\\/callicarpa-bodinieri-profusion-kinai-lilabogyo\\\/#primaryimage\"},\"thumbnailUrl\":\"https:\\\/\\\/tajkertesz.com\\\/wp-content\\\/uploads\\\/2020\\\/02\\\/let\u00f6lt\u00e9s-2.jpg\",\"datePublished\":\"2025-03-27T08:53:13+00:00\",\"dateModified\":\"2025-03-27T14:43:40+00:00\",\"description\":\"Callicarpa bodinieri 'Profusion' - K\u00ednai lilabogy\u00f3 T\u00e9l\u00e1ll\u00f3 lombhullat\u00f3 cserje, okt\u00f3berben lil\u00e1sra sz\u00ednez\u0151d\u0151 bogy\u00f3 term\u00e9se adja a n\u00f6v\u00e9ny k\u00fcl\u00f6nlegess\u00e9g\u00e9t.\",\"breadcrumb\":{\"@id\":\"https:\\\/\\\/tajkertesz.com\\\/termek\\\/callicarpa-bodinieri-profusion-kinai-lilabogyo\\\/#breadcrumb\"},\"inLanguage\":\"en-US\",\"potentialAction\":[{\"@type\":\"ReadAction\",\"target\":[\"https:\\\/\\\/tajkertesz.com\\\/termek\\\/callicarpa-bodinieri-profusion-kinai-lilabogyo\\\/\"]}]},{\"@type\":\"ImageObject\",\"inLanguage\":\"en-US\",\"@id\":\"https:\\\/\\\/tajkertesz.com\\\/termek\\\/callicarpa-bodinieri-profusion-kinai-lilabogyo\\\/#primaryimage\",\"url\":\"https:\\\/\\\/tajkertesz.com\\\/wp-content\\\/uploads\\\/2020\\\/02\\\/let\u00f6lt\u00e9s-2.jpg\",\"contentUrl\":\"https:\\\/\\\/tajkertesz.com\\\/wp-content\\\/uploads\\\/2020\\\/02\\\/let\u00f6lt\u00e9s-2.jpg\",\"width\":247,\"height\":204,\"caption\":\"Callicarpa bodinieri 'Profusion' - K\u00ednai lilabogy\u00f3\"},{\"@type\":\"BreadcrumbList\",\"@id\":\"https:\\\/\\\/tajkertesz.com\\\/termek\\\/callicarpa-bodinieri-profusion-kinai-lilabogyo\\\/#breadcrumb\",\"itemListElement\":[{\"@type\":\"ListItem\",\"position\":1,\"name\":\"Home\",\"item\":\"https:\\\/\\\/tajkertesz.com\\\/\"},{\"@type\":\"ListItem\",\"position\":2,\"name\":\"Kezd\u0151lap\",\"item\":\"https:\\\/\\\/tajkertesz.com\\\/\"},{\"@type\":\"ListItem\",\"position\":3,\"name\":\"Callicarpa bodinieri &#8216;Profusion&#8217; &#8211; K\u00ednai lilabogy\u00f3\"}]},{\"@type\":\"WebSite\",\"@id\":\"https:\\\/\\\/tajkertesz.com\\\/#website\",\"url\":\"https:\\\/\\\/tajkertesz.com\\\/\",\"name\":\"T\u00e1j-Kert\u00e9sz 84 Kft.\",\"description\":\"Kert\u00e9szeti kis- \u00e9s nagykeresked\u00e9s, D\u00edszn\u00f6v\u00e9ny web\u00e1ruh\u00e1z orsz\u00e1gos h\u00e1zhozsz\u00e1ll\u00edt\u00e1ssal!\",\"publisher\":{\"@id\":\"https:\\\/\\\/tajkertesz.com\\\/#organization\"},\"potentialAction\":[{\"@type\":\"SearchAction\",\"target\":{\"@type\":\"EntryPoint\",\"urlTemplate\":\"https:\\\/\\\/tajkertesz.com\\\/?s={search_term_string}\"},\"query-input\":{\"@type\":\"PropertyValueSpecification\",\"valueRequired\":true,\"valueName\":\"search_term_string\"}}],\"inLanguage\":\"en-US\"},{\"@type\":\"Organization\",\"@id\":\"https:\\\/\\\/tajkertesz.com\\\/#organization\",\"name\":\"T\u00e1j-Kert\u00e9sz 84 Kft.\",\"url\":\"https:\\\/\\\/tajkertesz.com\\\/\",\"logo\":{\"@type\":\"ImageObject\",\"inLanguage\":\"en-US\",\"@id\":\"https:\\\/\\\/tajkertesz.com\\\/#\\\/schema\\\/logo\\\/image\\\/\",\"url\":\"https:\\\/\\\/tajkertesz.com\\\/wp-content\\\/uploads\\\/2018\\\/02\\\/logo-2-e1518678052539.png\",\"contentUrl\":\"https:\\\/\\\/tajkertesz.com\\\/wp-content\\\/uploads\\\/2018\\\/02\\\/logo-2-e1518678052539.png\",\"width\":81,\"height\":140,\"caption\":\"T\u00e1j-Kert\u00e9sz 84 Kft.\"},\"image\":{\"@id\":\"https:\\\/\\\/tajkertesz.com\\\/#\\\/schema\\\/logo\\\/image\\\/\"},\"sameAs\":[\"https:\\\/\\\/www.facebook.com\\\/Tajkertesz\\\/\"]}]}<\/script>\n<!-- \/ Yoast SEO plugin. -->","yoast_head_json":{"title":"Callicarpa bodinieri 'Profusion' - K\u00ednai lilabogy\u00f3 - T\u00e1jkert\u00e9sz","description":"Callicarpa bodinieri 'Profusion' - K\u00ednai lilabogy\u00f3 T\u00e9l\u00e1ll\u00f3 lombhullat\u00f3 cserje, okt\u00f3berben lil\u00e1sra sz\u00ednez\u0151d\u0151 bogy\u00f3 term\u00e9se adja a n\u00f6v\u00e9ny k\u00fcl\u00f6nlegess\u00e9g\u00e9t.","robots":{"index":"index","follow":"follow","max-snippet":"max-snippet:-1","max-image-preview":"max-image-preview:large","max-video-preview":"max-video-preview:-1"},"canonical":"https:\/\/tajkertesz.com\/en_US\/product\/callicarpa-bodinieri-profusion-kinai-lilabogyo\/","og_locale":"en_US","og_type":"article","og_title":"Callicarpa bodinieri 'Profusion' - K\u00ednai lilabogy\u00f3 - T\u00e1jkert\u00e9sz","og_description":"Callicarpa bodinieri 'Profusion' - K\u00ednai lilabogy\u00f3 T\u00e9l\u00e1ll\u00f3 lombhullat\u00f3 cserje, okt\u00f3berben lil\u00e1sra sz\u00ednez\u0151d\u0151 bogy\u00f3 term\u00e9se adja a n\u00f6v\u00e9ny k\u00fcl\u00f6nlegess\u00e9g\u00e9t.","og_url":"https:\/\/tajkertesz.com\/en_US\/product\/callicarpa-bodinieri-profusion-kinai-lilabogyo\/","og_site_name":"T\u00e1jkert\u00e9sz","article_publisher":"https:\/\/www.facebook.com\/Tajkertesz\/","article_modified_time":"2025-03-27T14:43:40+00:00","og_image":[{"width":247,"height":204,"url":"https:\/\/tajkertesz.com\/wp-content\/uploads\/2020\/02\/let\u00f6lt\u00e9s-2.jpg","type":"image\/jpeg"}],"twitter_card":"summary_large_image","twitter_misc":{"Est. reading time":"3 minutes"},"schema":{"@context":"https:\/\/schema.org","@graph":[{"@type":"WebPage","@id":"https:\/\/tajkertesz.com\/termek\/callicarpa-bodinieri-profusion-kinai-lilabogyo\/","url":"https:\/\/tajkertesz.com\/termek\/callicarpa-bodinieri-profusion-kinai-lilabogyo\/","name":"Callicarpa bodinieri 'Profusion' - K\u00ednai lilabogy\u00f3 - T\u00e1jkert\u00e9sz","isPartOf":{"@id":"https:\/\/tajkertesz.com\/#website"},"primaryImageOfPage":{"@id":"https:\/\/tajkertesz.com\/termek\/callicarpa-bodinieri-profusion-kinai-lilabogyo\/#primaryimage"},"image":{"@id":"https:\/\/tajkertesz.com\/termek\/callicarpa-bodinieri-profusion-kinai-lilabogyo\/#primaryimage"},"thumbnailUrl":"https:\/\/tajkertesz.com\/wp-content\/uploads\/2020\/02\/let\u00f6lt\u00e9s-2.jpg","datePublished":"2025-03-27T08:53:13+00:00","dateModified":"2025-03-27T14:43:40+00:00","description":"Callicarpa bodinieri 'Profusion' - K\u00ednai lilabogy\u00f3 T\u00e9l\u00e1ll\u00f3 lombhullat\u00f3 cserje, okt\u00f3berben lil\u00e1sra sz\u00ednez\u0151d\u0151 bogy\u00f3 term\u00e9se adja a n\u00f6v\u00e9ny k\u00fcl\u00f6nlegess\u00e9g\u00e9t.","breadcrumb":{"@id":"https:\/\/tajkertesz.com\/termek\/callicarpa-bodinieri-profusion-kinai-lilabogyo\/#breadcrumb"},"inLanguage":"en-US","potentialAction":[{"@type":"ReadAction","target":["https:\/\/tajkertesz.com\/termek\/callicarpa-bodinieri-profusion-kinai-lilabogyo\/"]}]},{"@type":"ImageObject","inLanguage":"en-US","@id":"https:\/\/tajkertesz.com\/termek\/callicarpa-bodinieri-profusion-kinai-lilabogyo\/#primaryimage","url":"https:\/\/tajkertesz.com\/wp-content\/uploads\/2020\/02\/let\u00f6lt\u00e9s-2.jpg","contentUrl":"https:\/\/tajkertesz.com\/wp-content\/uploads\/2020\/02\/let\u00f6lt\u00e9s-2.jpg","width":247,"height":204,"caption":"Callicarpa bodinieri 'Profusion' - K\u00ednai lilabogy\u00f3"},{"@type":"BreadcrumbList","@id":"https:\/\/tajkertesz.com\/termek\/callicarpa-bodinieri-profusion-kinai-lilabogyo\/#breadcrumb","itemListElement":[{"@type":"ListItem","position":1,"name":"Home","item":"https:\/\/tajkertesz.com\/"},{"@type":"ListItem","position":2,"name":"Kezd\u0151lap","item":"https:\/\/tajkertesz.com\/"},{"@type":"ListItem","position":3,"name":"Callicarpa bodinieri &#8216;Profusion&#8217; &#8211; K\u00ednai lilabogy\u00f3"}]},{"@type":"WebSite","@id":"https:\/\/tajkertesz.com\/#website","url":"https:\/\/tajkertesz.com\/","name":"T\u00e1j-Kert\u00e9sz 84 Kft.","description":"Kert\u00e9szeti kis- \u00e9s nagykeresked\u00e9s, D\u00edszn\u00f6v\u00e9ny web\u00e1ruh\u00e1z orsz\u00e1gos h\u00e1zhozsz\u00e1ll\u00edt\u00e1ssal!","publisher":{"@id":"https:\/\/tajkertesz.com\/#organization"},"potentialAction":[{"@type":"SearchAction","target":{"@type":"EntryPoint","urlTemplate":"https:\/\/tajkertesz.com\/?s={search_term_string}"},"query-input":{"@type":"PropertyValueSpecification","valueRequired":true,"valueName":"search_term_string"}}],"inLanguage":"en-US"},{"@type":"Organization","@id":"https:\/\/tajkertesz.com\/#organization","name":"T\u00e1j-Kert\u00e9sz 84 Kft.","url":"https:\/\/tajkertesz.com\/","logo":{"@type":"ImageObject","inLanguage":"en-US","@id":"https:\/\/tajkertesz.com\/#\/schema\/logo\/image\/","url":"https:\/\/tajkertesz.com\/wp-content\/uploads\/2018\/02\/logo-2-e1518678052539.png","contentUrl":"https:\/\/tajkertesz.com\/wp-content\/uploads\/2018\/02\/logo-2-e1518678052539.png","width":81,"height":140,"caption":"T\u00e1j-Kert\u00e9sz 84 Kft."},"image":{"@id":"https:\/\/tajkertesz.com\/#\/schema\/logo\/image\/"},"sameAs":["https:\/\/www.facebook.com\/Tajkertesz\/"]}]}},"_links":{"self":[{"href":"https:\/\/tajkertesz.com\/en_US\/wp-json\/wp\/v2\/product\/1095","targetHints":{"allow":["GET"]}}],"collection":[{"href":"https:\/\/tajkertesz.com\/en_US\/wp-json\/wp\/v2\/product"}],"about":[{"href":"https:\/\/tajkertesz.com\/en_US\/wp-json\/wp\/v2\/types\/product"}],"wp:featuredmedia":[{"embeddable":true,"href":"https:\/\/tajkertesz.com\/en_US\/wp-json\/wp\/v2\/media\/1102"}],"wp:attachment":[{"href":"https:\/\/tajkertesz.com\/en_US\/wp-json\/wp\/v2\/media?parent=1095"}],"wp:term":[{"taxonomy":"product_brand","embeddable":true,"href":"https:\/\/tajkertesz.com\/en_US\/wp-json\/wp\/v2\/product_brand?post=1095"},{"taxonomy":"product_cat","embeddable":true,"href":"https:\/\/tajkertesz.com\/en_US\/wp-json\/wp\/v2\/product_cat?post=1095"},{"taxonomy":"product_tag","embeddable":true,"href":"https:\/\/tajkertesz.com\/en_US\/wp-json\/wp\/v2\/product_tag?post=1095"}],"curies":[{"name":"wp","href":"https:\/\/api.w.org\/{rel}","templated":true}]}}