{"id":10951,"date":"2021-10-26T08:50:28","date_gmt":"2021-10-26T08:50:28","guid":{"rendered":"https:\/\/tajkertesz.com\/?post_type=product&#038;p=10951"},"modified":"2023-06-08T09:42:27","modified_gmt":"2023-06-08T09:42:27","slug":"suncrest-oszibarack-szabadgyokeres","status":"publish","type":"product","link":"https:\/\/tajkertesz.com\/en_US\/product\/suncrest-oszibarack-szabadgyokeres\/","title":{"rendered":"&#8216;Suncrest&#8217; \u0151szibarack szabadgy\u00f6keres"},"content":{"rendered":"<h3 class=\"LC20lb DKV0Md\">&#8216;Suncrest&#8217; \u0151szibarack szabadgy\u00f6keres<\/h3>\n<p>&nbsp;<\/p>\n<p class=\"LC20lb DKV0Md\">&#8216;Suncrest&#8217; \u0151szibarack szabadgy\u00f6keres<\/p>\n<p>\u00c9r\u00e9si id\u0151: augusztus m\u00e1sodik fele<\/p>\n<p><em>Suncrest \u0151szibarack<\/em>. H\u00fassz\u00edn: s\u00e1rga. Gy\u00fcm\u00f6lcsnagys\u00e1g: igen nagy &#8211; 130-140 g. \u00e1tlags\u00faly\u00fa. Magvav\u00e1l\u00f3, b\u0151 lev\u0171, nagyon finom \u00edz\u0171, a mag k\u00f6r\u00fcl pirosra sz\u00ednez\u0151dik, Az \u00e1ruv\u00e1 k\u00e9sz\u00edt\u00e9st j\u00f3l t\u0171ri. Magja k\u00f6zepes, g\u00f6mb\u00f6ly\u0171, a h\u00fast\u00f3l j\u00f3l elv\u00e1lik. F\u00e1ja k\u00f6z\u00e9per\u0151s n\u00f6veked\u00e9s\u0171, rendszeresen nagy term\u00e9st hoz. Rendszeresen b\u0151term\u0151. Kiv\u00e1l\u00f3 term\u0151k\u00e9pess\u00e9ge \u00e9s \u00e1ru\u00e9rt\u00e9k\u0171 gy\u00fcm\u00f6lcse miatt \u00e9r\u00e9si idej\u00e9ben a legjobb \u0151szibarack fajta.<\/p>\n<p>&nbsp;<\/p>\n<p>Jelen term\u00e9k\u00fcnk: 120\/170 cm magass\u00e1ggal kaphat\u00f3<\/p>\n<p>&nbsp;<\/p>\n<p><b><span style=\"font-family: 'Ubuntu',serif; color: black;\"><br \/>\nK\u00e9szlet\u00fcnk napi szinten v\u00e1ltozik, ez\u00e9rt k\u00e9rj\u00fck, \u00e9rdekl\u0151dj\u00f6n szem\u00e9lyesen, telefonon vagy email-en.<\/span><\/b><\/p>\n<p>&nbsp;<\/p>\n<p style=\"line-height: 18.0pt; background: white; margin: 0cm 0cm 15.0pt 0cm;\"><b><span style=\"font-family: 'Ubuntu',serif; color: black;\">A v\u00e1ltoztat\u00e1s jog\u00e1t fenntartjuk!\u00a0<\/span><\/b><\/p>\n<p><a href=\"https:\/\/tajkertesz.com\/\">https:\/\/tajkertesz.com\/<\/a><\/p>\n<p><a href=\"https:\/\/www.facebook.com\/tajkertesz\">https:\/\/www.facebook.com\/tajkertesz<\/a><\/p>\n<p><span style=\"color: #ffffff;\">manaps\u00e1g m\u00e1r elterjedt a m\u0171anyagb\u00f3l k\u00e9sz\u00fclt v\u00e1ltozat is. Kert\u00e9szetekben \u00e9s nagyobb \u00e1ruh\u00e1zakban kaphat\u00f3, ak\u00e1rcsak az \u00e1s\u00f3, a lap\u00e1t, a kapa vagy ritk\u00e1bban a kaszahanem a h\u00e1z k\u00f6r\u00fcl is fontos eszk\u00f6z, a lehullott faleveleket (avart) vagy egy\u00e9b lombokat is \u00f6ssze lehet vele szedni (a speci\u00e1lisan lombgy\u0171jt\u00e9sre szakosodott verzi\u00f3ja a lombsepr\u0171). Nyele \u00e1ltal\u00e1ban f\u00e1b\u00f3l, feje pedig vasb\u00f3l k\u00e9sz\u00fcl, de manaps\u00e1g m\u00e1r elterjedt a m\u0171anyagb\u00f3l k\u00e9sz\u00fclt v\u00e1ltozat is. Kert\u00e9szetekben \u00e9s nagyobb \u00e1ruh\u00e1zakban kamanaps\u00e1g m\u00e1r elterjedt a m\u0171anyagb\u00f3l k\u00e9sz\u00fclt v\u00e1ltozat is. Kert\u00e9szetekben \u00e9s nagyobb \u00e1ruh\u00e1zakban kaphat\u00f3, ak\u00e1rcsak az \u00e1s\u00f3, a lap\u00e1t, a kapa vagy ritk\u00e1bban a kaszahanem a h\u00e1z k\u00f6r\u00fcl is fontos eszk\u00f6z, a lehullott faleveleket (avart) vagy egy\u00e9b lombokat is \u00f6ssze lehet vele szedni (a speci\u00e1lisan lombgy\u0171jt\u00e9sre szakosodott verzi\u00f3ja a lombsepr\u0171). Nyele \u00e1ltal\u00e1ban f\u00e1b\u00f3l, feje pedig vasb\u00f3l k\u00e9sz\u00fcl, de manaps\u00e1g m\u00e1r elterjedt a m\u0171anyagb\u00f3l k\u00e9sz\u00fclt v\u00e1ltozat is. Kert\u00e9szetekben \u00e9s nagyobb \u00e1ruh\u00e1zakban kaphat\u00f3, ak\u00e1rcsak az \u00e1s\u00f3, a lap\u00e1t, a kapa vagy ritk\u00e1bban a kasza..\u00c1tm\u00e9r\u0151: 6 mmphat\u00f3, ak\u00e1rcsak az \u00e1s\u00f3, a lap\u00e1t, a kapa vagy ritk\u00e1bban a kasza..\u00c1tm\u00e9r\u0151: 6 mm<\/span><\/p>\n<p>&nbsp;<\/p>\n<p>Sz\u00e1ll\u00edt\u00e1s 200 cm \u00e9s 40 kg-ig lehets\u00e9ges fut\u00e1rszolg\u00e1lattal , egy\u00e9b m\u00e9ret eset\u00e9n egyedi sz\u00e1ll\u00edt\u00e1si felt\u00e9tel egyeztet\u00e9se sz\u00fcks\u00e9ges.<\/p>","protected":false},"excerpt":{"rendered":"<h3 class=\"LC20lb DKV0Md\">&#8216;Suncrest&#8217; \u0151szibarack szabadgy\u00f6keres<\/h3>","protected":false},"featured_media":10952,"template":"","meta":{"_et_pb_use_builder":"","_et_pb_old_content":"","_et_gb_content_width":""},"product_brand":[],"product_cat":[29],"product_tag":[3098],"class_list":{"0":"post-10951","1":"product","2":"type-product","3":"status-publish","4":"has-post-thumbnail","6":"product_cat-gyumolcsfak-gyumolcstermo-novenyek","7":"product_tag-suncrest-oszibarack-szabadgyokeres","9":"first","10":"outofstock","11":"shipping-taxable","12":"product-type-simple"},"yoast_head":"<!-- This site is optimized with the Yoast SEO plugin v27.5 - https:\/\/yoast.com\/product\/yoast-seo-wordpress\/ -->\n<title>&#039;Suncrest&#039; \u0151szibarack szabadgy\u00f6keres - T\u00e1jkert\u00e9sz<\/title>\n<meta name=\"description\" content=\"&#039;Suncrest&#039; \u0151szibarack szabadgy\u00f6keres\" \/>\n<meta name=\"robots\" content=\"index, follow, max-snippet:-1, max-image-preview:large, max-video-preview:-1\" \/>\n<link rel=\"canonical\" href=\"https:\/\/tajkertesz.com\/en_US\/product\/suncrest-oszibarack-szabadgyokeres\/\" \/>\n<meta property=\"og:locale\" content=\"en_US\" \/>\n<meta property=\"og:type\" content=\"article\" \/>\n<meta property=\"og:title\" content=\"&#039;Suncrest&#039; \u0151szibarack szabadgy\u00f6keres - T\u00e1jkert\u00e9sz\" \/>\n<meta property=\"og:description\" content=\"&#039;Suncrest&#039; \u0151szibarack szabadgy\u00f6keres\" \/>\n<meta property=\"og:url\" content=\"https:\/\/tajkertesz.com\/en_US\/product\/suncrest-oszibarack-szabadgyokeres\/\" \/>\n<meta property=\"og:site_name\" content=\"T\u00e1jkert\u00e9sz\" \/>\n<meta property=\"article:publisher\" content=\"https:\/\/www.facebook.com\/Tajkertesz\/\" \/>\n<meta property=\"article:modified_time\" content=\"2023-06-08T09:42:27+00:00\" \/>\n<meta property=\"og:image\" content=\"https:\/\/tajkertesz.com\/wp-content\/uploads\/2021\/10\/Suncrest_oszibarack.jpg\" \/>\n\t<meta property=\"og:image:width\" content=\"1000\" \/>\n\t<meta property=\"og:image:height\" content=\"883\" \/>\n\t<meta property=\"og:image:type\" content=\"image\/jpeg\" \/>\n<meta name=\"twitter:card\" content=\"summary_large_image\" \/>\n<meta name=\"twitter:label1\" content=\"Est. reading time\" \/>\n\t<meta name=\"twitter:data1\" content=\"2 minutes\" \/>\n<script type=\"application\/ld+json\" class=\"yoast-schema-graph\">{\"@context\":\"https:\\\/\\\/schema.org\",\"@graph\":[{\"@type\":\"WebPage\",\"@id\":\"https:\\\/\\\/tajkertesz.com\\\/termek\\\/suncrest-oszibarack-szabadgyokeres\\\/\",\"url\":\"https:\\\/\\\/tajkertesz.com\\\/termek\\\/suncrest-oszibarack-szabadgyokeres\\\/\",\"name\":\"'Suncrest' \u0151szibarack szabadgy\u00f6keres - T\u00e1jkert\u00e9sz\",\"isPartOf\":{\"@id\":\"https:\\\/\\\/tajkertesz.com\\\/#website\"},\"primaryImageOfPage\":{\"@id\":\"https:\\\/\\\/tajkertesz.com\\\/termek\\\/suncrest-oszibarack-szabadgyokeres\\\/#primaryimage\"},\"image\":{\"@id\":\"https:\\\/\\\/tajkertesz.com\\\/termek\\\/suncrest-oszibarack-szabadgyokeres\\\/#primaryimage\"},\"thumbnailUrl\":\"https:\\\/\\\/tajkertesz.com\\\/wp-content\\\/uploads\\\/2021\\\/10\\\/Suncrest_oszibarack.jpg\",\"datePublished\":\"2021-10-26T08:50:28+00:00\",\"dateModified\":\"2023-06-08T09:42:27+00:00\",\"description\":\"'Suncrest' \u0151szibarack szabadgy\u00f6keres\",\"breadcrumb\":{\"@id\":\"https:\\\/\\\/tajkertesz.com\\\/termek\\\/suncrest-oszibarack-szabadgyokeres\\\/#breadcrumb\"},\"inLanguage\":\"en-US\",\"potentialAction\":[{\"@type\":\"ReadAction\",\"target\":[\"https:\\\/\\\/tajkertesz.com\\\/termek\\\/suncrest-oszibarack-szabadgyokeres\\\/\"]}]},{\"@type\":\"ImageObject\",\"inLanguage\":\"en-US\",\"@id\":\"https:\\\/\\\/tajkertesz.com\\\/termek\\\/suncrest-oszibarack-szabadgyokeres\\\/#primaryimage\",\"url\":\"https:\\\/\\\/tajkertesz.com\\\/wp-content\\\/uploads\\\/2021\\\/10\\\/Suncrest_oszibarack.jpg\",\"contentUrl\":\"https:\\\/\\\/tajkertesz.com\\\/wp-content\\\/uploads\\\/2021\\\/10\\\/Suncrest_oszibarack.jpg\",\"width\":1000,\"height\":883,\"caption\":\"\u0150szibarack 'Suncrest'\"},{\"@type\":\"BreadcrumbList\",\"@id\":\"https:\\\/\\\/tajkertesz.com\\\/termek\\\/suncrest-oszibarack-szabadgyokeres\\\/#breadcrumb\",\"itemListElement\":[{\"@type\":\"ListItem\",\"position\":1,\"name\":\"Home\",\"item\":\"https:\\\/\\\/tajkertesz.com\\\/\"},{\"@type\":\"ListItem\",\"position\":2,\"name\":\"Kezd\u0151lap\",\"item\":\"https:\\\/\\\/tajkertesz.com\\\/\"},{\"@type\":\"ListItem\",\"position\":3,\"name\":\"&#8216;Suncrest&#8217; \u0151szibarack szabadgy\u00f6keres\"}]},{\"@type\":\"WebSite\",\"@id\":\"https:\\\/\\\/tajkertesz.com\\\/#website\",\"url\":\"https:\\\/\\\/tajkertesz.com\\\/\",\"name\":\"T\u00e1j-Kert\u00e9sz 84 Kft.\",\"description\":\"Kert\u00e9szeti kis- \u00e9s nagykeresked\u00e9s, D\u00edszn\u00f6v\u00e9ny web\u00e1ruh\u00e1z orsz\u00e1gos h\u00e1zhozsz\u00e1ll\u00edt\u00e1ssal!\",\"publisher\":{\"@id\":\"https:\\\/\\\/tajkertesz.com\\\/#organization\"},\"potentialAction\":[{\"@type\":\"SearchAction\",\"target\":{\"@type\":\"EntryPoint\",\"urlTemplate\":\"https:\\\/\\\/tajkertesz.com\\\/?s={search_term_string}\"},\"query-input\":{\"@type\":\"PropertyValueSpecification\",\"valueRequired\":true,\"valueName\":\"search_term_string\"}}],\"inLanguage\":\"en-US\"},{\"@type\":\"Organization\",\"@id\":\"https:\\\/\\\/tajkertesz.com\\\/#organization\",\"name\":\"T\u00e1j-Kert\u00e9sz 84 Kft.\",\"url\":\"https:\\\/\\\/tajkertesz.com\\\/\",\"logo\":{\"@type\":\"ImageObject\",\"inLanguage\":\"en-US\",\"@id\":\"https:\\\/\\\/tajkertesz.com\\\/#\\\/schema\\\/logo\\\/image\\\/\",\"url\":\"https:\\\/\\\/tajkertesz.com\\\/wp-content\\\/uploads\\\/2018\\\/02\\\/logo-2-e1518678052539.png\",\"contentUrl\":\"https:\\\/\\\/tajkertesz.com\\\/wp-content\\\/uploads\\\/2018\\\/02\\\/logo-2-e1518678052539.png\",\"width\":81,\"height\":140,\"caption\":\"T\u00e1j-Kert\u00e9sz 84 Kft.\"},\"image\":{\"@id\":\"https:\\\/\\\/tajkertesz.com\\\/#\\\/schema\\\/logo\\\/image\\\/\"},\"sameAs\":[\"https:\\\/\\\/www.facebook.com\\\/Tajkertesz\\\/\"]}]}<\/script>\n<!-- \/ Yoast SEO plugin. -->","yoast_head_json":{"title":"'Suncrest' \u0151szibarack szabadgy\u00f6keres - T\u00e1jkert\u00e9sz","description":"'Suncrest' \u0151szibarack szabadgy\u00f6keres","robots":{"index":"index","follow":"follow","max-snippet":"max-snippet:-1","max-image-preview":"max-image-preview:large","max-video-preview":"max-video-preview:-1"},"canonical":"https:\/\/tajkertesz.com\/en_US\/product\/suncrest-oszibarack-szabadgyokeres\/","og_locale":"en_US","og_type":"article","og_title":"'Suncrest' \u0151szibarack szabadgy\u00f6keres - T\u00e1jkert\u00e9sz","og_description":"'Suncrest' \u0151szibarack szabadgy\u00f6keres","og_url":"https:\/\/tajkertesz.com\/en_US\/product\/suncrest-oszibarack-szabadgyokeres\/","og_site_name":"T\u00e1jkert\u00e9sz","article_publisher":"https:\/\/www.facebook.com\/Tajkertesz\/","article_modified_time":"2023-06-08T09:42:27+00:00","og_image":[{"width":1000,"height":883,"url":"https:\/\/tajkertesz.com\/wp-content\/uploads\/2021\/10\/Suncrest_oszibarack.jpg","type":"image\/jpeg"}],"twitter_card":"summary_large_image","twitter_misc":{"Est. reading time":"2 minutes"},"schema":{"@context":"https:\/\/schema.org","@graph":[{"@type":"WebPage","@id":"https:\/\/tajkertesz.com\/termek\/suncrest-oszibarack-szabadgyokeres\/","url":"https:\/\/tajkertesz.com\/termek\/suncrest-oszibarack-szabadgyokeres\/","name":"'Suncrest' \u0151szibarack szabadgy\u00f6keres - T\u00e1jkert\u00e9sz","isPartOf":{"@id":"https:\/\/tajkertesz.com\/#website"},"primaryImageOfPage":{"@id":"https:\/\/tajkertesz.com\/termek\/suncrest-oszibarack-szabadgyokeres\/#primaryimage"},"image":{"@id":"https:\/\/tajkertesz.com\/termek\/suncrest-oszibarack-szabadgyokeres\/#primaryimage"},"thumbnailUrl":"https:\/\/tajkertesz.com\/wp-content\/uploads\/2021\/10\/Suncrest_oszibarack.jpg","datePublished":"2021-10-26T08:50:28+00:00","dateModified":"2023-06-08T09:42:27+00:00","description":"'Suncrest' \u0151szibarack szabadgy\u00f6keres","breadcrumb":{"@id":"https:\/\/tajkertesz.com\/termek\/suncrest-oszibarack-szabadgyokeres\/#breadcrumb"},"inLanguage":"en-US","potentialAction":[{"@type":"ReadAction","target":["https:\/\/tajkertesz.com\/termek\/suncrest-oszibarack-szabadgyokeres\/"]}]},{"@type":"ImageObject","inLanguage":"en-US","@id":"https:\/\/tajkertesz.com\/termek\/suncrest-oszibarack-szabadgyokeres\/#primaryimage","url":"https:\/\/tajkertesz.com\/wp-content\/uploads\/2021\/10\/Suncrest_oszibarack.jpg","contentUrl":"https:\/\/tajkertesz.com\/wp-content\/uploads\/2021\/10\/Suncrest_oszibarack.jpg","width":1000,"height":883,"caption":"\u0150szibarack 'Suncrest'"},{"@type":"BreadcrumbList","@id":"https:\/\/tajkertesz.com\/termek\/suncrest-oszibarack-szabadgyokeres\/#breadcrumb","itemListElement":[{"@type":"ListItem","position":1,"name":"Home","item":"https:\/\/tajkertesz.com\/"},{"@type":"ListItem","position":2,"name":"Kezd\u0151lap","item":"https:\/\/tajkertesz.com\/"},{"@type":"ListItem","position":3,"name":"&#8216;Suncrest&#8217; \u0151szibarack szabadgy\u00f6keres"}]},{"@type":"WebSite","@id":"https:\/\/tajkertesz.com\/#website","url":"https:\/\/tajkertesz.com\/","name":"T\u00e1j-Kert\u00e9sz 84 Kft.","description":"Kert\u00e9szeti kis- \u00e9s nagykeresked\u00e9s, D\u00edszn\u00f6v\u00e9ny web\u00e1ruh\u00e1z orsz\u00e1gos h\u00e1zhozsz\u00e1ll\u00edt\u00e1ssal!","publisher":{"@id":"https:\/\/tajkertesz.com\/#organization"},"potentialAction":[{"@type":"SearchAction","target":{"@type":"EntryPoint","urlTemplate":"https:\/\/tajkertesz.com\/?s={search_term_string}"},"query-input":{"@type":"PropertyValueSpecification","valueRequired":true,"valueName":"search_term_string"}}],"inLanguage":"en-US"},{"@type":"Organization","@id":"https:\/\/tajkertesz.com\/#organization","name":"T\u00e1j-Kert\u00e9sz 84 Kft.","url":"https:\/\/tajkertesz.com\/","logo":{"@type":"ImageObject","inLanguage":"en-US","@id":"https:\/\/tajkertesz.com\/#\/schema\/logo\/image\/","url":"https:\/\/tajkertesz.com\/wp-content\/uploads\/2018\/02\/logo-2-e1518678052539.png","contentUrl":"https:\/\/tajkertesz.com\/wp-content\/uploads\/2018\/02\/logo-2-e1518678052539.png","width":81,"height":140,"caption":"T\u00e1j-Kert\u00e9sz 84 Kft."},"image":{"@id":"https:\/\/tajkertesz.com\/#\/schema\/logo\/image\/"},"sameAs":["https:\/\/www.facebook.com\/Tajkertesz\/"]}]}},"_links":{"self":[{"href":"https:\/\/tajkertesz.com\/en_US\/wp-json\/wp\/v2\/product\/10951","targetHints":{"allow":["GET"]}}],"collection":[{"href":"https:\/\/tajkertesz.com\/en_US\/wp-json\/wp\/v2\/product"}],"about":[{"href":"https:\/\/tajkertesz.com\/en_US\/wp-json\/wp\/v2\/types\/product"}],"wp:featuredmedia":[{"embeddable":true,"href":"https:\/\/tajkertesz.com\/en_US\/wp-json\/wp\/v2\/media\/10952"}],"wp:attachment":[{"href":"https:\/\/tajkertesz.com\/en_US\/wp-json\/wp\/v2\/media?parent=10951"}],"wp:term":[{"taxonomy":"product_brand","embeddable":true,"href":"https:\/\/tajkertesz.com\/en_US\/wp-json\/wp\/v2\/product_brand?post=10951"},{"taxonomy":"product_cat","embeddable":true,"href":"https:\/\/tajkertesz.com\/en_US\/wp-json\/wp\/v2\/product_cat?post=10951"},{"taxonomy":"product_tag","embeddable":true,"href":"https:\/\/tajkertesz.com\/en_US\/wp-json\/wp\/v2\/product_tag?post=10951"}],"curies":[{"name":"wp","href":"https:\/\/api.w.org\/{rel}","templated":true}]}}