{"id":10977,"date":"2024-11-26T12:39:43","date_gmt":"2024-11-26T12:39:43","guid":{"rendered":"https:\/\/tajkertesz.com\/?post_type=product&#038;p=10977"},"modified":"2026-02-22T11:39:41","modified_gmt":"2026-02-22T11:39:41","slug":"alma-mutsu","status":"publish","type":"product","link":"https:\/\/tajkertesz.com\/en_US\/product\/alma-mutsu\/","title":{"rendered":"Alma &#8216;Mutsu&#8217;"},"content":{"rendered":"<h1 class=\"LC20lb DKV0Md\">Alma &#8216;Mutsu&#8217;<\/h1>\n<p data-start=\"935\" data-end=\"1177\">A <strong data-start=\"937\" data-end=\"948\">&#8216;Mutsu&#8217;<\/strong> alma Jap\u00e1nb\u00f3l sz\u00e1rmazik, a <strong data-start=\"981\" data-end=\"1012\">Golden Delicious \u00e9s az Indo<\/strong> keresztez\u00e9s\u00e9vel j\u00f6tt l\u00e9tre. Eur\u00f3p\u00e1ban \u00e9s Magyarorsz\u00e1gon is egyre n\u00e9pszer\u0171bb, k\u00fcl\u00f6n\u00f6sen <strong data-start=\"1100\" data-end=\"1137\">nagy gy\u00fcm\u00f6lcsm\u00e9rete, ropog\u00f3s h\u00fasa<\/strong> \u00e9s <strong data-start=\"1141\" data-end=\"1170\">kiegyens\u00falyozott \u00edzvil\u00e1ga<\/strong> miatt.<\/p>\n<h4 data-start=\"1179\" data-end=\"1202\">\ud83c\udf31 F\u0151bb jellemz\u0151k:<\/h4>\n<ul data-start=\"1203\" data-end=\"1900\">\n<li data-start=\"1203\" data-end=\"1249\">\n<p data-start=\"1205\" data-end=\"1249\"><strong data-start=\"1205\" data-end=\"1220\">Fajta neve:<\/strong> Mutsu (m\u00e1s n\u00e9ven: Crispin)<\/p>\n<\/li>\n<li data-start=\"1250\" data-end=\"1287\">\n<p data-start=\"1252\" data-end=\"1287\"><strong data-start=\"1252\" data-end=\"1262\">T\u00edpus:<\/strong> alma (Malus domestica)<\/p>\n<\/li>\n<li data-start=\"1288\" data-end=\"1312\">\n<p data-start=\"1290\" data-end=\"1312\"><strong data-start=\"1290\" data-end=\"1304\">Sz\u00e1rmaz\u00e1s:<\/strong> Jap\u00e1n<\/p>\n<\/li>\n<li data-start=\"1313\" data-end=\"1353\">\n<p data-start=\"1315\" data-end=\"1353\"><strong data-start=\"1315\" data-end=\"1329\">\u00c9r\u00e9si id\u0151:<\/strong> okt\u00f3ber k\u00f6zepe \u2013 v\u00e9ge<\/p>\n<\/li>\n<li data-start=\"1354\" data-end=\"1433\">\n<p data-start=\"1356\" data-end=\"1433\"><strong data-start=\"1356\" data-end=\"1369\">Gy\u00fcm\u00f6lcs:<\/strong> nagyon nagy (ak\u00e1r 200\u2013300 g), s\u00e1rg\u00e1sz\u00f6ld h\u00e9j\u00fa, enyh\u00e9n molyhos<\/p>\n<\/li>\n<li data-start=\"1434\" data-end=\"1506\">\n<p data-start=\"1436\" data-end=\"1506\"><strong data-start=\"1436\" data-end=\"1444\">H\u00fas:<\/strong> kr\u00e9mfeh\u00e9r, roppan\u00f3s, l\u00e9d\u00fas, \u00e9des-savanyk\u00e1s, enyh\u00e9n f\u0171szeres<\/p>\n<\/li>\n<li data-start=\"1507\" data-end=\"1593\">\n<p data-start=\"1509\" data-end=\"1593\"><strong data-start=\"1509\" data-end=\"1526\">Felhaszn\u00e1l\u00e1s:<\/strong> friss fogyaszt\u00e1s, s\u00fctem\u00e9nyek, komp\u00f3t, almal\u00e9, s\u00fct\u00e9shez is kiv\u00e1l\u00f3<\/p>\n<\/li>\n<li data-start=\"1594\" data-end=\"1666\">\n<p data-start=\"1596\" data-end=\"1666\"><strong data-start=\"1596\" data-end=\"1613\">T\u00e1rolhat\u00f3s\u00e1g:<\/strong> kiv\u00e1l\u00f3 \u2013 h\u0171v\u00f6s helyen ak\u00e1r tavaszig is friss marad<\/p>\n<\/li>\n<li data-start=\"1667\" data-end=\"1741\">\n<p data-start=\"1669\" data-end=\"1741\"><strong data-start=\"1669\" data-end=\"1681\">Porz\u00e1sa:<\/strong> \u00f6nmedd\u0151 \u2013 aj\u00e1nlott porz\u00f3k: Golden Delicious, Gala, Idared<\/p>\n<\/li>\n<li data-start=\"1742\" data-end=\"1799\">\n<p data-start=\"1744\" data-end=\"1799\"><strong data-start=\"1744\" data-end=\"1758\">N\u00f6veked\u00e9s:<\/strong> k\u00f6z\u00e9per\u0151s, rendszeres metsz\u00e9st ig\u00e9nyel<\/p>\n<\/li>\n<li data-start=\"1800\" data-end=\"1900\">\n<p data-start=\"1802\" data-end=\"1900\"><strong data-start=\"1802\" data-end=\"1819\">Ellen\u00e1ll\u00f3s\u00e1g:<\/strong> k\u00f6zepes \u2013 varasod\u00e1sra \u00e9rz\u00e9keny lehet, gomb\u00e1s betegs\u00e9gekkel szemben figyelni kell<\/p>\n<\/li>\n<\/ul>\n<h4 data-start=\"1902\" data-end=\"1929\">\ud83c\udf3f Gondoz\u00e1si tan\u00e1csok:<\/h4>\n<p data-start=\"1930\" data-end=\"2121\">A &#8216;Mutsu&#8217; napos, meleg fekv\u00e9st \u00e9s t\u00e1panyagban gazdag talajt ig\u00e9nyel. Fontos a rendszeres metsz\u00e9s, hogy elker\u00fclj\u00fck az alternanci\u00e1t (term\u00e9shull\u00e1mz\u00e1st). Hossz\u00fa t\u00e1von b\u0151term\u0151 \u00e9s megb\u00edzhat\u00f3 fajta.<\/p>\n<h4><strong>\ud83d\udd04 K\u00e9szletinform\u00e1ci\u00f3<\/strong><\/h4>\n<p><strong>K\u00e9szlet\u00fcnk napi szinten v\u00e1ltozik, \u00edgy a webshopban szerepl<\/strong><strong>\u0151<\/strong><strong>\u00a0term\u00e9kek el\u00e9rhet<\/strong><strong>\u0151<\/strong><strong>s\u00e9ge nem garant\u00e1lt.<br \/>\n\ud83d\udcde A megrendel\u00e9s el<\/strong><strong>\u0151<\/strong><strong>tt k\u00e9rj\u00fck, \u00e9rdekl<\/strong><strong>\u0151<\/strong><strong>dj\u00f6n szem\u00e9lyesen, telefonon vagy e-mailben!<\/strong><\/p>\n<h4><strong>\u27a1\ufe0f Kapcsolat:<\/strong><\/h4>\n<ul>\n<li><strong>Weboldal:\u00a0<\/strong><a href=\"https:\/\/tajkertesz.com\/\"><strong>tajkertesz.com<\/strong><\/a><\/li>\n<li><strong>Facebook:\u00a0<\/strong><a href=\"https:\/\/www.facebook.com\/tajkertesz\/\"><strong>facebook.com\/tajkertesz<\/strong><\/a><\/li>\n<li><strong>Telefonsz\u00e1m, e-mail: +36\/20-319-3770\u00a0<\/strong><a href=\"mailto:tajkerteszaruda@gmail.com\"><strong>tajkerteszaruda@gmail.com<\/strong><\/a><\/li>\n<\/ul>\n<h4><strong>\ud83d\ude9a Sz\u00e1ll\u00edt\u00e1si inform\u00e1ci\u00f3k<\/strong><\/h4>\n<p><strong>A megrendelt n\u00f6v\u00e9nyek kisz\u00e1ll\u00edt\u00e1sa az al\u00e1bbi felt\u00e9telek mellett t\u00f6rt\u00e9nik:<\/strong><\/p>\n<h4><strong>\ud83d\udce6 Fut\u00e1rszolg\u00e1latos sz\u00e1ll\u00edt\u00e1s<\/strong><\/h4>\n<ul>\n<li><strong>Maxim\u00e1lis m\u00e9ret: 200 cm (hossz\u00fas\u00e1g)<\/strong><\/li>\n<li><strong>Maxim\u00e1lis s\u00faly: 40 kg<\/strong><\/li>\n<li><strong>Az enn\u00e9l kisebb \u00e9s k\u00f6nnyebb csomagokat fut\u00e1rszolg\u00e1lattal k\u00e9zbes\u00edtj\u00fck a lehet<\/strong><strong>\u0151<\/strong><strong>\u00a0legbiztons\u00e1gosabb csomagol\u00e1sban.<\/strong><\/li>\n<\/ul>\n<h4><strong>\ud83d\udefb Szem\u00e9lyes \u00e1tv\u00e9tel<\/strong><\/h4>\n<ul>\n<li><strong>1173 Budapest, Bakancsos utca 7. sz\u00e1m alatt nyitvatart\u00e1si id<\/strong><strong>\u0151<\/strong><strong>ben szem\u00e9lyesen \u00e1tvehet<\/strong><strong>\u0151<\/strong><strong>\u00a0kert\u00e9szeti \u00e1rud\u00e1nkban.<\/strong><\/li>\n<li><strong>K\u00f6lts\u00e9ghat\u00e9kony megold\u00e1s nagyobb, t\u00f6r\u00e9kenyebb vagy t\u00falm\u00e9retes n\u00f6v\u00e9nyek eset\u00e9n.<\/strong><\/li>\n<\/ul>\n<h4><strong>\ud83d\udcde Nagy m\u00e9ret<\/strong><strong>\u0171<\/strong><strong>\u00a0vagy s\u00faly\u00fa n\u00f6v\u00e9nyek eset\u00e9n<\/strong><\/h4>\n<p><strong>Ha a term\u00e9k:<\/strong><\/p>\n<ul>\n<li><strong>meghaladja a 200 cm hossz\u00fas\u00e1got vagy<\/strong><\/li>\n<li><strong>meghaladja a 40 kg s\u00falyt,<\/strong><\/li>\n<\/ul>\n<p><strong>akkor szem\u00e9lyes \u00e1tv\u00e9tellel vagy egyedi, el<\/strong><strong>\u0151<\/strong><strong>re egyeztetett sz\u00e1ll\u00edt\u00e1si felt\u00e9telek mellett t\u00f6rt\u00e9nik.<br \/>\nK\u00e9rj\u00fck, ilyen esetben rendel\u00e9s el<\/strong><strong>\u0151<\/strong><strong>tt vegye fel vel\u00fcnk a kapcsolatot, hogy a lehet<\/strong><strong>\u0151<\/strong><strong>\u00a0legmegfelel<\/strong><strong>\u0151<\/strong><strong>bb sz\u00e1ll\u00edt\u00e1si megold\u00e1st k\u00edn\u00e1lhassuk.<\/strong><\/p>\n<p><strong>\ud83d\udd14 Fontos: A n\u00f6v\u00e9nyeket minden esetben igyeksz\u00fcnk gondosan, egyes\u00e9vel csomagolni, azonban a sz\u00e1ll\u00edt\u00e1s sor\u00e1n kisebb eszt\u00e9tikai s\u00e9r\u00fcl\u00e9sek el<\/strong><strong>\u0151<\/strong><strong>fordulhatnak (pl. lev\u00e9lhull\u00e1s). Ez nem min<\/strong><strong>\u0151<\/strong><strong>s\u00fcl hib\u00e1s teljes\u00edt\u00e9snek.<\/strong><\/p>\n<h4><strong>\ud83d\udcf7 Fontos tudni a k\u00e9pekr<\/strong><strong>\u0151<\/strong><strong>l<\/strong><\/h4>\n<p><strong>A webshopban szerepl<\/strong><strong>\u0151<\/strong><strong>\u00a0k\u00e9pek illusztr\u00e1ci\u00f3k, a n\u00f6v\u00e9nyek term\u00e9szet\u00fckn\u00e9l fogva egyediek, \u00edgy m\u00e9retben, alakban \u00e9s sz\u00ednben minim\u00e1lis elt\u00e9r\u00e9sek el<\/strong><strong>\u0151<\/strong><strong>fordulhatnak a k\u00e9pen l\u00e1that\u00f3 \u00e9s a val\u00f3s p\u00e9ld\u00e1nyok k\u00f6z\u00f6tt.<\/strong><\/p>\n<h4><strong>\ud83e\uddfe \u00c1rak \u00e9s el\u00e1ll\u00e1si jog<\/strong><\/h4>\n<ul>\n<li><strong>Az \u00e1rak egy darab\u00a0n\u00f6v\u00e9nyre vonatkoznak.<\/strong><\/li>\n<li><strong>\u00c9l<\/strong><strong>\u0151<\/strong><strong>\u00a0n\u00f6v\u00e9nyek rendel\u00e9se eset\u00e9n a 14 napos el\u00e1ll\u00e1s joga nem \u00e9rv\u00e9nyes\u00edthet<\/strong><strong>\u0151<\/strong><strong>, mivel azok romland\u00f3, biol\u00f3giailag \u00e9l<\/strong><strong>\u0151<\/strong><strong>\u00a0term\u00e9keknek min<\/strong><strong>\u0151<\/strong><strong>s\u00fclnek.<br \/>\n\ud83d\udd12 (17\/1999. (II. 5.) Korm. rendelet 5. \u00a7 c) pontja alapj\u00e1n)<\/strong><\/li>\n<\/ul>\n<h4><strong>\ud83d\udce6 K\u00e9zbes\u00edt\u00e9s ut\u00e1ni teend<\/strong><strong>\u0151<\/strong><strong>k<\/strong><\/h4>\n<p><strong>A k\u00e9zbes\u00edt\u00e9st k\u00f6vet<\/strong><strong>\u0151<\/strong><strong>en a csomagot azonnal bontsuk ki, \u00e9s a n\u00f6v\u00e9nyt helyezz\u00fck el megfelel<\/strong><strong>\u0151<\/strong><strong>\u00a0k\u00f6rnyezetben.<br \/>\nFontos: ha a n\u00f6v\u00e9ny nem r\u00e9szes\u00fcl megfelel<\/strong><strong>\u0151<\/strong><strong>\u00a0gondoz\u00e1sban \u00e9s ennek k\u00f6vetkezt\u00e9ben k\u00e1rosodik vagy elpusztul, felel<\/strong><strong>\u0151<\/strong><strong>ss\u00e9get nem tudunk v\u00e1llalni.<\/strong><\/p>\n<p><strong>\u00a0<\/strong><\/p>","protected":false},"excerpt":{"rendered":"<h3 class=\"LC20lb DKV0Md\">&#8216;Mutsu&#8217; alma<\/h3>","protected":false},"featured_media":10978,"template":"","meta":{"_et_pb_use_builder":"","_et_pb_old_content":"","_et_gb_content_width":""},"product_brand":[],"product_cat":[5290],"product_tag":[4359,6891,6855,6877,5296,6893,6892,6894,6876],"class_list":{"0":"post-10977","1":"product","2":"type-product","3":"status-publish","4":"has-post-thumbnail","6":"product_cat-alma","7":"product_tag-alma","8":"product_tag-crispin","9":"product_tag-friss-fogyasztasra","10":"product_tag-konteneres-almafa","11":"product_tag-mutsu","12":"product_tag-nagymeretu-alma","13":"product_tag-sargaszold-alma","14":"product_tag-suteshez","15":"product_tag-tarolhato-alma","17":"first","18":"instock","19":"shipping-taxable","20":"purchasable","21":"product-type-simple"},"yoast_head":"<!-- This site is optimized with the Yoast SEO plugin v27.3 - https:\/\/yoast.com\/product\/yoast-seo-wordpress\/ -->\n<title>Alma &#039;Mutsu&#039; - T\u00e1jkert\u00e9sz<\/title>\n<meta name=\"description\" content=\"Az alma &#039;Mutsu&#039; nagy gy\u00fcm\u00f6lcs\u0171, s\u00e1rg\u00e1sz\u00f6ld h\u00e9j\u00fa alma roppan\u00f3s h\u00fassal \u00e9s kellemes \u00e9des-savanyk\u00e1s \u00edzzel. Kiv\u00e1l\u00f3an t\u00e1rolhat\u00f3.\" \/>\n<meta name=\"robots\" content=\"index, follow, max-snippet:-1, max-image-preview:large, max-video-preview:-1\" \/>\n<link rel=\"canonical\" href=\"https:\/\/tajkertesz.com\/en_US\/product\/alma-mutsu\/\" \/>\n<meta property=\"og:locale\" content=\"en_US\" \/>\n<meta property=\"og:type\" content=\"article\" \/>\n<meta property=\"og:title\" content=\"Alma &#039;Mutsu&#039; - T\u00e1jkert\u00e9sz\" \/>\n<meta property=\"og:description\" content=\"Az alma &#039;Mutsu&#039; nagy gy\u00fcm\u00f6lcs\u0171, s\u00e1rg\u00e1sz\u00f6ld h\u00e9j\u00fa alma roppan\u00f3s h\u00fassal \u00e9s kellemes \u00e9des-savanyk\u00e1s \u00edzzel. Kiv\u00e1l\u00f3an t\u00e1rolhat\u00f3.\" \/>\n<meta property=\"og:url\" content=\"https:\/\/tajkertesz.com\/en_US\/product\/alma-mutsu\/\" \/>\n<meta property=\"og:site_name\" content=\"T\u00e1jkert\u00e9sz\" \/>\n<meta property=\"article:publisher\" content=\"https:\/\/www.facebook.com\/Tajkertesz\/\" \/>\n<meta property=\"article:modified_time\" content=\"2026-02-22T11:39:41+00:00\" \/>\n<meta property=\"og:image\" content=\"https:\/\/tajkertesz.com\/wp-content\/uploads\/2021\/10\/mutsu.jpg\" \/>\n\t<meta property=\"og:image:width\" content=\"450\" \/>\n\t<meta property=\"og:image:height\" content=\"600\" \/>\n\t<meta property=\"og:image:type\" content=\"image\/jpeg\" \/>\n<meta name=\"twitter:card\" content=\"summary_large_image\" \/>\n<meta name=\"twitter:label1\" content=\"Est. reading time\" \/>\n\t<meta name=\"twitter:data1\" content=\"3 minutes\" \/>\n<script type=\"application\/ld+json\" class=\"yoast-schema-graph\">{\"@context\":\"https:\\\/\\\/schema.org\",\"@graph\":[{\"@type\":\"WebPage\",\"@id\":\"https:\\\/\\\/tajkertesz.com\\\/termek\\\/alma-mutsu\\\/\",\"url\":\"https:\\\/\\\/tajkertesz.com\\\/termek\\\/alma-mutsu\\\/\",\"name\":\"Alma 'Mutsu' - T\u00e1jkert\u00e9sz\",\"isPartOf\":{\"@id\":\"https:\\\/\\\/tajkertesz.com\\\/#website\"},\"primaryImageOfPage\":{\"@id\":\"https:\\\/\\\/tajkertesz.com\\\/termek\\\/alma-mutsu\\\/#primaryimage\"},\"image\":{\"@id\":\"https:\\\/\\\/tajkertesz.com\\\/termek\\\/alma-mutsu\\\/#primaryimage\"},\"thumbnailUrl\":\"https:\\\/\\\/tajkertesz.com\\\/wp-content\\\/uploads\\\/2021\\\/10\\\/mutsu.jpg\",\"datePublished\":\"2024-11-26T12:39:43+00:00\",\"dateModified\":\"2026-02-22T11:39:41+00:00\",\"description\":\"Az alma 'Mutsu' nagy gy\u00fcm\u00f6lcs\u0171, s\u00e1rg\u00e1sz\u00f6ld h\u00e9j\u00fa alma roppan\u00f3s h\u00fassal \u00e9s kellemes \u00e9des-savanyk\u00e1s \u00edzzel. Kiv\u00e1l\u00f3an t\u00e1rolhat\u00f3.\",\"breadcrumb\":{\"@id\":\"https:\\\/\\\/tajkertesz.com\\\/termek\\\/alma-mutsu\\\/#breadcrumb\"},\"inLanguage\":\"en-US\",\"potentialAction\":[{\"@type\":\"ReadAction\",\"target\":[\"https:\\\/\\\/tajkertesz.com\\\/termek\\\/alma-mutsu\\\/\"]}]},{\"@type\":\"ImageObject\",\"inLanguage\":\"en-US\",\"@id\":\"https:\\\/\\\/tajkertesz.com\\\/termek\\\/alma-mutsu\\\/#primaryimage\",\"url\":\"https:\\\/\\\/tajkertesz.com\\\/wp-content\\\/uploads\\\/2021\\\/10\\\/mutsu.jpg\",\"contentUrl\":\"https:\\\/\\\/tajkertesz.com\\\/wp-content\\\/uploads\\\/2021\\\/10\\\/mutsu.jpg\",\"width\":450,\"height\":600,\"caption\":\"Alma 'Mutsu'\"},{\"@type\":\"BreadcrumbList\",\"@id\":\"https:\\\/\\\/tajkertesz.com\\\/termek\\\/alma-mutsu\\\/#breadcrumb\",\"itemListElement\":[{\"@type\":\"ListItem\",\"position\":1,\"name\":\"Home\",\"item\":\"https:\\\/\\\/tajkertesz.com\\\/\"},{\"@type\":\"ListItem\",\"position\":2,\"name\":\"Kezd\u0151lap\",\"item\":\"https:\\\/\\\/tajkertesz.com\\\/\"},{\"@type\":\"ListItem\",\"position\":3,\"name\":\"Alma &#8216;Mutsu&#8217;\"}]},{\"@type\":\"WebSite\",\"@id\":\"https:\\\/\\\/tajkertesz.com\\\/#website\",\"url\":\"https:\\\/\\\/tajkertesz.com\\\/\",\"name\":\"T\u00e1j-Kert\u00e9sz 84 Kft.\",\"description\":\"Kert\u00e9szeti kis- \u00e9s nagykeresked\u00e9s, D\u00edszn\u00f6v\u00e9ny web\u00e1ruh\u00e1z orsz\u00e1gos h\u00e1zhozsz\u00e1ll\u00edt\u00e1ssal!\",\"publisher\":{\"@id\":\"https:\\\/\\\/tajkertesz.com\\\/#organization\"},\"potentialAction\":[{\"@type\":\"SearchAction\",\"target\":{\"@type\":\"EntryPoint\",\"urlTemplate\":\"https:\\\/\\\/tajkertesz.com\\\/?s={search_term_string}\"},\"query-input\":{\"@type\":\"PropertyValueSpecification\",\"valueRequired\":true,\"valueName\":\"search_term_string\"}}],\"inLanguage\":\"en-US\"},{\"@type\":\"Organization\",\"@id\":\"https:\\\/\\\/tajkertesz.com\\\/#organization\",\"name\":\"T\u00e1j-Kert\u00e9sz 84 Kft.\",\"url\":\"https:\\\/\\\/tajkertesz.com\\\/\",\"logo\":{\"@type\":\"ImageObject\",\"inLanguage\":\"en-US\",\"@id\":\"https:\\\/\\\/tajkertesz.com\\\/#\\\/schema\\\/logo\\\/image\\\/\",\"url\":\"https:\\\/\\\/tajkertesz.com\\\/wp-content\\\/uploads\\\/2018\\\/02\\\/logo-2-e1518678052539.png\",\"contentUrl\":\"https:\\\/\\\/tajkertesz.com\\\/wp-content\\\/uploads\\\/2018\\\/02\\\/logo-2-e1518678052539.png\",\"width\":81,\"height\":140,\"caption\":\"T\u00e1j-Kert\u00e9sz 84 Kft.\"},\"image\":{\"@id\":\"https:\\\/\\\/tajkertesz.com\\\/#\\\/schema\\\/logo\\\/image\\\/\"},\"sameAs\":[\"https:\\\/\\\/www.facebook.com\\\/Tajkertesz\\\/\"]}]}<\/script>\n<!-- \/ Yoast SEO plugin. -->","yoast_head_json":{"title":"Alma 'Mutsu' - T\u00e1jkert\u00e9sz","description":"Az alma 'Mutsu' nagy gy\u00fcm\u00f6lcs\u0171, s\u00e1rg\u00e1sz\u00f6ld h\u00e9j\u00fa alma roppan\u00f3s h\u00fassal \u00e9s kellemes \u00e9des-savanyk\u00e1s \u00edzzel. Kiv\u00e1l\u00f3an t\u00e1rolhat\u00f3.","robots":{"index":"index","follow":"follow","max-snippet":"max-snippet:-1","max-image-preview":"max-image-preview:large","max-video-preview":"max-video-preview:-1"},"canonical":"https:\/\/tajkertesz.com\/en_US\/product\/alma-mutsu\/","og_locale":"en_US","og_type":"article","og_title":"Alma 'Mutsu' - T\u00e1jkert\u00e9sz","og_description":"Az alma 'Mutsu' nagy gy\u00fcm\u00f6lcs\u0171, s\u00e1rg\u00e1sz\u00f6ld h\u00e9j\u00fa alma roppan\u00f3s h\u00fassal \u00e9s kellemes \u00e9des-savanyk\u00e1s \u00edzzel. Kiv\u00e1l\u00f3an t\u00e1rolhat\u00f3.","og_url":"https:\/\/tajkertesz.com\/en_US\/product\/alma-mutsu\/","og_site_name":"T\u00e1jkert\u00e9sz","article_publisher":"https:\/\/www.facebook.com\/Tajkertesz\/","article_modified_time":"2026-02-22T11:39:41+00:00","og_image":[{"width":450,"height":600,"url":"https:\/\/tajkertesz.com\/wp-content\/uploads\/2021\/10\/mutsu.jpg","type":"image\/jpeg"}],"twitter_card":"summary_large_image","twitter_misc":{"Est. reading time":"3 minutes"},"schema":{"@context":"https:\/\/schema.org","@graph":[{"@type":"WebPage","@id":"https:\/\/tajkertesz.com\/termek\/alma-mutsu\/","url":"https:\/\/tajkertesz.com\/termek\/alma-mutsu\/","name":"Alma 'Mutsu' - T\u00e1jkert\u00e9sz","isPartOf":{"@id":"https:\/\/tajkertesz.com\/#website"},"primaryImageOfPage":{"@id":"https:\/\/tajkertesz.com\/termek\/alma-mutsu\/#primaryimage"},"image":{"@id":"https:\/\/tajkertesz.com\/termek\/alma-mutsu\/#primaryimage"},"thumbnailUrl":"https:\/\/tajkertesz.com\/wp-content\/uploads\/2021\/10\/mutsu.jpg","datePublished":"2024-11-26T12:39:43+00:00","dateModified":"2026-02-22T11:39:41+00:00","description":"Az alma 'Mutsu' nagy gy\u00fcm\u00f6lcs\u0171, s\u00e1rg\u00e1sz\u00f6ld h\u00e9j\u00fa alma roppan\u00f3s h\u00fassal \u00e9s kellemes \u00e9des-savanyk\u00e1s \u00edzzel. Kiv\u00e1l\u00f3an t\u00e1rolhat\u00f3.","breadcrumb":{"@id":"https:\/\/tajkertesz.com\/termek\/alma-mutsu\/#breadcrumb"},"inLanguage":"en-US","potentialAction":[{"@type":"ReadAction","target":["https:\/\/tajkertesz.com\/termek\/alma-mutsu\/"]}]},{"@type":"ImageObject","inLanguage":"en-US","@id":"https:\/\/tajkertesz.com\/termek\/alma-mutsu\/#primaryimage","url":"https:\/\/tajkertesz.com\/wp-content\/uploads\/2021\/10\/mutsu.jpg","contentUrl":"https:\/\/tajkertesz.com\/wp-content\/uploads\/2021\/10\/mutsu.jpg","width":450,"height":600,"caption":"Alma 'Mutsu'"},{"@type":"BreadcrumbList","@id":"https:\/\/tajkertesz.com\/termek\/alma-mutsu\/#breadcrumb","itemListElement":[{"@type":"ListItem","position":1,"name":"Home","item":"https:\/\/tajkertesz.com\/"},{"@type":"ListItem","position":2,"name":"Kezd\u0151lap","item":"https:\/\/tajkertesz.com\/"},{"@type":"ListItem","position":3,"name":"Alma &#8216;Mutsu&#8217;"}]},{"@type":"WebSite","@id":"https:\/\/tajkertesz.com\/#website","url":"https:\/\/tajkertesz.com\/","name":"T\u00e1j-Kert\u00e9sz 84 Kft.","description":"Kert\u00e9szeti kis- \u00e9s nagykeresked\u00e9s, D\u00edszn\u00f6v\u00e9ny web\u00e1ruh\u00e1z orsz\u00e1gos h\u00e1zhozsz\u00e1ll\u00edt\u00e1ssal!","publisher":{"@id":"https:\/\/tajkertesz.com\/#organization"},"potentialAction":[{"@type":"SearchAction","target":{"@type":"EntryPoint","urlTemplate":"https:\/\/tajkertesz.com\/?s={search_term_string}"},"query-input":{"@type":"PropertyValueSpecification","valueRequired":true,"valueName":"search_term_string"}}],"inLanguage":"en-US"},{"@type":"Organization","@id":"https:\/\/tajkertesz.com\/#organization","name":"T\u00e1j-Kert\u00e9sz 84 Kft.","url":"https:\/\/tajkertesz.com\/","logo":{"@type":"ImageObject","inLanguage":"en-US","@id":"https:\/\/tajkertesz.com\/#\/schema\/logo\/image\/","url":"https:\/\/tajkertesz.com\/wp-content\/uploads\/2018\/02\/logo-2-e1518678052539.png","contentUrl":"https:\/\/tajkertesz.com\/wp-content\/uploads\/2018\/02\/logo-2-e1518678052539.png","width":81,"height":140,"caption":"T\u00e1j-Kert\u00e9sz 84 Kft."},"image":{"@id":"https:\/\/tajkertesz.com\/#\/schema\/logo\/image\/"},"sameAs":["https:\/\/www.facebook.com\/Tajkertesz\/"]}]}},"_links":{"self":[{"href":"https:\/\/tajkertesz.com\/en_US\/wp-json\/wp\/v2\/product\/10977","targetHints":{"allow":["GET"]}}],"collection":[{"href":"https:\/\/tajkertesz.com\/en_US\/wp-json\/wp\/v2\/product"}],"about":[{"href":"https:\/\/tajkertesz.com\/en_US\/wp-json\/wp\/v2\/types\/product"}],"wp:featuredmedia":[{"embeddable":true,"href":"https:\/\/tajkertesz.com\/en_US\/wp-json\/wp\/v2\/media\/10978"}],"wp:attachment":[{"href":"https:\/\/tajkertesz.com\/en_US\/wp-json\/wp\/v2\/media?parent=10977"}],"wp:term":[{"taxonomy":"product_brand","embeddable":true,"href":"https:\/\/tajkertesz.com\/en_US\/wp-json\/wp\/v2\/product_brand?post=10977"},{"taxonomy":"product_cat","embeddable":true,"href":"https:\/\/tajkertesz.com\/en_US\/wp-json\/wp\/v2\/product_cat?post=10977"},{"taxonomy":"product_tag","embeddable":true,"href":"https:\/\/tajkertesz.com\/en_US\/wp-json\/wp\/v2\/product_tag?post=10977"}],"curies":[{"name":"wp","href":"https:\/\/api.w.org\/{rel}","templated":true}]}}