{"id":10990,"date":"2021-10-26T09:38:21","date_gmt":"2021-10-26T09:38:21","guid":{"rendered":"https:\/\/tajkertesz.com\/?post_type=product&#038;p=10990"},"modified":"2026-02-22T10:17:37","modified_gmt":"2026-02-22T10:17:37","slug":"konstantinapolyi-birs","status":"publish","type":"product","link":"https:\/\/tajkertesz.com\/en_US\/product\/konstantinapolyi-birs\/","title":{"rendered":"&#8216;Konstantin\u00e1polyi&#8217; birs"},"content":{"rendered":"<h3 class=\"LC20lb DKV0Md\">&#8216;Konstantin\u00e1polyi&#8217; birs<\/h3>\n<p data-start=\"885\" data-end=\"1304\">A <strong data-start=\"887\" data-end=\"912\">Konstantin\u00e1polyi birs<\/strong> (Cydonia oblonga &#8216;Konstantin\u00e1polyi&#8217;) egy r\u00e9gi, j\u00f3l bev\u00e1lt magyar birsalmafajta, amely k\u00fcl\u00f6n\u00f6sen kedvelt a <strong data-start=\"1019\" data-end=\"1037\">h\u00e1zi kertekben<\/strong>. Er\u0151teljes n\u00f6veked\u00e9s\u0171, sz\u00e9les koron\u00e1t nevel\u0151 lombhullat\u00f3 fa, amely \u0151sszel nagy m\u00e9ret\u0171, s\u00e1rga, intenz\u00edven illatos gy\u00fcm\u00f6lcs\u00f6ket hoz. A term\u00e9s <strong data-start=\"1178\" data-end=\"1233\">birsalmasajt, komp\u00f3t vagy bef\u0151tt k\u00e9sz\u00edt\u00e9s\u00e9re kiv\u00e1l\u00f3<\/strong>, de ebben az esetben a f\u00f3kusz term\u00e9szetesen <strong data-start=\"1278\" data-end=\"1292\">a n\u00f6v\u00e9nyre<\/strong> helyez\u0151dik.<\/p>\n<p data-start=\"1309\" data-end=\"1579\">Ez a fajta <strong data-start=\"1320\" data-end=\"1345\">j\u00f3 fagyt\u0171r\u0151 k\u00e9pess\u00e9g\u0171<\/strong>, hazai viszonyok k\u00f6z\u00f6tt megb\u00edzhat\u00f3an term\u0151, nem ig\u00e9nyel t\u00falzott gondoz\u00e1st. Napf\u00e9nykedvel\u0151, de f\u00e9l\u00e1rny\u00e9kban is nevelhet\u0151. \u00c1tlagos kerti talajban j\u00f3l fejl\u0151dik, de a m\u00e9lyr\u00e9teg\u0171, t\u00e1panyagd\u00fas, enyh\u00e9n nyirkos talaj a legide\u00e1lisabb sz\u00e1m\u00e1ra.<\/p>\n<p data-start=\"1584\" data-end=\"1598\"><strong data-start=\"1584\" data-end=\"1598\">Jellemz\u0151k:<\/strong><\/p>\n<ul data-start=\"1601\" data-end=\"1984\">\n<li data-start=\"1601\" data-end=\"1635\">\n<p data-start=\"1603\" data-end=\"1635\">T\u00edpus: gy\u00fcm\u00f6lcsterm\u0151 fa (birs)<\/p>\n<\/li>\n<li data-start=\"1638\" data-end=\"1684\">\n<p data-start=\"1640\" data-end=\"1684\">N\u00f6v\u00e9nymagass\u00e1g: kifejlett korban 3\u20134 m\u00e9ter<\/p>\n<\/li>\n<li data-start=\"1687\" data-end=\"1715\">\n<p data-start=\"1689\" data-end=\"1715\">Term\u0151re fordul\u00e1s: 2\u20133 \u00e9v<\/p>\n<\/li>\n<li data-start=\"1718\" data-end=\"1745\">\n<p data-start=\"1720\" data-end=\"1745\">Vir\u00e1gz\u00e1s: \u00e1prilis\u2013m\u00e1jus<\/p>\n<\/li>\n<li data-start=\"1748\" data-end=\"1789\">\n<p data-start=\"1750\" data-end=\"1789\">Term\u00e9s\u00e9r\u00e9s: szeptember v\u00e9ge \u2013 okt\u00f3ber<\/p>\n<\/li>\n<li data-start=\"1792\" data-end=\"1816\">\n<p data-start=\"1794\" data-end=\"1816\">Term\u00e9shozam: b\u0151term\u0151<\/p>\n<\/li>\n<li data-start=\"1819\" data-end=\"1866\">\n<p data-start=\"1821\" data-end=\"1866\">Ig\u00e9nyek: napos hely, j\u00f3 v\u00edzelvezet\u00e9s\u0171 talaj<\/p>\n<\/li>\n<li data-start=\"1869\" data-end=\"1886\">\n<p data-start=\"1871\" data-end=\"1886\">Fagyt\u0171r\u00e9s: j\u00f3<\/p>\n<\/li>\n<li data-start=\"1889\" data-end=\"1920\">\n<p data-start=\"1891\" data-end=\"1920\">Porz\u00f3ig\u00e9ny: <strong data-start=\"1903\" data-end=\"1918\">\u00f6nterm\u00e9keny<\/strong><\/p>\n<\/li>\n<\/ul>\n<p>&nbsp;<\/p>\n<h4><strong>\ud83d\udd04 K\u00e9szletinform\u00e1ci\u00f3<\/strong><\/h4>\n<p><strong>K\u00e9szlet\u00fcnk napi szinten v\u00e1ltozik, \u00edgy a webshopban szerepl<\/strong><strong>\u0151<\/strong><strong>\u00a0term\u00e9kek el\u00e9rhet<\/strong><strong>\u0151<\/strong><strong>s\u00e9ge nem garant\u00e1lt.<br \/>\n\ud83d\udcde A megrendel\u00e9s el<\/strong><strong>\u0151<\/strong><strong>tt k\u00e9rj\u00fck, \u00e9rdekl<\/strong><strong>\u0151<\/strong><strong>dj\u00f6n szem\u00e9lyesen, telefonon vagy e-mailben!<\/strong><\/p>\n<h4><strong>\u27a1\ufe0f Kapcsolat:<\/strong><\/h4>\n<ul>\n<li><strong>Weboldal:\u00a0<\/strong><a href=\"https:\/\/tajkertesz.com\/\"><strong>tajkertesz.com<\/strong><\/a><\/li>\n<li><strong>Facebook:\u00a0<\/strong><a href=\"https:\/\/www.facebook.com\/tajkertesz\/\"><strong>facebook.com\/tajkertesz<\/strong><\/a><\/li>\n<li><strong>Telefonsz\u00e1m, e-mail: +36\/20-319-3770\u00a0<\/strong><a href=\"mailto:tajkerteszaruda@gmail.com\"><strong>tajkerteszaruda@gmail.com<\/strong><\/a><\/li>\n<\/ul>\n<h4><strong>\ud83d\ude9a Sz\u00e1ll\u00edt\u00e1si inform\u00e1ci\u00f3k<\/strong><\/h4>\n<p><strong>A megrendelt n\u00f6v\u00e9nyek kisz\u00e1ll\u00edt\u00e1sa az al\u00e1bbi felt\u00e9telek mellett t\u00f6rt\u00e9nik:<\/strong><\/p>\n<h4><strong>\ud83d\udce6 Fut\u00e1rszolg\u00e1latos sz\u00e1ll\u00edt\u00e1s<\/strong><\/h4>\n<ul>\n<li><strong>Maxim\u00e1lis m\u00e9ret: 200 cm (hossz\u00fas\u00e1g)<\/strong><\/li>\n<li><strong>Maxim\u00e1lis s\u00faly: 40 kg<\/strong><\/li>\n<li><strong>Az enn\u00e9l kisebb \u00e9s k\u00f6nnyebb csomagokat fut\u00e1rszolg\u00e1lattal k\u00e9zbes\u00edtj\u00fck a lehet<\/strong><strong>\u0151<\/strong><strong>\u00a0legbiztons\u00e1gosabb csomagol\u00e1sban.<\/strong><\/li>\n<\/ul>\n<h4><strong>\ud83d\udefb Szem\u00e9lyes \u00e1tv\u00e9tel<\/strong><\/h4>\n<ul>\n<li><strong>1173 Budapest, Bakancsos utca 7. sz\u00e1m alatt nyitvatart\u00e1si id<\/strong><strong>\u0151<\/strong><strong>ben szem\u00e9lyesen \u00e1tvehet<\/strong><strong>\u0151<\/strong><strong>\u00a0kert\u00e9szeti \u00e1rud\u00e1nkban.<\/strong><\/li>\n<li><strong>K\u00f6lts\u00e9ghat\u00e9kony megold\u00e1s nagyobb, t\u00f6r\u00e9kenyebb vagy t\u00falm\u00e9retes n\u00f6v\u00e9nyek eset\u00e9n.<\/strong><\/li>\n<\/ul>\n<h4><strong>\ud83d\udcde Nagy m\u00e9ret<\/strong><strong>\u0171<\/strong><strong>\u00a0vagy s\u00faly\u00fa n\u00f6v\u00e9nyek eset\u00e9n<\/strong><\/h4>\n<p><strong>Ha a term\u00e9k:<\/strong><\/p>\n<ul>\n<li><strong>meghaladja a 200 cm hossz\u00fas\u00e1got vagy<\/strong><\/li>\n<li><strong>meghaladja a 40 kg s\u00falyt,<\/strong><\/li>\n<\/ul>\n<p><strong>akkor szem\u00e9lyes \u00e1tv\u00e9tellel vagy egyedi, el<\/strong><strong>\u0151<\/strong><strong>re egyeztetett sz\u00e1ll\u00edt\u00e1si felt\u00e9telek mellett t\u00f6rt\u00e9nik.<br \/>\nK\u00e9rj\u00fck, ilyen esetben rendel\u00e9s el<\/strong><strong>\u0151<\/strong><strong>tt vegye fel vel\u00fcnk a kapcsolatot, hogy a lehet<\/strong><strong>\u0151<\/strong><strong>\u00a0legmegfelel<\/strong><strong>\u0151<\/strong><strong>bb sz\u00e1ll\u00edt\u00e1si megold\u00e1st k\u00edn\u00e1lhassuk.<\/strong><\/p>\n<p><strong>\ud83d\udd14 Fontos: A n\u00f6v\u00e9nyeket minden esetben igyeksz\u00fcnk gondosan, egyes\u00e9vel csomagolni, azonban a sz\u00e1ll\u00edt\u00e1s sor\u00e1n kisebb eszt\u00e9tikai s\u00e9r\u00fcl\u00e9sek el<\/strong><strong>\u0151<\/strong><strong>fordulhatnak (pl. lev\u00e9lhull\u00e1s). Ez nem min<\/strong><strong>\u0151<\/strong><strong>s\u00fcl hib\u00e1s teljes\u00edt\u00e9snek.<\/strong><\/p>\n<h4><strong>\ud83d\udcf7 Fontos tudni a k\u00e9pekr<\/strong><strong>\u0151<\/strong><strong>l<\/strong><\/h4>\n<p><strong>A webshopban szerepl<\/strong><strong>\u0151<\/strong><strong>\u00a0k\u00e9pek illusztr\u00e1ci\u00f3k, a n\u00f6v\u00e9nyek term\u00e9szet\u00fckn\u00e9l fogva egyediek, \u00edgy m\u00e9retben, alakban \u00e9s sz\u00ednben minim\u00e1lis elt\u00e9r\u00e9sek el<\/strong><strong>\u0151<\/strong><strong>fordulhatnak a k\u00e9pen l\u00e1that\u00f3 \u00e9s a val\u00f3s p\u00e9ld\u00e1nyok k\u00f6z\u00f6tt.<\/strong><\/p>\n<h4><strong>\ud83e\uddfe \u00c1rak \u00e9s el\u00e1ll\u00e1si jog<\/strong><\/h4>\n<ul>\n<li><strong>Az \u00e1rak egy darab\u00a0n\u00f6v\u00e9nyre vonatkoznak.<\/strong><\/li>\n<li><strong>\u00c9l<\/strong><strong>\u0151<\/strong><strong>\u00a0n\u00f6v\u00e9nyek rendel\u00e9se eset\u00e9n a 14 napos el\u00e1ll\u00e1s joga nem \u00e9rv\u00e9nyes\u00edthet<\/strong><strong>\u0151<\/strong><strong>, mivel azok romland\u00f3, biol\u00f3giailag \u00e9l<\/strong><strong>\u0151<\/strong><strong>\u00a0term\u00e9keknek min<\/strong><strong>\u0151<\/strong><strong>s\u00fclnek.<br \/>\n\ud83d\udd12 (17\/1999. (II. 5.) Korm. rendelet 5. \u00a7 c) pontja alapj\u00e1n)<\/strong><\/li>\n<\/ul>\n<h4><strong>\ud83d\udce6 K\u00e9zbes\u00edt\u00e9s ut\u00e1ni teend<\/strong><strong>\u0151<\/strong><strong>k<\/strong><\/h4>\n<p><strong>A k\u00e9zbes\u00edt\u00e9st k\u00f6vet<\/strong><strong>\u0151<\/strong><strong>en a csomagot azonnal bontsuk ki, \u00e9s a n\u00f6v\u00e9nyt helyezz\u00fck el megfelel<\/strong><strong>\u0151<\/strong><strong>\u00a0k\u00f6rnyezetben.<br \/>\nFontos: ha a n\u00f6v\u00e9ny nem r\u00e9szes\u00fcl megfelel<\/strong><strong>\u0151<\/strong><strong>\u00a0gondoz\u00e1sban \u00e9s ennek k\u00f6vetkezt\u00e9ben k\u00e1rosodik vagy elpusztul, felel<\/strong><strong>\u0151<\/strong><strong>ss\u00e9get nem tudunk v\u00e1llalni.<\/strong><\/p>","protected":false},"excerpt":{"rendered":"<p data-start=\"638\" data-end=\"833\"><strong data-start=\"638\" data-end=\"833\">Er\u0151teljes n\u00f6veked\u00e9s\u0171, hagyom\u00e1nyos birsalmafajta. Illatos, nagy gy\u00fcm\u00f6lcs\u00f6ket terem. Bef\u0151z\u00e9shez ide\u00e1lis. Fagy\u00e1ll\u00f3, j\u00f3l alkalmazkodik a hazai kl\u00edm\u00e1hoz. Kont\u00e9neres<\/strong><\/p>","protected":false},"featured_media":10991,"template":"","meta":{"_et_pb_use_builder":"","_et_pb_old_content":"","_et_gb_content_width":""},"product_brand":[],"product_cat":[5292],"product_tag":[6920,6914,6915,6918,1427,6913,6916,6919,6917],"class_list":{"0":"post-10990","1":"product","2":"type-product","3":"status-publish","4":"has-post-thumbnail","6":"product_cat-birsalma","7":"product_tag-birs-ulteteshez","8":"product_tag-birsalma-oltvany","9":"product_tag-birsfa-csemete","10":"product_tag-botermo-birs","11":"product_tag-gyumolcsfa","12":"product_tag-konstantinapolyi-birs","13":"product_tag-konteneres-birsfa","14":"product_tag-magyar-gyumolcsfa","15":"product_tag-szabadgyokeru-gyumolcsfa","17":"first","18":"instock","19":"shipping-taxable","20":"purchasable","21":"product-type-simple"},"yoast_head":"<!-- This site is optimized with the Yoast SEO plugin v27.3 - https:\/\/yoast.com\/product\/yoast-seo-wordpress\/ -->\n<title>&#039;Konstantin\u00e1polyi&#039; birs - T\u00e1jkert\u00e9sz<\/title>\n<meta name=\"description\" content=\"&#039;Konstantin\u00e1polyi&#039; birs b\u0151term\u0151 csemete \u00fcltet\u00e9sre. R\u00e9gi magyar fajta, illatos gy\u00fcm\u00f6lccsel. Kont\u00e9neres v\u00e1ltozatban kaphat\u00f3.\" \/>\n<meta name=\"robots\" content=\"index, follow, max-snippet:-1, max-image-preview:large, max-video-preview:-1\" \/>\n<link rel=\"canonical\" href=\"https:\/\/tajkertesz.com\/en_US\/product\/konstantinapolyi-birs\/\" \/>\n<meta property=\"og:locale\" content=\"en_US\" \/>\n<meta property=\"og:type\" content=\"article\" \/>\n<meta property=\"og:title\" content=\"&#039;Konstantin\u00e1polyi&#039; birs - T\u00e1jkert\u00e9sz\" \/>\n<meta property=\"og:description\" content=\"&#039;Konstantin\u00e1polyi&#039; birs b\u0151term\u0151 csemete \u00fcltet\u00e9sre. R\u00e9gi magyar fajta, illatos gy\u00fcm\u00f6lccsel. Kont\u00e9neres v\u00e1ltozatban kaphat\u00f3.\" \/>\n<meta property=\"og:url\" content=\"https:\/\/tajkertesz.com\/en_US\/product\/konstantinapolyi-birs\/\" \/>\n<meta property=\"og:site_name\" content=\"T\u00e1jkert\u00e9sz\" \/>\n<meta property=\"article:publisher\" content=\"https:\/\/www.facebook.com\/Tajkertesz\/\" \/>\n<meta property=\"article:modified_time\" content=\"2026-02-22T10:17:37+00:00\" \/>\n<meta property=\"og:image\" content=\"https:\/\/tajkertesz.com\/wp-content\/uploads\/2021\/10\/Konstantinapolyi_birs.jpg\" \/>\n\t<meta property=\"og:image:width\" content=\"1000\" \/>\n\t<meta property=\"og:image:height\" content=\"663\" \/>\n\t<meta property=\"og:image:type\" content=\"image\/jpeg\" \/>\n<meta name=\"twitter:card\" content=\"summary_large_image\" \/>\n<meta name=\"twitter:label1\" content=\"Est. reading time\" \/>\n\t<meta name=\"twitter:data1\" content=\"3 minutes\" \/>\n<script type=\"application\/ld+json\" class=\"yoast-schema-graph\">{\"@context\":\"https:\\\/\\\/schema.org\",\"@graph\":[{\"@type\":\"WebPage\",\"@id\":\"https:\\\/\\\/tajkertesz.com\\\/termek\\\/konstantinapolyi-birs\\\/\",\"url\":\"https:\\\/\\\/tajkertesz.com\\\/termek\\\/konstantinapolyi-birs\\\/\",\"name\":\"'Konstantin\u00e1polyi' birs - T\u00e1jkert\u00e9sz\",\"isPartOf\":{\"@id\":\"https:\\\/\\\/tajkertesz.com\\\/#website\"},\"primaryImageOfPage\":{\"@id\":\"https:\\\/\\\/tajkertesz.com\\\/termek\\\/konstantinapolyi-birs\\\/#primaryimage\"},\"image\":{\"@id\":\"https:\\\/\\\/tajkertesz.com\\\/termek\\\/konstantinapolyi-birs\\\/#primaryimage\"},\"thumbnailUrl\":\"https:\\\/\\\/tajkertesz.com\\\/wp-content\\\/uploads\\\/2021\\\/10\\\/Konstantinapolyi_birs.jpg\",\"datePublished\":\"2021-10-26T09:38:21+00:00\",\"dateModified\":\"2026-02-22T10:17:37+00:00\",\"description\":\"'Konstantin\u00e1polyi' birs b\u0151term\u0151 csemete \u00fcltet\u00e9sre. R\u00e9gi magyar fajta, illatos gy\u00fcm\u00f6lccsel. Kont\u00e9neres v\u00e1ltozatban kaphat\u00f3.\",\"breadcrumb\":{\"@id\":\"https:\\\/\\\/tajkertesz.com\\\/termek\\\/konstantinapolyi-birs\\\/#breadcrumb\"},\"inLanguage\":\"en-US\",\"potentialAction\":[{\"@type\":\"ReadAction\",\"target\":[\"https:\\\/\\\/tajkertesz.com\\\/termek\\\/konstantinapolyi-birs\\\/\"]}]},{\"@type\":\"ImageObject\",\"inLanguage\":\"en-US\",\"@id\":\"https:\\\/\\\/tajkertesz.com\\\/termek\\\/konstantinapolyi-birs\\\/#primaryimage\",\"url\":\"https:\\\/\\\/tajkertesz.com\\\/wp-content\\\/uploads\\\/2021\\\/10\\\/Konstantinapolyi_birs.jpg\",\"contentUrl\":\"https:\\\/\\\/tajkertesz.com\\\/wp-content\\\/uploads\\\/2021\\\/10\\\/Konstantinapolyi_birs.jpg\",\"width\":1000,\"height\":663,\"caption\":\"'Konstantin\u00e1polyi' birs\"},{\"@type\":\"BreadcrumbList\",\"@id\":\"https:\\\/\\\/tajkertesz.com\\\/termek\\\/konstantinapolyi-birs\\\/#breadcrumb\",\"itemListElement\":[{\"@type\":\"ListItem\",\"position\":1,\"name\":\"Home\",\"item\":\"https:\\\/\\\/tajkertesz.com\\\/\"},{\"@type\":\"ListItem\",\"position\":2,\"name\":\"Kezd\u0151lap\",\"item\":\"https:\\\/\\\/tajkertesz.com\\\/\"},{\"@type\":\"ListItem\",\"position\":3,\"name\":\"&#8216;Konstantin\u00e1polyi&#8217; birs\"}]},{\"@type\":\"WebSite\",\"@id\":\"https:\\\/\\\/tajkertesz.com\\\/#website\",\"url\":\"https:\\\/\\\/tajkertesz.com\\\/\",\"name\":\"T\u00e1j-Kert\u00e9sz 84 Kft.\",\"description\":\"Kert\u00e9szeti kis- \u00e9s nagykeresked\u00e9s, D\u00edszn\u00f6v\u00e9ny web\u00e1ruh\u00e1z orsz\u00e1gos h\u00e1zhozsz\u00e1ll\u00edt\u00e1ssal!\",\"publisher\":{\"@id\":\"https:\\\/\\\/tajkertesz.com\\\/#organization\"},\"potentialAction\":[{\"@type\":\"SearchAction\",\"target\":{\"@type\":\"EntryPoint\",\"urlTemplate\":\"https:\\\/\\\/tajkertesz.com\\\/?s={search_term_string}\"},\"query-input\":{\"@type\":\"PropertyValueSpecification\",\"valueRequired\":true,\"valueName\":\"search_term_string\"}}],\"inLanguage\":\"en-US\"},{\"@type\":\"Organization\",\"@id\":\"https:\\\/\\\/tajkertesz.com\\\/#organization\",\"name\":\"T\u00e1j-Kert\u00e9sz 84 Kft.\",\"url\":\"https:\\\/\\\/tajkertesz.com\\\/\",\"logo\":{\"@type\":\"ImageObject\",\"inLanguage\":\"en-US\",\"@id\":\"https:\\\/\\\/tajkertesz.com\\\/#\\\/schema\\\/logo\\\/image\\\/\",\"url\":\"https:\\\/\\\/tajkertesz.com\\\/wp-content\\\/uploads\\\/2018\\\/02\\\/logo-2-e1518678052539.png\",\"contentUrl\":\"https:\\\/\\\/tajkertesz.com\\\/wp-content\\\/uploads\\\/2018\\\/02\\\/logo-2-e1518678052539.png\",\"width\":81,\"height\":140,\"caption\":\"T\u00e1j-Kert\u00e9sz 84 Kft.\"},\"image\":{\"@id\":\"https:\\\/\\\/tajkertesz.com\\\/#\\\/schema\\\/logo\\\/image\\\/\"},\"sameAs\":[\"https:\\\/\\\/www.facebook.com\\\/Tajkertesz\\\/\"]}]}<\/script>\n<!-- \/ Yoast SEO plugin. -->","yoast_head_json":{"title":"'Konstantin\u00e1polyi' birs - T\u00e1jkert\u00e9sz","description":"'Konstantin\u00e1polyi' birs b\u0151term\u0151 csemete \u00fcltet\u00e9sre. R\u00e9gi magyar fajta, illatos gy\u00fcm\u00f6lccsel. Kont\u00e9neres v\u00e1ltozatban kaphat\u00f3.","robots":{"index":"index","follow":"follow","max-snippet":"max-snippet:-1","max-image-preview":"max-image-preview:large","max-video-preview":"max-video-preview:-1"},"canonical":"https:\/\/tajkertesz.com\/en_US\/product\/konstantinapolyi-birs\/","og_locale":"en_US","og_type":"article","og_title":"'Konstantin\u00e1polyi' birs - T\u00e1jkert\u00e9sz","og_description":"'Konstantin\u00e1polyi' birs b\u0151term\u0151 csemete \u00fcltet\u00e9sre. R\u00e9gi magyar fajta, illatos gy\u00fcm\u00f6lccsel. Kont\u00e9neres v\u00e1ltozatban kaphat\u00f3.","og_url":"https:\/\/tajkertesz.com\/en_US\/product\/konstantinapolyi-birs\/","og_site_name":"T\u00e1jkert\u00e9sz","article_publisher":"https:\/\/www.facebook.com\/Tajkertesz\/","article_modified_time":"2026-02-22T10:17:37+00:00","og_image":[{"width":1000,"height":663,"url":"https:\/\/tajkertesz.com\/wp-content\/uploads\/2021\/10\/Konstantinapolyi_birs.jpg","type":"image\/jpeg"}],"twitter_card":"summary_large_image","twitter_misc":{"Est. reading time":"3 minutes"},"schema":{"@context":"https:\/\/schema.org","@graph":[{"@type":"WebPage","@id":"https:\/\/tajkertesz.com\/termek\/konstantinapolyi-birs\/","url":"https:\/\/tajkertesz.com\/termek\/konstantinapolyi-birs\/","name":"'Konstantin\u00e1polyi' birs - T\u00e1jkert\u00e9sz","isPartOf":{"@id":"https:\/\/tajkertesz.com\/#website"},"primaryImageOfPage":{"@id":"https:\/\/tajkertesz.com\/termek\/konstantinapolyi-birs\/#primaryimage"},"image":{"@id":"https:\/\/tajkertesz.com\/termek\/konstantinapolyi-birs\/#primaryimage"},"thumbnailUrl":"https:\/\/tajkertesz.com\/wp-content\/uploads\/2021\/10\/Konstantinapolyi_birs.jpg","datePublished":"2021-10-26T09:38:21+00:00","dateModified":"2026-02-22T10:17:37+00:00","description":"'Konstantin\u00e1polyi' birs b\u0151term\u0151 csemete \u00fcltet\u00e9sre. R\u00e9gi magyar fajta, illatos gy\u00fcm\u00f6lccsel. Kont\u00e9neres v\u00e1ltozatban kaphat\u00f3.","breadcrumb":{"@id":"https:\/\/tajkertesz.com\/termek\/konstantinapolyi-birs\/#breadcrumb"},"inLanguage":"en-US","potentialAction":[{"@type":"ReadAction","target":["https:\/\/tajkertesz.com\/termek\/konstantinapolyi-birs\/"]}]},{"@type":"ImageObject","inLanguage":"en-US","@id":"https:\/\/tajkertesz.com\/termek\/konstantinapolyi-birs\/#primaryimage","url":"https:\/\/tajkertesz.com\/wp-content\/uploads\/2021\/10\/Konstantinapolyi_birs.jpg","contentUrl":"https:\/\/tajkertesz.com\/wp-content\/uploads\/2021\/10\/Konstantinapolyi_birs.jpg","width":1000,"height":663,"caption":"'Konstantin\u00e1polyi' birs"},{"@type":"BreadcrumbList","@id":"https:\/\/tajkertesz.com\/termek\/konstantinapolyi-birs\/#breadcrumb","itemListElement":[{"@type":"ListItem","position":1,"name":"Home","item":"https:\/\/tajkertesz.com\/"},{"@type":"ListItem","position":2,"name":"Kezd\u0151lap","item":"https:\/\/tajkertesz.com\/"},{"@type":"ListItem","position":3,"name":"&#8216;Konstantin\u00e1polyi&#8217; birs"}]},{"@type":"WebSite","@id":"https:\/\/tajkertesz.com\/#website","url":"https:\/\/tajkertesz.com\/","name":"T\u00e1j-Kert\u00e9sz 84 Kft.","description":"Kert\u00e9szeti kis- \u00e9s nagykeresked\u00e9s, D\u00edszn\u00f6v\u00e9ny web\u00e1ruh\u00e1z orsz\u00e1gos h\u00e1zhozsz\u00e1ll\u00edt\u00e1ssal!","publisher":{"@id":"https:\/\/tajkertesz.com\/#organization"},"potentialAction":[{"@type":"SearchAction","target":{"@type":"EntryPoint","urlTemplate":"https:\/\/tajkertesz.com\/?s={search_term_string}"},"query-input":{"@type":"PropertyValueSpecification","valueRequired":true,"valueName":"search_term_string"}}],"inLanguage":"en-US"},{"@type":"Organization","@id":"https:\/\/tajkertesz.com\/#organization","name":"T\u00e1j-Kert\u00e9sz 84 Kft.","url":"https:\/\/tajkertesz.com\/","logo":{"@type":"ImageObject","inLanguage":"en-US","@id":"https:\/\/tajkertesz.com\/#\/schema\/logo\/image\/","url":"https:\/\/tajkertesz.com\/wp-content\/uploads\/2018\/02\/logo-2-e1518678052539.png","contentUrl":"https:\/\/tajkertesz.com\/wp-content\/uploads\/2018\/02\/logo-2-e1518678052539.png","width":81,"height":140,"caption":"T\u00e1j-Kert\u00e9sz 84 Kft."},"image":{"@id":"https:\/\/tajkertesz.com\/#\/schema\/logo\/image\/"},"sameAs":["https:\/\/www.facebook.com\/Tajkertesz\/"]}]}},"_links":{"self":[{"href":"https:\/\/tajkertesz.com\/en_US\/wp-json\/wp\/v2\/product\/10990","targetHints":{"allow":["GET"]}}],"collection":[{"href":"https:\/\/tajkertesz.com\/en_US\/wp-json\/wp\/v2\/product"}],"about":[{"href":"https:\/\/tajkertesz.com\/en_US\/wp-json\/wp\/v2\/types\/product"}],"wp:featuredmedia":[{"embeddable":true,"href":"https:\/\/tajkertesz.com\/en_US\/wp-json\/wp\/v2\/media\/10991"}],"wp:attachment":[{"href":"https:\/\/tajkertesz.com\/en_US\/wp-json\/wp\/v2\/media?parent=10990"}],"wp:term":[{"taxonomy":"product_brand","embeddable":true,"href":"https:\/\/tajkertesz.com\/en_US\/wp-json\/wp\/v2\/product_brand?post=10990"},{"taxonomy":"product_cat","embeddable":true,"href":"https:\/\/tajkertesz.com\/en_US\/wp-json\/wp\/v2\/product_cat?post=10990"},{"taxonomy":"product_tag","embeddable":true,"href":"https:\/\/tajkertesz.com\/en_US\/wp-json\/wp\/v2\/product_tag?post=10990"}],"curies":[{"name":"wp","href":"https:\/\/api.w.org\/{rel}","templated":true}]}}