{"id":11018,"date":"2021-10-28T10:46:58","date_gmt":"2021-10-28T10:46:58","guid":{"rendered":"https:\/\/tajkertesz.com\/?post_type=product&#038;p=11018"},"modified":"2023-06-08T09:46:58","modified_gmt":"2023-06-08T09:46:58","slug":"decaisnea-fargesii-kek-babfa","status":"publish","type":"product","link":"https:\/\/tajkertesz.com\/en_US\/product\/decaisnea-fargesii-kek-babfa\/","title":{"rendered":"Decaisnea fargesii K\u00e9k babfa"},"content":{"rendered":"<p>Decaisnea fargesii K\u00e9k babfa<\/p>\n<p>A Decaisnea fargesii K\u00e9k babfa egy k\u00fcl\u00f6nleges n\u00f6v\u00e9ny mely mind k\u00fcllem\u00e9vel, mind gy\u00fcm\u00f6lcs\u00e9vel illetve annak sz\u00edn\u00e9vel \u00e9ke lehet kertednek.<\/p>\n<p>4- m\u00e9ter magasra is n\u00f6v\u0151, sz\u00e9les cserje vagy kisebb fa.<\/p>\n<p>Vastag, csupasz hajt\u00e1sai k\u00e9kesen hamvasak.<\/p>\n<p>S\u00e1rga vir\u00e1gai tavasszal ny\u00edlnak, k\u00e9ksz\u00edn\u0171 gy\u00fcm\u00f6lcsei f\u00fcrt\u00f6kben d\u00edsz\u00edtenek.<\/p>\n<p>Bab alak\u00fa, kb. 3 cm \u00e1tm\u00e9r\u0151j\u0171, lecs\u00fcng\u0151 term\u00e9sei\u00a0 8-10 cm hossz\u00faak \u00e9s \u00e1ltal\u00e1ban h\u00e1rmas\u00e1val n\u0151nek.<\/p>\n<p>A h\u00fcvely ehet\u0151, \u00e9des zsel\u00e9szer\u0171 term\u00e9s, melyek az \u0151sz folyam\u00e1n \u00e9rnek be.<\/p>\n<p>Bel\u00fcl\u00a0 kb. 1 cm \u00e1tm\u00e9r\u0151j\u0171, fekete, kem\u00e9ny magok vannak melyek nem ehet\u0151ek.<\/p>\n<p>A zsel\u00e9s gy\u00fcm\u00f6lcsh\u00fas ehet\u0151, \u00edze kellemes sokak szerint dinny\u00e9re \u00e9s ubork\u00e1ra eml\u00e9keztet\u0151 \u00edz\u0171.<\/p>\n<p>M\u00e1s n\u00e9ven is ismerheted: Halott ember ujja<\/p>\n<p>Szinte b\u00e1rmilyen talajon meg\u00e9l, de a sz\u00e1razs\u00e1got \u00e9s az er\u0151s t\u00e9li fagyokat rosszul t\u0171ri.<\/p>\n<p>Javasoljuk d\u00e9zs\u00e1s n\u00f6v\u00e9nxyek melyet kb 3-4 \u00e9ve kor\u00e1ban c\u00e9lszer\u0171 ki\u00fcltetni \u00e9s a ki\u00fcltet\u00e9s ut\u00e1n fagyv\u00e9d\u0151 zs\u00e1kkal takarni<\/p>\n<p>&nbsp;<\/p>\n<p style=\"line-height: 18.0pt; background: white; margin: 0cm 0cm 15.0pt 0cm;\"><span style=\"font-family: 'Ubuntu',serif; color: black;\">El\u00e9rhet\u0151 t\u00f6bbf\u00e9le m\u00e9retben \u00e9s \u00e1rban.<\/span><\/p>\n<p style=\"line-height: 18.0pt; background: white; margin: 0cm 0cm 15.0pt 0cm;\"><b><span style=\"font-family: 'Ubuntu',serif; color: black;\">K\u00e9szlet\u00fcnk napi szinten v\u00e1ltozik, ez\u00e9rt k\u00e9rj\u00fck, \u00e9rdekl\u0151dj\u00f6n szem\u00e9lyesen, telefonon vagy email-en.<br \/>\nA v\u00e1ltoztat\u00e1s jog\u00e1t fenntartjuk!\u00a0<\/span><\/b><\/p>\n<p><a href=\"https:\/\/tajkertesz.com\/\">https:\/\/tajkertesz.com\/<\/a><\/p>\n<p><a href=\"https:\/\/www.facebook.com\/tajkertesz\/\">https:\/\/www.facebook.com\/tajkertesz\/<\/a><\/p>\n<p>&nbsp;<\/p>\n<p><span style=\"color: #ffffff;\">Vastag, csupasz hajt\u00e1sai k\u00e9kesen hamvasak.<\/span><\/p>\n<p><span style=\"color: #ffffff;\">S\u00e1rga vir\u00e1gai tavasszal ny\u00edlnak, k\u00e9ksz\u00edn\u0171 gy\u00fcm\u00f6lcsei f\u00fcrt\u00f6kben d\u00edsz\u00edtenek.<\/span><\/p>\n<p><span style=\"color: #ffffff;\">Bab alak\u00fa, kb. 3 cm \u00e1tm\u00e9r\u0151j\u0171, lecs\u00fcng\u0151 term\u00e9sei\u00a0 8-10 cm hossz\u00faak \u00e9s \u00e1ltal\u00e1ban h\u00e1rmas\u00e1val n\u0151nek.<\/span><\/p>\n<p><span style=\"color: #ffffff;\">A h\u00fcvely ehet\u0151, \u00e9des zsel\u00e9szer\u0171 term\u00e9s, melyek az \u0151sz folyam\u00e1n \u00e9rnek be.<\/span><\/p>\n<p><span style=\"color: #ffffff;\">Bel\u00fcl\u00a0 kb. 1 cm \u00e1tm\u00e9r\u0151j\u0171, fekete, kem\u00e9ny magok vannak melyek nem ehet\u0151ek.\u00a0<\/span><\/p>\n<p><span style=\"color: #ffffff;\">A zsel\u00e9s gy\u00fcm\u00f6lcsh\u00fas ehet\u0151, \u00edze kellemes sokak szerint dinny\u00e9re \u00e9s ubork\u00e1ra eml\u00e9keztet\u0151 \u00edz\u0171.<\/span><\/p>\n<p><span style=\"color: #ffffff;\">M\u00e1s n\u00e9ven is ismerheted: Halott ember ujja<\/span><\/p>\n<p><span style=\"color: #ffffff;\">Szinte b\u00e1rmilyen talajon meg\u00e9l, de a sz\u00e1razs\u00e1got \u00e9s az er\u0151s t\u00e9li fagyokat rosszul t\u0171ri.<\/span><\/p>\n<p><span style=\"color: #ffffff;\">Javasoljuk d\u00e9zs\u00e1s n\u00f6v\u00e9nxyek melyet kb 3-4 \u00e9ve kor\u00e1ban c\u00e9lszer\u0171 ki\u00fcltetni \u00e9s a ki\u00fcltet\u00e9s ut\u00e1n fagyv\u00e9d\u0151 zs\u00e1kkal takarni<\/span><\/p>\n<p>&nbsp;<\/p>","protected":false},"excerpt":{"rendered":"<p>A Decaisnea fargesii K\u00e9k babfa egy k\u00fcl\u00f6nleges n\u00f6v\u00e9ny mely mind k\u00fcllem\u00e9vel, mind gy\u00fcm\u00f6lcs\u00e9vel illetve annak sz\u00edn\u00e9vel \u00e9ke lehet kertednek.<\/p>\n<p>4- m\u00e9ter magasra is n\u00f6v\u0151, sz\u00e9les cserje vagy kisebb fa.<\/p>\n<p>Vastag, csupasz hajt\u00e1sai k\u00e9kesen hamvasak.<\/p>\n<p>S\u00e1rga vir\u00e1gai tavasszal ny\u00edlnak, k\u00e9ksz\u00edn\u0171 gy\u00fcm\u00f6lcsei f\u00fcrt\u00f6kben d\u00edsz\u00edtenek.<\/p>\n<p>A h\u00fcvely tartalmazza az ehet\u0151, \u00e9des zsel\u00e9szer\u0171 term\u00e9seket, melyek az \u0151sz folyam\u00e1n \u00e9rnek be.<\/p>","protected":false},"featured_media":11017,"template":"","meta":{"_et_pb_use_builder":"","_et_pb_old_content":"","_et_gb_content_width":""},"product_brand":[],"product_cat":[29],"product_tag":[3132,3127,3131,3130,3134,3133,3129,3128],"class_list":{"0":"post-11018","1":"product","2":"type-product","3":"status-publish","4":"has-post-thumbnail","6":"product_cat-gyumolcsfak-gyumolcstermo-novenyek","7":"product_tag-babfa","8":"product_tag-decainea","9":"product_tag-dekaisznea","10":"product_tag-fargesi","11":"product_tag-halott-ember-ujja","12":"product_tag-halottember-ujja","13":"product_tag-kek-babfa","14":"product_tag-kekbabafa","16":"first","17":"outofstock","18":"shipping-taxable","19":"product-type-simple"},"yoast_head":"<!-- This site is optimized with the Yoast SEO plugin v27.5 - https:\/\/yoast.com\/product\/yoast-seo-wordpress\/ -->\n<title>Decaisnea fargesii K\u00e9k babfa - T\u00e1jkert\u00e9sz<\/title>\n<meta name=\"description\" content=\"A Decaisnea fargesii K\u00e9k babfa egy k\u00fcl\u00f6nleges n\u00f6v\u00e9ny mely mind k\u00fcllem\u00e9vel, mind gy\u00fcm\u00f6lcs\u00e9vel illetve annak sz\u00edn\u00e9vel \u00e9ke lehet kertednek.\" \/>\n<meta name=\"robots\" content=\"index, follow, max-snippet:-1, max-image-preview:large, max-video-preview:-1\" \/>\n<link rel=\"canonical\" href=\"https:\/\/tajkertesz.com\/en_US\/product\/decaisnea-fargesii-kek-babfa\/\" \/>\n<meta property=\"og:locale\" content=\"en_US\" \/>\n<meta property=\"og:type\" content=\"article\" \/>\n<meta property=\"og:title\" content=\"Decaisnea fargesii K\u00e9k babfa - T\u00e1jkert\u00e9sz\" \/>\n<meta property=\"og:description\" content=\"A Decaisnea fargesii K\u00e9k babfa egy k\u00fcl\u00f6nleges n\u00f6v\u00e9ny mely mind k\u00fcllem\u00e9vel, mind gy\u00fcm\u00f6lcs\u00e9vel illetve annak sz\u00edn\u00e9vel \u00e9ke lehet kertednek.\" \/>\n<meta property=\"og:url\" content=\"https:\/\/tajkertesz.com\/en_US\/product\/decaisnea-fargesii-kek-babfa\/\" \/>\n<meta property=\"og:site_name\" content=\"T\u00e1jkert\u00e9sz\" \/>\n<meta property=\"article:publisher\" content=\"https:\/\/www.facebook.com\/Tajkertesz\/\" \/>\n<meta property=\"article:modified_time\" content=\"2023-06-08T09:46:58+00:00\" \/>\n<meta property=\"og:image\" content=\"https:\/\/tajkertesz.com\/wp-content\/uploads\/2021\/10\/Decaisnea.jpg\" \/>\n\t<meta property=\"og:image:width\" content=\"260\" \/>\n\t<meta property=\"og:image:height\" content=\"346\" \/>\n\t<meta property=\"og:image:type\" content=\"image\/jpeg\" \/>\n<meta name=\"twitter:card\" content=\"summary_large_image\" \/>\n<meta name=\"twitter:label1\" content=\"Est. reading time\" \/>\n\t<meta name=\"twitter:data1\" content=\"2 minutes\" \/>\n<script type=\"application\/ld+json\" class=\"yoast-schema-graph\">{\"@context\":\"https:\\\/\\\/schema.org\",\"@graph\":[{\"@type\":\"WebPage\",\"@id\":\"https:\\\/\\\/tajkertesz.com\\\/termek\\\/decaisnea-fargesii-kek-babfa\\\/\",\"url\":\"https:\\\/\\\/tajkertesz.com\\\/termek\\\/decaisnea-fargesii-kek-babfa\\\/\",\"name\":\"Decaisnea fargesii K\u00e9k babfa - T\u00e1jkert\u00e9sz\",\"isPartOf\":{\"@id\":\"https:\\\/\\\/tajkertesz.com\\\/#website\"},\"primaryImageOfPage\":{\"@id\":\"https:\\\/\\\/tajkertesz.com\\\/termek\\\/decaisnea-fargesii-kek-babfa\\\/#primaryimage\"},\"image\":{\"@id\":\"https:\\\/\\\/tajkertesz.com\\\/termek\\\/decaisnea-fargesii-kek-babfa\\\/#primaryimage\"},\"thumbnailUrl\":\"https:\\\/\\\/tajkertesz.com\\\/wp-content\\\/uploads\\\/2021\\\/10\\\/Decaisnea.jpg\",\"datePublished\":\"2021-10-28T10:46:58+00:00\",\"dateModified\":\"2023-06-08T09:46:58+00:00\",\"description\":\"A Decaisnea fargesii K\u00e9k babfa egy k\u00fcl\u00f6nleges n\u00f6v\u00e9ny mely mind k\u00fcllem\u00e9vel, mind gy\u00fcm\u00f6lcs\u00e9vel illetve annak sz\u00edn\u00e9vel \u00e9ke lehet kertednek.\",\"breadcrumb\":{\"@id\":\"https:\\\/\\\/tajkertesz.com\\\/termek\\\/decaisnea-fargesii-kek-babfa\\\/#breadcrumb\"},\"inLanguage\":\"en-US\",\"potentialAction\":[{\"@type\":\"ReadAction\",\"target\":[\"https:\\\/\\\/tajkertesz.com\\\/termek\\\/decaisnea-fargesii-kek-babfa\\\/\"]}]},{\"@type\":\"ImageObject\",\"inLanguage\":\"en-US\",\"@id\":\"https:\\\/\\\/tajkertesz.com\\\/termek\\\/decaisnea-fargesii-kek-babfa\\\/#primaryimage\",\"url\":\"https:\\\/\\\/tajkertesz.com\\\/wp-content\\\/uploads\\\/2021\\\/10\\\/Decaisnea.jpg\",\"contentUrl\":\"https:\\\/\\\/tajkertesz.com\\\/wp-content\\\/uploads\\\/2021\\\/10\\\/Decaisnea.jpg\",\"width\":260,\"height\":346},{\"@type\":\"BreadcrumbList\",\"@id\":\"https:\\\/\\\/tajkertesz.com\\\/termek\\\/decaisnea-fargesii-kek-babfa\\\/#breadcrumb\",\"itemListElement\":[{\"@type\":\"ListItem\",\"position\":1,\"name\":\"Home\",\"item\":\"https:\\\/\\\/tajkertesz.com\\\/\"},{\"@type\":\"ListItem\",\"position\":2,\"name\":\"Kezd\u0151lap\",\"item\":\"https:\\\/\\\/tajkertesz.com\\\/\"},{\"@type\":\"ListItem\",\"position\":3,\"name\":\"Decaisnea fargesii K\u00e9k babfa\"}]},{\"@type\":\"WebSite\",\"@id\":\"https:\\\/\\\/tajkertesz.com\\\/#website\",\"url\":\"https:\\\/\\\/tajkertesz.com\\\/\",\"name\":\"T\u00e1j-Kert\u00e9sz 84 Kft.\",\"description\":\"Kert\u00e9szeti kis- \u00e9s nagykeresked\u00e9s, D\u00edszn\u00f6v\u00e9ny web\u00e1ruh\u00e1z orsz\u00e1gos h\u00e1zhozsz\u00e1ll\u00edt\u00e1ssal!\",\"publisher\":{\"@id\":\"https:\\\/\\\/tajkertesz.com\\\/#organization\"},\"potentialAction\":[{\"@type\":\"SearchAction\",\"target\":{\"@type\":\"EntryPoint\",\"urlTemplate\":\"https:\\\/\\\/tajkertesz.com\\\/?s={search_term_string}\"},\"query-input\":{\"@type\":\"PropertyValueSpecification\",\"valueRequired\":true,\"valueName\":\"search_term_string\"}}],\"inLanguage\":\"en-US\"},{\"@type\":\"Organization\",\"@id\":\"https:\\\/\\\/tajkertesz.com\\\/#organization\",\"name\":\"T\u00e1j-Kert\u00e9sz 84 Kft.\",\"url\":\"https:\\\/\\\/tajkertesz.com\\\/\",\"logo\":{\"@type\":\"ImageObject\",\"inLanguage\":\"en-US\",\"@id\":\"https:\\\/\\\/tajkertesz.com\\\/#\\\/schema\\\/logo\\\/image\\\/\",\"url\":\"https:\\\/\\\/tajkertesz.com\\\/wp-content\\\/uploads\\\/2018\\\/02\\\/logo-2-e1518678052539.png\",\"contentUrl\":\"https:\\\/\\\/tajkertesz.com\\\/wp-content\\\/uploads\\\/2018\\\/02\\\/logo-2-e1518678052539.png\",\"width\":81,\"height\":140,\"caption\":\"T\u00e1j-Kert\u00e9sz 84 Kft.\"},\"image\":{\"@id\":\"https:\\\/\\\/tajkertesz.com\\\/#\\\/schema\\\/logo\\\/image\\\/\"},\"sameAs\":[\"https:\\\/\\\/www.facebook.com\\\/Tajkertesz\\\/\"]}]}<\/script>\n<!-- \/ Yoast SEO plugin. -->","yoast_head_json":{"title":"Decaisnea fargesii K\u00e9k babfa - T\u00e1jkert\u00e9sz","description":"A Decaisnea fargesii K\u00e9k babfa egy k\u00fcl\u00f6nleges n\u00f6v\u00e9ny mely mind k\u00fcllem\u00e9vel, mind gy\u00fcm\u00f6lcs\u00e9vel illetve annak sz\u00edn\u00e9vel \u00e9ke lehet kertednek.","robots":{"index":"index","follow":"follow","max-snippet":"max-snippet:-1","max-image-preview":"max-image-preview:large","max-video-preview":"max-video-preview:-1"},"canonical":"https:\/\/tajkertesz.com\/en_US\/product\/decaisnea-fargesii-kek-babfa\/","og_locale":"en_US","og_type":"article","og_title":"Decaisnea fargesii K\u00e9k babfa - T\u00e1jkert\u00e9sz","og_description":"A Decaisnea fargesii K\u00e9k babfa egy k\u00fcl\u00f6nleges n\u00f6v\u00e9ny mely mind k\u00fcllem\u00e9vel, mind gy\u00fcm\u00f6lcs\u00e9vel illetve annak sz\u00edn\u00e9vel \u00e9ke lehet kertednek.","og_url":"https:\/\/tajkertesz.com\/en_US\/product\/decaisnea-fargesii-kek-babfa\/","og_site_name":"T\u00e1jkert\u00e9sz","article_publisher":"https:\/\/www.facebook.com\/Tajkertesz\/","article_modified_time":"2023-06-08T09:46:58+00:00","og_image":[{"width":260,"height":346,"url":"https:\/\/tajkertesz.com\/wp-content\/uploads\/2021\/10\/Decaisnea.jpg","type":"image\/jpeg"}],"twitter_card":"summary_large_image","twitter_misc":{"Est. reading time":"2 minutes"},"schema":{"@context":"https:\/\/schema.org","@graph":[{"@type":"WebPage","@id":"https:\/\/tajkertesz.com\/termek\/decaisnea-fargesii-kek-babfa\/","url":"https:\/\/tajkertesz.com\/termek\/decaisnea-fargesii-kek-babfa\/","name":"Decaisnea fargesii K\u00e9k babfa - T\u00e1jkert\u00e9sz","isPartOf":{"@id":"https:\/\/tajkertesz.com\/#website"},"primaryImageOfPage":{"@id":"https:\/\/tajkertesz.com\/termek\/decaisnea-fargesii-kek-babfa\/#primaryimage"},"image":{"@id":"https:\/\/tajkertesz.com\/termek\/decaisnea-fargesii-kek-babfa\/#primaryimage"},"thumbnailUrl":"https:\/\/tajkertesz.com\/wp-content\/uploads\/2021\/10\/Decaisnea.jpg","datePublished":"2021-10-28T10:46:58+00:00","dateModified":"2023-06-08T09:46:58+00:00","description":"A Decaisnea fargesii K\u00e9k babfa egy k\u00fcl\u00f6nleges n\u00f6v\u00e9ny mely mind k\u00fcllem\u00e9vel, mind gy\u00fcm\u00f6lcs\u00e9vel illetve annak sz\u00edn\u00e9vel \u00e9ke lehet kertednek.","breadcrumb":{"@id":"https:\/\/tajkertesz.com\/termek\/decaisnea-fargesii-kek-babfa\/#breadcrumb"},"inLanguage":"en-US","potentialAction":[{"@type":"ReadAction","target":["https:\/\/tajkertesz.com\/termek\/decaisnea-fargesii-kek-babfa\/"]}]},{"@type":"ImageObject","inLanguage":"en-US","@id":"https:\/\/tajkertesz.com\/termek\/decaisnea-fargesii-kek-babfa\/#primaryimage","url":"https:\/\/tajkertesz.com\/wp-content\/uploads\/2021\/10\/Decaisnea.jpg","contentUrl":"https:\/\/tajkertesz.com\/wp-content\/uploads\/2021\/10\/Decaisnea.jpg","width":260,"height":346},{"@type":"BreadcrumbList","@id":"https:\/\/tajkertesz.com\/termek\/decaisnea-fargesii-kek-babfa\/#breadcrumb","itemListElement":[{"@type":"ListItem","position":1,"name":"Home","item":"https:\/\/tajkertesz.com\/"},{"@type":"ListItem","position":2,"name":"Kezd\u0151lap","item":"https:\/\/tajkertesz.com\/"},{"@type":"ListItem","position":3,"name":"Decaisnea fargesii K\u00e9k babfa"}]},{"@type":"WebSite","@id":"https:\/\/tajkertesz.com\/#website","url":"https:\/\/tajkertesz.com\/","name":"T\u00e1j-Kert\u00e9sz 84 Kft.","description":"Kert\u00e9szeti kis- \u00e9s nagykeresked\u00e9s, D\u00edszn\u00f6v\u00e9ny web\u00e1ruh\u00e1z orsz\u00e1gos h\u00e1zhozsz\u00e1ll\u00edt\u00e1ssal!","publisher":{"@id":"https:\/\/tajkertesz.com\/#organization"},"potentialAction":[{"@type":"SearchAction","target":{"@type":"EntryPoint","urlTemplate":"https:\/\/tajkertesz.com\/?s={search_term_string}"},"query-input":{"@type":"PropertyValueSpecification","valueRequired":true,"valueName":"search_term_string"}}],"inLanguage":"en-US"},{"@type":"Organization","@id":"https:\/\/tajkertesz.com\/#organization","name":"T\u00e1j-Kert\u00e9sz 84 Kft.","url":"https:\/\/tajkertesz.com\/","logo":{"@type":"ImageObject","inLanguage":"en-US","@id":"https:\/\/tajkertesz.com\/#\/schema\/logo\/image\/","url":"https:\/\/tajkertesz.com\/wp-content\/uploads\/2018\/02\/logo-2-e1518678052539.png","contentUrl":"https:\/\/tajkertesz.com\/wp-content\/uploads\/2018\/02\/logo-2-e1518678052539.png","width":81,"height":140,"caption":"T\u00e1j-Kert\u00e9sz 84 Kft."},"image":{"@id":"https:\/\/tajkertesz.com\/#\/schema\/logo\/image\/"},"sameAs":["https:\/\/www.facebook.com\/Tajkertesz\/"]}]}},"_links":{"self":[{"href":"https:\/\/tajkertesz.com\/en_US\/wp-json\/wp\/v2\/product\/11018","targetHints":{"allow":["GET"]}}],"collection":[{"href":"https:\/\/tajkertesz.com\/en_US\/wp-json\/wp\/v2\/product"}],"about":[{"href":"https:\/\/tajkertesz.com\/en_US\/wp-json\/wp\/v2\/types\/product"}],"wp:featuredmedia":[{"embeddable":true,"href":"https:\/\/tajkertesz.com\/en_US\/wp-json\/wp\/v2\/media\/11017"}],"wp:attachment":[{"href":"https:\/\/tajkertesz.com\/en_US\/wp-json\/wp\/v2\/media?parent=11018"}],"wp:term":[{"taxonomy":"product_brand","embeddable":true,"href":"https:\/\/tajkertesz.com\/en_US\/wp-json\/wp\/v2\/product_brand?post=11018"},{"taxonomy":"product_cat","embeddable":true,"href":"https:\/\/tajkertesz.com\/en_US\/wp-json\/wp\/v2\/product_cat?post=11018"},{"taxonomy":"product_tag","embeddable":true,"href":"https:\/\/tajkertesz.com\/en_US\/wp-json\/wp\/v2\/product_tag?post=11018"}],"curies":[{"name":"wp","href":"https:\/\/api.w.org\/{rel}","templated":true}]}}