{"id":11065,"date":"2024-10-12T11:14:04","date_gmt":"2024-10-12T11:14:04","guid":{"rendered":"https:\/\/tajkertesz.com\/?post_type=product&#038;p=11065"},"modified":"2026-03-15T07:17:38","modified_gmt":"2026-03-15T07:17:38","slug":"buxus-sempervirens-puszpang","status":"publish","type":"product","link":"https:\/\/tajkertesz.com\/en_US\/product\/buxus-sempervirens-puszpang\/","title":{"rendered":"Buxus sempervirens &#8211; Puszp\u00e1ng"},"content":{"rendered":"<h1>Buxus sempervirens &#8211; Puszp\u00e1ng<\/h1>\n<p>A Buxus sempervirens &#8211; Puszp\u00e1ng egy rendk\u00edv\u00fcl n\u00e9pszer\u0171 \u00f6r\u00f6kz\u00f6ld cserje, amelyet gyakran haszn\u00e1lnak s\u00f6v\u00e9nyek, szeg\u00e9lyek \u00e9s form\u00e1ra ny\u00edrt d\u00edszn\u00f6v\u00e9nyek kialak\u00edt\u00e1s\u00e1ra. Ez a n\u00f6v\u00e9ny a Buxaceae csal\u00e1d tagja, \u00e9s eredetileg D\u00e9lnyugat-\u00c1zsi\u00e1b\u00f3l, \u00c9szak-Afrik\u00e1b\u00f3l \u00e9s D\u00e9l-Eur\u00f3p\u00e1b\u00f3l sz\u00e1rmazik.<\/p>\n<h2>A Buxus sempervirens jellemz\u0151i<\/h2>\n<p>M\u00e9ret \u00e9s n\u00f6veked\u00e9s: A puszp\u00e1ng lass\u00fa n\u00f6veked\u00e9s\u0171, de id\u0151vel ak\u00e1r 2-3 m\u00e9ter magasra is megn\u0151het, ha nem ny\u00edrj\u00e1k. S\u0171r\u0171, t\u00f6m\u00f6tt \u00e1grendszer\u00e9vel \u00e9s apr\u00f3, f\u00e9nyes, s\u00f6t\u00e9tz\u00f6ld leveleivel eg\u00e9sz \u00e9vben d\u00edsz\u00edti a kertet.<\/p>\n<p>Lombozat \u00e9s vir\u00e1gz\u00e1s: Levelei b\u0151rnem\u0171ek, elliptikus vagy hossz\u00fak\u00e1s toj\u00e1s alak\u00faak, \u00e9s \u00e1tellenesen helyezkednek el az \u00e1gakon. A levelek fels\u0151 oldala f\u00e9nyes s\u00f6t\u00e9tz\u00f6ld, m\u00edg az als\u00f3 oldala vil\u00e1gosabb z\u00f6ld. Apr\u00f3, s\u00e1rga vir\u00e1gai \u00e1prilis-m\u00e1jusban ny\u00edlnak, de nem t\u00fal felt\u0171n\u0151ek.<\/p>\n<h3>A puszp\u00e1ng gondoz\u00e1sa<\/h3>\n<p>F\u00e9nyig\u00e9ny: A puszp\u00e1ng napos vagy f\u00e9l\u00e1rny\u00e9kos helyen \u00e9rzi mag\u00e1t a legjobban. Teljes naps\u00fct\u00e9sben is j\u00f3l fejl\u0151dik, de a forr\u00f3 ny\u00e1ri napokon \u00e9rdemes \u00e1rny\u00e9kolni.<br \/>\nTalaj: Laza, j\u00f3 v\u00edzelvezet\u00e9s\u0171, t\u00e1panyagban gazdag talajt r\u00e9szes\u00edt el\u0151nyben. A talaj legyen enyh\u00e9n savany\u00fa vagy semleges.<br \/>\n\u00d6nt\u00f6z\u00e9s: K\u00f6zepes v\u00edzig\u00e9ny\u0171, de j\u00f3l t\u0171ri a sz\u00e1razs\u00e1got is. Fontos, hogy a talaj ne legyen t\u00fal nedves, mivel a pang\u00f3 vizet nem toler\u00e1lja.<br \/>\nMetsz\u00e9s: A puszp\u00e1ng kiv\u00e1l\u00f3an t\u0171ri a metsz\u00e9st, ami lehet\u0151v\u00e9 teszi k\u00fcl\u00f6nb\u00f6z\u0151 form\u00e1k kialak\u00edt\u00e1s\u00e1t. A metsz\u00e9st legjobb tavasszal vagy ny\u00e1r k\u00f6zep\u00e9n v\u00e9gezni, hogy a n\u00f6v\u00e9ny gyorsan regener\u00e1l\u00f3djon.<br \/>\nBetegs\u00e9gek \u00e9s k\u00e1rtev\u0151k: A puszp\u00e1ngot sz\u00e1mos betegs\u00e9g \u00e9s k\u00e1rtev\u0151 vesz\u00e9lyeztetheti, p\u00e9ld\u00e1ul a puszp\u00e1ng moly (Cydalima perspectalis) \u00e9s a puszp\u00e1nglev\u00e9l-betegs\u00e9g (Cylindrocladium buxicola). A rendszeres ellen\u0151rz\u00e9s \u00e9s a megfelel\u0151 n\u00f6v\u00e9nyv\u00e9delem seg\u00edthet megel\u0151zni a probl\u00e9m\u00e1kat.<\/p>\n<p>Felhaszn\u00e1l\u00e1s: A puszp\u00e1ng sokoldal\u00faan felhaszn\u00e1lhat\u00f3 a kertben. Kiv\u00e1l\u00f3an alkalmas s\u00f6v\u00e9nyek, szeg\u00e9lyek \u00e9s form\u00e1ra ny\u00edrt d\u00edszn\u00f6v\u00e9nyek kialak\u00edt\u00e1s\u00e1ra. S\u0171r\u0171 lombozata \u00e9s lass\u00fa n\u00f6veked\u00e9se miatt ide\u00e1lis v\u00e1laszt\u00e1s form\u00e1lis kertekbe \u00e9s ny\u00edrt s\u00f6v\u00e9nyekhez.<\/p>\n<p>Jelen term\u00e9k\u00fcnk 30-35 cm magas 2 literes kont\u00e9nerben kaphat\u00f3.<\/p>\n<p><strong>K\u00e9szlet\u00fcnk napi szinten v\u00e1ltozik, ez\u00e9rt k\u00e9rj\u00fck, \u00e9rdekl\u0151dj\u00f6n szem\u00e9lyesen, telefonon vagy email-en.<br \/>\nA v\u00e1ltoztat\u00e1s jog\u00e1t fenntartjuk!\u00a0<\/strong><\/p>\n<p><a href=\"https:\/\/tajkertesz.com\/\">https:\/\/tajkertesz.com\/<\/a><\/p>\n<p><a href=\"https:\/\/www.facebook.com\/tajkertesz\/\">https:\/\/www.facebook.com\/tajkertesz\/<\/a><\/p>\n<p>Kisz\u00e1ll\u00edt\u00e1s: 200cm-ig \u00e9s 40 kg-ig a sz\u00e1ll\u00edt\u00e1s fut\u00e1rszolg\u00e1lattal t\u00f6rt\u00e9nik.<\/p>\n<p>Szem\u00e9lyes \u00e1tv\u00e9tel nyitvatart\u00e1si id\u0151ben a 17. ker\u00fclet Bakancsos utca 7. sz\u00e1m alatti Kert\u00e9szeti \u00e1rud\u00e1nkban.<\/p>","protected":false},"excerpt":{"rendered":"<p>A Buxus sempervirens &#8211; Puszp\u00e1ng\u00a0 \u00a0alacsony s\u00f6v\u00e9ny kialak\u00edt\u00e1s\u00e1ra alkalmas.<\/p>\n<p>T\u00f6m\u00f6tt, lass\u00fa n\u00f6veked\u00e9s\u0171, f\u00e9nyes, apr\u00f3 level\u0171 ,1-1,5 m\u00e9ter magas, \u00f6r\u00f6kz\u00f6ld\u00a0 s\u00f6v\u00e9nycserje.<\/p>\n<p>Illatos kr\u00e9m s\u00e1rga vir\u00e1gai \u00e1prilis-m\u00e1jusban ny\u00edlnak.<\/p>\n<p>Leggyakrabban ny\u00edrt s\u00f6v\u00e9nyk\u00e9nt \u00fcltetik, mivel kit\u0171n\u0151en b\u00edrja a metsz\u00e9st \u00e9s illata miatt saj\u00e1tos hangulatot teremt.<\/p>","protected":false},"featured_media":21356,"template":"","meta":{"_et_pb_use_builder":"","_et_pb_old_content":"","_et_gb_content_width":""},"product_brand":[],"product_cat":[26],"product_tag":[790,5364,789],"class_list":{"0":"post-11065","1":"product","2":"type-product","3":"status-publish","4":"has-post-thumbnail","6":"product_cat-orokzold-novenyek","7":"product_tag-buxus","8":"product_tag-buxus-sempervirens","9":"product_tag-puszpang","11":"first","12":"instock","13":"shipping-taxable","14":"purchasable","15":"product-type-simple"},"yoast_head":"<!-- This site is optimized with the Yoast SEO plugin v27.5 - https:\/\/yoast.com\/product\/yoast-seo-wordpress\/ -->\n<title>Buxus sempervirens - Puszp\u00e1ng - T\u00e1jkert\u00e9sz<\/title>\n<meta name=\"description\" content=\"A Buxus sempervirens - Puszp\u00e1ng egy n\u00e9pszer\u0171 \u00f6r\u00f6kz\u00f6ld cserje, amelyet gyakran haszn\u00e1lnak s\u00f6v\u00e9nyek, szeg\u00e9lyek \u00e9s form\u00e1ra ny\u00edrt d\u00edszn\u00f6v\u00e9nyek kialak\u00edt\u00e1s\u00e1ra\" \/>\n<meta name=\"robots\" content=\"index, follow, max-snippet:-1, max-image-preview:large, max-video-preview:-1\" \/>\n<link rel=\"canonical\" href=\"https:\/\/tajkertesz.com\/en_US\/product\/buxus-sempervirens-puszpang\/\" \/>\n<meta property=\"og:locale\" content=\"en_US\" \/>\n<meta property=\"og:type\" content=\"article\" \/>\n<meta property=\"og:title\" content=\"Buxus sempervirens - Puszp\u00e1ng - T\u00e1jkert\u00e9sz\" \/>\n<meta property=\"og:description\" content=\"A Buxus sempervirens - Puszp\u00e1ng egy n\u00e9pszer\u0171 \u00f6r\u00f6kz\u00f6ld cserje, amelyet gyakran haszn\u00e1lnak s\u00f6v\u00e9nyek, szeg\u00e9lyek \u00e9s form\u00e1ra ny\u00edrt d\u00edszn\u00f6v\u00e9nyek kialak\u00edt\u00e1s\u00e1ra\" \/>\n<meta property=\"og:url\" content=\"https:\/\/tajkertesz.com\/en_US\/product\/buxus-sempervirens-puszpang\/\" \/>\n<meta property=\"og:site_name\" content=\"T\u00e1jkert\u00e9sz\" \/>\n<meta property=\"article:publisher\" content=\"https:\/\/www.facebook.com\/Tajkertesz\/\" \/>\n<meta property=\"article:modified_time\" content=\"2026-03-15T07:17:38+00:00\" \/>\n<meta property=\"og:image\" content=\"https:\/\/tajkertesz.com\/wp-content\/uploads\/2021\/11\/20241009_082832-scaled.jpg\" \/>\n\t<meta property=\"og:image:width\" content=\"1920\" \/>\n\t<meta property=\"og:image:height\" content=\"2560\" \/>\n\t<meta property=\"og:image:type\" content=\"image\/jpeg\" \/>\n<meta name=\"twitter:card\" content=\"summary_large_image\" \/>\n<meta name=\"twitter:label1\" content=\"Est. reading time\" \/>\n\t<meta name=\"twitter:data1\" content=\"2 minutes\" \/>\n<script type=\"application\/ld+json\" class=\"yoast-schema-graph\">{\"@context\":\"https:\\\/\\\/schema.org\",\"@graph\":[{\"@type\":\"WebPage\",\"@id\":\"https:\\\/\\\/tajkertesz.com\\\/termek\\\/buxus-sempervirens-puszpang\\\/\",\"url\":\"https:\\\/\\\/tajkertesz.com\\\/termek\\\/buxus-sempervirens-puszpang\\\/\",\"name\":\"Buxus sempervirens - Puszp\u00e1ng - T\u00e1jkert\u00e9sz\",\"isPartOf\":{\"@id\":\"https:\\\/\\\/tajkertesz.com\\\/#website\"},\"primaryImageOfPage\":{\"@id\":\"https:\\\/\\\/tajkertesz.com\\\/termek\\\/buxus-sempervirens-puszpang\\\/#primaryimage\"},\"image\":{\"@id\":\"https:\\\/\\\/tajkertesz.com\\\/termek\\\/buxus-sempervirens-puszpang\\\/#primaryimage\"},\"thumbnailUrl\":\"https:\\\/\\\/tajkertesz.com\\\/wp-content\\\/uploads\\\/2021\\\/11\\\/20241009_082832-scaled.jpg\",\"datePublished\":\"2024-10-12T11:14:04+00:00\",\"dateModified\":\"2026-03-15T07:17:38+00:00\",\"description\":\"A Buxus sempervirens - Puszp\u00e1ng egy n\u00e9pszer\u0171 \u00f6r\u00f6kz\u00f6ld cserje, amelyet gyakran haszn\u00e1lnak s\u00f6v\u00e9nyek, szeg\u00e9lyek \u00e9s form\u00e1ra ny\u00edrt d\u00edszn\u00f6v\u00e9nyek kialak\u00edt\u00e1s\u00e1ra\",\"breadcrumb\":{\"@id\":\"https:\\\/\\\/tajkertesz.com\\\/termek\\\/buxus-sempervirens-puszpang\\\/#breadcrumb\"},\"inLanguage\":\"en-US\",\"potentialAction\":[{\"@type\":\"ReadAction\",\"target\":[\"https:\\\/\\\/tajkertesz.com\\\/termek\\\/buxus-sempervirens-puszpang\\\/\"]}]},{\"@type\":\"ImageObject\",\"inLanguage\":\"en-US\",\"@id\":\"https:\\\/\\\/tajkertesz.com\\\/termek\\\/buxus-sempervirens-puszpang\\\/#primaryimage\",\"url\":\"https:\\\/\\\/tajkertesz.com\\\/wp-content\\\/uploads\\\/2021\\\/11\\\/20241009_082832-scaled.jpg\",\"contentUrl\":\"https:\\\/\\\/tajkertesz.com\\\/wp-content\\\/uploads\\\/2021\\\/11\\\/20241009_082832-scaled.jpg\",\"width\":1920,\"height\":2560,\"caption\":\"Buxus sempervirens - Puszp\u00e1ng\"},{\"@type\":\"BreadcrumbList\",\"@id\":\"https:\\\/\\\/tajkertesz.com\\\/termek\\\/buxus-sempervirens-puszpang\\\/#breadcrumb\",\"itemListElement\":[{\"@type\":\"ListItem\",\"position\":1,\"name\":\"Home\",\"item\":\"https:\\\/\\\/tajkertesz.com\\\/\"},{\"@type\":\"ListItem\",\"position\":2,\"name\":\"Kezd\u0151lap\",\"item\":\"https:\\\/\\\/tajkertesz.com\\\/\"},{\"@type\":\"ListItem\",\"position\":3,\"name\":\"Buxus sempervirens &#8211; Puszp\u00e1ng\"}]},{\"@type\":\"WebSite\",\"@id\":\"https:\\\/\\\/tajkertesz.com\\\/#website\",\"url\":\"https:\\\/\\\/tajkertesz.com\\\/\",\"name\":\"T\u00e1j-Kert\u00e9sz 84 Kft.\",\"description\":\"Kert\u00e9szeti kis- \u00e9s nagykeresked\u00e9s, D\u00edszn\u00f6v\u00e9ny web\u00e1ruh\u00e1z orsz\u00e1gos h\u00e1zhozsz\u00e1ll\u00edt\u00e1ssal!\",\"publisher\":{\"@id\":\"https:\\\/\\\/tajkertesz.com\\\/#organization\"},\"potentialAction\":[{\"@type\":\"SearchAction\",\"target\":{\"@type\":\"EntryPoint\",\"urlTemplate\":\"https:\\\/\\\/tajkertesz.com\\\/?s={search_term_string}\"},\"query-input\":{\"@type\":\"PropertyValueSpecification\",\"valueRequired\":true,\"valueName\":\"search_term_string\"}}],\"inLanguage\":\"en-US\"},{\"@type\":\"Organization\",\"@id\":\"https:\\\/\\\/tajkertesz.com\\\/#organization\",\"name\":\"T\u00e1j-Kert\u00e9sz 84 Kft.\",\"url\":\"https:\\\/\\\/tajkertesz.com\\\/\",\"logo\":{\"@type\":\"ImageObject\",\"inLanguage\":\"en-US\",\"@id\":\"https:\\\/\\\/tajkertesz.com\\\/#\\\/schema\\\/logo\\\/image\\\/\",\"url\":\"https:\\\/\\\/tajkertesz.com\\\/wp-content\\\/uploads\\\/2018\\\/02\\\/logo-2-e1518678052539.png\",\"contentUrl\":\"https:\\\/\\\/tajkertesz.com\\\/wp-content\\\/uploads\\\/2018\\\/02\\\/logo-2-e1518678052539.png\",\"width\":81,\"height\":140,\"caption\":\"T\u00e1j-Kert\u00e9sz 84 Kft.\"},\"image\":{\"@id\":\"https:\\\/\\\/tajkertesz.com\\\/#\\\/schema\\\/logo\\\/image\\\/\"},\"sameAs\":[\"https:\\\/\\\/www.facebook.com\\\/Tajkertesz\\\/\"]}]}<\/script>\n<!-- \/ Yoast SEO plugin. -->","yoast_head_json":{"title":"Buxus sempervirens - Puszp\u00e1ng - T\u00e1jkert\u00e9sz","description":"A Buxus sempervirens - Puszp\u00e1ng egy n\u00e9pszer\u0171 \u00f6r\u00f6kz\u00f6ld cserje, amelyet gyakran haszn\u00e1lnak s\u00f6v\u00e9nyek, szeg\u00e9lyek \u00e9s form\u00e1ra ny\u00edrt d\u00edszn\u00f6v\u00e9nyek kialak\u00edt\u00e1s\u00e1ra","robots":{"index":"index","follow":"follow","max-snippet":"max-snippet:-1","max-image-preview":"max-image-preview:large","max-video-preview":"max-video-preview:-1"},"canonical":"https:\/\/tajkertesz.com\/en_US\/product\/buxus-sempervirens-puszpang\/","og_locale":"en_US","og_type":"article","og_title":"Buxus sempervirens - Puszp\u00e1ng - T\u00e1jkert\u00e9sz","og_description":"A Buxus sempervirens - Puszp\u00e1ng egy n\u00e9pszer\u0171 \u00f6r\u00f6kz\u00f6ld cserje, amelyet gyakran haszn\u00e1lnak s\u00f6v\u00e9nyek, szeg\u00e9lyek \u00e9s form\u00e1ra ny\u00edrt d\u00edszn\u00f6v\u00e9nyek kialak\u00edt\u00e1s\u00e1ra","og_url":"https:\/\/tajkertesz.com\/en_US\/product\/buxus-sempervirens-puszpang\/","og_site_name":"T\u00e1jkert\u00e9sz","article_publisher":"https:\/\/www.facebook.com\/Tajkertesz\/","article_modified_time":"2026-03-15T07:17:38+00:00","og_image":[{"width":1920,"height":2560,"url":"https:\/\/tajkertesz.com\/wp-content\/uploads\/2021\/11\/20241009_082832-scaled.jpg","type":"image\/jpeg"}],"twitter_card":"summary_large_image","twitter_misc":{"Est. reading time":"2 minutes"},"schema":{"@context":"https:\/\/schema.org","@graph":[{"@type":"WebPage","@id":"https:\/\/tajkertesz.com\/termek\/buxus-sempervirens-puszpang\/","url":"https:\/\/tajkertesz.com\/termek\/buxus-sempervirens-puszpang\/","name":"Buxus sempervirens - Puszp\u00e1ng - T\u00e1jkert\u00e9sz","isPartOf":{"@id":"https:\/\/tajkertesz.com\/#website"},"primaryImageOfPage":{"@id":"https:\/\/tajkertesz.com\/termek\/buxus-sempervirens-puszpang\/#primaryimage"},"image":{"@id":"https:\/\/tajkertesz.com\/termek\/buxus-sempervirens-puszpang\/#primaryimage"},"thumbnailUrl":"https:\/\/tajkertesz.com\/wp-content\/uploads\/2021\/11\/20241009_082832-scaled.jpg","datePublished":"2024-10-12T11:14:04+00:00","dateModified":"2026-03-15T07:17:38+00:00","description":"A Buxus sempervirens - Puszp\u00e1ng egy n\u00e9pszer\u0171 \u00f6r\u00f6kz\u00f6ld cserje, amelyet gyakran haszn\u00e1lnak s\u00f6v\u00e9nyek, szeg\u00e9lyek \u00e9s form\u00e1ra ny\u00edrt d\u00edszn\u00f6v\u00e9nyek kialak\u00edt\u00e1s\u00e1ra","breadcrumb":{"@id":"https:\/\/tajkertesz.com\/termek\/buxus-sempervirens-puszpang\/#breadcrumb"},"inLanguage":"en-US","potentialAction":[{"@type":"ReadAction","target":["https:\/\/tajkertesz.com\/termek\/buxus-sempervirens-puszpang\/"]}]},{"@type":"ImageObject","inLanguage":"en-US","@id":"https:\/\/tajkertesz.com\/termek\/buxus-sempervirens-puszpang\/#primaryimage","url":"https:\/\/tajkertesz.com\/wp-content\/uploads\/2021\/11\/20241009_082832-scaled.jpg","contentUrl":"https:\/\/tajkertesz.com\/wp-content\/uploads\/2021\/11\/20241009_082832-scaled.jpg","width":1920,"height":2560,"caption":"Buxus sempervirens - Puszp\u00e1ng"},{"@type":"BreadcrumbList","@id":"https:\/\/tajkertesz.com\/termek\/buxus-sempervirens-puszpang\/#breadcrumb","itemListElement":[{"@type":"ListItem","position":1,"name":"Home","item":"https:\/\/tajkertesz.com\/"},{"@type":"ListItem","position":2,"name":"Kezd\u0151lap","item":"https:\/\/tajkertesz.com\/"},{"@type":"ListItem","position":3,"name":"Buxus sempervirens &#8211; Puszp\u00e1ng"}]},{"@type":"WebSite","@id":"https:\/\/tajkertesz.com\/#website","url":"https:\/\/tajkertesz.com\/","name":"T\u00e1j-Kert\u00e9sz 84 Kft.","description":"Kert\u00e9szeti kis- \u00e9s nagykeresked\u00e9s, D\u00edszn\u00f6v\u00e9ny web\u00e1ruh\u00e1z orsz\u00e1gos h\u00e1zhozsz\u00e1ll\u00edt\u00e1ssal!","publisher":{"@id":"https:\/\/tajkertesz.com\/#organization"},"potentialAction":[{"@type":"SearchAction","target":{"@type":"EntryPoint","urlTemplate":"https:\/\/tajkertesz.com\/?s={search_term_string}"},"query-input":{"@type":"PropertyValueSpecification","valueRequired":true,"valueName":"search_term_string"}}],"inLanguage":"en-US"},{"@type":"Organization","@id":"https:\/\/tajkertesz.com\/#organization","name":"T\u00e1j-Kert\u00e9sz 84 Kft.","url":"https:\/\/tajkertesz.com\/","logo":{"@type":"ImageObject","inLanguage":"en-US","@id":"https:\/\/tajkertesz.com\/#\/schema\/logo\/image\/","url":"https:\/\/tajkertesz.com\/wp-content\/uploads\/2018\/02\/logo-2-e1518678052539.png","contentUrl":"https:\/\/tajkertesz.com\/wp-content\/uploads\/2018\/02\/logo-2-e1518678052539.png","width":81,"height":140,"caption":"T\u00e1j-Kert\u00e9sz 84 Kft."},"image":{"@id":"https:\/\/tajkertesz.com\/#\/schema\/logo\/image\/"},"sameAs":["https:\/\/www.facebook.com\/Tajkertesz\/"]}]}},"_links":{"self":[{"href":"https:\/\/tajkertesz.com\/en_US\/wp-json\/wp\/v2\/product\/11065","targetHints":{"allow":["GET"]}}],"collection":[{"href":"https:\/\/tajkertesz.com\/en_US\/wp-json\/wp\/v2\/product"}],"about":[{"href":"https:\/\/tajkertesz.com\/en_US\/wp-json\/wp\/v2\/types\/product"}],"wp:featuredmedia":[{"embeddable":true,"href":"https:\/\/tajkertesz.com\/en_US\/wp-json\/wp\/v2\/media\/21356"}],"wp:attachment":[{"href":"https:\/\/tajkertesz.com\/en_US\/wp-json\/wp\/v2\/media?parent=11065"}],"wp:term":[{"taxonomy":"product_brand","embeddable":true,"href":"https:\/\/tajkertesz.com\/en_US\/wp-json\/wp\/v2\/product_brand?post=11065"},{"taxonomy":"product_cat","embeddable":true,"href":"https:\/\/tajkertesz.com\/en_US\/wp-json\/wp\/v2\/product_cat?post=11065"},{"taxonomy":"product_tag","embeddable":true,"href":"https:\/\/tajkertesz.com\/en_US\/wp-json\/wp\/v2\/product_tag?post=11065"}],"curies":[{"name":"wp","href":"https:\/\/api.w.org\/{rel}","templated":true}]}}