{"id":11095,"date":"2021-11-05T10:49:26","date_gmt":"2021-11-05T10:49:26","guid":{"rendered":"https:\/\/tajkertesz.com\/?post_type=product&#038;p=11095"},"modified":"2026-02-24T12:47:43","modified_gmt":"2026-02-24T12:47:43","slug":"euonymus-japonicus-microphyllus-albovariegatus-kecskerago","status":"publish","type":"product","link":"https:\/\/tajkertesz.com\/en_US\/product\/euonymus-japonicus-microphyllus-albovariegatus-kecskerago\/","title":{"rendered":"Euonymus japonicus \u2018Microphyllus Albovariegatus\u2019 \u2013 Kecsker\u00e1g\u00f3"},"content":{"rendered":"<h1 class=\"product-page-heading\">Euonymus japonicus \u2018Microphyllus Albovariegatus\u2019 \u2013 Kecsker\u00e1g\u00f3<\/h1>\n<p data-start=\"506\" data-end=\"929\">Az Euonymus japonicus \u2018Microphyllus Albovariegatus\u2019 \u2013 Kislevel\u0171 jap\u00e1n kecsker\u00e1g\u00f3\u00a0egy feh\u00e9rtarka kislevel\u0171 \u00f6r\u00f6kz\u00f6ld, lass\u00fa n\u00f6veked\u00e9s\u0171, kompakt megjelen\u00e9s\u0171 d\u00edszcserje, mely eg\u00e9sz \u00e9vben mutat\u00f3s kis m\u00e9ret\u0171, feh\u00e9r-z\u00f6ld tarka leveleivel. A fajta k\u00fcl\u00f6nlegess\u00e9ge az apr\u00f3, t\u00f6m\u00f6tt, f\u00e9nyes lomb, ami j\u00f3l viseli a form\u00e1z\u00e1st \u00e9s metsz\u00e9st, ez\u00e9rt ide\u00e1lis s\u00f6v\u00e9nynek, szeg\u00e9lyn\u00f6v\u00e9nyk\u00e9nt, bonsai jelleggel, vagy ak\u00e1r d\u00e9zs\u00e1s ki\u00fcltet\u00e9sre is.<\/p>\n<h2 data-start=\"506\" data-end=\"929\">Euonymus japonicus \u2018Microphyllus Albovariegatus\u2019 jellemz\u0151i<\/h2>\n<p data-start=\"931\" data-end=\"1205\">A kislevel\u0171 jap\u00e1n kecsker\u00e1g\u00f3 kis m\u00e9rete \u00e9s szab\u00e1lyos alakja miatt alacsony t\u00e9rhat\u00e1rol\u00f3k\u00e9nt vagy form\u00e1lis kertekbe kiv\u00e1l\u00f3 v\u00e1laszt\u00e1s. A levelek k\u00f6zep\u00e9n s\u00f6t\u00e9tz\u00f6ld, a sz\u00e9leken feh\u00e9r szeg\u00e9llyel d\u00edsz\u00edtett lombozat eg\u00e9sz \u00e9vben d\u00edsz\u00edt, r\u00e1ad\u00e1sul fagyt\u0171r\u0151 \u00e9s j\u00f3l alkalmazkodik a k\u00f6rnyezeti viszonyokhoz.<\/p>\n<ul data-start=\"1227\" data-end=\"1492\">\n<li data-start=\"1227\" data-end=\"1247\">\n<p data-start=\"1229\" data-end=\"1247\">Magass\u00e1g: 30\u201360 cm<\/p>\n<\/li>\n<li data-start=\"1248\" data-end=\"1285\">\n<p data-start=\"1250\" data-end=\"1285\">N\u00f6veked\u00e9s: lass\u00fa, t\u00f6m\u00f6tt, kislevel\u0171<\/p>\n<\/li>\n<li data-start=\"1286\" data-end=\"1330\">\n<p data-start=\"1288\" data-end=\"1330\">Lombozat: \u00f6r\u00f6kz\u00f6ld, feh\u00e9r-z\u00f6ld tarka, apr\u00f3<\/p>\n<\/li>\n<li data-start=\"1331\" data-end=\"1363\">\n<p data-start=\"1333\" data-end=\"1363\">F\u00e9nyig\u00e9ny: napos \u2013 f\u00e9l\u00e1rny\u00e9kos<\/p>\n<\/li>\n<li data-start=\"1364\" data-end=\"1413\">\n<p data-start=\"1366\" data-end=\"1413\">Talajig\u00e9ny: j\u00f3 v\u00edz\u00e1tereszt\u0151, t\u00e1panyagban gazdag<\/p>\n<\/li>\n<li data-start=\"1414\" data-end=\"1441\">\n<p data-start=\"1416\" data-end=\"1441\">T\u00e9l\u00e1ll\u00f3s\u00e1g: j\u00f3 (Z\u00f3na 6\u20137)<\/p>\n<\/li>\n<li data-start=\"1442\" data-end=\"1492\">\n<p data-start=\"1444\" data-end=\"1492\">Gondoz\u00e1s: kev\u00e9s metsz\u00e9st ig\u00e9nyel, j\u00f3l form\u00e1zhat\u00f3<\/p>\n<\/li>\n<\/ul>\n<p data-start=\"1494\" data-end=\"1687\">A <strong data-start=\"1496\" data-end=\"1529\">&#8216;Microphyllus Albovariegatus&#8217;<\/strong> t\u00f6k\u00e9letes v\u00e1laszt\u00e1s form\u00e1lis kertekbe, alacsony s\u00f6v\u00e9nynek, jap\u00e1nkertekbe, s\u00edrkertekbe vagy kis terekbe, ahol az apr\u00f3l\u00e9kosan kidolgozott r\u00e9szletek domin\u00e1lnak.<\/p>\n<h4><strong>\ud83d\udd04 K\u00e9szletinform\u00e1ci\u00f3<\/strong><\/h4>\n<p><strong>K\u00e9szlet\u00fcnk napi szinten v\u00e1ltozik, \u00edgy a webshopban szerepl<\/strong><strong>\u0151<\/strong><strong> term\u00e9kek el\u00e9rhet<\/strong><strong>\u0151<\/strong><strong>s\u00e9ge nem garant\u00e1lt.<br \/>\n\ud83d\udcde A megrendel\u00e9s el<\/strong><strong>\u0151<\/strong><strong>tt k\u00e9rj\u00fck, \u00e9rdekl<\/strong><strong>\u0151<\/strong><strong>dj\u00f6n szem\u00e9lyesen, telefonon vagy e-mailben!<\/strong><\/p>\n<h4><strong>\u27a1\ufe0f Kapcsolat:<\/strong><\/h4>\n<ul>\n<li><strong>Weboldal: <\/strong><a href=\"https:\/\/tajkertesz.com\"><strong>tajkertesz.com<\/strong><\/a><\/li>\n<li><strong>Facebook: <\/strong><a href=\"https:\/\/www.facebook.com\/tajkertesz\/\"><strong>facebook.com\/tajkertesz<\/strong><\/a><\/li>\n<li><strong>Telefonsz\u00e1m, e-mail: +36\/20-319-3770 <\/strong><a href=\"mailto:tajkerteszaruda@gmail.com\"><strong>tajkerteszaruda@gmail.com<\/strong><\/a><\/li>\n<\/ul>\n<h4><strong>\ud83d\ude9a Sz\u00e1ll\u00edt\u00e1si inform\u00e1ci\u00f3k<\/strong><\/h4>\n<p><strong>A megrendelt n\u00f6v\u00e9nyek kisz\u00e1ll\u00edt\u00e1sa az al\u00e1bbi felt\u00e9telek mellett t\u00f6rt\u00e9nik:<\/strong><\/p>\n<h4><strong>\ud83d\udce6 Fut\u00e1rszolg\u00e1latos sz\u00e1ll\u00edt\u00e1s<\/strong><\/h4>\n<ul>\n<li><strong>Maxim\u00e1lis m\u00e9ret: 200 cm (hossz\u00fas\u00e1g)<\/strong><\/li>\n<li><strong>Maxim\u00e1lis s\u00faly: 40 kg<\/strong><\/li>\n<li><strong>Az enn\u00e9l kisebb \u00e9s k\u00f6nnyebb csomagokat fut\u00e1rszolg\u00e1lattal k\u00e9zbes\u00edtj\u00fck a lehet<\/strong><strong>\u0151<\/strong><strong> legbiztons\u00e1gosabb csomagol\u00e1sban.<\/strong><\/li>\n<\/ul>\n<h4><strong>\ud83d\udefb Szem\u00e9lyes \u00e1tv\u00e9tel<\/strong><\/h4>\n<ul>\n<li><strong>1173 Budapest, Bakancsos utca 7. sz\u00e1m alatt nyitvatart\u00e1si id<\/strong><strong>\u0151<\/strong><strong>ben szem\u00e9lyesen \u00e1tvehet<\/strong><strong>\u0151<\/strong><strong> kert\u00e9szeti \u00e1rud\u00e1nkban.<\/strong><\/li>\n<li><strong>K\u00f6lts\u00e9ghat\u00e9kony megold\u00e1s nagyobb, t\u00f6r\u00e9kenyebb vagy t\u00falm\u00e9retes n\u00f6v\u00e9nyek eset\u00e9n.<\/strong><\/li>\n<\/ul>\n<h4><strong>\ud83d\udcde Nagy m\u00e9ret<\/strong><strong>\u0171<\/strong><strong> vagy s\u00faly\u00fa n\u00f6v\u00e9nyek eset\u00e9n<\/strong><\/h4>\n<p><strong>Ha a term\u00e9k:<\/strong><\/p>\n<ul>\n<li><strong>meghaladja a 200 cm hossz\u00fas\u00e1got vagy<\/strong><\/li>\n<li><strong>meghaladja a 40 kg s\u00falyt,<\/strong><\/li>\n<\/ul>\n<p><strong>akkor szem\u00e9lyes \u00e1tv\u00e9tellel vagy egyedi, el<\/strong><strong>\u0151<\/strong><strong>re egyeztetett sz\u00e1ll\u00edt\u00e1si felt\u00e9telek mellett t\u00f6rt\u00e9nik.<br \/>\nK\u00e9rj\u00fck, ilyen esetben rendel\u00e9s el<\/strong><strong>\u0151<\/strong><strong>tt vegye fel vel\u00fcnk a kapcsolatot, hogy a lehet<\/strong><strong>\u0151<\/strong><strong> legmegfelel<\/strong><strong>\u0151<\/strong><strong>bb sz\u00e1ll\u00edt\u00e1si megold\u00e1st k\u00edn\u00e1lhassuk.<\/strong><\/p>\n<p><strong>\ud83d\udd14 Fontos: A n\u00f6v\u00e9nyeket minden esetben igyeksz\u00fcnk gondosan, egyes\u00e9vel csomagolni, azonban a sz\u00e1ll\u00edt\u00e1s sor\u00e1n kisebb eszt\u00e9tikai s\u00e9r\u00fcl\u00e9sek el<\/strong><strong>\u0151<\/strong><strong>fordulhatnak (pl. lev\u00e9lhull\u00e1s). Ez nem min<\/strong><strong>\u0151<\/strong><strong>s\u00fcl hib\u00e1s teljes\u00edt\u00e9snek.<\/strong><\/p>\n<h4><strong>\ud83d\udcf7 Fontos tudni a k\u00e9pekr<\/strong><strong>\u0151<\/strong><strong>l<\/strong><\/h4>\n<p><strong>A webshopban szerepl<\/strong><strong>\u0151<\/strong><strong> k\u00e9pek illusztr\u00e1ci\u00f3k, a n\u00f6v\u00e9nyek term\u00e9szet\u00fckn\u00e9l fogva egyediek, \u00edgy m\u00e9retben, alakban \u00e9s sz\u00ednben minim\u00e1lis elt\u00e9r\u00e9sek el<\/strong><strong>\u0151<\/strong><strong>fordulhatnak a k\u00e9pen l\u00e1that\u00f3 \u00e9s a val\u00f3s p\u00e9ld\u00e1nyok k\u00f6z\u00f6tt.<\/strong><\/p>\n<h4><strong>\ud83e\uddfe \u00c1rak \u00e9s el\u00e1ll\u00e1si jog<\/strong><\/h4>\n<ul>\n<li><strong>Az \u00e1rak egy darab\u00a0n\u00f6v\u00e9nyre vonatkoznak.<\/strong><\/li>\n<li><strong>\u00c9l<\/strong><strong>\u0151<\/strong><strong> n\u00f6v\u00e9nyek rendel\u00e9se eset\u00e9n a 14 napos el\u00e1ll\u00e1s joga nem \u00e9rv\u00e9nyes\u00edthet<\/strong><strong>\u0151<\/strong><strong>, mivel azok romland\u00f3, biol\u00f3giailag \u00e9l<\/strong><strong>\u0151<\/strong><strong> term\u00e9keknek min<\/strong><strong>\u0151<\/strong><strong>s\u00fclnek.<br \/>\n\ud83d\udd12 (17\/1999. (II. 5.) Korm. rendelet 5. \u00a7 c) pontja alapj\u00e1n)<\/strong><\/li>\n<\/ul>\n<h4><strong>\ud83d\udce6 K\u00e9zbes\u00edt\u00e9s ut\u00e1ni teend<\/strong><strong>\u0151<\/strong><strong>k<\/strong><\/h4>\n<p><strong>A k\u00e9zbes\u00edt\u00e9st k\u00f6vet<\/strong><strong>\u0151<\/strong><strong>en a csomagot azonnal bontsuk ki, \u00e9s a n\u00f6v\u00e9nyt helyezz\u00fck el megfelel<\/strong><strong>\u0151<\/strong><strong> k\u00f6rnyezetben.<br \/>\nFontos: ha a n\u00f6v\u00e9ny nem r\u00e9szes\u00fcl megfelel<\/strong><strong>\u0151<\/strong><strong> gondoz\u00e1sban \u00e9s ennek k\u00f6vetkezt\u00e9ben k\u00e1rosodik vagy elpusztul, felel<\/strong><strong>\u0151<\/strong><strong>ss\u00e9get nem tudunk v\u00e1llalni.<\/strong><\/p>","protected":false},"excerpt":{"rendered":"<p>Az <strong data-start=\"1724\" data-end=\"1766\">Euonymus &#8216;Microphyllus Albovariegatus&#8217;<\/strong> kislevel\u0171, feh\u00e9r-z\u00f6ld tarka \u00f6r\u00f6kz\u00f6ld d\u00edszcserje. Lass\u00fa n\u00f6veked\u00e9s\u0171, j\u00f3l ny\u00edrhat\u00f3, ide\u00e1lis szeg\u00e9lyn\u00f6v\u00e9ny vagy bonsai c\u00e9lra is.<\/p>\n<p>A n\u00f6v\u00e9ny m\u00e9rete: 10\/15 cm magas, 10,5 cm-es cser\u00e9pben.<\/p>\n<h4><strong>\u27a1\ufe0f Kapcsolat:<\/strong><\/h4>\n<ul>\n<li><strong>Weboldal: <\/strong><a href=\"https:\/\/tajkertesz.com\"><strong>tajkertesz.com<\/strong><\/a><\/li>\n<li><strong>Facebook: <\/strong><a href=\"https:\/\/www.facebook.com\/tajkertesz\/\"><strong>facebook.com\/tajkertesz<\/strong><\/a><\/li>\n<li><strong>Telefonsz\u00e1m, e-mail: +36\/20-319-3770 <\/strong><a href=\"mailto:tajkerteszaruda@gmail.com\"><strong>tajkerteszaruda@gmail.com<\/strong><\/a><\/li>\n<\/ul>","protected":false},"featured_media":24109,"template":"","meta":{"_et_pb_use_builder":"","_et_pb_old_content":"","_et_gb_content_width":""},"product_brand":[],"product_cat":[26],"product_tag":[6204,5849,7714,5189,6394,7858,4994,6513],"class_list":{"0":"post-11095","1":"product","2":"type-product","3":"status-publish","4":"has-post-thumbnail","6":"product_cat-orokzold-novenyek","7":"product_tag-alacsony-soveny","8":"product_tag-diszcserje","9":"product_tag-edenyes-noveny","10":"product_tag-euonymus-japonicus","11":"product_tag-kerti-noveny","12":"product_tag-kislevelu-japan-kecskerago","13":"product_tag-orokzold-cserje","14":"product_tag-tarka-levelu-noveny","16":"first","17":"outofstock","18":"shipping-taxable","19":"purchasable","20":"product-type-simple"},"yoast_head":"<!-- This site is optimized with the Yoast SEO plugin v27.3 - https:\/\/yoast.com\/product\/yoast-seo-wordpress\/ -->\n<title>Euonymus japonicus \u2018Microphyllus Albovariegatus\u2019 \u2013 Kecsker\u00e1g\u00f3 - T\u00e1jkert\u00e9sz<\/title>\n<meta name=\"description\" content=\"Euonymus japonicus \u2018Microphyllus Albovariegatus\u2019 \u2013 Kecsker\u00e1g\u00f3 feh\u00e9rtarka \u00f6r\u00f6kz\u00f6ld cserje. Lass\u00fa n\u00f6veked\u00e9s\u0171, ide\u00e1lis szeg\u00e9lyn\u00f6v\u00e9ny.\" \/>\n<meta name=\"robots\" content=\"index, follow, max-snippet:-1, max-image-preview:large, max-video-preview:-1\" \/>\n<link rel=\"canonical\" href=\"https:\/\/tajkertesz.com\/en_US\/product\/euonymus-japonicus-microphyllus-albovariegatus-kecskerago\/\" \/>\n<meta property=\"og:locale\" content=\"en_US\" \/>\n<meta property=\"og:type\" content=\"article\" \/>\n<meta property=\"og:title\" content=\"Euonymus japonicus \u2018Microphyllus Albovariegatus\u2019 \u2013 Kecsker\u00e1g\u00f3 - T\u00e1jkert\u00e9sz\" \/>\n<meta property=\"og:description\" content=\"Euonymus japonicus \u2018Microphyllus Albovariegatus\u2019 \u2013 Kecsker\u00e1g\u00f3 feh\u00e9rtarka \u00f6r\u00f6kz\u00f6ld cserje. Lass\u00fa n\u00f6veked\u00e9s\u0171, ide\u00e1lis szeg\u00e9lyn\u00f6v\u00e9ny.\" \/>\n<meta property=\"og:url\" content=\"https:\/\/tajkertesz.com\/en_US\/product\/euonymus-japonicus-microphyllus-albovariegatus-kecskerago\/\" \/>\n<meta property=\"og:site_name\" content=\"T\u00e1jkert\u00e9sz\" \/>\n<meta property=\"article:publisher\" content=\"https:\/\/www.facebook.com\/Tajkertesz\/\" \/>\n<meta property=\"article:modified_time\" content=\"2026-02-24T12:47:43+00:00\" \/>\n<meta property=\"og:image\" content=\"https:\/\/tajkertesz.com\/wp-content\/uploads\/2021\/11\/20250801_155901-scaled.jpg\" \/>\n\t<meta property=\"og:image:width\" content=\"2206\" \/>\n\t<meta property=\"og:image:height\" content=\"2560\" \/>\n\t<meta property=\"og:image:type\" content=\"image\/jpeg\" \/>\n<meta name=\"twitter:card\" content=\"summary_large_image\" \/>\n<meta name=\"twitter:label1\" content=\"Est. reading time\" \/>\n\t<meta name=\"twitter:data1\" content=\"3 minutes\" \/>\n<script type=\"application\/ld+json\" class=\"yoast-schema-graph\">{\"@context\":\"https:\\\/\\\/schema.org\",\"@graph\":[{\"@type\":\"WebPage\",\"@id\":\"https:\\\/\\\/tajkertesz.com\\\/termek\\\/euonymus-japonicus-microphyllus-albovariegatus-kecskerago\\\/\",\"url\":\"https:\\\/\\\/tajkertesz.com\\\/termek\\\/euonymus-japonicus-microphyllus-albovariegatus-kecskerago\\\/\",\"name\":\"Euonymus japonicus \u2018Microphyllus Albovariegatus\u2019 \u2013 Kecsker\u00e1g\u00f3 - T\u00e1jkert\u00e9sz\",\"isPartOf\":{\"@id\":\"https:\\\/\\\/tajkertesz.com\\\/#website\"},\"primaryImageOfPage\":{\"@id\":\"https:\\\/\\\/tajkertesz.com\\\/termek\\\/euonymus-japonicus-microphyllus-albovariegatus-kecskerago\\\/#primaryimage\"},\"image\":{\"@id\":\"https:\\\/\\\/tajkertesz.com\\\/termek\\\/euonymus-japonicus-microphyllus-albovariegatus-kecskerago\\\/#primaryimage\"},\"thumbnailUrl\":\"https:\\\/\\\/tajkertesz.com\\\/wp-content\\\/uploads\\\/2021\\\/11\\\/20250801_155901-scaled.jpg\",\"datePublished\":\"2021-11-05T10:49:26+00:00\",\"dateModified\":\"2026-02-24T12:47:43+00:00\",\"description\":\"Euonymus japonicus \u2018Microphyllus Albovariegatus\u2019 \u2013 Kecsker\u00e1g\u00f3 feh\u00e9rtarka \u00f6r\u00f6kz\u00f6ld cserje. Lass\u00fa n\u00f6veked\u00e9s\u0171, ide\u00e1lis szeg\u00e9lyn\u00f6v\u00e9ny.\",\"breadcrumb\":{\"@id\":\"https:\\\/\\\/tajkertesz.com\\\/termek\\\/euonymus-japonicus-microphyllus-albovariegatus-kecskerago\\\/#breadcrumb\"},\"inLanguage\":\"en-US\",\"potentialAction\":[{\"@type\":\"ReadAction\",\"target\":[\"https:\\\/\\\/tajkertesz.com\\\/termek\\\/euonymus-japonicus-microphyllus-albovariegatus-kecskerago\\\/\"]}]},{\"@type\":\"ImageObject\",\"inLanguage\":\"en-US\",\"@id\":\"https:\\\/\\\/tajkertesz.com\\\/termek\\\/euonymus-japonicus-microphyllus-albovariegatus-kecskerago\\\/#primaryimage\",\"url\":\"https:\\\/\\\/tajkertesz.com\\\/wp-content\\\/uploads\\\/2021\\\/11\\\/20250801_155901-scaled.jpg\",\"contentUrl\":\"https:\\\/\\\/tajkertesz.com\\\/wp-content\\\/uploads\\\/2021\\\/11\\\/20250801_155901-scaled.jpg\",\"width\":2206,\"height\":2560,\"caption\":\"Euonymus japonicus \u2018Microphyllus Albovariegatus\u2019 \u2013 Kislevel\u0171 jap\u00e1n kecsker\u00e1g\u00f3\"},{\"@type\":\"BreadcrumbList\",\"@id\":\"https:\\\/\\\/tajkertesz.com\\\/termek\\\/euonymus-japonicus-microphyllus-albovariegatus-kecskerago\\\/#breadcrumb\",\"itemListElement\":[{\"@type\":\"ListItem\",\"position\":1,\"name\":\"Home\",\"item\":\"https:\\\/\\\/tajkertesz.com\\\/\"},{\"@type\":\"ListItem\",\"position\":2,\"name\":\"Kezd\u0151lap\",\"item\":\"https:\\\/\\\/tajkertesz.com\\\/\"},{\"@type\":\"ListItem\",\"position\":3,\"name\":\"Euonymus japonicus \u2018Microphyllus Albovariegatus\u2019 \u2013 Kecsker\u00e1g\u00f3\"}]},{\"@type\":\"WebSite\",\"@id\":\"https:\\\/\\\/tajkertesz.com\\\/#website\",\"url\":\"https:\\\/\\\/tajkertesz.com\\\/\",\"name\":\"T\u00e1j-Kert\u00e9sz 84 Kft.\",\"description\":\"Kert\u00e9szeti kis- \u00e9s nagykeresked\u00e9s, D\u00edszn\u00f6v\u00e9ny web\u00e1ruh\u00e1z orsz\u00e1gos h\u00e1zhozsz\u00e1ll\u00edt\u00e1ssal!\",\"publisher\":{\"@id\":\"https:\\\/\\\/tajkertesz.com\\\/#organization\"},\"potentialAction\":[{\"@type\":\"SearchAction\",\"target\":{\"@type\":\"EntryPoint\",\"urlTemplate\":\"https:\\\/\\\/tajkertesz.com\\\/?s={search_term_string}\"},\"query-input\":{\"@type\":\"PropertyValueSpecification\",\"valueRequired\":true,\"valueName\":\"search_term_string\"}}],\"inLanguage\":\"en-US\"},{\"@type\":\"Organization\",\"@id\":\"https:\\\/\\\/tajkertesz.com\\\/#organization\",\"name\":\"T\u00e1j-Kert\u00e9sz 84 Kft.\",\"url\":\"https:\\\/\\\/tajkertesz.com\\\/\",\"logo\":{\"@type\":\"ImageObject\",\"inLanguage\":\"en-US\",\"@id\":\"https:\\\/\\\/tajkertesz.com\\\/#\\\/schema\\\/logo\\\/image\\\/\",\"url\":\"https:\\\/\\\/tajkertesz.com\\\/wp-content\\\/uploads\\\/2018\\\/02\\\/logo-2-e1518678052539.png\",\"contentUrl\":\"https:\\\/\\\/tajkertesz.com\\\/wp-content\\\/uploads\\\/2018\\\/02\\\/logo-2-e1518678052539.png\",\"width\":81,\"height\":140,\"caption\":\"T\u00e1j-Kert\u00e9sz 84 Kft.\"},\"image\":{\"@id\":\"https:\\\/\\\/tajkertesz.com\\\/#\\\/schema\\\/logo\\\/image\\\/\"},\"sameAs\":[\"https:\\\/\\\/www.facebook.com\\\/Tajkertesz\\\/\"]}]}<\/script>\n<!-- \/ Yoast SEO plugin. -->","yoast_head_json":{"title":"Euonymus japonicus \u2018Microphyllus Albovariegatus\u2019 \u2013 Kecsker\u00e1g\u00f3 - T\u00e1jkert\u00e9sz","description":"Euonymus japonicus \u2018Microphyllus Albovariegatus\u2019 \u2013 Kecsker\u00e1g\u00f3 feh\u00e9rtarka \u00f6r\u00f6kz\u00f6ld cserje. Lass\u00fa n\u00f6veked\u00e9s\u0171, ide\u00e1lis szeg\u00e9lyn\u00f6v\u00e9ny.","robots":{"index":"index","follow":"follow","max-snippet":"max-snippet:-1","max-image-preview":"max-image-preview:large","max-video-preview":"max-video-preview:-1"},"canonical":"https:\/\/tajkertesz.com\/en_US\/product\/euonymus-japonicus-microphyllus-albovariegatus-kecskerago\/","og_locale":"en_US","og_type":"article","og_title":"Euonymus japonicus \u2018Microphyllus Albovariegatus\u2019 \u2013 Kecsker\u00e1g\u00f3 - T\u00e1jkert\u00e9sz","og_description":"Euonymus japonicus \u2018Microphyllus Albovariegatus\u2019 \u2013 Kecsker\u00e1g\u00f3 feh\u00e9rtarka \u00f6r\u00f6kz\u00f6ld cserje. Lass\u00fa n\u00f6veked\u00e9s\u0171, ide\u00e1lis szeg\u00e9lyn\u00f6v\u00e9ny.","og_url":"https:\/\/tajkertesz.com\/en_US\/product\/euonymus-japonicus-microphyllus-albovariegatus-kecskerago\/","og_site_name":"T\u00e1jkert\u00e9sz","article_publisher":"https:\/\/www.facebook.com\/Tajkertesz\/","article_modified_time":"2026-02-24T12:47:43+00:00","og_image":[{"width":2206,"height":2560,"url":"https:\/\/tajkertesz.com\/wp-content\/uploads\/2021\/11\/20250801_155901-scaled.jpg","type":"image\/jpeg"}],"twitter_card":"summary_large_image","twitter_misc":{"Est. reading time":"3 minutes"},"schema":{"@context":"https:\/\/schema.org","@graph":[{"@type":"WebPage","@id":"https:\/\/tajkertesz.com\/termek\/euonymus-japonicus-microphyllus-albovariegatus-kecskerago\/","url":"https:\/\/tajkertesz.com\/termek\/euonymus-japonicus-microphyllus-albovariegatus-kecskerago\/","name":"Euonymus japonicus \u2018Microphyllus Albovariegatus\u2019 \u2013 Kecsker\u00e1g\u00f3 - T\u00e1jkert\u00e9sz","isPartOf":{"@id":"https:\/\/tajkertesz.com\/#website"},"primaryImageOfPage":{"@id":"https:\/\/tajkertesz.com\/termek\/euonymus-japonicus-microphyllus-albovariegatus-kecskerago\/#primaryimage"},"image":{"@id":"https:\/\/tajkertesz.com\/termek\/euonymus-japonicus-microphyllus-albovariegatus-kecskerago\/#primaryimage"},"thumbnailUrl":"https:\/\/tajkertesz.com\/wp-content\/uploads\/2021\/11\/20250801_155901-scaled.jpg","datePublished":"2021-11-05T10:49:26+00:00","dateModified":"2026-02-24T12:47:43+00:00","description":"Euonymus japonicus \u2018Microphyllus Albovariegatus\u2019 \u2013 Kecsker\u00e1g\u00f3 feh\u00e9rtarka \u00f6r\u00f6kz\u00f6ld cserje. Lass\u00fa n\u00f6veked\u00e9s\u0171, ide\u00e1lis szeg\u00e9lyn\u00f6v\u00e9ny.","breadcrumb":{"@id":"https:\/\/tajkertesz.com\/termek\/euonymus-japonicus-microphyllus-albovariegatus-kecskerago\/#breadcrumb"},"inLanguage":"en-US","potentialAction":[{"@type":"ReadAction","target":["https:\/\/tajkertesz.com\/termek\/euonymus-japonicus-microphyllus-albovariegatus-kecskerago\/"]}]},{"@type":"ImageObject","inLanguage":"en-US","@id":"https:\/\/tajkertesz.com\/termek\/euonymus-japonicus-microphyllus-albovariegatus-kecskerago\/#primaryimage","url":"https:\/\/tajkertesz.com\/wp-content\/uploads\/2021\/11\/20250801_155901-scaled.jpg","contentUrl":"https:\/\/tajkertesz.com\/wp-content\/uploads\/2021\/11\/20250801_155901-scaled.jpg","width":2206,"height":2560,"caption":"Euonymus japonicus \u2018Microphyllus Albovariegatus\u2019 \u2013 Kislevel\u0171 jap\u00e1n kecsker\u00e1g\u00f3"},{"@type":"BreadcrumbList","@id":"https:\/\/tajkertesz.com\/termek\/euonymus-japonicus-microphyllus-albovariegatus-kecskerago\/#breadcrumb","itemListElement":[{"@type":"ListItem","position":1,"name":"Home","item":"https:\/\/tajkertesz.com\/"},{"@type":"ListItem","position":2,"name":"Kezd\u0151lap","item":"https:\/\/tajkertesz.com\/"},{"@type":"ListItem","position":3,"name":"Euonymus japonicus \u2018Microphyllus Albovariegatus\u2019 \u2013 Kecsker\u00e1g\u00f3"}]},{"@type":"WebSite","@id":"https:\/\/tajkertesz.com\/#website","url":"https:\/\/tajkertesz.com\/","name":"T\u00e1j-Kert\u00e9sz 84 Kft.","description":"Kert\u00e9szeti kis- \u00e9s nagykeresked\u00e9s, D\u00edszn\u00f6v\u00e9ny web\u00e1ruh\u00e1z orsz\u00e1gos h\u00e1zhozsz\u00e1ll\u00edt\u00e1ssal!","publisher":{"@id":"https:\/\/tajkertesz.com\/#organization"},"potentialAction":[{"@type":"SearchAction","target":{"@type":"EntryPoint","urlTemplate":"https:\/\/tajkertesz.com\/?s={search_term_string}"},"query-input":{"@type":"PropertyValueSpecification","valueRequired":true,"valueName":"search_term_string"}}],"inLanguage":"en-US"},{"@type":"Organization","@id":"https:\/\/tajkertesz.com\/#organization","name":"T\u00e1j-Kert\u00e9sz 84 Kft.","url":"https:\/\/tajkertesz.com\/","logo":{"@type":"ImageObject","inLanguage":"en-US","@id":"https:\/\/tajkertesz.com\/#\/schema\/logo\/image\/","url":"https:\/\/tajkertesz.com\/wp-content\/uploads\/2018\/02\/logo-2-e1518678052539.png","contentUrl":"https:\/\/tajkertesz.com\/wp-content\/uploads\/2018\/02\/logo-2-e1518678052539.png","width":81,"height":140,"caption":"T\u00e1j-Kert\u00e9sz 84 Kft."},"image":{"@id":"https:\/\/tajkertesz.com\/#\/schema\/logo\/image\/"},"sameAs":["https:\/\/www.facebook.com\/Tajkertesz\/"]}]}},"_links":{"self":[{"href":"https:\/\/tajkertesz.com\/en_US\/wp-json\/wp\/v2\/product\/11095","targetHints":{"allow":["GET"]}}],"collection":[{"href":"https:\/\/tajkertesz.com\/en_US\/wp-json\/wp\/v2\/product"}],"about":[{"href":"https:\/\/tajkertesz.com\/en_US\/wp-json\/wp\/v2\/types\/product"}],"wp:featuredmedia":[{"embeddable":true,"href":"https:\/\/tajkertesz.com\/en_US\/wp-json\/wp\/v2\/media\/24109"}],"wp:attachment":[{"href":"https:\/\/tajkertesz.com\/en_US\/wp-json\/wp\/v2\/media?parent=11095"}],"wp:term":[{"taxonomy":"product_brand","embeddable":true,"href":"https:\/\/tajkertesz.com\/en_US\/wp-json\/wp\/v2\/product_brand?post=11095"},{"taxonomy":"product_cat","embeddable":true,"href":"https:\/\/tajkertesz.com\/en_US\/wp-json\/wp\/v2\/product_cat?post=11095"},{"taxonomy":"product_tag","embeddable":true,"href":"https:\/\/tajkertesz.com\/en_US\/wp-json\/wp\/v2\/product_tag?post=11095"}],"curies":[{"name":"wp","href":"https:\/\/api.w.org\/{rel}","templated":true}]}}