{"id":11115,"date":"2021-11-10T06:49:01","date_gmt":"2021-11-10T06:49:01","guid":{"rendered":"https:\/\/tajkertesz.com\/?post_type=product&#038;p=11115"},"modified":"2026-04-07T06:10:44","modified_gmt":"2026-04-07T06:10:44","slug":"buxus-sempervirens-suffruticosa-puszpang-kupra-nyirt-2","status":"publish","type":"product","link":"https:\/\/tajkertesz.com\/en_US\/product\/buxus-sempervirens-suffruticosa-puszpang-kupra-nyirt-2\/","title":{"rendered":"Buxus sempervirens &#8216;Suffruticosa&#8217; &#8211; Puszp\u00e1ng k\u00fapra ny\u00edrt"},"content":{"rendered":"<h4>Buxus sempervirens &#8216;Suffruticosa&#8217; &#8211; Puszp\u00e1ng k\u00fapra ny\u00edrt<\/h4>\n<div class=\"thumbinner\">\n<div class=\"thumbcaption\">\n<p data-start=\"696\" data-end=\"1006\">A <strong data-start=\"698\" data-end=\"735\">Buxus sempervirens &#8216;Suffruticosa&#8217;<\/strong>, azaz <strong data-start=\"742\" data-end=\"760\">t\u00f6rpe puszp\u00e1ng<\/strong>, egy lassan n\u00f6v\u0151, s\u0171r\u0171, \u00f6r\u00f6kz\u00f6ld cserje, amely ide\u00e1lis <strong data-start=\"816\" data-end=\"863\">alacsony s\u00f6v\u00e9nynek, szeg\u00e9lyek kialak\u00edt\u00e1s\u00e1ra<\/strong>, illetve <strong data-start=\"873\" data-end=\"893\">form\u00e1ra ny\u00edr\u00e1sra<\/strong>. T\u00f6m\u00f6tt, g\u00f6mb\u00f6lyded habitusa miatt gyakran v\u00e1lasztj\u00e1k <strong data-start=\"948\" data-end=\"989\">francia st\u00edlus\u00fa kertek, ny\u00edrt \u00e1gy\u00e1sok<\/strong> keretez\u00e9s\u00e9re is.<\/p>\n<p data-start=\"1008\" data-end=\"1148\">T\u00e9l\u00e1ll\u00f3, j\u00f3l t\u0171ri a metsz\u00e9st, \u00e9s kiv\u00e1l\u00f3an reag\u00e1l a rendszeres form\u00e1z\u00e1sra. Kisebb kertekbe, sziklakertekbe, s\u00edrok szeg\u00e9lyez\u00e9s\u00e9re is alkalmas.<\/p>\n<h4 data-start=\"1150\" data-end=\"1172\">\u2b50 F\u0151bb jellemz\u0151k:<\/h4>\n<ul data-start=\"1173\" data-end=\"1497\">\n<li data-start=\"1173\" data-end=\"1214\">\n<p data-start=\"1175\" data-end=\"1214\"><strong data-start=\"1175\" data-end=\"1188\">Magass\u00e1g:<\/strong> max. 50\u201380 cm (lassan n\u0151)<\/p>\n<\/li>\n<li data-start=\"1215\" data-end=\"1253\">\n<p data-start=\"1217\" data-end=\"1253\"><strong data-start=\"1217\" data-end=\"1231\">Sz\u00e9less\u00e9g:<\/strong> hasonl\u00f3, g\u00f6mb\u00f6s forma<\/p>\n<\/li>\n<li data-start=\"1254\" data-end=\"1297\">\n<p data-start=\"1256\" data-end=\"1297\"><strong data-start=\"1256\" data-end=\"1266\">Lev\u00e9l:<\/strong> apr\u00f3, ov\u00e1lis, f\u00e9nyes s\u00f6t\u00e9tz\u00f6ld<\/p>\n<\/li>\n<li data-start=\"1298\" data-end=\"1342\">\n<p data-start=\"1300\" data-end=\"1342\"><strong data-start=\"1300\" data-end=\"1312\">Habitus:<\/strong> s\u0171r\u0171, kompakt, j\u00f3l alak\u00edthat\u00f3<\/p>\n<\/li>\n<li data-start=\"1343\" data-end=\"1392\">\n<p data-start=\"1345\" data-end=\"1392\"><strong data-start=\"1345\" data-end=\"1359\">F\u00e9nyig\u00e9ny:<\/strong> napos\u2013f\u00e9l\u00e1rny\u00e9kos helyet kedveli<\/p>\n<\/li>\n<li data-start=\"1393\" data-end=\"1461\">\n<p data-start=\"1395\" data-end=\"1461\"><strong data-start=\"1395\" data-end=\"1410\">Talajig\u00e9ny:<\/strong> j\u00f3 v\u00edz\u00e1tereszt\u0151, t\u00e1panyagd\u00fas, meszes talajt kedvel<\/p>\n<\/li>\n<li data-start=\"1462\" data-end=\"1497\">\n<p data-start=\"1464\" data-end=\"1497\"><strong data-start=\"1464\" data-end=\"1479\">T\u00e9l\u00e1ll\u00f3s\u00e1g:<\/strong> kiv\u00e1l\u00f3 (z\u00f3na 5\u20136)<\/p>\n<\/li>\n<\/ul>\n<h4 data-start=\"1499\" data-end=\"1515\">\ud83c\udf3f El\u0151ny\u00f6k:<\/h4>\n<ul data-start=\"1516\" data-end=\"1703\">\n<li data-start=\"1516\" data-end=\"1561\">\n<p data-start=\"1518\" data-end=\"1561\">Lass\u00fa n\u00f6veked\u00e9s \u2013 k\u00f6nnyen kord\u00e1ban tarthat\u00f3<\/p>\n<\/li>\n<li data-start=\"1562\" data-end=\"1601\">\n<p data-start=\"1564\" data-end=\"1601\">Ny\u00edr\u00e1s ut\u00e1n s\u0171r\u0171s\u00f6dik, t\u00f6m\u00f6tt habitus<\/p>\n<\/li>\n<li data-start=\"1602\" data-end=\"1635\">\n<p data-start=\"1604\" data-end=\"1635\">Eg\u00e9sz \u00e9vben dekorat\u00edv, \u00f6r\u00f6kz\u00f6ld<\/p>\n<\/li>\n<li data-start=\"1636\" data-end=\"1703\">\n<p data-start=\"1638\" data-end=\"1703\">Kiv\u00e1l\u00f3 v\u00e1laszt\u00e1s geometrikus kertekbe, parterekbe, s\u00edrkertekbe is.<\/p>\n<\/li>\n<\/ul>\n<h4><strong>\ud83d\udd04 K\u00e9szletinform\u00e1ci\u00f3<\/strong><\/h4>\n<p><strong>K\u00e9szlet\u00fcnk napi szinten v\u00e1ltozik, \u00edgy a webshopban szerepl<\/strong><strong>\u0151<\/strong><strong>\u00a0term\u00e9kek el\u00e9rhet<\/strong><strong>\u0151<\/strong><strong>s\u00e9ge nem garant\u00e1lt.<br \/>\n\ud83d\udcde A megrendel\u00e9s el<\/strong><strong>\u0151<\/strong><strong>tt k\u00e9rj\u00fck, \u00e9rdekl<\/strong><strong>\u0151<\/strong><strong>dj\u00f6n szem\u00e9lyesen, telefonon vagy e-mailben!<\/strong><\/p>\n<h4><strong>\u27a1\ufe0f Kapcsolat:<\/strong><\/h4>\n<ul>\n<li><strong>Weboldal:\u00a0<\/strong><a href=\"https:\/\/tajkertesz.com\/\"><strong>tajkertesz.com<\/strong><\/a><\/li>\n<li><strong>Facebook:\u00a0<\/strong><a href=\"https:\/\/www.facebook.com\/tajkertesz\/\"><strong>facebook.com\/tajkertesz<\/strong><\/a><\/li>\n<li><strong>Telefonsz\u00e1m, e-mail: +36\/20-319-3770\u00a0<\/strong><a href=\"mailto:tajkerteszaruda@gmail.com\"><strong>tajkerteszaruda@gmail.com<\/strong><\/a><\/li>\n<\/ul>\n<h4><strong>\ud83d\ude9a Sz\u00e1ll\u00edt\u00e1si inform\u00e1ci\u00f3k<\/strong><\/h4>\n<p><strong>A megrendelt n\u00f6v\u00e9nyek kisz\u00e1ll\u00edt\u00e1sa az al\u00e1bbi felt\u00e9telek mellett t\u00f6rt\u00e9nik:<\/strong><\/p>\n<h4><strong>\ud83d\udce6 Fut\u00e1rszolg\u00e1latos sz\u00e1ll\u00edt\u00e1s<\/strong><\/h4>\n<ul>\n<li><strong>Maxim\u00e1lis m\u00e9ret: 200 cm (hossz\u00fas\u00e1g)<\/strong><\/li>\n<li><strong>Maxim\u00e1lis s\u00faly: 40 kg<\/strong><\/li>\n<li><strong>Az enn\u00e9l kisebb \u00e9s k\u00f6nnyebb csomagokat fut\u00e1rszolg\u00e1lattal k\u00e9zbes\u00edtj\u00fck a lehet<\/strong><strong>\u0151<\/strong><strong>\u00a0legbiztons\u00e1gosabb csomagol\u00e1sban.<\/strong><\/li>\n<\/ul>\n<h4><strong>\ud83d\udefb Szem\u00e9lyes \u00e1tv\u00e9tel<\/strong><\/h4>\n<ul>\n<li><strong>1173 Budapest, Bakancsos utca 7. sz\u00e1m alatt nyitvatart\u00e1si id<\/strong><strong>\u0151<\/strong><strong>ben szem\u00e9lyesen \u00e1tvehet<\/strong><strong>\u0151<\/strong><strong>\u00a0kert\u00e9szeti \u00e1rud\u00e1nkban.<\/strong><\/li>\n<li><strong>K\u00f6lts\u00e9ghat\u00e9kony megold\u00e1s nagyobb, t\u00f6r\u00e9kenyebb vagy t\u00falm\u00e9retes n\u00f6v\u00e9nyek eset\u00e9n.<\/strong><\/li>\n<\/ul>\n<h4><strong>\ud83d\udcde Nagy m\u00e9ret<\/strong><strong>\u0171<\/strong><strong>\u00a0vagy s\u00faly\u00fa n\u00f6v\u00e9nyek eset\u00e9n<\/strong><\/h4>\n<p><strong>Ha a term\u00e9k:<\/strong><\/p>\n<ul>\n<li><strong>meghaladja a 200 cm hossz\u00fas\u00e1got vagy<\/strong><\/li>\n<li><strong>meghaladja a 40 kg s\u00falyt,<\/strong><\/li>\n<\/ul>\n<p><strong>akkor szem\u00e9lyes \u00e1tv\u00e9tellel vagy egyedi, el<\/strong><strong>\u0151<\/strong><strong>re egyeztetett sz\u00e1ll\u00edt\u00e1si felt\u00e9telek mellett t\u00f6rt\u00e9nik.<br \/>\nK\u00e9rj\u00fck, ilyen esetben rendel\u00e9s el<\/strong><strong>\u0151<\/strong><strong>tt vegye fel vel\u00fcnk a kapcsolatot, hogy a lehet<\/strong><strong>\u0151<\/strong><strong>\u00a0legmegfelel<\/strong><strong>\u0151<\/strong><strong>bb sz\u00e1ll\u00edt\u00e1si megold\u00e1st k\u00edn\u00e1lhassuk.<\/strong><\/p>\n<p><strong>\ud83d\udd14 Fontos: A n\u00f6v\u00e9nyeket minden esetben igyeksz\u00fcnk gondosan, egyes\u00e9vel csomagolni, azonban a sz\u00e1ll\u00edt\u00e1s sor\u00e1n kisebb eszt\u00e9tikai s\u00e9r\u00fcl\u00e9sek el<\/strong><strong>\u0151<\/strong><strong>fordulhatnak (pl. lev\u00e9lhull\u00e1s). Ez nem min<\/strong><strong>\u0151<\/strong><strong>s\u00fcl hib\u00e1s teljes\u00edt\u00e9snek.<\/strong><\/p>\n<h4><strong>\ud83d\udcf7 Fontos tudni a k\u00e9pekr<\/strong><strong>\u0151<\/strong><strong>l<\/strong><\/h4>\n<p><strong>A webshopban szerepl<\/strong><strong>\u0151<\/strong><strong>\u00a0k\u00e9pek illusztr\u00e1ci\u00f3k, a n\u00f6v\u00e9nyek term\u00e9szet\u00fckn\u00e9l fogva egyediek, \u00edgy m\u00e9retben, alakban \u00e9s sz\u00ednben minim\u00e1lis elt\u00e9r\u00e9sek el<\/strong><strong>\u0151<\/strong><strong>fordulhatnak a k\u00e9pen l\u00e1that\u00f3 \u00e9s a val\u00f3s p\u00e9ld\u00e1nyok k\u00f6z\u00f6tt.<\/strong><\/p>\n<h4><strong>\ud83e\uddfe \u00c1rak \u00e9s el\u00e1ll\u00e1si jog<\/strong><\/h4>\n<ul>\n<li><strong>Az \u00e1rak egy darab\u00a0n\u00f6v\u00e9nyre vonatkoznak.<\/strong><\/li>\n<li><strong>\u00c9l<\/strong><strong>\u0151<\/strong><strong>\u00a0n\u00f6v\u00e9nyek rendel\u00e9se eset\u00e9n a 14 napos el\u00e1ll\u00e1s joga nem \u00e9rv\u00e9nyes\u00edthet<\/strong><strong>\u0151<\/strong><strong>, mivel azok romland\u00f3, biol\u00f3giailag \u00e9l<\/strong><strong>\u0151<\/strong><strong>\u00a0term\u00e9keknek min<\/strong><strong>\u0151<\/strong><strong>s\u00fclnek.<br \/>\n\ud83d\udd12 (17\/1999. (II. 5.) Korm. rendelet 5. \u00a7 c) pontja alapj\u00e1n)<\/strong><\/li>\n<\/ul>\n<h4><strong>\ud83d\udce6 K\u00e9zbes\u00edt\u00e9s ut\u00e1ni teend<\/strong><strong>\u0151<\/strong><strong>k<\/strong><\/h4>\n<p><strong>A k\u00e9zbes\u00edt\u00e9st k\u00f6vet<\/strong><strong>\u0151<\/strong><strong>en a csomagot azonnal bontsuk ki, \u00e9s a n\u00f6v\u00e9nyt helyezz\u00fck el megfelel<\/strong><strong>\u0151<\/strong><strong>\u00a0k\u00f6rnyezetben.<br \/>\nFontos: ha a n\u00f6v\u00e9ny nem r\u00e9szes\u00fcl megfelel<\/strong><strong>\u0151<\/strong><strong>\u00a0gondoz\u00e1sban \u00e9s ennek k\u00f6vetkezt\u00e9ben k\u00e1rosodik vagy elpusztul, felel<\/strong><strong>\u0151<\/strong><strong>ss\u00e9get nem tudunk v\u00e1llalni.<\/strong><\/p>\n<\/div>\n<\/div>","protected":false},"excerpt":{"rendered":"<p>T\u00f6m\u00f6tt, lassan n\u00f6v\u0151 \u00f6r\u00f6kz\u00f6ld cserje. Kiv\u00e1l\u00f3an alkalmas alacsony s\u00f6v\u00e9nyek, szeg\u00e9lyek kialak\u00edt\u00e1s\u00e1ra, form\u00e1z\u00e1sra. Eg\u00e9sz \u00e9vben z\u00f6ld, t\u00e9l\u00e1ll\u00f3.<\/p>\n<p>M\u00e9rete: 80\/100 cm magas, 7.5 literes kont\u00e9nerben.<\/p>","protected":false},"featured_media":24823,"template":"","meta":{"_et_pb_use_builder":"","_et_pb_old_content":"","_et_gb_content_width":""},"product_brand":[],"product_cat":[26],"product_tag":[797,5849,7134,6206,7133,24,5874,7132],"class_list":{"0":"post-11115","1":"product","2":"type-product","3":"status-publish","4":"has-post-thumbnail","6":"product_cat-orokzold-novenyek","7":"product_tag-buxus-sempervirens-suffruticosa","8":"product_tag-diszcserje","9":"product_tag-formara-nyirhato","10":"product_tag-lassan-novo","11":"product_tag-nyirott-soveny","12":"product_tag-orokzold","13":"product_tag-szegelynoveny","14":"product_tag-torpe-puszpang","16":"first","17":"instock","18":"shipping-taxable","19":"purchasable","20":"product-type-simple"},"yoast_head":"<!-- This site is optimized with the Yoast SEO plugin v27.4 - https:\/\/yoast.com\/product\/yoast-seo-wordpress\/ -->\n<title>Buxus sempervirens &#039;Suffruticosa&#039; - Puszp\u00e1ng k\u00fapra ny\u00edrt - T\u00e1jkert\u00e9sz<\/title>\n<meta name=\"description\" content=\"Buxus sempervirens &#039;Suffruticosa&#039; - Puszp\u00e1ng k\u00fapra ny\u00edrt lass\u00fa n\u00f6veked\u00e9s\u0171, s\u0171r\u0171 \u00f6r\u00f6kz\u00f6ld s\u00f6v\u00e9nyn\u00f6v\u00e9ny. Szeg\u00e9lyekhez, form\u00e1ra ny\u00edr\u00e1shoz ide\u00e1lis.\" \/>\n<meta name=\"robots\" content=\"index, follow, max-snippet:-1, max-image-preview:large, max-video-preview:-1\" \/>\n<link rel=\"canonical\" href=\"https:\/\/tajkertesz.com\/en_US\/product\/buxus-sempervirens-suffruticosa-puszpang-kupra-nyirt-2\/\" \/>\n<meta property=\"og:locale\" content=\"en_US\" \/>\n<meta property=\"og:type\" content=\"article\" \/>\n<meta property=\"og:title\" content=\"Buxus sempervirens &#039;Suffruticosa&#039; - Puszp\u00e1ng k\u00fapra ny\u00edrt - T\u00e1jkert\u00e9sz\" \/>\n<meta property=\"og:description\" content=\"Buxus sempervirens &#039;Suffruticosa&#039; - Puszp\u00e1ng k\u00fapra ny\u00edrt lass\u00fa n\u00f6veked\u00e9s\u0171, s\u0171r\u0171 \u00f6r\u00f6kz\u00f6ld s\u00f6v\u00e9nyn\u00f6v\u00e9ny. Szeg\u00e9lyekhez, form\u00e1ra ny\u00edr\u00e1shoz ide\u00e1lis.\" \/>\n<meta property=\"og:url\" content=\"https:\/\/tajkertesz.com\/en_US\/product\/buxus-sempervirens-suffruticosa-puszpang-kupra-nyirt-2\/\" \/>\n<meta property=\"og:site_name\" content=\"T\u00e1jkert\u00e9sz\" \/>\n<meta property=\"article:publisher\" content=\"https:\/\/www.facebook.com\/Tajkertesz\/\" \/>\n<meta property=\"article:modified_time\" content=\"2026-04-07T06:10:44+00:00\" \/>\n<meta property=\"og:image\" content=\"https:\/\/tajkertesz.com\/wp-content\/uploads\/2021\/11\/20251007_150926-1-scaled.jpg\" \/>\n\t<meta property=\"og:image:width\" content=\"1631\" \/>\n\t<meta property=\"og:image:height\" content=\"2560\" \/>\n\t<meta property=\"og:image:type\" content=\"image\/jpeg\" \/>\n<meta name=\"twitter:card\" content=\"summary_large_image\" \/>\n<meta name=\"twitter:label1\" content=\"Est. reading time\" \/>\n\t<meta name=\"twitter:data1\" content=\"3 minutes\" \/>\n<script type=\"application\/ld+json\" class=\"yoast-schema-graph\">{\"@context\":\"https:\\\/\\\/schema.org\",\"@graph\":[{\"@type\":\"WebPage\",\"@id\":\"https:\\\/\\\/tajkertesz.com\\\/termek\\\/buxus-sempervirens-suffruticosa-puszpang-kupra-nyirt-2\\\/\",\"url\":\"https:\\\/\\\/tajkertesz.com\\\/termek\\\/buxus-sempervirens-suffruticosa-puszpang-kupra-nyirt-2\\\/\",\"name\":\"Buxus sempervirens 'Suffruticosa' - Puszp\u00e1ng k\u00fapra ny\u00edrt - T\u00e1jkert\u00e9sz\",\"isPartOf\":{\"@id\":\"https:\\\/\\\/tajkertesz.com\\\/#website\"},\"primaryImageOfPage\":{\"@id\":\"https:\\\/\\\/tajkertesz.com\\\/termek\\\/buxus-sempervirens-suffruticosa-puszpang-kupra-nyirt-2\\\/#primaryimage\"},\"image\":{\"@id\":\"https:\\\/\\\/tajkertesz.com\\\/termek\\\/buxus-sempervirens-suffruticosa-puszpang-kupra-nyirt-2\\\/#primaryimage\"},\"thumbnailUrl\":\"https:\\\/\\\/tajkertesz.com\\\/wp-content\\\/uploads\\\/2021\\\/11\\\/20251007_150926-1-scaled.jpg\",\"datePublished\":\"2021-11-10T06:49:01+00:00\",\"dateModified\":\"2026-04-07T06:10:44+00:00\",\"description\":\"Buxus sempervirens 'Suffruticosa' - Puszp\u00e1ng k\u00fapra ny\u00edrt lass\u00fa n\u00f6veked\u00e9s\u0171, s\u0171r\u0171 \u00f6r\u00f6kz\u00f6ld s\u00f6v\u00e9nyn\u00f6v\u00e9ny. Szeg\u00e9lyekhez, form\u00e1ra ny\u00edr\u00e1shoz ide\u00e1lis.\",\"breadcrumb\":{\"@id\":\"https:\\\/\\\/tajkertesz.com\\\/termek\\\/buxus-sempervirens-suffruticosa-puszpang-kupra-nyirt-2\\\/#breadcrumb\"},\"inLanguage\":\"en-US\",\"potentialAction\":[{\"@type\":\"ReadAction\",\"target\":[\"https:\\\/\\\/tajkertesz.com\\\/termek\\\/buxus-sempervirens-suffruticosa-puszpang-kupra-nyirt-2\\\/\"]}]},{\"@type\":\"ImageObject\",\"inLanguage\":\"en-US\",\"@id\":\"https:\\\/\\\/tajkertesz.com\\\/termek\\\/buxus-sempervirens-suffruticosa-puszpang-kupra-nyirt-2\\\/#primaryimage\",\"url\":\"https:\\\/\\\/tajkertesz.com\\\/wp-content\\\/uploads\\\/2021\\\/11\\\/20251007_150926-1-scaled.jpg\",\"contentUrl\":\"https:\\\/\\\/tajkertesz.com\\\/wp-content\\\/uploads\\\/2021\\\/11\\\/20251007_150926-1-scaled.jpg\",\"width\":1631,\"height\":2560,\"caption\":\"Buxus sempervirens 'Suffruticosa' - Puszp\u00e1ng k\u00fapra ny\u00edrt\"},{\"@type\":\"BreadcrumbList\",\"@id\":\"https:\\\/\\\/tajkertesz.com\\\/termek\\\/buxus-sempervirens-suffruticosa-puszpang-kupra-nyirt-2\\\/#breadcrumb\",\"itemListElement\":[{\"@type\":\"ListItem\",\"position\":1,\"name\":\"Home\",\"item\":\"https:\\\/\\\/tajkertesz.com\\\/\"},{\"@type\":\"ListItem\",\"position\":2,\"name\":\"Kezd\u0151lap\",\"item\":\"https:\\\/\\\/tajkertesz.com\\\/\"},{\"@type\":\"ListItem\",\"position\":3,\"name\":\"Buxus sempervirens &#8216;Suffruticosa&#8217; &#8211; Puszp\u00e1ng k\u00fapra ny\u00edrt\"}]},{\"@type\":\"WebSite\",\"@id\":\"https:\\\/\\\/tajkertesz.com\\\/#website\",\"url\":\"https:\\\/\\\/tajkertesz.com\\\/\",\"name\":\"T\u00e1j-Kert\u00e9sz 84 Kft.\",\"description\":\"Kert\u00e9szeti kis- \u00e9s nagykeresked\u00e9s, D\u00edszn\u00f6v\u00e9ny web\u00e1ruh\u00e1z orsz\u00e1gos h\u00e1zhozsz\u00e1ll\u00edt\u00e1ssal!\",\"publisher\":{\"@id\":\"https:\\\/\\\/tajkertesz.com\\\/#organization\"},\"potentialAction\":[{\"@type\":\"SearchAction\",\"target\":{\"@type\":\"EntryPoint\",\"urlTemplate\":\"https:\\\/\\\/tajkertesz.com\\\/?s={search_term_string}\"},\"query-input\":{\"@type\":\"PropertyValueSpecification\",\"valueRequired\":true,\"valueName\":\"search_term_string\"}}],\"inLanguage\":\"en-US\"},{\"@type\":\"Organization\",\"@id\":\"https:\\\/\\\/tajkertesz.com\\\/#organization\",\"name\":\"T\u00e1j-Kert\u00e9sz 84 Kft.\",\"url\":\"https:\\\/\\\/tajkertesz.com\\\/\",\"logo\":{\"@type\":\"ImageObject\",\"inLanguage\":\"en-US\",\"@id\":\"https:\\\/\\\/tajkertesz.com\\\/#\\\/schema\\\/logo\\\/image\\\/\",\"url\":\"https:\\\/\\\/tajkertesz.com\\\/wp-content\\\/uploads\\\/2018\\\/02\\\/logo-2-e1518678052539.png\",\"contentUrl\":\"https:\\\/\\\/tajkertesz.com\\\/wp-content\\\/uploads\\\/2018\\\/02\\\/logo-2-e1518678052539.png\",\"width\":81,\"height\":140,\"caption\":\"T\u00e1j-Kert\u00e9sz 84 Kft.\"},\"image\":{\"@id\":\"https:\\\/\\\/tajkertesz.com\\\/#\\\/schema\\\/logo\\\/image\\\/\"},\"sameAs\":[\"https:\\\/\\\/www.facebook.com\\\/Tajkertesz\\\/\"]}]}<\/script>\n<!-- \/ Yoast SEO plugin. -->","yoast_head_json":{"title":"Buxus sempervirens 'Suffruticosa' - Puszp\u00e1ng k\u00fapra ny\u00edrt - T\u00e1jkert\u00e9sz","description":"Buxus sempervirens 'Suffruticosa' - Puszp\u00e1ng k\u00fapra ny\u00edrt lass\u00fa n\u00f6veked\u00e9s\u0171, s\u0171r\u0171 \u00f6r\u00f6kz\u00f6ld s\u00f6v\u00e9nyn\u00f6v\u00e9ny. Szeg\u00e9lyekhez, form\u00e1ra ny\u00edr\u00e1shoz ide\u00e1lis.","robots":{"index":"index","follow":"follow","max-snippet":"max-snippet:-1","max-image-preview":"max-image-preview:large","max-video-preview":"max-video-preview:-1"},"canonical":"https:\/\/tajkertesz.com\/en_US\/product\/buxus-sempervirens-suffruticosa-puszpang-kupra-nyirt-2\/","og_locale":"en_US","og_type":"article","og_title":"Buxus sempervirens 'Suffruticosa' - Puszp\u00e1ng k\u00fapra ny\u00edrt - T\u00e1jkert\u00e9sz","og_description":"Buxus sempervirens 'Suffruticosa' - Puszp\u00e1ng k\u00fapra ny\u00edrt lass\u00fa n\u00f6veked\u00e9s\u0171, s\u0171r\u0171 \u00f6r\u00f6kz\u00f6ld s\u00f6v\u00e9nyn\u00f6v\u00e9ny. Szeg\u00e9lyekhez, form\u00e1ra ny\u00edr\u00e1shoz ide\u00e1lis.","og_url":"https:\/\/tajkertesz.com\/en_US\/product\/buxus-sempervirens-suffruticosa-puszpang-kupra-nyirt-2\/","og_site_name":"T\u00e1jkert\u00e9sz","article_publisher":"https:\/\/www.facebook.com\/Tajkertesz\/","article_modified_time":"2026-04-07T06:10:44+00:00","og_image":[{"width":1631,"height":2560,"url":"https:\/\/tajkertesz.com\/wp-content\/uploads\/2021\/11\/20251007_150926-1-scaled.jpg","type":"image\/jpeg"}],"twitter_card":"summary_large_image","twitter_misc":{"Est. reading time":"3 minutes"},"schema":{"@context":"https:\/\/schema.org","@graph":[{"@type":"WebPage","@id":"https:\/\/tajkertesz.com\/termek\/buxus-sempervirens-suffruticosa-puszpang-kupra-nyirt-2\/","url":"https:\/\/tajkertesz.com\/termek\/buxus-sempervirens-suffruticosa-puszpang-kupra-nyirt-2\/","name":"Buxus sempervirens 'Suffruticosa' - Puszp\u00e1ng k\u00fapra ny\u00edrt - T\u00e1jkert\u00e9sz","isPartOf":{"@id":"https:\/\/tajkertesz.com\/#website"},"primaryImageOfPage":{"@id":"https:\/\/tajkertesz.com\/termek\/buxus-sempervirens-suffruticosa-puszpang-kupra-nyirt-2\/#primaryimage"},"image":{"@id":"https:\/\/tajkertesz.com\/termek\/buxus-sempervirens-suffruticosa-puszpang-kupra-nyirt-2\/#primaryimage"},"thumbnailUrl":"https:\/\/tajkertesz.com\/wp-content\/uploads\/2021\/11\/20251007_150926-1-scaled.jpg","datePublished":"2021-11-10T06:49:01+00:00","dateModified":"2026-04-07T06:10:44+00:00","description":"Buxus sempervirens 'Suffruticosa' - Puszp\u00e1ng k\u00fapra ny\u00edrt lass\u00fa n\u00f6veked\u00e9s\u0171, s\u0171r\u0171 \u00f6r\u00f6kz\u00f6ld s\u00f6v\u00e9nyn\u00f6v\u00e9ny. Szeg\u00e9lyekhez, form\u00e1ra ny\u00edr\u00e1shoz ide\u00e1lis.","breadcrumb":{"@id":"https:\/\/tajkertesz.com\/termek\/buxus-sempervirens-suffruticosa-puszpang-kupra-nyirt-2\/#breadcrumb"},"inLanguage":"en-US","potentialAction":[{"@type":"ReadAction","target":["https:\/\/tajkertesz.com\/termek\/buxus-sempervirens-suffruticosa-puszpang-kupra-nyirt-2\/"]}]},{"@type":"ImageObject","inLanguage":"en-US","@id":"https:\/\/tajkertesz.com\/termek\/buxus-sempervirens-suffruticosa-puszpang-kupra-nyirt-2\/#primaryimage","url":"https:\/\/tajkertesz.com\/wp-content\/uploads\/2021\/11\/20251007_150926-1-scaled.jpg","contentUrl":"https:\/\/tajkertesz.com\/wp-content\/uploads\/2021\/11\/20251007_150926-1-scaled.jpg","width":1631,"height":2560,"caption":"Buxus sempervirens 'Suffruticosa' - Puszp\u00e1ng k\u00fapra ny\u00edrt"},{"@type":"BreadcrumbList","@id":"https:\/\/tajkertesz.com\/termek\/buxus-sempervirens-suffruticosa-puszpang-kupra-nyirt-2\/#breadcrumb","itemListElement":[{"@type":"ListItem","position":1,"name":"Home","item":"https:\/\/tajkertesz.com\/"},{"@type":"ListItem","position":2,"name":"Kezd\u0151lap","item":"https:\/\/tajkertesz.com\/"},{"@type":"ListItem","position":3,"name":"Buxus sempervirens &#8216;Suffruticosa&#8217; &#8211; Puszp\u00e1ng k\u00fapra ny\u00edrt"}]},{"@type":"WebSite","@id":"https:\/\/tajkertesz.com\/#website","url":"https:\/\/tajkertesz.com\/","name":"T\u00e1j-Kert\u00e9sz 84 Kft.","description":"Kert\u00e9szeti kis- \u00e9s nagykeresked\u00e9s, D\u00edszn\u00f6v\u00e9ny web\u00e1ruh\u00e1z orsz\u00e1gos h\u00e1zhozsz\u00e1ll\u00edt\u00e1ssal!","publisher":{"@id":"https:\/\/tajkertesz.com\/#organization"},"potentialAction":[{"@type":"SearchAction","target":{"@type":"EntryPoint","urlTemplate":"https:\/\/tajkertesz.com\/?s={search_term_string}"},"query-input":{"@type":"PropertyValueSpecification","valueRequired":true,"valueName":"search_term_string"}}],"inLanguage":"en-US"},{"@type":"Organization","@id":"https:\/\/tajkertesz.com\/#organization","name":"T\u00e1j-Kert\u00e9sz 84 Kft.","url":"https:\/\/tajkertesz.com\/","logo":{"@type":"ImageObject","inLanguage":"en-US","@id":"https:\/\/tajkertesz.com\/#\/schema\/logo\/image\/","url":"https:\/\/tajkertesz.com\/wp-content\/uploads\/2018\/02\/logo-2-e1518678052539.png","contentUrl":"https:\/\/tajkertesz.com\/wp-content\/uploads\/2018\/02\/logo-2-e1518678052539.png","width":81,"height":140,"caption":"T\u00e1j-Kert\u00e9sz 84 Kft."},"image":{"@id":"https:\/\/tajkertesz.com\/#\/schema\/logo\/image\/"},"sameAs":["https:\/\/www.facebook.com\/Tajkertesz\/"]}]}},"_links":{"self":[{"href":"https:\/\/tajkertesz.com\/en_US\/wp-json\/wp\/v2\/product\/11115","targetHints":{"allow":["GET"]}}],"collection":[{"href":"https:\/\/tajkertesz.com\/en_US\/wp-json\/wp\/v2\/product"}],"about":[{"href":"https:\/\/tajkertesz.com\/en_US\/wp-json\/wp\/v2\/types\/product"}],"wp:featuredmedia":[{"embeddable":true,"href":"https:\/\/tajkertesz.com\/en_US\/wp-json\/wp\/v2\/media\/24823"}],"wp:attachment":[{"href":"https:\/\/tajkertesz.com\/en_US\/wp-json\/wp\/v2\/media?parent=11115"}],"wp:term":[{"taxonomy":"product_brand","embeddable":true,"href":"https:\/\/tajkertesz.com\/en_US\/wp-json\/wp\/v2\/product_brand?post=11115"},{"taxonomy":"product_cat","embeddable":true,"href":"https:\/\/tajkertesz.com\/en_US\/wp-json\/wp\/v2\/product_cat?post=11115"},{"taxonomy":"product_tag","embeddable":true,"href":"https:\/\/tajkertesz.com\/en_US\/wp-json\/wp\/v2\/product_tag?post=11115"}],"curies":[{"name":"wp","href":"https:\/\/api.w.org\/{rel}","templated":true}]}}