{"id":11127,"date":"2021-11-10T08:04:35","date_gmt":"2021-11-10T08:04:35","guid":{"rendered":"https:\/\/tajkertesz.com\/?post_type=product&#038;p=11127"},"modified":"2024-11-08T10:35:34","modified_gmt":"2024-11-08T10:35:34","slug":"vizes-oazis","status":"publish","type":"product","link":"https:\/\/tajkertesz.com\/en_US\/product\/vizes-oazis\/","title":{"rendered":"Vizes o\u00e1zis"},"content":{"rendered":"<h3>Vizes o\u00e1zis<\/h3>\n<p>Vizes o\u00e1zis<\/p>\n<p><a href=\"https:\/\/tajkertesz.com\/\">https:\/\/tajkertesz.com\/<\/a><\/p>\n<p><a href=\"https:\/\/www.facebook.com\/tajkertesz\">https:\/\/www.facebook.com\/tajkertesz<\/a><\/p>\n<p><span style=\"color: #ffffff;\">O\u00e1zis vizes vir\u00e1gkompoz\u00edci\u00f3k r\u00f6gz\u00edt\u00e9s\u00e9hez. Nedves\u00edtsd be \u00e9s t\u0171zd bele a vir\u00e1gokat. D\u00edsz\u00edts vele otthonod, k\u00e9sz\u00edts bel\u0151le \u00fcnnepekre vagy szeretteidnek csod\u00e1s aj\u00e1nd\u00e9kot.<\/span><\/p>\n<p><span style=\"color: #ffffff;\">El\u0151sz\u00f6r egy, a fa alapj\u00e1t k\u00e9pez\u0151 n\u00f6v\u00e9nyk\u00e9re van sz\u00fcks\u00e9g, ami a legt\u00f6bb esetben, amikor \u00e9l\u0151 n\u00f6v\u00e9nyben gondolkozunk az \u00f6r\u00f6kz\u00f6ld zan\u00f3t, de egy tuj\u00e1b\u00f3l is szuper\u00fcl elk\u00e9sz\u00edthet\u0151. Ha pedig nem ragaszkodunk az el\u0151 n\u00f6v\u00e9nyhez, vagy nem szeretn\u00e9nk egy komplett n\u00f6v\u00e9nyt \u00e1talak\u00edtani emiatt, akkor b\u00e1rmilyen \u00f6r\u00f6kz\u00f6ld gallyakb\u00f3l is elk\u00e9sz\u00edthetj\u00fck, melyeket egy o\u00e1zisba szurk\u00e1lunk bele.<\/span><\/p>\n<h3><span style=\"color: #ffffff;\">A forma kialak\u00edt\u00e1s\u00e1hoz<\/span><\/h3>\n<p><span style=\"color: #ffffff;\">El\u0151sz\u00f6r egy, a fa alapj\u00e1t k\u00e9pez\u0151 n\u00f6v\u00e9nyk\u00e9re van sz\u00fcks\u00e9g, ami a legt\u00f6bb esetben, amikor \u00e9l\u0151 n\u00f6v\u00e9nyben gondolkozunk az \u00f6r\u00f6kz\u00f6ld zan\u00f3t, de egy tuj\u00e1b\u00f3l is szuper\u00fcl elk\u00e9sz\u00edthet\u0151. Azt vegy\u00fck az\u00e9rt figyelembe, hogy egy \u00e9l\u0151 kis tuja nem biztos, hogy \u00e9letben fog maradni akkor, ha p\u00e1r h\u00e9tig a meleg lak\u00e1sban tartjuk!<\/span><\/p>\n<h3><span style=\"color: #ffffff;\"> Ha pedig nem ragaszkodunk a<\/span><\/h3>\n<p><span style=\"color: #ffffff;\">z el\u0151 n\u00f6v\u00e9nyhez, vagy nem szeretn\u00e9nk egy komplett n\u00f6v\u00e9nyt \u00e1talak\u00edtani emiatt, akkor b\u00e1rmilyen \u00f6r\u00f6kz\u00f6ld gallyakb\u00f3l is elk\u00e9sz\u00edthetj\u00fck, melyeket egy o\u00e1zisba szurk\u00e1lunk bele.<\/span><\/p>\n<p><span style=\"color: #ffffff;\">Sz\u00f3val, ha rendelkezik n\u00e9mi k\u00e9z\u00fcgyess\u00e9ggel \u00e9s szabad 20 perccel, akkor szerint\u00fcnk b\u00e1tran \u00e1lljon neki az elk\u00e9sz\u00edt\u00e9snek! \u00dczeleteinkben sz\u00e1mtalan kreat\u00edv alapanyagot, d\u00edszeket tal\u00e1l!<\/span><\/p>\n<h3><span style=\"color: #ffffff;\">Sz\u00f3val, ha rendelkezik n\u00e9mi k\u00e9z\u00fcgyess\u00e9ggel \u00e9s szabad 20 perccel, akkor szerint\u00fcnk b\u00e1tran \u00e1lljon neki az elk\u00e9sz\u00edt\u00e9snek! \u00dczeleteinkben sz\u00e1mtalan kreat\u00edv alapanyagot, d\u00edszeket tal\u00e1l!<\/span><\/h3>\n<p><span style=\"color: #333333;\">Sz\u00e1ll\u00edt\u00e1s 40 kg-ig \u00e9s 200 cm-ig fut\u00e1rszolg\u00e1lattal lehets\u00e9ges, ezen m\u00e9retek felett egyedi sz\u00e1ll\u00edt\u00e1si felt\u00e9tel egyeztet\u00e9se sz\u00fcks\u00e9ges.<\/span><\/p>","protected":false},"excerpt":{"rendered":"<p>Vizes o\u00e1zis<\/p>","protected":false},"featured_media":11128,"template":"","meta":{"_et_pb_use_builder":"","_et_pb_old_content":"","_et_gb_content_width":""},"product_brand":[],"product_cat":[4448,1539],"product_tag":[3169],"class_list":{"0":"post-11127","1":"product","2":"type-product","3":"status-publish","4":"has-post-thumbnail","6":"product_cat-grincsfak","7":"product_cat-kellekek","8":"product_tag-vizes-oazis","10":"first","11":"instock","12":"shipping-taxable","13":"purchasable","14":"product-type-simple"},"yoast_head":"<!-- This site is optimized with the Yoast SEO plugin v27.3 - https:\/\/yoast.com\/product\/yoast-seo-wordpress\/ -->\n<title>Vizes o\u00e1zis - T\u00e1jkert\u00e9sz<\/title>\n<meta name=\"description\" content=\"Vizes o\u00e1zis\" \/>\n<meta name=\"robots\" content=\"index, follow, max-snippet:-1, max-image-preview:large, max-video-preview:-1\" \/>\n<link rel=\"canonical\" href=\"https:\/\/tajkertesz.com\/en_US\/product\/vizes-oazis\/\" \/>\n<meta property=\"og:locale\" content=\"en_US\" \/>\n<meta property=\"og:type\" content=\"article\" \/>\n<meta property=\"og:title\" content=\"Vizes o\u00e1zis - T\u00e1jkert\u00e9sz\" \/>\n<meta property=\"og:description\" content=\"Vizes o\u00e1zis\" \/>\n<meta property=\"og:url\" content=\"https:\/\/tajkertesz.com\/en_US\/product\/vizes-oazis\/\" \/>\n<meta property=\"og:site_name\" content=\"T\u00e1jkert\u00e9sz\" \/>\n<meta property=\"article:publisher\" content=\"https:\/\/www.facebook.com\/Tajkertesz\/\" \/>\n<meta property=\"article:modified_time\" content=\"2024-11-08T10:35:34+00:00\" \/>\n<meta property=\"og:image\" content=\"https:\/\/tajkertesz.com\/wp-content\/uploads\/2021\/11\/vizes.jpg\" \/>\n\t<meta property=\"og:image:width\" content=\"512\" \/>\n\t<meta property=\"og:image:height\" content=\"384\" \/>\n\t<meta property=\"og:image:type\" content=\"image\/jpeg\" \/>\n<meta name=\"twitter:card\" content=\"summary_large_image\" \/>\n<meta name=\"twitter:label1\" content=\"Est. reading time\" \/>\n\t<meta name=\"twitter:data1\" content=\"2 minutes\" \/>\n<script type=\"application\/ld+json\" class=\"yoast-schema-graph\">{\"@context\":\"https:\\\/\\\/schema.org\",\"@graph\":[{\"@type\":\"WebPage\",\"@id\":\"https:\\\/\\\/tajkertesz.com\\\/termek\\\/vizes-oazis\\\/\",\"url\":\"https:\\\/\\\/tajkertesz.com\\\/termek\\\/vizes-oazis\\\/\",\"name\":\"Vizes o\u00e1zis - T\u00e1jkert\u00e9sz\",\"isPartOf\":{\"@id\":\"https:\\\/\\\/tajkertesz.com\\\/#website\"},\"primaryImageOfPage\":{\"@id\":\"https:\\\/\\\/tajkertesz.com\\\/termek\\\/vizes-oazis\\\/#primaryimage\"},\"image\":{\"@id\":\"https:\\\/\\\/tajkertesz.com\\\/termek\\\/vizes-oazis\\\/#primaryimage\"},\"thumbnailUrl\":\"https:\\\/\\\/tajkertesz.com\\\/wp-content\\\/uploads\\\/2021\\\/11\\\/vizes.jpg\",\"datePublished\":\"2021-11-10T08:04:35+00:00\",\"dateModified\":\"2024-11-08T10:35:34+00:00\",\"description\":\"Vizes o\u00e1zis\",\"breadcrumb\":{\"@id\":\"https:\\\/\\\/tajkertesz.com\\\/termek\\\/vizes-oazis\\\/#breadcrumb\"},\"inLanguage\":\"en-US\",\"potentialAction\":[{\"@type\":\"ReadAction\",\"target\":[\"https:\\\/\\\/tajkertesz.com\\\/termek\\\/vizes-oazis\\\/\"]}]},{\"@type\":\"ImageObject\",\"inLanguage\":\"en-US\",\"@id\":\"https:\\\/\\\/tajkertesz.com\\\/termek\\\/vizes-oazis\\\/#primaryimage\",\"url\":\"https:\\\/\\\/tajkertesz.com\\\/wp-content\\\/uploads\\\/2021\\\/11\\\/vizes.jpg\",\"contentUrl\":\"https:\\\/\\\/tajkertesz.com\\\/wp-content\\\/uploads\\\/2021\\\/11\\\/vizes.jpg\",\"width\":512,\"height\":384},{\"@type\":\"BreadcrumbList\",\"@id\":\"https:\\\/\\\/tajkertesz.com\\\/termek\\\/vizes-oazis\\\/#breadcrumb\",\"itemListElement\":[{\"@type\":\"ListItem\",\"position\":1,\"name\":\"Home\",\"item\":\"https:\\\/\\\/tajkertesz.com\\\/\"},{\"@type\":\"ListItem\",\"position\":2,\"name\":\"Kezd\u0151lap\",\"item\":\"https:\\\/\\\/tajkertesz.com\\\/\"},{\"@type\":\"ListItem\",\"position\":3,\"name\":\"Vizes o\u00e1zis\"}]},{\"@type\":\"WebSite\",\"@id\":\"https:\\\/\\\/tajkertesz.com\\\/#website\",\"url\":\"https:\\\/\\\/tajkertesz.com\\\/\",\"name\":\"T\u00e1j-Kert\u00e9sz 84 Kft.\",\"description\":\"Kert\u00e9szeti kis- \u00e9s nagykeresked\u00e9s, D\u00edszn\u00f6v\u00e9ny web\u00e1ruh\u00e1z orsz\u00e1gos h\u00e1zhozsz\u00e1ll\u00edt\u00e1ssal!\",\"publisher\":{\"@id\":\"https:\\\/\\\/tajkertesz.com\\\/#organization\"},\"potentialAction\":[{\"@type\":\"SearchAction\",\"target\":{\"@type\":\"EntryPoint\",\"urlTemplate\":\"https:\\\/\\\/tajkertesz.com\\\/?s={search_term_string}\"},\"query-input\":{\"@type\":\"PropertyValueSpecification\",\"valueRequired\":true,\"valueName\":\"search_term_string\"}}],\"inLanguage\":\"en-US\"},{\"@type\":\"Organization\",\"@id\":\"https:\\\/\\\/tajkertesz.com\\\/#organization\",\"name\":\"T\u00e1j-Kert\u00e9sz 84 Kft.\",\"url\":\"https:\\\/\\\/tajkertesz.com\\\/\",\"logo\":{\"@type\":\"ImageObject\",\"inLanguage\":\"en-US\",\"@id\":\"https:\\\/\\\/tajkertesz.com\\\/#\\\/schema\\\/logo\\\/image\\\/\",\"url\":\"https:\\\/\\\/tajkertesz.com\\\/wp-content\\\/uploads\\\/2018\\\/02\\\/logo-2-e1518678052539.png\",\"contentUrl\":\"https:\\\/\\\/tajkertesz.com\\\/wp-content\\\/uploads\\\/2018\\\/02\\\/logo-2-e1518678052539.png\",\"width\":81,\"height\":140,\"caption\":\"T\u00e1j-Kert\u00e9sz 84 Kft.\"},\"image\":{\"@id\":\"https:\\\/\\\/tajkertesz.com\\\/#\\\/schema\\\/logo\\\/image\\\/\"},\"sameAs\":[\"https:\\\/\\\/www.facebook.com\\\/Tajkertesz\\\/\"]}]}<\/script>\n<!-- \/ Yoast SEO plugin. -->","yoast_head_json":{"title":"Vizes o\u00e1zis - T\u00e1jkert\u00e9sz","description":"Vizes o\u00e1zis","robots":{"index":"index","follow":"follow","max-snippet":"max-snippet:-1","max-image-preview":"max-image-preview:large","max-video-preview":"max-video-preview:-1"},"canonical":"https:\/\/tajkertesz.com\/en_US\/product\/vizes-oazis\/","og_locale":"en_US","og_type":"article","og_title":"Vizes o\u00e1zis - T\u00e1jkert\u00e9sz","og_description":"Vizes o\u00e1zis","og_url":"https:\/\/tajkertesz.com\/en_US\/product\/vizes-oazis\/","og_site_name":"T\u00e1jkert\u00e9sz","article_publisher":"https:\/\/www.facebook.com\/Tajkertesz\/","article_modified_time":"2024-11-08T10:35:34+00:00","og_image":[{"width":512,"height":384,"url":"https:\/\/tajkertesz.com\/wp-content\/uploads\/2021\/11\/vizes.jpg","type":"image\/jpeg"}],"twitter_card":"summary_large_image","twitter_misc":{"Est. reading time":"2 minutes"},"schema":{"@context":"https:\/\/schema.org","@graph":[{"@type":"WebPage","@id":"https:\/\/tajkertesz.com\/termek\/vizes-oazis\/","url":"https:\/\/tajkertesz.com\/termek\/vizes-oazis\/","name":"Vizes o\u00e1zis - T\u00e1jkert\u00e9sz","isPartOf":{"@id":"https:\/\/tajkertesz.com\/#website"},"primaryImageOfPage":{"@id":"https:\/\/tajkertesz.com\/termek\/vizes-oazis\/#primaryimage"},"image":{"@id":"https:\/\/tajkertesz.com\/termek\/vizes-oazis\/#primaryimage"},"thumbnailUrl":"https:\/\/tajkertesz.com\/wp-content\/uploads\/2021\/11\/vizes.jpg","datePublished":"2021-11-10T08:04:35+00:00","dateModified":"2024-11-08T10:35:34+00:00","description":"Vizes o\u00e1zis","breadcrumb":{"@id":"https:\/\/tajkertesz.com\/termek\/vizes-oazis\/#breadcrumb"},"inLanguage":"en-US","potentialAction":[{"@type":"ReadAction","target":["https:\/\/tajkertesz.com\/termek\/vizes-oazis\/"]}]},{"@type":"ImageObject","inLanguage":"en-US","@id":"https:\/\/tajkertesz.com\/termek\/vizes-oazis\/#primaryimage","url":"https:\/\/tajkertesz.com\/wp-content\/uploads\/2021\/11\/vizes.jpg","contentUrl":"https:\/\/tajkertesz.com\/wp-content\/uploads\/2021\/11\/vizes.jpg","width":512,"height":384},{"@type":"BreadcrumbList","@id":"https:\/\/tajkertesz.com\/termek\/vizes-oazis\/#breadcrumb","itemListElement":[{"@type":"ListItem","position":1,"name":"Home","item":"https:\/\/tajkertesz.com\/"},{"@type":"ListItem","position":2,"name":"Kezd\u0151lap","item":"https:\/\/tajkertesz.com\/"},{"@type":"ListItem","position":3,"name":"Vizes o\u00e1zis"}]},{"@type":"WebSite","@id":"https:\/\/tajkertesz.com\/#website","url":"https:\/\/tajkertesz.com\/","name":"T\u00e1j-Kert\u00e9sz 84 Kft.","description":"Kert\u00e9szeti kis- \u00e9s nagykeresked\u00e9s, D\u00edszn\u00f6v\u00e9ny web\u00e1ruh\u00e1z orsz\u00e1gos h\u00e1zhozsz\u00e1ll\u00edt\u00e1ssal!","publisher":{"@id":"https:\/\/tajkertesz.com\/#organization"},"potentialAction":[{"@type":"SearchAction","target":{"@type":"EntryPoint","urlTemplate":"https:\/\/tajkertesz.com\/?s={search_term_string}"},"query-input":{"@type":"PropertyValueSpecification","valueRequired":true,"valueName":"search_term_string"}}],"inLanguage":"en-US"},{"@type":"Organization","@id":"https:\/\/tajkertesz.com\/#organization","name":"T\u00e1j-Kert\u00e9sz 84 Kft.","url":"https:\/\/tajkertesz.com\/","logo":{"@type":"ImageObject","inLanguage":"en-US","@id":"https:\/\/tajkertesz.com\/#\/schema\/logo\/image\/","url":"https:\/\/tajkertesz.com\/wp-content\/uploads\/2018\/02\/logo-2-e1518678052539.png","contentUrl":"https:\/\/tajkertesz.com\/wp-content\/uploads\/2018\/02\/logo-2-e1518678052539.png","width":81,"height":140,"caption":"T\u00e1j-Kert\u00e9sz 84 Kft."},"image":{"@id":"https:\/\/tajkertesz.com\/#\/schema\/logo\/image\/"},"sameAs":["https:\/\/www.facebook.com\/Tajkertesz\/"]}]}},"_links":{"self":[{"href":"https:\/\/tajkertesz.com\/en_US\/wp-json\/wp\/v2\/product\/11127","targetHints":{"allow":["GET"]}}],"collection":[{"href":"https:\/\/tajkertesz.com\/en_US\/wp-json\/wp\/v2\/product"}],"about":[{"href":"https:\/\/tajkertesz.com\/en_US\/wp-json\/wp\/v2\/types\/product"}],"wp:featuredmedia":[{"embeddable":true,"href":"https:\/\/tajkertesz.com\/en_US\/wp-json\/wp\/v2\/media\/11128"}],"wp:attachment":[{"href":"https:\/\/tajkertesz.com\/en_US\/wp-json\/wp\/v2\/media?parent=11127"}],"wp:term":[{"taxonomy":"product_brand","embeddable":true,"href":"https:\/\/tajkertesz.com\/en_US\/wp-json\/wp\/v2\/product_brand?post=11127"},{"taxonomy":"product_cat","embeddable":true,"href":"https:\/\/tajkertesz.com\/en_US\/wp-json\/wp\/v2\/product_cat?post=11127"},{"taxonomy":"product_tag","embeddable":true,"href":"https:\/\/tajkertesz.com\/en_US\/wp-json\/wp\/v2\/product_tag?post=11127"}],"curies":[{"name":"wp","href":"https:\/\/api.w.org\/{rel}","templated":true}]}}