{"id":1125,"date":"2020-02-25T13:41:15","date_gmt":"2020-02-25T13:41:15","guid":{"rendered":"https:\/\/tajkertesz.com\/?post_type=product&#038;p=1125"},"modified":"2024-02-29T07:43:10","modified_gmt":"2024-02-29T07:43:10","slug":"campsis-radicans-trombitafolyondar","status":"publish","type":"product","link":"https:\/\/tajkertesz.com\/en_US\/product\/campsis-radicans-trombitafolyondar\/","title":{"rendered":"Campsis &#8216;Orange Dream&#8217;,Trombitafolyond\u00e1r"},"content":{"rendered":"<p>Campsis\u00a0 &#8216;Orange Dream&#8217;,Trombitafolyond\u00e1r narancss\u00e1rga vir\u00e1g\u00fa<\/p>\n<p>&nbsp;<\/p>\n<p>A\u00a0 Campsis &#8216;Orange Dream&#8217;,Trombitafolyond\u00e1r narancss\u00e1rga vir\u00e1g\u00fa\u00a0 k\u00fasz\u00f3cserje. Haz\u00e1ja az USA d\u00e9lkeleti r\u00e9sze. Eur\u00f3p\u00e1ba a 17. sz\u00e1zadban ker\u00fclt. B\u00e1r kapaszkod\u00f3 ind\u00e1ival tudja r\u00f6gz\u00edteni mag\u00e1t, j\u00f3, ha t\u00e1maszt\u00e9kot biztos\u00edtunk sz\u00e1m\u00e1ra.<\/p>\n<p><b>N\u00f6veked\u00e9s, alak: <\/b>fut\u00f3n\u00f6v\u00e9ny, falra, tet\u0151re sikerrel futtathat\u00f3. A napos tet\u0151t is be tudja bor\u00edtani, \u00e9s h\u0151szigetel\u0151k\u00e9nt is szolg\u00e1l. Szok\u00e1s r\u00e1csra, pergol\u00e1ra, fat\u00f6rzsre futtatni. Nem k\u00edv\u00e1nt, esetleg romos \u00e9p\u00fcletek takar\u00e1s\u00e1ra, ter\u00fcletek elrejt\u00e9s\u00e9re, \u00e1rny\u00e9kol\u00e1s\u00e1ra is kiv\u00e1l\u00f3.<\/p>\n<p><b>Lev\u00e9l:<\/b>\u00d6sszetett, p\u00e1ratlanul sz\u00e1rnyalt levelei f\u0171r\u00e9szes sz\u00e9l\u0171ek.<br \/>\nV<b>ir\u00e1g: <\/b>Mutat\u00f3s, 6-10 cm hossz\u00fa, 3-5 cm \u00e1tm\u00e9r\u0151j\u0171 narancsv\u00f6r\u00f6s vir\u00e1gai nekt\u00e1rban gazdagok. A vir\u00e1gok v\u00e9g\u00e1ll\u00f3 f\u00fcrtben \u00e1llnak. \u00c9rint\u00e9se az arra \u00e9rz\u00e9kenyekn\u00e9l b\u0151rirrit\u00e1ci\u00f3t okoz. A vir\u00e1gpor is allergiz\u00e1lhat.<\/p>\n<p><b>Term\u0151hely, ig\u00e9ny: <\/b>Telep\u00edt\u00e9s ut\u00e1n k\u00f6zepes v\u00edzig\u00e9ny\u0171, k\u00e9s\u0151bb sz\u00e1razs\u00e1gt\u0171r\u0151. A 2-3 \u00e9ves n\u00f6v\u00e9ny sz\u00e1razs\u00e1gt\u0171r\u0151nek mondhat\u00f3. J\u00f3l t\u0171ri a szelet \u00e9s a siv\u00e1r talajokat. A legszebben teljes napf\u00e9nyen, d\u00e9li fekv\u00e9sben vir\u00e1gzik. Metsz\u00e9ssel bokorr\u00e1, vagy f\u00e1v\u00e1 is nevelhet\u0151.<\/p>\n<p style=\"font-weight: 400;\">\u00d6nt\u00f6zni nem sz\u00fcks\u00e9ges j\u00f3 sz\u00e1razs\u00e1gt\u0171r\u0151 n\u00f6v\u00e9ny.<\/p>\n<p><strong>Felhaszn\u00e1l\u00e1s<\/strong>: falra, tet\u0151re sikerrel futtathat\u00f3. A napos tet\u0151t is be tudja bor\u00edtani, \u00e9s h\u0151szigetel\u0151k\u00e9nt is szolg\u00e1l. Szok\u00e1s r\u00e1csra, pergol\u00e1ra, fat\u00f6rzsre futtatni. Nem k\u00edv\u00e1nt, esetleg romos \u00e9p\u00fcletek takar\u00e1s\u00e1ra, ter\u00fcletek elrejt\u00e9s\u00e9re, \u00e1rny\u00e9kol\u00e1s\u00e1ra is kiv\u00e1l\u00f3.<\/p>\n<p style=\"line-height: 18.0pt; background: white; margin: 0cm 0cm 15.0pt 0cm;\"><span style=\"font-family: 'Ubuntu',serif; color: black;\">El\u00e9rhet\u0151 t\u00f6bbf\u00e9le m\u00e9retben \u00e9s \u00e1rban.<\/span><\/p>\n<p style=\"line-height: 18.0pt; background: white; margin: 0cm 0cm 15.0pt 0cm;\"><b><span style=\"font-family: 'Ubuntu',serif; color: black;\">K\u00e9szlet\u00fcnk napi szinten v\u00e1ltozik, ez\u00e9rt k\u00e9rj\u00fck, \u00e9rdekl\u0151dj\u00f6n szem\u00e9lyesen, telefonon vagy email-en.<br \/>\nA v\u00e1ltoztat\u00e1s jog\u00e1t fenntartjuk!\u00a0<\/span><\/b><\/p>\n<p>&nbsp;<\/p>\n<p>.<a href=\"https:\/\/tajkertesz.com\/\">https:\/\/tajkertesz.com\/<\/a><\/p>\n<div id=\"cikk_banner1\">\n<div class=\"textwidget\">\n<p><code><\/code><\/p>\n<\/div>\n<\/div>\n<p><a href=\"https:\/\/en.wikipedia.org\/wiki\/Campsis\">https:\/\/en.wikipedia.org\/wiki\/Campsis<\/a><\/p>\n<p><span style=\"color: #ffffff;\">El\u0151nye egyben a h\u00e1tr\u00e1nya is. Rendk\u00edv\u00fcl gyors n\u00f6veked\u00e9s\u0171, \u00e9s nagy helyig\u00e9ny\u0171. \u00d6nvet\u0151, \u00e9s nagy kol\u00f3ni\u00e1kat k\u00e9pes l\u00e9trehozni, nem csak magr\u00f3l, hanem a f\u00f6ldalatti gy\u00f6k\u00e9rzet\u00e9r\u0151l is. A Kapany\u00e9l blog tal\u00e1l\u00f3an \u00edrja: \u201eMindenhova beb\u00fajik, megemeli a tet\u0151t, megrepeszti a terasz j\u00e1r\u00f3lapjait, sz\u00e9tfesz\u00edti az \u00e1csolatokat.\u201d Csak metsz\u00e9ssel tarthat\u00f3 kord\u00e1ban.<\/span><\/p>\n<p>&nbsp;<\/p>","protected":false},"excerpt":{"rendered":"<p>Campsis radicans &#8216;Orange Dream&#8217;,Trombitafolyond\u00e1r narancss\u00e1rga vir\u00e1g\u00fa\u00a0k\u00fasz\u00f3cserje. Haz\u00e1ja az USA d\u00e9lkeleti r\u00e9sze. Eur\u00f3p\u00e1ba a 17. sz\u00e1zadban ker\u00fclt. B\u00e1r kapaszkod\u00f3 ind\u00e1ival tudja r\u00f6gz\u00edteni mag\u00e1t, j\u00f3, ha t\u00e1maszt\u00e9kot biztos\u00edtunk sz\u00e1m\u00e1ra.<\/p>","protected":false},"featured_media":1114,"template":"","meta":{"_et_pb_use_builder":"","_et_pb_old_content":"","_et_gb_content_width":""},"product_brand":[],"product_cat":[27],"product_tag":[233,211,565,664,234],"class_list":{"0":"post-1125","1":"product","2":"type-product","3":"status-publish","4":"has-post-thumbnail","6":"product_cat-cserjek","7":"product_tag-campsis-radicans","8":"product_tag-kuszocserje","9":"product_tag-narancssarga-viragu","10":"product_tag-orange-dream","11":"product_tag-trombitafolyondar","13":"first","14":"outofstock","15":"shipping-taxable","16":"product-type-simple"},"yoast_head":"<!-- This site is optimized with the Yoast SEO plugin v27.5 - https:\/\/yoast.com\/product\/yoast-seo-wordpress\/ -->\n<title>Campsis &#039;Orange Dream&#039;,Trombitafolyond\u00e1r - T\u00e1jkert\u00e9sz<\/title>\n<meta name=\"description\" content=\"Campsis radicans &#039;Orange Dream&#039;,Trombitafolyond\u00e1r narancss\u00e1rga vir\u00e1g\u00fa. Kapaszkod\u00f3 cserje de t\u00e1maszt\u00e9kot kell neki biztos\u00edtani.\" \/>\n<meta name=\"robots\" content=\"index, follow, max-snippet:-1, max-image-preview:large, max-video-preview:-1\" \/>\n<link rel=\"canonical\" href=\"https:\/\/tajkertesz.com\/en_US\/product\/campsis-radicans-trombitafolyondar\/\" \/>\n<meta property=\"og:locale\" content=\"en_US\" \/>\n<meta property=\"og:type\" content=\"article\" \/>\n<meta property=\"og:title\" content=\"Campsis &#039;Orange Dream&#039;,Trombitafolyond\u00e1r - T\u00e1jkert\u00e9sz\" \/>\n<meta property=\"og:description\" content=\"Campsis radicans &#039;Orange Dream&#039;,Trombitafolyond\u00e1r narancss\u00e1rga vir\u00e1g\u00fa. Kapaszkod\u00f3 cserje de t\u00e1maszt\u00e9kot kell neki biztos\u00edtani.\" \/>\n<meta property=\"og:url\" content=\"https:\/\/tajkertesz.com\/en_US\/product\/campsis-radicans-trombitafolyondar\/\" \/>\n<meta property=\"og:site_name\" content=\"T\u00e1jkert\u00e9sz\" \/>\n<meta property=\"article:publisher\" content=\"https:\/\/www.facebook.com\/Tajkertesz\/\" \/>\n<meta property=\"article:modified_time\" content=\"2024-02-29T07:43:10+00:00\" \/>\n<meta property=\"og:image\" content=\"https:\/\/tajkertesz.com\/wp-content\/uploads\/2020\/02\/images-2.jpg\" \/>\n\t<meta property=\"og:image:width\" content=\"276\" \/>\n\t<meta property=\"og:image:height\" content=\"183\" \/>\n\t<meta property=\"og:image:type\" content=\"image\/jpeg\" \/>\n<meta name=\"twitter:card\" content=\"summary_large_image\" \/>\n<meta name=\"twitter:label1\" content=\"Est. reading time\" \/>\n\t<meta name=\"twitter:data1\" content=\"2 minutes\" \/>\n<script type=\"application\/ld+json\" class=\"yoast-schema-graph\">{\"@context\":\"https:\\\/\\\/schema.org\",\"@graph\":[{\"@type\":\"WebPage\",\"@id\":\"https:\\\/\\\/tajkertesz.com\\\/termek\\\/campsis-radicans-trombitafolyondar\\\/\",\"url\":\"https:\\\/\\\/tajkertesz.com\\\/termek\\\/campsis-radicans-trombitafolyondar\\\/\",\"name\":\"Campsis 'Orange Dream',Trombitafolyond\u00e1r - T\u00e1jkert\u00e9sz\",\"isPartOf\":{\"@id\":\"https:\\\/\\\/tajkertesz.com\\\/#website\"},\"primaryImageOfPage\":{\"@id\":\"https:\\\/\\\/tajkertesz.com\\\/termek\\\/campsis-radicans-trombitafolyondar\\\/#primaryimage\"},\"image\":{\"@id\":\"https:\\\/\\\/tajkertesz.com\\\/termek\\\/campsis-radicans-trombitafolyondar\\\/#primaryimage\"},\"thumbnailUrl\":\"https:\\\/\\\/tajkertesz.com\\\/wp-content\\\/uploads\\\/2020\\\/02\\\/images-2.jpg\",\"datePublished\":\"2020-02-25T13:41:15+00:00\",\"dateModified\":\"2024-02-29T07:43:10+00:00\",\"description\":\"Campsis radicans 'Orange Dream',Trombitafolyond\u00e1r narancss\u00e1rga vir\u00e1g\u00fa. Kapaszkod\u00f3 cserje de t\u00e1maszt\u00e9kot kell neki biztos\u00edtani.\",\"breadcrumb\":{\"@id\":\"https:\\\/\\\/tajkertesz.com\\\/termek\\\/campsis-radicans-trombitafolyondar\\\/#breadcrumb\"},\"inLanguage\":\"en-US\",\"potentialAction\":[{\"@type\":\"ReadAction\",\"target\":[\"https:\\\/\\\/tajkertesz.com\\\/termek\\\/campsis-radicans-trombitafolyondar\\\/\"]}]},{\"@type\":\"ImageObject\",\"inLanguage\":\"en-US\",\"@id\":\"https:\\\/\\\/tajkertesz.com\\\/termek\\\/campsis-radicans-trombitafolyondar\\\/#primaryimage\",\"url\":\"https:\\\/\\\/tajkertesz.com\\\/wp-content\\\/uploads\\\/2020\\\/02\\\/images-2.jpg\",\"contentUrl\":\"https:\\\/\\\/tajkertesz.com\\\/wp-content\\\/uploads\\\/2020\\\/02\\\/images-2.jpg\",\"width\":276,\"height\":183},{\"@type\":\"BreadcrumbList\",\"@id\":\"https:\\\/\\\/tajkertesz.com\\\/termek\\\/campsis-radicans-trombitafolyondar\\\/#breadcrumb\",\"itemListElement\":[{\"@type\":\"ListItem\",\"position\":1,\"name\":\"Home\",\"item\":\"https:\\\/\\\/tajkertesz.com\\\/\"},{\"@type\":\"ListItem\",\"position\":2,\"name\":\"Kezd\u0151lap\",\"item\":\"https:\\\/\\\/tajkertesz.com\\\/\"},{\"@type\":\"ListItem\",\"position\":3,\"name\":\"Campsis &#8216;Orange Dream&#8217;,Trombitafolyond\u00e1r\"}]},{\"@type\":\"WebSite\",\"@id\":\"https:\\\/\\\/tajkertesz.com\\\/#website\",\"url\":\"https:\\\/\\\/tajkertesz.com\\\/\",\"name\":\"T\u00e1j-Kert\u00e9sz 84 Kft.\",\"description\":\"Kert\u00e9szeti kis- \u00e9s nagykeresked\u00e9s, D\u00edszn\u00f6v\u00e9ny web\u00e1ruh\u00e1z orsz\u00e1gos h\u00e1zhozsz\u00e1ll\u00edt\u00e1ssal!\",\"publisher\":{\"@id\":\"https:\\\/\\\/tajkertesz.com\\\/#organization\"},\"potentialAction\":[{\"@type\":\"SearchAction\",\"target\":{\"@type\":\"EntryPoint\",\"urlTemplate\":\"https:\\\/\\\/tajkertesz.com\\\/?s={search_term_string}\"},\"query-input\":{\"@type\":\"PropertyValueSpecification\",\"valueRequired\":true,\"valueName\":\"search_term_string\"}}],\"inLanguage\":\"en-US\"},{\"@type\":\"Organization\",\"@id\":\"https:\\\/\\\/tajkertesz.com\\\/#organization\",\"name\":\"T\u00e1j-Kert\u00e9sz 84 Kft.\",\"url\":\"https:\\\/\\\/tajkertesz.com\\\/\",\"logo\":{\"@type\":\"ImageObject\",\"inLanguage\":\"en-US\",\"@id\":\"https:\\\/\\\/tajkertesz.com\\\/#\\\/schema\\\/logo\\\/image\\\/\",\"url\":\"https:\\\/\\\/tajkertesz.com\\\/wp-content\\\/uploads\\\/2018\\\/02\\\/logo-2-e1518678052539.png\",\"contentUrl\":\"https:\\\/\\\/tajkertesz.com\\\/wp-content\\\/uploads\\\/2018\\\/02\\\/logo-2-e1518678052539.png\",\"width\":81,\"height\":140,\"caption\":\"T\u00e1j-Kert\u00e9sz 84 Kft.\"},\"image\":{\"@id\":\"https:\\\/\\\/tajkertesz.com\\\/#\\\/schema\\\/logo\\\/image\\\/\"},\"sameAs\":[\"https:\\\/\\\/www.facebook.com\\\/Tajkertesz\\\/\"]}]}<\/script>\n<!-- \/ Yoast SEO plugin. -->","yoast_head_json":{"title":"Campsis 'Orange Dream',Trombitafolyond\u00e1r - T\u00e1jkert\u00e9sz","description":"Campsis radicans 'Orange Dream',Trombitafolyond\u00e1r narancss\u00e1rga vir\u00e1g\u00fa. Kapaszkod\u00f3 cserje de t\u00e1maszt\u00e9kot kell neki biztos\u00edtani.","robots":{"index":"index","follow":"follow","max-snippet":"max-snippet:-1","max-image-preview":"max-image-preview:large","max-video-preview":"max-video-preview:-1"},"canonical":"https:\/\/tajkertesz.com\/en_US\/product\/campsis-radicans-trombitafolyondar\/","og_locale":"en_US","og_type":"article","og_title":"Campsis 'Orange Dream',Trombitafolyond\u00e1r - T\u00e1jkert\u00e9sz","og_description":"Campsis radicans 'Orange Dream',Trombitafolyond\u00e1r narancss\u00e1rga vir\u00e1g\u00fa. Kapaszkod\u00f3 cserje de t\u00e1maszt\u00e9kot kell neki biztos\u00edtani.","og_url":"https:\/\/tajkertesz.com\/en_US\/product\/campsis-radicans-trombitafolyondar\/","og_site_name":"T\u00e1jkert\u00e9sz","article_publisher":"https:\/\/www.facebook.com\/Tajkertesz\/","article_modified_time":"2024-02-29T07:43:10+00:00","og_image":[{"width":276,"height":183,"url":"https:\/\/tajkertesz.com\/wp-content\/uploads\/2020\/02\/images-2.jpg","type":"image\/jpeg"}],"twitter_card":"summary_large_image","twitter_misc":{"Est. reading time":"2 minutes"},"schema":{"@context":"https:\/\/schema.org","@graph":[{"@type":"WebPage","@id":"https:\/\/tajkertesz.com\/termek\/campsis-radicans-trombitafolyondar\/","url":"https:\/\/tajkertesz.com\/termek\/campsis-radicans-trombitafolyondar\/","name":"Campsis 'Orange Dream',Trombitafolyond\u00e1r - T\u00e1jkert\u00e9sz","isPartOf":{"@id":"https:\/\/tajkertesz.com\/#website"},"primaryImageOfPage":{"@id":"https:\/\/tajkertesz.com\/termek\/campsis-radicans-trombitafolyondar\/#primaryimage"},"image":{"@id":"https:\/\/tajkertesz.com\/termek\/campsis-radicans-trombitafolyondar\/#primaryimage"},"thumbnailUrl":"https:\/\/tajkertesz.com\/wp-content\/uploads\/2020\/02\/images-2.jpg","datePublished":"2020-02-25T13:41:15+00:00","dateModified":"2024-02-29T07:43:10+00:00","description":"Campsis radicans 'Orange Dream',Trombitafolyond\u00e1r narancss\u00e1rga vir\u00e1g\u00fa. Kapaszkod\u00f3 cserje de t\u00e1maszt\u00e9kot kell neki biztos\u00edtani.","breadcrumb":{"@id":"https:\/\/tajkertesz.com\/termek\/campsis-radicans-trombitafolyondar\/#breadcrumb"},"inLanguage":"en-US","potentialAction":[{"@type":"ReadAction","target":["https:\/\/tajkertesz.com\/termek\/campsis-radicans-trombitafolyondar\/"]}]},{"@type":"ImageObject","inLanguage":"en-US","@id":"https:\/\/tajkertesz.com\/termek\/campsis-radicans-trombitafolyondar\/#primaryimage","url":"https:\/\/tajkertesz.com\/wp-content\/uploads\/2020\/02\/images-2.jpg","contentUrl":"https:\/\/tajkertesz.com\/wp-content\/uploads\/2020\/02\/images-2.jpg","width":276,"height":183},{"@type":"BreadcrumbList","@id":"https:\/\/tajkertesz.com\/termek\/campsis-radicans-trombitafolyondar\/#breadcrumb","itemListElement":[{"@type":"ListItem","position":1,"name":"Home","item":"https:\/\/tajkertesz.com\/"},{"@type":"ListItem","position":2,"name":"Kezd\u0151lap","item":"https:\/\/tajkertesz.com\/"},{"@type":"ListItem","position":3,"name":"Campsis &#8216;Orange Dream&#8217;,Trombitafolyond\u00e1r"}]},{"@type":"WebSite","@id":"https:\/\/tajkertesz.com\/#website","url":"https:\/\/tajkertesz.com\/","name":"T\u00e1j-Kert\u00e9sz 84 Kft.","description":"Kert\u00e9szeti kis- \u00e9s nagykeresked\u00e9s, D\u00edszn\u00f6v\u00e9ny web\u00e1ruh\u00e1z orsz\u00e1gos h\u00e1zhozsz\u00e1ll\u00edt\u00e1ssal!","publisher":{"@id":"https:\/\/tajkertesz.com\/#organization"},"potentialAction":[{"@type":"SearchAction","target":{"@type":"EntryPoint","urlTemplate":"https:\/\/tajkertesz.com\/?s={search_term_string}"},"query-input":{"@type":"PropertyValueSpecification","valueRequired":true,"valueName":"search_term_string"}}],"inLanguage":"en-US"},{"@type":"Organization","@id":"https:\/\/tajkertesz.com\/#organization","name":"T\u00e1j-Kert\u00e9sz 84 Kft.","url":"https:\/\/tajkertesz.com\/","logo":{"@type":"ImageObject","inLanguage":"en-US","@id":"https:\/\/tajkertesz.com\/#\/schema\/logo\/image\/","url":"https:\/\/tajkertesz.com\/wp-content\/uploads\/2018\/02\/logo-2-e1518678052539.png","contentUrl":"https:\/\/tajkertesz.com\/wp-content\/uploads\/2018\/02\/logo-2-e1518678052539.png","width":81,"height":140,"caption":"T\u00e1j-Kert\u00e9sz 84 Kft."},"image":{"@id":"https:\/\/tajkertesz.com\/#\/schema\/logo\/image\/"},"sameAs":["https:\/\/www.facebook.com\/Tajkertesz\/"]}]}},"_links":{"self":[{"href":"https:\/\/tajkertesz.com\/en_US\/wp-json\/wp\/v2\/product\/1125","targetHints":{"allow":["GET"]}}],"collection":[{"href":"https:\/\/tajkertesz.com\/en_US\/wp-json\/wp\/v2\/product"}],"about":[{"href":"https:\/\/tajkertesz.com\/en_US\/wp-json\/wp\/v2\/types\/product"}],"wp:featuredmedia":[{"embeddable":true,"href":"https:\/\/tajkertesz.com\/en_US\/wp-json\/wp\/v2\/media\/1114"}],"wp:attachment":[{"href":"https:\/\/tajkertesz.com\/en_US\/wp-json\/wp\/v2\/media?parent=1125"}],"wp:term":[{"taxonomy":"product_brand","embeddable":true,"href":"https:\/\/tajkertesz.com\/en_US\/wp-json\/wp\/v2\/product_brand?post=1125"},{"taxonomy":"product_cat","embeddable":true,"href":"https:\/\/tajkertesz.com\/en_US\/wp-json\/wp\/v2\/product_cat?post=1125"},{"taxonomy":"product_tag","embeddable":true,"href":"https:\/\/tajkertesz.com\/en_US\/wp-json\/wp\/v2\/product_tag?post=1125"}],"curies":[{"name":"wp","href":"https:\/\/api.w.org\/{rel}","templated":true}]}}