{"id":1129,"date":"2020-02-25T14:21:02","date_gmt":"2020-02-25T14:21:02","guid":{"rendered":"https:\/\/tajkertesz.com\/?post_type=product&#038;p=1129"},"modified":"2025-04-02T08:31:08","modified_gmt":"2025-04-02T08:31:08","slug":"cornus-sanguinea-veresgyurus-som","status":"publish","type":"product","link":"https:\/\/tajkertesz.com\/en_US\/product\/cornus-sanguinea-veresgyurus-som\/","title":{"rendered":"Cornus sanguinea-Veresgy\u0171r\u0171s som"},"content":{"rendered":"<p>Cornus sanguinea-Veresgy\u0171r\u0171s som<\/p>\n<p>Cornus sanguinea-Veresgy\u0171r\u0171s som Haz\u00e1nkban is sok helyen el\u0151fordul\u00f3 lombhullat\u00f3 cserje. Igazi sz\u00e9ps\u00e9g\u00e9t \u0151sz v\u00e9g\u00e9n t\u00e9l elej\u00e9n mutatja.<\/p>\n<p>2-4 m magass\u00e1got el\u00e9r\u0151, terjed\u0151t\u00f6v\u0171 cserje.<\/p>\n<p><b>N\u00f6veked\u00e9s, alak:<\/b><\/p>\n<p><b><\/b><b>Lev\u00e9l: <\/b>Levelei \u00e9p sz\u00e9l\u0171ek, toj\u00e1sdadok, r\u00f6vid nyel\u0171ek. A lev\u00e9lerek p\u00e1rhuzamosan \u00e1llnak.<br \/>\nV<b>ir\u00e1g: <\/b>Vir\u00e1gai feh\u00e9r sz\u00edn\u0171ek, erny\u0151ben ny\u00edlnak, a lombfakad\u00e1s ut\u00e1n (ez is megk\u00fcl\u00f6nb\u00f6zteti a h\u00fasos somt\u00f3l.)<\/p>\n<p><strong>Term\u00e9se:<\/strong>term\u00e9se s\u00f6t\u00e9tk\u00e9k, majdnem fekete, borsszem nagys\u00e1g\u00fa bogy\u00f3. A term\u00e9sh\u00fast le fejtve g\u00f6mb\u00f6ly\u0171, h\u00e1l\u00f3zatosan erezett, s\u00e1rga magja van<\/p>\n<p><b>Term\u0151hely, ig\u00e9ny: <\/b>A veresgy\u0171r\u0171 som aljn\u00f6v\u00e9nyk\u00e9nt vil\u00e1gos, nyirkos lomblevel\u0171 \u00e9s elegyes erd\u0151kben<span style=\"color: #000000;\">\u00a0<\/span>cserj\u00e9sekben, l\u00e1pokon, de sz\u00e1raz lejt\u0151k\u00f6n, karsztbokorerd\u0151kben is n\u0151. A laza, m\u00e9szben gazdag talajokat kedveli.<\/p>\n<p><strong>Felhaszn\u00e1l\u00e1s<\/strong>: Nagy f\u00e1k al\u00e1 telep\u00edtj\u00fck, \u00e1rny\u00e9kos helyre<\/p>\n<p style=\"line-height: 18.0pt; background: white; margin: 0cm 0cm 15.0pt 0cm;\"><span style=\"font-family: 'Ubuntu',serif; color: black;\">El\u00e9rhet\u0151 t\u00f6bbf\u00e9le m\u00e9retben \u00e9s \u00e1rban.<\/span><\/p>\n<p style=\"line-height: 18.0pt; background: white; margin: 0cm 0cm 15.0pt 0cm;\"><b><span style=\"font-family: 'Ubuntu',serif; color: black;\">K\u00e9szlet\u00fcnk napi szinten v\u00e1ltozik, ez\u00e9rt k\u00e9rj\u00fck, \u00e9rdekl\u0151dj\u00f6n szem\u00e9lyesen, telefonon vagy email-en.<br \/>\nA v\u00e1ltoztat\u00e1s jog\u00e1t fenntartjuk!\u00a0<\/span><\/b><\/p>\n<p style=\"line-height: 18.0pt; background: white; margin: 0cm 0cm 15.0pt 0cm;\"><a href=\"https:\/\/tajkertesz.com\/\">https:\/\/tajkertesz.com<\/a><\/p>\n<div id=\"cikk_banner1\">\n<div class=\"textwidget\">\n<p><code><\/code><\/p>\n<\/div>\n<\/div>\n<p>&nbsp;<\/p>\n<p><a href=\"https:\/\/hu.wikipedia.org\/wiki\/Veresgy%C5%B1r%C5%B1_som\">https:\/\/hu.wikipedia.org\/wiki\/Veresgy%C5%B1r%C5%B1_som<\/a><\/p>\n<p>&nbsp;<\/p>\n<p><span style=\"color: #ffffff;\"><strong>A veresgy\u0171r\u0171 som (Cornus sanguinea) kb. 2-3m\u00e9teres magass\u00e1got el\u00e9r\u0151 terjed\u0151 t\u00f6v\u0171 lombhullat\u00f3 cserje.<\/strong>\u00a0F\u0151k\u00e9nt azokban a h\u00f3napokban d\u00edsz\u00edt, amikor a legt\u00f6bb n\u00f6v\u00e9ny nyugalmi id\u0151szak\u00e1ba ker\u00fcl.<\/span><\/p>\n<p><span style=\"color: #ffffff;\"><strong>\u0150sszel<\/strong>\u00a0hossz\u00fak\u00e1s, kerekded z\u00f6ld sz\u00edn\u0171\u00a0<strong>levelei a fajt\u00e1t\u00f3l f\u00fcgg\u0151en v\u00f6r\u00f6s, narancs, vagy s\u00e1rga sz\u00edn\u0171re sz\u00ednez\u0151dhetnek.\u00a0<\/strong><strong>A lombhull\u00e1s ut\u00e1n bukkannak el\u0151, az \u00e9l\u00e9nknarancss\u00e1rga vessz\u0151k, melyek \u00e9lettel t\u00f6ltik meg a t\u00e9li kerteket.<\/strong><\/span><\/p>\n<p><span style=\"color: #ffffff;\">Az \u00e9v t\u00f6bbi id\u0151szak\u00e1ban sem teljesen d\u00edsztelen, tavasszal kedves megjelen\u00e9s\u0171, h\u00f3feh\u00e9r erny\u0151vir\u00e1gzat\u00e1val, majd fekete bogy\u00f3s term\u00e9seivel d\u00edsz\u00edt.<\/span><\/p>\n<div class=\"code-block code-block-1 ai-viewport-1 ai-viewport-2\"><\/div>\n<p><span style=\"color: #ffffff;\"><strong>A n\u00f6v\u00e9ny term\u00e9se nem m\u00e9rgez\u0151, a levelek viszont irrit\u00e1l\u00f3 hat\u00e1s\u00faak lehetnek, b\u0151r \u00e9s szemirrit\u00e1ci\u00f3t okozhatnak.<\/strong><\/span><\/p>\n<p>&nbsp;<\/p>","protected":false},"excerpt":{"rendered":"<p>Cornus sanguinea-Veresgy\u0171r\u0171s som Haz\u00e1nkban is sok helyen el\u0151fordul\u00f3 lombhullat\u00f3 cserje. Igazi sz\u00e9ps\u00e9g\u00e9t \u0151sz v\u00e9g\u00e9n t\u00e9l elej\u00e9n mutatja.<\/p>\n<p>2-4 m magass\u00e1got el\u00e9r\u0151, terjed\u0151t\u00f6v\u0171 cserje.<\/p>","protected":false},"featured_media":1132,"template":"","meta":{"_et_pb_use_builder":"","_et_pb_old_content":"","_et_gb_content_width":""},"product_brand":[],"product_cat":[27],"product_tag":[237,235,73,218,236],"class_list":{"0":"post-1129","1":"product","2":"type-product","3":"status-publish","4":"has-post-thumbnail","6":"product_cat-cserjek","7":"product_tag-cornus","8":"product_tag-cornus-sanguinea","9":"product_tag-cserje","10":"product_tag-som","11":"product_tag-veresgyurus-som","13":"first","14":"outofstock","15":"shipping-taxable","16":"product-type-simple"},"yoast_head":"<!-- This site is optimized with the Yoast SEO plugin v27.5 - https:\/\/yoast.com\/product\/yoast-seo-wordpress\/ -->\n<title>Cornus sanguinea-Veresgy\u0171r\u0171s som - T\u00e1jkert\u00e9sz<\/title>\n<meta name=\"description\" content=\"Cornus sanguinea-Veresgy\u0171r\u0171s som Haz\u00e1nkban is sok helyen el\u0151fordul\u00f3 lombhullat\u00f3. 2-4 m magass\u00e1got el\u00e9r\u0151, terjed\u0151t\u00f6v\u0171 cserje.\" \/>\n<meta name=\"robots\" content=\"index, follow, max-snippet:-1, max-image-preview:large, max-video-preview:-1\" \/>\n<link rel=\"canonical\" href=\"https:\/\/tajkertesz.com\/en_US\/product\/cornus-sanguinea-veresgyurus-som\/\" \/>\n<meta property=\"og:locale\" content=\"en_US\" \/>\n<meta property=\"og:type\" content=\"article\" \/>\n<meta property=\"og:title\" content=\"Cornus sanguinea-Veresgy\u0171r\u0171s som - T\u00e1jkert\u00e9sz\" \/>\n<meta property=\"og:description\" content=\"Cornus sanguinea-Veresgy\u0171r\u0171s som Haz\u00e1nkban is sok helyen el\u0151fordul\u00f3 lombhullat\u00f3. 2-4 m magass\u00e1got el\u00e9r\u0151, terjed\u0151t\u00f6v\u0171 cserje.\" \/>\n<meta property=\"og:url\" content=\"https:\/\/tajkertesz.com\/en_US\/product\/cornus-sanguinea-veresgyurus-som\/\" \/>\n<meta property=\"og:site_name\" content=\"T\u00e1jkert\u00e9sz\" \/>\n<meta property=\"article:publisher\" content=\"https:\/\/www.facebook.com\/Tajkertesz\/\" \/>\n<meta property=\"article:modified_time\" content=\"2025-04-02T08:31:08+00:00\" \/>\n<meta property=\"og:image\" content=\"https:\/\/tajkertesz.com\/wp-content\/uploads\/2020\/02\/let\u00f6lt\u00e9s-3.jpg\" \/>\n\t<meta property=\"og:image:width\" content=\"259\" \/>\n\t<meta property=\"og:image:height\" content=\"194\" \/>\n\t<meta property=\"og:image:type\" content=\"image\/jpeg\" \/>\n<meta name=\"twitter:card\" content=\"summary_large_image\" \/>\n<meta name=\"twitter:label1\" content=\"Est. reading time\" \/>\n\t<meta name=\"twitter:data1\" content=\"2 minutes\" \/>\n<script type=\"application\/ld+json\" class=\"yoast-schema-graph\">{\"@context\":\"https:\\\/\\\/schema.org\",\"@graph\":[{\"@type\":\"WebPage\",\"@id\":\"https:\\\/\\\/tajkertesz.com\\\/termek\\\/cornus-sanguinea-veresgyurus-som\\\/\",\"url\":\"https:\\\/\\\/tajkertesz.com\\\/termek\\\/cornus-sanguinea-veresgyurus-som\\\/\",\"name\":\"Cornus sanguinea-Veresgy\u0171r\u0171s som - T\u00e1jkert\u00e9sz\",\"isPartOf\":{\"@id\":\"https:\\\/\\\/tajkertesz.com\\\/#website\"},\"primaryImageOfPage\":{\"@id\":\"https:\\\/\\\/tajkertesz.com\\\/termek\\\/cornus-sanguinea-veresgyurus-som\\\/#primaryimage\"},\"image\":{\"@id\":\"https:\\\/\\\/tajkertesz.com\\\/termek\\\/cornus-sanguinea-veresgyurus-som\\\/#primaryimage\"},\"thumbnailUrl\":\"https:\\\/\\\/tajkertesz.com\\\/wp-content\\\/uploads\\\/2020\\\/02\\\/let\u00f6lt\u00e9s-3.jpg\",\"datePublished\":\"2020-02-25T14:21:02+00:00\",\"dateModified\":\"2025-04-02T08:31:08+00:00\",\"description\":\"Cornus sanguinea-Veresgy\u0171r\u0171s som Haz\u00e1nkban is sok helyen el\u0151fordul\u00f3 lombhullat\u00f3. 2-4 m magass\u00e1got el\u00e9r\u0151, terjed\u0151t\u00f6v\u0171 cserje.\",\"breadcrumb\":{\"@id\":\"https:\\\/\\\/tajkertesz.com\\\/termek\\\/cornus-sanguinea-veresgyurus-som\\\/#breadcrumb\"},\"inLanguage\":\"en-US\",\"potentialAction\":[{\"@type\":\"ReadAction\",\"target\":[\"https:\\\/\\\/tajkertesz.com\\\/termek\\\/cornus-sanguinea-veresgyurus-som\\\/\"]}]},{\"@type\":\"ImageObject\",\"inLanguage\":\"en-US\",\"@id\":\"https:\\\/\\\/tajkertesz.com\\\/termek\\\/cornus-sanguinea-veresgyurus-som\\\/#primaryimage\",\"url\":\"https:\\\/\\\/tajkertesz.com\\\/wp-content\\\/uploads\\\/2020\\\/02\\\/let\u00f6lt\u00e9s-3.jpg\",\"contentUrl\":\"https:\\\/\\\/tajkertesz.com\\\/wp-content\\\/uploads\\\/2020\\\/02\\\/let\u00f6lt\u00e9s-3.jpg\",\"width\":259,\"height\":194},{\"@type\":\"BreadcrumbList\",\"@id\":\"https:\\\/\\\/tajkertesz.com\\\/termek\\\/cornus-sanguinea-veresgyurus-som\\\/#breadcrumb\",\"itemListElement\":[{\"@type\":\"ListItem\",\"position\":1,\"name\":\"Home\",\"item\":\"https:\\\/\\\/tajkertesz.com\\\/\"},{\"@type\":\"ListItem\",\"position\":2,\"name\":\"Kezd\u0151lap\",\"item\":\"https:\\\/\\\/tajkertesz.com\\\/\"},{\"@type\":\"ListItem\",\"position\":3,\"name\":\"Cornus sanguinea-Veresgy\u0171r\u0171s som\"}]},{\"@type\":\"WebSite\",\"@id\":\"https:\\\/\\\/tajkertesz.com\\\/#website\",\"url\":\"https:\\\/\\\/tajkertesz.com\\\/\",\"name\":\"T\u00e1j-Kert\u00e9sz 84 Kft.\",\"description\":\"Kert\u00e9szeti kis- \u00e9s nagykeresked\u00e9s, D\u00edszn\u00f6v\u00e9ny web\u00e1ruh\u00e1z orsz\u00e1gos h\u00e1zhozsz\u00e1ll\u00edt\u00e1ssal!\",\"publisher\":{\"@id\":\"https:\\\/\\\/tajkertesz.com\\\/#organization\"},\"potentialAction\":[{\"@type\":\"SearchAction\",\"target\":{\"@type\":\"EntryPoint\",\"urlTemplate\":\"https:\\\/\\\/tajkertesz.com\\\/?s={search_term_string}\"},\"query-input\":{\"@type\":\"PropertyValueSpecification\",\"valueRequired\":true,\"valueName\":\"search_term_string\"}}],\"inLanguage\":\"en-US\"},{\"@type\":\"Organization\",\"@id\":\"https:\\\/\\\/tajkertesz.com\\\/#organization\",\"name\":\"T\u00e1j-Kert\u00e9sz 84 Kft.\",\"url\":\"https:\\\/\\\/tajkertesz.com\\\/\",\"logo\":{\"@type\":\"ImageObject\",\"inLanguage\":\"en-US\",\"@id\":\"https:\\\/\\\/tajkertesz.com\\\/#\\\/schema\\\/logo\\\/image\\\/\",\"url\":\"https:\\\/\\\/tajkertesz.com\\\/wp-content\\\/uploads\\\/2018\\\/02\\\/logo-2-e1518678052539.png\",\"contentUrl\":\"https:\\\/\\\/tajkertesz.com\\\/wp-content\\\/uploads\\\/2018\\\/02\\\/logo-2-e1518678052539.png\",\"width\":81,\"height\":140,\"caption\":\"T\u00e1j-Kert\u00e9sz 84 Kft.\"},\"image\":{\"@id\":\"https:\\\/\\\/tajkertesz.com\\\/#\\\/schema\\\/logo\\\/image\\\/\"},\"sameAs\":[\"https:\\\/\\\/www.facebook.com\\\/Tajkertesz\\\/\"]}]}<\/script>\n<!-- \/ Yoast SEO plugin. -->","yoast_head_json":{"title":"Cornus sanguinea-Veresgy\u0171r\u0171s som - T\u00e1jkert\u00e9sz","description":"Cornus sanguinea-Veresgy\u0171r\u0171s som Haz\u00e1nkban is sok helyen el\u0151fordul\u00f3 lombhullat\u00f3. 2-4 m magass\u00e1got el\u00e9r\u0151, terjed\u0151t\u00f6v\u0171 cserje.","robots":{"index":"index","follow":"follow","max-snippet":"max-snippet:-1","max-image-preview":"max-image-preview:large","max-video-preview":"max-video-preview:-1"},"canonical":"https:\/\/tajkertesz.com\/en_US\/product\/cornus-sanguinea-veresgyurus-som\/","og_locale":"en_US","og_type":"article","og_title":"Cornus sanguinea-Veresgy\u0171r\u0171s som - T\u00e1jkert\u00e9sz","og_description":"Cornus sanguinea-Veresgy\u0171r\u0171s som Haz\u00e1nkban is sok helyen el\u0151fordul\u00f3 lombhullat\u00f3. 2-4 m magass\u00e1got el\u00e9r\u0151, terjed\u0151t\u00f6v\u0171 cserje.","og_url":"https:\/\/tajkertesz.com\/en_US\/product\/cornus-sanguinea-veresgyurus-som\/","og_site_name":"T\u00e1jkert\u00e9sz","article_publisher":"https:\/\/www.facebook.com\/Tajkertesz\/","article_modified_time":"2025-04-02T08:31:08+00:00","og_image":[{"width":259,"height":194,"url":"https:\/\/tajkertesz.com\/wp-content\/uploads\/2020\/02\/let\u00f6lt\u00e9s-3.jpg","type":"image\/jpeg"}],"twitter_card":"summary_large_image","twitter_misc":{"Est. reading time":"2 minutes"},"schema":{"@context":"https:\/\/schema.org","@graph":[{"@type":"WebPage","@id":"https:\/\/tajkertesz.com\/termek\/cornus-sanguinea-veresgyurus-som\/","url":"https:\/\/tajkertesz.com\/termek\/cornus-sanguinea-veresgyurus-som\/","name":"Cornus sanguinea-Veresgy\u0171r\u0171s som - T\u00e1jkert\u00e9sz","isPartOf":{"@id":"https:\/\/tajkertesz.com\/#website"},"primaryImageOfPage":{"@id":"https:\/\/tajkertesz.com\/termek\/cornus-sanguinea-veresgyurus-som\/#primaryimage"},"image":{"@id":"https:\/\/tajkertesz.com\/termek\/cornus-sanguinea-veresgyurus-som\/#primaryimage"},"thumbnailUrl":"https:\/\/tajkertesz.com\/wp-content\/uploads\/2020\/02\/let\u00f6lt\u00e9s-3.jpg","datePublished":"2020-02-25T14:21:02+00:00","dateModified":"2025-04-02T08:31:08+00:00","description":"Cornus sanguinea-Veresgy\u0171r\u0171s som Haz\u00e1nkban is sok helyen el\u0151fordul\u00f3 lombhullat\u00f3. 2-4 m magass\u00e1got el\u00e9r\u0151, terjed\u0151t\u00f6v\u0171 cserje.","breadcrumb":{"@id":"https:\/\/tajkertesz.com\/termek\/cornus-sanguinea-veresgyurus-som\/#breadcrumb"},"inLanguage":"en-US","potentialAction":[{"@type":"ReadAction","target":["https:\/\/tajkertesz.com\/termek\/cornus-sanguinea-veresgyurus-som\/"]}]},{"@type":"ImageObject","inLanguage":"en-US","@id":"https:\/\/tajkertesz.com\/termek\/cornus-sanguinea-veresgyurus-som\/#primaryimage","url":"https:\/\/tajkertesz.com\/wp-content\/uploads\/2020\/02\/let\u00f6lt\u00e9s-3.jpg","contentUrl":"https:\/\/tajkertesz.com\/wp-content\/uploads\/2020\/02\/let\u00f6lt\u00e9s-3.jpg","width":259,"height":194},{"@type":"BreadcrumbList","@id":"https:\/\/tajkertesz.com\/termek\/cornus-sanguinea-veresgyurus-som\/#breadcrumb","itemListElement":[{"@type":"ListItem","position":1,"name":"Home","item":"https:\/\/tajkertesz.com\/"},{"@type":"ListItem","position":2,"name":"Kezd\u0151lap","item":"https:\/\/tajkertesz.com\/"},{"@type":"ListItem","position":3,"name":"Cornus sanguinea-Veresgy\u0171r\u0171s som"}]},{"@type":"WebSite","@id":"https:\/\/tajkertesz.com\/#website","url":"https:\/\/tajkertesz.com\/","name":"T\u00e1j-Kert\u00e9sz 84 Kft.","description":"Kert\u00e9szeti kis- \u00e9s nagykeresked\u00e9s, D\u00edszn\u00f6v\u00e9ny web\u00e1ruh\u00e1z orsz\u00e1gos h\u00e1zhozsz\u00e1ll\u00edt\u00e1ssal!","publisher":{"@id":"https:\/\/tajkertesz.com\/#organization"},"potentialAction":[{"@type":"SearchAction","target":{"@type":"EntryPoint","urlTemplate":"https:\/\/tajkertesz.com\/?s={search_term_string}"},"query-input":{"@type":"PropertyValueSpecification","valueRequired":true,"valueName":"search_term_string"}}],"inLanguage":"en-US"},{"@type":"Organization","@id":"https:\/\/tajkertesz.com\/#organization","name":"T\u00e1j-Kert\u00e9sz 84 Kft.","url":"https:\/\/tajkertesz.com\/","logo":{"@type":"ImageObject","inLanguage":"en-US","@id":"https:\/\/tajkertesz.com\/#\/schema\/logo\/image\/","url":"https:\/\/tajkertesz.com\/wp-content\/uploads\/2018\/02\/logo-2-e1518678052539.png","contentUrl":"https:\/\/tajkertesz.com\/wp-content\/uploads\/2018\/02\/logo-2-e1518678052539.png","width":81,"height":140,"caption":"T\u00e1j-Kert\u00e9sz 84 Kft."},"image":{"@id":"https:\/\/tajkertesz.com\/#\/schema\/logo\/image\/"},"sameAs":["https:\/\/www.facebook.com\/Tajkertesz\/"]}]}},"_links":{"self":[{"href":"https:\/\/tajkertesz.com\/en_US\/wp-json\/wp\/v2\/product\/1129","targetHints":{"allow":["GET"]}}],"collection":[{"href":"https:\/\/tajkertesz.com\/en_US\/wp-json\/wp\/v2\/product"}],"about":[{"href":"https:\/\/tajkertesz.com\/en_US\/wp-json\/wp\/v2\/types\/product"}],"wp:featuredmedia":[{"embeddable":true,"href":"https:\/\/tajkertesz.com\/en_US\/wp-json\/wp\/v2\/media\/1132"}],"wp:attachment":[{"href":"https:\/\/tajkertesz.com\/en_US\/wp-json\/wp\/v2\/media?parent=1129"}],"wp:term":[{"taxonomy":"product_brand","embeddable":true,"href":"https:\/\/tajkertesz.com\/en_US\/wp-json\/wp\/v2\/product_brand?post=1129"},{"taxonomy":"product_cat","embeddable":true,"href":"https:\/\/tajkertesz.com\/en_US\/wp-json\/wp\/v2\/product_cat?post=1129"},{"taxonomy":"product_tag","embeddable":true,"href":"https:\/\/tajkertesz.com\/en_US\/wp-json\/wp\/v2\/product_tag?post=1129"}],"curies":[{"name":"wp","href":"https:\/\/api.w.org\/{rel}","templated":true}]}}