{"id":1149,"date":"2020-02-26T10:18:38","date_gmt":"2020-02-26T10:18:38","guid":{"rendered":"https:\/\/tajkertesz.com\/?post_type=product&#038;p=1149"},"modified":"2024-09-18T08:56:19","modified_gmt":"2024-09-18T08:56:19","slug":"cotoneaster-horizontalis-kerti-madarbirs","status":"publish","type":"product","link":"https:\/\/tajkertesz.com\/en_US\/product\/cotoneaster-horizontalis-kerti-madarbirs\/","title":{"rendered":"Cotoneaster horizontalis-Kerti mad\u00e1rbirs"},"content":{"rendered":"<p>Cotoneaster horizontalis-Kerti mad\u00e1rbirs<\/p>\n<p>Cotoneaster horizontalis-Kerti mad\u00e1rbirs K\u00edn\u00e1b\u00f3l sz\u00e1rmaz\u00f3 60-80 cm magasra n\u00f6v\u0151 ter\u00fcl\u0151 lombhullat\u00f3 cserje. K\u00f6nnyen kezelhet\u0151 n\u00f6v\u00e9ny, sokan gy\u00f6ny\u00f6r\u0171 \u0151szi bogy\u00f3 term\u00e9sei\u00e9rt kedvelik. Ter\u00fcl\u0151, merev \u00e1grendszere s\u0171r\u0171 oldal\u00e1gakb\u00f3l \u00e1ll, melyek sz\u00e9les \u00edvesen ter\u00fclnek el ez\u00e9rt kiv\u00e1l\u00f3 talajtakar\u00f3 n\u00f6v\u00e9ny.<\/p>\n<p><b>N\u00f6veked\u00e9s, alak: <\/b>60-80 cm magasra n\u00f6v\u0151 ter\u00fcl\u0151 lombhullat\u00f3 cserje. K\u00f6nnyen kezelhet\u0151 n\u00f6v\u00e9ny, sokan gy\u00f6ny\u00f6r\u0171 \u0151szi bogy\u00f3 term\u00e9sei\u00e9rt kedvelik.<\/p>\n<p><b><\/b><b>Lev\u00e9l: <\/b>Levelei f\u00e9nyes z\u00f6ldek, b\u0151rszer\u0171ek, apr\u00f3k cs\u00facsos v\u00e9g\u0171ek. \u0150sszel narancs vagy b\u00edborpirosra sz\u00ednez\u0151dnek.<\/p>\n<p><strong>Vir\u00e1ga: <\/strong>Apr\u00f3 feh\u00e9r vir\u00e1gai m\u00e1jusban ny\u00edlnak.<\/p>\n<p><strong>Term\u00e9se: <\/strong>D\u00edsz\u00edt\u0151\u00e9rt\u00e9k\u00e9t \u0151sszel hozott, \u00e9l\u00e9nk piros bogy\u00f3s term\u00e9sei, adj\u00e1k<\/p>\n<p><b>Term\u0151hely, ig\u00e9ny: <\/b>Napos, r\u00e9szben f\u00e9l\u00e1rny\u00e9kos, j\u00f3 v\u00edzell\u00e1t\u00e1s\u00fa helyet kedvel<strong>. <\/strong><\/p>\n<p><strong>J\u00f3l toler\u00e1lja a sz\u00e1razs\u00e1got,\u00a0el\u00e9g csak a fiatalabb n\u00f6v\u00e9nyeket \u00f6nt\u00f6zni, vagy hosszabb, tart\u00f3s sz\u00e1razs\u00e1gban adni neki egy kis vizet.<\/strong><\/p>\n<p><strong>Felhaszn\u00e1l\u00e1s<\/strong>: R\u00e9zs\u0171kre, talajtakar\u00f3nak vagy kis kertekbe alkalmas n\u00f6v\u00e9ny. Napos, r\u00e9szben f\u00e9l\u00e1rny\u00e9kos, j\u00f3 v\u00edzell\u00e1t\u00e1s\u00fa helyet kedvel.<\/p>\n<p style=\"line-height: 18.0pt; background: white; margin: 0cm 0cm 15.0pt 0cm;\"><span style=\"font-family: 'Ubuntu',serif; color: black;\">El\u00e9rhet\u0151 t\u00f6bbf\u00e9le m\u00e9retben \u00e9s \u00e1rban.<\/span><\/p>\n<p style=\"line-height: 18.0pt; background: white; margin: 0cm 0cm 15.0pt 0cm;\"><b><span style=\"font-family: 'Ubuntu',serif; color: black;\">K\u00e9szlet\u00fcnk napi szinten v\u00e1ltozik, ez\u00e9rt k\u00e9rj\u00fck, \u00e9rdekl\u0151dj\u00f6n szem\u00e9lyesen, telefonon vagy email-en.<br \/>\nA v\u00e1ltoztat\u00e1s jog\u00e1t fenntartjuk!\u00a0<\/span><\/b><\/p>\n<p><a href=\"https:\/\/tajkertesz.com\/\">https:\/\/tajkertesz.com<\/a><\/p>\n<p>&nbsp;<\/p>\n<p><a href=\"https:\/\/hu.wikipedia.org\/wiki\/Mad%C3%A1rbirs\">https:\/\/hu.wikipedia.org\/wiki\/Mad%C3%A1rbirs<\/a><\/p>\n<p>&nbsp;<\/p>\n<p>&nbsp;<\/p>\n<p><span style=\"color: #ffffff;\">A l<\/span><\/p>\n<p><span style=\"color: #ffffff;\">Cotoneaster horizont\u00e1lis-Kerti mad\u00e1rbirs<\/span><\/p>\n<p><span style=\"color: #ffffff;\">A legt\u00f6bb faj 0,5\u20135 m magas elter\u00fcl\u0151 vagy fel\u00e1ll\u00f3\u00a0<a style=\"color: #ffffff;\" title=\"Cserje\" href=\"https:\/\/hu.wikipedia.org\/wiki\/Cserje\">cserje<\/a>. N\u00e9h\u00e1ny faj, nevezetesen a\u00a0<a class=\"new\" style=\"color: #ffffff;\" title=\"Himal\u00e1jai mad\u00e1rbirs (a lap nem l\u00e9tezik)\" href=\"https:\/\/hu.wikipedia.org\/w\/index.php?title=Himal%C3%A1jai_mad%C3%A1rbirs&amp;action=edit&amp;redlink=1\">himal\u00e1jai mad\u00e1rbirs<\/a>\u00a0 15 m magas f\u00e1v\u00e1 is n\u0151het. Az elter\u00fcl\u0151 fajok t\u00f6bbnyire magashegyi n\u00f6v\u00e9nyek: a Himal\u00e1j\u00e1ban 3\u20134000 m magasan \u00e9lnek, a cserj\u00e9k pedig alacsonyabban, a r\u00e9teken, v\u00e1g\u00e1sokban, az erd\u0151k cserjeszintj\u00e9ben.<\/span><\/p>\n<p>&nbsp;<\/p>\n<p><span style=\"color: #ffffff;\">egt\u00f6bb faj 0,5\u20135 m magas elter\u00fcl\u0151 vagy fel\u00e1ll\u00f3\u00a0<a style=\"color: #ffffff;\" title=\"Cserje\" href=\"https:\/\/hu.wikipedia.org\/wiki\/Cserje\">cserje<\/a>. N\u00e9h\u00e1ny faj, nevezetesen a\u00a0<a class=\"new\" style=\"color: #ffffff;\" title=\"Himal\u00e1jai mad\u00e1rbirs (a lap nem l\u00e9tezik)\" href=\"https:\/\/hu.wikipedia.org\/w\/index.php?title=Himal%C3%A1jai_mad%C3%A1rbirs&amp;action=edit&amp;redlink=1\">himal\u00e1jai mad\u00e1rbirs<\/a>\u00a0<i>(C. frigidus)<\/i>\u00a015 m magas f\u00e1v\u00e1 is n\u0151het. Az elter\u00fcl\u0151 fajok t\u00f6bbnyire magashegyi n\u00f6v\u00e9nyek: a Himal\u00e1j\u00e1ban 3\u20134000 m magasan \u00e9lnek, a cserj\u00e9k pedig alacsonyabban, a r\u00e9teken, v\u00e1g\u00e1sokban, az erd\u0151k cserjeszintj\u00e9ben.<\/span><\/p>\n<p><span style=\"color: #ffffff;\"><a style=\"color: #ffffff;\" title=\"Hajt\u00e1s\" href=\"https:\/\/hu.wikipedia.org\/wiki\/Hajt%C3%A1s\">H<\/a><\/span><\/p>","protected":false},"excerpt":{"rendered":"<p>Cotoneaster horizont\u00e1lis-Kerti mad\u00e1rbirs K\u00edn\u00e1b\u00f3l sz\u00e1rmaz\u00f3 60-80 cm magasra n\u00f6v\u0151 ter\u00fcl\u0151 lombhullat\u00f3 cserje. K\u00f6nnyen kezelhet\u0151 n\u00f6v\u00e9ny, sokan gy\u00f6ny\u00f6r\u0171 \u0151szi bogy\u00f3 term\u00e9sei\u00e9rt kedvelik. Ter\u00fcl\u0151, merev \u00e1grendszere s\u0171r\u0171 oldal\u00e1gakb\u00f3l \u00e1ll, melyek sz\u00e9les \u00edvesen ter\u00fclnek el ez\u00e9rt kiv\u00e1l\u00f3 talajtakar\u00f3 n\u00f6v\u00e9ny.<\/p>","protected":false},"featured_media":1153,"template":"","meta":{"_et_pb_use_builder":"","_et_pb_old_content":"","_et_gb_content_width":""},"product_brand":[],"product_cat":[27],"product_tag":[241,73,242,226],"class_list":{"0":"post-1149","1":"product","2":"type-product","3":"status-publish","4":"has-post-thumbnail","6":"product_cat-cserjek","7":"product_tag-cotoneaster","8":"product_tag-cserje","9":"product_tag-horizontalis","10":"product_tag-madarbirs","12":"first","13":"outofstock","14":"shipping-taxable","15":"product-type-simple"},"yoast_head":"<!-- This site is optimized with the Yoast SEO plugin v27.3 - https:\/\/yoast.com\/product\/yoast-seo-wordpress\/ -->\n<title>Cotoneaster horizontalis-Kerti mad\u00e1rbirs - T\u00e1jkert\u00e9sz<\/title>\n<meta name=\"description\" content=\"Cotoneaster horizont\u00e1lis-Kerti mad\u00e1rbirs K\u00edn\u00e1b\u00f3l sz\u00e1rmaz\u00f3 60-80 cm magasra n\u00f6v\u0151 ter\u00fcl\u0151 lombhullat\u00f3 cserje. \u00d6r\u00f6kz\u00f6ld vagy lombhullat\u00f3 cserje.\" \/>\n<meta name=\"robots\" content=\"index, follow, max-snippet:-1, max-image-preview:large, max-video-preview:-1\" \/>\n<link rel=\"canonical\" href=\"https:\/\/tajkertesz.com\/en_US\/product\/cotoneaster-horizontalis-kerti-madarbirs\/\" \/>\n<meta property=\"og:locale\" content=\"en_US\" \/>\n<meta property=\"og:type\" content=\"article\" \/>\n<meta property=\"og:title\" content=\"Cotoneaster horizontalis-Kerti mad\u00e1rbirs - T\u00e1jkert\u00e9sz\" \/>\n<meta property=\"og:description\" content=\"Cotoneaster horizont\u00e1lis-Kerti mad\u00e1rbirs K\u00edn\u00e1b\u00f3l sz\u00e1rmaz\u00f3 60-80 cm magasra n\u00f6v\u0151 ter\u00fcl\u0151 lombhullat\u00f3 cserje. \u00d6r\u00f6kz\u00f6ld vagy lombhullat\u00f3 cserje.\" \/>\n<meta property=\"og:url\" content=\"https:\/\/tajkertesz.com\/en_US\/product\/cotoneaster-horizontalis-kerti-madarbirs\/\" \/>\n<meta property=\"og:site_name\" content=\"T\u00e1jkert\u00e9sz\" \/>\n<meta property=\"article:publisher\" content=\"https:\/\/www.facebook.com\/Tajkertesz\/\" \/>\n<meta property=\"article:modified_time\" content=\"2024-09-18T08:56:19+00:00\" \/>\n<meta property=\"og:image\" content=\"https:\/\/tajkertesz.com\/wp-content\/uploads\/2020\/02\/let\u00f6lt\u00e9s-2-1.jpg\" \/>\n\t<meta property=\"og:image:width\" content=\"275\" \/>\n\t<meta property=\"og:image:height\" content=\"183\" \/>\n\t<meta property=\"og:image:type\" content=\"image\/jpeg\" \/>\n<meta name=\"twitter:card\" content=\"summary_large_image\" \/>\n<meta name=\"twitter:label1\" content=\"Est. reading time\" \/>\n\t<meta name=\"twitter:data1\" content=\"2 minutes\" \/>\n<script type=\"application\/ld+json\" class=\"yoast-schema-graph\">{\"@context\":\"https:\\\/\\\/schema.org\",\"@graph\":[{\"@type\":\"WebPage\",\"@id\":\"https:\\\/\\\/tajkertesz.com\\\/termek\\\/cotoneaster-horizontalis-kerti-madarbirs\\\/\",\"url\":\"https:\\\/\\\/tajkertesz.com\\\/termek\\\/cotoneaster-horizontalis-kerti-madarbirs\\\/\",\"name\":\"Cotoneaster horizontalis-Kerti mad\u00e1rbirs - T\u00e1jkert\u00e9sz\",\"isPartOf\":{\"@id\":\"https:\\\/\\\/tajkertesz.com\\\/#website\"},\"primaryImageOfPage\":{\"@id\":\"https:\\\/\\\/tajkertesz.com\\\/termek\\\/cotoneaster-horizontalis-kerti-madarbirs\\\/#primaryimage\"},\"image\":{\"@id\":\"https:\\\/\\\/tajkertesz.com\\\/termek\\\/cotoneaster-horizontalis-kerti-madarbirs\\\/#primaryimage\"},\"thumbnailUrl\":\"https:\\\/\\\/tajkertesz.com\\\/wp-content\\\/uploads\\\/2020\\\/02\\\/let\u00f6lt\u00e9s-2-1.jpg\",\"datePublished\":\"2020-02-26T10:18:38+00:00\",\"dateModified\":\"2024-09-18T08:56:19+00:00\",\"description\":\"Cotoneaster horizont\u00e1lis-Kerti mad\u00e1rbirs K\u00edn\u00e1b\u00f3l sz\u00e1rmaz\u00f3 60-80 cm magasra n\u00f6v\u0151 ter\u00fcl\u0151 lombhullat\u00f3 cserje. \u00d6r\u00f6kz\u00f6ld vagy lombhullat\u00f3 cserje.\",\"breadcrumb\":{\"@id\":\"https:\\\/\\\/tajkertesz.com\\\/termek\\\/cotoneaster-horizontalis-kerti-madarbirs\\\/#breadcrumb\"},\"inLanguage\":\"en-US\",\"potentialAction\":[{\"@type\":\"ReadAction\",\"target\":[\"https:\\\/\\\/tajkertesz.com\\\/termek\\\/cotoneaster-horizontalis-kerti-madarbirs\\\/\"]}]},{\"@type\":\"ImageObject\",\"inLanguage\":\"en-US\",\"@id\":\"https:\\\/\\\/tajkertesz.com\\\/termek\\\/cotoneaster-horizontalis-kerti-madarbirs\\\/#primaryimage\",\"url\":\"https:\\\/\\\/tajkertesz.com\\\/wp-content\\\/uploads\\\/2020\\\/02\\\/let\u00f6lt\u00e9s-2-1.jpg\",\"contentUrl\":\"https:\\\/\\\/tajkertesz.com\\\/wp-content\\\/uploads\\\/2020\\\/02\\\/let\u00f6lt\u00e9s-2-1.jpg\",\"width\":275,\"height\":183},{\"@type\":\"BreadcrumbList\",\"@id\":\"https:\\\/\\\/tajkertesz.com\\\/termek\\\/cotoneaster-horizontalis-kerti-madarbirs\\\/#breadcrumb\",\"itemListElement\":[{\"@type\":\"ListItem\",\"position\":1,\"name\":\"Home\",\"item\":\"https:\\\/\\\/tajkertesz.com\\\/\"},{\"@type\":\"ListItem\",\"position\":2,\"name\":\"Kezd\u0151lap\",\"item\":\"https:\\\/\\\/tajkertesz.com\\\/\"},{\"@type\":\"ListItem\",\"position\":3,\"name\":\"Cotoneaster horizontalis-Kerti mad\u00e1rbirs\"}]},{\"@type\":\"WebSite\",\"@id\":\"https:\\\/\\\/tajkertesz.com\\\/#website\",\"url\":\"https:\\\/\\\/tajkertesz.com\\\/\",\"name\":\"T\u00e1j-Kert\u00e9sz 84 Kft.\",\"description\":\"Kert\u00e9szeti kis- \u00e9s nagykeresked\u00e9s, D\u00edszn\u00f6v\u00e9ny web\u00e1ruh\u00e1z orsz\u00e1gos h\u00e1zhozsz\u00e1ll\u00edt\u00e1ssal!\",\"publisher\":{\"@id\":\"https:\\\/\\\/tajkertesz.com\\\/#organization\"},\"potentialAction\":[{\"@type\":\"SearchAction\",\"target\":{\"@type\":\"EntryPoint\",\"urlTemplate\":\"https:\\\/\\\/tajkertesz.com\\\/?s={search_term_string}\"},\"query-input\":{\"@type\":\"PropertyValueSpecification\",\"valueRequired\":true,\"valueName\":\"search_term_string\"}}],\"inLanguage\":\"en-US\"},{\"@type\":\"Organization\",\"@id\":\"https:\\\/\\\/tajkertesz.com\\\/#organization\",\"name\":\"T\u00e1j-Kert\u00e9sz 84 Kft.\",\"url\":\"https:\\\/\\\/tajkertesz.com\\\/\",\"logo\":{\"@type\":\"ImageObject\",\"inLanguage\":\"en-US\",\"@id\":\"https:\\\/\\\/tajkertesz.com\\\/#\\\/schema\\\/logo\\\/image\\\/\",\"url\":\"https:\\\/\\\/tajkertesz.com\\\/wp-content\\\/uploads\\\/2018\\\/02\\\/logo-2-e1518678052539.png\",\"contentUrl\":\"https:\\\/\\\/tajkertesz.com\\\/wp-content\\\/uploads\\\/2018\\\/02\\\/logo-2-e1518678052539.png\",\"width\":81,\"height\":140,\"caption\":\"T\u00e1j-Kert\u00e9sz 84 Kft.\"},\"image\":{\"@id\":\"https:\\\/\\\/tajkertesz.com\\\/#\\\/schema\\\/logo\\\/image\\\/\"},\"sameAs\":[\"https:\\\/\\\/www.facebook.com\\\/Tajkertesz\\\/\"]}]}<\/script>\n<!-- \/ Yoast SEO plugin. -->","yoast_head_json":{"title":"Cotoneaster horizontalis-Kerti mad\u00e1rbirs - T\u00e1jkert\u00e9sz","description":"Cotoneaster horizont\u00e1lis-Kerti mad\u00e1rbirs K\u00edn\u00e1b\u00f3l sz\u00e1rmaz\u00f3 60-80 cm magasra n\u00f6v\u0151 ter\u00fcl\u0151 lombhullat\u00f3 cserje. \u00d6r\u00f6kz\u00f6ld vagy lombhullat\u00f3 cserje.","robots":{"index":"index","follow":"follow","max-snippet":"max-snippet:-1","max-image-preview":"max-image-preview:large","max-video-preview":"max-video-preview:-1"},"canonical":"https:\/\/tajkertesz.com\/en_US\/product\/cotoneaster-horizontalis-kerti-madarbirs\/","og_locale":"en_US","og_type":"article","og_title":"Cotoneaster horizontalis-Kerti mad\u00e1rbirs - T\u00e1jkert\u00e9sz","og_description":"Cotoneaster horizont\u00e1lis-Kerti mad\u00e1rbirs K\u00edn\u00e1b\u00f3l sz\u00e1rmaz\u00f3 60-80 cm magasra n\u00f6v\u0151 ter\u00fcl\u0151 lombhullat\u00f3 cserje. \u00d6r\u00f6kz\u00f6ld vagy lombhullat\u00f3 cserje.","og_url":"https:\/\/tajkertesz.com\/en_US\/product\/cotoneaster-horizontalis-kerti-madarbirs\/","og_site_name":"T\u00e1jkert\u00e9sz","article_publisher":"https:\/\/www.facebook.com\/Tajkertesz\/","article_modified_time":"2024-09-18T08:56:19+00:00","og_image":[{"width":275,"height":183,"url":"https:\/\/tajkertesz.com\/wp-content\/uploads\/2020\/02\/let\u00f6lt\u00e9s-2-1.jpg","type":"image\/jpeg"}],"twitter_card":"summary_large_image","twitter_misc":{"Est. reading time":"2 minutes"},"schema":{"@context":"https:\/\/schema.org","@graph":[{"@type":"WebPage","@id":"https:\/\/tajkertesz.com\/termek\/cotoneaster-horizontalis-kerti-madarbirs\/","url":"https:\/\/tajkertesz.com\/termek\/cotoneaster-horizontalis-kerti-madarbirs\/","name":"Cotoneaster horizontalis-Kerti mad\u00e1rbirs - T\u00e1jkert\u00e9sz","isPartOf":{"@id":"https:\/\/tajkertesz.com\/#website"},"primaryImageOfPage":{"@id":"https:\/\/tajkertesz.com\/termek\/cotoneaster-horizontalis-kerti-madarbirs\/#primaryimage"},"image":{"@id":"https:\/\/tajkertesz.com\/termek\/cotoneaster-horizontalis-kerti-madarbirs\/#primaryimage"},"thumbnailUrl":"https:\/\/tajkertesz.com\/wp-content\/uploads\/2020\/02\/let\u00f6lt\u00e9s-2-1.jpg","datePublished":"2020-02-26T10:18:38+00:00","dateModified":"2024-09-18T08:56:19+00:00","description":"Cotoneaster horizont\u00e1lis-Kerti mad\u00e1rbirs K\u00edn\u00e1b\u00f3l sz\u00e1rmaz\u00f3 60-80 cm magasra n\u00f6v\u0151 ter\u00fcl\u0151 lombhullat\u00f3 cserje. \u00d6r\u00f6kz\u00f6ld vagy lombhullat\u00f3 cserje.","breadcrumb":{"@id":"https:\/\/tajkertesz.com\/termek\/cotoneaster-horizontalis-kerti-madarbirs\/#breadcrumb"},"inLanguage":"en-US","potentialAction":[{"@type":"ReadAction","target":["https:\/\/tajkertesz.com\/termek\/cotoneaster-horizontalis-kerti-madarbirs\/"]}]},{"@type":"ImageObject","inLanguage":"en-US","@id":"https:\/\/tajkertesz.com\/termek\/cotoneaster-horizontalis-kerti-madarbirs\/#primaryimage","url":"https:\/\/tajkertesz.com\/wp-content\/uploads\/2020\/02\/let\u00f6lt\u00e9s-2-1.jpg","contentUrl":"https:\/\/tajkertesz.com\/wp-content\/uploads\/2020\/02\/let\u00f6lt\u00e9s-2-1.jpg","width":275,"height":183},{"@type":"BreadcrumbList","@id":"https:\/\/tajkertesz.com\/termek\/cotoneaster-horizontalis-kerti-madarbirs\/#breadcrumb","itemListElement":[{"@type":"ListItem","position":1,"name":"Home","item":"https:\/\/tajkertesz.com\/"},{"@type":"ListItem","position":2,"name":"Kezd\u0151lap","item":"https:\/\/tajkertesz.com\/"},{"@type":"ListItem","position":3,"name":"Cotoneaster horizontalis-Kerti mad\u00e1rbirs"}]},{"@type":"WebSite","@id":"https:\/\/tajkertesz.com\/#website","url":"https:\/\/tajkertesz.com\/","name":"T\u00e1j-Kert\u00e9sz 84 Kft.","description":"Kert\u00e9szeti kis- \u00e9s nagykeresked\u00e9s, D\u00edszn\u00f6v\u00e9ny web\u00e1ruh\u00e1z orsz\u00e1gos h\u00e1zhozsz\u00e1ll\u00edt\u00e1ssal!","publisher":{"@id":"https:\/\/tajkertesz.com\/#organization"},"potentialAction":[{"@type":"SearchAction","target":{"@type":"EntryPoint","urlTemplate":"https:\/\/tajkertesz.com\/?s={search_term_string}"},"query-input":{"@type":"PropertyValueSpecification","valueRequired":true,"valueName":"search_term_string"}}],"inLanguage":"en-US"},{"@type":"Organization","@id":"https:\/\/tajkertesz.com\/#organization","name":"T\u00e1j-Kert\u00e9sz 84 Kft.","url":"https:\/\/tajkertesz.com\/","logo":{"@type":"ImageObject","inLanguage":"en-US","@id":"https:\/\/tajkertesz.com\/#\/schema\/logo\/image\/","url":"https:\/\/tajkertesz.com\/wp-content\/uploads\/2018\/02\/logo-2-e1518678052539.png","contentUrl":"https:\/\/tajkertesz.com\/wp-content\/uploads\/2018\/02\/logo-2-e1518678052539.png","width":81,"height":140,"caption":"T\u00e1j-Kert\u00e9sz 84 Kft."},"image":{"@id":"https:\/\/tajkertesz.com\/#\/schema\/logo\/image\/"},"sameAs":["https:\/\/www.facebook.com\/Tajkertesz\/"]}]}},"_links":{"self":[{"href":"https:\/\/tajkertesz.com\/en_US\/wp-json\/wp\/v2\/product\/1149","targetHints":{"allow":["GET"]}}],"collection":[{"href":"https:\/\/tajkertesz.com\/en_US\/wp-json\/wp\/v2\/product"}],"about":[{"href":"https:\/\/tajkertesz.com\/en_US\/wp-json\/wp\/v2\/types\/product"}],"wp:featuredmedia":[{"embeddable":true,"href":"https:\/\/tajkertesz.com\/en_US\/wp-json\/wp\/v2\/media\/1153"}],"wp:attachment":[{"href":"https:\/\/tajkertesz.com\/en_US\/wp-json\/wp\/v2\/media?parent=1149"}],"wp:term":[{"taxonomy":"product_brand","embeddable":true,"href":"https:\/\/tajkertesz.com\/en_US\/wp-json\/wp\/v2\/product_brand?post=1149"},{"taxonomy":"product_cat","embeddable":true,"href":"https:\/\/tajkertesz.com\/en_US\/wp-json\/wp\/v2\/product_cat?post=1149"},{"taxonomy":"product_tag","embeddable":true,"href":"https:\/\/tajkertesz.com\/en_US\/wp-json\/wp\/v2\/product_tag?post=1149"}],"curies":[{"name":"wp","href":"https:\/\/api.w.org\/{rel}","templated":true}]}}