{"id":1154,"date":"2020-02-26T11:28:04","date_gmt":"2020-02-26T11:28:04","guid":{"rendered":"https:\/\/tajkertesz.com\/?post_type=product&#038;p=1154"},"modified":"2026-02-16T15:10:59","modified_gmt":"2026-02-16T15:10:59","slug":"cotoneaster-dammeri-major-nagylevelu-madarbirs","status":"publish","type":"product","link":"https:\/\/tajkertesz.com\/en_US\/product\/cotoneaster-dammeri-major-nagylevelu-madarbirs\/","title":{"rendered":"Cotoneaster dammeri &#8216;Major&#8217;-Nagylevel\u0171 mad\u00e1rbirs"},"content":{"rendered":"<h1>Cotoneaster dammeri &#8216;Major&#8217;-Nagylevel\u0171 mad\u00e1rbirs<\/h1>\n<p>Cotoneaster dammeri &#8216;Major&#8217;-Nagylevel\u0171 mad\u00e1rbirs \u00d6r\u00f6kz\u00f6ld, kerekded level\u0171 cserje. \u00c1gai a talaj felsz\u00edn\u00e9n k\u00fasznak, \u00e9s k\u00f6nnyen legy\u00f6keresednek. Az alapfajn\u00e1l gyorsabb n\u00f6veked\u00e9s\u0171, \u00e9s nagyobb level\u0171, els\u0151sorban \u00e1rny\u00e9ki talajtakar\u00f3nak vagy sziklakertbe javasoljuk. M\u00e9rs\u00e9kelten sz\u00e1razs\u00e1gt\u0171r\u0151.<\/p>\n<p><b>N\u00f6veked\u00e9s, alak:\u00a0 <\/b>Magyar nemes\u00edt\u00e9s\u0171, elfekv\u0151, legy\u00f6keresed\u0151 sz\u00e1r\u00fa, er\u0151teljes n\u00f6veked\u00e9s\u0171 cserje. \u00d6r\u00f6kz\u00f6ld levelei f\u00e9nyes s\u00f6t\u00e9tz\u00f6ldek, 2-3 cm nagys\u00e1g\u00faak, elliptikusak vagy hossz\u00fak\u00e1s-toj\u00e1sdadok. Feh\u00e9r vir\u00e1gai m\u00e1jusban, j\u00faniusban ny\u00edlnak, 6-8 mm \u00e1tm\u00e9r\u0151j\u0171ek.<\/p>\n<p><b><\/b><b>Lev\u00e9l:<\/b>Levelei kicsik, kerekdedek, \u00f6r\u00f6kz\u00f6ldek.<\/p>\n<p>V<b>ir\u00e1g: <\/b>Apr\u00f3, feh\u00e9r vir\u00e1gai jelent\u00e9ktelenek, de ezekb\u0151l kifejl\u0151d\u0151 piros bogy\u00f3i sok\u00e1ig d\u00edsz\u00edtenek.<\/p>\n<p><strong>Term\u00e9se:<\/strong> Piros apr\u00f3 bogy\u00f3k<\/p>\n<p><b>Term\u0151hely, ig\u00e9ny:<\/b>Talajban nem v\u00e1logat, napos, f\u00e9l\u00e1rny\u00e9kos helyre \u00fcltess\u00fck<\/p>\n<p><strong>Felhaszn\u00e1l\u00e1s<\/strong>:Legy\u00f6keresed\u0151 sz\u00e1r\u00e1val hamar \u00f6sszef\u00fcgg\u0151 bor\u00edt\u00e1st ad, remek\u00fcl elnyomja a gyomokat.<\/p>\n<p>Talajtakar\u00f3nak, r\u00e9zs\u0171re, s\u00edrra, k\u0151ed\u00e9nybe is kiv\u00e1l\u00f3.<\/p>\n<p style=\"line-height: 18.0pt; background: white; margin: 0cm 0cm 15.0pt 0cm;\"><span style=\"font-family: 'Ubuntu',serif; color: black;\">El\u00e9rhet\u0151 t\u00f6bbf\u00e9le m\u00e9retben \u00e9s \u00e1rban.<\/span><\/p>\n<p style=\"line-height: 18.0pt; background: white; margin: 0cm 0cm 15.0pt 0cm;\"><b><span style=\"font-family: 'Ubuntu',serif; color: black;\">K\u00e9szlet\u00fcnk napi szinten v\u00e1ltozik, ez\u00e9rt k\u00e9rj\u00fck, \u00e9rdekl\u0151dj\u00f6n szem\u00e9lyesen, telefonon vagy email-en.<br \/>\nA v\u00e1ltoztat\u00e1s jog\u00e1t fenntartjuk!\u00a0<\/span><\/b><\/p>\n<p><a href=\"https:\/\/tajkertesz.com\/\">https:\/\/tajkertesz.com\/<\/a><\/p>\n<p><a href=\"https:\/\/hu.wikipedia.org\/wiki\/Mad%C3%A1rbirs\">https:\/\/hu.wikipedia.org\/wiki\/Mad%C3%A1rbirs<\/a><\/p>\n<div id=\"cikk_banner1\">\n<div class=\"textwidget\">\n<p><code><\/code><\/p>\n<\/div>\n<\/div>\n<p><span style=\"color: #ffffff;\">Cotoneaster dammeri &#8216;Major&#8217;-Nagylevel\u0171 mad\u00e1rbirs A legt\u00f6bb faj 0,5\u20135 m magas elter\u00fcl\u0151 vagy fel\u00e1ll\u00f3 <a style=\"color: #ffffff;\" title=\"Cserje\" href=\"https:\/\/hu.wikipedia.org\/wiki\/Cserje\">cserje<\/a>. N\u00e9h\u00e1ny faj, nevezetesen a\u00a0<a class=\"new\" style=\"color: #ffffff;\" title=\"Himal\u00e1jai mad\u00e1rbirs (a lap nem l\u00e9tezik)\" href=\"https:\/\/hu.wikipedia.org\/w\/index.php?title=Himal%C3%A1jai_mad%C3%A1rbirs&amp;action=edit&amp;redlink=1\">himal\u00e1jai mad\u00e1rbirs<\/a>\u00a0<i>(C. frigidus)<\/i>\u00a015 m magas f\u00e1v\u00e1 is n\u0151het. Az elter\u00fcl\u0151 fajok t\u00f6bbnyire magashegyi n\u00f6v\u00e9nyek: a Himal\u00e1j\u00e1ban 3\u20134000 m magasan \u00e9lnek, a cserj\u00e9k pedig alacsonyabban, a r\u00e9teken, v\u00e1g\u00e1sokban, az erd\u0151k cserjeszintj\u00e9ben.<\/span><\/p>\n<p><span style=\"color: #ffffff;\"><a style=\"color: #ffffff;\" title=\"Hajt\u00e1s\" href=\"https:\/\/hu.wikipedia.org\/wiki\/Hajt%C3%A1s\">Hajt\u00e1sai<\/a>\u00a0dimorfak: a hossz\u00fahajt\u00e1sok 10\u201340\u00a0cm hossz\u00faak, a r\u00f6videk 5\u201315\u00a0cm-esek; ut\u00f3bbiakon fejl\u0151dnek a vir\u00e1gok. Levelei v\u00e1ltakoz\u00f3 \u00e1ll\u00e1s\u00faak, toj\u00e1sdad vagy l\u00e1ndzsa alak\u00faak. A vir\u00e1gok mag\u00e1nyosan vagy ak\u00e1r 100 tagot sz\u00e1ml\u00e1l\u00f3 s\u00e1torvir\u00e1gzatban is \u00e1llnak, sz\u00edn\u00fck a feh\u00e9r \u00e9s halv\u00e1ny r\u00f3zsasz\u00edn, v\u00f6r\u00f6s \u00e1rnyalatig terjed. Porz\u00f3inak sz\u00e1ma 10-20, a term\u0151k\u00e9 1-5.<\/span><\/p>","protected":false},"excerpt":{"rendered":"<p>Cotoneaster dammeri &#8216;Major&#8217;-Nagylevel\u0171 mad\u00e1rbirs \u00d6r\u00f6kz\u00f6ld, kerekded level\u0171 cserje. \u00c1gai a talaj felsz\u00edn\u00e9n k\u00fasznak, \u00e9s k\u00f6nnyen legy\u00f6keresednek.<\/p>","protected":false},"featured_media":1155,"template":"","meta":{"_et_pb_use_builder":"","_et_pb_old_content":"","_et_gb_content_width":""},"product_brand":[],"product_cat":[27],"product_tag":[241,73,226,243],"class_list":{"0":"post-1154","1":"product","2":"type-product","3":"status-publish","4":"has-post-thumbnail","6":"product_cat-cserjek","7":"product_tag-cotoneaster","8":"product_tag-cserje","9":"product_tag-madarbirs","10":"product_tag-major","12":"first","13":"outofstock","14":"shipping-taxable","15":"purchasable","16":"product-type-simple"},"yoast_head":"<!-- This site is optimized with the Yoast SEO plugin v27.3 - https:\/\/yoast.com\/product\/yoast-seo-wordpress\/ -->\n<title>Cotoneaster dammeri &#039;Major&#039;-Nagylevel\u0171 mad\u00e1rbirs - T\u00e1jkert\u00e9sz<\/title>\n<meta name=\"description\" content=\"Cotoneaster dammeri &#039;Major&#039;-Nagylevel\u0171 mad\u00e1rbirs \u00d6r\u00f6kz\u00f6ld, kerekded level\u0171 cserje. \u00c1gai a talaj felsz\u00edn\u00e9n k\u00fasznak, \u00e9s k\u00f6nnyen legy\u00f6keresednek.\" \/>\n<meta name=\"robots\" content=\"index, follow, max-snippet:-1, max-image-preview:large, max-video-preview:-1\" \/>\n<link rel=\"canonical\" href=\"https:\/\/tajkertesz.com\/en_US\/product\/cotoneaster-dammeri-major-nagylevelu-madarbirs\/\" \/>\n<meta property=\"og:locale\" content=\"en_US\" \/>\n<meta property=\"og:type\" content=\"article\" \/>\n<meta property=\"og:title\" content=\"Cotoneaster dammeri &#039;Major&#039;-Nagylevel\u0171 mad\u00e1rbirs - T\u00e1jkert\u00e9sz\" \/>\n<meta property=\"og:description\" content=\"Cotoneaster dammeri &#039;Major&#039;-Nagylevel\u0171 mad\u00e1rbirs \u00d6r\u00f6kz\u00f6ld, kerekded level\u0171 cserje. \u00c1gai a talaj felsz\u00edn\u00e9n k\u00fasznak, \u00e9s k\u00f6nnyen legy\u00f6keresednek.\" \/>\n<meta property=\"og:url\" content=\"https:\/\/tajkertesz.com\/en_US\/product\/cotoneaster-dammeri-major-nagylevelu-madarbirs\/\" \/>\n<meta property=\"og:site_name\" content=\"T\u00e1jkert\u00e9sz\" \/>\n<meta property=\"article:publisher\" content=\"https:\/\/www.facebook.com\/Tajkertesz\/\" \/>\n<meta property=\"article:modified_time\" content=\"2026-02-16T15:10:59+00:00\" \/>\n<meta property=\"og:image\" content=\"https:\/\/tajkertesz.com\/wp-content\/uploads\/2020\/02\/let\u00f6lt\u00e9s-3-1.jpg\" \/>\n\t<meta property=\"og:image:width\" content=\"225\" \/>\n\t<meta property=\"og:image:height\" content=\"225\" \/>\n\t<meta property=\"og:image:type\" content=\"image\/jpeg\" \/>\n<meta name=\"twitter:card\" content=\"summary_large_image\" \/>\n<meta name=\"twitter:label1\" content=\"Est. reading time\" \/>\n\t<meta name=\"twitter:data1\" content=\"2 minutes\" \/>\n<script type=\"application\/ld+json\" class=\"yoast-schema-graph\">{\"@context\":\"https:\\\/\\\/schema.org\",\"@graph\":[{\"@type\":\"WebPage\",\"@id\":\"https:\\\/\\\/tajkertesz.com\\\/termek\\\/cotoneaster-dammeri-major-nagylevelu-madarbirs\\\/\",\"url\":\"https:\\\/\\\/tajkertesz.com\\\/termek\\\/cotoneaster-dammeri-major-nagylevelu-madarbirs\\\/\",\"name\":\"Cotoneaster dammeri 'Major'-Nagylevel\u0171 mad\u00e1rbirs - T\u00e1jkert\u00e9sz\",\"isPartOf\":{\"@id\":\"https:\\\/\\\/tajkertesz.com\\\/#website\"},\"primaryImageOfPage\":{\"@id\":\"https:\\\/\\\/tajkertesz.com\\\/termek\\\/cotoneaster-dammeri-major-nagylevelu-madarbirs\\\/#primaryimage\"},\"image\":{\"@id\":\"https:\\\/\\\/tajkertesz.com\\\/termek\\\/cotoneaster-dammeri-major-nagylevelu-madarbirs\\\/#primaryimage\"},\"thumbnailUrl\":\"https:\\\/\\\/tajkertesz.com\\\/wp-content\\\/uploads\\\/2020\\\/02\\\/let\u00f6lt\u00e9s-3-1.jpg\",\"datePublished\":\"2020-02-26T11:28:04+00:00\",\"dateModified\":\"2026-02-16T15:10:59+00:00\",\"description\":\"Cotoneaster dammeri 'Major'-Nagylevel\u0171 mad\u00e1rbirs \u00d6r\u00f6kz\u00f6ld, kerekded level\u0171 cserje. \u00c1gai a talaj felsz\u00edn\u00e9n k\u00fasznak, \u00e9s k\u00f6nnyen legy\u00f6keresednek.\",\"breadcrumb\":{\"@id\":\"https:\\\/\\\/tajkertesz.com\\\/termek\\\/cotoneaster-dammeri-major-nagylevelu-madarbirs\\\/#breadcrumb\"},\"inLanguage\":\"en-US\",\"potentialAction\":[{\"@type\":\"ReadAction\",\"target\":[\"https:\\\/\\\/tajkertesz.com\\\/termek\\\/cotoneaster-dammeri-major-nagylevelu-madarbirs\\\/\"]}]},{\"@type\":\"ImageObject\",\"inLanguage\":\"en-US\",\"@id\":\"https:\\\/\\\/tajkertesz.com\\\/termek\\\/cotoneaster-dammeri-major-nagylevelu-madarbirs\\\/#primaryimage\",\"url\":\"https:\\\/\\\/tajkertesz.com\\\/wp-content\\\/uploads\\\/2020\\\/02\\\/let\u00f6lt\u00e9s-3-1.jpg\",\"contentUrl\":\"https:\\\/\\\/tajkertesz.com\\\/wp-content\\\/uploads\\\/2020\\\/02\\\/let\u00f6lt\u00e9s-3-1.jpg\",\"width\":225,\"height\":225,\"caption\":\"Cotoneaster dammeri 'Major' - Nagylevel\u0171 mad\u00e1rbirs\"},{\"@type\":\"BreadcrumbList\",\"@id\":\"https:\\\/\\\/tajkertesz.com\\\/termek\\\/cotoneaster-dammeri-major-nagylevelu-madarbirs\\\/#breadcrumb\",\"itemListElement\":[{\"@type\":\"ListItem\",\"position\":1,\"name\":\"Home\",\"item\":\"https:\\\/\\\/tajkertesz.com\\\/\"},{\"@type\":\"ListItem\",\"position\":2,\"name\":\"Kezd\u0151lap\",\"item\":\"https:\\\/\\\/tajkertesz.com\\\/\"},{\"@type\":\"ListItem\",\"position\":3,\"name\":\"Cotoneaster dammeri &#8216;Major&#8217;-Nagylevel\u0171 mad\u00e1rbirs\"}]},{\"@type\":\"WebSite\",\"@id\":\"https:\\\/\\\/tajkertesz.com\\\/#website\",\"url\":\"https:\\\/\\\/tajkertesz.com\\\/\",\"name\":\"T\u00e1j-Kert\u00e9sz 84 Kft.\",\"description\":\"Kert\u00e9szeti kis- \u00e9s nagykeresked\u00e9s, D\u00edszn\u00f6v\u00e9ny web\u00e1ruh\u00e1z orsz\u00e1gos h\u00e1zhozsz\u00e1ll\u00edt\u00e1ssal!\",\"publisher\":{\"@id\":\"https:\\\/\\\/tajkertesz.com\\\/#organization\"},\"potentialAction\":[{\"@type\":\"SearchAction\",\"target\":{\"@type\":\"EntryPoint\",\"urlTemplate\":\"https:\\\/\\\/tajkertesz.com\\\/?s={search_term_string}\"},\"query-input\":{\"@type\":\"PropertyValueSpecification\",\"valueRequired\":true,\"valueName\":\"search_term_string\"}}],\"inLanguage\":\"en-US\"},{\"@type\":\"Organization\",\"@id\":\"https:\\\/\\\/tajkertesz.com\\\/#organization\",\"name\":\"T\u00e1j-Kert\u00e9sz 84 Kft.\",\"url\":\"https:\\\/\\\/tajkertesz.com\\\/\",\"logo\":{\"@type\":\"ImageObject\",\"inLanguage\":\"en-US\",\"@id\":\"https:\\\/\\\/tajkertesz.com\\\/#\\\/schema\\\/logo\\\/image\\\/\",\"url\":\"https:\\\/\\\/tajkertesz.com\\\/wp-content\\\/uploads\\\/2018\\\/02\\\/logo-2-e1518678052539.png\",\"contentUrl\":\"https:\\\/\\\/tajkertesz.com\\\/wp-content\\\/uploads\\\/2018\\\/02\\\/logo-2-e1518678052539.png\",\"width\":81,\"height\":140,\"caption\":\"T\u00e1j-Kert\u00e9sz 84 Kft.\"},\"image\":{\"@id\":\"https:\\\/\\\/tajkertesz.com\\\/#\\\/schema\\\/logo\\\/image\\\/\"},\"sameAs\":[\"https:\\\/\\\/www.facebook.com\\\/Tajkertesz\\\/\"]}]}<\/script>\n<!-- \/ Yoast SEO plugin. -->","yoast_head_json":{"title":"Cotoneaster dammeri 'Major'-Nagylevel\u0171 mad\u00e1rbirs - T\u00e1jkert\u00e9sz","description":"Cotoneaster dammeri 'Major'-Nagylevel\u0171 mad\u00e1rbirs \u00d6r\u00f6kz\u00f6ld, kerekded level\u0171 cserje. \u00c1gai a talaj felsz\u00edn\u00e9n k\u00fasznak, \u00e9s k\u00f6nnyen legy\u00f6keresednek.","robots":{"index":"index","follow":"follow","max-snippet":"max-snippet:-1","max-image-preview":"max-image-preview:large","max-video-preview":"max-video-preview:-1"},"canonical":"https:\/\/tajkertesz.com\/en_US\/product\/cotoneaster-dammeri-major-nagylevelu-madarbirs\/","og_locale":"en_US","og_type":"article","og_title":"Cotoneaster dammeri 'Major'-Nagylevel\u0171 mad\u00e1rbirs - T\u00e1jkert\u00e9sz","og_description":"Cotoneaster dammeri 'Major'-Nagylevel\u0171 mad\u00e1rbirs \u00d6r\u00f6kz\u00f6ld, kerekded level\u0171 cserje. \u00c1gai a talaj felsz\u00edn\u00e9n k\u00fasznak, \u00e9s k\u00f6nnyen legy\u00f6keresednek.","og_url":"https:\/\/tajkertesz.com\/en_US\/product\/cotoneaster-dammeri-major-nagylevelu-madarbirs\/","og_site_name":"T\u00e1jkert\u00e9sz","article_publisher":"https:\/\/www.facebook.com\/Tajkertesz\/","article_modified_time":"2026-02-16T15:10:59+00:00","og_image":[{"width":225,"height":225,"url":"https:\/\/tajkertesz.com\/wp-content\/uploads\/2020\/02\/let\u00f6lt\u00e9s-3-1.jpg","type":"image\/jpeg"}],"twitter_card":"summary_large_image","twitter_misc":{"Est. reading time":"2 minutes"},"schema":{"@context":"https:\/\/schema.org","@graph":[{"@type":"WebPage","@id":"https:\/\/tajkertesz.com\/termek\/cotoneaster-dammeri-major-nagylevelu-madarbirs\/","url":"https:\/\/tajkertesz.com\/termek\/cotoneaster-dammeri-major-nagylevelu-madarbirs\/","name":"Cotoneaster dammeri 'Major'-Nagylevel\u0171 mad\u00e1rbirs - T\u00e1jkert\u00e9sz","isPartOf":{"@id":"https:\/\/tajkertesz.com\/#website"},"primaryImageOfPage":{"@id":"https:\/\/tajkertesz.com\/termek\/cotoneaster-dammeri-major-nagylevelu-madarbirs\/#primaryimage"},"image":{"@id":"https:\/\/tajkertesz.com\/termek\/cotoneaster-dammeri-major-nagylevelu-madarbirs\/#primaryimage"},"thumbnailUrl":"https:\/\/tajkertesz.com\/wp-content\/uploads\/2020\/02\/let\u00f6lt\u00e9s-3-1.jpg","datePublished":"2020-02-26T11:28:04+00:00","dateModified":"2026-02-16T15:10:59+00:00","description":"Cotoneaster dammeri 'Major'-Nagylevel\u0171 mad\u00e1rbirs \u00d6r\u00f6kz\u00f6ld, kerekded level\u0171 cserje. \u00c1gai a talaj felsz\u00edn\u00e9n k\u00fasznak, \u00e9s k\u00f6nnyen legy\u00f6keresednek.","breadcrumb":{"@id":"https:\/\/tajkertesz.com\/termek\/cotoneaster-dammeri-major-nagylevelu-madarbirs\/#breadcrumb"},"inLanguage":"en-US","potentialAction":[{"@type":"ReadAction","target":["https:\/\/tajkertesz.com\/termek\/cotoneaster-dammeri-major-nagylevelu-madarbirs\/"]}]},{"@type":"ImageObject","inLanguage":"en-US","@id":"https:\/\/tajkertesz.com\/termek\/cotoneaster-dammeri-major-nagylevelu-madarbirs\/#primaryimage","url":"https:\/\/tajkertesz.com\/wp-content\/uploads\/2020\/02\/let\u00f6lt\u00e9s-3-1.jpg","contentUrl":"https:\/\/tajkertesz.com\/wp-content\/uploads\/2020\/02\/let\u00f6lt\u00e9s-3-1.jpg","width":225,"height":225,"caption":"Cotoneaster dammeri 'Major' - Nagylevel\u0171 mad\u00e1rbirs"},{"@type":"BreadcrumbList","@id":"https:\/\/tajkertesz.com\/termek\/cotoneaster-dammeri-major-nagylevelu-madarbirs\/#breadcrumb","itemListElement":[{"@type":"ListItem","position":1,"name":"Home","item":"https:\/\/tajkertesz.com\/"},{"@type":"ListItem","position":2,"name":"Kezd\u0151lap","item":"https:\/\/tajkertesz.com\/"},{"@type":"ListItem","position":3,"name":"Cotoneaster dammeri &#8216;Major&#8217;-Nagylevel\u0171 mad\u00e1rbirs"}]},{"@type":"WebSite","@id":"https:\/\/tajkertesz.com\/#website","url":"https:\/\/tajkertesz.com\/","name":"T\u00e1j-Kert\u00e9sz 84 Kft.","description":"Kert\u00e9szeti kis- \u00e9s nagykeresked\u00e9s, D\u00edszn\u00f6v\u00e9ny web\u00e1ruh\u00e1z orsz\u00e1gos h\u00e1zhozsz\u00e1ll\u00edt\u00e1ssal!","publisher":{"@id":"https:\/\/tajkertesz.com\/#organization"},"potentialAction":[{"@type":"SearchAction","target":{"@type":"EntryPoint","urlTemplate":"https:\/\/tajkertesz.com\/?s={search_term_string}"},"query-input":{"@type":"PropertyValueSpecification","valueRequired":true,"valueName":"search_term_string"}}],"inLanguage":"en-US"},{"@type":"Organization","@id":"https:\/\/tajkertesz.com\/#organization","name":"T\u00e1j-Kert\u00e9sz 84 Kft.","url":"https:\/\/tajkertesz.com\/","logo":{"@type":"ImageObject","inLanguage":"en-US","@id":"https:\/\/tajkertesz.com\/#\/schema\/logo\/image\/","url":"https:\/\/tajkertesz.com\/wp-content\/uploads\/2018\/02\/logo-2-e1518678052539.png","contentUrl":"https:\/\/tajkertesz.com\/wp-content\/uploads\/2018\/02\/logo-2-e1518678052539.png","width":81,"height":140,"caption":"T\u00e1j-Kert\u00e9sz 84 Kft."},"image":{"@id":"https:\/\/tajkertesz.com\/#\/schema\/logo\/image\/"},"sameAs":["https:\/\/www.facebook.com\/Tajkertesz\/"]}]}},"_links":{"self":[{"href":"https:\/\/tajkertesz.com\/en_US\/wp-json\/wp\/v2\/product\/1154","targetHints":{"allow":["GET"]}}],"collection":[{"href":"https:\/\/tajkertesz.com\/en_US\/wp-json\/wp\/v2\/product"}],"about":[{"href":"https:\/\/tajkertesz.com\/en_US\/wp-json\/wp\/v2\/types\/product"}],"wp:featuredmedia":[{"embeddable":true,"href":"https:\/\/tajkertesz.com\/en_US\/wp-json\/wp\/v2\/media\/1155"}],"wp:attachment":[{"href":"https:\/\/tajkertesz.com\/en_US\/wp-json\/wp\/v2\/media?parent=1154"}],"wp:term":[{"taxonomy":"product_brand","embeddable":true,"href":"https:\/\/tajkertesz.com\/en_US\/wp-json\/wp\/v2\/product_brand?post=1154"},{"taxonomy":"product_cat","embeddable":true,"href":"https:\/\/tajkertesz.com\/en_US\/wp-json\/wp\/v2\/product_cat?post=1154"},{"taxonomy":"product_tag","embeddable":true,"href":"https:\/\/tajkertesz.com\/en_US\/wp-json\/wp\/v2\/product_tag?post=1154"}],"curies":[{"name":"wp","href":"https:\/\/api.w.org\/{rel}","templated":true}]}}