{"id":1156,"date":"2025-06-16T12:07:26","date_gmt":"2025-06-16T12:07:26","guid":{"rendered":"https:\/\/tajkertesz.com\/?post_type=product&#038;p=1156"},"modified":"2025-06-19T10:22:36","modified_gmt":"2025-06-19T10:22:36","slug":"forsythia-intermedia-lynwood-aranyvesszo","status":"publish","type":"product","link":"https:\/\/tajkertesz.com\/en_US\/product\/forsythia-intermedia-lynwood-aranyvesszo\/","title":{"rendered":"Forsythia  intermedia &#8216;Lynwood&#8217; &#8211; Aranyvessz\u0151"},"content":{"rendered":"<h1 data-start=\"384\" data-end=\"745\">Forsythia intermedia &#8216;Lynwood&#8217; &#8211; Aranyvessz\u0151<\/h1>\n<p data-start=\"384\" data-end=\"745\">A <strong data-start=\"386\" data-end=\"420\">Forsythia intermedia &#8216;Lynwood&#8217;<\/strong> egy kor\u00e1n vir\u00e1gz\u00f3, lombhullat\u00f3 cserje, amelyet gyakran aranyvessz\u0151k\u00e9nt is ismernek. Tavasszal, m\u00e9g a lombfakad\u00e1s el\u0151tt, a <strong data-start=\"543\" data-end=\"577\">Forsythia intermedia &#8216;Lynwood&#8217;<\/strong> bokrok \u00e9l\u00e9nks\u00e1rga vir\u00e1g\u00f6z\u00f6nbe borulnak, leny\u0171g\u00f6z\u0151 l\u00e1tv\u00e1nyt ny\u00fajtva a kertben. Ez a fajta k\u00fcl\u00f6n\u00f6sen t\u00f6m\u00f6tt, er\u0151teljes n\u00f6veked\u00e9s\u0171, \u00e9s ak\u00e1r 2\u20133 m\u00e9ter magasra is megn\u0151het.<\/p>\n<p data-start=\"747\" data-end=\"1043\">A <strong data-start=\"749\" data-end=\"783\">Forsythia intermedia &#8216;Lynwood&#8217;<\/strong> j\u00f3l alkalmazhat\u00f3 szoliterk\u00e9nt vagy s\u00f6v\u00e9nyn\u00f6v\u00e9nyk\u00e9nt, mivel gyors n\u00f6veked\u00e9s\u0171 \u00e9s j\u00f3l b\u00edrja a metsz\u00e9st. Napos fekv\u00e9st, k\u00f6zepes v\u00edzig\u00e9ny\u0171, \u00e9s kev\u00e9s gondoz\u00e1st ig\u00e9nyel, \u00edgy ide\u00e1lis v\u00e1laszt\u00e1s kezd\u0151 kertbar\u00e1tok sz\u00e1m\u00e1ra is. Parkokban, kertekben, r\u00e9zs\u0171k\u00f6n is j\u00f3l mutat.<\/p>\n<p data-start=\"1045\" data-end=\"1063\"><strong data-start=\"1045\" data-end=\"1063\">Tulajdons\u00e1gok:<\/strong><\/p>\n<ul data-start=\"1373\" data-end=\"1541\">\n<li style=\"list-style-type: none;\">\n<ul data-start=\"1064\" data-end=\"1200\">\n<li data-start=\"1064\" data-end=\"1090\">\n<p data-start=\"1066\" data-end=\"1090\">\u2600\ufe0f F\u00e9nyig\u00e9ny: napos hely<\/p>\n<\/li>\n<li data-start=\"1091\" data-end=\"1111\">\n<p data-start=\"1093\" data-end=\"1111\">\ud83d\udccf Magass\u00e1g: 2\u20133 m<\/p>\n<\/li>\n<li data-start=\"1112\" data-end=\"1133\">\n<p data-start=\"1114\" data-end=\"1133\">\ud83d\udca7 K\u00f6zepes v\u00edzig\u00e9ny<\/p>\n<\/li>\n<li data-start=\"1134\" data-end=\"1164\">\n<p data-start=\"1136\" data-end=\"1164\">\ud83c\udf3c Vir\u00e1gz\u00e1s: m\u00e1rcius\u2013\u00e1prilis<\/p>\n<\/li>\n<li data-start=\"1165\" data-end=\"1181\">\n<p data-start=\"1167\" data-end=\"1181\">\ud83c\udf42 Lombhullat\u00f3<\/p>\n<\/li>\n<li data-start=\"1182\" data-end=\"1200\">\n<p data-start=\"1184\" data-end=\"1200\">\u2702\ufe0f J\u00f3l metszhet\u0151<\/p>\n<\/li>\n<\/ul>\n<\/li>\n<\/ul>\n<p>&nbsp;<\/p>\n<p><strong>K\u00e9szlet\u00fcnk napi szinten v\u00e1ltozik, \u00edgy a webshopban szerepl<\/strong><strong>\u0151<\/strong><strong>\u00a0term\u00e9kek el\u00e9rhet<\/strong><strong>\u0151<\/strong><strong>s\u00e9ge nem garant\u00e1lt.<br \/>\n\ud83d\udcde A megrendel\u00e9s el<\/strong><strong>\u0151<\/strong><strong>tt k\u00e9rj\u00fck, \u00e9rdekl<\/strong><strong>\u0151<\/strong><strong>dj\u00f6n szem\u00e9lyesen, telefonon vagy e-mailben!<\/strong><\/p>\n<h4><strong>\u27a1\ufe0f Kapcsolat:<\/strong><\/h4>\n<ul>\n<li><strong>Weboldal:\u00a0<\/strong><a href=\"https:\/\/tajkertesz.com\/\"><strong>tajkertesz.com<\/strong><\/a><\/li>\n<li><strong>Facebook:\u00a0<\/strong><a href=\"https:\/\/www.facebook.com\/tajkertesz\/\"><strong>facebook.com\/tajkertesz<\/strong><\/a><\/li>\n<li><strong>Telefonsz\u00e1m, e-mail: +36\/20-319-3770\u00a0<\/strong><a href=\"mailto:tajkerteszaruda@gmail.com\"><strong>tajkerteszaruda@gmail.com<\/strong><\/a><\/li>\n<\/ul>\n<p>&nbsp;<\/p>\n<h4><strong>\ud83d\udce6 Fut\u00e1rszolg\u00e1latos sz\u00e1ll\u00edt\u00e1s<\/strong><\/h4>\n<ul>\n<li><strong>Maxim\u00e1lis m\u00e9ret: 200 cm (hossz\u00fas\u00e1g)<\/strong><\/li>\n<li><strong>Maxim\u00e1lis s\u00faly: 40 kg<\/strong><\/li>\n<li><strong>Az enn\u00e9l kisebb \u00e9s k\u00f6nnyebb csomagokat fut\u00e1rszolg\u00e1lattal k\u00e9zbes\u00edtj\u00fck a lehet<\/strong><strong>\u0151<\/strong><strong>\u00a0legbiztons\u00e1gosabb csomagol\u00e1sban.<\/strong><\/li>\n<\/ul>\n<h4><strong>\ud83d\udefb Szem\u00e9lyes \u00e1tv\u00e9tel<\/strong><\/h4>\n<ul>\n<li><strong>1173 Budapest, Bakancsos utca 7. sz\u00e1m alatt nyitvatart\u00e1si id<\/strong><strong>\u0151<\/strong><strong>ben szem\u00e9lyesen \u00e1tvehet<\/strong><strong>\u0151<\/strong><strong>\u00a0kert\u00e9szeti \u00e1rud\u00e1nkban.<\/strong><\/li>\n<\/ul>\n<p><strong>\ud83d\udcde Nagy m\u00e9ret<\/strong><strong>\u0171<\/strong><strong>\u00a0vagy s\u00faly\u00fa n\u00f6v\u00e9nyek eset\u00e9n<\/strong><\/p>\n<p><strong>Ha a term\u00e9k:<\/strong><\/p>\n<ul>\n<li><strong>meghaladja a 200 cm hossz\u00fas\u00e1got vagy<\/strong><\/li>\n<li><strong>meghaladja a 40 kg s\u00falyt,<\/strong><\/li>\n<\/ul>\n<p><strong>akkor szem\u00e9lyes \u00e1tv\u00e9tellel vagy egyedi, el<\/strong><strong>\u0151<\/strong><strong>re egyeztetett sz\u00e1ll\u00edt\u00e1si felt\u00e9telek mellett t\u00f6rt\u00e9nik.<br \/>\nK\u00e9rj\u00fck, ilyen esetben rendel\u00e9s el<\/strong><strong>\u0151<\/strong><strong>tt vegye fel vel\u00fcnk a kapcsolatot, hogy a lehet<\/strong><strong>\u0151<\/strong><strong>\u00a0legmegfelel<\/strong><strong>\u0151<\/strong><strong>bb sz\u00e1ll\u00edt\u00e1si megold\u00e1st k\u00edn\u00e1lhassuk.<\/strong><\/p>\n<p><strong>\ud83d\udd14 Fontos: A n\u00f6v\u00e9nyeket minden esetben igyeksz\u00fcnk gondosan, egyes\u00e9vel csomagolni, azonban a sz\u00e1ll\u00edt\u00e1s sor\u00e1n kisebb eszt\u00e9tikai s\u00e9r\u00fcl\u00e9sek el<\/strong><strong>\u0151<\/strong><strong>fordulhatnak (pl. lev\u00e9lhull\u00e1s). Ez nem min<\/strong><strong>\u0151<\/strong><strong>s\u00fcl hib\u00e1s teljes\u00edt\u00e9snek.<\/strong><\/p>\n<h4><strong>\ud83d\udcf7 Fontos tudni a k\u00e9pekr<\/strong><strong>\u0151<\/strong><strong>l<\/strong><\/h4>\n<p><strong>A webshopban szerepl<\/strong><strong>\u0151<\/strong><strong>\u00a0k\u00e9pek illusztr\u00e1ci\u00f3k, a n\u00f6v\u00e9nyek term\u00e9szet\u00fckn\u00e9l fogva egyediek, \u00edgy m\u00e9retben, alakban \u00e9s sz\u00ednben minim\u00e1lis elt\u00e9r\u00e9sek el<\/strong><strong>\u0151<\/strong><strong>fordulhatnak a k\u00e9pen l\u00e1that\u00f3 \u00e9s a val\u00f3s p\u00e9ld\u00e1nyok k\u00f6z\u00f6tt.<\/strong><\/p>\n<h4><strong>\ud83e\uddfe \u00c1rak \u00e9s el\u00e1ll\u00e1si jog<\/strong><\/h4>\n<ul>\n<li><strong>Az \u00e1rak egy darab\u00a0n\u00f6v\u00e9nyre vonatkoznak.<\/strong><\/li>\n<li><strong>\u00c9l<\/strong><strong>\u0151<\/strong><strong>\u00a0n\u00f6v\u00e9nyek rendel\u00e9se eset\u00e9n a 14 napos el\u00e1ll\u00e1s joga nem \u00e9rv\u00e9nyes\u00edthet<\/strong><strong>\u0151<\/strong><strong>, mivel azok romland\u00f3, biol\u00f3giailag \u00e9l<\/strong><strong>\u0151<\/strong><strong>\u00a0term\u00e9keknek min<\/strong><strong>\u0151<\/strong><strong>s\u00fclnek.<br \/>\n\ud83d\udd12 (17\/1999. (II. 5.) Korm. rendelet 5. \u00a7 c) pontja alapj\u00e1n)<\/strong><\/li>\n<\/ul>\n<h4><strong>\ud83d\udce6 K\u00e9zbes\u00edt\u00e9s ut\u00e1ni teend<\/strong><strong>\u0151<\/strong><strong>k<\/strong><\/h4>\n<p><strong>A k\u00e9zbes\u00edt\u00e9st k\u00f6vet<\/strong><strong>\u0151<\/strong><strong>en a csomagot azonnal bontsuk ki, \u00e9s a n\u00f6v\u00e9nyt helyezz\u00fck el megfelel<\/strong><strong>\u0151<\/strong><strong>\u00a0k\u00f6rnyezetben.<br \/>\nFontos: ha a n\u00f6v\u00e9ny nem r\u00e9szes\u00fcl megfelel<\/strong><strong>\u0151<\/strong><strong>\u00a0gondoz\u00e1sban \u00e9s ennek k\u00f6vetkezt\u00e9ben k\u00e1rosodik vagy elpusztul, felel<\/strong><strong>\u0151<\/strong><strong>ss\u00e9get nem tudunk v\u00e1llalni.<\/strong><\/p>\n<p><strong>\u00a0<\/strong><\/p>","protected":false},"excerpt":{"rendered":"<p>A Forsythia intermedia &#8216;Lynwood&#8217; egy l\u00e1tv\u00e1nyos, kor\u00e1n vir\u00e1gz\u00f3 aranyvessz\u0151 fajta, \u00e9l\u00e9nk s\u00e1rga vir\u00e1gokkal. Kiv\u00e1l\u00f3 s\u00f6v\u00e9nynek vagy szoliterk\u00e9nt.<\/p>\n<p>A n\u00f6v\u00e9ny jelenlegi m\u00e9rete: 30\/40 cm magas, 3 literes kont\u00e9nerben.<\/p>","protected":false},"featured_media":23784,"template":"","meta":{"_et_pb_use_builder":"","_et_pb_old_content":"","_et_gb_content_width":""},"product_brand":[],"product_cat":[27],"product_tag":[298,244,73,245,5923,5875,5924,763,5890],"class_list":{"0":"post-1156","1":"product","2":"type-product","3":"status-publish","4":"has-post-thumbnail","6":"product_cat-cserjek","7":"product_tag-lynwood","8":"product_tag-aranyvesszo","9":"product_tag-cserje","10":"product_tag-forsythia","11":"product_tag-forsythia-intermedia","12":"product_tag-lombhullato-cserje","13":"product_tag-sarga-viragu-bokor","14":"product_tag-sovenynoveny","15":"product_tag-tavaszi-viragzas","17":"first","18":"instock","19":"shipping-taxable","20":"purchasable","21":"product-type-simple"},"yoast_head":"<!-- This site is optimized with the Yoast SEO plugin v27.3 - https:\/\/yoast.com\/product\/yoast-seo-wordpress\/ -->\n<title>Forsythia intermedia &#039;Lynwood&#039; - Aranyvessz\u0151 - T\u00e1jkert\u00e9sz<\/title>\n<meta name=\"description\" content=\"Forsythia intermedia &#039;Lynwood&#039; \u2013 kor\u00e1n vir\u00e1gz\u00f3 aranyvessz\u0151 bokor s\u00e1rga vir\u00e1gokkal. Szoliternek, s\u00f6v\u00e9nynek ide\u00e1lis. T\u00e9l\u00e1ll\u00f3, alacsony gondoz\u00e1sig\u00e9ny\u0171.\" \/>\n<meta name=\"robots\" content=\"index, follow, max-snippet:-1, max-image-preview:large, max-video-preview:-1\" \/>\n<link rel=\"canonical\" href=\"https:\/\/tajkertesz.com\/en_US\/product\/forsythia-intermedia-lynwood-aranyvesszo\/\" \/>\n<meta property=\"og:locale\" content=\"en_US\" \/>\n<meta property=\"og:type\" content=\"article\" \/>\n<meta property=\"og:title\" content=\"Forsythia intermedia &#039;Lynwood&#039; - Aranyvessz\u0151 - T\u00e1jkert\u00e9sz\" \/>\n<meta property=\"og:description\" content=\"Forsythia intermedia &#039;Lynwood&#039; \u2013 kor\u00e1n vir\u00e1gz\u00f3 aranyvessz\u0151 bokor s\u00e1rga vir\u00e1gokkal. Szoliternek, s\u00f6v\u00e9nynek ide\u00e1lis. T\u00e9l\u00e1ll\u00f3, alacsony gondoz\u00e1sig\u00e9ny\u0171.\" \/>\n<meta property=\"og:url\" content=\"https:\/\/tajkertesz.com\/en_US\/product\/forsythia-intermedia-lynwood-aranyvesszo\/\" \/>\n<meta property=\"og:site_name\" content=\"T\u00e1jkert\u00e9sz\" \/>\n<meta property=\"article:publisher\" content=\"https:\/\/www.facebook.com\/Tajkertesz\/\" \/>\n<meta property=\"article:modified_time\" content=\"2025-06-19T10:22:36+00:00\" \/>\n<meta name=\"twitter:card\" content=\"summary_large_image\" \/>\n<meta name=\"twitter:label1\" content=\"Est. reading time\" \/>\n\t<meta name=\"twitter:data1\" content=\"3 minutes\" \/>\n<script type=\"application\/ld+json\" class=\"yoast-schema-graph\">{\"@context\":\"https:\\\/\\\/schema.org\",\"@graph\":[{\"@type\":\"WebPage\",\"@id\":\"https:\\\/\\\/tajkertesz.com\\\/termek\\\/forsythia-intermedia-lynwood-aranyvesszo\\\/\",\"url\":\"https:\\\/\\\/tajkertesz.com\\\/termek\\\/forsythia-intermedia-lynwood-aranyvesszo\\\/\",\"name\":\"Forsythia intermedia 'Lynwood' - Aranyvessz\u0151 - T\u00e1jkert\u00e9sz\",\"isPartOf\":{\"@id\":\"https:\\\/\\\/tajkertesz.com\\\/#website\"},\"primaryImageOfPage\":{\"@id\":\"https:\\\/\\\/tajkertesz.com\\\/termek\\\/forsythia-intermedia-lynwood-aranyvesszo\\\/#primaryimage\"},\"image\":{\"@id\":\"https:\\\/\\\/tajkertesz.com\\\/termek\\\/forsythia-intermedia-lynwood-aranyvesszo\\\/#primaryimage\"},\"thumbnailUrl\":\"https:\\\/\\\/tajkertesz.com\\\/wp-content\\\/uploads\\\/2020\\\/02\\\/pl0000003849.avif\",\"datePublished\":\"2025-06-16T12:07:26+00:00\",\"dateModified\":\"2025-06-19T10:22:36+00:00\",\"description\":\"Forsythia intermedia 'Lynwood' \u2013 kor\u00e1n vir\u00e1gz\u00f3 aranyvessz\u0151 bokor s\u00e1rga vir\u00e1gokkal. Szoliternek, s\u00f6v\u00e9nynek ide\u00e1lis. T\u00e9l\u00e1ll\u00f3, alacsony gondoz\u00e1sig\u00e9ny\u0171.\",\"breadcrumb\":{\"@id\":\"https:\\\/\\\/tajkertesz.com\\\/termek\\\/forsythia-intermedia-lynwood-aranyvesszo\\\/#breadcrumb\"},\"inLanguage\":\"en-US\",\"potentialAction\":[{\"@type\":\"ReadAction\",\"target\":[\"https:\\\/\\\/tajkertesz.com\\\/termek\\\/forsythia-intermedia-lynwood-aranyvesszo\\\/\"]}]},{\"@type\":\"ImageObject\",\"inLanguage\":\"en-US\",\"@id\":\"https:\\\/\\\/tajkertesz.com\\\/termek\\\/forsythia-intermedia-lynwood-aranyvesszo\\\/#primaryimage\",\"url\":\"https:\\\/\\\/tajkertesz.com\\\/wp-content\\\/uploads\\\/2020\\\/02\\\/pl0000003849.avif\",\"contentUrl\":\"https:\\\/\\\/tajkertesz.com\\\/wp-content\\\/uploads\\\/2020\\\/02\\\/pl0000003849.avif\",\"width\":940,\"height\":940,\"caption\":\"Forsythia intermedia 'Lynwood' - Aranyvessz\u0151\"},{\"@type\":\"BreadcrumbList\",\"@id\":\"https:\\\/\\\/tajkertesz.com\\\/termek\\\/forsythia-intermedia-lynwood-aranyvesszo\\\/#breadcrumb\",\"itemListElement\":[{\"@type\":\"ListItem\",\"position\":1,\"name\":\"Home\",\"item\":\"https:\\\/\\\/tajkertesz.com\\\/\"},{\"@type\":\"ListItem\",\"position\":2,\"name\":\"Kezd\u0151lap\",\"item\":\"https:\\\/\\\/tajkertesz.com\\\/\"},{\"@type\":\"ListItem\",\"position\":3,\"name\":\"Forsythia intermedia &#8216;Lynwood&#8217; &#8211; Aranyvessz\u0151\"}]},{\"@type\":\"WebSite\",\"@id\":\"https:\\\/\\\/tajkertesz.com\\\/#website\",\"url\":\"https:\\\/\\\/tajkertesz.com\\\/\",\"name\":\"T\u00e1j-Kert\u00e9sz 84 Kft.\",\"description\":\"Kert\u00e9szeti kis- \u00e9s nagykeresked\u00e9s, D\u00edszn\u00f6v\u00e9ny web\u00e1ruh\u00e1z orsz\u00e1gos h\u00e1zhozsz\u00e1ll\u00edt\u00e1ssal!\",\"publisher\":{\"@id\":\"https:\\\/\\\/tajkertesz.com\\\/#organization\"},\"potentialAction\":[{\"@type\":\"SearchAction\",\"target\":{\"@type\":\"EntryPoint\",\"urlTemplate\":\"https:\\\/\\\/tajkertesz.com\\\/?s={search_term_string}\"},\"query-input\":{\"@type\":\"PropertyValueSpecification\",\"valueRequired\":true,\"valueName\":\"search_term_string\"}}],\"inLanguage\":\"en-US\"},{\"@type\":\"Organization\",\"@id\":\"https:\\\/\\\/tajkertesz.com\\\/#organization\",\"name\":\"T\u00e1j-Kert\u00e9sz 84 Kft.\",\"url\":\"https:\\\/\\\/tajkertesz.com\\\/\",\"logo\":{\"@type\":\"ImageObject\",\"inLanguage\":\"en-US\",\"@id\":\"https:\\\/\\\/tajkertesz.com\\\/#\\\/schema\\\/logo\\\/image\\\/\",\"url\":\"https:\\\/\\\/tajkertesz.com\\\/wp-content\\\/uploads\\\/2018\\\/02\\\/logo-2-e1518678052539.png\",\"contentUrl\":\"https:\\\/\\\/tajkertesz.com\\\/wp-content\\\/uploads\\\/2018\\\/02\\\/logo-2-e1518678052539.png\",\"width\":81,\"height\":140,\"caption\":\"T\u00e1j-Kert\u00e9sz 84 Kft.\"},\"image\":{\"@id\":\"https:\\\/\\\/tajkertesz.com\\\/#\\\/schema\\\/logo\\\/image\\\/\"},\"sameAs\":[\"https:\\\/\\\/www.facebook.com\\\/Tajkertesz\\\/\"]}]}<\/script>\n<!-- \/ Yoast SEO plugin. -->","yoast_head_json":{"title":"Forsythia intermedia 'Lynwood' - Aranyvessz\u0151 - T\u00e1jkert\u00e9sz","description":"Forsythia intermedia 'Lynwood' \u2013 kor\u00e1n vir\u00e1gz\u00f3 aranyvessz\u0151 bokor s\u00e1rga vir\u00e1gokkal. Szoliternek, s\u00f6v\u00e9nynek ide\u00e1lis. T\u00e9l\u00e1ll\u00f3, alacsony gondoz\u00e1sig\u00e9ny\u0171.","robots":{"index":"index","follow":"follow","max-snippet":"max-snippet:-1","max-image-preview":"max-image-preview:large","max-video-preview":"max-video-preview:-1"},"canonical":"https:\/\/tajkertesz.com\/en_US\/product\/forsythia-intermedia-lynwood-aranyvesszo\/","og_locale":"en_US","og_type":"article","og_title":"Forsythia intermedia 'Lynwood' - Aranyvessz\u0151 - T\u00e1jkert\u00e9sz","og_description":"Forsythia intermedia 'Lynwood' \u2013 kor\u00e1n vir\u00e1gz\u00f3 aranyvessz\u0151 bokor s\u00e1rga vir\u00e1gokkal. Szoliternek, s\u00f6v\u00e9nynek ide\u00e1lis. T\u00e9l\u00e1ll\u00f3, alacsony gondoz\u00e1sig\u00e9ny\u0171.","og_url":"https:\/\/tajkertesz.com\/en_US\/product\/forsythia-intermedia-lynwood-aranyvesszo\/","og_site_name":"T\u00e1jkert\u00e9sz","article_publisher":"https:\/\/www.facebook.com\/Tajkertesz\/","article_modified_time":"2025-06-19T10:22:36+00:00","twitter_card":"summary_large_image","twitter_misc":{"Est. reading time":"3 minutes"},"schema":{"@context":"https:\/\/schema.org","@graph":[{"@type":"WebPage","@id":"https:\/\/tajkertesz.com\/termek\/forsythia-intermedia-lynwood-aranyvesszo\/","url":"https:\/\/tajkertesz.com\/termek\/forsythia-intermedia-lynwood-aranyvesszo\/","name":"Forsythia intermedia 'Lynwood' - Aranyvessz\u0151 - T\u00e1jkert\u00e9sz","isPartOf":{"@id":"https:\/\/tajkertesz.com\/#website"},"primaryImageOfPage":{"@id":"https:\/\/tajkertesz.com\/termek\/forsythia-intermedia-lynwood-aranyvesszo\/#primaryimage"},"image":{"@id":"https:\/\/tajkertesz.com\/termek\/forsythia-intermedia-lynwood-aranyvesszo\/#primaryimage"},"thumbnailUrl":"https:\/\/tajkertesz.com\/wp-content\/uploads\/2020\/02\/pl0000003849.avif","datePublished":"2025-06-16T12:07:26+00:00","dateModified":"2025-06-19T10:22:36+00:00","description":"Forsythia intermedia 'Lynwood' \u2013 kor\u00e1n vir\u00e1gz\u00f3 aranyvessz\u0151 bokor s\u00e1rga vir\u00e1gokkal. Szoliternek, s\u00f6v\u00e9nynek ide\u00e1lis. T\u00e9l\u00e1ll\u00f3, alacsony gondoz\u00e1sig\u00e9ny\u0171.","breadcrumb":{"@id":"https:\/\/tajkertesz.com\/termek\/forsythia-intermedia-lynwood-aranyvesszo\/#breadcrumb"},"inLanguage":"en-US","potentialAction":[{"@type":"ReadAction","target":["https:\/\/tajkertesz.com\/termek\/forsythia-intermedia-lynwood-aranyvesszo\/"]}]},{"@type":"ImageObject","inLanguage":"en-US","@id":"https:\/\/tajkertesz.com\/termek\/forsythia-intermedia-lynwood-aranyvesszo\/#primaryimage","url":"https:\/\/tajkertesz.com\/wp-content\/uploads\/2020\/02\/pl0000003849.avif","contentUrl":"https:\/\/tajkertesz.com\/wp-content\/uploads\/2020\/02\/pl0000003849.avif","width":940,"height":940,"caption":"Forsythia intermedia 'Lynwood' - Aranyvessz\u0151"},{"@type":"BreadcrumbList","@id":"https:\/\/tajkertesz.com\/termek\/forsythia-intermedia-lynwood-aranyvesszo\/#breadcrumb","itemListElement":[{"@type":"ListItem","position":1,"name":"Home","item":"https:\/\/tajkertesz.com\/"},{"@type":"ListItem","position":2,"name":"Kezd\u0151lap","item":"https:\/\/tajkertesz.com\/"},{"@type":"ListItem","position":3,"name":"Forsythia intermedia &#8216;Lynwood&#8217; &#8211; Aranyvessz\u0151"}]},{"@type":"WebSite","@id":"https:\/\/tajkertesz.com\/#website","url":"https:\/\/tajkertesz.com\/","name":"T\u00e1j-Kert\u00e9sz 84 Kft.","description":"Kert\u00e9szeti kis- \u00e9s nagykeresked\u00e9s, D\u00edszn\u00f6v\u00e9ny web\u00e1ruh\u00e1z orsz\u00e1gos h\u00e1zhozsz\u00e1ll\u00edt\u00e1ssal!","publisher":{"@id":"https:\/\/tajkertesz.com\/#organization"},"potentialAction":[{"@type":"SearchAction","target":{"@type":"EntryPoint","urlTemplate":"https:\/\/tajkertesz.com\/?s={search_term_string}"},"query-input":{"@type":"PropertyValueSpecification","valueRequired":true,"valueName":"search_term_string"}}],"inLanguage":"en-US"},{"@type":"Organization","@id":"https:\/\/tajkertesz.com\/#organization","name":"T\u00e1j-Kert\u00e9sz 84 Kft.","url":"https:\/\/tajkertesz.com\/","logo":{"@type":"ImageObject","inLanguage":"en-US","@id":"https:\/\/tajkertesz.com\/#\/schema\/logo\/image\/","url":"https:\/\/tajkertesz.com\/wp-content\/uploads\/2018\/02\/logo-2-e1518678052539.png","contentUrl":"https:\/\/tajkertesz.com\/wp-content\/uploads\/2018\/02\/logo-2-e1518678052539.png","width":81,"height":140,"caption":"T\u00e1j-Kert\u00e9sz 84 Kft."},"image":{"@id":"https:\/\/tajkertesz.com\/#\/schema\/logo\/image\/"},"sameAs":["https:\/\/www.facebook.com\/Tajkertesz\/"]}]}},"_links":{"self":[{"href":"https:\/\/tajkertesz.com\/en_US\/wp-json\/wp\/v2\/product\/1156","targetHints":{"allow":["GET"]}}],"collection":[{"href":"https:\/\/tajkertesz.com\/en_US\/wp-json\/wp\/v2\/product"}],"about":[{"href":"https:\/\/tajkertesz.com\/en_US\/wp-json\/wp\/v2\/types\/product"}],"wp:featuredmedia":[{"embeddable":true,"href":"https:\/\/tajkertesz.com\/en_US\/wp-json\/wp\/v2\/media\/23784"}],"wp:attachment":[{"href":"https:\/\/tajkertesz.com\/en_US\/wp-json\/wp\/v2\/media?parent=1156"}],"wp:term":[{"taxonomy":"product_brand","embeddable":true,"href":"https:\/\/tajkertesz.com\/en_US\/wp-json\/wp\/v2\/product_brand?post=1156"},{"taxonomy":"product_cat","embeddable":true,"href":"https:\/\/tajkertesz.com\/en_US\/wp-json\/wp\/v2\/product_cat?post=1156"},{"taxonomy":"product_tag","embeddable":true,"href":"https:\/\/tajkertesz.com\/en_US\/wp-json\/wp\/v2\/product_tag?post=1156"}],"curies":[{"name":"wp","href":"https:\/\/api.w.org\/{rel}","templated":true}]}}