{"id":1161,"date":"2020-03-02T08:32:21","date_gmt":"2020-03-02T08:32:21","guid":{"rendered":"https:\/\/tajkertesz.com\/?post_type=product&#038;p=1161"},"modified":"2025-08-01T13:34:47","modified_gmt":"2025-08-01T13:34:47","slug":"hypericum-hidcote-orbancfu","status":"publish","type":"product","link":"https:\/\/tajkertesz.com\/en_US\/product\/hypericum-hidcote-orbancfu\/","title":{"rendered":"Hypericum  &#8216;Hidcote&#8217; &#8211; Orb\u00e1ncf\u0171"},"content":{"rendered":"<h1>Hypericum &#8216;Hidcote&#8217; &#8211; Orb\u00e1ncf\u0171<\/h1>\n<p data-start=\"407\" data-end=\"792\">A Hypericum &#8216;Hidcote&#8217; &#8211; Orb\u00e1ncf\u0171 egy <strong data-start=\"468\" data-end=\"529\">hossz\u00fa vir\u00e1gz\u00e1s\u00fa, s\u0171r\u0171 lomb\u00fa, aranys\u00e1rga vir\u00e1g\u00fa f\u00e9lcserje<\/strong>, mely j\u00faniust\u00f3l eg\u00e9szen szeptemberig ontja mutat\u00f3s, nagy m\u00e9ret\u0171 vir\u00e1gait. A bokor <strong data-start=\"612\" data-end=\"646\">kompakt, szab\u00e1lyos megjelen\u00e9s\u0171<\/strong>, f\u00e9nyes s\u00f6t\u00e9tz\u00f6ld levelei \u00e9s kontrasztos s\u00e1rga vir\u00e1gai k\u00fcl\u00f6n\u00f6sen j\u00f3l mutatnak <strong data-start=\"725\" data-end=\"788\">\u00e1gy\u00e1sokban, szeg\u00e9lyk\u00e9nt, s\u00f6v\u00e9nyk\u00e9nt, vagy nagyobb d\u00e9zs\u00e1kban<\/strong> is.<\/p>\n<p data-start=\"794\" data-end=\"1091\">A <strong data-start=\"796\" data-end=\"809\">\u2018Hidcote\u2019<\/strong> fajta az egyik legkedveltebb orb\u00e1ncf\u0171 v\u00e1ltozat, mivel <strong data-start=\"864\" data-end=\"889\">ellen\u00e1ll\u00f3, ig\u00e9nytelen<\/strong>, \u00e9s j\u00f3l b\u00edrja a v\u00e1rosi k\u00f6rnyezetet, sz\u00e1razabb id\u0151szakokat \u00e9s a metsz\u00e9st is. A vir\u00e1gz\u00e1s sor\u00e1n <strong data-start=\"983\" data-end=\"1022\">s\u00e1rga porz\u00f3s, cs\u00e9szeform\u00e1j\u00fa vir\u00e1gai<\/strong> d\u00edsz\u00edtik a bokrot, r\u00e1ad\u00e1sul <strong data-start=\"1051\" data-end=\"1081\">m\u00e9heket \u00e9s beporz\u00f3kat vonz<\/strong> a kertbe.<\/p>\n<p data-start=\"1093\" data-end=\"1112\"><strong data-start=\"1093\" data-end=\"1112\">F\u0151bb jellemz\u0151k:<\/strong><\/p>\n<ul data-start=\"1113\" data-end=\"1358\">\n<li data-start=\"1113\" data-end=\"1134\">\n<p data-start=\"1115\" data-end=\"1134\">Magass\u00e1g: 60\u2013100 cm<\/p>\n<\/li>\n<li data-start=\"1135\" data-end=\"1171\">\n<p data-start=\"1137\" data-end=\"1171\">Vir\u00e1gz\u00e1si id\u0151: j\u00fanius \u2013 szeptember<\/p>\n<\/li>\n<li data-start=\"1172\" data-end=\"1211\">\n<p data-start=\"1174\" data-end=\"1211\">Vir\u00e1g: \u00e9l\u00e9nks\u00e1rga, nagy, cs\u00e9sze alak\u00fa<\/p>\n<\/li>\n<li data-start=\"1212\" data-end=\"1246\">\n<p data-start=\"1214\" data-end=\"1246\">Lombozat: s\u00f6t\u00e9tz\u00f6ld, f\u00e9nyes, d\u00fas<\/p>\n<\/li>\n<li data-start=\"1247\" data-end=\"1279\">\n<p data-start=\"1249\" data-end=\"1279\">F\u00e9nyig\u00e9ny: napos \u2013 f\u00e9l\u00e1rny\u00e9kos<\/p>\n<\/li>\n<li data-start=\"1280\" data-end=\"1330\">\n<p data-start=\"1282\" data-end=\"1330\">Talajig\u00e9ny: j\u00f3 v\u00edz\u00e1tereszt\u0151, t\u00e1panyagban k\u00f6zepes<\/p>\n<\/li>\n<li data-start=\"1331\" data-end=\"1358\">\n<p data-start=\"1333\" data-end=\"1358\">T\u00e9l\u00e1ll\u00f3s\u00e1g: j\u00f3 (Z\u00f3na 5\u20136)<\/p>\n<\/li>\n<\/ul>\n<p data-start=\"1360\" data-end=\"1497\">A <strong data-start=\"1362\" data-end=\"1385\">Hypericum &#8216;Hidcote&#8217;<\/strong> t\u00f6k\u00e9letes v\u00e1laszt\u00e1s <strong data-start=\"1406\" data-end=\"1496\">gondoz\u00e1smentes kertekbe, term\u00e9szetes hat\u00e1s\u00fa \u00e1gy\u00e1sokba vagy sz\u00ednes ny\u00e1ri d\u00edszcserjek\u00e9nt<\/strong>.<\/p>\n<p><strong>\ud83d\udd04 K\u00e9szletinform\u00e1ci\u00f3<\/strong><\/p>\n<p><strong>K\u00e9szlet\u00fcnk napi szinten v\u00e1ltozik, \u00edgy a webshopban szerepl<\/strong><strong>\u0151<\/strong><strong> term\u00e9kek el\u00e9rhet<\/strong><strong>\u0151<\/strong><strong>s\u00e9ge nem garant\u00e1lt.<br \/>\n\ud83d\udcde A megrendel\u00e9s el<\/strong><strong>\u0151<\/strong><strong>tt k\u00e9rj\u00fck, \u00e9rdekl<\/strong><strong>\u0151<\/strong><strong>dj\u00f6n szem\u00e9lyesen, telefonon vagy e-mailben!<\/strong><\/p>\n<h5><strong>\u27a1\ufe0f Kapcsolat:<\/strong><\/h5>\n<ul>\n<li><strong>Weboldal: <\/strong><a href=\"https:\/\/tajkertesz.com\"><strong>tajkertesz.com<\/strong><\/a><\/li>\n<li><strong>Facebook: <\/strong><a href=\"https:\/\/www.facebook.com\/tajkertesz\/\"><strong>facebook.com\/tajkertesz<\/strong><\/a><\/li>\n<li><strong>Telefonsz\u00e1m, e-mail: +36\/20-319-3770 <\/strong><a href=\"mailto:tajkerteszaruda@gmail.com\"><strong>tajkerteszaruda@gmail.com<\/strong><\/a><\/li>\n<\/ul>\n<h4><strong>\ud83d\ude9a Sz\u00e1ll\u00edt\u00e1si inform\u00e1ci\u00f3k<\/strong><\/h4>\n<p><strong>A megrendelt n\u00f6v\u00e9nyek kisz\u00e1ll\u00edt\u00e1sa az al\u00e1bbi felt\u00e9telek mellett t\u00f6rt\u00e9nik:<\/strong><\/p>\n<h4><strong>\ud83d\udce6 Fut\u00e1rszolg\u00e1latos sz\u00e1ll\u00edt\u00e1s<\/strong><\/h4>\n<ul>\n<li><strong>Maxim\u00e1lis m\u00e9ret: 200 cm (hossz\u00fas\u00e1g)<\/strong><\/li>\n<li><strong>Maxim\u00e1lis s\u00faly: 40 kg<\/strong><\/li>\n<li><strong>Az enn\u00e9l kisebb \u00e9s k\u00f6nnyebb csomagokat fut\u00e1rszolg\u00e1lattal k\u00e9zbes\u00edtj\u00fck a lehet<\/strong><strong>\u0151<\/strong><strong> legbiztons\u00e1gosabb csomagol\u00e1sban.<\/strong><\/li>\n<\/ul>\n<h4><strong>\ud83d\udefb Szem\u00e9lyes \u00e1tv\u00e9tel<\/strong><\/h4>\n<ul>\n<li><strong>1173 Budapest, Bakancsos utca 7. sz\u00e1m alatt nyitvatart\u00e1si id<\/strong><strong>\u0151<\/strong><strong>ben szem\u00e9lyesen \u00e1tvehet<\/strong><strong>\u0151<\/strong><strong> kert\u00e9szeti \u00e1rud\u00e1nkban.<\/strong><\/li>\n<li><strong>K\u00f6lts\u00e9ghat\u00e9kony megold\u00e1s nagyobb, t\u00f6r\u00e9kenyebb vagy t\u00falm\u00e9retes n\u00f6v\u00e9nyek eset\u00e9n.<\/strong><\/li>\n<\/ul>\n<h4><strong>\ud83d\udcde Nagy m\u00e9ret<\/strong><strong>\u0171<\/strong><strong> vagy s\u00faly\u00fa n\u00f6v\u00e9nyek eset\u00e9n<\/strong><\/h4>\n<p><strong>Ha a term\u00e9k:<\/strong><\/p>\n<ul>\n<li><strong>meghaladja a 200 cm hossz\u00fas\u00e1got vagy<\/strong><\/li>\n<li><strong>meghaladja a 40 kg s\u00falyt,<\/strong><\/li>\n<\/ul>\n<p><strong>akkor szem\u00e9lyes \u00e1tv\u00e9tellel vagy egyedi, el<\/strong><strong>\u0151<\/strong><strong>re egyeztetett sz\u00e1ll\u00edt\u00e1si felt\u00e9telek mellett t\u00f6rt\u00e9nik.<br \/>\nK\u00e9rj\u00fck, ilyen esetben rendel\u00e9s el<\/strong><strong>\u0151<\/strong><strong>tt vegye fel vel\u00fcnk a kapcsolatot, hogy a lehet<\/strong><strong>\u0151<\/strong><strong> legmegfelel<\/strong><strong>\u0151<\/strong><strong>bb sz\u00e1ll\u00edt\u00e1si megold\u00e1st k\u00edn\u00e1lhassuk.<\/strong><\/p>\n<p><strong>\ud83d\udd14 Fontos: A n\u00f6v\u00e9nyeket minden esetben igyeksz\u00fcnk gondosan, egyes\u00e9vel csomagolni, azonban a sz\u00e1ll\u00edt\u00e1s sor\u00e1n kisebb eszt\u00e9tikai s\u00e9r\u00fcl\u00e9sek el<\/strong><strong>\u0151<\/strong><strong>fordulhatnak (pl. lev\u00e9lhull\u00e1s). Ez nem min<\/strong><strong>\u0151<\/strong><strong>s\u00fcl hib\u00e1s teljes\u00edt\u00e9snek.<\/strong><\/p>\n<h4><strong>\ud83d\udcf7 Fontos tudni a k\u00e9pekr<\/strong><strong>\u0151<\/strong><strong>l<\/strong><\/h4>\n<p><strong>A webshopban szerepl<\/strong><strong>\u0151<\/strong><strong> k\u00e9pek illusztr\u00e1ci\u00f3k, a n\u00f6v\u00e9nyek term\u00e9szet\u00fckn\u00e9l fogva egyediek, \u00edgy m\u00e9retben, alakban \u00e9s sz\u00ednben minim\u00e1lis elt\u00e9r\u00e9sek el<\/strong><strong>\u0151<\/strong><strong>fordulhatnak a k\u00e9pen l\u00e1that\u00f3 \u00e9s a val\u00f3s p\u00e9ld\u00e1nyok k\u00f6z\u00f6tt.<\/strong><\/p>\n<h4><strong>\ud83e\uddfe \u00c1rak \u00e9s el\u00e1ll\u00e1si jog<\/strong><\/h4>\n<ul>\n<li><strong>Az \u00e1rak egy darab\u00a0n\u00f6v\u00e9nyre vonatkoznak.<\/strong><\/li>\n<li><strong>\u00c9l<\/strong><strong>\u0151<\/strong><strong> n\u00f6v\u00e9nyek rendel\u00e9se eset\u00e9n a 14 napos el\u00e1ll\u00e1s joga nem \u00e9rv\u00e9nyes\u00edthet<\/strong><strong>\u0151<\/strong><strong>, mivel azok romland\u00f3, biol\u00f3giailag \u00e9l<\/strong><strong>\u0151<\/strong><strong> term\u00e9keknek min<\/strong><strong>\u0151<\/strong><strong>s\u00fclnek.<br \/>\n\ud83d\udd12 (17\/1999. (II. 5.) Korm. rendelet 5. \u00a7 c) pontja alapj\u00e1n)<\/strong><\/li>\n<\/ul>\n<h4><strong>\ud83d\udce6 K\u00e9zbes\u00edt\u00e9s ut\u00e1ni teend<\/strong><strong>\u0151<\/strong><strong>k<\/strong><\/h4>\n<p><strong>A k\u00e9zbes\u00edt\u00e9st k\u00f6vet<\/strong><strong>\u0151<\/strong><strong>en a csomagot azonnal bontsuk ki, \u00e9s a n\u00f6v\u00e9nyt helyezz\u00fck el megfelel<\/strong><strong>\u0151<\/strong><strong> k\u00f6rnyezetben.<br \/>\nFontos: ha a n\u00f6v\u00e9ny nem r\u00e9szes\u00fcl megfelel<\/strong><strong>\u0151<\/strong><strong> gondoz\u00e1sban \u00e9s ennek k\u00f6vetkezt\u00e9ben k\u00e1rosodik vagy elpusztul, felel<\/strong><strong>\u0151<\/strong><strong>ss\u00e9get nem tudunk v\u00e1llalni.<\/strong><\/p>\n<p><strong>\u00a0<\/strong><\/p>","protected":false},"excerpt":{"rendered":"<p>Hypericum &#8216;Hidcote&#8217; &#8211; Orb\u00e1ncf\u0171 A Hypericum &#8216;Hidcote&#8217; &#8211; Orb\u00e1ncf\u0171 egy hossz\u00fa vir\u00e1gz\u00e1s\u00fa, s\u0171r\u0171 lomb\u00fa, aranys\u00e1rga vir\u00e1g\u00fa f\u00e9lcserje, mely j\u00faniust\u00f3l eg\u00e9szen szeptemberig ontja mutat\u00f3s, nagy m\u00e9ret\u0171 vir\u00e1gait. A bokor kompakt, szab\u00e1lyos megjelen\u00e9s\u0171, f\u00e9nyes s\u00f6t\u00e9tz\u00f6ld levelei \u00e9s kontrasztos s\u00e1rga vir\u00e1gai k\u00fcl\u00f6n\u00f6sen j\u00f3l mutatnak \u00e1gy\u00e1sokban, szeg\u00e9lyk\u00e9nt, s\u00f6v\u00e9nyk\u00e9nt, vagy nagyobb d\u00e9zs\u00e1kban is. A \u2018Hidcote\u2019 fajta az egyik legkedveltebb orb\u00e1ncf\u0171 [&hellip;]<\/p>\n","protected":false},"featured_media":1182,"template":"","meta":{"_et_pb_use_builder":"","_et_pb_old_content":"","_et_gb_content_width":""},"product_brand":[],"product_cat":[27],"product_tag":[6139,6140,249,6138,247,6110,6141,246,6136,6137,763],"class_list":{"0":"post-1161","1":"product","2":"type-product","3":"status-publish","4":"has-post-thumbnail","6":"product_cat-cserjek","7":"product_tag-felcserje-kertbe","8":"product_tag-gondozasmentes-noveny","9":"product_tag-hidcote","10":"product_tag-hosszu-viragzasu-cserje","11":"product_tag-hypericum-hidcote","12":"product_tag-mehbarat-noveny","13":"product_tag-nyari-viragzo-diszcserje","14":"product_tag-orbancfu","15":"product_tag-orbancfu-cserje","16":"product_tag-sarga-viragu-diszcserje","17":"product_tag-sovenynoveny","19":"first","20":"instock","21":"shipping-taxable","22":"purchasable","23":"product-type-simple"},"yoast_head":"<!-- This site is optimized with the Yoast SEO plugin v27.5 - https:\/\/yoast.com\/product\/yoast-seo-wordpress\/ -->\n<title>Hypericum &#039;Hidcote&#039; - Orb\u00e1ncf\u0171 - T\u00e1jkert\u00e9sz<\/title>\n<meta name=\"description\" content=\"A Hypericum &#039;Hidcote&#039; - Orb\u00e1ncf\u0171 kev\u00e9sb\u00e9 elter\u00fcl\u0151 f\u00e9l \u00f6r\u00f6kz\u00f6ld cserje. 1-1,20 m magas cserje.A naps\u00e1rga vir\u00e1gokkal d\u00edsz\u00edt\u0151 orb\u00e1ncf\u0171 csod\u00e1s talajtakar\u00f3.\" \/>\n<meta name=\"robots\" content=\"index, follow, max-snippet:-1, max-image-preview:large, max-video-preview:-1\" \/>\n<link rel=\"canonical\" href=\"https:\/\/tajkertesz.com\/en_US\/product\/hypericum-hidcote-orbancfu\/\" \/>\n<meta property=\"og:locale\" content=\"en_US\" \/>\n<meta property=\"og:type\" content=\"article\" \/>\n<meta property=\"og:title\" content=\"Hypericum &#039;Hidcote&#039; - Orb\u00e1ncf\u0171 - T\u00e1jkert\u00e9sz\" \/>\n<meta property=\"og:description\" content=\"A Hypericum &#039;Hidcote&#039; - Orb\u00e1ncf\u0171 kev\u00e9sb\u00e9 elter\u00fcl\u0151 f\u00e9l \u00f6r\u00f6kz\u00f6ld cserje. 1-1,20 m magas cserje.A naps\u00e1rga vir\u00e1gokkal d\u00edsz\u00edt\u0151 orb\u00e1ncf\u0171 csod\u00e1s talajtakar\u00f3.\" \/>\n<meta property=\"og:url\" content=\"https:\/\/tajkertesz.com\/en_US\/product\/hypericum-hidcote-orbancfu\/\" \/>\n<meta property=\"og:site_name\" content=\"T\u00e1jkert\u00e9sz\" \/>\n<meta property=\"article:publisher\" content=\"https:\/\/www.facebook.com\/Tajkertesz\/\" \/>\n<meta property=\"article:modified_time\" content=\"2025-08-01T13:34:47+00:00\" \/>\n<meta property=\"og:image\" content=\"https:\/\/tajkertesz.com\/wp-content\/uploads\/2020\/03\/Hypericum-hidcote.jpg\" \/>\n\t<meta property=\"og:image:width\" content=\"1600\" \/>\n\t<meta property=\"og:image:height\" content=\"1071\" \/>\n\t<meta property=\"og:image:type\" content=\"image\/jpeg\" \/>\n<meta name=\"twitter:card\" content=\"summary_large_image\" \/>\n<meta name=\"twitter:label1\" content=\"Est. reading time\" \/>\n\t<meta name=\"twitter:data1\" content=\"3 minutes\" \/>\n<script type=\"application\/ld+json\" class=\"yoast-schema-graph\">{\"@context\":\"https:\\\/\\\/schema.org\",\"@graph\":[{\"@type\":\"WebPage\",\"@id\":\"https:\\\/\\\/tajkertesz.com\\\/termek\\\/hypericum-hidcote-orbancfu\\\/\",\"url\":\"https:\\\/\\\/tajkertesz.com\\\/termek\\\/hypericum-hidcote-orbancfu\\\/\",\"name\":\"Hypericum 'Hidcote' - Orb\u00e1ncf\u0171 - T\u00e1jkert\u00e9sz\",\"isPartOf\":{\"@id\":\"https:\\\/\\\/tajkertesz.com\\\/#website\"},\"primaryImageOfPage\":{\"@id\":\"https:\\\/\\\/tajkertesz.com\\\/termek\\\/hypericum-hidcote-orbancfu\\\/#primaryimage\"},\"image\":{\"@id\":\"https:\\\/\\\/tajkertesz.com\\\/termek\\\/hypericum-hidcote-orbancfu\\\/#primaryimage\"},\"thumbnailUrl\":\"https:\\\/\\\/tajkertesz.com\\\/wp-content\\\/uploads\\\/2020\\\/03\\\/Hypericum-hidcote.jpg\",\"datePublished\":\"2020-03-02T08:32:21+00:00\",\"dateModified\":\"2025-08-01T13:34:47+00:00\",\"description\":\"A Hypericum 'Hidcote' - Orb\u00e1ncf\u0171 kev\u00e9sb\u00e9 elter\u00fcl\u0151 f\u00e9l \u00f6r\u00f6kz\u00f6ld cserje. 1-1,20 m magas cserje.A naps\u00e1rga vir\u00e1gokkal d\u00edsz\u00edt\u0151 orb\u00e1ncf\u0171 csod\u00e1s talajtakar\u00f3.\",\"breadcrumb\":{\"@id\":\"https:\\\/\\\/tajkertesz.com\\\/termek\\\/hypericum-hidcote-orbancfu\\\/#breadcrumb\"},\"inLanguage\":\"en-US\",\"potentialAction\":[{\"@type\":\"ReadAction\",\"target\":[\"https:\\\/\\\/tajkertesz.com\\\/termek\\\/hypericum-hidcote-orbancfu\\\/\"]}]},{\"@type\":\"ImageObject\",\"inLanguage\":\"en-US\",\"@id\":\"https:\\\/\\\/tajkertesz.com\\\/termek\\\/hypericum-hidcote-orbancfu\\\/#primaryimage\",\"url\":\"https:\\\/\\\/tajkertesz.com\\\/wp-content\\\/uploads\\\/2020\\\/03\\\/Hypericum-hidcote.jpg\",\"contentUrl\":\"https:\\\/\\\/tajkertesz.com\\\/wp-content\\\/uploads\\\/2020\\\/03\\\/Hypericum-hidcote.jpg\",\"width\":1600,\"height\":1071,\"caption\":\"Hypericum 'Hidcote' - Orb\u00e1ncf\u0171\"},{\"@type\":\"BreadcrumbList\",\"@id\":\"https:\\\/\\\/tajkertesz.com\\\/termek\\\/hypericum-hidcote-orbancfu\\\/#breadcrumb\",\"itemListElement\":[{\"@type\":\"ListItem\",\"position\":1,\"name\":\"Home\",\"item\":\"https:\\\/\\\/tajkertesz.com\\\/\"},{\"@type\":\"ListItem\",\"position\":2,\"name\":\"Kezd\u0151lap\",\"item\":\"https:\\\/\\\/tajkertesz.com\\\/\"},{\"@type\":\"ListItem\",\"position\":3,\"name\":\"Hypericum &#8216;Hidcote&#8217; &#8211; Orb\u00e1ncf\u0171\"}]},{\"@type\":\"WebSite\",\"@id\":\"https:\\\/\\\/tajkertesz.com\\\/#website\",\"url\":\"https:\\\/\\\/tajkertesz.com\\\/\",\"name\":\"T\u00e1j-Kert\u00e9sz 84 Kft.\",\"description\":\"Kert\u00e9szeti kis- \u00e9s nagykeresked\u00e9s, D\u00edszn\u00f6v\u00e9ny web\u00e1ruh\u00e1z orsz\u00e1gos h\u00e1zhozsz\u00e1ll\u00edt\u00e1ssal!\",\"publisher\":{\"@id\":\"https:\\\/\\\/tajkertesz.com\\\/#organization\"},\"potentialAction\":[{\"@type\":\"SearchAction\",\"target\":{\"@type\":\"EntryPoint\",\"urlTemplate\":\"https:\\\/\\\/tajkertesz.com\\\/?s={search_term_string}\"},\"query-input\":{\"@type\":\"PropertyValueSpecification\",\"valueRequired\":true,\"valueName\":\"search_term_string\"}}],\"inLanguage\":\"en-US\"},{\"@type\":\"Organization\",\"@id\":\"https:\\\/\\\/tajkertesz.com\\\/#organization\",\"name\":\"T\u00e1j-Kert\u00e9sz 84 Kft.\",\"url\":\"https:\\\/\\\/tajkertesz.com\\\/\",\"logo\":{\"@type\":\"ImageObject\",\"inLanguage\":\"en-US\",\"@id\":\"https:\\\/\\\/tajkertesz.com\\\/#\\\/schema\\\/logo\\\/image\\\/\",\"url\":\"https:\\\/\\\/tajkertesz.com\\\/wp-content\\\/uploads\\\/2018\\\/02\\\/logo-2-e1518678052539.png\",\"contentUrl\":\"https:\\\/\\\/tajkertesz.com\\\/wp-content\\\/uploads\\\/2018\\\/02\\\/logo-2-e1518678052539.png\",\"width\":81,\"height\":140,\"caption\":\"T\u00e1j-Kert\u00e9sz 84 Kft.\"},\"image\":{\"@id\":\"https:\\\/\\\/tajkertesz.com\\\/#\\\/schema\\\/logo\\\/image\\\/\"},\"sameAs\":[\"https:\\\/\\\/www.facebook.com\\\/Tajkertesz\\\/\"]}]}<\/script>\n<!-- \/ Yoast SEO plugin. -->","yoast_head_json":{"title":"Hypericum 'Hidcote' - Orb\u00e1ncf\u0171 - T\u00e1jkert\u00e9sz","description":"A Hypericum 'Hidcote' - Orb\u00e1ncf\u0171 kev\u00e9sb\u00e9 elter\u00fcl\u0151 f\u00e9l \u00f6r\u00f6kz\u00f6ld cserje. 1-1,20 m magas cserje.A naps\u00e1rga vir\u00e1gokkal d\u00edsz\u00edt\u0151 orb\u00e1ncf\u0171 csod\u00e1s talajtakar\u00f3.","robots":{"index":"index","follow":"follow","max-snippet":"max-snippet:-1","max-image-preview":"max-image-preview:large","max-video-preview":"max-video-preview:-1"},"canonical":"https:\/\/tajkertesz.com\/en_US\/product\/hypericum-hidcote-orbancfu\/","og_locale":"en_US","og_type":"article","og_title":"Hypericum 'Hidcote' - Orb\u00e1ncf\u0171 - T\u00e1jkert\u00e9sz","og_description":"A Hypericum 'Hidcote' - Orb\u00e1ncf\u0171 kev\u00e9sb\u00e9 elter\u00fcl\u0151 f\u00e9l \u00f6r\u00f6kz\u00f6ld cserje. 1-1,20 m magas cserje.A naps\u00e1rga vir\u00e1gokkal d\u00edsz\u00edt\u0151 orb\u00e1ncf\u0171 csod\u00e1s talajtakar\u00f3.","og_url":"https:\/\/tajkertesz.com\/en_US\/product\/hypericum-hidcote-orbancfu\/","og_site_name":"T\u00e1jkert\u00e9sz","article_publisher":"https:\/\/www.facebook.com\/Tajkertesz\/","article_modified_time":"2025-08-01T13:34:47+00:00","og_image":[{"width":1600,"height":1071,"url":"https:\/\/tajkertesz.com\/wp-content\/uploads\/2020\/03\/Hypericum-hidcote.jpg","type":"image\/jpeg"}],"twitter_card":"summary_large_image","twitter_misc":{"Est. reading time":"3 minutes"},"schema":{"@context":"https:\/\/schema.org","@graph":[{"@type":"WebPage","@id":"https:\/\/tajkertesz.com\/termek\/hypericum-hidcote-orbancfu\/","url":"https:\/\/tajkertesz.com\/termek\/hypericum-hidcote-orbancfu\/","name":"Hypericum 'Hidcote' - Orb\u00e1ncf\u0171 - T\u00e1jkert\u00e9sz","isPartOf":{"@id":"https:\/\/tajkertesz.com\/#website"},"primaryImageOfPage":{"@id":"https:\/\/tajkertesz.com\/termek\/hypericum-hidcote-orbancfu\/#primaryimage"},"image":{"@id":"https:\/\/tajkertesz.com\/termek\/hypericum-hidcote-orbancfu\/#primaryimage"},"thumbnailUrl":"https:\/\/tajkertesz.com\/wp-content\/uploads\/2020\/03\/Hypericum-hidcote.jpg","datePublished":"2020-03-02T08:32:21+00:00","dateModified":"2025-08-01T13:34:47+00:00","description":"A Hypericum 'Hidcote' - Orb\u00e1ncf\u0171 kev\u00e9sb\u00e9 elter\u00fcl\u0151 f\u00e9l \u00f6r\u00f6kz\u00f6ld cserje. 1-1,20 m magas cserje.A naps\u00e1rga vir\u00e1gokkal d\u00edsz\u00edt\u0151 orb\u00e1ncf\u0171 csod\u00e1s talajtakar\u00f3.","breadcrumb":{"@id":"https:\/\/tajkertesz.com\/termek\/hypericum-hidcote-orbancfu\/#breadcrumb"},"inLanguage":"en-US","potentialAction":[{"@type":"ReadAction","target":["https:\/\/tajkertesz.com\/termek\/hypericum-hidcote-orbancfu\/"]}]},{"@type":"ImageObject","inLanguage":"en-US","@id":"https:\/\/tajkertesz.com\/termek\/hypericum-hidcote-orbancfu\/#primaryimage","url":"https:\/\/tajkertesz.com\/wp-content\/uploads\/2020\/03\/Hypericum-hidcote.jpg","contentUrl":"https:\/\/tajkertesz.com\/wp-content\/uploads\/2020\/03\/Hypericum-hidcote.jpg","width":1600,"height":1071,"caption":"Hypericum 'Hidcote' - Orb\u00e1ncf\u0171"},{"@type":"BreadcrumbList","@id":"https:\/\/tajkertesz.com\/termek\/hypericum-hidcote-orbancfu\/#breadcrumb","itemListElement":[{"@type":"ListItem","position":1,"name":"Home","item":"https:\/\/tajkertesz.com\/"},{"@type":"ListItem","position":2,"name":"Kezd\u0151lap","item":"https:\/\/tajkertesz.com\/"},{"@type":"ListItem","position":3,"name":"Hypericum &#8216;Hidcote&#8217; &#8211; Orb\u00e1ncf\u0171"}]},{"@type":"WebSite","@id":"https:\/\/tajkertesz.com\/#website","url":"https:\/\/tajkertesz.com\/","name":"T\u00e1j-Kert\u00e9sz 84 Kft.","description":"Kert\u00e9szeti kis- \u00e9s nagykeresked\u00e9s, D\u00edszn\u00f6v\u00e9ny web\u00e1ruh\u00e1z orsz\u00e1gos h\u00e1zhozsz\u00e1ll\u00edt\u00e1ssal!","publisher":{"@id":"https:\/\/tajkertesz.com\/#organization"},"potentialAction":[{"@type":"SearchAction","target":{"@type":"EntryPoint","urlTemplate":"https:\/\/tajkertesz.com\/?s={search_term_string}"},"query-input":{"@type":"PropertyValueSpecification","valueRequired":true,"valueName":"search_term_string"}}],"inLanguage":"en-US"},{"@type":"Organization","@id":"https:\/\/tajkertesz.com\/#organization","name":"T\u00e1j-Kert\u00e9sz 84 Kft.","url":"https:\/\/tajkertesz.com\/","logo":{"@type":"ImageObject","inLanguage":"en-US","@id":"https:\/\/tajkertesz.com\/#\/schema\/logo\/image\/","url":"https:\/\/tajkertesz.com\/wp-content\/uploads\/2018\/02\/logo-2-e1518678052539.png","contentUrl":"https:\/\/tajkertesz.com\/wp-content\/uploads\/2018\/02\/logo-2-e1518678052539.png","width":81,"height":140,"caption":"T\u00e1j-Kert\u00e9sz 84 Kft."},"image":{"@id":"https:\/\/tajkertesz.com\/#\/schema\/logo\/image\/"},"sameAs":["https:\/\/www.facebook.com\/Tajkertesz\/"]}]}},"_links":{"self":[{"href":"https:\/\/tajkertesz.com\/en_US\/wp-json\/wp\/v2\/product\/1161","targetHints":{"allow":["GET"]}}],"collection":[{"href":"https:\/\/tajkertesz.com\/en_US\/wp-json\/wp\/v2\/product"}],"about":[{"href":"https:\/\/tajkertesz.com\/en_US\/wp-json\/wp\/v2\/types\/product"}],"wp:featuredmedia":[{"embeddable":true,"href":"https:\/\/tajkertesz.com\/en_US\/wp-json\/wp\/v2\/media\/1182"}],"wp:attachment":[{"href":"https:\/\/tajkertesz.com\/en_US\/wp-json\/wp\/v2\/media?parent=1161"}],"wp:term":[{"taxonomy":"product_brand","embeddable":true,"href":"https:\/\/tajkertesz.com\/en_US\/wp-json\/wp\/v2\/product_brand?post=1161"},{"taxonomy":"product_cat","embeddable":true,"href":"https:\/\/tajkertesz.com\/en_US\/wp-json\/wp\/v2\/product_cat?post=1161"},{"taxonomy":"product_tag","embeddable":true,"href":"https:\/\/tajkertesz.com\/en_US\/wp-json\/wp\/v2\/product_tag?post=1161"}],"curies":[{"name":"wp","href":"https:\/\/api.w.org\/{rel}","templated":true}]}}