{"id":11654,"date":"2021-11-24T09:48:01","date_gmt":"2021-11-24T09:48:01","guid":{"rendered":"https:\/\/tajkertesz.com\/?post_type=product&#038;p=11654"},"modified":"2026-02-18T15:39:44","modified_gmt":"2026-02-18T15:39:44","slug":"coragen-20-sc-25-ml","status":"publish","type":"product","link":"https:\/\/tajkertesz.com\/en_US\/product\/coragen-20-sc-25-ml\/","title":{"rendered":"CORAGEN 20 SC (2,5 ML)"},"content":{"rendered":"<h3>CORAGEN 20 SC (2,5 ML)<\/h3>\n<p>CORAGEN 20 SC (2,5 ML),A Coragen gyors hat\u00e1s\u00fa \u00e9s nagyon alacsony d\u00f3zisban hat\u00e9kony a kult\u00farn\u00f6v\u00e9nyeken k\u00e1ros\u00edt\u00f3 legfontosabb r\u00e1g\u00f3 k\u00e1rtev\u00f4k ellen. A Coragen k\u00f6nnyen kezelhet\u00f4 \u00e9s j\u00f3l keverhet\u00f4 m\u00e1s k\u00e9sz\u00edtm\u00e9nyekkel is a jelenleg rendelkez\u00e9sre \u00e1ll\u00f3 vizsg\u00e1latok eredm\u00e9nyei szerint. Kiv\u00e1l\u00f3an irtja a c\u00e9lk\u00e1rtev\u00f4ket, de ugyanakkor minim\u00e1lis hat\u00e1sa van a hasznos rovarokra, ez\u00e9rt, megfelel\u00f4en haszn\u00e1lva t\u00f6k\u00e9letesen megfelel az \u00fagynevezett IPM technol\u00f3gi\u00e1kban val\u00f3 alkalmaz\u00e1snak is. A rovar\u00f6l\u00f4 szerek k\u00f6z\u00f6tt a Coragen magas biol\u00f3giai hat\u00e9konys\u00e1ggal rendelkezik.<\/p>\n<p align=\"justify\">A Coragen gyors hat\u00e1s\u00fa \u00e9s nagyon alacsony d\u00f3zisban hat\u00e9kony a kult\u00farn\u00f6v\u00e9nyeken k\u00e1ros\u00edt\u00f3 legfontosabb r\u00e1g\u00f3 k\u00e1rtev\u00f4k ellen. A Coragen k\u00f6nnyen kezelhet\u00f4 \u00e9s j\u00f3l keverhet\u00f4 m\u00e1s k\u00e9sz\u00edtm\u00e9nyekkel is a jelenleg rendelkez\u00e9sre \u00e1ll\u00f3 vizsg\u00e1latok eredm\u00e9nyei szerint. Kiv\u00e1l\u00f3an irtja a c\u00e9lk\u00e1rtev\u00f4ket, de ugyanakkor minim\u00e1lis hat\u00e1sa van a hasznos rovarokra, ez\u00e9rt, megfelel\u00f4en haszn\u00e1lva t\u00f6k\u00e9letesen megfelel az \u00fagynevezett IPM technol\u00f3gi\u00e1kban val\u00f3 alkalmaz\u00e1snak is. A nagyon alacsony toxicit\u00e1snak k\u00f6sz\u00f6nhet\u00f4en (eml\u00f4s\u00f6k) a permetl\u00e9 besz\u00e1rad\u00e1sa ut\u00e1n azonnal folytathat\u00f3 a k\u00e9zi munka az \u00fcltetv\u00e9nyekben.<\/p>\n<p align=\"justify\">Az \u00e9rz\u00e9keny rovarok k\u00f6z\u00e9 tartozik a lepke k\u00e1rtev\u00f4k sz\u00e9les k\u00f6re \u00e9s n\u00e9h\u00e1ny fontos bog\u00e1r \u00e9s l\u00e9gy k\u00e1rtev\u00f4. A Coragen rovar\u00f6l\u00f4 szer felhaszn\u00e1lhat\u00f3 sz\u00e1mos lepke \u00e9s bog\u00e1r faj ellen. Hat\u00e9kony valamennyi l\u00e1rvast\u00e1dium eset\u00e9ben, valamint egyes fajokn\u00e1l az im\u00e1g\u00f3kra is hat\u00e1ssal van. Magyarorsz\u00e1gon a Coragen rovar\u00f6l\u00f4 szer alm\u00e1ban, csemege \u00e9s hibrid kukoric\u00e1ban, burgony\u00e1ban, sz\u0151l\u0151ben ker\u00fclt tesztel\u00e9sre, melyek eredm\u00e9nyei szerint a k\u00e9sz\u00edtm\u00e9ny megfelel\u00f4en haszn\u00e1lva kiv\u00e1l\u00f3 hat\u00e9konys\u00e1got biztos\u00edt az \u00e9rz\u00e9keny k\u00e1rt\u0151k ellen. A Coragen az \u00faj hat\u00e1sm\u00f3dj\u00e1nak k\u00f6sz\u00f6nhet\u00f4en hat\u00e9kony a m\u00e1s hat\u00f3anyagokra m\u00e1r rezisztens k\u00e1rtev\u00f4 popul\u00e1ci\u00f3k ellen is.<\/p>\n<h3 align=\"justify\"><strong>A Coragen hat\u00e9kony:<\/strong><\/h3>\n<ul>\n<li>\n<div align=\"justify\">a toj\u00e1sokon (ovicid)<\/div>\n<\/li>\n<li>\n<div align=\"justify\">a fiatal l\u00e1rv\u00e1kon a kel\u00e9s sor\u00e1n vagy k\u00f6zvetlen\u00fcl ut\u00e1na (ovicid\/l\u00e1rvicid)<\/div>\n<\/li>\n<li>\n<div align=\"justify\">a fiatal l\u00e1rv\u00e1kon kel\u00e9s ut\u00e1n (kontakt l\u00e1rvicid)<\/div>\n<\/li>\n<li>\n<div align=\"justify\">a fiatal l\u00e1rv\u00e1kon az em\u00e9szt\u00e9s sor\u00e1n az els\u0151 k\u00e1rt\u00e9tel ut\u00e1n (gyomorm\u00e9reg)<\/div>\n<\/li>\n<\/ul>\n<h3 align=\"justify\"><strong>Felhaszn\u00e1l\u00e1si javaslatok<\/strong><\/h3>\n<h4 align=\"justify\"><strong>L\u00e9gi kijuttat\u00e1s:<\/strong>\u00a0nem enged\u00e9lyezett.<\/h4>\n<p align=\"justify\"><strong>Kukoric\u00e1ban a kukoricamoly<\/strong>, illetve a gyapottok-bagolylepke elleni v\u00e9dekez\u00e9st el\u0151rejelz\u00e9sre alapozva, a lepk\u00e9k toj\u00e1srak\u00e1s\u00e1t k\u00f6vet\u0151en, a t\u00f6meges l\u00e1rvakel\u00e9s el\u0151tt c\u00e9lszer\u0171 elv\u00e9gezni. Er\u0151s rajz\u00e1s eset\u00e9n a 150 ml\/ha-os d\u00f3zis javasolt. Elh\u00faz\u00f3d\u00f3 rajz\u00e1skor vagy \u00fajabb nemzed\u00e9k rajz\u00e1sakor sz\u00fcks\u00e9g lehet a\u00a0 permetez\u00e9s megism\u00e9tl\u00e9s\u00e9re. A k\u00e9sz\u00edtm\u00e9nyhez 0,1 % Trend 90 nedves\u00edt\u0151 szer hozz\u00e1ad\u00e1sa javasolhat\u00f3. A kukoricamoly fert\u0151z\u00e9s s\u00falyosan cs\u00f6kkentheti a kukorica term\u00e9s\u00e9t, ami gazdas\u00e1gi vesztes\u00e9get eredm\u00e9nyez.<\/p>\n<p>A toj\u00e1s kikel\u00e9se ut\u00e1n a l\u00e1rv\u00e1k a lev\u00e9lb\u0151l t\u00e1pl\u00e1lkoznak, miel\u0151tt ber\u00e1gn\u00e1k magukat a sz\u00e1rba. A sz\u00e1rban kir\u00e1gott j\u00e1ratok gyakran a sz\u00e1r t\u00f6r\u00e9s\u00e9t, a cs\u0151 lehull\u00e1s\u00e1t \u00e9s a n\u00f6v\u00e9ny v\u00edzgazd\u00e1lkod\u00e1si funkci\u00f3inak elveszt\u00e9s\u00e9t eredm\u00e9nyezik.<\/p>\n<p><strong>A kukoricamoly<\/strong> fert\u0151z\u00e9s a term\u00e9s mennyis\u00e9gi (5-15%-os vagy magasabb) cs\u00f6kken\u00e9s\u00e9t okozhatja, tov\u00e1bb\u00e1 k\u00e1ros hat\u00e1ssal van a term\u00e9s min\u0151s\u00e9g\u00e9re is.<\/p>\n<p align=\"justify\"><strong>Burgony\u00e1ban a burgonyabog\u00e1r<\/strong>\u00a0els\u0151 nemzed\u00e9ke elleni \u00e1llom\u00e1nypermetez\u00e9st l\u00e1rvakel\u00e9skor kell v\u00e9grehajtani. Egy teny\u00e9szid\u0151szakban legfeljebb k\u00e9tszer alkalmazhat\u00f3 a k\u00e9sz\u00edtm\u00e9ny. Kukoric\u00e1ban a kukoricamoly illetve a gyapottok-bagolylepke elleni v\u00e9dekez\u00e9st el\u0151rejelz\u00e9sre (f\u00e9nycsapd\u00e1s, szexferomon csapd\u00e1s megfigyel\u00e9s, valamint toj\u00e1scsom\u00f3 vizsg\u00e1lat) alapozva, a lepk\u00e9k toj\u00e1srak\u00e1s\u00e1t k\u00f6vet\u0151en, a t\u00f6meges l\u00e1rvakel\u00e9s el\u0151tt c\u00e9lszer\u0171 elv\u00e9gezni. Er\u0151s rajz\u00e1s eset\u00e9n a 150 ml\/ha-os d\u00f3zist javasolt haszn\u00e1lni. Elh\u00faz\u00f3d\u00f3 rajz\u00e1skor vagy \u00fajabb nemzed\u00e9k rajz\u00e1sakor sz\u00fcks\u00e9g lehet a permetez\u00e9s megism\u00e9tl\u00e9s\u00e9re. A k\u00e9sz\u00edtm\u00e9nyhez nedves\u00edt\u0151 szer hozz\u00e1ad\u00e1sa javasolhat\u00f3.<\/p>\n<p align=\"justify\"><strong>Alm\u00e1ban<\/strong>\u00a0k\u00e1rtev\u0151 moly fajok ellen feromoncsapd\u00e1s rajz\u00e1smegfigyel\u00e9shez igaz\u00edtva kell a kezel\u00e9st elv\u00e9gezni a t\u00f6meges rajz\u00e1s kezdet\u00e9re id\u0151z\u00edtve, az ovicid hat\u00e1s \u00e9rv\u00e9nyes\u00fcl\u00e9se \u00e9rdek\u00e9ben. Egy esetleges tart\u00f3s leh\u0171l\u00e9s k\u00e9sleltetheti a toj\u00e1srak\u00e1st \u00e9s a l\u00e1rvakel\u00e9st. Almamoly ellen a v\u00e9dekez\u00e9st a rajz\u00e1s intenzit\u00e1s\u00e1t\u00f3l f\u00fcgg\u0151en 14-21 naponk\u00e9nt elegend\u0151 megism\u00e9telni, m\u00edg m\u00e1s fajok k\u00e1ros\u00edt\u00e1s\u00e1nak a fell\u00e9ptekor 14 naponk\u00e9nti ism\u00e9telt v\u00e9dekez\u00e9sre lehet sz\u00fcks\u00e9g. A maxim\u00e1lisan enged\u00e9lyezett k\u00e9t kezel\u00e9st egym\u00e1s ut\u00e1n javasolt elv\u00e9gezni, majd m\u00e1s hat\u00e1smechanizmus\u00fa szert kell alkalmazni a rezisztencia kialakul\u00e1s\u00e1nak az elker\u00fcl\u00e9se \u00e9rdek\u00e9ben. A permetl\u00e9 mennyis\u00e9g\u00e9t a lombfel\u00fclet nagys\u00e1g\u00e1t\u00f3l, valamint az alkalmazott g\u00e9pt\u00edpust\u00f3l f\u00fcgg\u0151en kell megv\u00e1lasztani. A k\u00e9sz\u00edtm\u00e9ny kijuttat\u00e1s\u00e1hoz 800-1000 l\/ha v\u00edzmennyis\u00e9g felhaszn\u00e1l\u00e1sa optim\u00e1lis.<\/p>\n<p align=\"justify\"><strong>K\u00f6rt\u00e9ben, birsben, naspoly\u00e1ban<\/strong>\u00a0valamennyi felsorolt k\u00e1rtev\u0151 eset\u00e9ben a szexferomon csapd\u00e1val v\u00e9gzett rajz\u00e1smegfigyel\u00e9sre alapozva, a t\u00f6meges rajz\u00e1s id\u0151szak\u00e1ban c\u00e9lszer\u0171 a kezel\u00e9st elv\u00e9gezni. A maxim\u00e1lisan enged\u00e9lyezett k\u00e9t kezel\u00e9st egym\u00e1s ut\u00e1n c\u00e9lszer\u0171 elv\u00e9gezni, majd a tov\u00e1bbi v\u00e9dekez\u00e9sekhez ? a rezisztencia kialakul\u00e1s\u00e1nak a megel\u0151z\u00e9se \u00e9rdek\u00e9ben ? m\u00e1s hat\u00e1smechanizmus\u00fa k\u00e9sz\u00edtm\u00e9nyt kell alkalmazni.<\/p>\n<p align=\"justify\"><strong>Sz\u0151l\u0151ben sz\u0151l\u0151molyok<\/strong>\u00a0ellen a v\u00e9dekez\u00e9st a rajz\u00e1scs\u00facsot k\u00f6vet\u0151 4-6. napon c\u00e9lszer\u0171 elv\u00e9gezni. A tov\u00e1bbi sz\u00fcks\u00e9ges kezel\u00e9seket m\u00e1s hat\u00e1smechanizmus\u00fa k\u00e9sz\u00edtm\u00e9nnyel kell v\u00e9gezni. A kezel\u00e9sek hat\u00e1soss\u00e1g\u00e1t az id\u0151ben \u00e9s szakszer\u0171en elv\u00e9gzett z\u00f6ldmunk\u00e1k jelent\u0151sen jav\u00edtj\u00e1k.<\/p>\n<p>&nbsp;<\/p>\n<p align=\"justify\"><strong>Felhaszn\u00e1l\u00e1s el\u0151tt mindig olvassa el \u00e9s tartsa be a term\u00e9k c\u00edmk\u00e9j\u00e9n le\u00edrt utas\u00edt\u00e1sokat!<\/strong><\/p>\n<p align=\"justify\"><a href=\"https:\/\/tajkertesz.com\/wp-content\/uploads\/2021\/11\/CORAGEN_20_SC_25_ml_0_2021_06_30_biztonsagi_adatlap.pdf\">CORAGEN_20_SC_(2,5_ml)_0_2021_06_30_biztonsagi_adatlap<\/a><\/p>\n<p align=\"justify\"><a href=\"https:\/\/www.facebook.com\/tajkertesz\">https:\/\/www.facebook.com\/tajkertesz<\/a><\/p>\n<p align=\"justify\"><a href=\"http:\/\/www.tajkertesz.hu\">http:\/\/www.tajkertesz.hu<\/a><\/p>\n<h3 align=\"justify\">Kiz\u00e1r\u00f3lag szem\u00e9lyes \u00e1tv\u00e9tellel lehets\u00e9ges a term\u00e9k megv\u00e1s\u00e1rl\u00e1sa!<\/h3>","protected":false},"excerpt":{"rendered":"<p style=\"text-align: center;\">CORAGEN 20 SC (2,5 ML)<\/p>","protected":false},"featured_media":11655,"template":"","meta":{"_et_pb_use_builder":"","_et_pb_old_content":"","_et_gb_content_width":""},"product_brand":[],"product_cat":[3423],"product_tag":[3390],"class_list":{"0":"post-11654","1":"product","2":"type-product","3":"status-publish","4":"has-post-thumbnail","6":"product_cat-rovarolo-szer","7":"product_tag-coragen-20-sc","9":"first","10":"instock","11":"shipping-taxable","12":"purchasable","13":"product-type-simple"},"yoast_head":"<!-- This site is optimized with the Yoast SEO plugin v27.4 - https:\/\/yoast.com\/product\/yoast-seo-wordpress\/ -->\n<title>CORAGEN 20 SC (2,5 ML) - T\u00e1jkert\u00e9sz<\/title>\n<meta name=\"description\" content=\"CORAGEN 20 SC (2,5 ML)\" \/>\n<meta name=\"robots\" content=\"index, follow, max-snippet:-1, max-image-preview:large, max-video-preview:-1\" \/>\n<link rel=\"canonical\" href=\"https:\/\/tajkertesz.com\/en_US\/product\/coragen-20-sc-25-ml\/\" \/>\n<meta property=\"og:locale\" content=\"en_US\" \/>\n<meta property=\"og:type\" content=\"article\" \/>\n<meta property=\"og:title\" content=\"CORAGEN 20 SC (2,5 ML) - T\u00e1jkert\u00e9sz\" \/>\n<meta property=\"og:description\" content=\"CORAGEN 20 SC (2,5 ML)\" \/>\n<meta property=\"og:url\" content=\"https:\/\/tajkertesz.com\/en_US\/product\/coragen-20-sc-25-ml\/\" \/>\n<meta property=\"og:site_name\" content=\"T\u00e1jkert\u00e9sz\" \/>\n<meta property=\"article:publisher\" content=\"https:\/\/www.facebook.com\/Tajkertesz\/\" \/>\n<meta property=\"article:modified_time\" content=\"2026-02-18T15:39:44+00:00\" \/>\n<meta property=\"og:image\" content=\"https:\/\/tajkertesz.com\/wp-content\/uploads\/2021\/11\/1624817111_20141_coragen_2-5ml.jpg\" \/>\n\t<meta property=\"og:image:width\" content=\"800\" \/>\n\t<meta property=\"og:image:height\" content=\"800\" \/>\n\t<meta property=\"og:image:type\" content=\"image\/jpeg\" \/>\n<meta name=\"twitter:card\" content=\"summary_large_image\" \/>\n<meta name=\"twitter:label1\" content=\"Est. reading time\" \/>\n\t<meta name=\"twitter:data1\" content=\"4 minutes\" \/>\n<script type=\"application\/ld+json\" class=\"yoast-schema-graph\">{\"@context\":\"https:\\\/\\\/schema.org\",\"@graph\":[{\"@type\":\"WebPage\",\"@id\":\"https:\\\/\\\/tajkertesz.com\\\/termek\\\/coragen-20-sc-25-ml\\\/\",\"url\":\"https:\\\/\\\/tajkertesz.com\\\/termek\\\/coragen-20-sc-25-ml\\\/\",\"name\":\"CORAGEN 20 SC (2,5 ML) - T\u00e1jkert\u00e9sz\",\"isPartOf\":{\"@id\":\"https:\\\/\\\/tajkertesz.com\\\/#website\"},\"primaryImageOfPage\":{\"@id\":\"https:\\\/\\\/tajkertesz.com\\\/termek\\\/coragen-20-sc-25-ml\\\/#primaryimage\"},\"image\":{\"@id\":\"https:\\\/\\\/tajkertesz.com\\\/termek\\\/coragen-20-sc-25-ml\\\/#primaryimage\"},\"thumbnailUrl\":\"https:\\\/\\\/tajkertesz.com\\\/wp-content\\\/uploads\\\/2021\\\/11\\\/1624817111_20141_coragen_2-5ml.jpg\",\"datePublished\":\"2021-11-24T09:48:01+00:00\",\"dateModified\":\"2026-02-18T15:39:44+00:00\",\"description\":\"CORAGEN 20 SC (2,5 ML)\",\"breadcrumb\":{\"@id\":\"https:\\\/\\\/tajkertesz.com\\\/termek\\\/coragen-20-sc-25-ml\\\/#breadcrumb\"},\"inLanguage\":\"en-US\",\"potentialAction\":[{\"@type\":\"ReadAction\",\"target\":[\"https:\\\/\\\/tajkertesz.com\\\/termek\\\/coragen-20-sc-25-ml\\\/\"]}]},{\"@type\":\"ImageObject\",\"inLanguage\":\"en-US\",\"@id\":\"https:\\\/\\\/tajkertesz.com\\\/termek\\\/coragen-20-sc-25-ml\\\/#primaryimage\",\"url\":\"https:\\\/\\\/tajkertesz.com\\\/wp-content\\\/uploads\\\/2021\\\/11\\\/1624817111_20141_coragen_2-5ml.jpg\",\"contentUrl\":\"https:\\\/\\\/tajkertesz.com\\\/wp-content\\\/uploads\\\/2021\\\/11\\\/1624817111_20141_coragen_2-5ml.jpg\",\"width\":800,\"height\":800},{\"@type\":\"BreadcrumbList\",\"@id\":\"https:\\\/\\\/tajkertesz.com\\\/termek\\\/coragen-20-sc-25-ml\\\/#breadcrumb\",\"itemListElement\":[{\"@type\":\"ListItem\",\"position\":1,\"name\":\"Home\",\"item\":\"https:\\\/\\\/tajkertesz.com\\\/\"},{\"@type\":\"ListItem\",\"position\":2,\"name\":\"Kezd\u0151lap\",\"item\":\"https:\\\/\\\/tajkertesz.com\\\/\"},{\"@type\":\"ListItem\",\"position\":3,\"name\":\"CORAGEN 20 SC (2,5 ML)\"}]},{\"@type\":\"WebSite\",\"@id\":\"https:\\\/\\\/tajkertesz.com\\\/#website\",\"url\":\"https:\\\/\\\/tajkertesz.com\\\/\",\"name\":\"T\u00e1j-Kert\u00e9sz 84 Kft.\",\"description\":\"Kert\u00e9szeti kis- \u00e9s nagykeresked\u00e9s, D\u00edszn\u00f6v\u00e9ny web\u00e1ruh\u00e1z orsz\u00e1gos h\u00e1zhozsz\u00e1ll\u00edt\u00e1ssal!\",\"publisher\":{\"@id\":\"https:\\\/\\\/tajkertesz.com\\\/#organization\"},\"potentialAction\":[{\"@type\":\"SearchAction\",\"target\":{\"@type\":\"EntryPoint\",\"urlTemplate\":\"https:\\\/\\\/tajkertesz.com\\\/?s={search_term_string}\"},\"query-input\":{\"@type\":\"PropertyValueSpecification\",\"valueRequired\":true,\"valueName\":\"search_term_string\"}}],\"inLanguage\":\"en-US\"},{\"@type\":\"Organization\",\"@id\":\"https:\\\/\\\/tajkertesz.com\\\/#organization\",\"name\":\"T\u00e1j-Kert\u00e9sz 84 Kft.\",\"url\":\"https:\\\/\\\/tajkertesz.com\\\/\",\"logo\":{\"@type\":\"ImageObject\",\"inLanguage\":\"en-US\",\"@id\":\"https:\\\/\\\/tajkertesz.com\\\/#\\\/schema\\\/logo\\\/image\\\/\",\"url\":\"https:\\\/\\\/tajkertesz.com\\\/wp-content\\\/uploads\\\/2018\\\/02\\\/logo-2-e1518678052539.png\",\"contentUrl\":\"https:\\\/\\\/tajkertesz.com\\\/wp-content\\\/uploads\\\/2018\\\/02\\\/logo-2-e1518678052539.png\",\"width\":81,\"height\":140,\"caption\":\"T\u00e1j-Kert\u00e9sz 84 Kft.\"},\"image\":{\"@id\":\"https:\\\/\\\/tajkertesz.com\\\/#\\\/schema\\\/logo\\\/image\\\/\"},\"sameAs\":[\"https:\\\/\\\/www.facebook.com\\\/Tajkertesz\\\/\"]}]}<\/script>\n<!-- \/ Yoast SEO plugin. -->","yoast_head_json":{"title":"CORAGEN 20 SC (2,5 ML) - T\u00e1jkert\u00e9sz","description":"CORAGEN 20 SC (2,5 ML)","robots":{"index":"index","follow":"follow","max-snippet":"max-snippet:-1","max-image-preview":"max-image-preview:large","max-video-preview":"max-video-preview:-1"},"canonical":"https:\/\/tajkertesz.com\/en_US\/product\/coragen-20-sc-25-ml\/","og_locale":"en_US","og_type":"article","og_title":"CORAGEN 20 SC (2,5 ML) - T\u00e1jkert\u00e9sz","og_description":"CORAGEN 20 SC (2,5 ML)","og_url":"https:\/\/tajkertesz.com\/en_US\/product\/coragen-20-sc-25-ml\/","og_site_name":"T\u00e1jkert\u00e9sz","article_publisher":"https:\/\/www.facebook.com\/Tajkertesz\/","article_modified_time":"2026-02-18T15:39:44+00:00","og_image":[{"width":800,"height":800,"url":"https:\/\/tajkertesz.com\/wp-content\/uploads\/2021\/11\/1624817111_20141_coragen_2-5ml.jpg","type":"image\/jpeg"}],"twitter_card":"summary_large_image","twitter_misc":{"Est. reading time":"4 minutes"},"schema":{"@context":"https:\/\/schema.org","@graph":[{"@type":"WebPage","@id":"https:\/\/tajkertesz.com\/termek\/coragen-20-sc-25-ml\/","url":"https:\/\/tajkertesz.com\/termek\/coragen-20-sc-25-ml\/","name":"CORAGEN 20 SC (2,5 ML) - T\u00e1jkert\u00e9sz","isPartOf":{"@id":"https:\/\/tajkertesz.com\/#website"},"primaryImageOfPage":{"@id":"https:\/\/tajkertesz.com\/termek\/coragen-20-sc-25-ml\/#primaryimage"},"image":{"@id":"https:\/\/tajkertesz.com\/termek\/coragen-20-sc-25-ml\/#primaryimage"},"thumbnailUrl":"https:\/\/tajkertesz.com\/wp-content\/uploads\/2021\/11\/1624817111_20141_coragen_2-5ml.jpg","datePublished":"2021-11-24T09:48:01+00:00","dateModified":"2026-02-18T15:39:44+00:00","description":"CORAGEN 20 SC (2,5 ML)","breadcrumb":{"@id":"https:\/\/tajkertesz.com\/termek\/coragen-20-sc-25-ml\/#breadcrumb"},"inLanguage":"en-US","potentialAction":[{"@type":"ReadAction","target":["https:\/\/tajkertesz.com\/termek\/coragen-20-sc-25-ml\/"]}]},{"@type":"ImageObject","inLanguage":"en-US","@id":"https:\/\/tajkertesz.com\/termek\/coragen-20-sc-25-ml\/#primaryimage","url":"https:\/\/tajkertesz.com\/wp-content\/uploads\/2021\/11\/1624817111_20141_coragen_2-5ml.jpg","contentUrl":"https:\/\/tajkertesz.com\/wp-content\/uploads\/2021\/11\/1624817111_20141_coragen_2-5ml.jpg","width":800,"height":800},{"@type":"BreadcrumbList","@id":"https:\/\/tajkertesz.com\/termek\/coragen-20-sc-25-ml\/#breadcrumb","itemListElement":[{"@type":"ListItem","position":1,"name":"Home","item":"https:\/\/tajkertesz.com\/"},{"@type":"ListItem","position":2,"name":"Kezd\u0151lap","item":"https:\/\/tajkertesz.com\/"},{"@type":"ListItem","position":3,"name":"CORAGEN 20 SC (2,5 ML)"}]},{"@type":"WebSite","@id":"https:\/\/tajkertesz.com\/#website","url":"https:\/\/tajkertesz.com\/","name":"T\u00e1j-Kert\u00e9sz 84 Kft.","description":"Kert\u00e9szeti kis- \u00e9s nagykeresked\u00e9s, D\u00edszn\u00f6v\u00e9ny web\u00e1ruh\u00e1z orsz\u00e1gos h\u00e1zhozsz\u00e1ll\u00edt\u00e1ssal!","publisher":{"@id":"https:\/\/tajkertesz.com\/#organization"},"potentialAction":[{"@type":"SearchAction","target":{"@type":"EntryPoint","urlTemplate":"https:\/\/tajkertesz.com\/?s={search_term_string}"},"query-input":{"@type":"PropertyValueSpecification","valueRequired":true,"valueName":"search_term_string"}}],"inLanguage":"en-US"},{"@type":"Organization","@id":"https:\/\/tajkertesz.com\/#organization","name":"T\u00e1j-Kert\u00e9sz 84 Kft.","url":"https:\/\/tajkertesz.com\/","logo":{"@type":"ImageObject","inLanguage":"en-US","@id":"https:\/\/tajkertesz.com\/#\/schema\/logo\/image\/","url":"https:\/\/tajkertesz.com\/wp-content\/uploads\/2018\/02\/logo-2-e1518678052539.png","contentUrl":"https:\/\/tajkertesz.com\/wp-content\/uploads\/2018\/02\/logo-2-e1518678052539.png","width":81,"height":140,"caption":"T\u00e1j-Kert\u00e9sz 84 Kft."},"image":{"@id":"https:\/\/tajkertesz.com\/#\/schema\/logo\/image\/"},"sameAs":["https:\/\/www.facebook.com\/Tajkertesz\/"]}]}},"_links":{"self":[{"href":"https:\/\/tajkertesz.com\/en_US\/wp-json\/wp\/v2\/product\/11654","targetHints":{"allow":["GET"]}}],"collection":[{"href":"https:\/\/tajkertesz.com\/en_US\/wp-json\/wp\/v2\/product"}],"about":[{"href":"https:\/\/tajkertesz.com\/en_US\/wp-json\/wp\/v2\/types\/product"}],"wp:featuredmedia":[{"embeddable":true,"href":"https:\/\/tajkertesz.com\/en_US\/wp-json\/wp\/v2\/media\/11655"}],"wp:attachment":[{"href":"https:\/\/tajkertesz.com\/en_US\/wp-json\/wp\/v2\/media?parent=11654"}],"wp:term":[{"taxonomy":"product_brand","embeddable":true,"href":"https:\/\/tajkertesz.com\/en_US\/wp-json\/wp\/v2\/product_brand?post=11654"},{"taxonomy":"product_cat","embeddable":true,"href":"https:\/\/tajkertesz.com\/en_US\/wp-json\/wp\/v2\/product_cat?post=11654"},{"taxonomy":"product_tag","embeddable":true,"href":"https:\/\/tajkertesz.com\/en_US\/wp-json\/wp\/v2\/product_tag?post=11654"}],"curies":[{"name":"wp","href":"https:\/\/api.w.org\/{rel}","templated":true}]}}