{"id":11657,"date":"2021-11-24T09:48:56","date_gmt":"2021-11-24T09:48:56","guid":{"rendered":"https:\/\/tajkertesz.com\/?post_type=product&#038;p=11657"},"modified":"2026-02-18T15:39:24","modified_gmt":"2026-02-18T15:39:24","slug":"dicophar-500ml","status":"publish","type":"product","link":"https:\/\/tajkertesz.com\/en_US\/product\/dicophar-500ml\/","title":{"rendered":"DICOPHAR (500ML)"},"content":{"rendered":"<h1>DICOPHAR (500ML)<\/h1>\n<p>DICOPHAR (500ML),<\/p>\n<p>Gyomirt\u00f3 permetez\u0151szer kult\u00fargyep gyomirt\u00e1s\u00e1ra, magr\u00f3l kel\u0151 \u00e9s \u00e9vel\u0151 k\u00e9tszik\u0171 gyomn\u00f6v\u00e9nyek ellen. A 4 hat\u00f3anyag kombin\u00e1ci\u00f3ja gyakorlatilag az \u00f6sszes gyepekn\u00e9l el\u0151fordul\u00f3 \u00e9vel\u0151 \u00e9s magr\u00f3l kel\u0151 k\u00e9tszik\u0171 gyomn\u00f6v\u00e9nyt elpuszt\u00edtja.A k\u00e9sz\u00edtm\u00e9nyt a gyep ny\u00edr\u00e1s\u00e1t k\u00f6vet\u0151en, a k\u00e9tszik\u0171 gyomn\u00f6v\u00e9nyek n\u00f6veked\u00e9s\u00e9nek \u00fajb\u00f3li megindul\u00e1sa ut\u00e1n kell kijuttatni 10 l\/ha (100 ml \/ 100 m2) d\u00f3zisban. A kijuttat\u00e1shoz sz\u00fcks\u00e9ges v\u00edzmennyis\u00e9g 10 l \/ 100 m2. A kezel\u00e9sn\u00e9l \u00fcgyelni kell arra, hogy a permetl\u00e9 kult\u00farn\u00f6v\u00e9nyekre ne ker\u00fclj\u00f6n, mert azokat maradand\u00f3an k\u00e1ros\u00edtja.<\/p>\n<p align=\"justify\">A k\u00e9sz\u00edtm\u00e9ny alkalmazhat\u00f3 foltkezel\u00e9s \u00e9s teljes fel\u00fcletkezel\u00e9s form\u00e1j\u00e1ban. Egy veget\u00e1ci\u00f3s szakaszban maximum k\u00e9t kezel\u00e9s v\u00e9gezhet\u0151.<\/p>\n<p align=\"justify\"><strong>HASZNOS TAN\u00c1CSOK A K\u00c9SZ\u00cdTM\u00c9NY HASZN\u00c1LAT\u00c1HOZ:<\/strong><\/p>\n<ul>\n<li>\n<div align=\"justify\">Felhaszn\u00e1l\u00e1s el\u0151tt olvassa el a c\u00edmk\u00e9t \u00e9s gy\u0151z\u0151dj\u00f6n meg r\u00f3la, hogy meg\u00e9rtette az ott le\u00edrtakat!<\/div>\n<\/li>\n<li>\n<div align=\"justify\">A permetl\u00e9 kijuttat\u00e1sa h\u00e1ti &#8211; vagy k\u00e9zi permetez\u0151vel eredm\u00e9nyesebb, de locsol\u00f3r\u00f3zs\u00e1val ell\u00e1tott locsol\u00f3kann\u00e1val is kijuttathat\u00f3.<\/div>\n<\/li>\n<li>\n<div align=\"justify\">A 10 liter v\u00edzben feloldott 0,1 liter permetl\u00e9 kb. 100 m2 ter\u00fclet gyomirt\u00e1s\u00e1ra elegend\u0151.<\/div>\n<\/li>\n<li>\n<div align=\"justify\">A kezel\u00e9st k\u00f6vet\u0151en minimum egy hetet v\u00e1rjunk a f\u0171ny\u00edr\u00e1ssal. A gyomirt\u00f3szerrel kezelt f\u00fcvet NE haszn\u00e1ljuk \u00e1llatok etet\u00e9s\u00e9re vagy almoz\u00e1s\u00e1ra.<\/div>\n<\/li>\n<li>\n<div align=\"justify\">Frissen ny\u00edrt f\u00fcvet ne kezelj\u00fcnk. V\u00e1rjunk legal\u00e1bb egy hetet, hogy az elpuszt\u00edtand\u00f3 gyomok levelei \u00fajra kifejl\u0151djenek.<\/div>\n<\/li>\n<li>\n<div align=\"justify\">\u00daj telep\u00edt\u00e9s\u0171 gyepet 6 h\u00f3napig NE kezelj\u00fcnk a gyomirt\u00f3 szerrel, mert fitotoxikus lehet a f\u0171re is.<\/div>\n<\/li>\n<li>\n<div align=\"justify\">NE haszn\u00e1ljuk a k\u00e9sz\u00edtm\u00e9nyt legel\u0151k\u00f6n, mert az \u00e1llatok sz\u00e1m\u00e1ra fontos k\u00e9tszik\u0171 gyomokat (pl. l\u00f3here) is elpuszt\u00edtja.<\/div>\n<\/li>\n<\/ul>\n<p align=\"justify\"><strong>Legel\u0151k\u00f6n TILOS haszn\u00e1lni!!<\/strong><\/p>\n<p align=\"justify\">A legel\u0151k\u00f6n tilos haszn\u00e1lni, a k\u00e9sz\u00edtm\u00e9nnyel kezelt n\u00f6v\u00e9ny nem alkalmas takarm\u00e1nyoz\u00e1sra.\u00a0 A dikamba hat\u00f3anyag a HRAC ?O? herbicidcsoporton bel\u00fcl az arom\u00e1s karbonsavak hat\u00f3anyagcsoportba tartozik, m\u00edg a 2,4-D, MCPA \u00e9s MCPP-P hat\u00f3anyag a HRAC ?O? herbicidcsoporton bel\u00fcl a fenoxi-alk\u00e1n karbonsavak hat\u00f3anyagcsoportba sorolhat\u00f3.<\/p>\n<p align=\"justify\"><strong>A k\u00e9sz\u00edtm\u00e9ny l\u00e9gi \u00faton nem juttathat\u00f3 ki.<\/strong><\/p>\n<p align=\"justify\"><a href=\"https:\/\/www.facebook.com\/tajkertesz\">https:\/\/www.facebook.com\/tajkertesz<\/a><\/p>\n<p align=\"justify\"><a href=\"http:\/\/www.tajkertesz.hu\">http:\/\/www.tajkertesz.hu<\/a><\/p>\n<p align=\"justify\"><a href=\"https:\/\/tajkertesz.com\/wp-content\/uploads\/2021\/11\/DICOPHAR_500ml_0_2019_05_15_biztonsagi_adatlap.pdf\">DICOPHAR_(500ml)_0_2019_05_15_biztonsagi_adatlap<\/a><\/p>\n<h3 align=\"justify\">Kiz\u00e1r\u00f3lag szem\u00e9lyes \u00e1tv\u00e9tellel lehets\u00e9ges a term\u00e9k megv\u00e1s\u00e1rl\u00e1sa!<\/h3>\n<p align=\"justify\"><span style=\"color: #ffffff;\">A k\u00e9sz\u00edtm\u00e9nyt a gyep ny\u00edr\u00e1s\u00e1t k\u00f6vet\u0151en, a k\u00e9tszik\u0171 gyomn\u00f6v\u00e9nyek n\u00f6veked\u00e9s\u00e9nek \u00fajb\u00f3li megindul\u00e1sa ut\u00e1n kell kijuttatni 10 l\/ha (100 ml \/ 100 m2) d\u00f3zisban. A kijuttat\u00e1shoz sz\u00fcks\u00e9ges v\u00edzmennyis\u00e9g 10 l \/ 100 m2. A kezel\u00e9sn\u00e9l \u00fcgyelni kell arra, hogy a permetl\u00e9 kult\u00farn\u00f6v\u00e9nyekre ne ker\u00fclj\u00f6n, mert azokat maradand\u00f3an k\u00e1ros\u00edtja.<\/span><\/p>\n<p align=\"justify\"><span style=\"color: #ffffff;\">A k\u00e9sz\u00edtm\u00e9ny alkalmazhat\u00f3 foltkezel\u00e9s \u00e9s teljes fel\u00fcletkezel\u00e9s form\u00e1j\u00e1ban. Egy veget\u00e1ci\u00f3s szakaszban maximum k\u00e9t kezel\u00e9s v\u00e9gezhet\u0151.<\/span><\/p>\n<div align=\"justify\"><\/div>","protected":false},"excerpt":{"rendered":"<p style=\"text-align: center;\">DICOPHAR (500ML)<\/p>","protected":false},"featured_media":12093,"template":"","meta":{"_et_pb_use_builder":"","_et_pb_old_content":"","_et_gb_content_width":""},"product_brand":[],"product_cat":[3422],"product_tag":[3391],"class_list":{"0":"post-11657","1":"product","2":"type-product","3":"status-publish","4":"has-post-thumbnail","6":"product_cat-gyomirto-szer","7":"product_tag-dicophar-500ml","9":"first","10":"outofstock","11":"shipping-taxable","12":"purchasable","13":"product-type-simple"},"yoast_head":"<!-- This site is optimized with the Yoast SEO plugin v27.5 - https:\/\/yoast.com\/product\/yoast-seo-wordpress\/ -->\n<title>DICOPHAR (500ML) - T\u00e1jkert\u00e9sz<\/title>\n<meta name=\"description\" content=\"DICOPHAR (500ML)\" \/>\n<meta name=\"robots\" content=\"index, follow, max-snippet:-1, max-image-preview:large, max-video-preview:-1\" \/>\n<link rel=\"canonical\" href=\"https:\/\/tajkertesz.com\/en_US\/product\/dicophar-500ml\/\" \/>\n<meta property=\"og:locale\" content=\"en_US\" \/>\n<meta property=\"og:type\" content=\"article\" \/>\n<meta property=\"og:title\" content=\"DICOPHAR (500ML) - T\u00e1jkert\u00e9sz\" \/>\n<meta property=\"og:description\" content=\"DICOPHAR (500ML)\" \/>\n<meta property=\"og:url\" content=\"https:\/\/tajkertesz.com\/en_US\/product\/dicophar-500ml\/\" \/>\n<meta property=\"og:site_name\" content=\"T\u00e1jkert\u00e9sz\" \/>\n<meta property=\"article:publisher\" content=\"https:\/\/www.facebook.com\/Tajkertesz\/\" \/>\n<meta property=\"article:modified_time\" content=\"2026-02-18T15:39:24+00:00\" \/>\n<meta property=\"og:image\" content=\"https:\/\/tajkertesz.com\/wp-content\/uploads\/2021\/11\/dicophar-05.jpg\" \/>\n\t<meta property=\"og:image:width\" content=\"551\" \/>\n\t<meta property=\"og:image:height\" content=\"551\" \/>\n\t<meta property=\"og:image:type\" content=\"image\/jpeg\" \/>\n<meta name=\"twitter:card\" content=\"summary_large_image\" \/>\n<meta name=\"twitter:label1\" content=\"Est. reading time\" \/>\n\t<meta name=\"twitter:data1\" content=\"3 minutes\" \/>\n<script type=\"application\/ld+json\" class=\"yoast-schema-graph\">{\"@context\":\"https:\\\/\\\/schema.org\",\"@graph\":[{\"@type\":\"WebPage\",\"@id\":\"https:\\\/\\\/tajkertesz.com\\\/termek\\\/dicophar-500ml\\\/\",\"url\":\"https:\\\/\\\/tajkertesz.com\\\/termek\\\/dicophar-500ml\\\/\",\"name\":\"DICOPHAR (500ML) - T\u00e1jkert\u00e9sz\",\"isPartOf\":{\"@id\":\"https:\\\/\\\/tajkertesz.com\\\/#website\"},\"primaryImageOfPage\":{\"@id\":\"https:\\\/\\\/tajkertesz.com\\\/termek\\\/dicophar-500ml\\\/#primaryimage\"},\"image\":{\"@id\":\"https:\\\/\\\/tajkertesz.com\\\/termek\\\/dicophar-500ml\\\/#primaryimage\"},\"thumbnailUrl\":\"https:\\\/\\\/tajkertesz.com\\\/wp-content\\\/uploads\\\/2021\\\/11\\\/dicophar-05.jpg\",\"datePublished\":\"2021-11-24T09:48:56+00:00\",\"dateModified\":\"2026-02-18T15:39:24+00:00\",\"description\":\"DICOPHAR (500ML)\",\"breadcrumb\":{\"@id\":\"https:\\\/\\\/tajkertesz.com\\\/termek\\\/dicophar-500ml\\\/#breadcrumb\"},\"inLanguage\":\"en-US\",\"potentialAction\":[{\"@type\":\"ReadAction\",\"target\":[\"https:\\\/\\\/tajkertesz.com\\\/termek\\\/dicophar-500ml\\\/\"]}]},{\"@type\":\"ImageObject\",\"inLanguage\":\"en-US\",\"@id\":\"https:\\\/\\\/tajkertesz.com\\\/termek\\\/dicophar-500ml\\\/#primaryimage\",\"url\":\"https:\\\/\\\/tajkertesz.com\\\/wp-content\\\/uploads\\\/2021\\\/11\\\/dicophar-05.jpg\",\"contentUrl\":\"https:\\\/\\\/tajkertesz.com\\\/wp-content\\\/uploads\\\/2021\\\/11\\\/dicophar-05.jpg\",\"width\":551,\"height\":551},{\"@type\":\"BreadcrumbList\",\"@id\":\"https:\\\/\\\/tajkertesz.com\\\/termek\\\/dicophar-500ml\\\/#breadcrumb\",\"itemListElement\":[{\"@type\":\"ListItem\",\"position\":1,\"name\":\"Home\",\"item\":\"https:\\\/\\\/tajkertesz.com\\\/\"},{\"@type\":\"ListItem\",\"position\":2,\"name\":\"Kezd\u0151lap\",\"item\":\"https:\\\/\\\/tajkertesz.com\\\/\"},{\"@type\":\"ListItem\",\"position\":3,\"name\":\"DICOPHAR (500ML)\"}]},{\"@type\":\"WebSite\",\"@id\":\"https:\\\/\\\/tajkertesz.com\\\/#website\",\"url\":\"https:\\\/\\\/tajkertesz.com\\\/\",\"name\":\"T\u00e1j-Kert\u00e9sz 84 Kft.\",\"description\":\"Kert\u00e9szeti kis- \u00e9s nagykeresked\u00e9s, D\u00edszn\u00f6v\u00e9ny web\u00e1ruh\u00e1z orsz\u00e1gos h\u00e1zhozsz\u00e1ll\u00edt\u00e1ssal!\",\"publisher\":{\"@id\":\"https:\\\/\\\/tajkertesz.com\\\/#organization\"},\"potentialAction\":[{\"@type\":\"SearchAction\",\"target\":{\"@type\":\"EntryPoint\",\"urlTemplate\":\"https:\\\/\\\/tajkertesz.com\\\/?s={search_term_string}\"},\"query-input\":{\"@type\":\"PropertyValueSpecification\",\"valueRequired\":true,\"valueName\":\"search_term_string\"}}],\"inLanguage\":\"en-US\"},{\"@type\":\"Organization\",\"@id\":\"https:\\\/\\\/tajkertesz.com\\\/#organization\",\"name\":\"T\u00e1j-Kert\u00e9sz 84 Kft.\",\"url\":\"https:\\\/\\\/tajkertesz.com\\\/\",\"logo\":{\"@type\":\"ImageObject\",\"inLanguage\":\"en-US\",\"@id\":\"https:\\\/\\\/tajkertesz.com\\\/#\\\/schema\\\/logo\\\/image\\\/\",\"url\":\"https:\\\/\\\/tajkertesz.com\\\/wp-content\\\/uploads\\\/2018\\\/02\\\/logo-2-e1518678052539.png\",\"contentUrl\":\"https:\\\/\\\/tajkertesz.com\\\/wp-content\\\/uploads\\\/2018\\\/02\\\/logo-2-e1518678052539.png\",\"width\":81,\"height\":140,\"caption\":\"T\u00e1j-Kert\u00e9sz 84 Kft.\"},\"image\":{\"@id\":\"https:\\\/\\\/tajkertesz.com\\\/#\\\/schema\\\/logo\\\/image\\\/\"},\"sameAs\":[\"https:\\\/\\\/www.facebook.com\\\/Tajkertesz\\\/\"]}]}<\/script>\n<!-- \/ Yoast SEO plugin. -->","yoast_head_json":{"title":"DICOPHAR (500ML) - T\u00e1jkert\u00e9sz","description":"DICOPHAR (500ML)","robots":{"index":"index","follow":"follow","max-snippet":"max-snippet:-1","max-image-preview":"max-image-preview:large","max-video-preview":"max-video-preview:-1"},"canonical":"https:\/\/tajkertesz.com\/en_US\/product\/dicophar-500ml\/","og_locale":"en_US","og_type":"article","og_title":"DICOPHAR (500ML) - T\u00e1jkert\u00e9sz","og_description":"DICOPHAR (500ML)","og_url":"https:\/\/tajkertesz.com\/en_US\/product\/dicophar-500ml\/","og_site_name":"T\u00e1jkert\u00e9sz","article_publisher":"https:\/\/www.facebook.com\/Tajkertesz\/","article_modified_time":"2026-02-18T15:39:24+00:00","og_image":[{"width":551,"height":551,"url":"https:\/\/tajkertesz.com\/wp-content\/uploads\/2021\/11\/dicophar-05.jpg","type":"image\/jpeg"}],"twitter_card":"summary_large_image","twitter_misc":{"Est. reading time":"3 minutes"},"schema":{"@context":"https:\/\/schema.org","@graph":[{"@type":"WebPage","@id":"https:\/\/tajkertesz.com\/termek\/dicophar-500ml\/","url":"https:\/\/tajkertesz.com\/termek\/dicophar-500ml\/","name":"DICOPHAR (500ML) - T\u00e1jkert\u00e9sz","isPartOf":{"@id":"https:\/\/tajkertesz.com\/#website"},"primaryImageOfPage":{"@id":"https:\/\/tajkertesz.com\/termek\/dicophar-500ml\/#primaryimage"},"image":{"@id":"https:\/\/tajkertesz.com\/termek\/dicophar-500ml\/#primaryimage"},"thumbnailUrl":"https:\/\/tajkertesz.com\/wp-content\/uploads\/2021\/11\/dicophar-05.jpg","datePublished":"2021-11-24T09:48:56+00:00","dateModified":"2026-02-18T15:39:24+00:00","description":"DICOPHAR (500ML)","breadcrumb":{"@id":"https:\/\/tajkertesz.com\/termek\/dicophar-500ml\/#breadcrumb"},"inLanguage":"en-US","potentialAction":[{"@type":"ReadAction","target":["https:\/\/tajkertesz.com\/termek\/dicophar-500ml\/"]}]},{"@type":"ImageObject","inLanguage":"en-US","@id":"https:\/\/tajkertesz.com\/termek\/dicophar-500ml\/#primaryimage","url":"https:\/\/tajkertesz.com\/wp-content\/uploads\/2021\/11\/dicophar-05.jpg","contentUrl":"https:\/\/tajkertesz.com\/wp-content\/uploads\/2021\/11\/dicophar-05.jpg","width":551,"height":551},{"@type":"BreadcrumbList","@id":"https:\/\/tajkertesz.com\/termek\/dicophar-500ml\/#breadcrumb","itemListElement":[{"@type":"ListItem","position":1,"name":"Home","item":"https:\/\/tajkertesz.com\/"},{"@type":"ListItem","position":2,"name":"Kezd\u0151lap","item":"https:\/\/tajkertesz.com\/"},{"@type":"ListItem","position":3,"name":"DICOPHAR (500ML)"}]},{"@type":"WebSite","@id":"https:\/\/tajkertesz.com\/#website","url":"https:\/\/tajkertesz.com\/","name":"T\u00e1j-Kert\u00e9sz 84 Kft.","description":"Kert\u00e9szeti kis- \u00e9s nagykeresked\u00e9s, D\u00edszn\u00f6v\u00e9ny web\u00e1ruh\u00e1z orsz\u00e1gos h\u00e1zhozsz\u00e1ll\u00edt\u00e1ssal!","publisher":{"@id":"https:\/\/tajkertesz.com\/#organization"},"potentialAction":[{"@type":"SearchAction","target":{"@type":"EntryPoint","urlTemplate":"https:\/\/tajkertesz.com\/?s={search_term_string}"},"query-input":{"@type":"PropertyValueSpecification","valueRequired":true,"valueName":"search_term_string"}}],"inLanguage":"en-US"},{"@type":"Organization","@id":"https:\/\/tajkertesz.com\/#organization","name":"T\u00e1j-Kert\u00e9sz 84 Kft.","url":"https:\/\/tajkertesz.com\/","logo":{"@type":"ImageObject","inLanguage":"en-US","@id":"https:\/\/tajkertesz.com\/#\/schema\/logo\/image\/","url":"https:\/\/tajkertesz.com\/wp-content\/uploads\/2018\/02\/logo-2-e1518678052539.png","contentUrl":"https:\/\/tajkertesz.com\/wp-content\/uploads\/2018\/02\/logo-2-e1518678052539.png","width":81,"height":140,"caption":"T\u00e1j-Kert\u00e9sz 84 Kft."},"image":{"@id":"https:\/\/tajkertesz.com\/#\/schema\/logo\/image\/"},"sameAs":["https:\/\/www.facebook.com\/Tajkertesz\/"]}]}},"_links":{"self":[{"href":"https:\/\/tajkertesz.com\/en_US\/wp-json\/wp\/v2\/product\/11657","targetHints":{"allow":["GET"]}}],"collection":[{"href":"https:\/\/tajkertesz.com\/en_US\/wp-json\/wp\/v2\/product"}],"about":[{"href":"https:\/\/tajkertesz.com\/en_US\/wp-json\/wp\/v2\/types\/product"}],"wp:featuredmedia":[{"embeddable":true,"href":"https:\/\/tajkertesz.com\/en_US\/wp-json\/wp\/v2\/media\/12093"}],"wp:attachment":[{"href":"https:\/\/tajkertesz.com\/en_US\/wp-json\/wp\/v2\/media?parent=11657"}],"wp:term":[{"taxonomy":"product_brand","embeddable":true,"href":"https:\/\/tajkertesz.com\/en_US\/wp-json\/wp\/v2\/product_brand?post=11657"},{"taxonomy":"product_cat","embeddable":true,"href":"https:\/\/tajkertesz.com\/en_US\/wp-json\/wp\/v2\/product_cat?post=11657"},{"taxonomy":"product_tag","embeddable":true,"href":"https:\/\/tajkertesz.com\/en_US\/wp-json\/wp\/v2\/product_tag?post=11657"}],"curies":[{"name":"wp","href":"https:\/\/api.w.org\/{rel}","templated":true}]}}