{"id":11662,"date":"2021-11-24T09:55:36","date_gmt":"2021-11-24T09:55:36","guid":{"rendered":"https:\/\/tajkertesz.com\/?post_type=product&#038;p=11662"},"modified":"2026-02-18T15:39:11","modified_gmt":"2026-02-18T15:39:11","slug":"dipel-df-20g","status":"publish","type":"product","link":"https:\/\/tajkertesz.com\/en_US\/product\/dipel-df-20g\/","title":{"rendered":"DIPEL DF (20G)"},"content":{"rendered":"<h1>DIPEL DF (20G)<\/h1>\n<p>DIPEL DF (20G),Szelekt\u00edv, v\u00edzoldhat\u00f3 granul\u00e1tum formul\u00e1ci\u00f3j\u00fa biol\u00f3giai rovar\u00f6l\u0151szer k\u00fcl\u00f6nf\u00e9le k\u00e1rtev\u0151 lepkeherny\u00f3k ellen.<\/p>\n<p><strong>Hat\u00e1sm\u00f3d:<\/strong><\/p>\n<p align=\"justify\">Az \u00faj k\u00e9sz\u00edtm\u00e9ny a Bacillus thuringiensis kurstaki bakt\u00e9rium sp\u00f3r\u00e1it \u00e9s toxinj\u00e1t tartalmazza, mely csak a lepk\u00e9k herny\u00f3it puszt\u00edtja. A DiPel DF\u00a0 a kor\u00e1bbi DiPel k\u00e9sz\u00edtm\u00e9nyekhez k\u00e9pest k\u00e9tszer annyi hat\u00f3anyagot tartalmaz!<\/p>\n<p align=\"justify\">A n\u00f6v\u00e9nyre permetezett BT toxinokat a herny\u00f3 a t\u00e1pl\u00e1lkoz\u00e1s\u00a0 sor\u00e1n veszi fel. A m\u00e9reganyagok a l\u00e1rva\u00a0 b\u00e9lrendszer\u00e9ben az ott uralkod\u00f3 er\u0151sen l\u00fagos pH hat\u00e1s\u00e1ra aktiv\u00e1l\u00f3dnak. Az aktiv\u00e1lt toxinkrist\u00e1lyok\u00a0 be\u00e9p\u00fclnek a l\u00e1rva b\u00e9lfal\u00e1ba, majd perfor\u00e1lj\u00e1k azt, ez\u00e9rt a k\u00e1rtev\u0151 t\u00e1pl\u00e1lkoz\u00e1sa a permetszer felv\u00e9tele ut\u00e1n kb. 30 perccel le\u00e1ll. A b\u00e9lcsatorn\u00e1b\u00f3l\u00a0 a testbe \u00edgy akad\u00e1lytalanul \u00e1tjutnak a bakt\u00e9riumok \u00e9s megfertOzik a l\u00e1rv\u00e1t, amely v\u00e9g\u00fcl, kb. 2-5 nap m\u00falva bakt\u00e9riumos fert\u0151z\u00e9sben elpusztul.<\/p>\n<p><strong>Alkalmaz\u00e1s:<\/strong><\/p>\n<ul>\n<li>A BT k\u00e9sz\u00edtm\u00e9nyeket el\u0151rejelz\u00e9sre alapozva, fiatal (L1-L2) l\u00e1rv\u00e1k ellen kell alkalmazni.<\/li>\n<li>Optim\u00e1lis v\u00edzmennyis\u00e9g az el\u0151\u00edrt d\u00f3zisokhoz sz\u00e1nt\u00f3f\u00f6ld\u00f6n, z\u00f6lds\u00e9gf\u00e9l\u00e9kn\u00e9l, sz\u0151l\u0151ben: 400-1000 l\/ha, gy\u00fcm\u00f6lcs\u00f6sben: 500-1500 l\/ha<\/li>\n<li>A kezel\u00e9s idej\u00e9n az optim\u00e1lis hOm\u00e9rs\u00e9klet 15-25 \u00b0C.<\/li>\n<li>A t\u00f6k\u00e9letes permetfed\u00e9s \u00e9rdek\u00e9ben fontos finom porlaszt\u00e1s\u00fa f\u00fav\u00f3k\u00e1k haszn\u00e1lata.<\/li>\n<\/ul>\n<p><strong>Tulajdons\u00e1gok:<\/strong><\/p>\n<ul>\n<li><strong>Keverhet\u0151s\u00e9g:<\/strong>\u00a0Valamennyi permetszerrel keverhet\u0151, kiv\u00e9ve a l\u00fagos k\u00e9mhat\u00e1s\u00faakat.<\/li>\n<li><strong>\u00c9lelmez\u00e9seg\u00e9szs\u00e9g\u00fcgyi v\u00e1rakoz\u00e1si id\u0151:\u00a0<\/strong>0 nap.<\/li>\n<li><strong>Forgalmaz\u00e1si kateg\u00f3ria:\u00a0<\/strong>III.<\/li>\n<li><strong>Eltarthat\u00f3s\u00e1g:<\/strong>\u00a0Eredeti z\u00e1rt csomagol\u00e1sban sz\u00e1raz, hiv\u00f6s helyen, napf\u00e9nyt\u0151l v\u00e9dve, szab\u00e1lyos n\u00f6v\u00e9nyv\u00e9d\u0151 szer rakt\u00e1rban 2 \u00e9v.<\/li>\n<\/ul>\n<p><strong>ADAGOL\u00c1S:<\/strong><\/p>\n<p><strong>Adagol\u00e1sa h\u00e1zikertekben:\u00a0<\/strong>10g szer 10l permetl\u00e9hez, kiv\u00e9ve kukorica: 20g 10l permetl\u00e9hez.<\/p>\n<p><strong>Hat\u00e1s:<\/strong><\/p>\n<ul>\n<li>d\u00edszn\u00f6v\u00e9nyek: sz\u00edv\u00f3- \u00e9s r\u00e1g\u00f3k\u00e1rtev\u0151k<\/li>\n<li>alm\u00e1ban: sodr\u00f3molyok, almamoly, akn\u00e1z\u00f3molyok<\/li>\n<li>k\u00f6rt\u00e9ben: sodr\u00f3molyok, almamoly, akn\u00e1z\u00f3molyok<\/li>\n<li>cseresznye, meggy: amerikai feh\u00e9r medvelepke, gy\u00fcm\u00f6lcsmolyok, lombr\u00e1g\u00f3 herny\u00f3k<\/li>\n<li>szilva, kajszi: amerikai feh\u00e9r medvelepke, gy\u00fcm\u00f6lcsmolyok, lombr\u00e1g\u00f3 herny\u00f3k<\/li>\n<li>\u0151szibarack: barackmoly, keleti gy\u00fcm\u00f6lcsmoly<\/li>\n<li>kukorica: gyapottok-bagolylepke, kukoricamoly<\/li>\n<li>sz\u0151l\u0151: sz\u0151l\u0151molyok<\/li>\n<li>paprika: gyapottok-bagolylepke, paradicsommoly<\/li>\n<li>paradicsom, toj\u00e1sgy\u00fcm\u00f6lcs: gyapottok-bagolylepke, paradicsommoly,<\/li>\n<li>uborka, cukkini, bab: gyapottok-bagolylepke, paradicsommoly,<\/li>\n<li>m\u00e1lna, szeder, k\u00f6szm\u00e9te: amerikai feh\u00e9r medvelepke, lombr\u00e1g\u00f3 herny\u00f3k<\/li>\n<li>ribiszke, bodza, szam\u00f3ca: amerikai feh\u00e9r medvelepke, lombr\u00e1g\u00f3 herny\u00f3k<\/li>\n<li>di\u00f3, mandula, mogyor\u00f3, szel\u00edd gesztenye: amerikai feh\u00e9r medvelepke, gy\u00fcm\u00f6lcsmolyok, lombr\u00e1g\u00f3 herny\u00f3k<\/li>\n<\/ul>\n<p align=\"justify\"><a href=\"https:\/\/www.facebook.com\/tajkertesz\">https:\/\/www.facebook.com\/tajkertesz<\/a><\/p>\n<p align=\"justify\"><a href=\"http:\/\/www.tajkertesz.hu\">http:\/\/www.tajkertesz.hu<\/a><\/p>\n<p align=\"justify\"><a href=\"https:\/\/tajkertesz.com\/wp-content\/uploads\/2021\/11\/dipel.pdf\">dipel<\/a><\/p>\n<h3 align=\"justify\">Kiz\u00e1r\u00f3lag szem\u00e9lyes \u00e1tv\u00e9tellel lehets\u00e9ges a term\u00e9k megv\u00e1s\u00e1rl\u00e1sa!<\/h3>\n<p align=\"justify\"><span style=\"color: #ffffff;\">A k\u00e9sz\u00edtm\u00e9nyt a gyep ny\u00edr\u00e1s\u00e1t k\u00f6vet\u0151en, a k\u00e9tszik\u0171 gyomn\u00f6v\u00e9nyek n\u00f6veked\u00e9s\u00e9nek \u00fajb\u00f3li megindul\u00e1sa ut\u00e1n kell kijuttatni 10 l\/ha (100 ml \/ 100 m2) d\u00f3zisban. A kijuttat\u00e1shoz sz\u00fcks\u00e9ges v\u00edzmennyis\u00e9g 10 l \/ 100 m2. A kezel\u00e9sn\u00e9l \u00fcgyelni kell arra, hogy a permetl\u00e9 kult\u00farn\u00f6v\u00e9nyekre ne ker\u00fclj\u00f6n, mert azokat maradand\u00f3an k\u00e1ros\u00edtja.<\/span><\/p>\n<p align=\"justify\"><span style=\"color: #ffffff;\">A k\u00e9sz\u00edtm\u00e9ny alkalmazhat\u00f3 foltkezel\u00e9s \u00e9s teljes fel\u00fcletkezel\u00e9s form\u00e1j\u00e1ban. Egy veget\u00e1ci\u00f3s szakaszban maximum k\u00e9t kezel\u00e9s v\u00e9gezhet\u0151.<\/span><\/p>\n<div align=\"justify\"><\/div>","protected":false},"excerpt":{"rendered":"<h2 style=\"text-align: left;\">DIPEL DF (20G)<\/h2>\n<p>Csak szem\u00e9lyes \u00e1tv\u00e9tellel rendelhet\u0151!<\/p>\n<div id=\"bodyContent\" class=\"mw-body-content\">\n<div id=\"mw-content-text\" class=\"mw-content-ltr\" dir=\"ltr\" lang=\"hu\">\n<div id=\"bodyContent\" class=\"mw-body-content\">\n<div id=\"mw-content-text\" class=\"mw-content-ltr\" dir=\"ltr\" lang=\"hu\">\n<p><b>K\u00e9szlet\u00fcnk napi szinten v\u00e1ltozik, ez\u00e9rt k\u00e9rj\u00fck, \u00e9rdekl\u0151dj\u00f6n szem\u00e9lyesen, telefonon vagy email-en.<\/b><\/p>\n<p>Term\u00e9keinket szem\u00e9lyesen is \u00e1tveheti a h\u00e9t minden napj\u00e1n nyitvatart\u00e1si id\u0151ben!<\/p>\n<p>Kisz\u00e1ll\u00edt\u00e1s: 200 cm \u00e9s 40 kg-ig a sz\u00e1ll\u00edt\u00e1s fut\u00e1rszolg\u00e1lattal t\u00f6rt\u00e9nik.<\/p>\n<\/div>\n<\/div>\n<\/div>\n<\/div>\n<p><b>A v\u00e1ltoztat\u00e1s jog\u00e1t fenntartjuk!\u00a0<\/b><\/p>","protected":false},"featured_media":11663,"template":"","meta":{"_et_pb_use_builder":"","_et_pb_old_content":"","_et_gb_content_width":""},"product_brand":[],"product_cat":[4204,3423],"product_tag":[1486,4744,3393,4332,4135],"class_list":{"0":"post-11662","1":"product","2":"type-product","3":"status-publish","4":"has-post-thumbnail","6":"product_cat-biologiai-novenyvedelem","7":"product_cat-rovarolo-szer","8":"product_tag-bio","9":"product_tag-biocont","10":"product_tag-dipel-df-20g","11":"product_tag-permetszer","12":"product_tag-rovarolo","14":"first","15":"instock","16":"shipping-taxable","17":"purchasable","18":"product-type-simple"},"yoast_head":"<!-- This site is optimized with the Yoast SEO plugin v27.3 - https:\/\/yoast.com\/product\/yoast-seo-wordpress\/ -->\n<title>DIPEL DF (20G) - T\u00e1jkert\u00e9sz<\/title>\n<meta name=\"description\" content=\"DIPEL DF (20G),Szelekt\u00edv, v\u00edzoldhat\u00f3 granul\u00e1tum formul\u00e1ci\u00f3j\u00fa biol\u00f3giai rovar\u00f6l\u0151szer k\u00fcl\u00f6nf\u00e9le k\u00e1rtev\u0151 lepkeherny\u00f3k ellen.\" \/>\n<meta name=\"robots\" content=\"index, follow, max-snippet:-1, max-image-preview:large, max-video-preview:-1\" \/>\n<link rel=\"canonical\" href=\"https:\/\/tajkertesz.com\/en_US\/product\/dipel-df-20g\/\" \/>\n<meta property=\"og:locale\" content=\"en_US\" \/>\n<meta property=\"og:type\" content=\"article\" \/>\n<meta property=\"og:title\" content=\"DIPEL DF (20G) - T\u00e1jkert\u00e9sz\" \/>\n<meta property=\"og:description\" content=\"DIPEL DF (20G),Szelekt\u00edv, v\u00edzoldhat\u00f3 granul\u00e1tum formul\u00e1ci\u00f3j\u00fa biol\u00f3giai rovar\u00f6l\u0151szer k\u00fcl\u00f6nf\u00e9le k\u00e1rtev\u0151 lepkeherny\u00f3k ellen.\" \/>\n<meta property=\"og:url\" content=\"https:\/\/tajkertesz.com\/en_US\/product\/dipel-df-20g\/\" \/>\n<meta property=\"og:site_name\" content=\"T\u00e1jkert\u00e9sz\" \/>\n<meta property=\"article:publisher\" content=\"https:\/\/www.facebook.com\/Tajkertesz\/\" \/>\n<meta property=\"article:modified_time\" content=\"2026-02-18T15:39:11+00:00\" \/>\n<meta property=\"og:image\" content=\"https:\/\/tajkertesz.com\/wp-content\/uploads\/2021\/11\/1552211327_16278_Dipel.jpg\" \/>\n\t<meta property=\"og:image:width\" content=\"900\" \/>\n\t<meta property=\"og:image:height\" content=\"500\" \/>\n\t<meta property=\"og:image:type\" content=\"image\/jpeg\" \/>\n<meta name=\"twitter:card\" content=\"summary_large_image\" \/>\n<meta name=\"twitter:label1\" content=\"Est. reading time\" \/>\n\t<meta name=\"twitter:data1\" content=\"3 minutes\" \/>\n<script type=\"application\/ld+json\" class=\"yoast-schema-graph\">{\"@context\":\"https:\\\/\\\/schema.org\",\"@graph\":[{\"@type\":\"WebPage\",\"@id\":\"https:\\\/\\\/tajkertesz.com\\\/termek\\\/dipel-df-20g\\\/\",\"url\":\"https:\\\/\\\/tajkertesz.com\\\/termek\\\/dipel-df-20g\\\/\",\"name\":\"DIPEL DF (20G) - T\u00e1jkert\u00e9sz\",\"isPartOf\":{\"@id\":\"https:\\\/\\\/tajkertesz.com\\\/#website\"},\"primaryImageOfPage\":{\"@id\":\"https:\\\/\\\/tajkertesz.com\\\/termek\\\/dipel-df-20g\\\/#primaryimage\"},\"image\":{\"@id\":\"https:\\\/\\\/tajkertesz.com\\\/termek\\\/dipel-df-20g\\\/#primaryimage\"},\"thumbnailUrl\":\"https:\\\/\\\/tajkertesz.com\\\/wp-content\\\/uploads\\\/2021\\\/11\\\/1552211327_16278_Dipel.jpg\",\"datePublished\":\"2021-11-24T09:55:36+00:00\",\"dateModified\":\"2026-02-18T15:39:11+00:00\",\"description\":\"DIPEL DF (20G),Szelekt\u00edv, v\u00edzoldhat\u00f3 granul\u00e1tum formul\u00e1ci\u00f3j\u00fa biol\u00f3giai rovar\u00f6l\u0151szer k\u00fcl\u00f6nf\u00e9le k\u00e1rtev\u0151 lepkeherny\u00f3k ellen.\",\"breadcrumb\":{\"@id\":\"https:\\\/\\\/tajkertesz.com\\\/termek\\\/dipel-df-20g\\\/#breadcrumb\"},\"inLanguage\":\"en-US\",\"potentialAction\":[{\"@type\":\"ReadAction\",\"target\":[\"https:\\\/\\\/tajkertesz.com\\\/termek\\\/dipel-df-20g\\\/\"]}]},{\"@type\":\"ImageObject\",\"inLanguage\":\"en-US\",\"@id\":\"https:\\\/\\\/tajkertesz.com\\\/termek\\\/dipel-df-20g\\\/#primaryimage\",\"url\":\"https:\\\/\\\/tajkertesz.com\\\/wp-content\\\/uploads\\\/2021\\\/11\\\/1552211327_16278_Dipel.jpg\",\"contentUrl\":\"https:\\\/\\\/tajkertesz.com\\\/wp-content\\\/uploads\\\/2021\\\/11\\\/1552211327_16278_Dipel.jpg\",\"width\":900,\"height\":500},{\"@type\":\"BreadcrumbList\",\"@id\":\"https:\\\/\\\/tajkertesz.com\\\/termek\\\/dipel-df-20g\\\/#breadcrumb\",\"itemListElement\":[{\"@type\":\"ListItem\",\"position\":1,\"name\":\"Home\",\"item\":\"https:\\\/\\\/tajkertesz.com\\\/\"},{\"@type\":\"ListItem\",\"position\":2,\"name\":\"Kezd\u0151lap\",\"item\":\"https:\\\/\\\/tajkertesz.com\\\/\"},{\"@type\":\"ListItem\",\"position\":3,\"name\":\"DIPEL DF (20G)\"}]},{\"@type\":\"WebSite\",\"@id\":\"https:\\\/\\\/tajkertesz.com\\\/#website\",\"url\":\"https:\\\/\\\/tajkertesz.com\\\/\",\"name\":\"T\u00e1j-Kert\u00e9sz 84 Kft.\",\"description\":\"Kert\u00e9szeti kis- \u00e9s nagykeresked\u00e9s, D\u00edszn\u00f6v\u00e9ny web\u00e1ruh\u00e1z orsz\u00e1gos h\u00e1zhozsz\u00e1ll\u00edt\u00e1ssal!\",\"publisher\":{\"@id\":\"https:\\\/\\\/tajkertesz.com\\\/#organization\"},\"potentialAction\":[{\"@type\":\"SearchAction\",\"target\":{\"@type\":\"EntryPoint\",\"urlTemplate\":\"https:\\\/\\\/tajkertesz.com\\\/?s={search_term_string}\"},\"query-input\":{\"@type\":\"PropertyValueSpecification\",\"valueRequired\":true,\"valueName\":\"search_term_string\"}}],\"inLanguage\":\"en-US\"},{\"@type\":\"Organization\",\"@id\":\"https:\\\/\\\/tajkertesz.com\\\/#organization\",\"name\":\"T\u00e1j-Kert\u00e9sz 84 Kft.\",\"url\":\"https:\\\/\\\/tajkertesz.com\\\/\",\"logo\":{\"@type\":\"ImageObject\",\"inLanguage\":\"en-US\",\"@id\":\"https:\\\/\\\/tajkertesz.com\\\/#\\\/schema\\\/logo\\\/image\\\/\",\"url\":\"https:\\\/\\\/tajkertesz.com\\\/wp-content\\\/uploads\\\/2018\\\/02\\\/logo-2-e1518678052539.png\",\"contentUrl\":\"https:\\\/\\\/tajkertesz.com\\\/wp-content\\\/uploads\\\/2018\\\/02\\\/logo-2-e1518678052539.png\",\"width\":81,\"height\":140,\"caption\":\"T\u00e1j-Kert\u00e9sz 84 Kft.\"},\"image\":{\"@id\":\"https:\\\/\\\/tajkertesz.com\\\/#\\\/schema\\\/logo\\\/image\\\/\"},\"sameAs\":[\"https:\\\/\\\/www.facebook.com\\\/Tajkertesz\\\/\"]}]}<\/script>\n<!-- \/ Yoast SEO plugin. -->","yoast_head_json":{"title":"DIPEL DF (20G) - T\u00e1jkert\u00e9sz","description":"DIPEL DF (20G),Szelekt\u00edv, v\u00edzoldhat\u00f3 granul\u00e1tum formul\u00e1ci\u00f3j\u00fa biol\u00f3giai rovar\u00f6l\u0151szer k\u00fcl\u00f6nf\u00e9le k\u00e1rtev\u0151 lepkeherny\u00f3k ellen.","robots":{"index":"index","follow":"follow","max-snippet":"max-snippet:-1","max-image-preview":"max-image-preview:large","max-video-preview":"max-video-preview:-1"},"canonical":"https:\/\/tajkertesz.com\/en_US\/product\/dipel-df-20g\/","og_locale":"en_US","og_type":"article","og_title":"DIPEL DF (20G) - T\u00e1jkert\u00e9sz","og_description":"DIPEL DF (20G),Szelekt\u00edv, v\u00edzoldhat\u00f3 granul\u00e1tum formul\u00e1ci\u00f3j\u00fa biol\u00f3giai rovar\u00f6l\u0151szer k\u00fcl\u00f6nf\u00e9le k\u00e1rtev\u0151 lepkeherny\u00f3k ellen.","og_url":"https:\/\/tajkertesz.com\/en_US\/product\/dipel-df-20g\/","og_site_name":"T\u00e1jkert\u00e9sz","article_publisher":"https:\/\/www.facebook.com\/Tajkertesz\/","article_modified_time":"2026-02-18T15:39:11+00:00","og_image":[{"width":900,"height":500,"url":"https:\/\/tajkertesz.com\/wp-content\/uploads\/2021\/11\/1552211327_16278_Dipel.jpg","type":"image\/jpeg"}],"twitter_card":"summary_large_image","twitter_misc":{"Est. reading time":"3 minutes"},"schema":{"@context":"https:\/\/schema.org","@graph":[{"@type":"WebPage","@id":"https:\/\/tajkertesz.com\/termek\/dipel-df-20g\/","url":"https:\/\/tajkertesz.com\/termek\/dipel-df-20g\/","name":"DIPEL DF (20G) - T\u00e1jkert\u00e9sz","isPartOf":{"@id":"https:\/\/tajkertesz.com\/#website"},"primaryImageOfPage":{"@id":"https:\/\/tajkertesz.com\/termek\/dipel-df-20g\/#primaryimage"},"image":{"@id":"https:\/\/tajkertesz.com\/termek\/dipel-df-20g\/#primaryimage"},"thumbnailUrl":"https:\/\/tajkertesz.com\/wp-content\/uploads\/2021\/11\/1552211327_16278_Dipel.jpg","datePublished":"2021-11-24T09:55:36+00:00","dateModified":"2026-02-18T15:39:11+00:00","description":"DIPEL DF (20G),Szelekt\u00edv, v\u00edzoldhat\u00f3 granul\u00e1tum formul\u00e1ci\u00f3j\u00fa biol\u00f3giai rovar\u00f6l\u0151szer k\u00fcl\u00f6nf\u00e9le k\u00e1rtev\u0151 lepkeherny\u00f3k ellen.","breadcrumb":{"@id":"https:\/\/tajkertesz.com\/termek\/dipel-df-20g\/#breadcrumb"},"inLanguage":"en-US","potentialAction":[{"@type":"ReadAction","target":["https:\/\/tajkertesz.com\/termek\/dipel-df-20g\/"]}]},{"@type":"ImageObject","inLanguage":"en-US","@id":"https:\/\/tajkertesz.com\/termek\/dipel-df-20g\/#primaryimage","url":"https:\/\/tajkertesz.com\/wp-content\/uploads\/2021\/11\/1552211327_16278_Dipel.jpg","contentUrl":"https:\/\/tajkertesz.com\/wp-content\/uploads\/2021\/11\/1552211327_16278_Dipel.jpg","width":900,"height":500},{"@type":"BreadcrumbList","@id":"https:\/\/tajkertesz.com\/termek\/dipel-df-20g\/#breadcrumb","itemListElement":[{"@type":"ListItem","position":1,"name":"Home","item":"https:\/\/tajkertesz.com\/"},{"@type":"ListItem","position":2,"name":"Kezd\u0151lap","item":"https:\/\/tajkertesz.com\/"},{"@type":"ListItem","position":3,"name":"DIPEL DF (20G)"}]},{"@type":"WebSite","@id":"https:\/\/tajkertesz.com\/#website","url":"https:\/\/tajkertesz.com\/","name":"T\u00e1j-Kert\u00e9sz 84 Kft.","description":"Kert\u00e9szeti kis- \u00e9s nagykeresked\u00e9s, D\u00edszn\u00f6v\u00e9ny web\u00e1ruh\u00e1z orsz\u00e1gos h\u00e1zhozsz\u00e1ll\u00edt\u00e1ssal!","publisher":{"@id":"https:\/\/tajkertesz.com\/#organization"},"potentialAction":[{"@type":"SearchAction","target":{"@type":"EntryPoint","urlTemplate":"https:\/\/tajkertesz.com\/?s={search_term_string}"},"query-input":{"@type":"PropertyValueSpecification","valueRequired":true,"valueName":"search_term_string"}}],"inLanguage":"en-US"},{"@type":"Organization","@id":"https:\/\/tajkertesz.com\/#organization","name":"T\u00e1j-Kert\u00e9sz 84 Kft.","url":"https:\/\/tajkertesz.com\/","logo":{"@type":"ImageObject","inLanguage":"en-US","@id":"https:\/\/tajkertesz.com\/#\/schema\/logo\/image\/","url":"https:\/\/tajkertesz.com\/wp-content\/uploads\/2018\/02\/logo-2-e1518678052539.png","contentUrl":"https:\/\/tajkertesz.com\/wp-content\/uploads\/2018\/02\/logo-2-e1518678052539.png","width":81,"height":140,"caption":"T\u00e1j-Kert\u00e9sz 84 Kft."},"image":{"@id":"https:\/\/tajkertesz.com\/#\/schema\/logo\/image\/"},"sameAs":["https:\/\/www.facebook.com\/Tajkertesz\/"]}]}},"_links":{"self":[{"href":"https:\/\/tajkertesz.com\/en_US\/wp-json\/wp\/v2\/product\/11662","targetHints":{"allow":["GET"]}}],"collection":[{"href":"https:\/\/tajkertesz.com\/en_US\/wp-json\/wp\/v2\/product"}],"about":[{"href":"https:\/\/tajkertesz.com\/en_US\/wp-json\/wp\/v2\/types\/product"}],"wp:featuredmedia":[{"embeddable":true,"href":"https:\/\/tajkertesz.com\/en_US\/wp-json\/wp\/v2\/media\/11663"}],"wp:attachment":[{"href":"https:\/\/tajkertesz.com\/en_US\/wp-json\/wp\/v2\/media?parent=11662"}],"wp:term":[{"taxonomy":"product_brand","embeddable":true,"href":"https:\/\/tajkertesz.com\/en_US\/wp-json\/wp\/v2\/product_brand?post=11662"},{"taxonomy":"product_cat","embeddable":true,"href":"https:\/\/tajkertesz.com\/en_US\/wp-json\/wp\/v2\/product_cat?post=11662"},{"taxonomy":"product_tag","embeddable":true,"href":"https:\/\/tajkertesz.com\/en_US\/wp-json\/wp\/v2\/product_tag?post=11662"}],"curies":[{"name":"wp","href":"https:\/\/api.w.org\/{rel}","templated":true}]}}