{"id":11689,"date":"2021-11-24T10:48:56","date_gmt":"2021-11-24T10:48:56","guid":{"rendered":"https:\/\/tajkertesz.com\/?post_type=product&#038;p=11689"},"modified":"2026-02-18T15:38:40","modified_gmt":"2026-02-18T15:38:40","slug":"bordomix-dg-30g-leveles","status":"publish","type":"product","link":"https:\/\/tajkertesz.com\/en_US\/product\/bordomix-dg-30g-leveles\/","title":{"rendered":"Bord\u00f3mix DG 30g leveles"},"content":{"rendered":"<h3>Bord\u00f3mix DG 30g leveles<\/h3>\n<p>Bord\u00f3mix DG 30g leveles, R\u00e9ztartalm\u00fa gomba\u00f6l\u0151 szer.<\/p>\n<p>H\u00e1zikerti adagol\u00e1sa: 30 g\u00a0\/ 10 liter permetl\u00e9<\/p>\n<p>Hat\u00f3anyag:\u00a020 % r\u00e9z (b\u00e1zikus r\u00e9zszulf\u00e1t)<\/p>\n<p>A k\u00e9sz\u00edtm\u00e9nyt az almaterm\u00e9s\u0171 (alma, k\u00f6rte, birs, naspolya) kult\u00far\u00e1kban a bakt\u00e9riumos \u00e9s<br \/>\ngomb\u00e1s eredet\u0171 betegs\u00e9gek ellen (varasod\u00e1s, mon\u00edlia, \u00e1gelhal\u00e1s, stb.) a tavaszi \u00e9s az \u0151szi<br \/>\nid\u0151szakban, lemos\u00f3 permetez\u00e9s form\u00e1j\u00e1ban javasolt kijuttatni. A t\u0171zelhal\u00e1s \u00e9s varasod\u00e1s ellen<br \/>\nmegel\u0151z\u0151 jelleggel, r\u00fcgyfakad\u00e1st\u00f3l z\u00f6ldbimb\u00f3s \u00e1llapot v\u00e9g\u00e9ig, 2-3 alkalommal kell v\u00e9dekezni. A<br \/>\nkezel\u00e9seket 7-10 napos gyakoris\u00e1ggal, nagy permetl\u00e9mennyis\u00e9ggel v\u00e9gezz\u00fck. A term\u00e9s<br \/>\nviaszosod\u00e1s\u00e1t k\u00f6vet\u0151en a k\u00e9sz\u00edtm\u00e9ny z\u00e1r\u00f3 permetez\u00e9sre \u00fajb\u00f3l felhaszn\u00e1lhat\u00f3 a r\u00e9z\u00e9rz\u00e9kenys\u00e9g, a<br \/>\nperzsel\u00e9si vesz\u00e9ly figyelembe v\u00e9tel\u00e9vel.<\/p>\n<p>A faiskolai alany-, csemete- \u00e9s oltv\u00e1ny-kertekben a t\u0171zelhal\u00e1s elleni v\u00e9dekez\u00e9seket a fert\u0151z\u00e9st<br \/>\nmegel\u0151z\u0151 id\u0151szakban kell elkezdeni. A fert\u0151z\u00e9si helyzet ismeret\u00e9ben a permetez\u00e9seket 14<br \/>\nnaponk\u00e9nt, 2-3 alkalommal, 300-400 l\/ha permetl\u00e9 felhaszn\u00e1l\u00e1s\u00e1val c\u00e9lszer\u0171 elv\u00e9gezni.<br \/>\n\u0150szibarackban tafrin\u00e1s lev\u00e9lfodrosod\u00e1s \u00e9s \u00e1gelhal\u00e1s, kajsziban apiognom\u00f3nia, \u00e1gelhal\u00e1sok \u00e9s<br \/>\nlev\u00e9llyukacsosod\u00e1s ellen a lemos\u00f3 permetez\u00e9seket r\u00fcgyfakad\u00e1st\u00f3l a piros bimb\u00f3s st\u00e1dium v\u00e9g\u00e9ig<br \/>\nlehet folytatni, 2-3 alkalommal, 10-14 napos ism\u00e9tl\u00e9sben. A piros bimb\u00f3s st\u00e1dium ut\u00e1n az<br \/>\n\u0151szibarackfajt\u00e1k r\u00e9z\u00e9rz\u00e9kenys\u00e9ge miatt a k\u00e9sz\u00edtm\u00e9ny tov\u00e1bbi elhaszn\u00e1l\u00e1sa nem megengedett. A<br \/>\nbakt\u00e9riumos \u00e9s gomb\u00e1s eredet\u0171 \u00e1gelhal\u00e1s ellen a kezel\u00e9seket \u0151sszel, a lombhull\u00e1s kezdet\u00e9n<br \/>\njavasolt folytatni.<\/p>\n<p>Szilv\u00e1ban, csereszny\u00e9ben \u00e9s meggyben a gomb\u00e1s betegs\u00e9gek (lev\u00e9llyukacsosod\u00e1s, mon\u00edlia stb.)<br \/>\nellen feh\u00e9rbimb\u00f3s \u00e1llapotban \u00e9s vir\u00e1gz\u00e1s kezdet\u00e9n lehet eredm\u00e9nyesen v\u00e9dekezni. A bakt\u00e9riumos<br \/>\n\u00e9s gomb\u00e1s eredet\u0171 \u00e1gelhal\u00e1sok ellen a kezel\u00e9seket lombhull\u00e1st\u00f3l c\u00e9lszer\u0171 v\u00e9gezni.<br \/>\nSz\u0151l\u0151ben a peronoszp\u00f3ra elleni kezel\u00e9seket az el\u0151rejelz\u00e9sre alapozva, prevent\u00edven kell<br \/>\nelkezdeni, \u00e1ltal\u00e1ban a hajt\u00e1sok 20-25 cm-es \u00e1llapot\u00e1ban. A kezel\u00e9seket a fert\u0151z\u00e9s alakul\u00e1sa<br \/>\nszerint 7-14 naponk\u00e9nt javasolt ism\u00e9telni. J\u00e1rv\u00e1nyos k\u00f6r\u00fclm\u00e9nyek k\u00f6z\u00f6tt a permetez\u00e9seket 7<br \/>\nnaponk\u00e9nti gyakoris\u00e1ggal kell v\u00e9gezni. Sz\u0151l\u0151orb\u00e1nc ellen &#8211; mennyiben a kezdeti fert\u0151z\u00e9sek<br \/>\nkialakultak &#8211; a v\u00e9dekez\u00e9seket m\u00e1r 3-4 leveles \u00e1llapotban c\u00e9lszer\u0171 elkezdeni, majd a<br \/>\nperonoszp\u00f3ra elleni kezel\u00e9sekkel egyidej\u0171leg folytatni.<br \/>\nZ\u00f6lds\u00e9gf\u00e9l\u00e9kben (paprika, paradicsom, kabakosok, bab, bors\u00f3, hagyma) a bakt\u00e9riumos \u00e9s<br \/>\ngomb\u00e1s betegs\u00e9gek ellen (lisztharmat kiv\u00e9tel\u00e9vel) a kezel\u00e9seket az el\u0151rejelz\u00e9s ismeret\u00e9ben,<br \/>\nprevent\u00edven kell elkezdeni, \u00e9s a fert\u0151z\u00e9s alakul\u00e1sa szerint 2-3 alkalommal, 7-14 naponk\u00e9nt<br \/>\nc\u00e9lszer\u0171 ism\u00e9telni. J\u00e1rv\u00e1nyos k\u00f6r\u00fclm\u00e9nyek k\u00f6z\u00f6tt &#8211; k\u00fcl\u00f6n\u00f6sen a paprikaf\u00e9l\u00e9kben &#8211; a v\u00e9dekez\u00e9sek<br \/>\nsz\u00e1m\u00e1t tov\u00e1bbi 2-3 kezel\u00e9ssel javasolt n\u00f6velni.<br \/>\nHagym\u00e1ban, babban \u00e9s bors\u00f3ban a permetl\u00e9 megfelel\u0151 tapad\u00e1sa \u00e9rdek\u00e9ben nedves\u00edt\u0151szer<br \/>\nhozz\u00e1ad\u00e1sa sz\u00fcks\u00e9ges.<br \/>\n04.2\/760-1\/2018. N\u00c9BIH<br \/>\n4<\/p>\n<p>Burgony\u00e1ban a permetez\u00e9seket el\u0151rejelz\u00e9sre alapozva, prevent\u00edv jelleggel kell kezdeni, majd a<br \/>\nfert\u0151z\u00e9si vesz\u00e9ly alakul\u00e1s\u00e1t\u00f3l f\u00fcgg\u0151en, 7-12 naponk\u00e9nt meg kell ism\u00e9telni.<br \/>\nCukorr\u00e9p\u00e1ban a lev\u00e9lbetegs\u00e9gek ellen az els\u0151 v\u00e9dekez\u00e9seket megel\u0151z\u0151 jelleggel, de legk\u00e9s\u0151bb<br \/>\naz els\u0151 t\u00fcnetek megjelen\u00e9sekor meg kell kezdeni, majd a tov\u00e1bbiakban az id\u0151j\u00e1r\u00e1si k\u00f6r\u00fclm\u00e9nyek,<br \/>\nilletve a j\u00e1rv\u00e1nyhelyzet alakul\u00e1s\u00e1t\u00f3l f\u00fcgg\u0151en 7-10 naponk\u00e9nt javasolt megism\u00e9telni.<\/p>\n<table class=\"pxu\" cellspacing=\"0\" cellpadding=\"0\">\n<tbody>\n<tr>\n<th class=\"cn\">Kult\u00fara<\/th>\n<th class=\"pn\">K\u00e1ros\u00edt\u00f3<\/th>\n<th>D\u00f3zis<\/th>\n<th>\u00c9.V.I.<\/th>\n<\/tr>\n<tr>\n<td class=\"cn\">almaterm\u00e9s\u0171ek<\/td>\n<td class=\"pn\">bakt\u00e9riumos \u00e1gelhal\u00e1s, t\u0171zelhal\u00e1s, gombabetegs\u00e9gek<\/td>\n<td>5,0 kg\/ha<\/td>\n<td>10<\/td>\n<\/tr>\n<tr>\n<td class=\"cn\">burgonya<\/td>\n<td class=\"pn\">burgonyav\u00e9sz, altern\u00e1ria<\/td>\n<td>4-5 kg\/ha<\/td>\n<td>7<\/td>\n<\/tr>\n<tr>\n<td class=\"cn\">cukorr\u00e9pa<\/td>\n<td class=\"pn\">gomb\u00e1s betegs\u00e9gek (kiv\u00e9ve lisztharmat)<\/td>\n<td>4-5 kg\/ha<\/td>\n<td>21<\/td>\n<\/tr>\n<tr>\n<td class=\"cn\">kabakosok, z\u00f6ldbab, z\u00f6ldbors\u00f3<\/td>\n<td class=\"pn\">bakt\u00e9riumos betegs\u00e9gek, gomb\u00e1s betegs\u00e9gek (kiv\u00e9ve lisztharmat), aszkohita, peronoszp\u00f3ra, peronoszp\u00f3ra<\/td>\n<td>4-5 kg\/ha<\/td>\n<td>5<\/td>\n<\/tr>\n<tr>\n<td class=\"cn\">\u0151szibarack<\/td>\n<td class=\"pn\">lev\u00e9lfodrosod\u00e1s, lev\u00e9llyukacsosod\u00e1s, bakt\u00e9riumos \u00e1gelhal\u00e1s, gomb\u00e1s \u00e1gelhal\u00e1sok<\/td>\n<td>5 kg\/ha<\/td>\n<td>21<\/td>\n<\/tr>\n<tr>\n<td class=\"cn\">paprika, paradicsom<\/td>\n<td class=\"pn\">bakt\u00e9riumos betegs\u00e9gek, gomb\u00e1s betegs\u00e9gek (kiv\u00e9ve lisztharmat)<\/td>\n<td>4-5 kg\/ha<\/td>\n<td>7<\/td>\n<\/tr>\n<tr>\n<td class=\"cn\">szilva, meggy, cseresznye, kajszibarack<\/td>\n<td class=\"pn\">bakt\u00e9riumos betegs\u00e9gek, lev\u00e9llyukacsosod\u00e1s, mon\u00edlia, v\u00f6r\u00f6sfoltoss\u00e1g, apiognom\u00f3ni\u00e1s lev\u00e9lfoltoss\u00e1g<\/td>\n<td>5,0 kg\/ha<\/td>\n<td>21<\/td>\n<\/tr>\n<tr>\n<td class=\"cn\">sz\u0151l\u0151 (bor)<\/td>\n<td class=\"pn\">peronoszp\u00f3ra, orb\u00e1nc<\/td>\n<td>4-5 kg\/ha<\/td>\n<td>30<\/td>\n<\/tr>\n<tr>\n<td class=\"cn\">sz\u0151l\u0151 (csemege)<\/td>\n<td class=\"pn\">peronoszp\u00f3ra, orb\u00e1nc<\/td>\n<td>4-5 kg\/ha<\/td>\n<td>21<\/td>\n<\/tr>\n<\/tbody>\n<\/table>\n<table class=\"general green\" width=\"500\">\n<tbody>\n<tr>\n<td><strong>Forgalmaz\u00f3:<\/strong><\/td>\n<td><strong>M\u00f3raagro Kft<\/strong><\/td>\n<\/tr>\n<tr>\n<td><strong>Kateg\u00f3ria:<\/strong><\/td>\n<td><strong>Gomba\u00f6l\u0151 szer<\/strong><\/td>\n<\/tr>\n<tr>\n<td><strong>T\u00f6meg:<\/strong><\/td>\n<td><strong>30g<\/strong><\/td>\n<\/tr>\n<tr>\n<td><strong>Forgalmaz\u00e1si kateg\u00f3ria<\/strong><\/td>\n<td><strong>III<\/strong><\/p>\n<p>&nbsp;<\/td>\n<\/tr>\n<\/tbody>\n<\/table>\n<p><strong>Ez a term\u00e9kle\u00edr\u00e1s t\u00e1j\u00e9koztat\u00f3 jelleg\u0171, a k\u00e9sz\u00edtm\u00e9ny felhaszn\u00e1l\u00e1sa el\u0151tt olvassa el a term\u00e9k c\u00edmk\u00e9j\u00e9n tal\u00e1lhat\u00f3 haszn\u00e1lati utas\u00edt\u00e1st!<\/strong><\/p>\n<h4 align=\"justify\"><a href=\"https:\/\/www.facebook.com\/tajkertesz\">https:\/\/www.facebook.com\/tajkertesz<\/a><\/h4>\n<p align=\"justify\"><a href=\"http:\/\/www.tajkertesz.hu\">http:\/\/www.tajkertesz.hu<\/a><\/p>\n<p align=\"justify\"><a href=\"https:\/\/tajkertesz.com\/wp-content\/uploads\/2021\/11\/bordomixdg_mod_20180228.pdf\">bordomixdg_mod_20180228<\/a><\/p>\n<h3 align=\"justify\">Kiz\u00e1r\u00f3lag szem\u00e9lyes \u00e1tv\u00e9tellel lehets\u00e9ges a term\u00e9k megv\u00e1s\u00e1rl\u00e1sa!<\/h3>\n<p align=\"justify\"><span style=\"color: #ffffff;\">A k\u00e9sz\u00edtm\u00e9nyt a gyep ny\u00edr\u00e1s\u00e1t k\u00f6vet\u0151en, a k\u00e9tszik\u0171 gyomn\u00f6v\u00e9nyek n\u00f6veked\u00e9s\u00e9nek \u00fajb\u00f3li megindul\u00e1sa ut\u00e1n kell kijuttatni 10 l\/ha (100 ml \/ 100 m2) d\u00f3zisban. A kijuttat\u00e1shoz sz\u00fcks\u00e9ges v\u00edzmennyis\u00e9g 10 l \/ 100 m2. A kezel\u00e9sn\u00e9l \u00fcgyelni kell arra, hogy a permetl\u00e9 kult\u00farn\u00f6v\u00e9nyekre ne ker\u00fclj\u00f6n, mert azokat maradand\u00f3an k\u00e1ros\u00edtja.<\/span><\/p>\n<p align=\"justify\"><span style=\"color: #ffffff;\">A k\u00e9sz\u00edtm\u00e9ny alkalmazhat\u00f3 foltkezel\u00e9s \u00e9s teljes fel\u00fcletkezel\u00e9s form\u00e1j\u00e1ban. Egy veget\u00e1ci\u00f3s szakaszban maximum k\u00e9t kezel\u00e9s v\u00e9gezhet\u0151.<\/span><\/p>\n<div align=\"justify\"><\/div>","protected":false},"excerpt":{"rendered":"<p style=\"text-align: center;\">Bord\u00f3mix DG 30g leveles<\/p>","protected":false},"featured_media":11691,"template":"","meta":{"_et_pb_use_builder":"","_et_pb_old_content":"","_et_gb_content_width":""},"product_brand":[],"product_cat":[3424],"product_tag":[3401],"class_list":{"0":"post-11689","1":"product","2":"type-product","3":"status-publish","4":"has-post-thumbnail","6":"product_cat-lemoso-permetezoszerek","7":"product_tag-bordomix-dg-30g-leveles","9":"first","10":"instock","11":"shipping-taxable","12":"purchasable","13":"product-type-simple"},"yoast_head":"<!-- This site is optimized with the Yoast SEO plugin v27.4 - https:\/\/yoast.com\/product\/yoast-seo-wordpress\/ -->\n<title>Bord\u00f3mix DG 30g leveles - T\u00e1jkert\u00e9sz<\/title>\n<meta name=\"description\" content=\"Bord\u00f3mix DG 30g leveles\" \/>\n<meta name=\"robots\" content=\"index, follow, max-snippet:-1, max-image-preview:large, max-video-preview:-1\" \/>\n<link rel=\"canonical\" href=\"https:\/\/tajkertesz.com\/en_US\/product\/bordomix-dg-30g-leveles\/\" \/>\n<meta property=\"og:locale\" content=\"en_US\" \/>\n<meta property=\"og:type\" content=\"article\" \/>\n<meta property=\"og:title\" content=\"Bord\u00f3mix DG 30g leveles - T\u00e1jkert\u00e9sz\" \/>\n<meta property=\"og:description\" content=\"Bord\u00f3mix DG 30g leveles\" \/>\n<meta property=\"og:url\" content=\"https:\/\/tajkertesz.com\/en_US\/product\/bordomix-dg-30g-leveles\/\" \/>\n<meta property=\"og:site_name\" content=\"T\u00e1jkert\u00e9sz\" \/>\n<meta property=\"article:publisher\" content=\"https:\/\/www.facebook.com\/Tajkertesz\/\" \/>\n<meta property=\"article:modified_time\" content=\"2026-02-18T15:38:40+00:00\" \/>\n<meta property=\"og:image\" content=\"https:\/\/tajkertesz.com\/wp-content\/uploads\/2021\/11\/bordomix-dg-30g.jpg\" \/>\n\t<meta property=\"og:image:width\" content=\"300\" \/>\n\t<meta property=\"og:image:height\" content=\"300\" \/>\n\t<meta property=\"og:image:type\" content=\"image\/jpeg\" \/>\n<meta name=\"twitter:card\" content=\"summary_large_image\" \/>\n<meta name=\"twitter:label1\" content=\"Est. reading time\" \/>\n\t<meta name=\"twitter:data1\" content=\"4 minutes\" \/>\n<script type=\"application\/ld+json\" class=\"yoast-schema-graph\">{\"@context\":\"https:\\\/\\\/schema.org\",\"@graph\":[{\"@type\":\"WebPage\",\"@id\":\"https:\\\/\\\/tajkertesz.com\\\/termek\\\/bordomix-dg-30g-leveles\\\/\",\"url\":\"https:\\\/\\\/tajkertesz.com\\\/termek\\\/bordomix-dg-30g-leveles\\\/\",\"name\":\"Bord\u00f3mix DG 30g leveles - T\u00e1jkert\u00e9sz\",\"isPartOf\":{\"@id\":\"https:\\\/\\\/tajkertesz.com\\\/#website\"},\"primaryImageOfPage\":{\"@id\":\"https:\\\/\\\/tajkertesz.com\\\/termek\\\/bordomix-dg-30g-leveles\\\/#primaryimage\"},\"image\":{\"@id\":\"https:\\\/\\\/tajkertesz.com\\\/termek\\\/bordomix-dg-30g-leveles\\\/#primaryimage\"},\"thumbnailUrl\":\"https:\\\/\\\/tajkertesz.com\\\/wp-content\\\/uploads\\\/2021\\\/11\\\/bordomix-dg-30g.jpg\",\"datePublished\":\"2021-11-24T10:48:56+00:00\",\"dateModified\":\"2026-02-18T15:38:40+00:00\",\"description\":\"Bord\u00f3mix DG 30g leveles\",\"breadcrumb\":{\"@id\":\"https:\\\/\\\/tajkertesz.com\\\/termek\\\/bordomix-dg-30g-leveles\\\/#breadcrumb\"},\"inLanguage\":\"en-US\",\"potentialAction\":[{\"@type\":\"ReadAction\",\"target\":[\"https:\\\/\\\/tajkertesz.com\\\/termek\\\/bordomix-dg-30g-leveles\\\/\"]}]},{\"@type\":\"ImageObject\",\"inLanguage\":\"en-US\",\"@id\":\"https:\\\/\\\/tajkertesz.com\\\/termek\\\/bordomix-dg-30g-leveles\\\/#primaryimage\",\"url\":\"https:\\\/\\\/tajkertesz.com\\\/wp-content\\\/uploads\\\/2021\\\/11\\\/bordomix-dg-30g.jpg\",\"contentUrl\":\"https:\\\/\\\/tajkertesz.com\\\/wp-content\\\/uploads\\\/2021\\\/11\\\/bordomix-dg-30g.jpg\",\"width\":300,\"height\":300},{\"@type\":\"BreadcrumbList\",\"@id\":\"https:\\\/\\\/tajkertesz.com\\\/termek\\\/bordomix-dg-30g-leveles\\\/#breadcrumb\",\"itemListElement\":[{\"@type\":\"ListItem\",\"position\":1,\"name\":\"Home\",\"item\":\"https:\\\/\\\/tajkertesz.com\\\/\"},{\"@type\":\"ListItem\",\"position\":2,\"name\":\"Kezd\u0151lap\",\"item\":\"https:\\\/\\\/tajkertesz.com\\\/\"},{\"@type\":\"ListItem\",\"position\":3,\"name\":\"Bord\u00f3mix DG 30g leveles\"}]},{\"@type\":\"WebSite\",\"@id\":\"https:\\\/\\\/tajkertesz.com\\\/#website\",\"url\":\"https:\\\/\\\/tajkertesz.com\\\/\",\"name\":\"T\u00e1j-Kert\u00e9sz 84 Kft.\",\"description\":\"Kert\u00e9szeti kis- \u00e9s nagykeresked\u00e9s, D\u00edszn\u00f6v\u00e9ny web\u00e1ruh\u00e1z orsz\u00e1gos h\u00e1zhozsz\u00e1ll\u00edt\u00e1ssal!\",\"publisher\":{\"@id\":\"https:\\\/\\\/tajkertesz.com\\\/#organization\"},\"potentialAction\":[{\"@type\":\"SearchAction\",\"target\":{\"@type\":\"EntryPoint\",\"urlTemplate\":\"https:\\\/\\\/tajkertesz.com\\\/?s={search_term_string}\"},\"query-input\":{\"@type\":\"PropertyValueSpecification\",\"valueRequired\":true,\"valueName\":\"search_term_string\"}}],\"inLanguage\":\"en-US\"},{\"@type\":\"Organization\",\"@id\":\"https:\\\/\\\/tajkertesz.com\\\/#organization\",\"name\":\"T\u00e1j-Kert\u00e9sz 84 Kft.\",\"url\":\"https:\\\/\\\/tajkertesz.com\\\/\",\"logo\":{\"@type\":\"ImageObject\",\"inLanguage\":\"en-US\",\"@id\":\"https:\\\/\\\/tajkertesz.com\\\/#\\\/schema\\\/logo\\\/image\\\/\",\"url\":\"https:\\\/\\\/tajkertesz.com\\\/wp-content\\\/uploads\\\/2018\\\/02\\\/logo-2-e1518678052539.png\",\"contentUrl\":\"https:\\\/\\\/tajkertesz.com\\\/wp-content\\\/uploads\\\/2018\\\/02\\\/logo-2-e1518678052539.png\",\"width\":81,\"height\":140,\"caption\":\"T\u00e1j-Kert\u00e9sz 84 Kft.\"},\"image\":{\"@id\":\"https:\\\/\\\/tajkertesz.com\\\/#\\\/schema\\\/logo\\\/image\\\/\"},\"sameAs\":[\"https:\\\/\\\/www.facebook.com\\\/Tajkertesz\\\/\"]}]}<\/script>\n<!-- \/ Yoast SEO plugin. -->","yoast_head_json":{"title":"Bord\u00f3mix DG 30g leveles - T\u00e1jkert\u00e9sz","description":"Bord\u00f3mix DG 30g leveles","robots":{"index":"index","follow":"follow","max-snippet":"max-snippet:-1","max-image-preview":"max-image-preview:large","max-video-preview":"max-video-preview:-1"},"canonical":"https:\/\/tajkertesz.com\/en_US\/product\/bordomix-dg-30g-leveles\/","og_locale":"en_US","og_type":"article","og_title":"Bord\u00f3mix DG 30g leveles - T\u00e1jkert\u00e9sz","og_description":"Bord\u00f3mix DG 30g leveles","og_url":"https:\/\/tajkertesz.com\/en_US\/product\/bordomix-dg-30g-leveles\/","og_site_name":"T\u00e1jkert\u00e9sz","article_publisher":"https:\/\/www.facebook.com\/Tajkertesz\/","article_modified_time":"2026-02-18T15:38:40+00:00","og_image":[{"width":300,"height":300,"url":"https:\/\/tajkertesz.com\/wp-content\/uploads\/2021\/11\/bordomix-dg-30g.jpg","type":"image\/jpeg"}],"twitter_card":"summary_large_image","twitter_misc":{"Est. reading time":"4 minutes"},"schema":{"@context":"https:\/\/schema.org","@graph":[{"@type":"WebPage","@id":"https:\/\/tajkertesz.com\/termek\/bordomix-dg-30g-leveles\/","url":"https:\/\/tajkertesz.com\/termek\/bordomix-dg-30g-leveles\/","name":"Bord\u00f3mix DG 30g leveles - T\u00e1jkert\u00e9sz","isPartOf":{"@id":"https:\/\/tajkertesz.com\/#website"},"primaryImageOfPage":{"@id":"https:\/\/tajkertesz.com\/termek\/bordomix-dg-30g-leveles\/#primaryimage"},"image":{"@id":"https:\/\/tajkertesz.com\/termek\/bordomix-dg-30g-leveles\/#primaryimage"},"thumbnailUrl":"https:\/\/tajkertesz.com\/wp-content\/uploads\/2021\/11\/bordomix-dg-30g.jpg","datePublished":"2021-11-24T10:48:56+00:00","dateModified":"2026-02-18T15:38:40+00:00","description":"Bord\u00f3mix DG 30g leveles","breadcrumb":{"@id":"https:\/\/tajkertesz.com\/termek\/bordomix-dg-30g-leveles\/#breadcrumb"},"inLanguage":"en-US","potentialAction":[{"@type":"ReadAction","target":["https:\/\/tajkertesz.com\/termek\/bordomix-dg-30g-leveles\/"]}]},{"@type":"ImageObject","inLanguage":"en-US","@id":"https:\/\/tajkertesz.com\/termek\/bordomix-dg-30g-leveles\/#primaryimage","url":"https:\/\/tajkertesz.com\/wp-content\/uploads\/2021\/11\/bordomix-dg-30g.jpg","contentUrl":"https:\/\/tajkertesz.com\/wp-content\/uploads\/2021\/11\/bordomix-dg-30g.jpg","width":300,"height":300},{"@type":"BreadcrumbList","@id":"https:\/\/tajkertesz.com\/termek\/bordomix-dg-30g-leveles\/#breadcrumb","itemListElement":[{"@type":"ListItem","position":1,"name":"Home","item":"https:\/\/tajkertesz.com\/"},{"@type":"ListItem","position":2,"name":"Kezd\u0151lap","item":"https:\/\/tajkertesz.com\/"},{"@type":"ListItem","position":3,"name":"Bord\u00f3mix DG 30g leveles"}]},{"@type":"WebSite","@id":"https:\/\/tajkertesz.com\/#website","url":"https:\/\/tajkertesz.com\/","name":"T\u00e1j-Kert\u00e9sz 84 Kft.","description":"Kert\u00e9szeti kis- \u00e9s nagykeresked\u00e9s, D\u00edszn\u00f6v\u00e9ny web\u00e1ruh\u00e1z orsz\u00e1gos h\u00e1zhozsz\u00e1ll\u00edt\u00e1ssal!","publisher":{"@id":"https:\/\/tajkertesz.com\/#organization"},"potentialAction":[{"@type":"SearchAction","target":{"@type":"EntryPoint","urlTemplate":"https:\/\/tajkertesz.com\/?s={search_term_string}"},"query-input":{"@type":"PropertyValueSpecification","valueRequired":true,"valueName":"search_term_string"}}],"inLanguage":"en-US"},{"@type":"Organization","@id":"https:\/\/tajkertesz.com\/#organization","name":"T\u00e1j-Kert\u00e9sz 84 Kft.","url":"https:\/\/tajkertesz.com\/","logo":{"@type":"ImageObject","inLanguage":"en-US","@id":"https:\/\/tajkertesz.com\/#\/schema\/logo\/image\/","url":"https:\/\/tajkertesz.com\/wp-content\/uploads\/2018\/02\/logo-2-e1518678052539.png","contentUrl":"https:\/\/tajkertesz.com\/wp-content\/uploads\/2018\/02\/logo-2-e1518678052539.png","width":81,"height":140,"caption":"T\u00e1j-Kert\u00e9sz 84 Kft."},"image":{"@id":"https:\/\/tajkertesz.com\/#\/schema\/logo\/image\/"},"sameAs":["https:\/\/www.facebook.com\/Tajkertesz\/"]}]}},"_links":{"self":[{"href":"https:\/\/tajkertesz.com\/en_US\/wp-json\/wp\/v2\/product\/11689","targetHints":{"allow":["GET"]}}],"collection":[{"href":"https:\/\/tajkertesz.com\/en_US\/wp-json\/wp\/v2\/product"}],"about":[{"href":"https:\/\/tajkertesz.com\/en_US\/wp-json\/wp\/v2\/types\/product"}],"wp:featuredmedia":[{"embeddable":true,"href":"https:\/\/tajkertesz.com\/en_US\/wp-json\/wp\/v2\/media\/11691"}],"wp:attachment":[{"href":"https:\/\/tajkertesz.com\/en_US\/wp-json\/wp\/v2\/media?parent=11689"}],"wp:term":[{"taxonomy":"product_brand","embeddable":true,"href":"https:\/\/tajkertesz.com\/en_US\/wp-json\/wp\/v2\/product_brand?post=11689"},{"taxonomy":"product_cat","embeddable":true,"href":"https:\/\/tajkertesz.com\/en_US\/wp-json\/wp\/v2\/product_cat?post=11689"},{"taxonomy":"product_tag","embeddable":true,"href":"https:\/\/tajkertesz.com\/en_US\/wp-json\/wp\/v2\/product_tag?post=11689"}],"curies":[{"name":"wp","href":"https:\/\/api.w.org\/{rel}","templated":true}]}}