{"id":11695,"date":"2021-11-24T10:58:24","date_gmt":"2021-11-24T10:58:24","guid":{"rendered":"https:\/\/tajkertesz.com\/?post_type=product&#038;p=11695"},"modified":"2025-10-07T13:24:28","modified_gmt":"2025-10-07T13:24:28","slug":"cuproxat-fw-200ml","status":"publish","type":"product","link":"https:\/\/tajkertesz.com\/en_US\/product\/cuproxat-fw-200ml\/","title":{"rendered":"CUPROXAT FW (200ML) (II.kateg\u00f3ria)"},"content":{"rendered":"<h1>CUPROXAT FW (200ML)<\/h1>\n<div class=\"product-short-description\"><\/div>\n<p>CUPROXAT FW (200ML), Es\u0151\u00e1ll\u00f3 bakt\u00e9rium- \u00e9s gomba\u00f6l\u0151 szer<\/p>\n<p>II. kateg\u00f3ria<\/p>\n<p align=\"justify\"><strong>JAVASOLT TECHNOL\u00d3GIA:<\/strong><\/p>\n<p align=\"justify\"><strong>Alm\u00e1ban\u00a0<\/strong>a v\u00e9dekez\u00e9seket varasod\u00e1s ellen prevent\u00edv m\u00f3don kell elkezdeni a z\u00f6ldbimb\u00f3s fenol\u00f3giai st\u00e1dium kialakul\u00e1s\u00e1ig.<\/p>\n<p>A ny\u00e1ri id\u00f4szakban a k\u00e9s\u00f4i fert\u00f4z\u00e9sek megel\u00f4z\u00e9se \u00e9rdek\u00e9ben a v\u00e9dekez\u00e9seketaz alma viaszosod\u00e1sa \u00e9s a hajt\u00e1sn\u00f6veked\u00e9s lez\u00e1rul\u00e1sa ut\u00e1n javasolt elkezdeni. A k\u00e9sz\u00edtm\u00e9nyt almaterm\u00e9su kult\u00far\u00e1kban tuzelhal\u00e1sos betegs\u00e9g (Erwinia amylovora) ellen lemos\u00f3 permetez\u00e9ssel, r\u00fcgyfakad\u00e1st\u00f3l a z\u00f6ldbimb\u00f3s \u00e1llapot v\u00e9g\u00e9ig javasolt kijuttatni. A kezel\u00e9seket a tavaszi id\u00f4szakban 2?3 alkalommal, 7?10 naponk\u00e9nti gyakoris\u00e1ggal, nagy l\u00e9mennyis\u00e9ggel (1500 l\/ha) t\u00f6rt\u00e9n\u00f4 kijuttat\u00e1ssal c\u00e9lszeru megism\u00e9telni. A veget\u00e1ci\u00f3 m\u00e1sodik fel\u00e9ben a term\u00e9s viaszosod\u00e1s\u00e1t\u00f3l kezd\u00f4d\u00f4en a bakt\u00e9rium\u00a0\u00a0elleni v\u00e9dekez\u00e9sek a r\u00e9z\u00e9rz\u00e9kenys\u00e9g, illetve a perzsel\u00f4d\u00e9si vesz\u00e9ly figyelembev\u00e9tel\u00e9vel (Golden) folytathat\u00f3k.<\/p>\n<p align=\"justify\">\u00c1llom\u00e1nykezel\u00e9s sor\u00e1n egy\u00e9b gombabetegs\u00e9gek (varasod\u00e1s, lev\u00e9lbetegs\u00e9gek) ellen is kedvez\u00f4 v\u00e9delmet ny\u00fajt. Faiskolai alany-, csemete- \u00e9s oltv\u00e1nykertekben a fert\u00f4z\u00e9st megel\u00f4z\u00f4 id\u00f4szakban 14 naponk\u00e9nt 300?400 l\/ha permetl\u00e9mennyis\u00e9ggel, 2?3 alkalommal elv\u00e9gzett kezel\u00e9sek a fert\u00f4z\u00e9sek ellen j\u00f3 v\u00e9d\u00f4hat\u00e1st ny\u00fajtanak.<\/p>\n<p><strong>Sz\u00f4l\u00f4ben\u00a0<\/strong>a kezel\u00e9seket sz\u00f4l\u00f4peronoszp\u00f3ra ellen vir\u00e1gz\u00e1s el\u00f4tt, 20?25 cm-es hajt\u00e1s\u00e1llapotban el kell kezdeni, majd a fert\u00f4z\u00e9s er\u00f4ss\u00e9g\u00e9t\u00f4l f\u00fcgg\u00f4en 8?12 naponk\u00e9nt megism\u00e9telni.<\/p>\n<p align=\"justify\"><strong>\u00d4szibarackban\u00a0<\/strong>\u00e1gelhal\u00e1s, tafrin\u00e1s lev\u00e9lfodrosod\u00e1s \u00e9s lev\u00e9llyukacsosod\u00e1s ellen, kajsziban apiognom\u00f3nia, \u00e1gelhal\u00e1sok \u00e9s lev\u00e9llyukacsosod\u00e1s ellen a lemos\u00f3 kezel\u00e9seket a nyugalmi \u00e1llapott\u00f3l a pirosbimb\u00f3s st\u00e1diumig 4,0?5,0 l\/ha d\u00f3zisban, 7?10 naponk\u00e9nt javasolt v\u00e9grehajtani a fert\u00f4z\u00e9si vesz\u00e9lyhelyzett\u00f4l f\u00fcgg\u00f4en. \u00d4szibarackban a k\u00e9sz\u00edtm\u00e9ny sziromhull\u00e1s ut\u00e1ni alkalmaz\u00e1sa 0,2?0,25%-os koncentr\u00e1ci\u00f3ban lehets\u00e9ges.A bakt\u00e9riumos \u00e9s gomb\u00e1s eredetu \u00e1gelhal\u00e1sok ellen lombhull\u00e1st\u00f3l tov\u00e1bbi kezel\u00e9sek sz\u00fcks\u00e9gesek. Sziromhull\u00e1s ut\u00e1ni felhaszn\u00e1l\u00e1sa eset\u00e9n egyes fajt\u00e1kon vagy kedvez\u00f4tlen id\u00f4j\u00e1r\u00e1si k\u00f6r\u00fclm\u00e9nyek k\u00f6z\u00f6tt fitotoxikus t\u00fcnetek jelentkezhetnek.<br \/>\n<strong><br \/>\nKajsziban a pirosbimb\u00f3s st\u00e1dium ut\u00e1n, az esetleges r\u00e9z\u00e9rz\u00e9kenys\u00e9g miatt a tov\u00e1bbi felhaszn\u00e1l\u00e1s tilos!<\/strong><\/p>\n<p><strong>Szilv\u00e1ban, meggyben \u00e9s csereszny\u00e9ben\u00a0<\/strong>lev\u00e9llyukacsosod\u00e1s, mon\u00edlia \u00e9s \u00e1gelhal\u00e1sok ellen folyamatosan, a fert\u00f4z\u00e9s alakul\u00e1sa szerint c\u00e9lszeru v\u00e9dekezni. A mon\u00edli\u00e1s vir\u00e1gfert\u00f4z\u00e9ssel szemben a feh\u00e9rbimb\u00f3s \u00e1llapotban \u00e9s a vir\u00e1gz\u00e1s kezdet\u00e9n v\u00e9gzett kezel\u00e9sek az eredm\u00e9nyesek.<\/p>\n<p><strong>Burgony\u00e1ban, paradicsomban, paprik\u00e1ban \u00e9s ubork\u00e1ban\u00a0<\/strong>a kezel\u00e9seket a betegs\u00e9gek megjelen\u00e9sekor kell elkezdeni, \u00e9s a fert\u00f4z\u00e9s er\u00f4ss\u00e9g\u00e9t\u00f4l f\u00fcgg\u00f4en 8?12 naponk\u00e9nt sz\u00fcks\u00e9ges megism\u00e9telni. Burgony\u00e1ban a kezel\u00e9seket fitoft\u00f3r\u00e1s betegs\u00e9g ellen prevent\u00edv m\u00f3don, a sorz\u00e1r\u00f3d\u00e1st\u00f3l kezdve c\u00e9lszeru megkezdeni. Nedves\u00edt\u00f4szer hozz\u00e1ad\u00e1sa n\u00f6veli a hat\u00e9konys\u00e1got.<\/p>\n<div class=\"product-short-description\"><\/div>\n<div>\n<p>&nbsp;<\/p>\n<\/div>\n<p>&nbsp;<\/p>\n<h4 align=\"justify\"><a href=\"https:\/\/www.facebook.com\/tajkertesz\">https:\/\/www.facebook.com\/tajkertesz<\/a><\/h4>\n<p align=\"justify\"><a href=\"http:\/\/www.tajkertesz.hu\">http:\/\/www.tajkertesz.hu<\/a><\/p>\n<p align=\"justify\"><a href=\"https:\/\/tajkertesz.com\/wp-content\/uploads\/2021\/11\/CUPROXAT_FW_200ml_0_2019_05_15_biztonsagi_adatlap.pdf\">CUPROXAT_FW_(200ml)_0_2019_05_15_biztonsagi_adatlap<\/a><\/p>\n<h3 align=\"justify\">Kiz\u00e1r\u00f3lag szem\u00e9lyes \u00e1tv\u00e9tellel lehets\u00e9ges a term\u00e9k megv\u00e1s\u00e1rl\u00e1sa!<\/h3>\n<p align=\"justify\"><span style=\"color: #ffffff;\">A k\u00e9sz\u00edtm\u00e9nyt a gyep ny\u00edr\u00e1s\u00e1t k\u00f6vet\u0151en, a k\u00e9tszik\u0171 gyomn\u00f6v\u00e9nyek n\u00f6veked\u00e9s\u00e9nek \u00fajb\u00f3li megindul\u00e1sa ut\u00e1n kell kijuttatni 10 l\/ha (100 ml \/ 100 m2) d\u00f3zisban. A kijuttat\u00e1shoz sz\u00fcks\u00e9ges v\u00edzmennyis\u00e9g 10 l \/ 100 m2. A kezel\u00e9sn\u00e9l \u00fcgyelni kell arra, hogy a permetl\u00e9 kult\u00farn\u00f6v\u00e9nyekre ne ker\u00fclj\u00f6n, mert azokat maradand\u00f3an k\u00e1ros\u00edtja.<\/span><\/p>\n<p align=\"justify\"><span style=\"color: #ffffff;\">A k\u00e9sz\u00edtm\u00e9ny alkalmazhat\u00f3 foltkezel\u00e9s \u00e9s teljes fel\u00fcletkezel\u00e9s form\u00e1j\u00e1ban. Egy veget\u00e1ci\u00f3s szakaszban maximum k\u00e9t kezel\u00e9s v\u00e9gezhet\u0151.<\/span><\/p>\n<div align=\"justify\"><\/div>","protected":false},"excerpt":{"rendered":"<p style=\"text-align: center;\">CUPROXAT FW (200ML)<\/p>\n<div class=\"product-short-description\"><\/div>","protected":false},"featured_media":11696,"template":"","meta":{"_et_pb_use_builder":"","_et_pb_old_content":"","_et_gb_content_width":""},"product_brand":[],"product_cat":[3421,3424],"product_tag":[3403],"class_list":{"0":"post-11695","1":"product","2":"type-product","3":"status-publish","4":"has-post-thumbnail","6":"product_cat-gombaolo-szer","7":"product_cat-lemoso-permetezoszerek","8":"product_tag-cuproxat-fw-200ml","10":"first","11":"instock","12":"shipping-taxable","13":"purchasable","14":"product-type-simple"},"yoast_head":"<!-- This site is optimized with the Yoast SEO plugin v27.3 - https:\/\/yoast.com\/product\/yoast-seo-wordpress\/ -->\n<title>CUPROXAT FW (200ML) (II.kateg\u00f3ria) - T\u00e1jkert\u00e9sz<\/title>\n<meta name=\"description\" content=\"CUPROXAT FW (200ML)\" \/>\n<meta name=\"robots\" content=\"index, follow, max-snippet:-1, max-image-preview:large, max-video-preview:-1\" \/>\n<link rel=\"canonical\" href=\"https:\/\/tajkertesz.com\/en_US\/product\/cuproxat-fw-200ml\/\" \/>\n<meta property=\"og:locale\" content=\"en_US\" \/>\n<meta property=\"og:type\" content=\"article\" \/>\n<meta property=\"og:title\" content=\"CUPROXAT FW (200ML) (II.kateg\u00f3ria) - T\u00e1jkert\u00e9sz\" \/>\n<meta property=\"og:description\" content=\"CUPROXAT FW (200ML)\" \/>\n<meta property=\"og:url\" content=\"https:\/\/tajkertesz.com\/en_US\/product\/cuproxat-fw-200ml\/\" \/>\n<meta property=\"og:site_name\" content=\"T\u00e1jkert\u00e9sz\" \/>\n<meta property=\"article:publisher\" content=\"https:\/\/www.facebook.com\/Tajkertesz\/\" \/>\n<meta property=\"article:modified_time\" content=\"2025-10-07T13:24:28+00:00\" \/>\n<meta property=\"og:image\" content=\"https:\/\/tajkertesz.com\/wp-content\/uploads\/2021\/11\/1529049862_16876_CUPROXAT_FW__0_2l.jpg\" \/>\n\t<meta property=\"og:image:width\" content=\"540\" \/>\n\t<meta property=\"og:image:height\" content=\"720\" \/>\n\t<meta property=\"og:image:type\" content=\"image\/jpeg\" \/>\n<meta name=\"twitter:card\" content=\"summary_large_image\" \/>\n<meta name=\"twitter:label1\" content=\"Est. reading time\" \/>\n\t<meta name=\"twitter:data1\" content=\"3 minutes\" \/>\n<script type=\"application\/ld+json\" class=\"yoast-schema-graph\">{\"@context\":\"https:\\\/\\\/schema.org\",\"@graph\":[{\"@type\":\"WebPage\",\"@id\":\"https:\\\/\\\/tajkertesz.com\\\/termek\\\/cuproxat-fw-200ml\\\/\",\"url\":\"https:\\\/\\\/tajkertesz.com\\\/termek\\\/cuproxat-fw-200ml\\\/\",\"name\":\"CUPROXAT FW (200ML) (II.kateg\u00f3ria) - T\u00e1jkert\u00e9sz\",\"isPartOf\":{\"@id\":\"https:\\\/\\\/tajkertesz.com\\\/#website\"},\"primaryImageOfPage\":{\"@id\":\"https:\\\/\\\/tajkertesz.com\\\/termek\\\/cuproxat-fw-200ml\\\/#primaryimage\"},\"image\":{\"@id\":\"https:\\\/\\\/tajkertesz.com\\\/termek\\\/cuproxat-fw-200ml\\\/#primaryimage\"},\"thumbnailUrl\":\"https:\\\/\\\/tajkertesz.com\\\/wp-content\\\/uploads\\\/2021\\\/11\\\/1529049862_16876_CUPROXAT_FW__0_2l.jpg\",\"datePublished\":\"2021-11-24T10:58:24+00:00\",\"dateModified\":\"2025-10-07T13:24:28+00:00\",\"description\":\"CUPROXAT FW (200ML)\",\"breadcrumb\":{\"@id\":\"https:\\\/\\\/tajkertesz.com\\\/termek\\\/cuproxat-fw-200ml\\\/#breadcrumb\"},\"inLanguage\":\"en-US\",\"potentialAction\":[{\"@type\":\"ReadAction\",\"target\":[\"https:\\\/\\\/tajkertesz.com\\\/termek\\\/cuproxat-fw-200ml\\\/\"]}]},{\"@type\":\"ImageObject\",\"inLanguage\":\"en-US\",\"@id\":\"https:\\\/\\\/tajkertesz.com\\\/termek\\\/cuproxat-fw-200ml\\\/#primaryimage\",\"url\":\"https:\\\/\\\/tajkertesz.com\\\/wp-content\\\/uploads\\\/2021\\\/11\\\/1529049862_16876_CUPROXAT_FW__0_2l.jpg\",\"contentUrl\":\"https:\\\/\\\/tajkertesz.com\\\/wp-content\\\/uploads\\\/2021\\\/11\\\/1529049862_16876_CUPROXAT_FW__0_2l.jpg\",\"width\":540,\"height\":720},{\"@type\":\"BreadcrumbList\",\"@id\":\"https:\\\/\\\/tajkertesz.com\\\/termek\\\/cuproxat-fw-200ml\\\/#breadcrumb\",\"itemListElement\":[{\"@type\":\"ListItem\",\"position\":1,\"name\":\"Home\",\"item\":\"https:\\\/\\\/tajkertesz.com\\\/\"},{\"@type\":\"ListItem\",\"position\":2,\"name\":\"Kezd\u0151lap\",\"item\":\"https:\\\/\\\/tajkertesz.com\\\/\"},{\"@type\":\"ListItem\",\"position\":3,\"name\":\"CUPROXAT FW (200ML) (II.kateg\u00f3ria)\"}]},{\"@type\":\"WebSite\",\"@id\":\"https:\\\/\\\/tajkertesz.com\\\/#website\",\"url\":\"https:\\\/\\\/tajkertesz.com\\\/\",\"name\":\"T\u00e1j-Kert\u00e9sz 84 Kft.\",\"description\":\"Kert\u00e9szeti kis- \u00e9s nagykeresked\u00e9s, D\u00edszn\u00f6v\u00e9ny web\u00e1ruh\u00e1z orsz\u00e1gos h\u00e1zhozsz\u00e1ll\u00edt\u00e1ssal!\",\"publisher\":{\"@id\":\"https:\\\/\\\/tajkertesz.com\\\/#organization\"},\"potentialAction\":[{\"@type\":\"SearchAction\",\"target\":{\"@type\":\"EntryPoint\",\"urlTemplate\":\"https:\\\/\\\/tajkertesz.com\\\/?s={search_term_string}\"},\"query-input\":{\"@type\":\"PropertyValueSpecification\",\"valueRequired\":true,\"valueName\":\"search_term_string\"}}],\"inLanguage\":\"en-US\"},{\"@type\":\"Organization\",\"@id\":\"https:\\\/\\\/tajkertesz.com\\\/#organization\",\"name\":\"T\u00e1j-Kert\u00e9sz 84 Kft.\",\"url\":\"https:\\\/\\\/tajkertesz.com\\\/\",\"logo\":{\"@type\":\"ImageObject\",\"inLanguage\":\"en-US\",\"@id\":\"https:\\\/\\\/tajkertesz.com\\\/#\\\/schema\\\/logo\\\/image\\\/\",\"url\":\"https:\\\/\\\/tajkertesz.com\\\/wp-content\\\/uploads\\\/2018\\\/02\\\/logo-2-e1518678052539.png\",\"contentUrl\":\"https:\\\/\\\/tajkertesz.com\\\/wp-content\\\/uploads\\\/2018\\\/02\\\/logo-2-e1518678052539.png\",\"width\":81,\"height\":140,\"caption\":\"T\u00e1j-Kert\u00e9sz 84 Kft.\"},\"image\":{\"@id\":\"https:\\\/\\\/tajkertesz.com\\\/#\\\/schema\\\/logo\\\/image\\\/\"},\"sameAs\":[\"https:\\\/\\\/www.facebook.com\\\/Tajkertesz\\\/\"]}]}<\/script>\n<!-- \/ Yoast SEO plugin. -->","yoast_head_json":{"title":"CUPROXAT FW (200ML) (II.kateg\u00f3ria) - T\u00e1jkert\u00e9sz","description":"CUPROXAT FW (200ML)","robots":{"index":"index","follow":"follow","max-snippet":"max-snippet:-1","max-image-preview":"max-image-preview:large","max-video-preview":"max-video-preview:-1"},"canonical":"https:\/\/tajkertesz.com\/en_US\/product\/cuproxat-fw-200ml\/","og_locale":"en_US","og_type":"article","og_title":"CUPROXAT FW (200ML) (II.kateg\u00f3ria) - T\u00e1jkert\u00e9sz","og_description":"CUPROXAT FW (200ML)","og_url":"https:\/\/tajkertesz.com\/en_US\/product\/cuproxat-fw-200ml\/","og_site_name":"T\u00e1jkert\u00e9sz","article_publisher":"https:\/\/www.facebook.com\/Tajkertesz\/","article_modified_time":"2025-10-07T13:24:28+00:00","og_image":[{"width":540,"height":720,"url":"https:\/\/tajkertesz.com\/wp-content\/uploads\/2021\/11\/1529049862_16876_CUPROXAT_FW__0_2l.jpg","type":"image\/jpeg"}],"twitter_card":"summary_large_image","twitter_misc":{"Est. reading time":"3 minutes"},"schema":{"@context":"https:\/\/schema.org","@graph":[{"@type":"WebPage","@id":"https:\/\/tajkertesz.com\/termek\/cuproxat-fw-200ml\/","url":"https:\/\/tajkertesz.com\/termek\/cuproxat-fw-200ml\/","name":"CUPROXAT FW (200ML) (II.kateg\u00f3ria) - T\u00e1jkert\u00e9sz","isPartOf":{"@id":"https:\/\/tajkertesz.com\/#website"},"primaryImageOfPage":{"@id":"https:\/\/tajkertesz.com\/termek\/cuproxat-fw-200ml\/#primaryimage"},"image":{"@id":"https:\/\/tajkertesz.com\/termek\/cuproxat-fw-200ml\/#primaryimage"},"thumbnailUrl":"https:\/\/tajkertesz.com\/wp-content\/uploads\/2021\/11\/1529049862_16876_CUPROXAT_FW__0_2l.jpg","datePublished":"2021-11-24T10:58:24+00:00","dateModified":"2025-10-07T13:24:28+00:00","description":"CUPROXAT FW (200ML)","breadcrumb":{"@id":"https:\/\/tajkertesz.com\/termek\/cuproxat-fw-200ml\/#breadcrumb"},"inLanguage":"en-US","potentialAction":[{"@type":"ReadAction","target":["https:\/\/tajkertesz.com\/termek\/cuproxat-fw-200ml\/"]}]},{"@type":"ImageObject","inLanguage":"en-US","@id":"https:\/\/tajkertesz.com\/termek\/cuproxat-fw-200ml\/#primaryimage","url":"https:\/\/tajkertesz.com\/wp-content\/uploads\/2021\/11\/1529049862_16876_CUPROXAT_FW__0_2l.jpg","contentUrl":"https:\/\/tajkertesz.com\/wp-content\/uploads\/2021\/11\/1529049862_16876_CUPROXAT_FW__0_2l.jpg","width":540,"height":720},{"@type":"BreadcrumbList","@id":"https:\/\/tajkertesz.com\/termek\/cuproxat-fw-200ml\/#breadcrumb","itemListElement":[{"@type":"ListItem","position":1,"name":"Home","item":"https:\/\/tajkertesz.com\/"},{"@type":"ListItem","position":2,"name":"Kezd\u0151lap","item":"https:\/\/tajkertesz.com\/"},{"@type":"ListItem","position":3,"name":"CUPROXAT FW (200ML) (II.kateg\u00f3ria)"}]},{"@type":"WebSite","@id":"https:\/\/tajkertesz.com\/#website","url":"https:\/\/tajkertesz.com\/","name":"T\u00e1j-Kert\u00e9sz 84 Kft.","description":"Kert\u00e9szeti kis- \u00e9s nagykeresked\u00e9s, D\u00edszn\u00f6v\u00e9ny web\u00e1ruh\u00e1z orsz\u00e1gos h\u00e1zhozsz\u00e1ll\u00edt\u00e1ssal!","publisher":{"@id":"https:\/\/tajkertesz.com\/#organization"},"potentialAction":[{"@type":"SearchAction","target":{"@type":"EntryPoint","urlTemplate":"https:\/\/tajkertesz.com\/?s={search_term_string}"},"query-input":{"@type":"PropertyValueSpecification","valueRequired":true,"valueName":"search_term_string"}}],"inLanguage":"en-US"},{"@type":"Organization","@id":"https:\/\/tajkertesz.com\/#organization","name":"T\u00e1j-Kert\u00e9sz 84 Kft.","url":"https:\/\/tajkertesz.com\/","logo":{"@type":"ImageObject","inLanguage":"en-US","@id":"https:\/\/tajkertesz.com\/#\/schema\/logo\/image\/","url":"https:\/\/tajkertesz.com\/wp-content\/uploads\/2018\/02\/logo-2-e1518678052539.png","contentUrl":"https:\/\/tajkertesz.com\/wp-content\/uploads\/2018\/02\/logo-2-e1518678052539.png","width":81,"height":140,"caption":"T\u00e1j-Kert\u00e9sz 84 Kft."},"image":{"@id":"https:\/\/tajkertesz.com\/#\/schema\/logo\/image\/"},"sameAs":["https:\/\/www.facebook.com\/Tajkertesz\/"]}]}},"_links":{"self":[{"href":"https:\/\/tajkertesz.com\/en_US\/wp-json\/wp\/v2\/product\/11695","targetHints":{"allow":["GET"]}}],"collection":[{"href":"https:\/\/tajkertesz.com\/en_US\/wp-json\/wp\/v2\/product"}],"about":[{"href":"https:\/\/tajkertesz.com\/en_US\/wp-json\/wp\/v2\/types\/product"}],"wp:featuredmedia":[{"embeddable":true,"href":"https:\/\/tajkertesz.com\/en_US\/wp-json\/wp\/v2\/media\/11696"}],"wp:attachment":[{"href":"https:\/\/tajkertesz.com\/en_US\/wp-json\/wp\/v2\/media?parent=11695"}],"wp:term":[{"taxonomy":"product_brand","embeddable":true,"href":"https:\/\/tajkertesz.com\/en_US\/wp-json\/wp\/v2\/product_brand?post=11695"},{"taxonomy":"product_cat","embeddable":true,"href":"https:\/\/tajkertesz.com\/en_US\/wp-json\/wp\/v2\/product_cat?post=11695"},{"taxonomy":"product_tag","embeddable":true,"href":"https:\/\/tajkertesz.com\/en_US\/wp-json\/wp\/v2\/product_tag?post=11695"}],"curies":[{"name":"wp","href":"https:\/\/api.w.org\/{rel}","templated":true}]}}